{"id":35914,"date":"2025-08-24T13:37:05","date_gmt":"2025-08-24T11:37:05","guid":{"rendered":"https:\/\/fedrs.eu\/shop\/fedrs-energy-energy-drink\/"},"modified":"2025-08-29T09:06:37","modified_gmt":"2025-08-29T07:06:37","slug":"fedrs-energy-energy-drink","status":"publish","type":"product","link":"https:\/\/fedrs.eu\/pl\/shop\/fedrs-energy-energy-drink\/","title":{"rendered":"Fedrs Energy Energy Drink"},"content":{"rendered":"<p><span data-sheets-root=\"1\">To nie jest nap\u00f3j energetyczny, to funkcjonalne narz\u0119dzie umys\u0142owe. Zaprojektowany z subtelnym smakiem i wysokowydajn\u0105 formu\u0142\u0105, ta saszetka \u0142\u0105czy w sobie kofein\u0119 dla mocy, L-teanin\u0119 dla spokojnej kontroli i B3 dla zoptymalizowanej produkcji energii i zdrowia m\u00f3zgu. <\/span><\/p>\n<p>Idealny dla tw\u00f3rc\u00f3w, analityk\u00f3w, koder\u00f3w i decydent\u00f3w.<\/p>\n<p>Prosz\u0119 wrzuci\u0107 go do torby lub szuflady biurka. Prosz\u0119 z niego korzysta\u0107 przed wa\u017cnymi rozmowami telefonicznymi, podczas intensywnej pracy lub przy zmianie zada\u0144.<br \/>\nPodczas gdy inni czekaj\u0105 w kolejce po kofein\u0119, Pan ju\u017c j\u0105 aktywowa\u0142.<\/p>\n","protected":false},"excerpt":{"rendered":"<p>To nie jest nap\u00f3j energetyczny, to funkcjonalne narz\u0119dzie umys\u0142owe. Zaprojektowany z subtelnym smakiem i wysokowydajn\u0105 formu\u0142\u0105, ta saszetka \u0142\u0105czy w sobie kofein\u0119 dla mocy, L-teanin\u0119 dla<span class=\"excerpt-hellip\"> [\u2026]<\/span><\/p>\n","protected":false},"featured_media":35906,"comment_status":"open","ping_status":"closed","template":"","meta":{"googlesitekit_rrm_CAowmrG7DA:productID":""},"product_brand":[],"product_cat":[586,584,808],"product_tag":[],"class_list":{"0":"post-35914","1":"product","2":"type-product","3":"status-publish","4":"has-post-thumbnail","6":"product_cat-napoje","7":"product_cat-nowosc","8":"product_cat-saszetki-energetyczne","10":"first","11":"instock","12":"taxable","13":"shipping-taxable","14":"product-type-variable","15":"has-default-attributes"},"yoast_head":"<!-- This site is optimized with the Yoast SEO Premium plugin v26.5 (Yoast SEO v27.3) - https:\/\/yoast.com\/product\/yoast-seo-premium-wordpress\/ -->\n<title>Fedrs Energy Clarity - saszetka Clean Focus<\/title>\n<meta name=\"description\" content=\"Lekki smak + kofeina, teanina i witamina B3. Zwi\u0119ksza sprawno\u015b\u0107 umys\u0142ow\u0105 w dowolnym momencie - bez cukru, bez dr\u017cenia.\" \/>\n<meta name=\"robots\" content=\"index, follow, max-snippet:-1, max-image-preview:large, max-video-preview:-1\" \/>\n<link rel=\"canonical\" href=\"https:\/\/fedrs.eu\/pl\/shop\/fedrs-energy-energy-drink\/\" \/>\n<meta property=\"og:locale\" content=\"pl_PL\" \/>\n<meta property=\"og:type\" content=\"article\" \/>\n<meta property=\"og:title\" content=\"Fedrs Energy Energy Drink\" \/>\n<meta property=\"og:description\" content=\"Lekki smak + kofeina, teanina i witamina B3. Zwi\u0119ksza sprawno\u015b\u0107 umys\u0142ow\u0105 w dowolnym momencie - bez cukru, bez dr\u017cenia.\" \/>\n<meta property=\"og:url\" content=\"https:\/\/fedrs.eu\/pl\/shop\/fedrs-energy-energy-drink\/\" \/>\n<meta property=\"og:site_name\" content=\"fedrs.eu\" \/>\n<meta property=\"article:modified_time\" content=\"2025-08-29T07:06:37+00:00\" \/>\n<meta property=\"og:image\" content=\"https:\/\/fedrs.eu\/wp-content\/uploads\/2025\/08\/ENERGY_ENERGY_DRINK_02-min.png\" \/>\n\t<meta property=\"og:image:width\" content=\"1200\" \/>\n\t<meta property=\"og:image:height\" content=\"1200\" \/>\n\t<meta property=\"og:image:type\" content=\"image\/png\" \/>\n<meta name=\"twitter:card\" content=\"summary_large_image\" \/>\n<meta name=\"twitter:label1\" content=\"Dost\u0119pno\u015b\u0107\" \/>\n\t<meta name=\"twitter:data1\" content=\"Dost\u0119pny\" \/>\n<script type=\"application\/ld+json\" class=\"yoast-schema-graph\">{\"@context\":\"https:\\\/\\\/schema.org\",\"@graph\":[{\"@type\":\"WebPage\",\"@id\":\"https:\\\/\\\/fedrs.eu\\\/pl\\\/shop\\\/fedrs-energy-energy-drink\\\/\",\"url\":\"https:\\\/\\\/fedrs.eu\\\/pl\\\/shop\\\/fedrs-energy-energy-drink\\\/\",\"name\":\"Fedrs Energy Clarity - saszetka Clean Focus\",\"isPartOf\":{\"@id\":\"https:\\\/\\\/fedrs.eu\\\/pl\\\/#website\"},\"primaryImageOfPage\":{\"@id\":\"https:\\\/\\\/fedrs.eu\\\/pl\\\/shop\\\/fedrs-energy-energy-drink\\\/#primaryimage\"},\"image\":{\"@id\":\"https:\\\/\\\/fedrs.eu\\\/pl\\\/shop\\\/fedrs-energy-energy-drink\\\/#primaryimage\"},\"thumbnailUrl\":\"https:\\\/\\\/fedrs.eu\\\/wp-content\\\/uploads\\\/2025\\\/08\\\/ENERGY_ENERGY_DRINK_02-min.png\",\"datePublished\":\"2025-08-24T11:37:05+00:00\",\"dateModified\":\"2025-08-29T07:06:37+00:00\",\"description\":\"Lekki smak + kofeina, teanina i witamina B3. Zwi\u0119ksza sprawno\u015b\u0107 umys\u0142ow\u0105 w dowolnym momencie - bez cukru, bez dr\u017cenia.\",\"breadcrumb\":{\"@id\":\"https:\\\/\\\/fedrs.eu\\\/pl\\\/shop\\\/fedrs-energy-energy-drink\\\/#breadcrumb\"},\"inLanguage\":\"pl-PL\",\"potentialAction\":[{\"@type\":\"ReadAction\",\"target\":[\"https:\\\/\\\/fedrs.eu\\\/pl\\\/shop\\\/fedrs-energy-energy-drink\\\/\"]}]},{\"@type\":\"ImageObject\",\"inLanguage\":\"pl-PL\",\"@id\":\"https:\\\/\\\/fedrs.eu\\\/pl\\\/shop\\\/fedrs-energy-energy-drink\\\/#primaryimage\",\"url\":\"https:\\\/\\\/fedrs.eu\\\/wp-content\\\/uploads\\\/2025\\\/08\\\/ENERGY_ENERGY_DRINK_02-min.png\",\"contentUrl\":\"https:\\\/\\\/fedrs.eu\\\/wp-content\\\/uploads\\\/2025\\\/08\\\/ENERGY_ENERGY_DRINK_02-min.png\",\"width\":1200,\"height\":1200},{\"@type\":\"BreadcrumbList\",\"@id\":\"https:\\\/\\\/fedrs.eu\\\/pl\\\/shop\\\/fedrs-energy-energy-drink\\\/#breadcrumb\",\"itemListElement\":[{\"@type\":\"ListItem\",\"position\":1,\"name\":\"Strona g\u0142\u00f3wna\",\"item\":\"https:\\\/\\\/fedrs.eu\\\/pl\\\/\"},{\"@type\":\"ListItem\",\"position\":2,\"name\":\"Sklep\",\"item\":\"https:\\\/\\\/fedrs.eu\\\/pl\\\/shop\\\/\"},{\"@type\":\"ListItem\",\"position\":3,\"name\":\"Fedrs Energy Energy Drink\"}]},{\"@type\":\"WebSite\",\"@id\":\"https:\\\/\\\/fedrs.eu\\\/pl\\\/#website\",\"url\":\"https:\\\/\\\/fedrs.eu\\\/pl\\\/\",\"name\":\"fedrs.eu\",\"description\":\"\",\"publisher\":{\"@id\":\"https:\\\/\\\/fedrs.eu\\\/pl\\\/#organization\"},\"potentialAction\":[{\"@type\":\"SearchAction\",\"target\":{\"@type\":\"EntryPoint\",\"urlTemplate\":\"https:\\\/\\\/fedrs.eu\\\/pl\\\/?s={search_term_string}\"},\"query-input\":{\"@type\":\"PropertyValueSpecification\",\"valueRequired\":true,\"valueName\":\"search_term_string\"}}],\"inLanguage\":\"pl-PL\"},{\"@type\":\"Organization\",\"@id\":\"https:\\\/\\\/fedrs.eu\\\/pl\\\/#organization\",\"name\":\"Fedrs sp.z o.o\",\"url\":\"https:\\\/\\\/fedrs.eu\\\/pl\\\/\",\"logo\":{\"@type\":\"ImageObject\",\"inLanguage\":\"pl-PL\",\"@id\":\"https:\\\/\\\/fedrs.eu\\\/pl\\\/#\\\/schema\\\/logo\\\/image\\\/\",\"url\":\"https:\\\/\\\/fedrs.eu\\\/wp-content\\\/uploads\\\/2024\\\/12\\\/image-52.png\",\"contentUrl\":\"https:\\\/\\\/fedrs.eu\\\/wp-content\\\/uploads\\\/2024\\\/12\\\/image-52.png\",\"width\":97,\"height\":30,\"caption\":\"Fedrs sp.z o.o\"},\"image\":{\"@id\":\"https:\\\/\\\/fedrs.eu\\\/pl\\\/#\\\/schema\\\/logo\\\/image\\\/\"},\"publishingPrinciples\":\"https:\\\/\\\/fedrs.eu\\\/terms-and-conditions\\\/\"}]}<\/script>\n<meta property=\"product:brand\" content=\"Fedrs Energy\" \/>\n<meta property=\"og:availability\" content=\"instock\" \/>\n<meta property=\"product:availability\" content=\"instock\" \/>\n<meta property=\"product:condition\" content=\"new\" \/>\n<!-- \/ Yoast SEO Premium plugin. -->","yoast_head_json":{"title":"Fedrs Energy Clarity - saszetka Clean Focus","description":"Lekki smak + kofeina, teanina i witamina B3. Zwi\u0119ksza sprawno\u015b\u0107 umys\u0142ow\u0105 w dowolnym momencie - bez cukru, bez dr\u017cenia.","robots":{"index":"index","follow":"follow","max-snippet":"max-snippet:-1","max-image-preview":"max-image-preview:large","max-video-preview":"max-video-preview:-1"},"canonical":"https:\/\/fedrs.eu\/pl\/shop\/fedrs-energy-energy-drink\/","og_locale":"pl_PL","og_type":"article","og_title":"Fedrs Energy Energy Drink","og_description":"Lekki smak + kofeina, teanina i witamina B3. Zwi\u0119ksza sprawno\u015b\u0107 umys\u0142ow\u0105 w dowolnym momencie - bez cukru, bez dr\u017cenia.","og_url":"https:\/\/fedrs.eu\/pl\/shop\/fedrs-energy-energy-drink\/","og_site_name":"fedrs.eu","article_modified_time":"2025-08-29T07:06:37+00:00","og_image":[{"width":1200,"height":1200,"url":"https:\/\/fedrs.eu\/wp-content\/uploads\/2025\/08\/ENERGY_ENERGY_DRINK_02-min.png","type":"image\/png"}],"twitter_card":"summary_large_image","twitter_misc":{"Dost\u0119pno\u015b\u0107":"Dost\u0119pny"},"schema":{"@context":"https:\/\/schema.org","@graph":[{"@type":"WebPage","@id":"https:\/\/fedrs.eu\/pl\/shop\/fedrs-energy-energy-drink\/","url":"https:\/\/fedrs.eu\/pl\/shop\/fedrs-energy-energy-drink\/","name":"Fedrs Energy Clarity - saszetka Clean Focus","isPartOf":{"@id":"https:\/\/fedrs.eu\/pl\/#website"},"primaryImageOfPage":{"@id":"https:\/\/fedrs.eu\/pl\/shop\/fedrs-energy-energy-drink\/#primaryimage"},"image":{"@id":"https:\/\/fedrs.eu\/pl\/shop\/fedrs-energy-energy-drink\/#primaryimage"},"thumbnailUrl":"https:\/\/fedrs.eu\/wp-content\/uploads\/2025\/08\/ENERGY_ENERGY_DRINK_02-min.png","datePublished":"2025-08-24T11:37:05+00:00","dateModified":"2025-08-29T07:06:37+00:00","description":"Lekki smak + kofeina, teanina i witamina B3. Zwi\u0119ksza sprawno\u015b\u0107 umys\u0142ow\u0105 w dowolnym momencie - bez cukru, bez dr\u017cenia.","breadcrumb":{"@id":"https:\/\/fedrs.eu\/pl\/shop\/fedrs-energy-energy-drink\/#breadcrumb"},"inLanguage":"pl-PL","potentialAction":[{"@type":"ReadAction","target":["https:\/\/fedrs.eu\/pl\/shop\/fedrs-energy-energy-drink\/"]}]},{"@type":"ImageObject","inLanguage":"pl-PL","@id":"https:\/\/fedrs.eu\/pl\/shop\/fedrs-energy-energy-drink\/#primaryimage","url":"https:\/\/fedrs.eu\/wp-content\/uploads\/2025\/08\/ENERGY_ENERGY_DRINK_02-min.png","contentUrl":"https:\/\/fedrs.eu\/wp-content\/uploads\/2025\/08\/ENERGY_ENERGY_DRINK_02-min.png","width":1200,"height":1200},{"@type":"BreadcrumbList","@id":"https:\/\/fedrs.eu\/pl\/shop\/fedrs-energy-energy-drink\/#breadcrumb","itemListElement":[{"@type":"ListItem","position":1,"name":"Strona g\u0142\u00f3wna","item":"https:\/\/fedrs.eu\/pl\/"},{"@type":"ListItem","position":2,"name":"Sklep","item":"https:\/\/fedrs.eu\/pl\/shop\/"},{"@type":"ListItem","position":3,"name":"Fedrs Energy Energy Drink"}]},{"@type":"WebSite","@id":"https:\/\/fedrs.eu\/pl\/#website","url":"https:\/\/fedrs.eu\/pl\/","name":"fedrs.eu","description":"","publisher":{"@id":"https:\/\/fedrs.eu\/pl\/#organization"},"potentialAction":[{"@type":"SearchAction","target":{"@type":"EntryPoint","urlTemplate":"https:\/\/fedrs.eu\/pl\/?s={search_term_string}"},"query-input":{"@type":"PropertyValueSpecification","valueRequired":true,"valueName":"search_term_string"}}],"inLanguage":"pl-PL"},{"@type":"Organization","@id":"https:\/\/fedrs.eu\/pl\/#organization","name":"Fedrs sp.z o.o","url":"https:\/\/fedrs.eu\/pl\/","logo":{"@type":"ImageObject","inLanguage":"pl-PL","@id":"https:\/\/fedrs.eu\/pl\/#\/schema\/logo\/image\/","url":"https:\/\/fedrs.eu\/wp-content\/uploads\/2024\/12\/image-52.png","contentUrl":"https:\/\/fedrs.eu\/wp-content\/uploads\/2024\/12\/image-52.png","width":97,"height":30,"caption":"Fedrs sp.z o.o"},"image":{"@id":"https:\/\/fedrs.eu\/pl\/#\/schema\/logo\/image\/"},"publishingPrinciples":"https:\/\/fedrs.eu\/terms-and-conditions\/"}]},"product_brand":"Fedrs Energy","og_availability":"instock","product_availability":"instock","product_condition":"new"},"_links":{"self":[{"href":"https:\/\/fedrs.eu\/pl\/wp-json\/wp\/v2\/product\/35914","targetHints":{"allow":["GET"]}}],"collection":[{"href":"https:\/\/fedrs.eu\/pl\/wp-json\/wp\/v2\/product"}],"about":[{"href":"https:\/\/fedrs.eu\/pl\/wp-json\/wp\/v2\/types\/product"}],"replies":[{"embeddable":true,"href":"https:\/\/fedrs.eu\/pl\/wp-json\/wp\/v2\/comments?post=35914"}],"wp:featuredmedia":[{"embeddable":true,"href":"https:\/\/fedrs.eu\/pl\/wp-json\/wp\/v2\/media\/35906"}],"wp:attachment":[{"href":"https:\/\/fedrs.eu\/pl\/wp-json\/wp\/v2\/media?parent=35914"}],"wp:term":[{"taxonomy":"product_brand","embeddable":true,"href":"https:\/\/fedrs.eu\/pl\/wp-json\/wp\/v2\/product_brand?post=35914"},{"taxonomy":"product_cat","embeddable":true,"href":"https:\/\/fedrs.eu\/pl\/wp-json\/wp\/v2\/product_cat?post=35914"},{"taxonomy":"product_tag","embeddable":true,"href":"https:\/\/fedrs.eu\/pl\/wp-json\/wp\/v2\/product_tag?post=35914"}],"curies":[{"name":"wp","href":"https:\/\/api.w.org\/{rel}","templated":true}]}}