{"id":35791,"date":"2025-08-24T12:57:41","date_gmt":"2025-08-24T10:57:41","guid":{"rendered":"https:\/\/fedrs.eu\/shop\/fedrs-energy-pouches-mint\/"},"modified":"2025-10-07T00:31:21","modified_gmt":"2025-10-06T22:31:21","slug":"fedrs-energy-pouches-mint","status":"publish","type":"product","link":"https:\/\/fedrs.eu\/pl\/shop\/fedrs-energy-pouches-mint\/","title":{"rendered":"Fedrs Energy Pouches Mint"},"content":{"rendered":"<p><span data-sheets-root=\"1\">Ta saszetka jest jak g\u0142\u0119boki oddech i pobudka w jednym. Gdy smak ch\u0142odzi podniebienie, 65 mg kofeiny zaczyna usuwa\u0107 mg\u0142\u0119 umys\u0142ow\u0105 i przywraca\u0107 koncentracj\u0119. <\/span><\/p>\n<p>Jest idealny na d\u0142ugie spotkania, wypalenie w podr\u00f3\u017cy lub w chwilach, gdy po prostu potrzebujesz twardego resetu. Przeno\u015bny, dyskretny i zawsze skuteczny. <\/p>\n","protected":false},"excerpt":{"rendered":"<p>Ta saszetka jest jak g\u0142\u0119boki oddech i pobudka w jednym. Gdy smak ch\u0142odzi podniebienie, 65 mg kofeiny zaczyna usuwa\u0107 mg\u0142\u0119 umys\u0142ow\u0105 i przywraca\u0107 koncentracj\u0119. Jest idealny<span class=\"excerpt-hellip\"> [\u2026]<\/span><\/p>\n","protected":false},"featured_media":35781,"comment_status":"open","ping_status":"closed","template":"","meta":{"googlesitekit_rrm_CAowmrG7DA:productID":""},"product_brand":[],"product_cat":[621,584,808],"product_tag":[],"class_list":{"0":"post-35791","1":"product","2":"type-product","3":"status-publish","4":"has-post-thumbnail","6":"product_cat-mieta-i-mentol","7":"product_cat-nowosc","8":"product_cat-saszetki-energetyczne","10":"first","11":"instock","12":"taxable","13":"shipping-taxable","14":"product-type-variable","15":"has-default-attributes"},"yoast_head":"<!-- This site is optimized with the Yoast SEO Premium plugin v26.5 (Yoast SEO v27.2) - https:\/\/yoast.com\/product\/yoast-seo-premium-wordpress\/ -->\n<title>Fedrs Energy Pouches Mint - Saszetka z kofein\u0105 65 mg<\/title>\n<meta name=\"description\" content=\"Lodowata mi\u0119ta + silna dawka kofeiny. Czyste orze\u017awienie umys\u0142u - idealne w podr\u00f3\u017cy, skupieniu i szybkim resecie.\" \/>\n<meta name=\"robots\" content=\"index, follow, max-snippet:-1, max-image-preview:large, max-video-preview:-1\" \/>\n<link rel=\"canonical\" href=\"https:\/\/fedrs.eu\/pl\/shop\/fedrs-energy-pouches-mint\/\" \/>\n<meta property=\"og:locale\" content=\"pl_PL\" \/>\n<meta property=\"og:type\" content=\"article\" \/>\n<meta property=\"og:title\" content=\"Fedrs Energy Pouches Mint\" \/>\n<meta property=\"og:description\" content=\"Lodowata mi\u0119ta + silna dawka kofeiny. Czyste orze\u017awienie umys\u0142u - idealne w podr\u00f3\u017cy, skupieniu i szybkim resecie.\" \/>\n<meta property=\"og:url\" content=\"https:\/\/fedrs.eu\/pl\/shop\/fedrs-energy-pouches-mint\/\" \/>\n<meta property=\"og:site_name\" content=\"fedrs.eu\" \/>\n<meta property=\"article:modified_time\" content=\"2025-10-06T22:31:21+00:00\" \/>\n<meta property=\"og:image\" content=\"https:\/\/fedrs.eu\/wp-content\/uploads\/2025\/08\/ENERGY_MINT_02.png\" \/>\n\t<meta property=\"og:image:width\" content=\"1200\" \/>\n\t<meta property=\"og:image:height\" content=\"1200\" \/>\n\t<meta property=\"og:image:type\" content=\"image\/png\" \/>\n<meta name=\"twitter:card\" content=\"summary_large_image\" \/>\n<meta name=\"twitter:label1\" content=\"Dost\u0119pno\u015b\u0107\" \/>\n\t<meta name=\"twitter:data1\" content=\"Dost\u0119pny\" \/>\n<script type=\"application\/ld+json\" class=\"yoast-schema-graph\">{\"@context\":\"https:\/\/schema.org\",\"@graph\":[{\"@type\":\"WebPage\",\"@id\":\"https:\/\/fedrs.eu\/pl\/shop\/fedrs-energy-pouches-mint\/\",\"url\":\"https:\/\/fedrs.eu\/pl\/shop\/fedrs-energy-pouches-mint\/\",\"name\":\"Fedrs Energy Pouches Mint - Saszetka z kofein\u0105 65 mg\",\"isPartOf\":{\"@id\":\"https:\/\/fedrs.eu\/pl\/#website\"},\"primaryImageOfPage\":{\"@id\":\"https:\/\/fedrs.eu\/pl\/shop\/fedrs-energy-pouches-mint\/#primaryimage\"},\"image\":{\"@id\":\"https:\/\/fedrs.eu\/pl\/shop\/fedrs-energy-pouches-mint\/#primaryimage\"},\"thumbnailUrl\":\"https:\/\/fedrs.eu\/wp-content\/uploads\/2025\/08\/ENERGY_MINT_02.png\",\"datePublished\":\"2025-08-24T10:57:41+00:00\",\"dateModified\":\"2025-10-06T22:31:21+00:00\",\"description\":\"Lodowata mi\u0119ta + silna dawka kofeiny. Czyste orze\u017awienie umys\u0142u - idealne w podr\u00f3\u017cy, skupieniu i szybkim resecie.\",\"breadcrumb\":{\"@id\":\"https:\/\/fedrs.eu\/pl\/shop\/fedrs-energy-pouches-mint\/#breadcrumb\"},\"inLanguage\":\"pl-PL\",\"potentialAction\":[{\"@type\":\"ReadAction\",\"target\":[\"https:\/\/fedrs.eu\/pl\/shop\/fedrs-energy-pouches-mint\/\"]}]},{\"@type\":\"ImageObject\",\"inLanguage\":\"pl-PL\",\"@id\":\"https:\/\/fedrs.eu\/pl\/shop\/fedrs-energy-pouches-mint\/#primaryimage\",\"url\":\"https:\/\/fedrs.eu\/wp-content\/uploads\/2025\/08\/ENERGY_MINT_02.png\",\"contentUrl\":\"https:\/\/fedrs.eu\/wp-content\/uploads\/2025\/08\/ENERGY_MINT_02.png\",\"width\":1200,\"height\":1200},{\"@type\":\"BreadcrumbList\",\"@id\":\"https:\/\/fedrs.eu\/pl\/shop\/fedrs-energy-pouches-mint\/#breadcrumb\",\"itemListElement\":[{\"@type\":\"ListItem\",\"position\":1,\"name\":\"Strona g\u0142\u00f3wna\",\"item\":\"https:\/\/fedrs.eu\/pl\/\"},{\"@type\":\"ListItem\",\"position\":2,\"name\":\"Sklep\",\"item\":\"https:\/\/fedrs.eu\/pl\/shop\/\"},{\"@type\":\"ListItem\",\"position\":3,\"name\":\"Fedrs Energy Pouches Mint\"}]},{\"@type\":\"WebSite\",\"@id\":\"https:\/\/fedrs.eu\/pl\/#website\",\"url\":\"https:\/\/fedrs.eu\/pl\/\",\"name\":\"fedrs.eu\",\"description\":\"\",\"publisher\":{\"@id\":\"https:\/\/fedrs.eu\/pl\/#organization\"},\"potentialAction\":[{\"@type\":\"SearchAction\",\"target\":{\"@type\":\"EntryPoint\",\"urlTemplate\":\"https:\/\/fedrs.eu\/pl\/?s={search_term_string}\"},\"query-input\":{\"@type\":\"PropertyValueSpecification\",\"valueRequired\":true,\"valueName\":\"search_term_string\"}}],\"inLanguage\":\"pl-PL\"},{\"@type\":\"Organization\",\"@id\":\"https:\/\/fedrs.eu\/pl\/#organization\",\"name\":\"Fedrs sp.z o.o\",\"url\":\"https:\/\/fedrs.eu\/pl\/\",\"logo\":{\"@type\":\"ImageObject\",\"inLanguage\":\"pl-PL\",\"@id\":\"https:\/\/fedrs.eu\/pl\/#\/schema\/logo\/image\/\",\"url\":\"https:\/\/fedrs.eu\/wp-content\/uploads\/2024\/12\/image-52.png\",\"contentUrl\":\"https:\/\/fedrs.eu\/wp-content\/uploads\/2024\/12\/image-52.png\",\"width\":97,\"height\":30,\"caption\":\"Fedrs sp.z o.o\"},\"image\":{\"@id\":\"https:\/\/fedrs.eu\/pl\/#\/schema\/logo\/image\/\"},\"publishingPrinciples\":\"https:\/\/fedrs.eu\/terms-and-conditions\/\"}]}<\/script>\n<meta property=\"product:brand\" content=\"Fedrs Energy\" \/>\n<meta property=\"og:availability\" content=\"instock\" \/>\n<meta property=\"product:availability\" content=\"instock\" \/>\n<meta property=\"product:condition\" content=\"new\" \/>\n<!-- \/ Yoast SEO Premium plugin. -->","yoast_head_json":{"title":"Fedrs Energy Pouches Mint - Saszetka z kofein\u0105 65 mg","description":"Lodowata mi\u0119ta + silna dawka kofeiny. Czyste orze\u017awienie umys\u0142u - idealne w podr\u00f3\u017cy, skupieniu i szybkim resecie.","robots":{"index":"index","follow":"follow","max-snippet":"max-snippet:-1","max-image-preview":"max-image-preview:large","max-video-preview":"max-video-preview:-1"},"canonical":"https:\/\/fedrs.eu\/pl\/shop\/fedrs-energy-pouches-mint\/","og_locale":"pl_PL","og_type":"article","og_title":"Fedrs Energy Pouches Mint","og_description":"Lodowata mi\u0119ta + silna dawka kofeiny. Czyste orze\u017awienie umys\u0142u - idealne w podr\u00f3\u017cy, skupieniu i szybkim resecie.","og_url":"https:\/\/fedrs.eu\/pl\/shop\/fedrs-energy-pouches-mint\/","og_site_name":"fedrs.eu","article_modified_time":"2025-10-06T22:31:21+00:00","og_image":[{"width":1200,"height":1200,"url":"https:\/\/fedrs.eu\/wp-content\/uploads\/2025\/08\/ENERGY_MINT_02.png","type":"image\/png"}],"twitter_card":"summary_large_image","twitter_misc":{"Dost\u0119pno\u015b\u0107":"Dost\u0119pny"},"schema":{"@context":"https:\/\/schema.org","@graph":[{"@type":"WebPage","@id":"https:\/\/fedrs.eu\/pl\/shop\/fedrs-energy-pouches-mint\/","url":"https:\/\/fedrs.eu\/pl\/shop\/fedrs-energy-pouches-mint\/","name":"Fedrs Energy Pouches Mint - Saszetka z kofein\u0105 65 mg","isPartOf":{"@id":"https:\/\/fedrs.eu\/pl\/#website"},"primaryImageOfPage":{"@id":"https:\/\/fedrs.eu\/pl\/shop\/fedrs-energy-pouches-mint\/#primaryimage"},"image":{"@id":"https:\/\/fedrs.eu\/pl\/shop\/fedrs-energy-pouches-mint\/#primaryimage"},"thumbnailUrl":"https:\/\/fedrs.eu\/wp-content\/uploads\/2025\/08\/ENERGY_MINT_02.png","datePublished":"2025-08-24T10:57:41+00:00","dateModified":"2025-10-06T22:31:21+00:00","description":"Lodowata mi\u0119ta + silna dawka kofeiny. Czyste orze\u017awienie umys\u0142u - idealne w podr\u00f3\u017cy, skupieniu i szybkim resecie.","breadcrumb":{"@id":"https:\/\/fedrs.eu\/pl\/shop\/fedrs-energy-pouches-mint\/#breadcrumb"},"inLanguage":"pl-PL","potentialAction":[{"@type":"ReadAction","target":["https:\/\/fedrs.eu\/pl\/shop\/fedrs-energy-pouches-mint\/"]}]},{"@type":"ImageObject","inLanguage":"pl-PL","@id":"https:\/\/fedrs.eu\/pl\/shop\/fedrs-energy-pouches-mint\/#primaryimage","url":"https:\/\/fedrs.eu\/wp-content\/uploads\/2025\/08\/ENERGY_MINT_02.png","contentUrl":"https:\/\/fedrs.eu\/wp-content\/uploads\/2025\/08\/ENERGY_MINT_02.png","width":1200,"height":1200},{"@type":"BreadcrumbList","@id":"https:\/\/fedrs.eu\/pl\/shop\/fedrs-energy-pouches-mint\/#breadcrumb","itemListElement":[{"@type":"ListItem","position":1,"name":"Strona g\u0142\u00f3wna","item":"https:\/\/fedrs.eu\/pl\/"},{"@type":"ListItem","position":2,"name":"Sklep","item":"https:\/\/fedrs.eu\/pl\/shop\/"},{"@type":"ListItem","position":3,"name":"Fedrs Energy Pouches Mint"}]},{"@type":"WebSite","@id":"https:\/\/fedrs.eu\/pl\/#website","url":"https:\/\/fedrs.eu\/pl\/","name":"fedrs.eu","description":"","publisher":{"@id":"https:\/\/fedrs.eu\/pl\/#organization"},"potentialAction":[{"@type":"SearchAction","target":{"@type":"EntryPoint","urlTemplate":"https:\/\/fedrs.eu\/pl\/?s={search_term_string}"},"query-input":{"@type":"PropertyValueSpecification","valueRequired":true,"valueName":"search_term_string"}}],"inLanguage":"pl-PL"},{"@type":"Organization","@id":"https:\/\/fedrs.eu\/pl\/#organization","name":"Fedrs sp.z o.o","url":"https:\/\/fedrs.eu\/pl\/","logo":{"@type":"ImageObject","inLanguage":"pl-PL","@id":"https:\/\/fedrs.eu\/pl\/#\/schema\/logo\/image\/","url":"https:\/\/fedrs.eu\/wp-content\/uploads\/2024\/12\/image-52.png","contentUrl":"https:\/\/fedrs.eu\/wp-content\/uploads\/2024\/12\/image-52.png","width":97,"height":30,"caption":"Fedrs sp.z o.o"},"image":{"@id":"https:\/\/fedrs.eu\/pl\/#\/schema\/logo\/image\/"},"publishingPrinciples":"https:\/\/fedrs.eu\/terms-and-conditions\/"}]},"product_brand":"Fedrs Energy","og_availability":"instock","product_availability":"instock","product_condition":"new"},"_links":{"self":[{"href":"https:\/\/fedrs.eu\/pl\/wp-json\/wp\/v2\/product\/35791","targetHints":{"allow":["GET"]}}],"collection":[{"href":"https:\/\/fedrs.eu\/pl\/wp-json\/wp\/v2\/product"}],"about":[{"href":"https:\/\/fedrs.eu\/pl\/wp-json\/wp\/v2\/types\/product"}],"replies":[{"embeddable":true,"href":"https:\/\/fedrs.eu\/pl\/wp-json\/wp\/v2\/comments?post=35791"}],"wp:featuredmedia":[{"embeddable":true,"href":"https:\/\/fedrs.eu\/pl\/wp-json\/wp\/v2\/media\/35781"}],"wp:attachment":[{"href":"https:\/\/fedrs.eu\/pl\/wp-json\/wp\/v2\/media?parent=35791"}],"wp:term":[{"taxonomy":"product_brand","embeddable":true,"href":"https:\/\/fedrs.eu\/pl\/wp-json\/wp\/v2\/product_brand?post=35791"},{"taxonomy":"product_cat","embeddable":true,"href":"https:\/\/fedrs.eu\/pl\/wp-json\/wp\/v2\/product_cat?post=35791"},{"taxonomy":"product_tag","embeddable":true,"href":"https:\/\/fedrs.eu\/pl\/wp-json\/wp\/v2\/product_tag?post=35791"}],"curies":[{"name":"wp","href":"https:\/\/api.w.org\/{rel}","templated":true}]}}