{"id":35746,"date":"2025-08-24T12:48:08","date_gmt":"2025-08-24T10:48:08","guid":{"rendered":"https:\/\/fedrs.eu\/shop\/fedrs-energy-pouches-napoj-energetyczny\/"},"modified":"2025-10-07T00:40:14","modified_gmt":"2025-10-06T22:40:14","slug":"fedrs-energy-pouches-napoj-energetyczny","status":"publish","type":"product","link":"https:\/\/fedrs.eu\/pl\/shop\/fedrs-energy-pouches-napoj-energetyczny\/","title":{"rendered":"Fedrs Energy Pouches Nap\u00f3j energetyczny"},"content":{"rendered":"<p><span data-sheets-root=\"1\">Zaprojektowana z my\u015bl\u0105 o dzia\u0142aniu, ta saszetka dostarcza esencj\u0119 czystej kofeiny bez rozpraszania uwagi. Smak jest odwa\u017cny i nowoczesny, a efekt natychmiastowy: 65 mg szybko uwalnianej kofeiny, kt\u00f3ra wyostrza czas reakcji, poprawia wytrzyma\u0142o\u015b\u0107 i eliminuje zm\u0119czenie psychiczne. <\/span><\/p>\n<p>To kofeina zdefiniowana na nowo dla prostoty. Bez cukru, bez napoj\u00f3w, bez nonsens\u00f3w. Tylko wysoka wydajno\u015b\u0107 w ka\u017cdej saszetce.  <\/p>\n","protected":false},"excerpt":{"rendered":"<p>Zaprojektowana z my\u015bl\u0105 o dzia\u0142aniu, ta saszetka dostarcza esencj\u0119 czystej kofeiny bez rozpraszania uwagi. Smak jest odwa\u017cny i nowoczesny, a efekt natychmiastowy: 65 mg szybko uwalnianej<span class=\"excerpt-hellip\"> [\u2026]<\/span><\/p>\n","protected":false},"featured_media":35731,"comment_status":"open","ping_status":"closed","template":"","meta":{"googlesitekit_rrm_CAowmrG7DA:productID":""},"product_brand":[],"product_cat":[586,584,808],"product_tag":[],"class_list":{"0":"post-35746","1":"product","2":"type-product","3":"status-publish","4":"has-post-thumbnail","6":"product_cat-napoje","7":"product_cat-nowosc","8":"product_cat-saszetki-energetyczne","10":"first","11":"instock","12":"taxable","13":"shipping-taxable","14":"purchasable","15":"product-type-variable","16":"has-default-attributes"},"yoast_head":"<!-- This site is optimized with the Yoast SEO Premium plugin v26.5 (Yoast SEO v27.3) - https:\/\/yoast.com\/product\/yoast-seo-premium-wordpress\/ -->\n<title>Fedrs Energy Pouches Energy Drink - Kofeina 65 mg<\/title>\n<meta name=\"description\" content=\"Czysty kofeinowy kop o nowoczesnym smaku. \u0141atwa do przenoszenia saszetka zapewnia koncentracj\u0119 i energi\u0119 wtedy, gdy jej potrzebujesz.\" \/>\n<meta name=\"robots\" content=\"index, follow, max-snippet:-1, max-image-preview:large, max-video-preview:-1\" \/>\n<link rel=\"canonical\" href=\"https:\/\/fedrs.eu\/pl\/shop\/fedrs-energy-pouches-napoj-energetyczny\/\" \/>\n<meta property=\"og:locale\" content=\"pl_PL\" \/>\n<meta property=\"og:type\" content=\"article\" \/>\n<meta property=\"og:title\" content=\"Fedrs Energy Pouches Nap\u00f3j energetyczny\" \/>\n<meta property=\"og:description\" content=\"Czysty kofeinowy kop o nowoczesnym smaku. \u0141atwa do przenoszenia saszetka zapewnia koncentracj\u0119 i energi\u0119 wtedy, gdy jej potrzebujesz.\" \/>\n<meta property=\"og:url\" content=\"https:\/\/fedrs.eu\/pl\/shop\/fedrs-energy-pouches-napoj-energetyczny\/\" \/>\n<meta property=\"og:site_name\" content=\"fedrs.eu\" \/>\n<meta property=\"article:modified_time\" content=\"2025-10-06T22:40:14+00:00\" \/>\n<meta property=\"og:image\" content=\"https:\/\/fedrs.eu\/wp-content\/uploads\/2025\/08\/ENERGY_ENERGY_DRINK_02.png\" \/>\n\t<meta property=\"og:image:width\" content=\"1200\" \/>\n\t<meta property=\"og:image:height\" content=\"1200\" \/>\n\t<meta property=\"og:image:type\" content=\"image\/png\" \/>\n<meta name=\"twitter:card\" content=\"summary_large_image\" \/>\n<meta name=\"twitter:label1\" content=\"Dost\u0119pno\u015b\u0107\" \/>\n\t<meta name=\"twitter:data1\" content=\"Dost\u0119pny\" \/>\n<script type=\"application\/ld+json\" class=\"yoast-schema-graph\">{\"@context\":\"https:\\\/\\\/schema.org\",\"@graph\":[{\"@type\":\"WebPage\",\"@id\":\"https:\\\/\\\/fedrs.eu\\\/pl\\\/shop\\\/fedrs-energy-pouches-napoj-energetyczny\\\/\",\"url\":\"https:\\\/\\\/fedrs.eu\\\/pl\\\/shop\\\/fedrs-energy-pouches-napoj-energetyczny\\\/\",\"name\":\"Fedrs Energy Pouches Energy Drink - Kofeina 65 mg\",\"isPartOf\":{\"@id\":\"https:\\\/\\\/fedrs.eu\\\/pl\\\/#website\"},\"primaryImageOfPage\":{\"@id\":\"https:\\\/\\\/fedrs.eu\\\/pl\\\/shop\\\/fedrs-energy-pouches-napoj-energetyczny\\\/#primaryimage\"},\"image\":{\"@id\":\"https:\\\/\\\/fedrs.eu\\\/pl\\\/shop\\\/fedrs-energy-pouches-napoj-energetyczny\\\/#primaryimage\"},\"thumbnailUrl\":\"https:\\\/\\\/fedrs.eu\\\/wp-content\\\/uploads\\\/2025\\\/08\\\/ENERGY_ENERGY_DRINK_02.png\",\"datePublished\":\"2025-08-24T10:48:08+00:00\",\"dateModified\":\"2025-10-06T22:40:14+00:00\",\"description\":\"Czysty kofeinowy kop o nowoczesnym smaku. \u0141atwa do przenoszenia saszetka zapewnia koncentracj\u0119 i energi\u0119 wtedy, gdy jej potrzebujesz.\",\"breadcrumb\":{\"@id\":\"https:\\\/\\\/fedrs.eu\\\/pl\\\/shop\\\/fedrs-energy-pouches-napoj-energetyczny\\\/#breadcrumb\"},\"inLanguage\":\"pl-PL\",\"potentialAction\":[{\"@type\":\"ReadAction\",\"target\":[\"https:\\\/\\\/fedrs.eu\\\/pl\\\/shop\\\/fedrs-energy-pouches-napoj-energetyczny\\\/\"]}]},{\"@type\":\"ImageObject\",\"inLanguage\":\"pl-PL\",\"@id\":\"https:\\\/\\\/fedrs.eu\\\/pl\\\/shop\\\/fedrs-energy-pouches-napoj-energetyczny\\\/#primaryimage\",\"url\":\"https:\\\/\\\/fedrs.eu\\\/wp-content\\\/uploads\\\/2025\\\/08\\\/ENERGY_ENERGY_DRINK_02.png\",\"contentUrl\":\"https:\\\/\\\/fedrs.eu\\\/wp-content\\\/uploads\\\/2025\\\/08\\\/ENERGY_ENERGY_DRINK_02.png\",\"width\":1200,\"height\":1200},{\"@type\":\"BreadcrumbList\",\"@id\":\"https:\\\/\\\/fedrs.eu\\\/pl\\\/shop\\\/fedrs-energy-pouches-napoj-energetyczny\\\/#breadcrumb\",\"itemListElement\":[{\"@type\":\"ListItem\",\"position\":1,\"name\":\"Strona g\u0142\u00f3wna\",\"item\":\"https:\\\/\\\/fedrs.eu\\\/pl\\\/\"},{\"@type\":\"ListItem\",\"position\":2,\"name\":\"Sklep\",\"item\":\"https:\\\/\\\/fedrs.eu\\\/pl\\\/shop\\\/\"},{\"@type\":\"ListItem\",\"position\":3,\"name\":\"Fedrs Energy Pouches Nap\u00f3j energetyczny\"}]},{\"@type\":\"WebSite\",\"@id\":\"https:\\\/\\\/fedrs.eu\\\/pl\\\/#website\",\"url\":\"https:\\\/\\\/fedrs.eu\\\/pl\\\/\",\"name\":\"fedrs.eu\",\"description\":\"\",\"publisher\":{\"@id\":\"https:\\\/\\\/fedrs.eu\\\/pl\\\/#organization\"},\"potentialAction\":[{\"@type\":\"SearchAction\",\"target\":{\"@type\":\"EntryPoint\",\"urlTemplate\":\"https:\\\/\\\/fedrs.eu\\\/pl\\\/?s={search_term_string}\"},\"query-input\":{\"@type\":\"PropertyValueSpecification\",\"valueRequired\":true,\"valueName\":\"search_term_string\"}}],\"inLanguage\":\"pl-PL\"},{\"@type\":\"Organization\",\"@id\":\"https:\\\/\\\/fedrs.eu\\\/pl\\\/#organization\",\"name\":\"Fedrs sp.z o.o\",\"url\":\"https:\\\/\\\/fedrs.eu\\\/pl\\\/\",\"logo\":{\"@type\":\"ImageObject\",\"inLanguage\":\"pl-PL\",\"@id\":\"https:\\\/\\\/fedrs.eu\\\/pl\\\/#\\\/schema\\\/logo\\\/image\\\/\",\"url\":\"https:\\\/\\\/fedrs.eu\\\/wp-content\\\/uploads\\\/2024\\\/12\\\/image-52.png\",\"contentUrl\":\"https:\\\/\\\/fedrs.eu\\\/wp-content\\\/uploads\\\/2024\\\/12\\\/image-52.png\",\"width\":97,\"height\":30,\"caption\":\"Fedrs sp.z o.o\"},\"image\":{\"@id\":\"https:\\\/\\\/fedrs.eu\\\/pl\\\/#\\\/schema\\\/logo\\\/image\\\/\"},\"publishingPrinciples\":\"https:\\\/\\\/fedrs.eu\\\/terms-and-conditions\\\/\"}]}<\/script>\n<meta property=\"product:brand\" content=\"Fedrs Energy\" \/>\n<meta property=\"og:availability\" content=\"instock\" \/>\n<meta property=\"product:availability\" content=\"instock\" \/>\n<meta property=\"product:condition\" content=\"new\" \/>\n<!-- \/ Yoast SEO Premium plugin. -->","yoast_head_json":{"title":"Fedrs Energy Pouches Energy Drink - Kofeina 65 mg","description":"Czysty kofeinowy kop o nowoczesnym smaku. \u0141atwa do przenoszenia saszetka zapewnia koncentracj\u0119 i energi\u0119 wtedy, gdy jej potrzebujesz.","robots":{"index":"index","follow":"follow","max-snippet":"max-snippet:-1","max-image-preview":"max-image-preview:large","max-video-preview":"max-video-preview:-1"},"canonical":"https:\/\/fedrs.eu\/pl\/shop\/fedrs-energy-pouches-napoj-energetyczny\/","og_locale":"pl_PL","og_type":"article","og_title":"Fedrs Energy Pouches Nap\u00f3j energetyczny","og_description":"Czysty kofeinowy kop o nowoczesnym smaku. \u0141atwa do przenoszenia saszetka zapewnia koncentracj\u0119 i energi\u0119 wtedy, gdy jej potrzebujesz.","og_url":"https:\/\/fedrs.eu\/pl\/shop\/fedrs-energy-pouches-napoj-energetyczny\/","og_site_name":"fedrs.eu","article_modified_time":"2025-10-06T22:40:14+00:00","og_image":[{"width":1200,"height":1200,"url":"https:\/\/fedrs.eu\/wp-content\/uploads\/2025\/08\/ENERGY_ENERGY_DRINK_02.png","type":"image\/png"}],"twitter_card":"summary_large_image","twitter_misc":{"Dost\u0119pno\u015b\u0107":"Dost\u0119pny"},"schema":{"@context":"https:\/\/schema.org","@graph":[{"@type":"WebPage","@id":"https:\/\/fedrs.eu\/pl\/shop\/fedrs-energy-pouches-napoj-energetyczny\/","url":"https:\/\/fedrs.eu\/pl\/shop\/fedrs-energy-pouches-napoj-energetyczny\/","name":"Fedrs Energy Pouches Energy Drink - Kofeina 65 mg","isPartOf":{"@id":"https:\/\/fedrs.eu\/pl\/#website"},"primaryImageOfPage":{"@id":"https:\/\/fedrs.eu\/pl\/shop\/fedrs-energy-pouches-napoj-energetyczny\/#primaryimage"},"image":{"@id":"https:\/\/fedrs.eu\/pl\/shop\/fedrs-energy-pouches-napoj-energetyczny\/#primaryimage"},"thumbnailUrl":"https:\/\/fedrs.eu\/wp-content\/uploads\/2025\/08\/ENERGY_ENERGY_DRINK_02.png","datePublished":"2025-08-24T10:48:08+00:00","dateModified":"2025-10-06T22:40:14+00:00","description":"Czysty kofeinowy kop o nowoczesnym smaku. \u0141atwa do przenoszenia saszetka zapewnia koncentracj\u0119 i energi\u0119 wtedy, gdy jej potrzebujesz.","breadcrumb":{"@id":"https:\/\/fedrs.eu\/pl\/shop\/fedrs-energy-pouches-napoj-energetyczny\/#breadcrumb"},"inLanguage":"pl-PL","potentialAction":[{"@type":"ReadAction","target":["https:\/\/fedrs.eu\/pl\/shop\/fedrs-energy-pouches-napoj-energetyczny\/"]}]},{"@type":"ImageObject","inLanguage":"pl-PL","@id":"https:\/\/fedrs.eu\/pl\/shop\/fedrs-energy-pouches-napoj-energetyczny\/#primaryimage","url":"https:\/\/fedrs.eu\/wp-content\/uploads\/2025\/08\/ENERGY_ENERGY_DRINK_02.png","contentUrl":"https:\/\/fedrs.eu\/wp-content\/uploads\/2025\/08\/ENERGY_ENERGY_DRINK_02.png","width":1200,"height":1200},{"@type":"BreadcrumbList","@id":"https:\/\/fedrs.eu\/pl\/shop\/fedrs-energy-pouches-napoj-energetyczny\/#breadcrumb","itemListElement":[{"@type":"ListItem","position":1,"name":"Strona g\u0142\u00f3wna","item":"https:\/\/fedrs.eu\/pl\/"},{"@type":"ListItem","position":2,"name":"Sklep","item":"https:\/\/fedrs.eu\/pl\/shop\/"},{"@type":"ListItem","position":3,"name":"Fedrs Energy Pouches Nap\u00f3j energetyczny"}]},{"@type":"WebSite","@id":"https:\/\/fedrs.eu\/pl\/#website","url":"https:\/\/fedrs.eu\/pl\/","name":"fedrs.eu","description":"","publisher":{"@id":"https:\/\/fedrs.eu\/pl\/#organization"},"potentialAction":[{"@type":"SearchAction","target":{"@type":"EntryPoint","urlTemplate":"https:\/\/fedrs.eu\/pl\/?s={search_term_string}"},"query-input":{"@type":"PropertyValueSpecification","valueRequired":true,"valueName":"search_term_string"}}],"inLanguage":"pl-PL"},{"@type":"Organization","@id":"https:\/\/fedrs.eu\/pl\/#organization","name":"Fedrs sp.z o.o","url":"https:\/\/fedrs.eu\/pl\/","logo":{"@type":"ImageObject","inLanguage":"pl-PL","@id":"https:\/\/fedrs.eu\/pl\/#\/schema\/logo\/image\/","url":"https:\/\/fedrs.eu\/wp-content\/uploads\/2024\/12\/image-52.png","contentUrl":"https:\/\/fedrs.eu\/wp-content\/uploads\/2024\/12\/image-52.png","width":97,"height":30,"caption":"Fedrs sp.z o.o"},"image":{"@id":"https:\/\/fedrs.eu\/pl\/#\/schema\/logo\/image\/"},"publishingPrinciples":"https:\/\/fedrs.eu\/terms-and-conditions\/"}]},"product_brand":"Fedrs Energy","og_availability":"instock","product_availability":"instock","product_condition":"new"},"_links":{"self":[{"href":"https:\/\/fedrs.eu\/pl\/wp-json\/wp\/v2\/product\/35746","targetHints":{"allow":["GET"]}}],"collection":[{"href":"https:\/\/fedrs.eu\/pl\/wp-json\/wp\/v2\/product"}],"about":[{"href":"https:\/\/fedrs.eu\/pl\/wp-json\/wp\/v2\/types\/product"}],"replies":[{"embeddable":true,"href":"https:\/\/fedrs.eu\/pl\/wp-json\/wp\/v2\/comments?post=35746"}],"wp:featuredmedia":[{"embeddable":true,"href":"https:\/\/fedrs.eu\/pl\/wp-json\/wp\/v2\/media\/35731"}],"wp:attachment":[{"href":"https:\/\/fedrs.eu\/pl\/wp-json\/wp\/v2\/media?parent=35746"}],"wp:term":[{"taxonomy":"product_brand","embeddable":true,"href":"https:\/\/fedrs.eu\/pl\/wp-json\/wp\/v2\/product_brand?post=35746"},{"taxonomy":"product_cat","embeddable":true,"href":"https:\/\/fedrs.eu\/pl\/wp-json\/wp\/v2\/product_cat?post=35746"},{"taxonomy":"product_tag","embeddable":true,"href":"https:\/\/fedrs.eu\/pl\/wp-json\/wp\/v2\/product_tag?post=35746"}],"curies":[{"name":"wp","href":"https:\/\/api.w.org\/{rel}","templated":true}]}}