{"id":35660,"date":"2025-08-24T12:28:21","date_gmt":"2025-08-24T10:28:21","guid":{"rendered":"https:\/\/fedrs.eu\/shop\/fedrs-energy-pouches-citrus\/"},"modified":"2025-10-07T00:45:29","modified_gmt":"2025-10-06T22:45:29","slug":"fedrs-energy-pouches-citrus","status":"publish","type":"product","link":"https:\/\/fedrs.eu\/pl\/shop\/fedrs-energy-pouches-citrus\/","title":{"rendered":"Fedrs Energy Pouches Citrus"},"content":{"rendered":"<p><span data-sheets-root=\"1\">Pikantny i odwa\u017cny Fedrs Citrus dostarcza cios naturalnego smaku cytrus\u00f3w: jasn\u0105 sk\u00f3rk\u0119 cytryny, nut\u0119 limonki i rze\u015bkie wyko\u0144czenie. Jest to smak zaprojektowany, aby obudzi\u0107 Pa\u0144stwa kubki smakowe, zanim jeszcze zacznie dzia\u0142a\u0107 kofeina. Ale kiedy to nast\u0105pi, 65 mg kofeiny na saszetk\u0119 od razu zaczyna dzia\u0142a\u0107: zwi\u0119kszaj\u0105c poziom energii, wyostrzaj\u0105c koncentracj\u0119 i zwi\u0119kszaj\u0105c wydajno\u015b\u0107.  <\/span><\/p>\n<p>W przeciwie\u0144stwie do s\u0142odkich napoj\u00f3w lub niepor\u0119cznych suplement\u00f3w, ta saszetka idealnie wpasowuje si\u0119 w Pa\u0144stwa dzie\u0144. Jest dyskretny, przeno\u015bny i wykonuje swoj\u0105 prac\u0119: dostarczaj\u0105c energi\u0119, kt\u00f3ra si\u0119 nie za\u0142amuje i smak, kt\u00f3ry sprawia, \u017ce wracasz. <\/p>\n","protected":false},"excerpt":{"rendered":"<p>Pikantny i odwa\u017cny Fedrs Citrus dostarcza cios naturalnego smaku cytrus\u00f3w: jasn\u0105 sk\u00f3rk\u0119 cytryny, nut\u0119 limonki i rze\u015bkie wyko\u0144czenie. Jest to smak zaprojektowany, aby obudzi\u0107 Pa\u0144stwa kubki<span class=\"excerpt-hellip\"> [\u2026]<\/span><\/p>\n","protected":false},"featured_media":35656,"comment_status":"open","ping_status":"closed","template":"","meta":{"googlesitekit_rrm_CAowmrG7DA:productID":""},"product_brand":[],"product_cat":[614,584,808],"product_tag":[],"class_list":{"0":"post-35660","1":"product","2":"type-product","3":"status-publish","4":"has-post-thumbnail","6":"product_cat-cytrusy","7":"product_cat-nowosc","8":"product_cat-saszetki-energetyczne","10":"first","11":"outofstock","12":"taxable","13":"shipping-taxable","14":"product-type-variable","15":"has-default-attributes"},"yoast_head":"<!-- This site is optimized with the Yoast SEO Premium plugin v26.5 (Yoast SEO v27.3) - https:\/\/yoast.com\/product\/yoast-seo-premium-wordpress\/ -->\n<title>Fedrs Energy Pouches Citrus - Saszetka z kofein\u0105 65 mg<\/title>\n<meta name=\"description\" content=\"Wyra\u017any cytrusowy smak + 65 mg kofeiny. Ostry zastrzyk energii - wygodny, bez ba\u0142aganu i zawsze przy sobie.\" \/>\n<meta name=\"robots\" content=\"index, follow, max-snippet:-1, max-image-preview:large, max-video-preview:-1\" \/>\n<link rel=\"canonical\" href=\"https:\/\/fedrs.eu\/pl\/shop\/fedrs-energy-pouches-citrus\/\" \/>\n<meta property=\"og:locale\" content=\"pl_PL\" \/>\n<meta property=\"og:type\" content=\"article\" \/>\n<meta property=\"og:title\" content=\"Fedrs Energy Pouches Citrus\" \/>\n<meta property=\"og:description\" content=\"Wyra\u017any cytrusowy smak + 65 mg kofeiny. Ostry zastrzyk energii - wygodny, bez ba\u0142aganu i zawsze przy sobie.\" \/>\n<meta property=\"og:url\" content=\"https:\/\/fedrs.eu\/pl\/shop\/fedrs-energy-pouches-citrus\/\" \/>\n<meta property=\"og:site_name\" content=\"fedrs.eu\" \/>\n<meta property=\"article:modified_time\" content=\"2025-10-06T22:45:29+00:00\" \/>\n<meta property=\"og:image\" content=\"https:\/\/fedrs.eu\/wp-content\/uploads\/2025\/08\/ENERGY_CITRUS_02.png\" \/>\n\t<meta property=\"og:image:width\" content=\"1200\" \/>\n\t<meta property=\"og:image:height\" content=\"1200\" \/>\n\t<meta property=\"og:image:type\" content=\"image\/png\" \/>\n<meta name=\"twitter:card\" content=\"summary_large_image\" \/>\n<meta name=\"twitter:label1\" content=\"Dost\u0119pno\u015b\u0107\" \/>\n\t<meta name=\"twitter:data1\" content=\"Brak w magazynie\" \/>\n<script type=\"application\/ld+json\" class=\"yoast-schema-graph\">{\"@context\":\"https:\\\/\\\/schema.org\",\"@graph\":[{\"@type\":\"WebPage\",\"@id\":\"https:\\\/\\\/fedrs.eu\\\/pl\\\/shop\\\/fedrs-energy-pouches-citrus\\\/\",\"url\":\"https:\\\/\\\/fedrs.eu\\\/pl\\\/shop\\\/fedrs-energy-pouches-citrus\\\/\",\"name\":\"Fedrs Energy Pouches Citrus - Saszetka z kofein\u0105 65 mg\",\"isPartOf\":{\"@id\":\"https:\\\/\\\/fedrs.eu\\\/pl\\\/#website\"},\"primaryImageOfPage\":{\"@id\":\"https:\\\/\\\/fedrs.eu\\\/pl\\\/shop\\\/fedrs-energy-pouches-citrus\\\/#primaryimage\"},\"image\":{\"@id\":\"https:\\\/\\\/fedrs.eu\\\/pl\\\/shop\\\/fedrs-energy-pouches-citrus\\\/#primaryimage\"},\"thumbnailUrl\":\"https:\\\/\\\/fedrs.eu\\\/wp-content\\\/uploads\\\/2025\\\/08\\\/ENERGY_CITRUS_02.png\",\"datePublished\":\"2025-08-24T10:28:21+00:00\",\"dateModified\":\"2025-10-06T22:45:29+00:00\",\"description\":\"Wyra\u017any cytrusowy smak + 65 mg kofeiny. Ostry zastrzyk energii - wygodny, bez ba\u0142aganu i zawsze przy sobie.\",\"breadcrumb\":{\"@id\":\"https:\\\/\\\/fedrs.eu\\\/pl\\\/shop\\\/fedrs-energy-pouches-citrus\\\/#breadcrumb\"},\"inLanguage\":\"pl-PL\",\"potentialAction\":[{\"@type\":\"ReadAction\",\"target\":[\"https:\\\/\\\/fedrs.eu\\\/pl\\\/shop\\\/fedrs-energy-pouches-citrus\\\/\"]}]},{\"@type\":\"ImageObject\",\"inLanguage\":\"pl-PL\",\"@id\":\"https:\\\/\\\/fedrs.eu\\\/pl\\\/shop\\\/fedrs-energy-pouches-citrus\\\/#primaryimage\",\"url\":\"https:\\\/\\\/fedrs.eu\\\/wp-content\\\/uploads\\\/2025\\\/08\\\/ENERGY_CITRUS_02.png\",\"contentUrl\":\"https:\\\/\\\/fedrs.eu\\\/wp-content\\\/uploads\\\/2025\\\/08\\\/ENERGY_CITRUS_02.png\",\"width\":1200,\"height\":1200},{\"@type\":\"BreadcrumbList\",\"@id\":\"https:\\\/\\\/fedrs.eu\\\/pl\\\/shop\\\/fedrs-energy-pouches-citrus\\\/#breadcrumb\",\"itemListElement\":[{\"@type\":\"ListItem\",\"position\":1,\"name\":\"Strona g\u0142\u00f3wna\",\"item\":\"https:\\\/\\\/fedrs.eu\\\/pl\\\/\"},{\"@type\":\"ListItem\",\"position\":2,\"name\":\"Sklep\",\"item\":\"https:\\\/\\\/fedrs.eu\\\/pl\\\/shop\\\/\"},{\"@type\":\"ListItem\",\"position\":3,\"name\":\"Fedrs Energy Pouches Citrus\"}]},{\"@type\":\"WebSite\",\"@id\":\"https:\\\/\\\/fedrs.eu\\\/pl\\\/#website\",\"url\":\"https:\\\/\\\/fedrs.eu\\\/pl\\\/\",\"name\":\"fedrs.eu\",\"description\":\"\",\"publisher\":{\"@id\":\"https:\\\/\\\/fedrs.eu\\\/pl\\\/#organization\"},\"potentialAction\":[{\"@type\":\"SearchAction\",\"target\":{\"@type\":\"EntryPoint\",\"urlTemplate\":\"https:\\\/\\\/fedrs.eu\\\/pl\\\/?s={search_term_string}\"},\"query-input\":{\"@type\":\"PropertyValueSpecification\",\"valueRequired\":true,\"valueName\":\"search_term_string\"}}],\"inLanguage\":\"pl-PL\"},{\"@type\":\"Organization\",\"@id\":\"https:\\\/\\\/fedrs.eu\\\/pl\\\/#organization\",\"name\":\"Fedrs sp.z o.o\",\"url\":\"https:\\\/\\\/fedrs.eu\\\/pl\\\/\",\"logo\":{\"@type\":\"ImageObject\",\"inLanguage\":\"pl-PL\",\"@id\":\"https:\\\/\\\/fedrs.eu\\\/pl\\\/#\\\/schema\\\/logo\\\/image\\\/\",\"url\":\"https:\\\/\\\/fedrs.eu\\\/wp-content\\\/uploads\\\/2024\\\/12\\\/image-52.png\",\"contentUrl\":\"https:\\\/\\\/fedrs.eu\\\/wp-content\\\/uploads\\\/2024\\\/12\\\/image-52.png\",\"width\":97,\"height\":30,\"caption\":\"Fedrs sp.z o.o\"},\"image\":{\"@id\":\"https:\\\/\\\/fedrs.eu\\\/pl\\\/#\\\/schema\\\/logo\\\/image\\\/\"},\"publishingPrinciples\":\"https:\\\/\\\/fedrs.eu\\\/terms-and-conditions\\\/\"}]}<\/script>\n<meta property=\"product:brand\" content=\"Fedrs Energy\" \/>\n<meta property=\"og:availability\" content=\"out of stock\" \/>\n<meta property=\"product:availability\" content=\"out of stock\" \/>\n<meta property=\"product:condition\" content=\"new\" \/>\n<!-- \/ Yoast SEO Premium plugin. -->","yoast_head_json":{"title":"Fedrs Energy Pouches Citrus - Saszetka z kofein\u0105 65 mg","description":"Wyra\u017any cytrusowy smak + 65 mg kofeiny. Ostry zastrzyk energii - wygodny, bez ba\u0142aganu i zawsze przy sobie.","robots":{"index":"index","follow":"follow","max-snippet":"max-snippet:-1","max-image-preview":"max-image-preview:large","max-video-preview":"max-video-preview:-1"},"canonical":"https:\/\/fedrs.eu\/pl\/shop\/fedrs-energy-pouches-citrus\/","og_locale":"pl_PL","og_type":"article","og_title":"Fedrs Energy Pouches Citrus","og_description":"Wyra\u017any cytrusowy smak + 65 mg kofeiny. Ostry zastrzyk energii - wygodny, bez ba\u0142aganu i zawsze przy sobie.","og_url":"https:\/\/fedrs.eu\/pl\/shop\/fedrs-energy-pouches-citrus\/","og_site_name":"fedrs.eu","article_modified_time":"2025-10-06T22:45:29+00:00","og_image":[{"width":1200,"height":1200,"url":"https:\/\/fedrs.eu\/wp-content\/uploads\/2025\/08\/ENERGY_CITRUS_02.png","type":"image\/png"}],"twitter_card":"summary_large_image","twitter_misc":{"Dost\u0119pno\u015b\u0107":"Brak w magazynie"},"schema":{"@context":"https:\/\/schema.org","@graph":[{"@type":"WebPage","@id":"https:\/\/fedrs.eu\/pl\/shop\/fedrs-energy-pouches-citrus\/","url":"https:\/\/fedrs.eu\/pl\/shop\/fedrs-energy-pouches-citrus\/","name":"Fedrs Energy Pouches Citrus - Saszetka z kofein\u0105 65 mg","isPartOf":{"@id":"https:\/\/fedrs.eu\/pl\/#website"},"primaryImageOfPage":{"@id":"https:\/\/fedrs.eu\/pl\/shop\/fedrs-energy-pouches-citrus\/#primaryimage"},"image":{"@id":"https:\/\/fedrs.eu\/pl\/shop\/fedrs-energy-pouches-citrus\/#primaryimage"},"thumbnailUrl":"https:\/\/fedrs.eu\/wp-content\/uploads\/2025\/08\/ENERGY_CITRUS_02.png","datePublished":"2025-08-24T10:28:21+00:00","dateModified":"2025-10-06T22:45:29+00:00","description":"Wyra\u017any cytrusowy smak + 65 mg kofeiny. Ostry zastrzyk energii - wygodny, bez ba\u0142aganu i zawsze przy sobie.","breadcrumb":{"@id":"https:\/\/fedrs.eu\/pl\/shop\/fedrs-energy-pouches-citrus\/#breadcrumb"},"inLanguage":"pl-PL","potentialAction":[{"@type":"ReadAction","target":["https:\/\/fedrs.eu\/pl\/shop\/fedrs-energy-pouches-citrus\/"]}]},{"@type":"ImageObject","inLanguage":"pl-PL","@id":"https:\/\/fedrs.eu\/pl\/shop\/fedrs-energy-pouches-citrus\/#primaryimage","url":"https:\/\/fedrs.eu\/wp-content\/uploads\/2025\/08\/ENERGY_CITRUS_02.png","contentUrl":"https:\/\/fedrs.eu\/wp-content\/uploads\/2025\/08\/ENERGY_CITRUS_02.png","width":1200,"height":1200},{"@type":"BreadcrumbList","@id":"https:\/\/fedrs.eu\/pl\/shop\/fedrs-energy-pouches-citrus\/#breadcrumb","itemListElement":[{"@type":"ListItem","position":1,"name":"Strona g\u0142\u00f3wna","item":"https:\/\/fedrs.eu\/pl\/"},{"@type":"ListItem","position":2,"name":"Sklep","item":"https:\/\/fedrs.eu\/pl\/shop\/"},{"@type":"ListItem","position":3,"name":"Fedrs Energy Pouches Citrus"}]},{"@type":"WebSite","@id":"https:\/\/fedrs.eu\/pl\/#website","url":"https:\/\/fedrs.eu\/pl\/","name":"fedrs.eu","description":"","publisher":{"@id":"https:\/\/fedrs.eu\/pl\/#organization"},"potentialAction":[{"@type":"SearchAction","target":{"@type":"EntryPoint","urlTemplate":"https:\/\/fedrs.eu\/pl\/?s={search_term_string}"},"query-input":{"@type":"PropertyValueSpecification","valueRequired":true,"valueName":"search_term_string"}}],"inLanguage":"pl-PL"},{"@type":"Organization","@id":"https:\/\/fedrs.eu\/pl\/#organization","name":"Fedrs sp.z o.o","url":"https:\/\/fedrs.eu\/pl\/","logo":{"@type":"ImageObject","inLanguage":"pl-PL","@id":"https:\/\/fedrs.eu\/pl\/#\/schema\/logo\/image\/","url":"https:\/\/fedrs.eu\/wp-content\/uploads\/2024\/12\/image-52.png","contentUrl":"https:\/\/fedrs.eu\/wp-content\/uploads\/2024\/12\/image-52.png","width":97,"height":30,"caption":"Fedrs sp.z o.o"},"image":{"@id":"https:\/\/fedrs.eu\/pl\/#\/schema\/logo\/image\/"},"publishingPrinciples":"https:\/\/fedrs.eu\/terms-and-conditions\/"}]},"product_brand":"Fedrs Energy","og_availability":"out of stock","product_availability":"out of stock","product_condition":"new"},"_links":{"self":[{"href":"https:\/\/fedrs.eu\/pl\/wp-json\/wp\/v2\/product\/35660","targetHints":{"allow":["GET"]}}],"collection":[{"href":"https:\/\/fedrs.eu\/pl\/wp-json\/wp\/v2\/product"}],"about":[{"href":"https:\/\/fedrs.eu\/pl\/wp-json\/wp\/v2\/types\/product"}],"replies":[{"embeddable":true,"href":"https:\/\/fedrs.eu\/pl\/wp-json\/wp\/v2\/comments?post=35660"}],"wp:featuredmedia":[{"embeddable":true,"href":"https:\/\/fedrs.eu\/pl\/wp-json\/wp\/v2\/media\/35656"}],"wp:attachment":[{"href":"https:\/\/fedrs.eu\/pl\/wp-json\/wp\/v2\/media?parent=35660"}],"wp:term":[{"taxonomy":"product_brand","embeddable":true,"href":"https:\/\/fedrs.eu\/pl\/wp-json\/wp\/v2\/product_brand?post=35660"},{"taxonomy":"product_cat","embeddable":true,"href":"https:\/\/fedrs.eu\/pl\/wp-json\/wp\/v2\/product_cat?post=35660"},{"taxonomy":"product_tag","embeddable":true,"href":"https:\/\/fedrs.eu\/pl\/wp-json\/wp\/v2\/product_tag?post=35660"}],"curies":[{"name":"wp","href":"https:\/\/api.w.org\/{rel}","templated":true}]}}