{"id":35616,"date":"2025-08-22T17:37:24","date_gmt":"2025-08-22T15:37:24","guid":{"rendered":"https:\/\/fedrs.eu\/shop\/fedrs-energy-pouches-blueberry\/"},"modified":"2026-01-29T14:06:48","modified_gmt":"2026-01-29T13:06:48","slug":"fedrs-energy-pouches-blueberry","status":"publish","type":"product","link":"https:\/\/fedrs.eu\/pl\/shop\/fedrs-energy-pouches-blueberry\/","title":{"rendered":"Fedrs Energy Pouches Blueberry"},"content":{"rendered":"<p><span data-sheets-root=\"1\">Do\u015bwiadcz intensywnej eksplozji soczystych dzikich jag\u00f3d z ka\u017cd\u0105 saszetk\u0105 Fedrs Blueberry. Od pierwszej chwili smak otwiera si\u0119 bogatym, s\u0142odkim profilem jagodowym, kt\u00f3ry jest zar\u00f3wno orze\u017awiaj\u0105cy, jak i odwa\u017cny. Ka\u017cda saszetka zawiera 65 mg czystej kofeiny, zaprojektowanej tak, aby zapewni\u0107 szybko dzia\u0142aj\u0105cy przyp\u0142yw energii, gdy tylko zajdzie taka potrzeba.<br \/>\nNiezale\u017cnie od tego, czy zaczynasz dzie\u0144, czy walczysz z popo\u0142udniowym zastojem, ta saszetka \u0142\u0105czy w sobie naturalnie s\u0142odki smak i ostre uderzenie kofeiny w jednym kompaktowym formacie. Bez cukru, bez ba\u0142aganu, bez kompromis\u00f3w. Po prostu czysta, skoncentrowana energia i niepowtarzalny smak jag\u00f3d, zawsze gotowy w kieszeni.    <\/span><\/p>\n","protected":false},"excerpt":{"rendered":"<p>Do\u015bwiadcz intensywnej eksplozji soczystych dzikich jag\u00f3d z ka\u017cd\u0105 saszetk\u0105 Fedrs Blueberry. Od pierwszej chwili smak otwiera si\u0119 bogatym, s\u0142odkim profilem jagodowym, kt\u00f3ry jest zar\u00f3wno orze\u017awiaj\u0105cy, jak<span class=\"excerpt-hellip\"> [\u2026]<\/span><\/p>\n","protected":false},"featured_media":35632,"comment_status":"open","ping_status":"closed","template":"","meta":{"googlesitekit_rrm_CAowmrG7DA:productID":""},"product_brand":[],"product_cat":[622,584,808],"product_tag":[],"class_list":{"0":"post-35616","1":"product","2":"type-product","3":"status-publish","4":"has-post-thumbnail","6":"product_cat-jagody-pl","7":"product_cat-nowosc","8":"product_cat-saszetki-energetyczne","10":"first","11":"instock","12":"taxable","13":"shipping-taxable","14":"purchasable","15":"product-type-variable","16":"has-default-attributes"},"yoast_head":"<!-- This site is optimized with the Yoast SEO Premium plugin v26.5 (Yoast SEO v27.3) - https:\/\/yoast.com\/product\/yoast-seo-premium-wordpress\/ -->\n<title>Fedrs Energy Pouches Blueberry - Woreczek z kofein\u0105 65 mg<\/title>\n<meta name=\"description\" content=\"Soczysta jagodowa saszetka z kofein\u0105 dla ostrej energii na \u017c\u0105danie. Czysty, szybki i bezcukrowy zastrzyk energii w Pa\u0144stwa kieszeni.\" \/>\n<meta name=\"robots\" content=\"index, follow, max-snippet:-1, max-image-preview:large, max-video-preview:-1\" \/>\n<link rel=\"canonical\" href=\"https:\/\/fedrs.eu\/pl\/shop\/fedrs-energy-pouches-blueberry\/\" \/>\n<meta property=\"og:locale\" content=\"pl_PL\" \/>\n<meta property=\"og:type\" content=\"article\" \/>\n<meta property=\"og:title\" content=\"Fedrs Energy Pouches Blueberry\" \/>\n<meta property=\"og:description\" content=\"Soczysta jagodowa saszetka z kofein\u0105 dla ostrej energii na \u017c\u0105danie. Czysty, szybki i bezcukrowy zastrzyk energii w Pa\u0144stwa kieszeni.\" \/>\n<meta property=\"og:url\" content=\"https:\/\/fedrs.eu\/pl\/shop\/fedrs-energy-pouches-blueberry\/\" \/>\n<meta property=\"og:site_name\" content=\"fedrs.eu\" \/>\n<meta property=\"article:modified_time\" content=\"2026-01-29T13:06:48+00:00\" \/>\n<meta property=\"og:image\" content=\"https:\/\/fedrs.eu\/wp-content\/uploads\/2025\/08\/ENERGY_BLUEBERRY_02.png\" \/>\n\t<meta property=\"og:image:width\" content=\"1200\" \/>\n\t<meta property=\"og:image:height\" content=\"1200\" \/>\n\t<meta property=\"og:image:type\" content=\"image\/png\" \/>\n<meta name=\"twitter:card\" content=\"summary_large_image\" \/>\n<meta name=\"twitter:label1\" content=\"Dost\u0119pno\u015b\u0107\" \/>\n\t<meta name=\"twitter:data1\" content=\"Dost\u0119pny\" \/>\n<script type=\"application\/ld+json\" class=\"yoast-schema-graph\">{\"@context\":\"https:\\\/\\\/schema.org\",\"@graph\":[{\"@type\":\"WebPage\",\"@id\":\"https:\\\/\\\/fedrs.eu\\\/pl\\\/shop\\\/fedrs-energy-pouches-blueberry\\\/\",\"url\":\"https:\\\/\\\/fedrs.eu\\\/pl\\\/shop\\\/fedrs-energy-pouches-blueberry\\\/\",\"name\":\"Fedrs Energy Pouches Blueberry - Woreczek z kofein\u0105 65 mg\",\"isPartOf\":{\"@id\":\"https:\\\/\\\/fedrs.eu\\\/pl\\\/#website\"},\"primaryImageOfPage\":{\"@id\":\"https:\\\/\\\/fedrs.eu\\\/pl\\\/shop\\\/fedrs-energy-pouches-blueberry\\\/#primaryimage\"},\"image\":{\"@id\":\"https:\\\/\\\/fedrs.eu\\\/pl\\\/shop\\\/fedrs-energy-pouches-blueberry\\\/#primaryimage\"},\"thumbnailUrl\":\"https:\\\/\\\/fedrs.eu\\\/wp-content\\\/uploads\\\/2025\\\/08\\\/ENERGY_BLUEBERRY_02.png\",\"datePublished\":\"2025-08-22T15:37:24+00:00\",\"dateModified\":\"2026-01-29T13:06:48+00:00\",\"description\":\"Soczysta jagodowa saszetka z kofein\u0105 dla ostrej energii na \u017c\u0105danie. Czysty, szybki i bezcukrowy zastrzyk energii w Pa\u0144stwa kieszeni.\",\"breadcrumb\":{\"@id\":\"https:\\\/\\\/fedrs.eu\\\/pl\\\/shop\\\/fedrs-energy-pouches-blueberry\\\/#breadcrumb\"},\"inLanguage\":\"pl-PL\",\"potentialAction\":[{\"@type\":\"ReadAction\",\"target\":[\"https:\\\/\\\/fedrs.eu\\\/pl\\\/shop\\\/fedrs-energy-pouches-blueberry\\\/\"]}]},{\"@type\":\"ImageObject\",\"inLanguage\":\"pl-PL\",\"@id\":\"https:\\\/\\\/fedrs.eu\\\/pl\\\/shop\\\/fedrs-energy-pouches-blueberry\\\/#primaryimage\",\"url\":\"https:\\\/\\\/fedrs.eu\\\/wp-content\\\/uploads\\\/2025\\\/08\\\/ENERGY_BLUEBERRY_02.png\",\"contentUrl\":\"https:\\\/\\\/fedrs.eu\\\/wp-content\\\/uploads\\\/2025\\\/08\\\/ENERGY_BLUEBERRY_02.png\",\"width\":1200,\"height\":1200},{\"@type\":\"BreadcrumbList\",\"@id\":\"https:\\\/\\\/fedrs.eu\\\/pl\\\/shop\\\/fedrs-energy-pouches-blueberry\\\/#breadcrumb\",\"itemListElement\":[{\"@type\":\"ListItem\",\"position\":1,\"name\":\"Strona g\u0142\u00f3wna\",\"item\":\"https:\\\/\\\/fedrs.eu\\\/pl\\\/\"},{\"@type\":\"ListItem\",\"position\":2,\"name\":\"Sklep\",\"item\":\"https:\\\/\\\/fedrs.eu\\\/pl\\\/shop\\\/\"},{\"@type\":\"ListItem\",\"position\":3,\"name\":\"Fedrs Energy Pouches Blueberry\"}]},{\"@type\":\"WebSite\",\"@id\":\"https:\\\/\\\/fedrs.eu\\\/pl\\\/#website\",\"url\":\"https:\\\/\\\/fedrs.eu\\\/pl\\\/\",\"name\":\"fedrs.eu\",\"description\":\"\",\"publisher\":{\"@id\":\"https:\\\/\\\/fedrs.eu\\\/pl\\\/#organization\"},\"potentialAction\":[{\"@type\":\"SearchAction\",\"target\":{\"@type\":\"EntryPoint\",\"urlTemplate\":\"https:\\\/\\\/fedrs.eu\\\/pl\\\/?s={search_term_string}\"},\"query-input\":{\"@type\":\"PropertyValueSpecification\",\"valueRequired\":true,\"valueName\":\"search_term_string\"}}],\"inLanguage\":\"pl-PL\"},{\"@type\":\"Organization\",\"@id\":\"https:\\\/\\\/fedrs.eu\\\/pl\\\/#organization\",\"name\":\"Fedrs sp.z o.o\",\"url\":\"https:\\\/\\\/fedrs.eu\\\/pl\\\/\",\"logo\":{\"@type\":\"ImageObject\",\"inLanguage\":\"pl-PL\",\"@id\":\"https:\\\/\\\/fedrs.eu\\\/pl\\\/#\\\/schema\\\/logo\\\/image\\\/\",\"url\":\"https:\\\/\\\/fedrs.eu\\\/wp-content\\\/uploads\\\/2024\\\/12\\\/image-52.png\",\"contentUrl\":\"https:\\\/\\\/fedrs.eu\\\/wp-content\\\/uploads\\\/2024\\\/12\\\/image-52.png\",\"width\":97,\"height\":30,\"caption\":\"Fedrs sp.z o.o\"},\"image\":{\"@id\":\"https:\\\/\\\/fedrs.eu\\\/pl\\\/#\\\/schema\\\/logo\\\/image\\\/\"},\"publishingPrinciples\":\"https:\\\/\\\/fedrs.eu\\\/terms-and-conditions\\\/\"}]}<\/script>\n<meta property=\"product:brand\" content=\"Fedrs Energy\" \/>\n<meta property=\"og:availability\" content=\"instock\" \/>\n<meta property=\"product:availability\" content=\"instock\" \/>\n<meta property=\"product:condition\" content=\"new\" \/>\n<!-- \/ Yoast SEO Premium plugin. -->","yoast_head_json":{"title":"Fedrs Energy Pouches Blueberry - Woreczek z kofein\u0105 65 mg","description":"Soczysta jagodowa saszetka z kofein\u0105 dla ostrej energii na \u017c\u0105danie. Czysty, szybki i bezcukrowy zastrzyk energii w Pa\u0144stwa kieszeni.","robots":{"index":"index","follow":"follow","max-snippet":"max-snippet:-1","max-image-preview":"max-image-preview:large","max-video-preview":"max-video-preview:-1"},"canonical":"https:\/\/fedrs.eu\/pl\/shop\/fedrs-energy-pouches-blueberry\/","og_locale":"pl_PL","og_type":"article","og_title":"Fedrs Energy Pouches Blueberry","og_description":"Soczysta jagodowa saszetka z kofein\u0105 dla ostrej energii na \u017c\u0105danie. Czysty, szybki i bezcukrowy zastrzyk energii w Pa\u0144stwa kieszeni.","og_url":"https:\/\/fedrs.eu\/pl\/shop\/fedrs-energy-pouches-blueberry\/","og_site_name":"fedrs.eu","article_modified_time":"2026-01-29T13:06:48+00:00","og_image":[{"width":1200,"height":1200,"url":"https:\/\/fedrs.eu\/wp-content\/uploads\/2025\/08\/ENERGY_BLUEBERRY_02.png","type":"image\/png"}],"twitter_card":"summary_large_image","twitter_misc":{"Dost\u0119pno\u015b\u0107":"Dost\u0119pny"},"schema":{"@context":"https:\/\/schema.org","@graph":[{"@type":"WebPage","@id":"https:\/\/fedrs.eu\/pl\/shop\/fedrs-energy-pouches-blueberry\/","url":"https:\/\/fedrs.eu\/pl\/shop\/fedrs-energy-pouches-blueberry\/","name":"Fedrs Energy Pouches Blueberry - Woreczek z kofein\u0105 65 mg","isPartOf":{"@id":"https:\/\/fedrs.eu\/pl\/#website"},"primaryImageOfPage":{"@id":"https:\/\/fedrs.eu\/pl\/shop\/fedrs-energy-pouches-blueberry\/#primaryimage"},"image":{"@id":"https:\/\/fedrs.eu\/pl\/shop\/fedrs-energy-pouches-blueberry\/#primaryimage"},"thumbnailUrl":"https:\/\/fedrs.eu\/wp-content\/uploads\/2025\/08\/ENERGY_BLUEBERRY_02.png","datePublished":"2025-08-22T15:37:24+00:00","dateModified":"2026-01-29T13:06:48+00:00","description":"Soczysta jagodowa saszetka z kofein\u0105 dla ostrej energii na \u017c\u0105danie. Czysty, szybki i bezcukrowy zastrzyk energii w Pa\u0144stwa kieszeni.","breadcrumb":{"@id":"https:\/\/fedrs.eu\/pl\/shop\/fedrs-energy-pouches-blueberry\/#breadcrumb"},"inLanguage":"pl-PL","potentialAction":[{"@type":"ReadAction","target":["https:\/\/fedrs.eu\/pl\/shop\/fedrs-energy-pouches-blueberry\/"]}]},{"@type":"ImageObject","inLanguage":"pl-PL","@id":"https:\/\/fedrs.eu\/pl\/shop\/fedrs-energy-pouches-blueberry\/#primaryimage","url":"https:\/\/fedrs.eu\/wp-content\/uploads\/2025\/08\/ENERGY_BLUEBERRY_02.png","contentUrl":"https:\/\/fedrs.eu\/wp-content\/uploads\/2025\/08\/ENERGY_BLUEBERRY_02.png","width":1200,"height":1200},{"@type":"BreadcrumbList","@id":"https:\/\/fedrs.eu\/pl\/shop\/fedrs-energy-pouches-blueberry\/#breadcrumb","itemListElement":[{"@type":"ListItem","position":1,"name":"Strona g\u0142\u00f3wna","item":"https:\/\/fedrs.eu\/pl\/"},{"@type":"ListItem","position":2,"name":"Sklep","item":"https:\/\/fedrs.eu\/pl\/shop\/"},{"@type":"ListItem","position":3,"name":"Fedrs Energy Pouches Blueberry"}]},{"@type":"WebSite","@id":"https:\/\/fedrs.eu\/pl\/#website","url":"https:\/\/fedrs.eu\/pl\/","name":"fedrs.eu","description":"","publisher":{"@id":"https:\/\/fedrs.eu\/pl\/#organization"},"potentialAction":[{"@type":"SearchAction","target":{"@type":"EntryPoint","urlTemplate":"https:\/\/fedrs.eu\/pl\/?s={search_term_string}"},"query-input":{"@type":"PropertyValueSpecification","valueRequired":true,"valueName":"search_term_string"}}],"inLanguage":"pl-PL"},{"@type":"Organization","@id":"https:\/\/fedrs.eu\/pl\/#organization","name":"Fedrs sp.z o.o","url":"https:\/\/fedrs.eu\/pl\/","logo":{"@type":"ImageObject","inLanguage":"pl-PL","@id":"https:\/\/fedrs.eu\/pl\/#\/schema\/logo\/image\/","url":"https:\/\/fedrs.eu\/wp-content\/uploads\/2024\/12\/image-52.png","contentUrl":"https:\/\/fedrs.eu\/wp-content\/uploads\/2024\/12\/image-52.png","width":97,"height":30,"caption":"Fedrs sp.z o.o"},"image":{"@id":"https:\/\/fedrs.eu\/pl\/#\/schema\/logo\/image\/"},"publishingPrinciples":"https:\/\/fedrs.eu\/terms-and-conditions\/"}]},"product_brand":"Fedrs Energy","og_availability":"instock","product_availability":"instock","product_condition":"new"},"_links":{"self":[{"href":"https:\/\/fedrs.eu\/pl\/wp-json\/wp\/v2\/product\/35616","targetHints":{"allow":["GET"]}}],"collection":[{"href":"https:\/\/fedrs.eu\/pl\/wp-json\/wp\/v2\/product"}],"about":[{"href":"https:\/\/fedrs.eu\/pl\/wp-json\/wp\/v2\/types\/product"}],"replies":[{"embeddable":true,"href":"https:\/\/fedrs.eu\/pl\/wp-json\/wp\/v2\/comments?post=35616"}],"wp:featuredmedia":[{"embeddable":true,"href":"https:\/\/fedrs.eu\/pl\/wp-json\/wp\/v2\/media\/35632"}],"wp:attachment":[{"href":"https:\/\/fedrs.eu\/pl\/wp-json\/wp\/v2\/media?parent=35616"}],"wp:term":[{"taxonomy":"product_brand","embeddable":true,"href":"https:\/\/fedrs.eu\/pl\/wp-json\/wp\/v2\/product_brand?post=35616"},{"taxonomy":"product_cat","embeddable":true,"href":"https:\/\/fedrs.eu\/pl\/wp-json\/wp\/v2\/product_cat?post=35616"},{"taxonomy":"product_tag","embeddable":true,"href":"https:\/\/fedrs.eu\/pl\/wp-json\/wp\/v2\/product_tag?post=35616"}],"curies":[{"name":"wp","href":"https:\/\/api.w.org\/{rel}","templated":true}]}}