{"id":17636,"date":"2022-08-11T10:42:07","date_gmt":"2022-08-11T08:42:07","guid":{"rendered":"https:\/\/fedrs.eu\/?post_type=shop_order_placehold&#038;p=17636"},"modified":"2025-08-29T11:07:09","modified_gmt":"2025-08-29T09:07:09","slug":"strona-glowna","status":"publish","type":"page","link":"https:\/\/fedrs.eu\/pl\/","title":{"rendered":"Strona g\u0142\u00f3wna"},"content":{"rendered":"","protected":false},"excerpt":{"rendered":"","protected":false},"author":1,"featured_media":0,"parent":0,"menu_order":0,"comment_status":"open","ping_status":"closed","template":"","meta":{"googlesitekit_rrm_CAowmrG7DA:productID":"","footnotes":""},"class_list":["post-17636","page","type-page","status-publish","hentry"],"yoast_head":"<!-- This site is optimized with the Yoast SEO Premium plugin v26.5 (Yoast SEO v27.2) - https:\/\/yoast.com\/product\/yoast-seo-premium-wordpress\/ -->\n<title>FEDRS Energy Pouches \u2013 czysta energia w saszetkach<\/title>\n<meta name=\"description\" content=\"Energy Pouches FEDRS to czysta kofeina lub po\u0142\u0105czenie z L-teanin\u0105 i witamin\u0105 D3. Zero kalorii, \u015bwietny smak i wygoda w ka\u017cdej chwili\" \/>\n<meta name=\"robots\" content=\"index, follow, max-snippet:-1, max-image-preview:large, max-video-preview:-1\" \/>\n<link rel=\"canonical\" href=\"https:\/\/fedrs.eu\/pl\/\" \/>\n<meta property=\"og:locale\" content=\"pl_PL\" \/>\n<meta property=\"og:type\" content=\"article\" \/>\n<meta property=\"og:title\" content=\"Strona g\u0142\u00f3wna\" \/>\n<meta property=\"og:description\" content=\"Energy Pouches FEDRS to czysta kofeina lub po\u0142\u0105czenie z L-teanin\u0105 i witamin\u0105 D3. Zero kalorii, \u015bwietny smak i wygoda w ka\u017cdej chwili\" \/>\n<meta property=\"og:url\" content=\"https:\/\/fedrs.eu\/pl\/\" \/>\n<meta property=\"og:site_name\" content=\"fedrs.eu\" \/>\n<meta property=\"article:modified_time\" content=\"2025-08-29T09:07:09+00:00\" \/>\n<meta name=\"twitter:card\" content=\"summary_large_image\" \/>\n<script type=\"application\/ld+json\" class=\"yoast-schema-graph\">{\"@context\":\"https:\/\/schema.org\",\"@graph\":[{\"@type\":\"WebPage\",\"@id\":\"https:\/\/fedrs.eu\/pl\/\",\"url\":\"https:\/\/fedrs.eu\/pl\/\",\"name\":\"FEDRS Energy Pouches \u2013 czysta energia w saszetkach\",\"isPartOf\":{\"@id\":\"https:\/\/fedrs.eu\/pl\/#website\"},\"datePublished\":\"2022-08-11T08:42:07+00:00\",\"dateModified\":\"2025-08-29T09:07:09+00:00\",\"description\":\"Energy Pouches FEDRS to czysta kofeina lub po\u0142\u0105czenie z L-teanin\u0105 i witamin\u0105 D3. Zero kalorii, \u015bwietny smak i wygoda w ka\u017cdej chwili\",\"breadcrumb\":{\"@id\":\"https:\/\/fedrs.eu\/pl\/#breadcrumb\"},\"inLanguage\":\"pl-PL\",\"potentialAction\":[{\"@type\":\"ReadAction\",\"target\":[\"https:\/\/fedrs.eu\/pl\/\"]}]},{\"@type\":\"BreadcrumbList\",\"@id\":\"https:\/\/fedrs.eu\/pl\/#breadcrumb\",\"itemListElement\":[{\"@type\":\"ListItem\",\"position\":1,\"name\":\"Strona g\u0142\u00f3wna\",\"item\":\"https:\/\/fedrs.eu\/pl\/\"},{\"@type\":\"ListItem\",\"position\":2,\"name\":\"Strona g\u0142\u00f3wna\"}]},{\"@type\":\"WebSite\",\"@id\":\"https:\/\/fedrs.eu\/pl\/#website\",\"url\":\"https:\/\/fedrs.eu\/pl\/\",\"name\":\"fedrs.eu\",\"description\":\"\",\"publisher\":{\"@id\":\"https:\/\/fedrs.eu\/pl\/#organization\"},\"potentialAction\":[{\"@type\":\"SearchAction\",\"target\":{\"@type\":\"EntryPoint\",\"urlTemplate\":\"https:\/\/fedrs.eu\/pl\/?s={search_term_string}\"},\"query-input\":{\"@type\":\"PropertyValueSpecification\",\"valueRequired\":true,\"valueName\":\"search_term_string\"}}],\"inLanguage\":\"pl-PL\"},{\"@type\":\"Organization\",\"@id\":\"https:\/\/fedrs.eu\/pl\/#organization\",\"name\":\"Fedrs sp.z o.o\",\"url\":\"https:\/\/fedrs.eu\/pl\/\",\"logo\":{\"@type\":\"ImageObject\",\"inLanguage\":\"pl-PL\",\"@id\":\"https:\/\/fedrs.eu\/pl\/#\/schema\/logo\/image\/\",\"url\":\"https:\/\/fedrs.eu\/wp-content\/uploads\/2024\/12\/image-52.png\",\"contentUrl\":\"https:\/\/fedrs.eu\/wp-content\/uploads\/2024\/12\/image-52.png\",\"width\":97,\"height\":30,\"caption\":\"Fedrs sp.z o.o\"},\"image\":{\"@id\":\"https:\/\/fedrs.eu\/pl\/#\/schema\/logo\/image\/\"},\"publishingPrinciples\":\"https:\/\/fedrs.eu\/terms-and-conditions\/\"}]}<\/script>\n<!-- \/ Yoast SEO Premium plugin. -->","yoast_head_json":{"title":"FEDRS Energy Pouches \u2013 czysta energia w saszetkach","description":"Energy Pouches FEDRS to czysta kofeina lub po\u0142\u0105czenie z L-teanin\u0105 i witamin\u0105 D3. Zero kalorii, \u015bwietny smak i wygoda w ka\u017cdej chwili","robots":{"index":"index","follow":"follow","max-snippet":"max-snippet:-1","max-image-preview":"max-image-preview:large","max-video-preview":"max-video-preview:-1"},"canonical":"https:\/\/fedrs.eu\/pl\/","og_locale":"pl_PL","og_type":"article","og_title":"Strona g\u0142\u00f3wna","og_description":"Energy Pouches FEDRS to czysta kofeina lub po\u0142\u0105czenie z L-teanin\u0105 i witamin\u0105 D3. Zero kalorii, \u015bwietny smak i wygoda w ka\u017cdej chwili","og_url":"https:\/\/fedrs.eu\/pl\/","og_site_name":"fedrs.eu","article_modified_time":"2025-08-29T09:07:09+00:00","twitter_card":"summary_large_image","schema":{"@context":"https:\/\/schema.org","@graph":[{"@type":"WebPage","@id":"https:\/\/fedrs.eu\/pl\/","url":"https:\/\/fedrs.eu\/pl\/","name":"FEDRS Energy Pouches \u2013 czysta energia w saszetkach","isPartOf":{"@id":"https:\/\/fedrs.eu\/pl\/#website"},"datePublished":"2022-08-11T08:42:07+00:00","dateModified":"2025-08-29T09:07:09+00:00","description":"Energy Pouches FEDRS to czysta kofeina lub po\u0142\u0105czenie z L-teanin\u0105 i witamin\u0105 D3. Zero kalorii, \u015bwietny smak i wygoda w ka\u017cdej chwili","breadcrumb":{"@id":"https:\/\/fedrs.eu\/pl\/#breadcrumb"},"inLanguage":"pl-PL","potentialAction":[{"@type":"ReadAction","target":["https:\/\/fedrs.eu\/pl\/"]}]},{"@type":"BreadcrumbList","@id":"https:\/\/fedrs.eu\/pl\/#breadcrumb","itemListElement":[{"@type":"ListItem","position":1,"name":"Strona g\u0142\u00f3wna","item":"https:\/\/fedrs.eu\/pl\/"},{"@type":"ListItem","position":2,"name":"Strona g\u0142\u00f3wna"}]},{"@type":"WebSite","@id":"https:\/\/fedrs.eu\/pl\/#website","url":"https:\/\/fedrs.eu\/pl\/","name":"fedrs.eu","description":"","publisher":{"@id":"https:\/\/fedrs.eu\/pl\/#organization"},"potentialAction":[{"@type":"SearchAction","target":{"@type":"EntryPoint","urlTemplate":"https:\/\/fedrs.eu\/pl\/?s={search_term_string}"},"query-input":{"@type":"PropertyValueSpecification","valueRequired":true,"valueName":"search_term_string"}}],"inLanguage":"pl-PL"},{"@type":"Organization","@id":"https:\/\/fedrs.eu\/pl\/#organization","name":"Fedrs sp.z o.o","url":"https:\/\/fedrs.eu\/pl\/","logo":{"@type":"ImageObject","inLanguage":"pl-PL","@id":"https:\/\/fedrs.eu\/pl\/#\/schema\/logo\/image\/","url":"https:\/\/fedrs.eu\/wp-content\/uploads\/2024\/12\/image-52.png","contentUrl":"https:\/\/fedrs.eu\/wp-content\/uploads\/2024\/12\/image-52.png","width":97,"height":30,"caption":"Fedrs sp.z o.o"},"image":{"@id":"https:\/\/fedrs.eu\/pl\/#\/schema\/logo\/image\/"},"publishingPrinciples":"https:\/\/fedrs.eu\/terms-and-conditions\/"}]}},"_links":{"self":[{"href":"https:\/\/fedrs.eu\/pl\/wp-json\/wp\/v2\/pages\/17636","targetHints":{"allow":["GET"]}}],"collection":[{"href":"https:\/\/fedrs.eu\/pl\/wp-json\/wp\/v2\/pages"}],"about":[{"href":"https:\/\/fedrs.eu\/pl\/wp-json\/wp\/v2\/types\/page"}],"author":[{"embeddable":true,"href":"https:\/\/fedrs.eu\/pl\/wp-json\/wp\/v2\/users\/1"}],"replies":[{"embeddable":true,"href":"https:\/\/fedrs.eu\/pl\/wp-json\/wp\/v2\/comments?post=17636"}],"version-history":[{"count":1,"href":"https:\/\/fedrs.eu\/pl\/wp-json\/wp\/v2\/pages\/17636\/revisions"}],"predecessor-version":[{"id":17959,"href":"https:\/\/fedrs.eu\/pl\/wp-json\/wp\/v2\/pages\/17636\/revisions\/17959"}],"wp:attachment":[{"href":"https:\/\/fedrs.eu\/pl\/wp-json\/wp\/v2\/media?parent=17636"}],"curies":[{"name":"wp","href":"https:\/\/api.w.org\/{rel}","templated":true}]}}