{"id":46049,"date":"2025-09-18T07:41:37","date_gmt":"2025-09-18T05:41:37","guid":{"rendered":"https:\/\/fedrs.eu\/shop\/intertabac-trial-pack-light\/"},"modified":"2025-09-18T07:41:37","modified_gmt":"2025-09-18T05:41:37","slug":"intertabac-trial-pack-light","status":"publish","type":"product","link":"https:\/\/fedrs.eu\/fr\/shop\/intertabac-trial-pack-light\/","title":{"rendered":"InterTabac Trial Pack Light"},"content":{"rendered":"<p>Dans toute l&rsquo;Europe, les gammes de sachets sup\u00e9rieurs \u00e0 20 mg\/g de nicotine sont strictement limit\u00e9es. FEDRS Ice Cool Light a \u00e9t\u00e9 con\u00e7u exactement pour ces conditions : un taux de nicotine conforme combin\u00e9 \u00e0 des saveurs audacieuses et rafra\u00eechissantes qui attirent le grand public. <\/p>\n<p>Cet ensemble comprend des ar\u00f4mes qui sont tr\u00e8s performants dans le commerce de d\u00e9tail et qui g\u00e9n\u00e8rent des ventes r\u00e9p\u00e9t\u00e9es : Menthe l\u00e9g\u00e8re, Menthe glac\u00e9e l\u00e9g\u00e8re, Cola l\u00e9ger et Citron vert l\u00e9ger. Ensemble, ils couvrent l&rsquo;essentiel - des choix classiques (menthe) aux options plus originales (cola, citron vert). <\/p>\n<p>&nbsp;<\/p>\n<p>Disponible exclusivement \u00e0 InterTabac 2025 (18-20 septembre) \u00e0 un prix sp\u00e9cial exposition. Les quantit\u00e9s sont limit\u00e9es. C&rsquo;est le meilleur moyen de tester une gamme qui r\u00e9pond aux exigences r\u00e9glementaires de la plupart des march\u00e9s europ\u00e9ens et qui apporte une valeur ajout\u00e9e av\u00e9r\u00e9e \u00e0 votre rayon.  <\/p>\n","protected":false},"excerpt":{"rendered":"<p>Dans toute l&rsquo;Europe, les gammes de sachets sup\u00e9rieurs \u00e0 20 mg\/g de nicotine sont strictement limit\u00e9es. FEDRS Ice Cool Light a \u00e9t\u00e9 con\u00e7u exactement pour ces<span class=\"excerpt-hellip\"> [\u2026]<\/span><\/p>\n","protected":false},"featured_media":46037,"comment_status":"closed","ping_status":"closed","template":"","meta":{"googlesitekit_rrm_CAowmrG7DA:productID":""},"product_brand":[],"product_cat":[837],"product_tag":[],"class_list":{"0":"post-46049","1":"product","2":"type-product","3":"status-publish","4":"has-post-thumbnail","6":"product_cat-intertabac-fr","8":"first","9":"outofstock","10":"sold-individually","11":"taxable","12":"shipping-taxable","13":"product-type-variable","14":"has-default-attributes"},"yoast_head":"<!-- This site is optimized with the Yoast SEO Premium plugin v26.5 (Yoast SEO v27.3) - https:\/\/yoast.com\/product\/yoast-seo-premium-wordpress\/ -->\n<title>InterTabac Trial Pack Light<\/title>\n<meta name=\"robots\" content=\"index, follow, max-snippet:-1, max-image-preview:large, max-video-preview:-1\" \/>\n<link rel=\"canonical\" href=\"https:\/\/fedrs.eu\/fr\/shop\/intertabac-trial-pack-light\/\" \/>\n<meta property=\"og:locale\" content=\"fr_FR\" \/>\n<meta property=\"og:type\" content=\"article\" \/>\n<meta property=\"og:title\" content=\"InterTabac Trial Pack Light\" \/>\n<meta property=\"og:description\" content=\"Dans toute l&rsquo;Europe, les gammes de sachets sup\u00e9rieurs \u00e0 20 mg\/g de nicotine sont strictement limit\u00e9es. FEDRS Ice Cool Light a \u00e9t\u00e9 con\u00e7u exactement pour ces [\u2026]\" \/>\n<meta property=\"og:url\" content=\"https:\/\/fedrs.eu\/fr\/shop\/intertabac-trial-pack-light\/\" \/>\n<meta property=\"og:site_name\" content=\"fedrs.eu\" \/>\n<meta property=\"og:image\" content=\"https:\/\/fedrs.eu\/wp-content\/uploads\/2025\/09\/Bundle_light.png\" \/>\n\t<meta property=\"og:image:width\" content=\"960\" \/>\n\t<meta property=\"og:image:height\" content=\"960\" \/>\n\t<meta property=\"og:image:type\" content=\"image\/png\" \/>\n<meta name=\"twitter:card\" content=\"summary_large_image\" \/>\n<meta name=\"twitter:label1\" content=\"Disponibilit\u00e9\" \/>\n\t<meta name=\"twitter:data1\" content=\"Rupture de stock\" \/>\n<script type=\"application\/ld+json\" class=\"yoast-schema-graph\">{\"@context\":\"https:\\\/\\\/schema.org\",\"@graph\":[{\"@type\":\"WebPage\",\"@id\":\"https:\\\/\\\/fedrs.eu\\\/fr\\\/shop\\\/intertabac-trial-pack-light\\\/\",\"url\":\"https:\\\/\\\/fedrs.eu\\\/fr\\\/shop\\\/intertabac-trial-pack-light\\\/\",\"name\":\"InterTabac Trial Pack Light\",\"isPartOf\":{\"@id\":\"https:\\\/\\\/fedrs.eu\\\/fr\\\/#website\"},\"primaryImageOfPage\":{\"@id\":\"https:\\\/\\\/fedrs.eu\\\/fr\\\/shop\\\/intertabac-trial-pack-light\\\/#primaryimage\"},\"image\":{\"@id\":\"https:\\\/\\\/fedrs.eu\\\/fr\\\/shop\\\/intertabac-trial-pack-light\\\/#primaryimage\"},\"thumbnailUrl\":\"https:\\\/\\\/fedrs.eu\\\/wp-content\\\/uploads\\\/2025\\\/09\\\/Bundle_light.png\",\"datePublished\":\"2025-09-18T05:41:37+00:00\",\"breadcrumb\":{\"@id\":\"https:\\\/\\\/fedrs.eu\\\/fr\\\/shop\\\/intertabac-trial-pack-light\\\/#breadcrumb\"},\"inLanguage\":\"fr-FR\",\"potentialAction\":[{\"@type\":\"ReadAction\",\"target\":[\"https:\\\/\\\/fedrs.eu\\\/fr\\\/shop\\\/intertabac-trial-pack-light\\\/\"]}]},{\"@type\":\"ImageObject\",\"inLanguage\":\"fr-FR\",\"@id\":\"https:\\\/\\\/fedrs.eu\\\/fr\\\/shop\\\/intertabac-trial-pack-light\\\/#primaryimage\",\"url\":\"https:\\\/\\\/fedrs.eu\\\/wp-content\\\/uploads\\\/2025\\\/09\\\/Bundle_light.png\",\"contentUrl\":\"https:\\\/\\\/fedrs.eu\\\/wp-content\\\/uploads\\\/2025\\\/09\\\/Bundle_light.png\",\"width\":960,\"height\":960},{\"@type\":\"BreadcrumbList\",\"@id\":\"https:\\\/\\\/fedrs.eu\\\/fr\\\/shop\\\/intertabac-trial-pack-light\\\/#breadcrumb\",\"itemListElement\":[{\"@type\":\"ListItem\",\"position\":1,\"name\":\"Accueil\",\"item\":\"https:\\\/\\\/fedrs.eu\\\/fr\\\/\"},{\"@type\":\"ListItem\",\"position\":2,\"name\":\"Boutique\",\"item\":\"https:\\\/\\\/fedrs.eu\\\/fr\\\/shop\\\/\"},{\"@type\":\"ListItem\",\"position\":3,\"name\":\"InterTabac Trial Pack Light\"}]},{\"@type\":\"WebSite\",\"@id\":\"https:\\\/\\\/fedrs.eu\\\/fr\\\/#website\",\"url\":\"https:\\\/\\\/fedrs.eu\\\/fr\\\/\",\"name\":\"fedrs.eu\",\"description\":\"\",\"publisher\":{\"@id\":\"https:\\\/\\\/fedrs.eu\\\/fr\\\/#organization\"},\"potentialAction\":[{\"@type\":\"SearchAction\",\"target\":{\"@type\":\"EntryPoint\",\"urlTemplate\":\"https:\\\/\\\/fedrs.eu\\\/fr\\\/?s={search_term_string}\"},\"query-input\":{\"@type\":\"PropertyValueSpecification\",\"valueRequired\":true,\"valueName\":\"search_term_string\"}}],\"inLanguage\":\"fr-FR\"},{\"@type\":\"Organization\",\"@id\":\"https:\\\/\\\/fedrs.eu\\\/fr\\\/#organization\",\"name\":\"Fedrs sp.z o.o\",\"url\":\"https:\\\/\\\/fedrs.eu\\\/fr\\\/\",\"logo\":{\"@type\":\"ImageObject\",\"inLanguage\":\"fr-FR\",\"@id\":\"https:\\\/\\\/fedrs.eu\\\/fr\\\/#\\\/schema\\\/logo\\\/image\\\/\",\"url\":\"https:\\\/\\\/fedrs.eu\\\/wp-content\\\/uploads\\\/2024\\\/12\\\/image-52.png\",\"contentUrl\":\"https:\\\/\\\/fedrs.eu\\\/wp-content\\\/uploads\\\/2024\\\/12\\\/image-52.png\",\"width\":97,\"height\":30,\"caption\":\"Fedrs sp.z o.o\"},\"image\":{\"@id\":\"https:\\\/\\\/fedrs.eu\\\/fr\\\/#\\\/schema\\\/logo\\\/image\\\/\"},\"publishingPrinciples\":\"https:\\\/\\\/fedrs.eu\\\/terms-and-conditions\\\/\"}]}<\/script>\n<meta property=\"product:brand\" content=\"FEDRS Ice Cool\" \/>\n<meta property=\"og:availability\" content=\"out of stock\" \/>\n<meta property=\"product:availability\" content=\"out of stock\" \/>\n<meta property=\"product:condition\" content=\"new\" \/>\n<!-- \/ Yoast SEO Premium plugin. -->","yoast_head_json":{"title":"InterTabac Trial Pack Light","robots":{"index":"index","follow":"follow","max-snippet":"max-snippet:-1","max-image-preview":"max-image-preview:large","max-video-preview":"max-video-preview:-1"},"canonical":"https:\/\/fedrs.eu\/fr\/shop\/intertabac-trial-pack-light\/","og_locale":"fr_FR","og_type":"article","og_title":"InterTabac Trial Pack Light","og_description":"Dans toute l&rsquo;Europe, les gammes de sachets sup\u00e9rieurs \u00e0 20 mg\/g de nicotine sont strictement limit\u00e9es. FEDRS Ice Cool Light a \u00e9t\u00e9 con\u00e7u exactement pour ces [\u2026]","og_url":"https:\/\/fedrs.eu\/fr\/shop\/intertabac-trial-pack-light\/","og_site_name":"fedrs.eu","og_image":[{"width":960,"height":960,"url":"https:\/\/fedrs.eu\/wp-content\/uploads\/2025\/09\/Bundle_light.png","type":"image\/png"}],"twitter_card":"summary_large_image","twitter_misc":{"Disponibilit\u00e9":"Rupture de stock"},"schema":{"@context":"https:\/\/schema.org","@graph":[{"@type":"WebPage","@id":"https:\/\/fedrs.eu\/fr\/shop\/intertabac-trial-pack-light\/","url":"https:\/\/fedrs.eu\/fr\/shop\/intertabac-trial-pack-light\/","name":"InterTabac Trial Pack Light","isPartOf":{"@id":"https:\/\/fedrs.eu\/fr\/#website"},"primaryImageOfPage":{"@id":"https:\/\/fedrs.eu\/fr\/shop\/intertabac-trial-pack-light\/#primaryimage"},"image":{"@id":"https:\/\/fedrs.eu\/fr\/shop\/intertabac-trial-pack-light\/#primaryimage"},"thumbnailUrl":"https:\/\/fedrs.eu\/wp-content\/uploads\/2025\/09\/Bundle_light.png","datePublished":"2025-09-18T05:41:37+00:00","breadcrumb":{"@id":"https:\/\/fedrs.eu\/fr\/shop\/intertabac-trial-pack-light\/#breadcrumb"},"inLanguage":"fr-FR","potentialAction":[{"@type":"ReadAction","target":["https:\/\/fedrs.eu\/fr\/shop\/intertabac-trial-pack-light\/"]}]},{"@type":"ImageObject","inLanguage":"fr-FR","@id":"https:\/\/fedrs.eu\/fr\/shop\/intertabac-trial-pack-light\/#primaryimage","url":"https:\/\/fedrs.eu\/wp-content\/uploads\/2025\/09\/Bundle_light.png","contentUrl":"https:\/\/fedrs.eu\/wp-content\/uploads\/2025\/09\/Bundle_light.png","width":960,"height":960},{"@type":"BreadcrumbList","@id":"https:\/\/fedrs.eu\/fr\/shop\/intertabac-trial-pack-light\/#breadcrumb","itemListElement":[{"@type":"ListItem","position":1,"name":"Accueil","item":"https:\/\/fedrs.eu\/fr\/"},{"@type":"ListItem","position":2,"name":"Boutique","item":"https:\/\/fedrs.eu\/fr\/shop\/"},{"@type":"ListItem","position":3,"name":"InterTabac Trial Pack Light"}]},{"@type":"WebSite","@id":"https:\/\/fedrs.eu\/fr\/#website","url":"https:\/\/fedrs.eu\/fr\/","name":"fedrs.eu","description":"","publisher":{"@id":"https:\/\/fedrs.eu\/fr\/#organization"},"potentialAction":[{"@type":"SearchAction","target":{"@type":"EntryPoint","urlTemplate":"https:\/\/fedrs.eu\/fr\/?s={search_term_string}"},"query-input":{"@type":"PropertyValueSpecification","valueRequired":true,"valueName":"search_term_string"}}],"inLanguage":"fr-FR"},{"@type":"Organization","@id":"https:\/\/fedrs.eu\/fr\/#organization","name":"Fedrs sp.z o.o","url":"https:\/\/fedrs.eu\/fr\/","logo":{"@type":"ImageObject","inLanguage":"fr-FR","@id":"https:\/\/fedrs.eu\/fr\/#\/schema\/logo\/image\/","url":"https:\/\/fedrs.eu\/wp-content\/uploads\/2024\/12\/image-52.png","contentUrl":"https:\/\/fedrs.eu\/wp-content\/uploads\/2024\/12\/image-52.png","width":97,"height":30,"caption":"Fedrs sp.z o.o"},"image":{"@id":"https:\/\/fedrs.eu\/fr\/#\/schema\/logo\/image\/"},"publishingPrinciples":"https:\/\/fedrs.eu\/terms-and-conditions\/"}]},"product_brand":"FEDRS Ice Cool","og_availability":"out of stock","product_availability":"out of stock","product_condition":"new"},"_links":{"self":[{"href":"https:\/\/fedrs.eu\/fr\/wp-json\/wp\/v2\/product\/46049","targetHints":{"allow":["GET"]}}],"collection":[{"href":"https:\/\/fedrs.eu\/fr\/wp-json\/wp\/v2\/product"}],"about":[{"href":"https:\/\/fedrs.eu\/fr\/wp-json\/wp\/v2\/types\/product"}],"replies":[{"embeddable":true,"href":"https:\/\/fedrs.eu\/fr\/wp-json\/wp\/v2\/comments?post=46049"}],"wp:featuredmedia":[{"embeddable":true,"href":"https:\/\/fedrs.eu\/fr\/wp-json\/wp\/v2\/media\/46037"}],"wp:attachment":[{"href":"https:\/\/fedrs.eu\/fr\/wp-json\/wp\/v2\/media?parent=46049"}],"wp:term":[{"taxonomy":"product_brand","embeddable":true,"href":"https:\/\/fedrs.eu\/fr\/wp-json\/wp\/v2\/product_brand?post=46049"},{"taxonomy":"product_cat","embeddable":true,"href":"https:\/\/fedrs.eu\/fr\/wp-json\/wp\/v2\/product_cat?post=46049"},{"taxonomy":"product_tag","embeddable":true,"href":"https:\/\/fedrs.eu\/fr\/wp-json\/wp\/v2\/product_tag?post=46049"}],"curies":[{"name":"wp","href":"https:\/\/api.w.org\/{rel}","templated":true}]}}