{"id":35803,"date":"2025-08-24T13:02:59","date_gmt":"2025-08-24T11:02:59","guid":{"rendered":"https:\/\/fedrs.eu\/shop\/fedrs-energy-myrtille\/"},"modified":"2025-08-29T09:13:30","modified_gmt":"2025-08-29T07:13:30","slug":"fedrs-energy-myrtille","status":"publish","type":"product","link":"https:\/\/fedrs.eu\/fr\/shop\/fedrs-energy-myrtille\/","title":{"rendered":"Fedrs Energy Myrtille"},"content":{"rendered":"<p><span data-sheets-root=\"1\">Natural Fedrs Blueberry associe des baies foresti\u00e8res juteuses \u00e0 un m\u00e9lange scientifiquement prouv\u00e9 de 65 mg de caf\u00e9ine, de L-th\u00e9anine et de vitamine B3. Le r\u00e9sultat ? Une \u00e9nergie mentale propre et concentr\u00e9e, sans pic ni chute.  <\/span><\/p>\n<p>La L-th\u00e9anine \u00e9quilibre en douceur la caf\u00e9ine, contribuant \u00e0 r\u00e9duire le stress et la surstimulation, tandis que la vitamine B3 favorise un m\u00e9tabolisme \u00e9nerg\u00e9tique et un fonctionnement c\u00e9r\u00e9bral sains. Il ne s&rsquo;agit pas d&rsquo;une simple stimulation, mais d&rsquo;un \u00e9tat d&rsquo;esprit plus intelligent. <\/p>\n<p>Pas de d\u00e9sordre, pas de file d&rsquo;attente pour un caf\u00e9 hors de prix, pas de d\u00e9prime en milieu de journ\u00e9e. Que vous soyez en plein travail, en train de pr\u00e9parer une r\u00e9union ou en voyage, cette pochette vous permet de vous concentrer instantan\u00e9ment, proprement et \u00e9conomiquement. <\/p>\n","protected":false},"excerpt":{"rendered":"<p>Natural Fedrs Blueberry associe des baies foresti\u00e8res juteuses \u00e0 un m\u00e9lange scientifiquement prouv\u00e9 de 65 mg de caf\u00e9ine, de L-th\u00e9anine et de vitamine B3. Le r\u00e9sultat<span class=\"excerpt-hellip\"> [\u2026]<\/span><\/p>\n","protected":false},"featured_media":35816,"comment_status":"open","ping_status":"closed","template":"","meta":{"googlesitekit_rrm_CAowmrG7DA:productID":""},"product_brand":[],"product_cat":[635,753,807],"product_tag":[],"class_list":{"0":"post-35803","1":"product","2":"type-product","3":"status-publish","4":"has-post-thumbnail","6":"product_cat-baies","7":"product_cat-bientot","8":"product_cat-sachets-energetiques","10":"first","11":"instock","12":"taxable","13":"shipping-taxable","14":"product-type-variable","15":"has-default-attributes"},"yoast_head":"<!-- This site is optimized with the Yoast SEO Premium plugin v26.5 (Yoast SEO v27.3) - https:\/\/yoast.com\/product\/yoast-seo-premium-wordpress\/ -->\n<title>Fedrs Energy Blueberry - Focus Pouch avec caf\u00e9ine et B3<\/title>\n<meta name=\"description\" content=\"Ar\u00f4me de myrtille avec caf\u00e9ine, L-th\u00e9anine et B3. Favorise la clart\u00e9, la concentration calme et le m\u00e9tabolisme \u00e9nerg\u00e9tique quotidien.\" \/>\n<meta name=\"robots\" content=\"index, follow, max-snippet:-1, max-image-preview:large, max-video-preview:-1\" \/>\n<link rel=\"canonical\" href=\"https:\/\/fedrs.eu\/fr\/shop\/fedrs-energy-myrtille\/\" \/>\n<meta property=\"og:locale\" content=\"fr_FR\" \/>\n<meta property=\"og:type\" content=\"article\" \/>\n<meta property=\"og:title\" content=\"Fedrs Energy Myrtille\" \/>\n<meta property=\"og:description\" content=\"Ar\u00f4me de myrtille avec caf\u00e9ine, L-th\u00e9anine et B3. Favorise la clart\u00e9, la concentration calme et le m\u00e9tabolisme \u00e9nerg\u00e9tique quotidien.\" \/>\n<meta property=\"og:url\" content=\"https:\/\/fedrs.eu\/fr\/shop\/fedrs-energy-myrtille\/\" \/>\n<meta property=\"og:site_name\" content=\"fedrs.eu\" \/>\n<meta property=\"article:modified_time\" content=\"2025-08-29T07:13:30+00:00\" \/>\n<meta property=\"og:image\" content=\"https:\/\/fedrs.eu\/wp-content\/uploads\/2025\/08\/ENERGY_BLUEBERRYsun-min.png\" \/>\n\t<meta property=\"og:image:width\" content=\"1200\" \/>\n\t<meta property=\"og:image:height\" content=\"1200\" \/>\n\t<meta property=\"og:image:type\" content=\"image\/png\" \/>\n<meta name=\"twitter:card\" content=\"summary_large_image\" \/>\n<meta name=\"twitter:label1\" content=\"Disponibilit\u00e9\" \/>\n\t<meta name=\"twitter:data1\" content=\"En stock\" \/>\n<script type=\"application\/ld+json\" class=\"yoast-schema-graph\">{\"@context\":\"https:\\\/\\\/schema.org\",\"@graph\":[{\"@type\":\"WebPage\",\"@id\":\"https:\\\/\\\/fedrs.eu\\\/fr\\\/shop\\\/fedrs-energy-myrtille\\\/\",\"url\":\"https:\\\/\\\/fedrs.eu\\\/fr\\\/shop\\\/fedrs-energy-myrtille\\\/\",\"name\":\"Fedrs Energy Blueberry - Focus Pouch avec caf\u00e9ine et B3\",\"isPartOf\":{\"@id\":\"https:\\\/\\\/fedrs.eu\\\/fr\\\/#website\"},\"primaryImageOfPage\":{\"@id\":\"https:\\\/\\\/fedrs.eu\\\/fr\\\/shop\\\/fedrs-energy-myrtille\\\/#primaryimage\"},\"image\":{\"@id\":\"https:\\\/\\\/fedrs.eu\\\/fr\\\/shop\\\/fedrs-energy-myrtille\\\/#primaryimage\"},\"thumbnailUrl\":\"https:\\\/\\\/fedrs.eu\\\/wp-content\\\/uploads\\\/2025\\\/08\\\/ENERGY_BLUEBERRYsun-min.png\",\"datePublished\":\"2025-08-24T11:02:59+00:00\",\"dateModified\":\"2025-08-29T07:13:30+00:00\",\"description\":\"Ar\u00f4me de myrtille avec caf\u00e9ine, L-th\u00e9anine et B3. Favorise la clart\u00e9, la concentration calme et le m\u00e9tabolisme \u00e9nerg\u00e9tique quotidien.\",\"breadcrumb\":{\"@id\":\"https:\\\/\\\/fedrs.eu\\\/fr\\\/shop\\\/fedrs-energy-myrtille\\\/#breadcrumb\"},\"inLanguage\":\"fr-FR\",\"potentialAction\":[{\"@type\":\"ReadAction\",\"target\":[\"https:\\\/\\\/fedrs.eu\\\/fr\\\/shop\\\/fedrs-energy-myrtille\\\/\"]}]},{\"@type\":\"ImageObject\",\"inLanguage\":\"fr-FR\",\"@id\":\"https:\\\/\\\/fedrs.eu\\\/fr\\\/shop\\\/fedrs-energy-myrtille\\\/#primaryimage\",\"url\":\"https:\\\/\\\/fedrs.eu\\\/wp-content\\\/uploads\\\/2025\\\/08\\\/ENERGY_BLUEBERRYsun-min.png\",\"contentUrl\":\"https:\\\/\\\/fedrs.eu\\\/wp-content\\\/uploads\\\/2025\\\/08\\\/ENERGY_BLUEBERRYsun-min.png\",\"width\":1200,\"height\":1200},{\"@type\":\"BreadcrumbList\",\"@id\":\"https:\\\/\\\/fedrs.eu\\\/fr\\\/shop\\\/fedrs-energy-myrtille\\\/#breadcrumb\",\"itemListElement\":[{\"@type\":\"ListItem\",\"position\":1,\"name\":\"Accueil\",\"item\":\"https:\\\/\\\/fedrs.eu\\\/fr\\\/\"},{\"@type\":\"ListItem\",\"position\":2,\"name\":\"Boutique\",\"item\":\"https:\\\/\\\/fedrs.eu\\\/fr\\\/shop\\\/\"},{\"@type\":\"ListItem\",\"position\":3,\"name\":\"Fedrs Energy Myrtille\"}]},{\"@type\":\"WebSite\",\"@id\":\"https:\\\/\\\/fedrs.eu\\\/fr\\\/#website\",\"url\":\"https:\\\/\\\/fedrs.eu\\\/fr\\\/\",\"name\":\"fedrs.eu\",\"description\":\"\",\"publisher\":{\"@id\":\"https:\\\/\\\/fedrs.eu\\\/fr\\\/#organization\"},\"potentialAction\":[{\"@type\":\"SearchAction\",\"target\":{\"@type\":\"EntryPoint\",\"urlTemplate\":\"https:\\\/\\\/fedrs.eu\\\/fr\\\/?s={search_term_string}\"},\"query-input\":{\"@type\":\"PropertyValueSpecification\",\"valueRequired\":true,\"valueName\":\"search_term_string\"}}],\"inLanguage\":\"fr-FR\"},{\"@type\":\"Organization\",\"@id\":\"https:\\\/\\\/fedrs.eu\\\/fr\\\/#organization\",\"name\":\"Fedrs sp.z o.o\",\"url\":\"https:\\\/\\\/fedrs.eu\\\/fr\\\/\",\"logo\":{\"@type\":\"ImageObject\",\"inLanguage\":\"fr-FR\",\"@id\":\"https:\\\/\\\/fedrs.eu\\\/fr\\\/#\\\/schema\\\/logo\\\/image\\\/\",\"url\":\"https:\\\/\\\/fedrs.eu\\\/wp-content\\\/uploads\\\/2024\\\/12\\\/image-52.png\",\"contentUrl\":\"https:\\\/\\\/fedrs.eu\\\/wp-content\\\/uploads\\\/2024\\\/12\\\/image-52.png\",\"width\":97,\"height\":30,\"caption\":\"Fedrs sp.z o.o\"},\"image\":{\"@id\":\"https:\\\/\\\/fedrs.eu\\\/fr\\\/#\\\/schema\\\/logo\\\/image\\\/\"},\"publishingPrinciples\":\"https:\\\/\\\/fedrs.eu\\\/terms-and-conditions\\\/\"}]}<\/script>\n<meta property=\"product:brand\" content=\"Fedrs Energy\" \/>\n<meta property=\"og:availability\" content=\"instock\" \/>\n<meta property=\"product:availability\" content=\"instock\" \/>\n<meta property=\"product:condition\" content=\"new\" \/>\n<!-- \/ Yoast SEO Premium plugin. -->","yoast_head_json":{"title":"Fedrs Energy Blueberry - Focus Pouch avec caf\u00e9ine et B3","description":"Ar\u00f4me de myrtille avec caf\u00e9ine, L-th\u00e9anine et B3. Favorise la clart\u00e9, la concentration calme et le m\u00e9tabolisme \u00e9nerg\u00e9tique quotidien.","robots":{"index":"index","follow":"follow","max-snippet":"max-snippet:-1","max-image-preview":"max-image-preview:large","max-video-preview":"max-video-preview:-1"},"canonical":"https:\/\/fedrs.eu\/fr\/shop\/fedrs-energy-myrtille\/","og_locale":"fr_FR","og_type":"article","og_title":"Fedrs Energy Myrtille","og_description":"Ar\u00f4me de myrtille avec caf\u00e9ine, L-th\u00e9anine et B3. Favorise la clart\u00e9, la concentration calme et le m\u00e9tabolisme \u00e9nerg\u00e9tique quotidien.","og_url":"https:\/\/fedrs.eu\/fr\/shop\/fedrs-energy-myrtille\/","og_site_name":"fedrs.eu","article_modified_time":"2025-08-29T07:13:30+00:00","og_image":[{"width":1200,"height":1200,"url":"https:\/\/fedrs.eu\/wp-content\/uploads\/2025\/08\/ENERGY_BLUEBERRYsun-min.png","type":"image\/png"}],"twitter_card":"summary_large_image","twitter_misc":{"Disponibilit\u00e9":"En stock"},"schema":{"@context":"https:\/\/schema.org","@graph":[{"@type":"WebPage","@id":"https:\/\/fedrs.eu\/fr\/shop\/fedrs-energy-myrtille\/","url":"https:\/\/fedrs.eu\/fr\/shop\/fedrs-energy-myrtille\/","name":"Fedrs Energy Blueberry - Focus Pouch avec caf\u00e9ine et B3","isPartOf":{"@id":"https:\/\/fedrs.eu\/fr\/#website"},"primaryImageOfPage":{"@id":"https:\/\/fedrs.eu\/fr\/shop\/fedrs-energy-myrtille\/#primaryimage"},"image":{"@id":"https:\/\/fedrs.eu\/fr\/shop\/fedrs-energy-myrtille\/#primaryimage"},"thumbnailUrl":"https:\/\/fedrs.eu\/wp-content\/uploads\/2025\/08\/ENERGY_BLUEBERRYsun-min.png","datePublished":"2025-08-24T11:02:59+00:00","dateModified":"2025-08-29T07:13:30+00:00","description":"Ar\u00f4me de myrtille avec caf\u00e9ine, L-th\u00e9anine et B3. Favorise la clart\u00e9, la concentration calme et le m\u00e9tabolisme \u00e9nerg\u00e9tique quotidien.","breadcrumb":{"@id":"https:\/\/fedrs.eu\/fr\/shop\/fedrs-energy-myrtille\/#breadcrumb"},"inLanguage":"fr-FR","potentialAction":[{"@type":"ReadAction","target":["https:\/\/fedrs.eu\/fr\/shop\/fedrs-energy-myrtille\/"]}]},{"@type":"ImageObject","inLanguage":"fr-FR","@id":"https:\/\/fedrs.eu\/fr\/shop\/fedrs-energy-myrtille\/#primaryimage","url":"https:\/\/fedrs.eu\/wp-content\/uploads\/2025\/08\/ENERGY_BLUEBERRYsun-min.png","contentUrl":"https:\/\/fedrs.eu\/wp-content\/uploads\/2025\/08\/ENERGY_BLUEBERRYsun-min.png","width":1200,"height":1200},{"@type":"BreadcrumbList","@id":"https:\/\/fedrs.eu\/fr\/shop\/fedrs-energy-myrtille\/#breadcrumb","itemListElement":[{"@type":"ListItem","position":1,"name":"Accueil","item":"https:\/\/fedrs.eu\/fr\/"},{"@type":"ListItem","position":2,"name":"Boutique","item":"https:\/\/fedrs.eu\/fr\/shop\/"},{"@type":"ListItem","position":3,"name":"Fedrs Energy Myrtille"}]},{"@type":"WebSite","@id":"https:\/\/fedrs.eu\/fr\/#website","url":"https:\/\/fedrs.eu\/fr\/","name":"fedrs.eu","description":"","publisher":{"@id":"https:\/\/fedrs.eu\/fr\/#organization"},"potentialAction":[{"@type":"SearchAction","target":{"@type":"EntryPoint","urlTemplate":"https:\/\/fedrs.eu\/fr\/?s={search_term_string}"},"query-input":{"@type":"PropertyValueSpecification","valueRequired":true,"valueName":"search_term_string"}}],"inLanguage":"fr-FR"},{"@type":"Organization","@id":"https:\/\/fedrs.eu\/fr\/#organization","name":"Fedrs sp.z o.o","url":"https:\/\/fedrs.eu\/fr\/","logo":{"@type":"ImageObject","inLanguage":"fr-FR","@id":"https:\/\/fedrs.eu\/fr\/#\/schema\/logo\/image\/","url":"https:\/\/fedrs.eu\/wp-content\/uploads\/2024\/12\/image-52.png","contentUrl":"https:\/\/fedrs.eu\/wp-content\/uploads\/2024\/12\/image-52.png","width":97,"height":30,"caption":"Fedrs sp.z o.o"},"image":{"@id":"https:\/\/fedrs.eu\/fr\/#\/schema\/logo\/image\/"},"publishingPrinciples":"https:\/\/fedrs.eu\/terms-and-conditions\/"}]},"product_brand":"Fedrs Energy","og_availability":"instock","product_availability":"instock","product_condition":"new"},"_links":{"self":[{"href":"https:\/\/fedrs.eu\/fr\/wp-json\/wp\/v2\/product\/35803","targetHints":{"allow":["GET"]}}],"collection":[{"href":"https:\/\/fedrs.eu\/fr\/wp-json\/wp\/v2\/product"}],"about":[{"href":"https:\/\/fedrs.eu\/fr\/wp-json\/wp\/v2\/types\/product"}],"replies":[{"embeddable":true,"href":"https:\/\/fedrs.eu\/fr\/wp-json\/wp\/v2\/comments?post=35803"}],"wp:featuredmedia":[{"embeddable":true,"href":"https:\/\/fedrs.eu\/fr\/wp-json\/wp\/v2\/media\/35816"}],"wp:attachment":[{"href":"https:\/\/fedrs.eu\/fr\/wp-json\/wp\/v2\/media?parent=35803"}],"wp:term":[{"taxonomy":"product_brand","embeddable":true,"href":"https:\/\/fedrs.eu\/fr\/wp-json\/wp\/v2\/product_brand?post=35803"},{"taxonomy":"product_cat","embeddable":true,"href":"https:\/\/fedrs.eu\/fr\/wp-json\/wp\/v2\/product_cat?post=35803"},{"taxonomy":"product_tag","embeddable":true,"href":"https:\/\/fedrs.eu\/fr\/wp-json\/wp\/v2\/product_tag?post=35803"}],"curies":[{"name":"wp","href":"https:\/\/api.w.org\/{rel}","templated":true}]}}