{"id":35785,"date":"2025-08-24T12:57:41","date_gmt":"2025-08-24T10:57:41","guid":{"rendered":"https:\/\/fedrs.eu\/shop\/fedrs-energy-pouches-menthe\/"},"modified":"2025-10-07T00:31:21","modified_gmt":"2025-10-06T22:31:21","slug":"fedrs-energy-pouches-menthe","status":"publish","type":"product","link":"https:\/\/fedrs.eu\/fr\/shop\/fedrs-energy-pouches-menthe\/","title":{"rendered":"Fedrs Energy Pouches Menthe"},"content":{"rendered":"<p><span data-sheets-root=\"1\">Ce sachet est comme une respiration profonde et une gifle de r\u00e9veil en une seule fois. Alors que la saveur refroidit votre palais, 65 mg de caf\u00e9ine commencent \u00e0 dissiper le brouillard mental et \u00e0 redonner de l&rsquo;\u00e9nergie \u00e0 votre concentration. <\/span><\/p>\n<p>Il est id\u00e9al pour les longues r\u00e9unions, les voyages \u00e9puisants ou les moments o\u00f9 vous avez besoin d&rsquo;une r\u00e9initialisation compl\u00e8te. Portable, discret et toujours efficace. <\/p>\n","protected":false},"excerpt":{"rendered":"<p>Ce sachet est comme une respiration profonde et une gifle de r\u00e9veil en une seule fois. Alors que la saveur refroidit votre palais, 65 mg de<span class=\"excerpt-hellip\"> [\u2026]<\/span><\/p>\n","protected":false},"featured_media":35779,"comment_status":"open","ping_status":"closed","template":"","meta":{"googlesitekit_rrm_CAowmrG7DA:productID":""},"product_brand":[],"product_cat":[634,609,807],"product_tag":[],"class_list":{"0":"post-35785","1":"product","2":"type-product","3":"status-publish","4":"has-post-thumbnail","6":"product_cat-menthe-et-menthol","7":"product_cat-nouveau","8":"product_cat-sachets-energetiques","10":"first","11":"instock","12":"taxable","13":"shipping-taxable","14":"product-type-variable","15":"has-default-attributes"},"yoast_head":"<!-- This site is optimized with the Yoast SEO Premium plugin v26.5 (Yoast SEO v27.2) - https:\/\/yoast.com\/product\/yoast-seo-premium-wordpress\/ -->\n<title>Fedrs Energy Pouches Menthe - Pochette de caf\u00e9ine 65 mg<\/title>\n<meta name=\"description\" content=\"Menthe glac\u00e9e + forte dose de caf\u00e9ine. Rafra\u00eechissement mental pur - parfait pour les voyages, la concentration et la r\u00e9initialisation rapide.\" \/>\n<meta name=\"robots\" content=\"index, follow, max-snippet:-1, max-image-preview:large, max-video-preview:-1\" \/>\n<link rel=\"canonical\" href=\"https:\/\/fedrs.eu\/fr\/shop\/fedrs-energy-pouches-menthe\/\" \/>\n<meta property=\"og:locale\" content=\"fr_FR\" \/>\n<meta property=\"og:type\" content=\"article\" \/>\n<meta property=\"og:title\" content=\"Fedrs Energy Pouches Menthe\" \/>\n<meta property=\"og:description\" content=\"Menthe glac\u00e9e + forte dose de caf\u00e9ine. Rafra\u00eechissement mental pur - parfait pour les voyages, la concentration et la r\u00e9initialisation rapide.\" \/>\n<meta property=\"og:url\" content=\"https:\/\/fedrs.eu\/fr\/shop\/fedrs-energy-pouches-menthe\/\" \/>\n<meta property=\"og:site_name\" content=\"fedrs.eu\" \/>\n<meta property=\"article:modified_time\" content=\"2025-10-06T22:31:21+00:00\" \/>\n<meta property=\"og:image\" content=\"https:\/\/fedrs.eu\/wp-content\/uploads\/2025\/08\/ENERGY_MINT_02.png\" \/>\n\t<meta property=\"og:image:width\" content=\"1200\" \/>\n\t<meta property=\"og:image:height\" content=\"1200\" \/>\n\t<meta property=\"og:image:type\" content=\"image\/png\" \/>\n<meta name=\"twitter:card\" content=\"summary_large_image\" \/>\n<meta name=\"twitter:label1\" content=\"Disponibilit\u00e9\" \/>\n\t<meta name=\"twitter:data1\" content=\"En stock\" \/>\n<script type=\"application\/ld+json\" class=\"yoast-schema-graph\">{\"@context\":\"https:\/\/schema.org\",\"@graph\":[{\"@type\":\"WebPage\",\"@id\":\"https:\/\/fedrs.eu\/fr\/shop\/fedrs-energy-pouches-menthe\/\",\"url\":\"https:\/\/fedrs.eu\/fr\/shop\/fedrs-energy-pouches-menthe\/\",\"name\":\"Fedrs Energy Pouches Menthe - Pochette de caf\u00e9ine 65 mg\",\"isPartOf\":{\"@id\":\"https:\/\/fedrs.eu\/fr\/#website\"},\"primaryImageOfPage\":{\"@id\":\"https:\/\/fedrs.eu\/fr\/shop\/fedrs-energy-pouches-menthe\/#primaryimage\"},\"image\":{\"@id\":\"https:\/\/fedrs.eu\/fr\/shop\/fedrs-energy-pouches-menthe\/#primaryimage\"},\"thumbnailUrl\":\"https:\/\/fedrs.eu\/wp-content\/uploads\/2025\/08\/ENERGY_MINT_02.png\",\"datePublished\":\"2025-08-24T10:57:41+00:00\",\"dateModified\":\"2025-10-06T22:31:21+00:00\",\"description\":\"Menthe glac\u00e9e + forte dose de caf\u00e9ine. Rafra\u00eechissement mental pur - parfait pour les voyages, la concentration et la r\u00e9initialisation rapide.\",\"breadcrumb\":{\"@id\":\"https:\/\/fedrs.eu\/fr\/shop\/fedrs-energy-pouches-menthe\/#breadcrumb\"},\"inLanguage\":\"fr-FR\",\"potentialAction\":[{\"@type\":\"ReadAction\",\"target\":[\"https:\/\/fedrs.eu\/fr\/shop\/fedrs-energy-pouches-menthe\/\"]}]},{\"@type\":\"ImageObject\",\"inLanguage\":\"fr-FR\",\"@id\":\"https:\/\/fedrs.eu\/fr\/shop\/fedrs-energy-pouches-menthe\/#primaryimage\",\"url\":\"https:\/\/fedrs.eu\/wp-content\/uploads\/2025\/08\/ENERGY_MINT_02.png\",\"contentUrl\":\"https:\/\/fedrs.eu\/wp-content\/uploads\/2025\/08\/ENERGY_MINT_02.png\",\"width\":1200,\"height\":1200},{\"@type\":\"BreadcrumbList\",\"@id\":\"https:\/\/fedrs.eu\/fr\/shop\/fedrs-energy-pouches-menthe\/#breadcrumb\",\"itemListElement\":[{\"@type\":\"ListItem\",\"position\":1,\"name\":\"Accueil\",\"item\":\"https:\/\/fedrs.eu\/fr\/\"},{\"@type\":\"ListItem\",\"position\":2,\"name\":\"Boutique\",\"item\":\"https:\/\/fedrs.eu\/fr\/shop\/\"},{\"@type\":\"ListItem\",\"position\":3,\"name\":\"Fedrs Energy Pouches Menthe\"}]},{\"@type\":\"WebSite\",\"@id\":\"https:\/\/fedrs.eu\/fr\/#website\",\"url\":\"https:\/\/fedrs.eu\/fr\/\",\"name\":\"fedrs.eu\",\"description\":\"\",\"publisher\":{\"@id\":\"https:\/\/fedrs.eu\/fr\/#organization\"},\"potentialAction\":[{\"@type\":\"SearchAction\",\"target\":{\"@type\":\"EntryPoint\",\"urlTemplate\":\"https:\/\/fedrs.eu\/fr\/?s={search_term_string}\"},\"query-input\":{\"@type\":\"PropertyValueSpecification\",\"valueRequired\":true,\"valueName\":\"search_term_string\"}}],\"inLanguage\":\"fr-FR\"},{\"@type\":\"Organization\",\"@id\":\"https:\/\/fedrs.eu\/fr\/#organization\",\"name\":\"Fedrs sp.z o.o\",\"url\":\"https:\/\/fedrs.eu\/fr\/\",\"logo\":{\"@type\":\"ImageObject\",\"inLanguage\":\"fr-FR\",\"@id\":\"https:\/\/fedrs.eu\/fr\/#\/schema\/logo\/image\/\",\"url\":\"https:\/\/fedrs.eu\/wp-content\/uploads\/2024\/12\/image-52.png\",\"contentUrl\":\"https:\/\/fedrs.eu\/wp-content\/uploads\/2024\/12\/image-52.png\",\"width\":97,\"height\":30,\"caption\":\"Fedrs sp.z o.o\"},\"image\":{\"@id\":\"https:\/\/fedrs.eu\/fr\/#\/schema\/logo\/image\/\"},\"publishingPrinciples\":\"https:\/\/fedrs.eu\/terms-and-conditions\/\"}]}<\/script>\n<meta property=\"product:brand\" content=\"Fedrs Energy\" \/>\n<meta property=\"og:availability\" content=\"instock\" \/>\n<meta property=\"product:availability\" content=\"instock\" \/>\n<meta property=\"product:condition\" content=\"new\" \/>\n<!-- \/ Yoast SEO Premium plugin. -->","yoast_head_json":{"title":"Fedrs Energy Pouches Menthe - Pochette de caf\u00e9ine 65 mg","description":"Menthe glac\u00e9e + forte dose de caf\u00e9ine. Rafra\u00eechissement mental pur - parfait pour les voyages, la concentration et la r\u00e9initialisation rapide.","robots":{"index":"index","follow":"follow","max-snippet":"max-snippet:-1","max-image-preview":"max-image-preview:large","max-video-preview":"max-video-preview:-1"},"canonical":"https:\/\/fedrs.eu\/fr\/shop\/fedrs-energy-pouches-menthe\/","og_locale":"fr_FR","og_type":"article","og_title":"Fedrs Energy Pouches Menthe","og_description":"Menthe glac\u00e9e + forte dose de caf\u00e9ine. Rafra\u00eechissement mental pur - parfait pour les voyages, la concentration et la r\u00e9initialisation rapide.","og_url":"https:\/\/fedrs.eu\/fr\/shop\/fedrs-energy-pouches-menthe\/","og_site_name":"fedrs.eu","article_modified_time":"2025-10-06T22:31:21+00:00","og_image":[{"width":1200,"height":1200,"url":"https:\/\/fedrs.eu\/wp-content\/uploads\/2025\/08\/ENERGY_MINT_02.png","type":"image\/png"}],"twitter_card":"summary_large_image","twitter_misc":{"Disponibilit\u00e9":"En stock"},"schema":{"@context":"https:\/\/schema.org","@graph":[{"@type":"WebPage","@id":"https:\/\/fedrs.eu\/fr\/shop\/fedrs-energy-pouches-menthe\/","url":"https:\/\/fedrs.eu\/fr\/shop\/fedrs-energy-pouches-menthe\/","name":"Fedrs Energy Pouches Menthe - Pochette de caf\u00e9ine 65 mg","isPartOf":{"@id":"https:\/\/fedrs.eu\/fr\/#website"},"primaryImageOfPage":{"@id":"https:\/\/fedrs.eu\/fr\/shop\/fedrs-energy-pouches-menthe\/#primaryimage"},"image":{"@id":"https:\/\/fedrs.eu\/fr\/shop\/fedrs-energy-pouches-menthe\/#primaryimage"},"thumbnailUrl":"https:\/\/fedrs.eu\/wp-content\/uploads\/2025\/08\/ENERGY_MINT_02.png","datePublished":"2025-08-24T10:57:41+00:00","dateModified":"2025-10-06T22:31:21+00:00","description":"Menthe glac\u00e9e + forte dose de caf\u00e9ine. Rafra\u00eechissement mental pur - parfait pour les voyages, la concentration et la r\u00e9initialisation rapide.","breadcrumb":{"@id":"https:\/\/fedrs.eu\/fr\/shop\/fedrs-energy-pouches-menthe\/#breadcrumb"},"inLanguage":"fr-FR","potentialAction":[{"@type":"ReadAction","target":["https:\/\/fedrs.eu\/fr\/shop\/fedrs-energy-pouches-menthe\/"]}]},{"@type":"ImageObject","inLanguage":"fr-FR","@id":"https:\/\/fedrs.eu\/fr\/shop\/fedrs-energy-pouches-menthe\/#primaryimage","url":"https:\/\/fedrs.eu\/wp-content\/uploads\/2025\/08\/ENERGY_MINT_02.png","contentUrl":"https:\/\/fedrs.eu\/wp-content\/uploads\/2025\/08\/ENERGY_MINT_02.png","width":1200,"height":1200},{"@type":"BreadcrumbList","@id":"https:\/\/fedrs.eu\/fr\/shop\/fedrs-energy-pouches-menthe\/#breadcrumb","itemListElement":[{"@type":"ListItem","position":1,"name":"Accueil","item":"https:\/\/fedrs.eu\/fr\/"},{"@type":"ListItem","position":2,"name":"Boutique","item":"https:\/\/fedrs.eu\/fr\/shop\/"},{"@type":"ListItem","position":3,"name":"Fedrs Energy Pouches Menthe"}]},{"@type":"WebSite","@id":"https:\/\/fedrs.eu\/fr\/#website","url":"https:\/\/fedrs.eu\/fr\/","name":"fedrs.eu","description":"","publisher":{"@id":"https:\/\/fedrs.eu\/fr\/#organization"},"potentialAction":[{"@type":"SearchAction","target":{"@type":"EntryPoint","urlTemplate":"https:\/\/fedrs.eu\/fr\/?s={search_term_string}"},"query-input":{"@type":"PropertyValueSpecification","valueRequired":true,"valueName":"search_term_string"}}],"inLanguage":"fr-FR"},{"@type":"Organization","@id":"https:\/\/fedrs.eu\/fr\/#organization","name":"Fedrs sp.z o.o","url":"https:\/\/fedrs.eu\/fr\/","logo":{"@type":"ImageObject","inLanguage":"fr-FR","@id":"https:\/\/fedrs.eu\/fr\/#\/schema\/logo\/image\/","url":"https:\/\/fedrs.eu\/wp-content\/uploads\/2024\/12\/image-52.png","contentUrl":"https:\/\/fedrs.eu\/wp-content\/uploads\/2024\/12\/image-52.png","width":97,"height":30,"caption":"Fedrs sp.z o.o"},"image":{"@id":"https:\/\/fedrs.eu\/fr\/#\/schema\/logo\/image\/"},"publishingPrinciples":"https:\/\/fedrs.eu\/terms-and-conditions\/"}]},"product_brand":"Fedrs Energy","og_availability":"instock","product_availability":"instock","product_condition":"new"},"_links":{"self":[{"href":"https:\/\/fedrs.eu\/fr\/wp-json\/wp\/v2\/product\/35785","targetHints":{"allow":["GET"]}}],"collection":[{"href":"https:\/\/fedrs.eu\/fr\/wp-json\/wp\/v2\/product"}],"about":[{"href":"https:\/\/fedrs.eu\/fr\/wp-json\/wp\/v2\/types\/product"}],"replies":[{"embeddable":true,"href":"https:\/\/fedrs.eu\/fr\/wp-json\/wp\/v2\/comments?post=35785"}],"wp:featuredmedia":[{"embeddable":true,"href":"https:\/\/fedrs.eu\/fr\/wp-json\/wp\/v2\/media\/35779"}],"wp:attachment":[{"href":"https:\/\/fedrs.eu\/fr\/wp-json\/wp\/v2\/media?parent=35785"}],"wp:term":[{"taxonomy":"product_brand","embeddable":true,"href":"https:\/\/fedrs.eu\/fr\/wp-json\/wp\/v2\/product_brand?post=35785"},{"taxonomy":"product_cat","embeddable":true,"href":"https:\/\/fedrs.eu\/fr\/wp-json\/wp\/v2\/product_cat?post=35785"},{"taxonomy":"product_tag","embeddable":true,"href":"https:\/\/fedrs.eu\/fr\/wp-json\/wp\/v2\/product_tag?post=35785"}],"curies":[{"name":"wp","href":"https:\/\/api.w.org\/{rel}","templated":true}]}}