{"id":35658,"date":"2025-08-24T12:28:21","date_gmt":"2025-08-24T10:28:21","guid":{"rendered":"https:\/\/fedrs.eu\/shop\/fedrs-energy-pouches-citrus\/"},"modified":"2025-10-07T00:45:26","modified_gmt":"2025-10-06T22:45:26","slug":"fedrs-energy-pouches-citrus","status":"publish","type":"product","link":"https:\/\/fedrs.eu\/fr\/shop\/fedrs-energy-pouches-citrus\/","title":{"rendered":"Fedrs Energy Pouches Citrus"},"content":{"rendered":"<p><span data-sheets-root=\"1\">Piquant et audacieux, Fedrs Citrus offre une saveur naturelle d&rsquo;agrumes : un zeste de citron brillant, un soup\u00e7on de citron vert et une finale croustillante. Cette saveur est con\u00e7ue pour r\u00e9veiller vos papilles avant m\u00eame que la caf\u00e9ine ne fasse son apparition. Mais lorsque c&rsquo;est le cas, les 65 mg de caf\u00e9ine par sachet se mettent directement au travail : ils stimulent les niveaux d&rsquo;\u00e9nergie, aiguisent votre concentration et am\u00e9liorent vos performances.  <\/span><\/p>\n<p>Contrairement aux boissons sucr\u00e9es ou aux suppl\u00e9ments encombrants, ce sachet s&rsquo;int\u00e8gre parfaitement \u00e0 votre journ\u00e9e. Il est discret, portable et fait le travail : il fournit de l&rsquo;\u00e9nergie qui ne s&rsquo;effondre pas et une saveur qui vous fait revenir. <\/p>\n","protected":false},"excerpt":{"rendered":"<p>Piquant et audacieux, Fedrs Citrus offre une saveur naturelle d&rsquo;agrumes : un zeste de citron brillant, un soup\u00e7on de citron vert et une finale croustillante. Cette<span class=\"excerpt-hellip\"> [\u2026]<\/span><\/p>\n","protected":false},"featured_media":35654,"comment_status":"open","ping_status":"closed","template":"","meta":{"googlesitekit_rrm_CAowmrG7DA:productID":""},"product_brand":[],"product_cat":[624,609,807],"product_tag":[],"class_list":{"0":"post-35658","1":"product","2":"type-product","3":"status-publish","4":"has-post-thumbnail","6":"product_cat-agrumes","7":"product_cat-nouveau","8":"product_cat-sachets-energetiques","10":"first","11":"outofstock","12":"taxable","13":"shipping-taxable","14":"product-type-variable","15":"has-default-attributes"},"yoast_head":"<!-- This site is optimized with the Yoast SEO Premium plugin v26.5 (Yoast SEO v27.2) - https:\/\/yoast.com\/product\/yoast-seo-premium-wordpress\/ -->\n<title>Fedrs Energy Pouches Citrus - Pochette de caf\u00e9ine 65 mg<\/title>\n<meta name=\"description\" content=\"Go\u00fbt d&#039;agrumes frais + 65 mg de caf\u00e9ine. Une am\u00e9lioration sensible de l&#039;\u00e9nergie - pratique, sans d\u00e9g\u00e2ts, et toujours avec vous.\" \/>\n<meta name=\"robots\" content=\"index, follow, max-snippet:-1, max-image-preview:large, max-video-preview:-1\" \/>\n<link rel=\"canonical\" href=\"https:\/\/fedrs.eu\/fr\/shop\/fedrs-energy-pouches-citrus\/\" \/>\n<meta property=\"og:locale\" content=\"fr_FR\" \/>\n<meta property=\"og:type\" content=\"article\" \/>\n<meta property=\"og:title\" content=\"Fedrs Energy Pouches Citrus\" \/>\n<meta property=\"og:description\" content=\"Go\u00fbt d&#039;agrumes frais + 65 mg de caf\u00e9ine. Une am\u00e9lioration sensible de l&#039;\u00e9nergie - pratique, sans d\u00e9g\u00e2ts, et toujours avec vous.\" \/>\n<meta property=\"og:url\" content=\"https:\/\/fedrs.eu\/fr\/shop\/fedrs-energy-pouches-citrus\/\" \/>\n<meta property=\"og:site_name\" content=\"fedrs.eu\" \/>\n<meta property=\"article:modified_time\" content=\"2025-10-06T22:45:26+00:00\" \/>\n<meta property=\"og:image\" content=\"https:\/\/fedrs.eu\/wp-content\/uploads\/2025\/08\/ENERGY_CITRUS_02.png\" \/>\n\t<meta property=\"og:image:width\" content=\"1200\" \/>\n\t<meta property=\"og:image:height\" content=\"1200\" \/>\n\t<meta property=\"og:image:type\" content=\"image\/png\" \/>\n<meta name=\"twitter:card\" content=\"summary_large_image\" \/>\n<meta name=\"twitter:label1\" content=\"Disponibilit\u00e9\" \/>\n\t<meta name=\"twitter:data1\" content=\"Rupture de stock\" \/>\n<script type=\"application\/ld+json\" class=\"yoast-schema-graph\">{\"@context\":\"https:\/\/schema.org\",\"@graph\":[{\"@type\":\"WebPage\",\"@id\":\"https:\/\/fedrs.eu\/fr\/shop\/fedrs-energy-pouches-citrus\/\",\"url\":\"https:\/\/fedrs.eu\/fr\/shop\/fedrs-energy-pouches-citrus\/\",\"name\":\"Fedrs Energy Pouches Citrus - Pochette de caf\u00e9ine 65 mg\",\"isPartOf\":{\"@id\":\"https:\/\/fedrs.eu\/fr\/#website\"},\"primaryImageOfPage\":{\"@id\":\"https:\/\/fedrs.eu\/fr\/shop\/fedrs-energy-pouches-citrus\/#primaryimage\"},\"image\":{\"@id\":\"https:\/\/fedrs.eu\/fr\/shop\/fedrs-energy-pouches-citrus\/#primaryimage\"},\"thumbnailUrl\":\"https:\/\/fedrs.eu\/wp-content\/uploads\/2025\/08\/ENERGY_CITRUS_02.png\",\"datePublished\":\"2025-08-24T10:28:21+00:00\",\"dateModified\":\"2025-10-06T22:45:26+00:00\",\"description\":\"Go\u00fbt d'agrumes frais + 65 mg de caf\u00e9ine. Une am\u00e9lioration sensible de l'\u00e9nergie - pratique, sans d\u00e9g\u00e2ts, et toujours avec vous.\",\"breadcrumb\":{\"@id\":\"https:\/\/fedrs.eu\/fr\/shop\/fedrs-energy-pouches-citrus\/#breadcrumb\"},\"inLanguage\":\"fr-FR\",\"potentialAction\":[{\"@type\":\"ReadAction\",\"target\":[\"https:\/\/fedrs.eu\/fr\/shop\/fedrs-energy-pouches-citrus\/\"]}]},{\"@type\":\"ImageObject\",\"inLanguage\":\"fr-FR\",\"@id\":\"https:\/\/fedrs.eu\/fr\/shop\/fedrs-energy-pouches-citrus\/#primaryimage\",\"url\":\"https:\/\/fedrs.eu\/wp-content\/uploads\/2025\/08\/ENERGY_CITRUS_02.png\",\"contentUrl\":\"https:\/\/fedrs.eu\/wp-content\/uploads\/2025\/08\/ENERGY_CITRUS_02.png\",\"width\":1200,\"height\":1200},{\"@type\":\"BreadcrumbList\",\"@id\":\"https:\/\/fedrs.eu\/fr\/shop\/fedrs-energy-pouches-citrus\/#breadcrumb\",\"itemListElement\":[{\"@type\":\"ListItem\",\"position\":1,\"name\":\"Accueil\",\"item\":\"https:\/\/fedrs.eu\/fr\/\"},{\"@type\":\"ListItem\",\"position\":2,\"name\":\"Boutique\",\"item\":\"https:\/\/fedrs.eu\/fr\/shop\/\"},{\"@type\":\"ListItem\",\"position\":3,\"name\":\"Fedrs Energy Pouches Citrus\"}]},{\"@type\":\"WebSite\",\"@id\":\"https:\/\/fedrs.eu\/fr\/#website\",\"url\":\"https:\/\/fedrs.eu\/fr\/\",\"name\":\"fedrs.eu\",\"description\":\"\",\"publisher\":{\"@id\":\"https:\/\/fedrs.eu\/fr\/#organization\"},\"potentialAction\":[{\"@type\":\"SearchAction\",\"target\":{\"@type\":\"EntryPoint\",\"urlTemplate\":\"https:\/\/fedrs.eu\/fr\/?s={search_term_string}\"},\"query-input\":{\"@type\":\"PropertyValueSpecification\",\"valueRequired\":true,\"valueName\":\"search_term_string\"}}],\"inLanguage\":\"fr-FR\"},{\"@type\":\"Organization\",\"@id\":\"https:\/\/fedrs.eu\/fr\/#organization\",\"name\":\"Fedrs sp.z o.o\",\"url\":\"https:\/\/fedrs.eu\/fr\/\",\"logo\":{\"@type\":\"ImageObject\",\"inLanguage\":\"fr-FR\",\"@id\":\"https:\/\/fedrs.eu\/fr\/#\/schema\/logo\/image\/\",\"url\":\"https:\/\/fedrs.eu\/wp-content\/uploads\/2024\/12\/image-52.png\",\"contentUrl\":\"https:\/\/fedrs.eu\/wp-content\/uploads\/2024\/12\/image-52.png\",\"width\":97,\"height\":30,\"caption\":\"Fedrs sp.z o.o\"},\"image\":{\"@id\":\"https:\/\/fedrs.eu\/fr\/#\/schema\/logo\/image\/\"},\"publishingPrinciples\":\"https:\/\/fedrs.eu\/terms-and-conditions\/\"}]}<\/script>\n<meta property=\"product:brand\" content=\"Fedrs Energy\" \/>\n<meta property=\"og:availability\" content=\"out of stock\" \/>\n<meta property=\"product:availability\" content=\"out of stock\" \/>\n<meta property=\"product:condition\" content=\"new\" \/>\n<!-- \/ Yoast SEO Premium plugin. -->","yoast_head_json":{"title":"Fedrs Energy Pouches Citrus - Pochette de caf\u00e9ine 65 mg","description":"Go\u00fbt d'agrumes frais + 65 mg de caf\u00e9ine. Une am\u00e9lioration sensible de l'\u00e9nergie - pratique, sans d\u00e9g\u00e2ts, et toujours avec vous.","robots":{"index":"index","follow":"follow","max-snippet":"max-snippet:-1","max-image-preview":"max-image-preview:large","max-video-preview":"max-video-preview:-1"},"canonical":"https:\/\/fedrs.eu\/fr\/shop\/fedrs-energy-pouches-citrus\/","og_locale":"fr_FR","og_type":"article","og_title":"Fedrs Energy Pouches Citrus","og_description":"Go\u00fbt d'agrumes frais + 65 mg de caf\u00e9ine. Une am\u00e9lioration sensible de l'\u00e9nergie - pratique, sans d\u00e9g\u00e2ts, et toujours avec vous.","og_url":"https:\/\/fedrs.eu\/fr\/shop\/fedrs-energy-pouches-citrus\/","og_site_name":"fedrs.eu","article_modified_time":"2025-10-06T22:45:26+00:00","og_image":[{"width":1200,"height":1200,"url":"https:\/\/fedrs.eu\/wp-content\/uploads\/2025\/08\/ENERGY_CITRUS_02.png","type":"image\/png"}],"twitter_card":"summary_large_image","twitter_misc":{"Disponibilit\u00e9":"Rupture de stock"},"schema":{"@context":"https:\/\/schema.org","@graph":[{"@type":"WebPage","@id":"https:\/\/fedrs.eu\/fr\/shop\/fedrs-energy-pouches-citrus\/","url":"https:\/\/fedrs.eu\/fr\/shop\/fedrs-energy-pouches-citrus\/","name":"Fedrs Energy Pouches Citrus - Pochette de caf\u00e9ine 65 mg","isPartOf":{"@id":"https:\/\/fedrs.eu\/fr\/#website"},"primaryImageOfPage":{"@id":"https:\/\/fedrs.eu\/fr\/shop\/fedrs-energy-pouches-citrus\/#primaryimage"},"image":{"@id":"https:\/\/fedrs.eu\/fr\/shop\/fedrs-energy-pouches-citrus\/#primaryimage"},"thumbnailUrl":"https:\/\/fedrs.eu\/wp-content\/uploads\/2025\/08\/ENERGY_CITRUS_02.png","datePublished":"2025-08-24T10:28:21+00:00","dateModified":"2025-10-06T22:45:26+00:00","description":"Go\u00fbt d'agrumes frais + 65 mg de caf\u00e9ine. Une am\u00e9lioration sensible de l'\u00e9nergie - pratique, sans d\u00e9g\u00e2ts, et toujours avec vous.","breadcrumb":{"@id":"https:\/\/fedrs.eu\/fr\/shop\/fedrs-energy-pouches-citrus\/#breadcrumb"},"inLanguage":"fr-FR","potentialAction":[{"@type":"ReadAction","target":["https:\/\/fedrs.eu\/fr\/shop\/fedrs-energy-pouches-citrus\/"]}]},{"@type":"ImageObject","inLanguage":"fr-FR","@id":"https:\/\/fedrs.eu\/fr\/shop\/fedrs-energy-pouches-citrus\/#primaryimage","url":"https:\/\/fedrs.eu\/wp-content\/uploads\/2025\/08\/ENERGY_CITRUS_02.png","contentUrl":"https:\/\/fedrs.eu\/wp-content\/uploads\/2025\/08\/ENERGY_CITRUS_02.png","width":1200,"height":1200},{"@type":"BreadcrumbList","@id":"https:\/\/fedrs.eu\/fr\/shop\/fedrs-energy-pouches-citrus\/#breadcrumb","itemListElement":[{"@type":"ListItem","position":1,"name":"Accueil","item":"https:\/\/fedrs.eu\/fr\/"},{"@type":"ListItem","position":2,"name":"Boutique","item":"https:\/\/fedrs.eu\/fr\/shop\/"},{"@type":"ListItem","position":3,"name":"Fedrs Energy Pouches Citrus"}]},{"@type":"WebSite","@id":"https:\/\/fedrs.eu\/fr\/#website","url":"https:\/\/fedrs.eu\/fr\/","name":"fedrs.eu","description":"","publisher":{"@id":"https:\/\/fedrs.eu\/fr\/#organization"},"potentialAction":[{"@type":"SearchAction","target":{"@type":"EntryPoint","urlTemplate":"https:\/\/fedrs.eu\/fr\/?s={search_term_string}"},"query-input":{"@type":"PropertyValueSpecification","valueRequired":true,"valueName":"search_term_string"}}],"inLanguage":"fr-FR"},{"@type":"Organization","@id":"https:\/\/fedrs.eu\/fr\/#organization","name":"Fedrs sp.z o.o","url":"https:\/\/fedrs.eu\/fr\/","logo":{"@type":"ImageObject","inLanguage":"fr-FR","@id":"https:\/\/fedrs.eu\/fr\/#\/schema\/logo\/image\/","url":"https:\/\/fedrs.eu\/wp-content\/uploads\/2024\/12\/image-52.png","contentUrl":"https:\/\/fedrs.eu\/wp-content\/uploads\/2024\/12\/image-52.png","width":97,"height":30,"caption":"Fedrs sp.z o.o"},"image":{"@id":"https:\/\/fedrs.eu\/fr\/#\/schema\/logo\/image\/"},"publishingPrinciples":"https:\/\/fedrs.eu\/terms-and-conditions\/"}]},"product_brand":"Fedrs Energy","og_availability":"out of stock","product_availability":"out of stock","product_condition":"new"},"_links":{"self":[{"href":"https:\/\/fedrs.eu\/fr\/wp-json\/wp\/v2\/product\/35658","targetHints":{"allow":["GET"]}}],"collection":[{"href":"https:\/\/fedrs.eu\/fr\/wp-json\/wp\/v2\/product"}],"about":[{"href":"https:\/\/fedrs.eu\/fr\/wp-json\/wp\/v2\/types\/product"}],"replies":[{"embeddable":true,"href":"https:\/\/fedrs.eu\/fr\/wp-json\/wp\/v2\/comments?post=35658"}],"wp:featuredmedia":[{"embeddable":true,"href":"https:\/\/fedrs.eu\/fr\/wp-json\/wp\/v2\/media\/35654"}],"wp:attachment":[{"href":"https:\/\/fedrs.eu\/fr\/wp-json\/wp\/v2\/media?parent=35658"}],"wp:term":[{"taxonomy":"product_brand","embeddable":true,"href":"https:\/\/fedrs.eu\/fr\/wp-json\/wp\/v2\/product_brand?post=35658"},{"taxonomy":"product_cat","embeddable":true,"href":"https:\/\/fedrs.eu\/fr\/wp-json\/wp\/v2\/product_cat?post=35658"},{"taxonomy":"product_tag","embeddable":true,"href":"https:\/\/fedrs.eu\/fr\/wp-json\/wp\/v2\/product_tag?post=35658"}],"curies":[{"name":"wp","href":"https:\/\/api.w.org\/{rel}","templated":true}]}}