{"id":19893,"date":"2025-04-24T10:50:13","date_gmt":"2025-04-24T08:50:13","guid":{"rendered":"https:\/\/fedrs.eu\/?post_type=product&#038;p=19893"},"modified":"2026-01-30T14:07:38","modified_gmt":"2026-01-30T13:07:38","slug":"fedrs-ice-cool-strong-lime","status":"publish","type":"product","link":"https:\/\/fedrs.eu\/fr\/shop\/fedrs-ice-cool-strong-lime\/","title":{"rendered":"FEDRS Ice Cool Strong Lime"},"content":{"rendered":"<p data-start=\"216\" data-end=\"467\"><strong data-start=\"216\" data-end=\"246\">FEDRS Ice Cool Strong Lime<\/strong> frappe fort avec une saveur intense d&rsquo;agrumes et un fort taux de nicotine. Le zeste de citron vert se m\u00eale \u00e0 une puissante sensation glac\u00e9e, parfaite pour les utilisateurs qui ont envie d&rsquo;un coup de fouet audacieux et d&rsquo;une fra\u00eecheur durable. Id\u00e9al pour les utilisateurs exp\u00e9riment\u00e9s.  <\/p>\n<ul data-start=\"469\" data-end=\"603\">\n<li data-start=\"469\" data-end=\"513\">\n<p data-start=\"471\" data-end=\"513\">Go\u00fbt : citron vert intense avec effet rafra\u00eechissant<\/p>\n<\/li>\n<li data-start=\"514\" data-end=\"534\">\n<p data-start=\"516\" data-end=\"534\">Nicotine : Forte<\/p>\n<\/li>\n<li data-start=\"535\" data-end=\"572\">\n<p data-start=\"537\" data-end=\"572\">Pour ceux qui aiment les coups puissants<\/p>\n<\/li>\n<li data-start=\"573\" data-end=\"603\">\n<p data-start=\"575\" data-end=\"603\">Vif, frais et \u00e9nergisant<\/p>\n<\/li>\n<\/ul>\n<p data-start=\"605\" data-end=\"653\"><strong data-start=\"605\" data-end=\"653\">Sentez le gel - un citron vert puissant, extra fort.<\/strong><\/p>\n","protected":false},"excerpt":{"rendered":"<div class=\"descrip_p\">\n<div class=\"product-pstyle\"><\/div>\n<p>&nbsp;<\/p>\n<\/div>\n","protected":false},"featured_media":0,"comment_status":"open","ping_status":"closed","template":"","meta":{"googlesitekit_rrm_CAowmrG7DA:productID":""},"product_brand":[],"product_cat":[611,624,545,819],"product_tag":[],"class_list":{"0":"post-19893","1":"product","2":"type-product","3":"status-publish","5":"product_cat-40-mg-g-fr","6":"product_cat-agrumes","7":"product_cat-fedrs-ice-cool-fr","8":"product_cat-sachets-de-nicotine","10":"first","11":"instock","12":"taxable","13":"shipping-taxable","14":"product-type-variable","15":"has-default-attributes"},"yoast_head":"<!-- This site is optimized with the Yoast SEO Premium plugin v26.5 (Yoast SEO v27.3) - https:\/\/yoast.com\/product\/yoast-seo-premium-wordpress\/ -->\n<title>FEDRS Ice Cool Strong Lime - Sachets de nicotine de citron vert<\/title>\n<meta name=\"description\" content=\"Go\u00fbt intense de citron vert avec un fort taux de nicotine. Audacieux, frais et puissant - pour les utilisateurs exp\u00e9riment\u00e9s. Essayez le FEDRS Ice Cool Strong Lime d\u00e8s aujourd&#039;hui !\" \/>\n<meta name=\"robots\" content=\"index, follow, max-snippet:-1, max-image-preview:large, max-video-preview:-1\" \/>\n<link rel=\"canonical\" href=\"https:\/\/fedrs.eu\/fr\/shop\/fedrs-ice-cool-strong-lime\/\" \/>\n<meta property=\"og:locale\" content=\"fr_FR\" \/>\n<meta property=\"og:type\" content=\"article\" \/>\n<meta property=\"og:title\" content=\"FEDRS Ice Cool Strong Lime\" \/>\n<meta property=\"og:description\" content=\"Go\u00fbt intense de citron vert avec un fort taux de nicotine. Audacieux, frais et puissant - pour les utilisateurs exp\u00e9riment\u00e9s. Essayez le FEDRS Ice Cool Strong Lime d\u00e8s aujourd&#039;hui !\" \/>\n<meta property=\"og:url\" content=\"https:\/\/fedrs.eu\/fr\/shop\/fedrs-ice-cool-strong-lime\/\" \/>\n<meta property=\"og:site_name\" content=\"fedrs.eu\" \/>\n<meta property=\"article:modified_time\" content=\"2026-01-30T13:07:38+00:00\" \/>\n<meta property=\"og:image\" content=\"https:\/\/fedrs.eu\/wp-content\/uploads\/2025\/04\/S_LIME_02.png\" \/>\n\t<meta property=\"og:image:width\" content=\"1200\" \/>\n\t<meta property=\"og:image:height\" content=\"1200\" \/>\n\t<meta property=\"og:image:type\" content=\"image\/png\" \/>\n<meta name=\"twitter:card\" content=\"summary_large_image\" \/>\n<meta name=\"twitter:label1\" content=\"Disponibilit\u00e9\" \/>\n\t<meta name=\"twitter:data1\" content=\"En stock\" \/>\n<script type=\"application\/ld+json\" class=\"yoast-schema-graph\">{\"@context\":\"https:\\\/\\\/schema.org\",\"@graph\":[{\"@type\":\"WebPage\",\"@id\":\"https:\\\/\\\/fedrs.eu\\\/fr\\\/shop\\\/fedrs-ice-cool-strong-lime\\\/\",\"url\":\"https:\\\/\\\/fedrs.eu\\\/fr\\\/shop\\\/fedrs-ice-cool-strong-lime\\\/\",\"name\":\"FEDRS Ice Cool Strong Lime - Sachets de nicotine de citron vert\",\"isPartOf\":{\"@id\":\"https:\\\/\\\/fedrs.eu\\\/fr\\\/#website\"},\"datePublished\":\"2025-04-24T08:50:13+00:00\",\"dateModified\":\"2026-01-30T13:07:38+00:00\",\"description\":\"Go\u00fbt intense de citron vert avec un fort taux de nicotine. Audacieux, frais et puissant - pour les utilisateurs exp\u00e9riment\u00e9s. Essayez le FEDRS Ice Cool Strong Lime d\u00e8s aujourd'hui !\",\"breadcrumb\":{\"@id\":\"https:\\\/\\\/fedrs.eu\\\/fr\\\/shop\\\/fedrs-ice-cool-strong-lime\\\/#breadcrumb\"},\"inLanguage\":\"fr-FR\",\"potentialAction\":[{\"@type\":\"ReadAction\",\"target\":[\"https:\\\/\\\/fedrs.eu\\\/fr\\\/shop\\\/fedrs-ice-cool-strong-lime\\\/\"]}]},{\"@type\":\"BreadcrumbList\",\"@id\":\"https:\\\/\\\/fedrs.eu\\\/fr\\\/shop\\\/fedrs-ice-cool-strong-lime\\\/#breadcrumb\",\"itemListElement\":[{\"@type\":\"ListItem\",\"position\":1,\"name\":\"Accueil\",\"item\":\"https:\\\/\\\/fedrs.eu\\\/fr\\\/\"},{\"@type\":\"ListItem\",\"position\":2,\"name\":\"Boutique\",\"item\":\"https:\\\/\\\/fedrs.eu\\\/fr\\\/shop\\\/\"},{\"@type\":\"ListItem\",\"position\":3,\"name\":\"FEDRS Ice Cool Strong Lime\"}]},{\"@type\":\"WebSite\",\"@id\":\"https:\\\/\\\/fedrs.eu\\\/fr\\\/#website\",\"url\":\"https:\\\/\\\/fedrs.eu\\\/fr\\\/\",\"name\":\"fedrs.eu\",\"description\":\"\",\"publisher\":{\"@id\":\"https:\\\/\\\/fedrs.eu\\\/fr\\\/#organization\"},\"potentialAction\":[{\"@type\":\"SearchAction\",\"target\":{\"@type\":\"EntryPoint\",\"urlTemplate\":\"https:\\\/\\\/fedrs.eu\\\/fr\\\/?s={search_term_string}\"},\"query-input\":{\"@type\":\"PropertyValueSpecification\",\"valueRequired\":true,\"valueName\":\"search_term_string\"}}],\"inLanguage\":\"fr-FR\"},{\"@type\":\"Organization\",\"@id\":\"https:\\\/\\\/fedrs.eu\\\/fr\\\/#organization\",\"name\":\"Fedrs sp.z o.o\",\"url\":\"https:\\\/\\\/fedrs.eu\\\/fr\\\/\",\"logo\":{\"@type\":\"ImageObject\",\"inLanguage\":\"fr-FR\",\"@id\":\"https:\\\/\\\/fedrs.eu\\\/fr\\\/#\\\/schema\\\/logo\\\/image\\\/\",\"url\":\"https:\\\/\\\/fedrs.eu\\\/wp-content\\\/uploads\\\/2024\\\/12\\\/image-52.png\",\"contentUrl\":\"https:\\\/\\\/fedrs.eu\\\/wp-content\\\/uploads\\\/2024\\\/12\\\/image-52.png\",\"width\":97,\"height\":30,\"caption\":\"Fedrs sp.z o.o\"},\"image\":{\"@id\":\"https:\\\/\\\/fedrs.eu\\\/fr\\\/#\\\/schema\\\/logo\\\/image\\\/\"},\"publishingPrinciples\":\"https:\\\/\\\/fedrs.eu\\\/terms-and-conditions\\\/\"}]}<\/script>\n<meta property=\"product:brand\" content=\"FEDRS Ice Cool\" \/>\n<meta property=\"og:availability\" content=\"instock\" \/>\n<meta property=\"product:availability\" content=\"instock\" \/>\n<meta property=\"product:retailer_item_id\" content=\"04006-1-1-1-1-1\" \/>\n<meta property=\"product:condition\" content=\"new\" \/>\n<!-- \/ Yoast SEO Premium plugin. -->","yoast_head_json":{"title":"FEDRS Ice Cool Strong Lime - Sachets de nicotine de citron vert","description":"Go\u00fbt intense de citron vert avec un fort taux de nicotine. Audacieux, frais et puissant - pour les utilisateurs exp\u00e9riment\u00e9s. Essayez le FEDRS Ice Cool Strong Lime d\u00e8s aujourd'hui !","robots":{"index":"index","follow":"follow","max-snippet":"max-snippet:-1","max-image-preview":"max-image-preview:large","max-video-preview":"max-video-preview:-1"},"canonical":"https:\/\/fedrs.eu\/fr\/shop\/fedrs-ice-cool-strong-lime\/","og_locale":"fr_FR","og_type":"article","og_title":"FEDRS Ice Cool Strong Lime","og_description":"Go\u00fbt intense de citron vert avec un fort taux de nicotine. Audacieux, frais et puissant - pour les utilisateurs exp\u00e9riment\u00e9s. Essayez le FEDRS Ice Cool Strong Lime d\u00e8s aujourd'hui !","og_url":"https:\/\/fedrs.eu\/fr\/shop\/fedrs-ice-cool-strong-lime\/","og_site_name":"fedrs.eu","article_modified_time":"2026-01-30T13:07:38+00:00","og_image":[{"width":1200,"height":1200,"url":"https:\/\/fedrs.eu\/wp-content\/uploads\/2025\/04\/S_LIME_02.png","type":"image\/png"}],"twitter_card":"summary_large_image","twitter_misc":{"Disponibilit\u00e9":"En stock"},"schema":{"@context":"https:\/\/schema.org","@graph":[{"@type":"WebPage","@id":"https:\/\/fedrs.eu\/fr\/shop\/fedrs-ice-cool-strong-lime\/","url":"https:\/\/fedrs.eu\/fr\/shop\/fedrs-ice-cool-strong-lime\/","name":"FEDRS Ice Cool Strong Lime - Sachets de nicotine de citron vert","isPartOf":{"@id":"https:\/\/fedrs.eu\/fr\/#website"},"datePublished":"2025-04-24T08:50:13+00:00","dateModified":"2026-01-30T13:07:38+00:00","description":"Go\u00fbt intense de citron vert avec un fort taux de nicotine. Audacieux, frais et puissant - pour les utilisateurs exp\u00e9riment\u00e9s. Essayez le FEDRS Ice Cool Strong Lime d\u00e8s aujourd'hui !","breadcrumb":{"@id":"https:\/\/fedrs.eu\/fr\/shop\/fedrs-ice-cool-strong-lime\/#breadcrumb"},"inLanguage":"fr-FR","potentialAction":[{"@type":"ReadAction","target":["https:\/\/fedrs.eu\/fr\/shop\/fedrs-ice-cool-strong-lime\/"]}]},{"@type":"BreadcrumbList","@id":"https:\/\/fedrs.eu\/fr\/shop\/fedrs-ice-cool-strong-lime\/#breadcrumb","itemListElement":[{"@type":"ListItem","position":1,"name":"Accueil","item":"https:\/\/fedrs.eu\/fr\/"},{"@type":"ListItem","position":2,"name":"Boutique","item":"https:\/\/fedrs.eu\/fr\/shop\/"},{"@type":"ListItem","position":3,"name":"FEDRS Ice Cool Strong Lime"}]},{"@type":"WebSite","@id":"https:\/\/fedrs.eu\/fr\/#website","url":"https:\/\/fedrs.eu\/fr\/","name":"fedrs.eu","description":"","publisher":{"@id":"https:\/\/fedrs.eu\/fr\/#organization"},"potentialAction":[{"@type":"SearchAction","target":{"@type":"EntryPoint","urlTemplate":"https:\/\/fedrs.eu\/fr\/?s={search_term_string}"},"query-input":{"@type":"PropertyValueSpecification","valueRequired":true,"valueName":"search_term_string"}}],"inLanguage":"fr-FR"},{"@type":"Organization","@id":"https:\/\/fedrs.eu\/fr\/#organization","name":"Fedrs sp.z o.o","url":"https:\/\/fedrs.eu\/fr\/","logo":{"@type":"ImageObject","inLanguage":"fr-FR","@id":"https:\/\/fedrs.eu\/fr\/#\/schema\/logo\/image\/","url":"https:\/\/fedrs.eu\/wp-content\/uploads\/2024\/12\/image-52.png","contentUrl":"https:\/\/fedrs.eu\/wp-content\/uploads\/2024\/12\/image-52.png","width":97,"height":30,"caption":"Fedrs sp.z o.o"},"image":{"@id":"https:\/\/fedrs.eu\/fr\/#\/schema\/logo\/image\/"},"publishingPrinciples":"https:\/\/fedrs.eu\/terms-and-conditions\/"}]},"product_brand":"FEDRS Ice Cool","og_availability":"instock","product_availability":"instock","product_retailer_item_id":"04006-1-1-1-1-1","product_condition":"new"},"_links":{"self":[{"href":"https:\/\/fedrs.eu\/fr\/wp-json\/wp\/v2\/product\/19893","targetHints":{"allow":["GET"]}}],"collection":[{"href":"https:\/\/fedrs.eu\/fr\/wp-json\/wp\/v2\/product"}],"about":[{"href":"https:\/\/fedrs.eu\/fr\/wp-json\/wp\/v2\/types\/product"}],"replies":[{"embeddable":true,"href":"https:\/\/fedrs.eu\/fr\/wp-json\/wp\/v2\/comments?post=19893"}],"wp:attachment":[{"href":"https:\/\/fedrs.eu\/fr\/wp-json\/wp\/v2\/media?parent=19893"}],"wp:term":[{"taxonomy":"product_brand","embeddable":true,"href":"https:\/\/fedrs.eu\/fr\/wp-json\/wp\/v2\/product_brand?post=19893"},{"taxonomy":"product_cat","embeddable":true,"href":"https:\/\/fedrs.eu\/fr\/wp-json\/wp\/v2\/product_cat?post=19893"},{"taxonomy":"product_tag","embeddable":true,"href":"https:\/\/fedrs.eu\/fr\/wp-json\/wp\/v2\/product_tag?post=19893"}],"curies":[{"name":"wp","href":"https:\/\/api.w.org\/{rel}","templated":true}]}}