{"id":19785,"date":"2025-04-23T14:44:24","date_gmt":"2025-04-23T12:44:24","guid":{"rendered":"https:\/\/fedrs.eu\/?post_type=product&#038;p=19785"},"modified":"2025-08-26T16:49:49","modified_gmt":"2025-08-26T14:49:49","slug":"fedrs-ice-cool-light-bubble-gum","status":"publish","type":"product","link":"https:\/\/fedrs.eu\/fr\/shop\/fedrs-ice-cool-light-bubble-gum\/","title":{"rendered":"FEDRS Ice Cool Light Bubble Gum"},"content":{"rendered":"<p data-start=\"142\" data-end=\"403\">FEDRS Ice Cool Light Bubble Gum offre une saveur nostalgique et sucr\u00e9e de bubble gum m\u00e9lang\u00e9e \u00e0 un rafra\u00eechissement menthol\u00e9 et \u00e0 une nicotine douce et l\u00e9g\u00e8re. Con\u00e7u pour ceux qui appr\u00e9cient les saveurs ludiques sans intensit\u00e9 excessive, il est id\u00e9al pour une utilisation d\u00e9contract\u00e9e et tout au long de la journ\u00e9e. <\/p>\n<ul data-start=\"405\" data-end=\"521\">\n<li data-start=\"405\" data-end=\"450\">\n<p data-start=\"407\" data-end=\"450\">Go\u00fbt sucr\u00e9 de chewing-gum avec une touche de menthe<\/p>\n<\/li>\n<li data-start=\"451\" data-end=\"489\">\n<p data-start=\"453\" data-end=\"489\">Une nicotine l\u00e9g\u00e8re et douce<\/p>\n<\/li>\n<li data-start=\"490\" data-end=\"521\">\n<p data-start=\"492\" data-end=\"521\">Parfait pour le plaisir quotidien<\/p>\n<\/li>\n<\/ul>\n<p data-start=\"523\" data-end=\"581\">Achetez maintenant et revivez le go\u00fbt frais et amusant de votre enfance !<\/p>\n","protected":false},"excerpt":{"rendered":"<div class=\"descrip_p\">\n<div class=\"product-pstyle\"><\/div>\n<p>&nbsp;<\/p>\n<\/div>\n","protected":false},"featured_media":0,"comment_status":"open","ping_status":"closed","template":"","meta":{"googlesitekit_rrm_CAowmrG7DA:productID":""},"product_brand":[],"product_cat":[647,545,560,819],"product_tag":[],"class_list":{"0":"post-19785","1":"product","2":"type-product","3":"status-publish","5":"product_cat-20-mg-g-fr","6":"product_cat-fedrs-ice-cool-fr","7":"product_cat-fruits-fr","8":"product_cat-sachets-de-nicotine","10":"first","11":"instock","12":"taxable","13":"shipping-taxable","14":"product-type-variable","15":"has-default-attributes"},"yoast_head":"<!-- This site is optimized with the Yoast SEO Premium plugin v26.5 (Yoast SEO v27.3) - https:\/\/yoast.com\/product\/yoast-seo-premium-wordpress\/ -->\n<title>FEDRS Ice Cool Light Bubble Gum<\/title>\n<meta name=\"description\" content=\"Offre un go\u00fbt sucr\u00e9 de chewing-gum avec une touche de menthe fra\u00eeche et une l\u00e9g\u00e8re dose de nicotine. Parfait pour un usage quotidien. Achetez maintenant et profitez de la fra\u00eecheur nostalgique !\" \/>\n<meta name=\"robots\" content=\"index, follow, max-snippet:-1, max-image-preview:large, max-video-preview:-1\" \/>\n<link rel=\"canonical\" href=\"https:\/\/fedrs.eu\/fr\/shop\/fedrs-ice-cool-light-bubble-gum\/\" \/>\n<meta property=\"og:locale\" content=\"fr_FR\" \/>\n<meta property=\"og:type\" content=\"article\" \/>\n<meta property=\"og:title\" content=\"FEDRS Ice Cool Light Bubble Gum\" \/>\n<meta property=\"og:description\" content=\"Offre un go\u00fbt sucr\u00e9 de chewing-gum avec une touche de menthe fra\u00eeche et une l\u00e9g\u00e8re dose de nicotine. Parfait pour un usage quotidien. Achetez maintenant et profitez de la fra\u00eecheur nostalgique !\" \/>\n<meta property=\"og:url\" content=\"https:\/\/fedrs.eu\/fr\/shop\/fedrs-ice-cool-light-bubble-gum\/\" \/>\n<meta property=\"og:site_name\" content=\"fedrs.eu\" \/>\n<meta property=\"article:modified_time\" content=\"2025-08-26T14:49:49+00:00\" \/>\n<meta property=\"og:image\" content=\"https:\/\/fedrs.eu\/wp-content\/uploads\/2025\/04\/L_BUBBLE_GUM_02-1.png\" \/>\n\t<meta property=\"og:image:width\" content=\"1200\" \/>\n\t<meta property=\"og:image:height\" content=\"1200\" \/>\n\t<meta property=\"og:image:type\" content=\"image\/png\" \/>\n<meta name=\"twitter:card\" content=\"summary_large_image\" \/>\n<meta name=\"twitter:label1\" content=\"Disponibilit\u00e9\" \/>\n\t<meta name=\"twitter:data1\" content=\"En stock\" \/>\n<script type=\"application\/ld+json\" class=\"yoast-schema-graph\">{\"@context\":\"https:\\\/\\\/schema.org\",\"@graph\":[{\"@type\":\"WebPage\",\"@id\":\"https:\\\/\\\/fedrs.eu\\\/fr\\\/shop\\\/fedrs-ice-cool-light-bubble-gum\\\/\",\"url\":\"https:\\\/\\\/fedrs.eu\\\/fr\\\/shop\\\/fedrs-ice-cool-light-bubble-gum\\\/\",\"name\":\"FEDRS Ice Cool Light Bubble Gum\",\"isPartOf\":{\"@id\":\"https:\\\/\\\/fedrs.eu\\\/fr\\\/#website\"},\"datePublished\":\"2025-04-23T12:44:24+00:00\",\"dateModified\":\"2025-08-26T14:49:49+00:00\",\"description\":\"Offre un go\u00fbt sucr\u00e9 de chewing-gum avec une touche de menthe fra\u00eeche et une l\u00e9g\u00e8re dose de nicotine. Parfait pour un usage quotidien. Achetez maintenant et profitez de la fra\u00eecheur nostalgique !\",\"breadcrumb\":{\"@id\":\"https:\\\/\\\/fedrs.eu\\\/fr\\\/shop\\\/fedrs-ice-cool-light-bubble-gum\\\/#breadcrumb\"},\"inLanguage\":\"fr-FR\",\"potentialAction\":[{\"@type\":\"ReadAction\",\"target\":[\"https:\\\/\\\/fedrs.eu\\\/fr\\\/shop\\\/fedrs-ice-cool-light-bubble-gum\\\/\"]}]},{\"@type\":\"BreadcrumbList\",\"@id\":\"https:\\\/\\\/fedrs.eu\\\/fr\\\/shop\\\/fedrs-ice-cool-light-bubble-gum\\\/#breadcrumb\",\"itemListElement\":[{\"@type\":\"ListItem\",\"position\":1,\"name\":\"Accueil\",\"item\":\"https:\\\/\\\/fedrs.eu\\\/fr\\\/\"},{\"@type\":\"ListItem\",\"position\":2,\"name\":\"Boutique\",\"item\":\"https:\\\/\\\/fedrs.eu\\\/fr\\\/shop\\\/\"},{\"@type\":\"ListItem\",\"position\":3,\"name\":\"FEDRS Ice Cool Light Bubble Gum\"}]},{\"@type\":\"WebSite\",\"@id\":\"https:\\\/\\\/fedrs.eu\\\/fr\\\/#website\",\"url\":\"https:\\\/\\\/fedrs.eu\\\/fr\\\/\",\"name\":\"fedrs.eu\",\"description\":\"\",\"publisher\":{\"@id\":\"https:\\\/\\\/fedrs.eu\\\/fr\\\/#organization\"},\"potentialAction\":[{\"@type\":\"SearchAction\",\"target\":{\"@type\":\"EntryPoint\",\"urlTemplate\":\"https:\\\/\\\/fedrs.eu\\\/fr\\\/?s={search_term_string}\"},\"query-input\":{\"@type\":\"PropertyValueSpecification\",\"valueRequired\":true,\"valueName\":\"search_term_string\"}}],\"inLanguage\":\"fr-FR\"},{\"@type\":\"Organization\",\"@id\":\"https:\\\/\\\/fedrs.eu\\\/fr\\\/#organization\",\"name\":\"Fedrs sp.z o.o\",\"url\":\"https:\\\/\\\/fedrs.eu\\\/fr\\\/\",\"logo\":{\"@type\":\"ImageObject\",\"inLanguage\":\"fr-FR\",\"@id\":\"https:\\\/\\\/fedrs.eu\\\/fr\\\/#\\\/schema\\\/logo\\\/image\\\/\",\"url\":\"https:\\\/\\\/fedrs.eu\\\/wp-content\\\/uploads\\\/2024\\\/12\\\/image-52.png\",\"contentUrl\":\"https:\\\/\\\/fedrs.eu\\\/wp-content\\\/uploads\\\/2024\\\/12\\\/image-52.png\",\"width\":97,\"height\":30,\"caption\":\"Fedrs sp.z o.o\"},\"image\":{\"@id\":\"https:\\\/\\\/fedrs.eu\\\/fr\\\/#\\\/schema\\\/logo\\\/image\\\/\"},\"publishingPrinciples\":\"https:\\\/\\\/fedrs.eu\\\/terms-and-conditions\\\/\"}]}<\/script>\n<meta property=\"product:brand\" content=\"FEDRS Ice Cool\" \/>\n<meta property=\"og:availability\" content=\"instock\" \/>\n<meta property=\"product:availability\" content=\"instock\" \/>\n<meta property=\"product:retailer_item_id\" content=\"04006-1-1\" \/>\n<meta property=\"product:condition\" content=\"new\" \/>\n<!-- \/ Yoast SEO Premium plugin. -->","yoast_head_json":{"title":"FEDRS Ice Cool Light Bubble Gum","description":"Offre un go\u00fbt sucr\u00e9 de chewing-gum avec une touche de menthe fra\u00eeche et une l\u00e9g\u00e8re dose de nicotine. Parfait pour un usage quotidien. Achetez maintenant et profitez de la fra\u00eecheur nostalgique !","robots":{"index":"index","follow":"follow","max-snippet":"max-snippet:-1","max-image-preview":"max-image-preview:large","max-video-preview":"max-video-preview:-1"},"canonical":"https:\/\/fedrs.eu\/fr\/shop\/fedrs-ice-cool-light-bubble-gum\/","og_locale":"fr_FR","og_type":"article","og_title":"FEDRS Ice Cool Light Bubble Gum","og_description":"Offre un go\u00fbt sucr\u00e9 de chewing-gum avec une touche de menthe fra\u00eeche et une l\u00e9g\u00e8re dose de nicotine. Parfait pour un usage quotidien. Achetez maintenant et profitez de la fra\u00eecheur nostalgique !","og_url":"https:\/\/fedrs.eu\/fr\/shop\/fedrs-ice-cool-light-bubble-gum\/","og_site_name":"fedrs.eu","article_modified_time":"2025-08-26T14:49:49+00:00","og_image":[{"width":1200,"height":1200,"url":"https:\/\/fedrs.eu\/wp-content\/uploads\/2025\/04\/L_BUBBLE_GUM_02-1.png","type":"image\/png"}],"twitter_card":"summary_large_image","twitter_misc":{"Disponibilit\u00e9":"En stock"},"schema":{"@context":"https:\/\/schema.org","@graph":[{"@type":"WebPage","@id":"https:\/\/fedrs.eu\/fr\/shop\/fedrs-ice-cool-light-bubble-gum\/","url":"https:\/\/fedrs.eu\/fr\/shop\/fedrs-ice-cool-light-bubble-gum\/","name":"FEDRS Ice Cool Light Bubble Gum","isPartOf":{"@id":"https:\/\/fedrs.eu\/fr\/#website"},"datePublished":"2025-04-23T12:44:24+00:00","dateModified":"2025-08-26T14:49:49+00:00","description":"Offre un go\u00fbt sucr\u00e9 de chewing-gum avec une touche de menthe fra\u00eeche et une l\u00e9g\u00e8re dose de nicotine. Parfait pour un usage quotidien. Achetez maintenant et profitez de la fra\u00eecheur nostalgique !","breadcrumb":{"@id":"https:\/\/fedrs.eu\/fr\/shop\/fedrs-ice-cool-light-bubble-gum\/#breadcrumb"},"inLanguage":"fr-FR","potentialAction":[{"@type":"ReadAction","target":["https:\/\/fedrs.eu\/fr\/shop\/fedrs-ice-cool-light-bubble-gum\/"]}]},{"@type":"BreadcrumbList","@id":"https:\/\/fedrs.eu\/fr\/shop\/fedrs-ice-cool-light-bubble-gum\/#breadcrumb","itemListElement":[{"@type":"ListItem","position":1,"name":"Accueil","item":"https:\/\/fedrs.eu\/fr\/"},{"@type":"ListItem","position":2,"name":"Boutique","item":"https:\/\/fedrs.eu\/fr\/shop\/"},{"@type":"ListItem","position":3,"name":"FEDRS Ice Cool Light Bubble Gum"}]},{"@type":"WebSite","@id":"https:\/\/fedrs.eu\/fr\/#website","url":"https:\/\/fedrs.eu\/fr\/","name":"fedrs.eu","description":"","publisher":{"@id":"https:\/\/fedrs.eu\/fr\/#organization"},"potentialAction":[{"@type":"SearchAction","target":{"@type":"EntryPoint","urlTemplate":"https:\/\/fedrs.eu\/fr\/?s={search_term_string}"},"query-input":{"@type":"PropertyValueSpecification","valueRequired":true,"valueName":"search_term_string"}}],"inLanguage":"fr-FR"},{"@type":"Organization","@id":"https:\/\/fedrs.eu\/fr\/#organization","name":"Fedrs sp.z o.o","url":"https:\/\/fedrs.eu\/fr\/","logo":{"@type":"ImageObject","inLanguage":"fr-FR","@id":"https:\/\/fedrs.eu\/fr\/#\/schema\/logo\/image\/","url":"https:\/\/fedrs.eu\/wp-content\/uploads\/2024\/12\/image-52.png","contentUrl":"https:\/\/fedrs.eu\/wp-content\/uploads\/2024\/12\/image-52.png","width":97,"height":30,"caption":"Fedrs sp.z o.o"},"image":{"@id":"https:\/\/fedrs.eu\/fr\/#\/schema\/logo\/image\/"},"publishingPrinciples":"https:\/\/fedrs.eu\/terms-and-conditions\/"}]},"product_brand":"FEDRS Ice Cool","og_availability":"instock","product_availability":"instock","product_retailer_item_id":"04006-1-1","product_condition":"new"},"_links":{"self":[{"href":"https:\/\/fedrs.eu\/fr\/wp-json\/wp\/v2\/product\/19785","targetHints":{"allow":["GET"]}}],"collection":[{"href":"https:\/\/fedrs.eu\/fr\/wp-json\/wp\/v2\/product"}],"about":[{"href":"https:\/\/fedrs.eu\/fr\/wp-json\/wp\/v2\/types\/product"}],"replies":[{"embeddable":true,"href":"https:\/\/fedrs.eu\/fr\/wp-json\/wp\/v2\/comments?post=19785"}],"wp:attachment":[{"href":"https:\/\/fedrs.eu\/fr\/wp-json\/wp\/v2\/media?parent=19785"}],"wp:term":[{"taxonomy":"product_brand","embeddable":true,"href":"https:\/\/fedrs.eu\/fr\/wp-json\/wp\/v2\/product_brand?post=19785"},{"taxonomy":"product_cat","embeddable":true,"href":"https:\/\/fedrs.eu\/fr\/wp-json\/wp\/v2\/product_cat?post=19785"},{"taxonomy":"product_tag","embeddable":true,"href":"https:\/\/fedrs.eu\/fr\/wp-json\/wp\/v2\/product_tag?post=19785"}],"curies":[{"name":"wp","href":"https:\/\/api.w.org\/{rel}","templated":true}]}}