{"id":19316,"date":"2025-03-17T15:04:14","date_gmt":"2025-03-17T14:04:14","guid":{"rendered":"https:\/\/fedrs.eu\/shop\/fedrs-ice-cool-mint-hard-limited-edition\/"},"modified":"2025-10-01T10:19:24","modified_gmt":"2025-10-01T08:19:24","slug":"fedrs-ice-cool-mint-hard-limited-edition","status":"publish","type":"product","link":"https:\/\/fedrs.eu\/fr\/shop\/fedrs-ice-cool-mint-hard-limited-edition\/","title":{"rendered":"FEDRS Ice Cool Mint Hard Limited Edition"},"content":{"rendered":"<p>FEDRS Ice Cool Mint Hard Limited Edition offre un parfum durable de menthe vivifiante. A l&rsquo;int\u00e9rieur de ces sachets, vous trouverez des notes vibrantes d&rsquo;herbes de montagne, pour un regain d&rsquo;\u00e9nergie et une sensation de fra\u00eecheur. Relevez le d\u00e9fi ! Ce parfum combine le menthol et la menthe poivr\u00e9e pour une exp\u00e9rience vraiment revitalisante. Inspirez la vague de fra\u00eecheur glac\u00e9e, suivie d&rsquo;une expiration douce et velout\u00e9e \u00e0 la menthe. Cet ar\u00f4me robuste se suffit \u00e0 lui-m\u00eame, ce qui le rend parfait pour votre routine quotidienne avec son infusion de fra\u00eecheur, ses nuances menthol\u00e9es et ce frisson menthol\u00e9 inimitable.     <\/p>\n","protected":false},"excerpt":{"rendered":"<p>FEDRS Ice Cool Mint Hard Limited Edition offre un parfum durable de menthe vivifiante. A l&rsquo;int\u00e9rieur de ces sachets, vous trouverez des notes vibrantes d&rsquo;herbes de<span class=\"excerpt-hellip\"> [\u2026]<\/span><\/p>\n","protected":false},"featured_media":19300,"comment_status":"open","ping_status":"closed","template":"","meta":{"googlesitekit_rrm_CAowmrG7DA:productID":""},"product_brand":[],"product_cat":[544,569,670,634,609,819],"product_tag":[],"class_list":{"0":"post-19316","1":"product","2":"type-product","3":"status-publish","4":"has-post-thumbnail","6":"product_cat-65-mg-g-fr","7":"product_cat-fedrs-ice-cool-hard-fr","8":"product_cat-hit-fr","9":"product_cat-menthe-et-menthol","10":"product_cat-nouveau","11":"product_cat-sachets-de-nicotine","13":"first","14":"instock","15":"taxable","16":"shipping-taxable","17":"product-type-variable","18":"has-default-attributes"},"yoast_head":"<!-- This site is optimized with the Yoast SEO Premium plugin v26.5 (Yoast SEO v27.3) - https:\/\/yoast.com\/product\/yoast-seo-premium-wordpress\/ -->\n<title>FEDRS Mint Hard Limited Edition - 65mg<\/title>\n<meta name=\"description\" content=\"FEDRS Mint Hard Limited Edition - 65mg. Un coup de fouet nicotinique ultra fort avec une explosion de menthe glac\u00e9e. Les frais de port sont calcul\u00e9s au moment de la validation de votre commande.\" \/>\n<meta name=\"robots\" content=\"index, follow, max-snippet:-1, max-image-preview:large, max-video-preview:-1\" \/>\n<link rel=\"canonical\" href=\"https:\/\/fedrs.eu\/fr\/shop\/fedrs-ice-cool-mint-hard-limited-edition\/\" \/>\n<meta property=\"og:locale\" content=\"fr_FR\" \/>\n<meta property=\"og:type\" content=\"article\" \/>\n<meta property=\"og:title\" content=\"FEDRS Ice Cool Mint Hard Limited Edition\" \/>\n<meta property=\"og:description\" content=\"FEDRS Mint Hard Limited Edition - 65mg. Un coup de fouet nicotinique ultra fort avec une explosion de menthe glac\u00e9e. Les frais de port sont calcul\u00e9s au moment de la validation de votre commande.\" \/>\n<meta property=\"og:url\" content=\"https:\/\/fedrs.eu\/fr\/shop\/fedrs-ice-cool-mint-hard-limited-edition\/\" \/>\n<meta property=\"og:site_name\" content=\"fedrs.eu\" \/>\n<meta property=\"article:modified_time\" content=\"2025-10-01T08:19:24+00:00\" \/>\n<meta property=\"og:image\" content=\"https:\/\/fedrs.eu\/wp-content\/uploads\/2025\/03\/limited_edition.png\" \/>\n\t<meta property=\"og:image:width\" content=\"1000\" \/>\n\t<meta property=\"og:image:height\" content=\"1000\" \/>\n\t<meta property=\"og:image:type\" content=\"image\/png\" \/>\n<meta name=\"twitter:card\" content=\"summary_large_image\" \/>\n<meta name=\"twitter:label1\" content=\"Disponibilit\u00e9\" \/>\n\t<meta name=\"twitter:data1\" content=\"En stock\" \/>\n<script type=\"application\/ld+json\" class=\"yoast-schema-graph\">{\"@context\":\"https:\\\/\\\/schema.org\",\"@graph\":[{\"@type\":\"WebPage\",\"@id\":\"https:\\\/\\\/fedrs.eu\\\/fr\\\/shop\\\/fedrs-ice-cool-mint-hard-limited-edition\\\/\",\"url\":\"https:\\\/\\\/fedrs.eu\\\/fr\\\/shop\\\/fedrs-ice-cool-mint-hard-limited-edition\\\/\",\"name\":\"FEDRS Mint Hard Limited Edition - 65mg\",\"isPartOf\":{\"@id\":\"https:\\\/\\\/fedrs.eu\\\/fr\\\/#website\"},\"primaryImageOfPage\":{\"@id\":\"https:\\\/\\\/fedrs.eu\\\/fr\\\/shop\\\/fedrs-ice-cool-mint-hard-limited-edition\\\/#primaryimage\"},\"image\":{\"@id\":\"https:\\\/\\\/fedrs.eu\\\/fr\\\/shop\\\/fedrs-ice-cool-mint-hard-limited-edition\\\/#primaryimage\"},\"thumbnailUrl\":\"https:\\\/\\\/fedrs.eu\\\/wp-content\\\/uploads\\\/2025\\\/03\\\/limited_edition.png\",\"datePublished\":\"2025-03-17T14:04:14+00:00\",\"dateModified\":\"2025-10-01T08:19:24+00:00\",\"description\":\"FEDRS Mint Hard Limited Edition - 65mg. Un coup de fouet nicotinique ultra fort avec une explosion de menthe glac\u00e9e. Les frais de port sont calcul\u00e9s au moment de la validation de votre commande.\",\"breadcrumb\":{\"@id\":\"https:\\\/\\\/fedrs.eu\\\/fr\\\/shop\\\/fedrs-ice-cool-mint-hard-limited-edition\\\/#breadcrumb\"},\"inLanguage\":\"fr-FR\",\"potentialAction\":[{\"@type\":\"ReadAction\",\"target\":[\"https:\\\/\\\/fedrs.eu\\\/fr\\\/shop\\\/fedrs-ice-cool-mint-hard-limited-edition\\\/\"]}]},{\"@type\":\"ImageObject\",\"inLanguage\":\"fr-FR\",\"@id\":\"https:\\\/\\\/fedrs.eu\\\/fr\\\/shop\\\/fedrs-ice-cool-mint-hard-limited-edition\\\/#primaryimage\",\"url\":\"https:\\\/\\\/fedrs.eu\\\/wp-content\\\/uploads\\\/2025\\\/03\\\/limited_edition.png\",\"contentUrl\":\"https:\\\/\\\/fedrs.eu\\\/wp-content\\\/uploads\\\/2025\\\/03\\\/limited_edition.png\",\"width\":1000,\"height\":1000},{\"@type\":\"BreadcrumbList\",\"@id\":\"https:\\\/\\\/fedrs.eu\\\/fr\\\/shop\\\/fedrs-ice-cool-mint-hard-limited-edition\\\/#breadcrumb\",\"itemListElement\":[{\"@type\":\"ListItem\",\"position\":1,\"name\":\"Accueil\",\"item\":\"https:\\\/\\\/fedrs.eu\\\/fr\\\/\"},{\"@type\":\"ListItem\",\"position\":2,\"name\":\"Boutique\",\"item\":\"https:\\\/\\\/fedrs.eu\\\/fr\\\/shop\\\/\"},{\"@type\":\"ListItem\",\"position\":3,\"name\":\"FEDRS Ice Cool Mint Hard Limited Edition\"}]},{\"@type\":\"WebSite\",\"@id\":\"https:\\\/\\\/fedrs.eu\\\/fr\\\/#website\",\"url\":\"https:\\\/\\\/fedrs.eu\\\/fr\\\/\",\"name\":\"fedrs.eu\",\"description\":\"\",\"publisher\":{\"@id\":\"https:\\\/\\\/fedrs.eu\\\/fr\\\/#organization\"},\"potentialAction\":[{\"@type\":\"SearchAction\",\"target\":{\"@type\":\"EntryPoint\",\"urlTemplate\":\"https:\\\/\\\/fedrs.eu\\\/fr\\\/?s={search_term_string}\"},\"query-input\":{\"@type\":\"PropertyValueSpecification\",\"valueRequired\":true,\"valueName\":\"search_term_string\"}}],\"inLanguage\":\"fr-FR\"},{\"@type\":\"Organization\",\"@id\":\"https:\\\/\\\/fedrs.eu\\\/fr\\\/#organization\",\"name\":\"Fedrs sp.z o.o\",\"url\":\"https:\\\/\\\/fedrs.eu\\\/fr\\\/\",\"logo\":{\"@type\":\"ImageObject\",\"inLanguage\":\"fr-FR\",\"@id\":\"https:\\\/\\\/fedrs.eu\\\/fr\\\/#\\\/schema\\\/logo\\\/image\\\/\",\"url\":\"https:\\\/\\\/fedrs.eu\\\/wp-content\\\/uploads\\\/2024\\\/12\\\/image-52.png\",\"contentUrl\":\"https:\\\/\\\/fedrs.eu\\\/wp-content\\\/uploads\\\/2024\\\/12\\\/image-52.png\",\"width\":97,\"height\":30,\"caption\":\"Fedrs sp.z o.o\"},\"image\":{\"@id\":\"https:\\\/\\\/fedrs.eu\\\/fr\\\/#\\\/schema\\\/logo\\\/image\\\/\"},\"publishingPrinciples\":\"https:\\\/\\\/fedrs.eu\\\/terms-and-conditions\\\/\"}]}<\/script>\n<meta property=\"product:brand\" content=\"FEDRS Ice Cool Hard\" \/>\n<meta property=\"og:availability\" content=\"instock\" \/>\n<meta property=\"product:availability\" content=\"instock\" \/>\n<meta property=\"product:condition\" content=\"new\" \/>\n<!-- \/ Yoast SEO Premium plugin. -->","yoast_head_json":{"title":"FEDRS Mint Hard Limited Edition - 65mg","description":"FEDRS Mint Hard Limited Edition - 65mg. Un coup de fouet nicotinique ultra fort avec une explosion de menthe glac\u00e9e. Les frais de port sont calcul\u00e9s au moment de la validation de votre commande.","robots":{"index":"index","follow":"follow","max-snippet":"max-snippet:-1","max-image-preview":"max-image-preview:large","max-video-preview":"max-video-preview:-1"},"canonical":"https:\/\/fedrs.eu\/fr\/shop\/fedrs-ice-cool-mint-hard-limited-edition\/","og_locale":"fr_FR","og_type":"article","og_title":"FEDRS Ice Cool Mint Hard Limited Edition","og_description":"FEDRS Mint Hard Limited Edition - 65mg. Un coup de fouet nicotinique ultra fort avec une explosion de menthe glac\u00e9e. Les frais de port sont calcul\u00e9s au moment de la validation de votre commande.","og_url":"https:\/\/fedrs.eu\/fr\/shop\/fedrs-ice-cool-mint-hard-limited-edition\/","og_site_name":"fedrs.eu","article_modified_time":"2025-10-01T08:19:24+00:00","og_image":[{"width":1000,"height":1000,"url":"https:\/\/fedrs.eu\/wp-content\/uploads\/2025\/03\/limited_edition.png","type":"image\/png"}],"twitter_card":"summary_large_image","twitter_misc":{"Disponibilit\u00e9":"En stock"},"schema":{"@context":"https:\/\/schema.org","@graph":[{"@type":"WebPage","@id":"https:\/\/fedrs.eu\/fr\/shop\/fedrs-ice-cool-mint-hard-limited-edition\/","url":"https:\/\/fedrs.eu\/fr\/shop\/fedrs-ice-cool-mint-hard-limited-edition\/","name":"FEDRS Mint Hard Limited Edition - 65mg","isPartOf":{"@id":"https:\/\/fedrs.eu\/fr\/#website"},"primaryImageOfPage":{"@id":"https:\/\/fedrs.eu\/fr\/shop\/fedrs-ice-cool-mint-hard-limited-edition\/#primaryimage"},"image":{"@id":"https:\/\/fedrs.eu\/fr\/shop\/fedrs-ice-cool-mint-hard-limited-edition\/#primaryimage"},"thumbnailUrl":"https:\/\/fedrs.eu\/wp-content\/uploads\/2025\/03\/limited_edition.png","datePublished":"2025-03-17T14:04:14+00:00","dateModified":"2025-10-01T08:19:24+00:00","description":"FEDRS Mint Hard Limited Edition - 65mg. Un coup de fouet nicotinique ultra fort avec une explosion de menthe glac\u00e9e. Les frais de port sont calcul\u00e9s au moment de la validation de votre commande.","breadcrumb":{"@id":"https:\/\/fedrs.eu\/fr\/shop\/fedrs-ice-cool-mint-hard-limited-edition\/#breadcrumb"},"inLanguage":"fr-FR","potentialAction":[{"@type":"ReadAction","target":["https:\/\/fedrs.eu\/fr\/shop\/fedrs-ice-cool-mint-hard-limited-edition\/"]}]},{"@type":"ImageObject","inLanguage":"fr-FR","@id":"https:\/\/fedrs.eu\/fr\/shop\/fedrs-ice-cool-mint-hard-limited-edition\/#primaryimage","url":"https:\/\/fedrs.eu\/wp-content\/uploads\/2025\/03\/limited_edition.png","contentUrl":"https:\/\/fedrs.eu\/wp-content\/uploads\/2025\/03\/limited_edition.png","width":1000,"height":1000},{"@type":"BreadcrumbList","@id":"https:\/\/fedrs.eu\/fr\/shop\/fedrs-ice-cool-mint-hard-limited-edition\/#breadcrumb","itemListElement":[{"@type":"ListItem","position":1,"name":"Accueil","item":"https:\/\/fedrs.eu\/fr\/"},{"@type":"ListItem","position":2,"name":"Boutique","item":"https:\/\/fedrs.eu\/fr\/shop\/"},{"@type":"ListItem","position":3,"name":"FEDRS Ice Cool Mint Hard Limited Edition"}]},{"@type":"WebSite","@id":"https:\/\/fedrs.eu\/fr\/#website","url":"https:\/\/fedrs.eu\/fr\/","name":"fedrs.eu","description":"","publisher":{"@id":"https:\/\/fedrs.eu\/fr\/#organization"},"potentialAction":[{"@type":"SearchAction","target":{"@type":"EntryPoint","urlTemplate":"https:\/\/fedrs.eu\/fr\/?s={search_term_string}"},"query-input":{"@type":"PropertyValueSpecification","valueRequired":true,"valueName":"search_term_string"}}],"inLanguage":"fr-FR"},{"@type":"Organization","@id":"https:\/\/fedrs.eu\/fr\/#organization","name":"Fedrs sp.z o.o","url":"https:\/\/fedrs.eu\/fr\/","logo":{"@type":"ImageObject","inLanguage":"fr-FR","@id":"https:\/\/fedrs.eu\/fr\/#\/schema\/logo\/image\/","url":"https:\/\/fedrs.eu\/wp-content\/uploads\/2024\/12\/image-52.png","contentUrl":"https:\/\/fedrs.eu\/wp-content\/uploads\/2024\/12\/image-52.png","width":97,"height":30,"caption":"Fedrs sp.z o.o"},"image":{"@id":"https:\/\/fedrs.eu\/fr\/#\/schema\/logo\/image\/"},"publishingPrinciples":"https:\/\/fedrs.eu\/terms-and-conditions\/"}]},"product_brand":"FEDRS Ice Cool Hard","og_availability":"instock","product_availability":"instock","product_condition":"new"},"_links":{"self":[{"href":"https:\/\/fedrs.eu\/fr\/wp-json\/wp\/v2\/product\/19316","targetHints":{"allow":["GET"]}}],"collection":[{"href":"https:\/\/fedrs.eu\/fr\/wp-json\/wp\/v2\/product"}],"about":[{"href":"https:\/\/fedrs.eu\/fr\/wp-json\/wp\/v2\/types\/product"}],"replies":[{"embeddable":true,"href":"https:\/\/fedrs.eu\/fr\/wp-json\/wp\/v2\/comments?post=19316"}],"wp:featuredmedia":[{"embeddable":true,"href":"https:\/\/fedrs.eu\/fr\/wp-json\/wp\/v2\/media\/19300"}],"wp:attachment":[{"href":"https:\/\/fedrs.eu\/fr\/wp-json\/wp\/v2\/media?parent=19316"}],"wp:term":[{"taxonomy":"product_brand","embeddable":true,"href":"https:\/\/fedrs.eu\/fr\/wp-json\/wp\/v2\/product_brand?post=19316"},{"taxonomy":"product_cat","embeddable":true,"href":"https:\/\/fedrs.eu\/fr\/wp-json\/wp\/v2\/product_cat?post=19316"},{"taxonomy":"product_tag","embeddable":true,"href":"https:\/\/fedrs.eu\/fr\/wp-json\/wp\/v2\/product_tag?post=19316"}],"curies":[{"name":"wp","href":"https:\/\/api.w.org\/{rel}","templated":true}]}}