{"id":18397,"date":"2024-11-17T22:21:59","date_gmt":"2024-11-17T22:21:59","guid":{"rendered":"https:\/\/fedrs.eu\/shop\/fedrs-ice-cool-x-strong-frosty-grape-raisin-glace\/"},"modified":"2025-08-26T16:58:48","modified_gmt":"2025-08-26T14:58:48","slug":"fedrs-ice-cool-x-strong-frosty-grape-raisin-glace","status":"publish","type":"product","link":"https:\/\/fedrs.eu\/fr\/shop\/fedrs-ice-cool-x-strong-frosty-grape-raisin-glace\/","title":{"rendered":"FEDRS Ice Cool X-Strong Frosty Grape"},"content":{"rendered":"<p>Plongez dans la fra\u00eecheur avec nos sachets de nicotine Frosty Grape, 50 mg\/g. Appr\u00e9ciez la saveur fra\u00eeche et aromatique du raisin qui vous rafra\u00eechit m\u00eame par les temps les plus chauds. Le m\u00e9lange d&rsquo;un effet glac\u00e9 et d&rsquo;un go\u00fbt fruit\u00e9 intense fait de ces sachets le choix parfait pour ceux qui recherchent le rafra\u00eechissement et la satisfaction. D\u00e9couvrez Frosty Grape et sentez la fra\u00eecheur \u00e0 chaque fois !   <\/p>\n","protected":false},"excerpt":{"rendered":"<div class=\"descrip_p\">\n<div class=\"product-pstyle\"><\/div>\n<p>Sachets de nicotine Frosty Grape, 50 mg\/g - Go\u00fbt de raisin frais, rafra\u00eechissant<\/p>\n<\/div>\n","protected":false},"featured_media":4093,"comment_status":"open","ping_status":"closed","template":"","meta":{"googlesitekit_rrm_CAowmrG7DA:productID":""},"product_brand":[],"product_cat":[697,635,545,819],"product_tag":[],"class_list":{"0":"post-18397","1":"product","2":"type-product","3":"status-publish","4":"has-post-thumbnail","6":"product_cat-50-mg-g-fr","7":"product_cat-baies","8":"product_cat-fedrs-ice-cool-fr","9":"product_cat-sachets-de-nicotine","11":"first","12":"instock","13":"taxable","14":"shipping-taxable","15":"product-type-variable","16":"has-default-attributes"},"yoast_head":"<!-- This site is optimized with the Yoast SEO Premium plugin v26.5 (Yoast SEO v27.3) - https:\/\/yoast.com\/product\/yoast-seo-premium-wordpress\/ -->\n<title>Sachets de nicotine FEDRS Ice Cool X-Strong Frosty Grape 50 mg\/g<\/title>\n<meta name=\"description\" content=\"Sachets de nicotine Frosty Grape, 50 mg\/g - Go\u00fbt de raisin frais, rafra\u00eechissant - EXTRA STRONG. Nouveau produit haut de gamme de FEDRS, digne d&#039;attention !\" \/>\n<meta name=\"robots\" content=\"index, follow, max-snippet:-1, max-image-preview:large, max-video-preview:-1\" \/>\n<link rel=\"canonical\" href=\"https:\/\/fedrs.eu\/fr\/shop\/fedrs-ice-cool-x-strong-frosty-grape-raisin-glace\/\" \/>\n<meta property=\"og:locale\" content=\"fr_FR\" \/>\n<meta property=\"og:type\" content=\"article\" \/>\n<meta property=\"og:title\" content=\"FEDRS Ice Cool X-Strong Frosty Grape\" \/>\n<meta property=\"og:description\" content=\"Sachets de nicotine Frosty Grape, 50 mg\/g - Go\u00fbt de raisin frais, rafra\u00eechissant - EXTRA STRONG. Nouveau produit haut de gamme de FEDRS, digne d&#039;attention !\" \/>\n<meta property=\"og:url\" content=\"https:\/\/fedrs.eu\/fr\/shop\/fedrs-ice-cool-x-strong-frosty-grape-raisin-glace\/\" \/>\n<meta property=\"og:site_name\" content=\"fedrs.eu\" \/>\n<meta property=\"article:modified_time\" content=\"2025-08-26T14:58:48+00:00\" \/>\n<meta property=\"og:image\" content=\"https:\/\/fedrs.eu\/wp-content\/uploads\/2024\/11\/icecoolfrostygrapexs-min.png\" \/>\n\t<meta property=\"og:image:width\" content=\"960\" \/>\n\t<meta property=\"og:image:height\" content=\"960\" \/>\n\t<meta property=\"og:image:type\" content=\"image\/png\" \/>\n<meta name=\"twitter:card\" content=\"summary_large_image\" \/>\n<meta name=\"twitter:label1\" content=\"Disponibilit\u00e9\" \/>\n\t<meta name=\"twitter:data1\" content=\"En stock\" \/>\n<script type=\"application\/ld+json\" class=\"yoast-schema-graph\">{\"@context\":\"https:\\\/\\\/schema.org\",\"@graph\":[{\"@type\":\"WebPage\",\"@id\":\"https:\\\/\\\/fedrs.eu\\\/fr\\\/shop\\\/fedrs-ice-cool-x-strong-frosty-grape-raisin-glace\\\/\",\"url\":\"https:\\\/\\\/fedrs.eu\\\/fr\\\/shop\\\/fedrs-ice-cool-x-strong-frosty-grape-raisin-glace\\\/\",\"name\":\"Sachets de nicotine FEDRS Ice Cool X-Strong Frosty Grape 50 mg\\\/g\",\"isPartOf\":{\"@id\":\"https:\\\/\\\/fedrs.eu\\\/fr\\\/#website\"},\"primaryImageOfPage\":{\"@id\":\"https:\\\/\\\/fedrs.eu\\\/fr\\\/shop\\\/fedrs-ice-cool-x-strong-frosty-grape-raisin-glace\\\/#primaryimage\"},\"image\":{\"@id\":\"https:\\\/\\\/fedrs.eu\\\/fr\\\/shop\\\/fedrs-ice-cool-x-strong-frosty-grape-raisin-glace\\\/#primaryimage\"},\"thumbnailUrl\":\"https:\\\/\\\/fedrs.eu\\\/wp-content\\\/uploads\\\/2024\\\/11\\\/icecoolfrostygrapexs-min.png\",\"datePublished\":\"2024-11-17T22:21:59+00:00\",\"dateModified\":\"2025-08-26T14:58:48+00:00\",\"description\":\"Sachets de nicotine Frosty Grape, 50 mg\\\/g - Go\u00fbt de raisin frais, rafra\u00eechissant - EXTRA STRONG. Nouveau produit haut de gamme de FEDRS, digne d'attention !\",\"breadcrumb\":{\"@id\":\"https:\\\/\\\/fedrs.eu\\\/fr\\\/shop\\\/fedrs-ice-cool-x-strong-frosty-grape-raisin-glace\\\/#breadcrumb\"},\"inLanguage\":\"fr-FR\",\"potentialAction\":[{\"@type\":\"ReadAction\",\"target\":[\"https:\\\/\\\/fedrs.eu\\\/fr\\\/shop\\\/fedrs-ice-cool-x-strong-frosty-grape-raisin-glace\\\/\"]}]},{\"@type\":\"ImageObject\",\"inLanguage\":\"fr-FR\",\"@id\":\"https:\\\/\\\/fedrs.eu\\\/fr\\\/shop\\\/fedrs-ice-cool-x-strong-frosty-grape-raisin-glace\\\/#primaryimage\",\"url\":\"https:\\\/\\\/fedrs.eu\\\/wp-content\\\/uploads\\\/2024\\\/11\\\/icecoolfrostygrapexs-min.png\",\"contentUrl\":\"https:\\\/\\\/fedrs.eu\\\/wp-content\\\/uploads\\\/2024\\\/11\\\/icecoolfrostygrapexs-min.png\",\"width\":960,\"height\":960},{\"@type\":\"BreadcrumbList\",\"@id\":\"https:\\\/\\\/fedrs.eu\\\/fr\\\/shop\\\/fedrs-ice-cool-x-strong-frosty-grape-raisin-glace\\\/#breadcrumb\",\"itemListElement\":[{\"@type\":\"ListItem\",\"position\":1,\"name\":\"Accueil\",\"item\":\"https:\\\/\\\/fedrs.eu\\\/fr\\\/\"},{\"@type\":\"ListItem\",\"position\":2,\"name\":\"Boutique\",\"item\":\"https:\\\/\\\/fedrs.eu\\\/fr\\\/shop\\\/\"},{\"@type\":\"ListItem\",\"position\":3,\"name\":\"FEDRS Ice Cool X-Strong Frosty Grape\"}]},{\"@type\":\"WebSite\",\"@id\":\"https:\\\/\\\/fedrs.eu\\\/fr\\\/#website\",\"url\":\"https:\\\/\\\/fedrs.eu\\\/fr\\\/\",\"name\":\"fedrs.eu\",\"description\":\"\",\"publisher\":{\"@id\":\"https:\\\/\\\/fedrs.eu\\\/fr\\\/#organization\"},\"potentialAction\":[{\"@type\":\"SearchAction\",\"target\":{\"@type\":\"EntryPoint\",\"urlTemplate\":\"https:\\\/\\\/fedrs.eu\\\/fr\\\/?s={search_term_string}\"},\"query-input\":{\"@type\":\"PropertyValueSpecification\",\"valueRequired\":true,\"valueName\":\"search_term_string\"}}],\"inLanguage\":\"fr-FR\"},{\"@type\":\"Organization\",\"@id\":\"https:\\\/\\\/fedrs.eu\\\/fr\\\/#organization\",\"name\":\"Fedrs sp.z o.o\",\"url\":\"https:\\\/\\\/fedrs.eu\\\/fr\\\/\",\"logo\":{\"@type\":\"ImageObject\",\"inLanguage\":\"fr-FR\",\"@id\":\"https:\\\/\\\/fedrs.eu\\\/fr\\\/#\\\/schema\\\/logo\\\/image\\\/\",\"url\":\"https:\\\/\\\/fedrs.eu\\\/wp-content\\\/uploads\\\/2024\\\/12\\\/image-52.png\",\"contentUrl\":\"https:\\\/\\\/fedrs.eu\\\/wp-content\\\/uploads\\\/2024\\\/12\\\/image-52.png\",\"width\":97,\"height\":30,\"caption\":\"Fedrs sp.z o.o\"},\"image\":{\"@id\":\"https:\\\/\\\/fedrs.eu\\\/fr\\\/#\\\/schema\\\/logo\\\/image\\\/\"},\"publishingPrinciples\":\"https:\\\/\\\/fedrs.eu\\\/terms-and-conditions\\\/\"}]}<\/script>\n<meta property=\"product:brand\" content=\"FEDRS Ice Cool\" \/>\n<meta property=\"og:availability\" content=\"instock\" \/>\n<meta property=\"product:availability\" content=\"instock\" \/>\n<meta property=\"product:condition\" content=\"new\" \/>\n<!-- \/ Yoast SEO Premium plugin. -->","yoast_head_json":{"title":"Sachets de nicotine FEDRS Ice Cool X-Strong Frosty Grape 50 mg\/g","description":"Sachets de nicotine Frosty Grape, 50 mg\/g - Go\u00fbt de raisin frais, rafra\u00eechissant - EXTRA STRONG. Nouveau produit haut de gamme de FEDRS, digne d'attention !","robots":{"index":"index","follow":"follow","max-snippet":"max-snippet:-1","max-image-preview":"max-image-preview:large","max-video-preview":"max-video-preview:-1"},"canonical":"https:\/\/fedrs.eu\/fr\/shop\/fedrs-ice-cool-x-strong-frosty-grape-raisin-glace\/","og_locale":"fr_FR","og_type":"article","og_title":"FEDRS Ice Cool X-Strong Frosty Grape","og_description":"Sachets de nicotine Frosty Grape, 50 mg\/g - Go\u00fbt de raisin frais, rafra\u00eechissant - EXTRA STRONG. Nouveau produit haut de gamme de FEDRS, digne d'attention !","og_url":"https:\/\/fedrs.eu\/fr\/shop\/fedrs-ice-cool-x-strong-frosty-grape-raisin-glace\/","og_site_name":"fedrs.eu","article_modified_time":"2025-08-26T14:58:48+00:00","og_image":[{"width":960,"height":960,"url":"https:\/\/fedrs.eu\/wp-content\/uploads\/2024\/11\/icecoolfrostygrapexs-min.png","type":"image\/png"}],"twitter_card":"summary_large_image","twitter_misc":{"Disponibilit\u00e9":"En stock"},"schema":{"@context":"https:\/\/schema.org","@graph":[{"@type":"WebPage","@id":"https:\/\/fedrs.eu\/fr\/shop\/fedrs-ice-cool-x-strong-frosty-grape-raisin-glace\/","url":"https:\/\/fedrs.eu\/fr\/shop\/fedrs-ice-cool-x-strong-frosty-grape-raisin-glace\/","name":"Sachets de nicotine FEDRS Ice Cool X-Strong Frosty Grape 50 mg\/g","isPartOf":{"@id":"https:\/\/fedrs.eu\/fr\/#website"},"primaryImageOfPage":{"@id":"https:\/\/fedrs.eu\/fr\/shop\/fedrs-ice-cool-x-strong-frosty-grape-raisin-glace\/#primaryimage"},"image":{"@id":"https:\/\/fedrs.eu\/fr\/shop\/fedrs-ice-cool-x-strong-frosty-grape-raisin-glace\/#primaryimage"},"thumbnailUrl":"https:\/\/fedrs.eu\/wp-content\/uploads\/2024\/11\/icecoolfrostygrapexs-min.png","datePublished":"2024-11-17T22:21:59+00:00","dateModified":"2025-08-26T14:58:48+00:00","description":"Sachets de nicotine Frosty Grape, 50 mg\/g - Go\u00fbt de raisin frais, rafra\u00eechissant - EXTRA STRONG. Nouveau produit haut de gamme de FEDRS, digne d'attention !","breadcrumb":{"@id":"https:\/\/fedrs.eu\/fr\/shop\/fedrs-ice-cool-x-strong-frosty-grape-raisin-glace\/#breadcrumb"},"inLanguage":"fr-FR","potentialAction":[{"@type":"ReadAction","target":["https:\/\/fedrs.eu\/fr\/shop\/fedrs-ice-cool-x-strong-frosty-grape-raisin-glace\/"]}]},{"@type":"ImageObject","inLanguage":"fr-FR","@id":"https:\/\/fedrs.eu\/fr\/shop\/fedrs-ice-cool-x-strong-frosty-grape-raisin-glace\/#primaryimage","url":"https:\/\/fedrs.eu\/wp-content\/uploads\/2024\/11\/icecoolfrostygrapexs-min.png","contentUrl":"https:\/\/fedrs.eu\/wp-content\/uploads\/2024\/11\/icecoolfrostygrapexs-min.png","width":960,"height":960},{"@type":"BreadcrumbList","@id":"https:\/\/fedrs.eu\/fr\/shop\/fedrs-ice-cool-x-strong-frosty-grape-raisin-glace\/#breadcrumb","itemListElement":[{"@type":"ListItem","position":1,"name":"Accueil","item":"https:\/\/fedrs.eu\/fr\/"},{"@type":"ListItem","position":2,"name":"Boutique","item":"https:\/\/fedrs.eu\/fr\/shop\/"},{"@type":"ListItem","position":3,"name":"FEDRS Ice Cool X-Strong Frosty Grape"}]},{"@type":"WebSite","@id":"https:\/\/fedrs.eu\/fr\/#website","url":"https:\/\/fedrs.eu\/fr\/","name":"fedrs.eu","description":"","publisher":{"@id":"https:\/\/fedrs.eu\/fr\/#organization"},"potentialAction":[{"@type":"SearchAction","target":{"@type":"EntryPoint","urlTemplate":"https:\/\/fedrs.eu\/fr\/?s={search_term_string}"},"query-input":{"@type":"PropertyValueSpecification","valueRequired":true,"valueName":"search_term_string"}}],"inLanguage":"fr-FR"},{"@type":"Organization","@id":"https:\/\/fedrs.eu\/fr\/#organization","name":"Fedrs sp.z o.o","url":"https:\/\/fedrs.eu\/fr\/","logo":{"@type":"ImageObject","inLanguage":"fr-FR","@id":"https:\/\/fedrs.eu\/fr\/#\/schema\/logo\/image\/","url":"https:\/\/fedrs.eu\/wp-content\/uploads\/2024\/12\/image-52.png","contentUrl":"https:\/\/fedrs.eu\/wp-content\/uploads\/2024\/12\/image-52.png","width":97,"height":30,"caption":"Fedrs sp.z o.o"},"image":{"@id":"https:\/\/fedrs.eu\/fr\/#\/schema\/logo\/image\/"},"publishingPrinciples":"https:\/\/fedrs.eu\/terms-and-conditions\/"}]},"product_brand":"FEDRS Ice Cool","og_availability":"instock","product_availability":"instock","product_condition":"new"},"_links":{"self":[{"href":"https:\/\/fedrs.eu\/fr\/wp-json\/wp\/v2\/product\/18397","targetHints":{"allow":["GET"]}}],"collection":[{"href":"https:\/\/fedrs.eu\/fr\/wp-json\/wp\/v2\/product"}],"about":[{"href":"https:\/\/fedrs.eu\/fr\/wp-json\/wp\/v2\/types\/product"}],"replies":[{"embeddable":true,"href":"https:\/\/fedrs.eu\/fr\/wp-json\/wp\/v2\/comments?post=18397"}],"wp:featuredmedia":[{"embeddable":true,"href":"https:\/\/fedrs.eu\/fr\/wp-json\/wp\/v2\/media\/4093"}],"wp:attachment":[{"href":"https:\/\/fedrs.eu\/fr\/wp-json\/wp\/v2\/media?parent=18397"}],"wp:term":[{"taxonomy":"product_brand","embeddable":true,"href":"https:\/\/fedrs.eu\/fr\/wp-json\/wp\/v2\/product_brand?post=18397"},{"taxonomy":"product_cat","embeddable":true,"href":"https:\/\/fedrs.eu\/fr\/wp-json\/wp\/v2\/product_cat?post=18397"},{"taxonomy":"product_tag","embeddable":true,"href":"https:\/\/fedrs.eu\/fr\/wp-json\/wp\/v2\/product_tag?post=18397"}],"curies":[{"name":"wp","href":"https:\/\/api.w.org\/{rel}","templated":true}]}}