{"id":18176,"date":"2024-11-17T22:32:28","date_gmt":"2024-11-17T22:32:28","guid":{"rendered":"https:\/\/fedrs.eu\/shop\/fedrs-ice-cool-light-freeze-mint\/"},"modified":"2025-08-26T17:00:31","modified_gmt":"2025-08-26T15:00:31","slug":"fedrs-ice-cool-light-freeze-mint","status":"publish","type":"product","link":"https:\/\/fedrs.eu\/fr\/shop\/fedrs-ice-cool-light-freeze-mint\/","title":{"rendered":"FEDRS Ice Cool Light Freeze Mint"},"content":{"rendered":"<p>Savourez la fra\u00eecheur des sachets de nicotine Freeze Mint, 20 mg\/g. Avec un go\u00fbt de menthe doux mais glac\u00e9, ces sachets sont parfaits pour une exp\u00e9rience nicotinique douce et rafra\u00eechissante. Par rapport \u00e0 Mint et Ultra Mint, Freeze Mint se distingue par sa fra\u00eecheur glac\u00e9e.  <\/p>\n","protected":false},"excerpt":{"rendered":"<div class=\"descrip_p\">\n<div class=\"product-pstyle\"><\/div>\n<p>Go\u00fbt de menthe givr\u00e9e, rafra\u00eechissement en douceur<\/p>\n<\/div>\n","protected":false},"featured_media":4489,"comment_status":"open","ping_status":"closed","template":"","meta":{"googlesitekit_rrm_CAowmrG7DA:productID":""},"product_brand":[],"product_cat":[647,545,634,819],"product_tag":[],"class_list":{"0":"post-18176","1":"product","2":"type-product","3":"status-publish","4":"has-post-thumbnail","6":"product_cat-20-mg-g-fr","7":"product_cat-fedrs-ice-cool-fr","8":"product_cat-menthe-et-menthol","9":"product_cat-sachets-de-nicotine","11":"first","12":"outofstock","13":"taxable","14":"shipping-taxable","15":"product-type-variable","16":"has-default-attributes"},"yoast_head":"<!-- This site is optimized with the Yoast SEO Premium plugin v26.5 (Yoast SEO v27.3) - https:\/\/yoast.com\/product\/yoast-seo-premium-wordpress\/ -->\n<title>Sachets de nicotine FEDRS Ice Cool Light Freeze Mint | 20 mg\/g<\/title>\n<meta name=\"description\" content=\"Go\u00fbt de menthe givr\u00e9e, rafra\u00eechissement en douceur - FEDRS Ice Cool Light Freeze Min (20 mg\/g). Un nouveau produit de grande qualit\u00e9 de FEDRS, qui m\u00e9rite l&#039;attention !\" \/>\n<meta name=\"robots\" content=\"index, follow, max-snippet:-1, max-image-preview:large, max-video-preview:-1\" \/>\n<link rel=\"canonical\" href=\"https:\/\/fedrs.eu\/fr\/shop\/fedrs-ice-cool-light-freeze-mint\/\" \/>\n<meta property=\"og:locale\" content=\"fr_FR\" \/>\n<meta property=\"og:type\" content=\"article\" \/>\n<meta property=\"og:title\" content=\"FEDRS Ice Cool Light Freeze Mint\" \/>\n<meta property=\"og:description\" content=\"Go\u00fbt de menthe givr\u00e9e, rafra\u00eechissement en douceur - FEDRS Ice Cool Light Freeze Min (20 mg\/g). Un nouveau produit de grande qualit\u00e9 de FEDRS, qui m\u00e9rite l&#039;attention !\" \/>\n<meta property=\"og:url\" content=\"https:\/\/fedrs.eu\/fr\/shop\/fedrs-ice-cool-light-freeze-mint\/\" \/>\n<meta property=\"og:site_name\" content=\"fedrs.eu\" \/>\n<meta property=\"article:modified_time\" content=\"2025-08-26T15:00:31+00:00\" \/>\n<meta property=\"og:image\" content=\"https:\/\/fedrs.eu\/wp-content\/uploads\/2024\/11\/icecoolfreezemintl-min.png\" \/>\n\t<meta property=\"og:image:width\" content=\"960\" \/>\n\t<meta property=\"og:image:height\" content=\"960\" \/>\n\t<meta property=\"og:image:type\" content=\"image\/png\" \/>\n<meta name=\"twitter:card\" content=\"summary_large_image\" \/>\n<meta name=\"twitter:label1\" content=\"Disponibilit\u00e9\" \/>\n\t<meta name=\"twitter:data1\" content=\"Rupture de stock\" \/>\n<script type=\"application\/ld+json\" class=\"yoast-schema-graph\">{\"@context\":\"https:\\\/\\\/schema.org\",\"@graph\":[{\"@type\":\"WebPage\",\"@id\":\"https:\\\/\\\/fedrs.eu\\\/fr\\\/shop\\\/fedrs-ice-cool-light-freeze-mint\\\/\",\"url\":\"https:\\\/\\\/fedrs.eu\\\/fr\\\/shop\\\/fedrs-ice-cool-light-freeze-mint\\\/\",\"name\":\"Sachets de nicotine FEDRS Ice Cool Light Freeze Mint | 20 mg\\\/g\",\"isPartOf\":{\"@id\":\"https:\\\/\\\/fedrs.eu\\\/fr\\\/#website\"},\"primaryImageOfPage\":{\"@id\":\"https:\\\/\\\/fedrs.eu\\\/fr\\\/shop\\\/fedrs-ice-cool-light-freeze-mint\\\/#primaryimage\"},\"image\":{\"@id\":\"https:\\\/\\\/fedrs.eu\\\/fr\\\/shop\\\/fedrs-ice-cool-light-freeze-mint\\\/#primaryimage\"},\"thumbnailUrl\":\"https:\\\/\\\/fedrs.eu\\\/wp-content\\\/uploads\\\/2024\\\/11\\\/icecoolfreezemintl-min.png\",\"datePublished\":\"2024-11-17T22:32:28+00:00\",\"dateModified\":\"2025-08-26T15:00:31+00:00\",\"description\":\"Go\u00fbt de menthe givr\u00e9e, rafra\u00eechissement en douceur - FEDRS Ice Cool Light Freeze Min (20 mg\\\/g). Un nouveau produit de grande qualit\u00e9 de FEDRS, qui m\u00e9rite l'attention !\",\"breadcrumb\":{\"@id\":\"https:\\\/\\\/fedrs.eu\\\/fr\\\/shop\\\/fedrs-ice-cool-light-freeze-mint\\\/#breadcrumb\"},\"inLanguage\":\"fr-FR\",\"potentialAction\":[{\"@type\":\"ReadAction\",\"target\":[\"https:\\\/\\\/fedrs.eu\\\/fr\\\/shop\\\/fedrs-ice-cool-light-freeze-mint\\\/\"]}]},{\"@type\":\"ImageObject\",\"inLanguage\":\"fr-FR\",\"@id\":\"https:\\\/\\\/fedrs.eu\\\/fr\\\/shop\\\/fedrs-ice-cool-light-freeze-mint\\\/#primaryimage\",\"url\":\"https:\\\/\\\/fedrs.eu\\\/wp-content\\\/uploads\\\/2024\\\/11\\\/icecoolfreezemintl-min.png\",\"contentUrl\":\"https:\\\/\\\/fedrs.eu\\\/wp-content\\\/uploads\\\/2024\\\/11\\\/icecoolfreezemintl-min.png\",\"width\":960,\"height\":960},{\"@type\":\"BreadcrumbList\",\"@id\":\"https:\\\/\\\/fedrs.eu\\\/fr\\\/shop\\\/fedrs-ice-cool-light-freeze-mint\\\/#breadcrumb\",\"itemListElement\":[{\"@type\":\"ListItem\",\"position\":1,\"name\":\"Accueil\",\"item\":\"https:\\\/\\\/fedrs.eu\\\/fr\\\/\"},{\"@type\":\"ListItem\",\"position\":2,\"name\":\"Boutique\",\"item\":\"https:\\\/\\\/fedrs.eu\\\/fr\\\/shop\\\/\"},{\"@type\":\"ListItem\",\"position\":3,\"name\":\"FEDRS Ice Cool Light Freeze Mint\"}]},{\"@type\":\"WebSite\",\"@id\":\"https:\\\/\\\/fedrs.eu\\\/fr\\\/#website\",\"url\":\"https:\\\/\\\/fedrs.eu\\\/fr\\\/\",\"name\":\"fedrs.eu\",\"description\":\"\",\"publisher\":{\"@id\":\"https:\\\/\\\/fedrs.eu\\\/fr\\\/#organization\"},\"potentialAction\":[{\"@type\":\"SearchAction\",\"target\":{\"@type\":\"EntryPoint\",\"urlTemplate\":\"https:\\\/\\\/fedrs.eu\\\/fr\\\/?s={search_term_string}\"},\"query-input\":{\"@type\":\"PropertyValueSpecification\",\"valueRequired\":true,\"valueName\":\"search_term_string\"}}],\"inLanguage\":\"fr-FR\"},{\"@type\":\"Organization\",\"@id\":\"https:\\\/\\\/fedrs.eu\\\/fr\\\/#organization\",\"name\":\"Fedrs sp.z o.o\",\"url\":\"https:\\\/\\\/fedrs.eu\\\/fr\\\/\",\"logo\":{\"@type\":\"ImageObject\",\"inLanguage\":\"fr-FR\",\"@id\":\"https:\\\/\\\/fedrs.eu\\\/fr\\\/#\\\/schema\\\/logo\\\/image\\\/\",\"url\":\"https:\\\/\\\/fedrs.eu\\\/wp-content\\\/uploads\\\/2024\\\/12\\\/image-52.png\",\"contentUrl\":\"https:\\\/\\\/fedrs.eu\\\/wp-content\\\/uploads\\\/2024\\\/12\\\/image-52.png\",\"width\":97,\"height\":30,\"caption\":\"Fedrs sp.z o.o\"},\"image\":{\"@id\":\"https:\\\/\\\/fedrs.eu\\\/fr\\\/#\\\/schema\\\/logo\\\/image\\\/\"},\"publishingPrinciples\":\"https:\\\/\\\/fedrs.eu\\\/terms-and-conditions\\\/\"}]}<\/script>\n<meta property=\"product:brand\" content=\"FEDRS Ice Cool\" \/>\n<meta property=\"og:availability\" content=\"out of stock\" \/>\n<meta property=\"product:availability\" content=\"out of stock\" \/>\n<meta property=\"product:retailer_item_id\" content=\"04007\" \/>\n<meta property=\"product:condition\" content=\"new\" \/>\n<!-- \/ Yoast SEO Premium plugin. -->","yoast_head_json":{"title":"Sachets de nicotine FEDRS Ice Cool Light Freeze Mint | 20 mg\/g","description":"Go\u00fbt de menthe givr\u00e9e, rafra\u00eechissement en douceur - FEDRS Ice Cool Light Freeze Min (20 mg\/g). Un nouveau produit de grande qualit\u00e9 de FEDRS, qui m\u00e9rite l'attention !","robots":{"index":"index","follow":"follow","max-snippet":"max-snippet:-1","max-image-preview":"max-image-preview:large","max-video-preview":"max-video-preview:-1"},"canonical":"https:\/\/fedrs.eu\/fr\/shop\/fedrs-ice-cool-light-freeze-mint\/","og_locale":"fr_FR","og_type":"article","og_title":"FEDRS Ice Cool Light Freeze Mint","og_description":"Go\u00fbt de menthe givr\u00e9e, rafra\u00eechissement en douceur - FEDRS Ice Cool Light Freeze Min (20 mg\/g). Un nouveau produit de grande qualit\u00e9 de FEDRS, qui m\u00e9rite l'attention !","og_url":"https:\/\/fedrs.eu\/fr\/shop\/fedrs-ice-cool-light-freeze-mint\/","og_site_name":"fedrs.eu","article_modified_time":"2025-08-26T15:00:31+00:00","og_image":[{"width":960,"height":960,"url":"https:\/\/fedrs.eu\/wp-content\/uploads\/2024\/11\/icecoolfreezemintl-min.png","type":"image\/png"}],"twitter_card":"summary_large_image","twitter_misc":{"Disponibilit\u00e9":"Rupture de stock"},"schema":{"@context":"https:\/\/schema.org","@graph":[{"@type":"WebPage","@id":"https:\/\/fedrs.eu\/fr\/shop\/fedrs-ice-cool-light-freeze-mint\/","url":"https:\/\/fedrs.eu\/fr\/shop\/fedrs-ice-cool-light-freeze-mint\/","name":"Sachets de nicotine FEDRS Ice Cool Light Freeze Mint | 20 mg\/g","isPartOf":{"@id":"https:\/\/fedrs.eu\/fr\/#website"},"primaryImageOfPage":{"@id":"https:\/\/fedrs.eu\/fr\/shop\/fedrs-ice-cool-light-freeze-mint\/#primaryimage"},"image":{"@id":"https:\/\/fedrs.eu\/fr\/shop\/fedrs-ice-cool-light-freeze-mint\/#primaryimage"},"thumbnailUrl":"https:\/\/fedrs.eu\/wp-content\/uploads\/2024\/11\/icecoolfreezemintl-min.png","datePublished":"2024-11-17T22:32:28+00:00","dateModified":"2025-08-26T15:00:31+00:00","description":"Go\u00fbt de menthe givr\u00e9e, rafra\u00eechissement en douceur - FEDRS Ice Cool Light Freeze Min (20 mg\/g). Un nouveau produit de grande qualit\u00e9 de FEDRS, qui m\u00e9rite l'attention !","breadcrumb":{"@id":"https:\/\/fedrs.eu\/fr\/shop\/fedrs-ice-cool-light-freeze-mint\/#breadcrumb"},"inLanguage":"fr-FR","potentialAction":[{"@type":"ReadAction","target":["https:\/\/fedrs.eu\/fr\/shop\/fedrs-ice-cool-light-freeze-mint\/"]}]},{"@type":"ImageObject","inLanguage":"fr-FR","@id":"https:\/\/fedrs.eu\/fr\/shop\/fedrs-ice-cool-light-freeze-mint\/#primaryimage","url":"https:\/\/fedrs.eu\/wp-content\/uploads\/2024\/11\/icecoolfreezemintl-min.png","contentUrl":"https:\/\/fedrs.eu\/wp-content\/uploads\/2024\/11\/icecoolfreezemintl-min.png","width":960,"height":960},{"@type":"BreadcrumbList","@id":"https:\/\/fedrs.eu\/fr\/shop\/fedrs-ice-cool-light-freeze-mint\/#breadcrumb","itemListElement":[{"@type":"ListItem","position":1,"name":"Accueil","item":"https:\/\/fedrs.eu\/fr\/"},{"@type":"ListItem","position":2,"name":"Boutique","item":"https:\/\/fedrs.eu\/fr\/shop\/"},{"@type":"ListItem","position":3,"name":"FEDRS Ice Cool Light Freeze Mint"}]},{"@type":"WebSite","@id":"https:\/\/fedrs.eu\/fr\/#website","url":"https:\/\/fedrs.eu\/fr\/","name":"fedrs.eu","description":"","publisher":{"@id":"https:\/\/fedrs.eu\/fr\/#organization"},"potentialAction":[{"@type":"SearchAction","target":{"@type":"EntryPoint","urlTemplate":"https:\/\/fedrs.eu\/fr\/?s={search_term_string}"},"query-input":{"@type":"PropertyValueSpecification","valueRequired":true,"valueName":"search_term_string"}}],"inLanguage":"fr-FR"},{"@type":"Organization","@id":"https:\/\/fedrs.eu\/fr\/#organization","name":"Fedrs sp.z o.o","url":"https:\/\/fedrs.eu\/fr\/","logo":{"@type":"ImageObject","inLanguage":"fr-FR","@id":"https:\/\/fedrs.eu\/fr\/#\/schema\/logo\/image\/","url":"https:\/\/fedrs.eu\/wp-content\/uploads\/2024\/12\/image-52.png","contentUrl":"https:\/\/fedrs.eu\/wp-content\/uploads\/2024\/12\/image-52.png","width":97,"height":30,"caption":"Fedrs sp.z o.o"},"image":{"@id":"https:\/\/fedrs.eu\/fr\/#\/schema\/logo\/image\/"},"publishingPrinciples":"https:\/\/fedrs.eu\/terms-and-conditions\/"}]},"product_brand":"FEDRS Ice Cool","og_availability":"out of stock","product_availability":"out of stock","product_retailer_item_id":"04007","product_condition":"new"},"_links":{"self":[{"href":"https:\/\/fedrs.eu\/fr\/wp-json\/wp\/v2\/product\/18176","targetHints":{"allow":["GET"]}}],"collection":[{"href":"https:\/\/fedrs.eu\/fr\/wp-json\/wp\/v2\/product"}],"about":[{"href":"https:\/\/fedrs.eu\/fr\/wp-json\/wp\/v2\/types\/product"}],"replies":[{"embeddable":true,"href":"https:\/\/fedrs.eu\/fr\/wp-json\/wp\/v2\/comments?post=18176"}],"wp:featuredmedia":[{"embeddable":true,"href":"https:\/\/fedrs.eu\/fr\/wp-json\/wp\/v2\/media\/4489"}],"wp:attachment":[{"href":"https:\/\/fedrs.eu\/fr\/wp-json\/wp\/v2\/media?parent=18176"}],"wp:term":[{"taxonomy":"product_brand","embeddable":true,"href":"https:\/\/fedrs.eu\/fr\/wp-json\/wp\/v2\/product_brand?post=18176"},{"taxonomy":"product_cat","embeddable":true,"href":"https:\/\/fedrs.eu\/fr\/wp-json\/wp\/v2\/product_cat?post=18176"},{"taxonomy":"product_tag","embeddable":true,"href":"https:\/\/fedrs.eu\/fr\/wp-json\/wp\/v2\/product_tag?post=18176"}],"curies":[{"name":"wp","href":"https:\/\/api.w.org\/{rel}","templated":true}]}}