{"id":17848,"date":"2024-11-22T14:19:05","date_gmt":"2024-11-22T14:19:05","guid":{"rendered":"https:\/\/fedrs.eu\/shop\/stripe-light-wild-berry\/"},"modified":"2025-08-26T16:54:50","modified_gmt":"2025-08-26T14:54:50","slug":"stripe-light-wild-berry","status":"publish","type":"product","link":"https:\/\/fedrs.eu\/fr\/shop\/stripe-light-wild-berry\/","title":{"rendered":"STRIPE Light Wild Berry"},"content":{"rendered":"<p>Savourez la douceur des sachets de nicotine Stripe Wild Berry, 10 mg\/g. Ces sachets offrent une saveur l\u00e9g\u00e8re et rafra\u00eechissante de baies avec le taux de nicotine le plus bas, ce qui les rend parfaits pour une g\u00e2terie subtile et sucr\u00e9e. <\/p>\n","protected":false},"excerpt":{"rendered":"<div class=\"descrip_p\">\n<div class=\"product-pstyle\"><\/div>\n<p>M\u00e9lange l\u00e9ger de baies sauvages, douceur douce<\/p>\n<\/div>\n","protected":false},"featured_media":4909,"comment_status":"open","ping_status":"closed","template":"","meta":{"googlesitekit_rrm_CAowmrG7DA:productID":""},"product_brand":[],"product_cat":[651,635,819,607],"product_tag":[],"class_list":{"0":"post-17848","1":"product","2":"type-product","3":"status-publish","4":"has-post-thumbnail","6":"product_cat-10-mg-g-fr","7":"product_cat-baies","8":"product_cat-sachets-de-nicotine","9":"product_cat-stripe-fr","11":"first","12":"outofstock","13":"taxable","14":"shipping-taxable","15":"product-type-variable","16":"has-default-attributes"},"yoast_head":"<!-- This site is optimized with the Yoast SEO Premium plugin v26.5 (Yoast SEO v27.2) - https:\/\/yoast.com\/product\/yoast-seo-premium-wordpress\/ -->\n<title>Stripe Light Wild Berry - Sachets de nicotine douce | 10 mg\/g<\/title>\n<meta name=\"description\" content=\"Les sachets de nicotine Explore Stripe Wild Berry contiennent 10 mg\/g de nicotine. Appr\u00e9ciez ! Parfait pour une g\u00e2terie douce et sucr\u00e9e avec le taux de nicotine le plus bas.\" \/>\n<meta name=\"robots\" content=\"index, follow, max-snippet:-1, max-image-preview:large, max-video-preview:-1\" \/>\n<link rel=\"canonical\" href=\"https:\/\/fedrs.eu\/fr\/shop\/stripe-light-wild-berry\/\" \/>\n<meta property=\"og:locale\" content=\"fr_FR\" \/>\n<meta property=\"og:type\" content=\"article\" \/>\n<meta property=\"og:title\" content=\"STRIPE Light Wild Berry\" \/>\n<meta property=\"og:description\" content=\"Les sachets de nicotine Explore Stripe Wild Berry contiennent 10 mg\/g de nicotine. Appr\u00e9ciez ! Parfait pour une g\u00e2terie douce et sucr\u00e9e avec le taux de nicotine le plus bas.\" \/>\n<meta property=\"og:url\" content=\"https:\/\/fedrs.eu\/fr\/shop\/stripe-light-wild-berry\/\" \/>\n<meta property=\"og:site_name\" content=\"fedrs.eu\" \/>\n<meta property=\"article:modified_time\" content=\"2025-08-26T14:54:50+00:00\" \/>\n<meta property=\"og:image\" content=\"https:\/\/fedrs.eu\/wp-content\/uploads\/2024\/11\/stripewildberry111-min.png\" \/>\n\t<meta property=\"og:image:width\" content=\"960\" \/>\n\t<meta property=\"og:image:height\" content=\"960\" \/>\n\t<meta property=\"og:image:type\" content=\"image\/png\" \/>\n<meta name=\"twitter:card\" content=\"summary_large_image\" \/>\n<meta name=\"twitter:label1\" content=\"Disponibilit\u00e9\" \/>\n\t<meta name=\"twitter:data1\" content=\"Rupture de stock\" \/>\n<script type=\"application\/ld+json\" class=\"yoast-schema-graph\">{\"@context\":\"https:\/\/schema.org\",\"@graph\":[{\"@type\":\"WebPage\",\"@id\":\"https:\/\/fedrs.eu\/fr\/shop\/stripe-light-wild-berry\/\",\"url\":\"https:\/\/fedrs.eu\/fr\/shop\/stripe-light-wild-berry\/\",\"name\":\"Stripe Light Wild Berry - Sachets de nicotine douce | 10 mg\/g\",\"isPartOf\":{\"@id\":\"https:\/\/fedrs.eu\/fr\/#website\"},\"primaryImageOfPage\":{\"@id\":\"https:\/\/fedrs.eu\/fr\/shop\/stripe-light-wild-berry\/#primaryimage\"},\"image\":{\"@id\":\"https:\/\/fedrs.eu\/fr\/shop\/stripe-light-wild-berry\/#primaryimage\"},\"thumbnailUrl\":\"https:\/\/fedrs.eu\/wp-content\/uploads\/2024\/11\/stripewildberry111-min.png\",\"datePublished\":\"2024-11-22T14:19:05+00:00\",\"dateModified\":\"2025-08-26T14:54:50+00:00\",\"description\":\"Les sachets de nicotine Explore Stripe Wild Berry contiennent 10 mg\/g de nicotine. Appr\u00e9ciez ! Parfait pour une g\u00e2terie douce et sucr\u00e9e avec le taux de nicotine le plus bas.\",\"breadcrumb\":{\"@id\":\"https:\/\/fedrs.eu\/fr\/shop\/stripe-light-wild-berry\/#breadcrumb\"},\"inLanguage\":\"fr-FR\",\"potentialAction\":[{\"@type\":\"ReadAction\",\"target\":[\"https:\/\/fedrs.eu\/fr\/shop\/stripe-light-wild-berry\/\"]}]},{\"@type\":\"ImageObject\",\"inLanguage\":\"fr-FR\",\"@id\":\"https:\/\/fedrs.eu\/fr\/shop\/stripe-light-wild-berry\/#primaryimage\",\"url\":\"https:\/\/fedrs.eu\/wp-content\/uploads\/2024\/11\/stripewildberry111-min.png\",\"contentUrl\":\"https:\/\/fedrs.eu\/wp-content\/uploads\/2024\/11\/stripewildberry111-min.png\",\"width\":960,\"height\":960},{\"@type\":\"BreadcrumbList\",\"@id\":\"https:\/\/fedrs.eu\/fr\/shop\/stripe-light-wild-berry\/#breadcrumb\",\"itemListElement\":[{\"@type\":\"ListItem\",\"position\":1,\"name\":\"Accueil\",\"item\":\"https:\/\/fedrs.eu\/fr\/\"},{\"@type\":\"ListItem\",\"position\":2,\"name\":\"Boutique\",\"item\":\"https:\/\/fedrs.eu\/fr\/shop\/\"},{\"@type\":\"ListItem\",\"position\":3,\"name\":\"STRIPE Light Wild Berry\"}]},{\"@type\":\"WebSite\",\"@id\":\"https:\/\/fedrs.eu\/fr\/#website\",\"url\":\"https:\/\/fedrs.eu\/fr\/\",\"name\":\"fedrs.eu\",\"description\":\"\",\"publisher\":{\"@id\":\"https:\/\/fedrs.eu\/fr\/#organization\"},\"potentialAction\":[{\"@type\":\"SearchAction\",\"target\":{\"@type\":\"EntryPoint\",\"urlTemplate\":\"https:\/\/fedrs.eu\/fr\/?s={search_term_string}\"},\"query-input\":{\"@type\":\"PropertyValueSpecification\",\"valueRequired\":true,\"valueName\":\"search_term_string\"}}],\"inLanguage\":\"fr-FR\"},{\"@type\":\"Organization\",\"@id\":\"https:\/\/fedrs.eu\/fr\/#organization\",\"name\":\"Fedrs sp.z o.o\",\"url\":\"https:\/\/fedrs.eu\/fr\/\",\"logo\":{\"@type\":\"ImageObject\",\"inLanguage\":\"fr-FR\",\"@id\":\"https:\/\/fedrs.eu\/fr\/#\/schema\/logo\/image\/\",\"url\":\"https:\/\/fedrs.eu\/wp-content\/uploads\/2024\/12\/image-52.png\",\"contentUrl\":\"https:\/\/fedrs.eu\/wp-content\/uploads\/2024\/12\/image-52.png\",\"width\":97,\"height\":30,\"caption\":\"Fedrs sp.z o.o\"},\"image\":{\"@id\":\"https:\/\/fedrs.eu\/fr\/#\/schema\/logo\/image\/\"},\"publishingPrinciples\":\"https:\/\/fedrs.eu\/terms-and-conditions\/\"}]}<\/script>\n<meta property=\"product:brand\" content=\"Stripe\" \/>\n<meta property=\"og:availability\" content=\"out of stock\" \/>\n<meta property=\"product:availability\" content=\"out of stock\" \/>\n<meta property=\"product:retailer_item_id\" content=\"03001\" \/>\n<meta property=\"product:condition\" content=\"new\" \/>\n<!-- \/ Yoast SEO Premium plugin. -->","yoast_head_json":{"title":"Stripe Light Wild Berry - Sachets de nicotine douce | 10 mg\/g","description":"Les sachets de nicotine Explore Stripe Wild Berry contiennent 10 mg\/g de nicotine. Appr\u00e9ciez ! Parfait pour une g\u00e2terie douce et sucr\u00e9e avec le taux de nicotine le plus bas.","robots":{"index":"index","follow":"follow","max-snippet":"max-snippet:-1","max-image-preview":"max-image-preview:large","max-video-preview":"max-video-preview:-1"},"canonical":"https:\/\/fedrs.eu\/fr\/shop\/stripe-light-wild-berry\/","og_locale":"fr_FR","og_type":"article","og_title":"STRIPE Light Wild Berry","og_description":"Les sachets de nicotine Explore Stripe Wild Berry contiennent 10 mg\/g de nicotine. Appr\u00e9ciez ! Parfait pour une g\u00e2terie douce et sucr\u00e9e avec le taux de nicotine le plus bas.","og_url":"https:\/\/fedrs.eu\/fr\/shop\/stripe-light-wild-berry\/","og_site_name":"fedrs.eu","article_modified_time":"2025-08-26T14:54:50+00:00","og_image":[{"width":960,"height":960,"url":"https:\/\/fedrs.eu\/wp-content\/uploads\/2024\/11\/stripewildberry111-min.png","type":"image\/png"}],"twitter_card":"summary_large_image","twitter_misc":{"Disponibilit\u00e9":"Rupture de stock"},"schema":{"@context":"https:\/\/schema.org","@graph":[{"@type":"WebPage","@id":"https:\/\/fedrs.eu\/fr\/shop\/stripe-light-wild-berry\/","url":"https:\/\/fedrs.eu\/fr\/shop\/stripe-light-wild-berry\/","name":"Stripe Light Wild Berry - Sachets de nicotine douce | 10 mg\/g","isPartOf":{"@id":"https:\/\/fedrs.eu\/fr\/#website"},"primaryImageOfPage":{"@id":"https:\/\/fedrs.eu\/fr\/shop\/stripe-light-wild-berry\/#primaryimage"},"image":{"@id":"https:\/\/fedrs.eu\/fr\/shop\/stripe-light-wild-berry\/#primaryimage"},"thumbnailUrl":"https:\/\/fedrs.eu\/wp-content\/uploads\/2024\/11\/stripewildberry111-min.png","datePublished":"2024-11-22T14:19:05+00:00","dateModified":"2025-08-26T14:54:50+00:00","description":"Les sachets de nicotine Explore Stripe Wild Berry contiennent 10 mg\/g de nicotine. Appr\u00e9ciez ! Parfait pour une g\u00e2terie douce et sucr\u00e9e avec le taux de nicotine le plus bas.","breadcrumb":{"@id":"https:\/\/fedrs.eu\/fr\/shop\/stripe-light-wild-berry\/#breadcrumb"},"inLanguage":"fr-FR","potentialAction":[{"@type":"ReadAction","target":["https:\/\/fedrs.eu\/fr\/shop\/stripe-light-wild-berry\/"]}]},{"@type":"ImageObject","inLanguage":"fr-FR","@id":"https:\/\/fedrs.eu\/fr\/shop\/stripe-light-wild-berry\/#primaryimage","url":"https:\/\/fedrs.eu\/wp-content\/uploads\/2024\/11\/stripewildberry111-min.png","contentUrl":"https:\/\/fedrs.eu\/wp-content\/uploads\/2024\/11\/stripewildberry111-min.png","width":960,"height":960},{"@type":"BreadcrumbList","@id":"https:\/\/fedrs.eu\/fr\/shop\/stripe-light-wild-berry\/#breadcrumb","itemListElement":[{"@type":"ListItem","position":1,"name":"Accueil","item":"https:\/\/fedrs.eu\/fr\/"},{"@type":"ListItem","position":2,"name":"Boutique","item":"https:\/\/fedrs.eu\/fr\/shop\/"},{"@type":"ListItem","position":3,"name":"STRIPE Light Wild Berry"}]},{"@type":"WebSite","@id":"https:\/\/fedrs.eu\/fr\/#website","url":"https:\/\/fedrs.eu\/fr\/","name":"fedrs.eu","description":"","publisher":{"@id":"https:\/\/fedrs.eu\/fr\/#organization"},"potentialAction":[{"@type":"SearchAction","target":{"@type":"EntryPoint","urlTemplate":"https:\/\/fedrs.eu\/fr\/?s={search_term_string}"},"query-input":{"@type":"PropertyValueSpecification","valueRequired":true,"valueName":"search_term_string"}}],"inLanguage":"fr-FR"},{"@type":"Organization","@id":"https:\/\/fedrs.eu\/fr\/#organization","name":"Fedrs sp.z o.o","url":"https:\/\/fedrs.eu\/fr\/","logo":{"@type":"ImageObject","inLanguage":"fr-FR","@id":"https:\/\/fedrs.eu\/fr\/#\/schema\/logo\/image\/","url":"https:\/\/fedrs.eu\/wp-content\/uploads\/2024\/12\/image-52.png","contentUrl":"https:\/\/fedrs.eu\/wp-content\/uploads\/2024\/12\/image-52.png","width":97,"height":30,"caption":"Fedrs sp.z o.o"},"image":{"@id":"https:\/\/fedrs.eu\/fr\/#\/schema\/logo\/image\/"},"publishingPrinciples":"https:\/\/fedrs.eu\/terms-and-conditions\/"}]},"product_brand":"Stripe","og_availability":"out of stock","product_availability":"out of stock","product_retailer_item_id":"03001","product_condition":"new"},"_links":{"self":[{"href":"https:\/\/fedrs.eu\/fr\/wp-json\/wp\/v2\/product\/17848","targetHints":{"allow":["GET"]}}],"collection":[{"href":"https:\/\/fedrs.eu\/fr\/wp-json\/wp\/v2\/product"}],"about":[{"href":"https:\/\/fedrs.eu\/fr\/wp-json\/wp\/v2\/types\/product"}],"replies":[{"embeddable":true,"href":"https:\/\/fedrs.eu\/fr\/wp-json\/wp\/v2\/comments?post=17848"}],"wp:featuredmedia":[{"embeddable":true,"href":"https:\/\/fedrs.eu\/fr\/wp-json\/wp\/v2\/media\/4909"}],"wp:attachment":[{"href":"https:\/\/fedrs.eu\/fr\/wp-json\/wp\/v2\/media?parent=17848"}],"wp:term":[{"taxonomy":"product_brand","embeddable":true,"href":"https:\/\/fedrs.eu\/fr\/wp-json\/wp\/v2\/product_brand?post=17848"},{"taxonomy":"product_cat","embeddable":true,"href":"https:\/\/fedrs.eu\/fr\/wp-json\/wp\/v2\/product_cat?post=17848"},{"taxonomy":"product_tag","embeddable":true,"href":"https:\/\/fedrs.eu\/fr\/wp-json\/wp\/v2\/product_tag?post=17848"}],"curies":[{"name":"wp","href":"https:\/\/api.w.org\/{rel}","templated":true}]}}