{"id":17843,"date":"2024-11-26T13:38:45","date_gmt":"2024-11-26T13:38:45","guid":{"rendered":"https:\/\/fedrs.eu\/shop\/fedrs-ice-cool-hard-mint\/"},"modified":"2025-09-29T00:18:01","modified_gmt":"2025-09-28T22:18:01","slug":"fedrs-ice-cool-hard-mint","status":"publish","type":"product","link":"https:\/\/fedrs.eu\/fr\/shop\/fedrs-ice-cool-hard-mint\/","title":{"rendered":"FEDRS Ice Cool Hard Mint"},"content":{"rendered":"<p>FEDRS Ice Cool Hard Mint - la fra\u00eecheur glac\u00e9e de la menthe qui vous donne un fort coup de poing de joie.<br \/>\nLa forte concentration d&rsquo;ingr\u00e9dients actifs dans Mint Hard sera une v\u00e9ritable d\u00e9couverte pour les amateurs exp\u00e9riment\u00e9s de produits FEDRS. FEDRS Ice Cool Hard Mint est un ar\u00f4me classique de menthol avec des couches sucr\u00e9es et froides. La menthe fra\u00eeche et la glace se combinent pour cr\u00e9er une inhalation et une exhalation propres et fra\u00eeches. La fusion du menthol froid et de la menthe glaciale cr\u00e9e un go\u00fbt frais avec des notes sucr\u00e9es et croustillantes dont vous ne pourrez plus vous passer. Ce go\u00fbt serait parfait pour un usage quotidien - il pourrait m\u00eame remplacer votre chewing-gum pr\u00e9f\u00e9r\u00e9 !    <\/p>\n","protected":false},"excerpt":{"rendered":"<p>FEDRS Ice Cool Hard Mint - la fra\u00eecheur glac\u00e9e de la menthe qui vous donne un fort coup de poing de joie. La forte concentration d&rsquo;ingr\u00e9dients<span class=\"excerpt-hellip\"> [\u2026]<\/span><\/p>\n","protected":false},"featured_media":5280,"comment_status":"open","ping_status":"closed","template":"","meta":{"googlesitekit_rrm_CAowmrG7DA:productID":""},"product_brand":[],"product_cat":[544,569,634,819],"product_tag":[],"class_list":{"0":"post-17843","1":"product","2":"type-product","3":"status-publish","4":"has-post-thumbnail","6":"product_cat-65-mg-g-fr","7":"product_cat-fedrs-ice-cool-hard-fr","8":"product_cat-menthe-et-menthol","9":"product_cat-sachets-de-nicotine","11":"first","12":"instock","13":"taxable","14":"shipping-taxable","15":"product-type-variable","16":"has-default-attributes"},"yoast_head":"<!-- This site is optimized with the Yoast SEO Premium plugin v26.5 (Yoast SEO v27.3) - https:\/\/yoast.com\/product\/yoast-seo-premium-wordpress\/ -->\n<title>FEDRS Ice Cool Hard Mint Nicotine Pouches<\/title>\n<meta name=\"description\" content=\"Sachets de nicotine FEDRS Ice Cool Hard Mint d&#039;une teneur de 65 mg\/g. Livraison rapide dans tout le pays - profitez de la fra\u00eecheur de la menthe givr\u00e9e d\u00e8s demain !\" \/>\n<meta name=\"robots\" content=\"index, follow, max-snippet:-1, max-image-preview:large, max-video-preview:-1\" \/>\n<link rel=\"canonical\" href=\"https:\/\/fedrs.eu\/fr\/shop\/fedrs-ice-cool-hard-mint\/\" \/>\n<meta property=\"og:locale\" content=\"fr_FR\" \/>\n<meta property=\"og:type\" content=\"article\" \/>\n<meta property=\"og:title\" content=\"FEDRS Ice Cool Hard Mint\" \/>\n<meta property=\"og:description\" content=\"Sachets de nicotine FEDRS Ice Cool Hard Mint d&#039;une teneur de 65 mg\/g. Livraison rapide dans tout le pays - profitez de la fra\u00eecheur de la menthe givr\u00e9e d\u00e8s demain !\" \/>\n<meta property=\"og:url\" content=\"https:\/\/fedrs.eu\/fr\/shop\/fedrs-ice-cool-hard-mint\/\" \/>\n<meta property=\"og:site_name\" content=\"fedrs.eu\" \/>\n<meta property=\"article:modified_time\" content=\"2025-09-28T22:18:01+00:00\" \/>\n<meta property=\"og:image\" content=\"https:\/\/fedrs.eu\/wp-content\/uploads\/2024\/11\/MintHard-1200x1200.png\" \/>\n\t<meta property=\"og:image:width\" content=\"1200\" \/>\n\t<meta property=\"og:image:height\" content=\"1200\" \/>\n\t<meta property=\"og:image:type\" content=\"image\/png\" \/>\n<meta name=\"twitter:card\" content=\"summary_large_image\" \/>\n<meta name=\"twitter:label1\" content=\"Disponibilit\u00e9\" \/>\n\t<meta name=\"twitter:data1\" content=\"En stock\" \/>\n<script type=\"application\/ld+json\" class=\"yoast-schema-graph\">{\"@context\":\"https:\\\/\\\/schema.org\",\"@graph\":[{\"@type\":\"WebPage\",\"@id\":\"https:\\\/\\\/fedrs.eu\\\/fr\\\/shop\\\/fedrs-ice-cool-hard-mint\\\/\",\"url\":\"https:\\\/\\\/fedrs.eu\\\/fr\\\/shop\\\/fedrs-ice-cool-hard-mint\\\/\",\"name\":\"FEDRS Ice Cool Hard Mint Nicotine Pouches\",\"isPartOf\":{\"@id\":\"https:\\\/\\\/fedrs.eu\\\/fr\\\/#website\"},\"primaryImageOfPage\":{\"@id\":\"https:\\\/\\\/fedrs.eu\\\/fr\\\/shop\\\/fedrs-ice-cool-hard-mint\\\/#primaryimage\"},\"image\":{\"@id\":\"https:\\\/\\\/fedrs.eu\\\/fr\\\/shop\\\/fedrs-ice-cool-hard-mint\\\/#primaryimage\"},\"thumbnailUrl\":\"https:\\\/\\\/fedrs.eu\\\/wp-content\\\/uploads\\\/2024\\\/11\\\/MintHard.png\",\"datePublished\":\"2024-11-26T13:38:45+00:00\",\"dateModified\":\"2025-09-28T22:18:01+00:00\",\"description\":\"Sachets de nicotine FEDRS Ice Cool Hard Mint d'une teneur de 65 mg\\\/g. Livraison rapide dans tout le pays - profitez de la fra\u00eecheur de la menthe givr\u00e9e d\u00e8s demain !\",\"breadcrumb\":{\"@id\":\"https:\\\/\\\/fedrs.eu\\\/fr\\\/shop\\\/fedrs-ice-cool-hard-mint\\\/#breadcrumb\"},\"inLanguage\":\"fr-FR\",\"potentialAction\":[{\"@type\":\"ReadAction\",\"target\":[\"https:\\\/\\\/fedrs.eu\\\/fr\\\/shop\\\/fedrs-ice-cool-hard-mint\\\/\"]}]},{\"@type\":\"ImageObject\",\"inLanguage\":\"fr-FR\",\"@id\":\"https:\\\/\\\/fedrs.eu\\\/fr\\\/shop\\\/fedrs-ice-cool-hard-mint\\\/#primaryimage\",\"url\":\"https:\\\/\\\/fedrs.eu\\\/wp-content\\\/uploads\\\/2024\\\/11\\\/MintHard.png\",\"contentUrl\":\"https:\\\/\\\/fedrs.eu\\\/wp-content\\\/uploads\\\/2024\\\/11\\\/MintHard.png\",\"width\":2500,\"height\":2500,\"caption\":\"DoubleMintHard0005\"},{\"@type\":\"BreadcrumbList\",\"@id\":\"https:\\\/\\\/fedrs.eu\\\/fr\\\/shop\\\/fedrs-ice-cool-hard-mint\\\/#breadcrumb\",\"itemListElement\":[{\"@type\":\"ListItem\",\"position\":1,\"name\":\"Accueil\",\"item\":\"https:\\\/\\\/fedrs.eu\\\/fr\\\/\"},{\"@type\":\"ListItem\",\"position\":2,\"name\":\"Boutique\",\"item\":\"https:\\\/\\\/fedrs.eu\\\/fr\\\/shop\\\/\"},{\"@type\":\"ListItem\",\"position\":3,\"name\":\"FEDRS Ice Cool Hard Mint\"}]},{\"@type\":\"WebSite\",\"@id\":\"https:\\\/\\\/fedrs.eu\\\/fr\\\/#website\",\"url\":\"https:\\\/\\\/fedrs.eu\\\/fr\\\/\",\"name\":\"fedrs.eu\",\"description\":\"\",\"publisher\":{\"@id\":\"https:\\\/\\\/fedrs.eu\\\/fr\\\/#organization\"},\"potentialAction\":[{\"@type\":\"SearchAction\",\"target\":{\"@type\":\"EntryPoint\",\"urlTemplate\":\"https:\\\/\\\/fedrs.eu\\\/fr\\\/?s={search_term_string}\"},\"query-input\":{\"@type\":\"PropertyValueSpecification\",\"valueRequired\":true,\"valueName\":\"search_term_string\"}}],\"inLanguage\":\"fr-FR\"},{\"@type\":\"Organization\",\"@id\":\"https:\\\/\\\/fedrs.eu\\\/fr\\\/#organization\",\"name\":\"Fedrs sp.z o.o\",\"url\":\"https:\\\/\\\/fedrs.eu\\\/fr\\\/\",\"logo\":{\"@type\":\"ImageObject\",\"inLanguage\":\"fr-FR\",\"@id\":\"https:\\\/\\\/fedrs.eu\\\/fr\\\/#\\\/schema\\\/logo\\\/image\\\/\",\"url\":\"https:\\\/\\\/fedrs.eu\\\/wp-content\\\/uploads\\\/2024\\\/12\\\/image-52.png\",\"contentUrl\":\"https:\\\/\\\/fedrs.eu\\\/wp-content\\\/uploads\\\/2024\\\/12\\\/image-52.png\",\"width\":97,\"height\":30,\"caption\":\"Fedrs sp.z o.o\"},\"image\":{\"@id\":\"https:\\\/\\\/fedrs.eu\\\/fr\\\/#\\\/schema\\\/logo\\\/image\\\/\"},\"publishingPrinciples\":\"https:\\\/\\\/fedrs.eu\\\/terms-and-conditions\\\/\"}]}<\/script>\n<meta property=\"product:brand\" content=\"FEDRS Ice Cool Hard\" \/>\n<meta property=\"og:availability\" content=\"instock\" \/>\n<meta property=\"product:availability\" content=\"instock\" \/>\n<meta property=\"product:retailer_item_id\" content=\"01001\" \/>\n<meta property=\"product:condition\" content=\"new\" \/>\n<!-- \/ Yoast SEO Premium plugin. -->","yoast_head_json":{"title":"FEDRS Ice Cool Hard Mint Nicotine Pouches","description":"Sachets de nicotine FEDRS Ice Cool Hard Mint d'une teneur de 65 mg\/g. Livraison rapide dans tout le pays - profitez de la fra\u00eecheur de la menthe givr\u00e9e d\u00e8s demain !","robots":{"index":"index","follow":"follow","max-snippet":"max-snippet:-1","max-image-preview":"max-image-preview:large","max-video-preview":"max-video-preview:-1"},"canonical":"https:\/\/fedrs.eu\/fr\/shop\/fedrs-ice-cool-hard-mint\/","og_locale":"fr_FR","og_type":"article","og_title":"FEDRS Ice Cool Hard Mint","og_description":"Sachets de nicotine FEDRS Ice Cool Hard Mint d'une teneur de 65 mg\/g. Livraison rapide dans tout le pays - profitez de la fra\u00eecheur de la menthe givr\u00e9e d\u00e8s demain !","og_url":"https:\/\/fedrs.eu\/fr\/shop\/fedrs-ice-cool-hard-mint\/","og_site_name":"fedrs.eu","article_modified_time":"2025-09-28T22:18:01+00:00","og_image":[{"width":1200,"height":1200,"url":"https:\/\/fedrs.eu\/wp-content\/uploads\/2024\/11\/MintHard-1200x1200.png","type":"image\/png"}],"twitter_card":"summary_large_image","twitter_misc":{"Disponibilit\u00e9":"En stock"},"schema":{"@context":"https:\/\/schema.org","@graph":[{"@type":"WebPage","@id":"https:\/\/fedrs.eu\/fr\/shop\/fedrs-ice-cool-hard-mint\/","url":"https:\/\/fedrs.eu\/fr\/shop\/fedrs-ice-cool-hard-mint\/","name":"FEDRS Ice Cool Hard Mint Nicotine Pouches","isPartOf":{"@id":"https:\/\/fedrs.eu\/fr\/#website"},"primaryImageOfPage":{"@id":"https:\/\/fedrs.eu\/fr\/shop\/fedrs-ice-cool-hard-mint\/#primaryimage"},"image":{"@id":"https:\/\/fedrs.eu\/fr\/shop\/fedrs-ice-cool-hard-mint\/#primaryimage"},"thumbnailUrl":"https:\/\/fedrs.eu\/wp-content\/uploads\/2024\/11\/MintHard.png","datePublished":"2024-11-26T13:38:45+00:00","dateModified":"2025-09-28T22:18:01+00:00","description":"Sachets de nicotine FEDRS Ice Cool Hard Mint d'une teneur de 65 mg\/g. Livraison rapide dans tout le pays - profitez de la fra\u00eecheur de la menthe givr\u00e9e d\u00e8s demain !","breadcrumb":{"@id":"https:\/\/fedrs.eu\/fr\/shop\/fedrs-ice-cool-hard-mint\/#breadcrumb"},"inLanguage":"fr-FR","potentialAction":[{"@type":"ReadAction","target":["https:\/\/fedrs.eu\/fr\/shop\/fedrs-ice-cool-hard-mint\/"]}]},{"@type":"ImageObject","inLanguage":"fr-FR","@id":"https:\/\/fedrs.eu\/fr\/shop\/fedrs-ice-cool-hard-mint\/#primaryimage","url":"https:\/\/fedrs.eu\/wp-content\/uploads\/2024\/11\/MintHard.png","contentUrl":"https:\/\/fedrs.eu\/wp-content\/uploads\/2024\/11\/MintHard.png","width":2500,"height":2500,"caption":"DoubleMintHard0005"},{"@type":"BreadcrumbList","@id":"https:\/\/fedrs.eu\/fr\/shop\/fedrs-ice-cool-hard-mint\/#breadcrumb","itemListElement":[{"@type":"ListItem","position":1,"name":"Accueil","item":"https:\/\/fedrs.eu\/fr\/"},{"@type":"ListItem","position":2,"name":"Boutique","item":"https:\/\/fedrs.eu\/fr\/shop\/"},{"@type":"ListItem","position":3,"name":"FEDRS Ice Cool Hard Mint"}]},{"@type":"WebSite","@id":"https:\/\/fedrs.eu\/fr\/#website","url":"https:\/\/fedrs.eu\/fr\/","name":"fedrs.eu","description":"","publisher":{"@id":"https:\/\/fedrs.eu\/fr\/#organization"},"potentialAction":[{"@type":"SearchAction","target":{"@type":"EntryPoint","urlTemplate":"https:\/\/fedrs.eu\/fr\/?s={search_term_string}"},"query-input":{"@type":"PropertyValueSpecification","valueRequired":true,"valueName":"search_term_string"}}],"inLanguage":"fr-FR"},{"@type":"Organization","@id":"https:\/\/fedrs.eu\/fr\/#organization","name":"Fedrs sp.z o.o","url":"https:\/\/fedrs.eu\/fr\/","logo":{"@type":"ImageObject","inLanguage":"fr-FR","@id":"https:\/\/fedrs.eu\/fr\/#\/schema\/logo\/image\/","url":"https:\/\/fedrs.eu\/wp-content\/uploads\/2024\/12\/image-52.png","contentUrl":"https:\/\/fedrs.eu\/wp-content\/uploads\/2024\/12\/image-52.png","width":97,"height":30,"caption":"Fedrs sp.z o.o"},"image":{"@id":"https:\/\/fedrs.eu\/fr\/#\/schema\/logo\/image\/"},"publishingPrinciples":"https:\/\/fedrs.eu\/terms-and-conditions\/"}]},"product_brand":"FEDRS Ice Cool Hard","og_availability":"instock","product_availability":"instock","product_retailer_item_id":"01001","product_condition":"new"},"_links":{"self":[{"href":"https:\/\/fedrs.eu\/fr\/wp-json\/wp\/v2\/product\/17843","targetHints":{"allow":["GET"]}}],"collection":[{"href":"https:\/\/fedrs.eu\/fr\/wp-json\/wp\/v2\/product"}],"about":[{"href":"https:\/\/fedrs.eu\/fr\/wp-json\/wp\/v2\/types\/product"}],"replies":[{"embeddable":true,"href":"https:\/\/fedrs.eu\/fr\/wp-json\/wp\/v2\/comments?post=17843"}],"wp:featuredmedia":[{"embeddable":true,"href":"https:\/\/fedrs.eu\/fr\/wp-json\/wp\/v2\/media\/5280"}],"wp:attachment":[{"href":"https:\/\/fedrs.eu\/fr\/wp-json\/wp\/v2\/media?parent=17843"}],"wp:term":[{"taxonomy":"product_brand","embeddable":true,"href":"https:\/\/fedrs.eu\/fr\/wp-json\/wp\/v2\/product_brand?post=17843"},{"taxonomy":"product_cat","embeddable":true,"href":"https:\/\/fedrs.eu\/fr\/wp-json\/wp\/v2\/product_cat?post=17843"},{"taxonomy":"product_tag","embeddable":true,"href":"https:\/\/fedrs.eu\/fr\/wp-json\/wp\/v2\/product_tag?post=17843"}],"curies":[{"name":"wp","href":"https:\/\/api.w.org\/{rel}","templated":true}]}}