{"id":17686,"date":"2024-11-17T22:48:04","date_gmt":"2024-11-17T22:48:04","guid":{"rendered":"https:\/\/fedrs.eu\/shop\/stripe-agrumes-forts\/"},"modified":"2025-09-04T12:11:57","modified_gmt":"2025-09-04T10:11:57","slug":"stripe-agrumes-forts","status":"publish","type":"product","link":"https:\/\/fedrs.eu\/fr\/shop\/stripe-agrumes-forts\/","title":{"rendered":"STRIPE Strong Citrus"},"content":{"rendered":"<p>Revitalisez vos sens avec les sachets de nicotine Stripe Citrus, 40 mg\/g. Ces sachets offrent un m\u00e9lange vibrant d&rsquo;ar\u00f4mes de citron, de lime et d&rsquo;orange avec une forte dose de nicotine, parfait pour une exp\u00e9rience revigorante et rafra\u00eechissante. <\/p>\n","protected":false},"excerpt":{"rendered":"<div class=\"descrip_p\">\n<div class=\"product-pstyle\"><\/div>\n<p>Savourez la fusion piquante du citron, du citron vert et de l&rsquo;orange, pour un coup de fouet rafra\u00eechissant et revitalisant.<\/p>\n<\/div>\n","protected":false},"featured_media":4689,"comment_status":"open","ping_status":"closed","template":"","meta":{"googlesitekit_rrm_CAowmrG7DA:productID":""},"product_brand":[],"product_cat":[611,624,819,607],"product_tag":[],"class_list":{"0":"post-17686","1":"product","2":"type-product","3":"status-publish","4":"has-post-thumbnail","6":"product_cat-40-mg-g-fr","7":"product_cat-agrumes","8":"product_cat-sachets-de-nicotine","9":"product_cat-stripe-fr","11":"first","12":"instock","13":"taxable","14":"shipping-taxable","15":"product-type-variable","16":"has-default-attributes"},"yoast_head":"<!-- This site is optimized with the Yoast SEO Premium plugin v26.5 (Yoast SEO v27.2) - https:\/\/yoast.com\/product\/yoast-seo-premium-wordpress\/ -->\n<title>Sachets de nicotine STRIPE Strong Citrus | 40 mg\/g<\/title>\n<meta name=\"description\" content=\"Savourez la fusion piquante du citron, du citron vert et de l&#039;orange, pour un coup de fouet rafra\u00eechissant et revitalisant aux agrumes - STRONG. Un nouveau produit qui m\u00e9rite l&#039;attention !\" \/>\n<meta name=\"robots\" content=\"index, follow, max-snippet:-1, max-image-preview:large, max-video-preview:-1\" \/>\n<link rel=\"canonical\" href=\"https:\/\/fedrs.eu\/fr\/shop\/stripe-agrumes-forts\/\" \/>\n<meta property=\"og:locale\" content=\"fr_FR\" \/>\n<meta property=\"og:type\" content=\"article\" \/>\n<meta property=\"og:title\" content=\"STRIPE Strong Citrus\" \/>\n<meta property=\"og:description\" content=\"Savourez la fusion piquante du citron, du citron vert et de l&#039;orange, pour un coup de fouet rafra\u00eechissant et revitalisant aux agrumes - STRONG. Un nouveau produit qui m\u00e9rite l&#039;attention !\" \/>\n<meta property=\"og:url\" content=\"https:\/\/fedrs.eu\/fr\/shop\/stripe-agrumes-forts\/\" \/>\n<meta property=\"og:site_name\" content=\"fedrs.eu\" \/>\n<meta property=\"article:modified_time\" content=\"2025-09-04T10:11:57+00:00\" \/>\n<meta property=\"og:image\" content=\"https:\/\/fedrs.eu\/wp-content\/uploads\/2024\/11\/stripecitrus1-min.png\" \/>\n\t<meta property=\"og:image:width\" content=\"960\" \/>\n\t<meta property=\"og:image:height\" content=\"960\" \/>\n\t<meta property=\"og:image:type\" content=\"image\/png\" \/>\n<meta name=\"twitter:card\" content=\"summary_large_image\" \/>\n<meta name=\"twitter:label1\" content=\"Disponibilit\u00e9\" \/>\n\t<meta name=\"twitter:data1\" content=\"En stock\" \/>\n<script type=\"application\/ld+json\" class=\"yoast-schema-graph\">{\"@context\":\"https:\/\/schema.org\",\"@graph\":[{\"@type\":\"WebPage\",\"@id\":\"https:\/\/fedrs.eu\/fr\/shop\/stripe-agrumes-forts\/\",\"url\":\"https:\/\/fedrs.eu\/fr\/shop\/stripe-agrumes-forts\/\",\"name\":\"Sachets de nicotine STRIPE Strong Citrus | 40 mg\/g\",\"isPartOf\":{\"@id\":\"https:\/\/fedrs.eu\/fr\/#website\"},\"primaryImageOfPage\":{\"@id\":\"https:\/\/fedrs.eu\/fr\/shop\/stripe-agrumes-forts\/#primaryimage\"},\"image\":{\"@id\":\"https:\/\/fedrs.eu\/fr\/shop\/stripe-agrumes-forts\/#primaryimage\"},\"thumbnailUrl\":\"https:\/\/fedrs.eu\/wp-content\/uploads\/2024\/11\/stripecitrus1-min.png\",\"datePublished\":\"2024-11-17T22:48:04+00:00\",\"dateModified\":\"2025-09-04T10:11:57+00:00\",\"description\":\"Savourez la fusion piquante du citron, du citron vert et de l'orange, pour un coup de fouet rafra\u00eechissant et revitalisant aux agrumes - STRONG. Un nouveau produit qui m\u00e9rite l'attention !\",\"breadcrumb\":{\"@id\":\"https:\/\/fedrs.eu\/fr\/shop\/stripe-agrumes-forts\/#breadcrumb\"},\"inLanguage\":\"fr-FR\",\"potentialAction\":[{\"@type\":\"ReadAction\",\"target\":[\"https:\/\/fedrs.eu\/fr\/shop\/stripe-agrumes-forts\/\"]}]},{\"@type\":\"ImageObject\",\"inLanguage\":\"fr-FR\",\"@id\":\"https:\/\/fedrs.eu\/fr\/shop\/stripe-agrumes-forts\/#primaryimage\",\"url\":\"https:\/\/fedrs.eu\/wp-content\/uploads\/2024\/11\/stripecitrus1-min.png\",\"contentUrl\":\"https:\/\/fedrs.eu\/wp-content\/uploads\/2024\/11\/stripecitrus1-min.png\",\"width\":960,\"height\":960},{\"@type\":\"BreadcrumbList\",\"@id\":\"https:\/\/fedrs.eu\/fr\/shop\/stripe-agrumes-forts\/#breadcrumb\",\"itemListElement\":[{\"@type\":\"ListItem\",\"position\":1,\"name\":\"Accueil\",\"item\":\"https:\/\/fedrs.eu\/fr\/\"},{\"@type\":\"ListItem\",\"position\":2,\"name\":\"Boutique\",\"item\":\"https:\/\/fedrs.eu\/fr\/shop\/\"},{\"@type\":\"ListItem\",\"position\":3,\"name\":\"STRIPE Strong Citrus\"}]},{\"@type\":\"WebSite\",\"@id\":\"https:\/\/fedrs.eu\/fr\/#website\",\"url\":\"https:\/\/fedrs.eu\/fr\/\",\"name\":\"fedrs.eu\",\"description\":\"\",\"publisher\":{\"@id\":\"https:\/\/fedrs.eu\/fr\/#organization\"},\"potentialAction\":[{\"@type\":\"SearchAction\",\"target\":{\"@type\":\"EntryPoint\",\"urlTemplate\":\"https:\/\/fedrs.eu\/fr\/?s={search_term_string}\"},\"query-input\":{\"@type\":\"PropertyValueSpecification\",\"valueRequired\":true,\"valueName\":\"search_term_string\"}}],\"inLanguage\":\"fr-FR\"},{\"@type\":\"Organization\",\"@id\":\"https:\/\/fedrs.eu\/fr\/#organization\",\"name\":\"Fedrs sp.z o.o\",\"url\":\"https:\/\/fedrs.eu\/fr\/\",\"logo\":{\"@type\":\"ImageObject\",\"inLanguage\":\"fr-FR\",\"@id\":\"https:\/\/fedrs.eu\/fr\/#\/schema\/logo\/image\/\",\"url\":\"https:\/\/fedrs.eu\/wp-content\/uploads\/2024\/12\/image-52.png\",\"contentUrl\":\"https:\/\/fedrs.eu\/wp-content\/uploads\/2024\/12\/image-52.png\",\"width\":97,\"height\":30,\"caption\":\"Fedrs sp.z o.o\"},\"image\":{\"@id\":\"https:\/\/fedrs.eu\/fr\/#\/schema\/logo\/image\/\"},\"publishingPrinciples\":\"https:\/\/fedrs.eu\/terms-and-conditions\/\"}]}<\/script>\n<meta property=\"product:brand\" content=\"Stripe\" \/>\n<meta property=\"og:availability\" content=\"instock\" \/>\n<meta property=\"product:availability\" content=\"instock\" \/>\n<meta property=\"product:retailer_item_id\" content=\"03012\" \/>\n<meta property=\"product:condition\" content=\"new\" \/>\n<!-- \/ Yoast SEO Premium plugin. -->","yoast_head_json":{"title":"Sachets de nicotine STRIPE Strong Citrus | 40 mg\/g","description":"Savourez la fusion piquante du citron, du citron vert et de l'orange, pour un coup de fouet rafra\u00eechissant et revitalisant aux agrumes - STRONG. Un nouveau produit qui m\u00e9rite l'attention !","robots":{"index":"index","follow":"follow","max-snippet":"max-snippet:-1","max-image-preview":"max-image-preview:large","max-video-preview":"max-video-preview:-1"},"canonical":"https:\/\/fedrs.eu\/fr\/shop\/stripe-agrumes-forts\/","og_locale":"fr_FR","og_type":"article","og_title":"STRIPE Strong Citrus","og_description":"Savourez la fusion piquante du citron, du citron vert et de l'orange, pour un coup de fouet rafra\u00eechissant et revitalisant aux agrumes - STRONG. Un nouveau produit qui m\u00e9rite l'attention !","og_url":"https:\/\/fedrs.eu\/fr\/shop\/stripe-agrumes-forts\/","og_site_name":"fedrs.eu","article_modified_time":"2025-09-04T10:11:57+00:00","og_image":[{"width":960,"height":960,"url":"https:\/\/fedrs.eu\/wp-content\/uploads\/2024\/11\/stripecitrus1-min.png","type":"image\/png"}],"twitter_card":"summary_large_image","twitter_misc":{"Disponibilit\u00e9":"En stock"},"schema":{"@context":"https:\/\/schema.org","@graph":[{"@type":"WebPage","@id":"https:\/\/fedrs.eu\/fr\/shop\/stripe-agrumes-forts\/","url":"https:\/\/fedrs.eu\/fr\/shop\/stripe-agrumes-forts\/","name":"Sachets de nicotine STRIPE Strong Citrus | 40 mg\/g","isPartOf":{"@id":"https:\/\/fedrs.eu\/fr\/#website"},"primaryImageOfPage":{"@id":"https:\/\/fedrs.eu\/fr\/shop\/stripe-agrumes-forts\/#primaryimage"},"image":{"@id":"https:\/\/fedrs.eu\/fr\/shop\/stripe-agrumes-forts\/#primaryimage"},"thumbnailUrl":"https:\/\/fedrs.eu\/wp-content\/uploads\/2024\/11\/stripecitrus1-min.png","datePublished":"2024-11-17T22:48:04+00:00","dateModified":"2025-09-04T10:11:57+00:00","description":"Savourez la fusion piquante du citron, du citron vert et de l'orange, pour un coup de fouet rafra\u00eechissant et revitalisant aux agrumes - STRONG. Un nouveau produit qui m\u00e9rite l'attention !","breadcrumb":{"@id":"https:\/\/fedrs.eu\/fr\/shop\/stripe-agrumes-forts\/#breadcrumb"},"inLanguage":"fr-FR","potentialAction":[{"@type":"ReadAction","target":["https:\/\/fedrs.eu\/fr\/shop\/stripe-agrumes-forts\/"]}]},{"@type":"ImageObject","inLanguage":"fr-FR","@id":"https:\/\/fedrs.eu\/fr\/shop\/stripe-agrumes-forts\/#primaryimage","url":"https:\/\/fedrs.eu\/wp-content\/uploads\/2024\/11\/stripecitrus1-min.png","contentUrl":"https:\/\/fedrs.eu\/wp-content\/uploads\/2024\/11\/stripecitrus1-min.png","width":960,"height":960},{"@type":"BreadcrumbList","@id":"https:\/\/fedrs.eu\/fr\/shop\/stripe-agrumes-forts\/#breadcrumb","itemListElement":[{"@type":"ListItem","position":1,"name":"Accueil","item":"https:\/\/fedrs.eu\/fr\/"},{"@type":"ListItem","position":2,"name":"Boutique","item":"https:\/\/fedrs.eu\/fr\/shop\/"},{"@type":"ListItem","position":3,"name":"STRIPE Strong Citrus"}]},{"@type":"WebSite","@id":"https:\/\/fedrs.eu\/fr\/#website","url":"https:\/\/fedrs.eu\/fr\/","name":"fedrs.eu","description":"","publisher":{"@id":"https:\/\/fedrs.eu\/fr\/#organization"},"potentialAction":[{"@type":"SearchAction","target":{"@type":"EntryPoint","urlTemplate":"https:\/\/fedrs.eu\/fr\/?s={search_term_string}"},"query-input":{"@type":"PropertyValueSpecification","valueRequired":true,"valueName":"search_term_string"}}],"inLanguage":"fr-FR"},{"@type":"Organization","@id":"https:\/\/fedrs.eu\/fr\/#organization","name":"Fedrs sp.z o.o","url":"https:\/\/fedrs.eu\/fr\/","logo":{"@type":"ImageObject","inLanguage":"fr-FR","@id":"https:\/\/fedrs.eu\/fr\/#\/schema\/logo\/image\/","url":"https:\/\/fedrs.eu\/wp-content\/uploads\/2024\/12\/image-52.png","contentUrl":"https:\/\/fedrs.eu\/wp-content\/uploads\/2024\/12\/image-52.png","width":97,"height":30,"caption":"Fedrs sp.z o.o"},"image":{"@id":"https:\/\/fedrs.eu\/fr\/#\/schema\/logo\/image\/"},"publishingPrinciples":"https:\/\/fedrs.eu\/terms-and-conditions\/"}]},"product_brand":"Stripe","og_availability":"instock","product_availability":"instock","product_retailer_item_id":"03012","product_condition":"new"},"_links":{"self":[{"href":"https:\/\/fedrs.eu\/fr\/wp-json\/wp\/v2\/product\/17686","targetHints":{"allow":["GET"]}}],"collection":[{"href":"https:\/\/fedrs.eu\/fr\/wp-json\/wp\/v2\/product"}],"about":[{"href":"https:\/\/fedrs.eu\/fr\/wp-json\/wp\/v2\/types\/product"}],"replies":[{"embeddable":true,"href":"https:\/\/fedrs.eu\/fr\/wp-json\/wp\/v2\/comments?post=17686"}],"wp:featuredmedia":[{"embeddable":true,"href":"https:\/\/fedrs.eu\/fr\/wp-json\/wp\/v2\/media\/4689"}],"wp:attachment":[{"href":"https:\/\/fedrs.eu\/fr\/wp-json\/wp\/v2\/media?parent=17686"}],"wp:term":[{"taxonomy":"product_brand","embeddable":true,"href":"https:\/\/fedrs.eu\/fr\/wp-json\/wp\/v2\/product_brand?post=17686"},{"taxonomy":"product_cat","embeddable":true,"href":"https:\/\/fedrs.eu\/fr\/wp-json\/wp\/v2\/product_cat?post=17686"},{"taxonomy":"product_tag","embeddable":true,"href":"https:\/\/fedrs.eu\/fr\/wp-json\/wp\/v2\/product_tag?post=17686"}],"curies":[{"name":"wp","href":"https:\/\/api.w.org\/{rel}","templated":true}]}}