{"id":35936,"date":"2025-08-24T13:41:03","date_gmt":"2025-08-24T11:41:03","guid":{"rendered":"https:\/\/fedrs.eu\/shop\/fedrs-energie-mango\/"},"modified":"2025-11-02T11:17:05","modified_gmt":"2025-11-02T10:17:05","slug":"fedrs-energie-mango","status":"publish","type":"product","link":"https:\/\/fedrs.eu\/de\/shop\/fedrs-energie-mango\/","title":{"rendered":"Fedrs Energie Mango"},"content":{"rendered":"<p><span data-sheets-root=\"1\">Fedrs Mango kombiniert die saftige, tropische Essenz der reifen Mango mit einer sorgf\u00e4ltig entwickelten Formel, die die Konzentration, die Stimmung und die Energie unterst\u00fctzt. Jeder Beutel enth\u00e4lt 65 mg Koffein zur geistigen Aktivierung, L-Theanin zur Beruhigung Ihrer Nerven und Vitamin B3 zur St\u00e4rkung Ihres Gehirns. <\/span><\/p>\n<p>Der Geschmack ist sonnig und exotisch, w\u00e4hrend die Wirkung lang anhaltend und gleichm\u00e4\u00dfig ist. Ganz gleich, ob Sie eine Pr\u00e4sentation vorbereiten oder Ihre morgendliche Routine beginnen, dieser Beutel hilft Ihnen, sich fit zu zeigen. <\/p>\n<p>Sparnotiz: Ein Beutel = die St\u00e4rkung eines Premium-Kaffees, ohne jedes Mal 3-5 \u20ac auszugeben.<\/p>\n","protected":false},"excerpt":{"rendered":"<p>Fedrs Mango kombiniert die saftige, tropische Essenz der reifen Mango mit einer sorgf\u00e4ltig entwickelten Formel, die die Konzentration, die Stimmung und die Energie unterst\u00fctzt. Jeder Beutel<span class=\"excerpt-hellip\"> [\u2026]<\/span><\/p>\n","protected":false},"featured_media":35930,"comment_status":"open","ping_status":"closed","template":"","meta":{"googlesitekit_rrm_CAowmrG7DA:productID":""},"product_brand":[],"product_cat":[809,629,595],"product_tag":[],"class_list":{"0":"post-35936","1":"product","2":"type-product","3":"status-publish","4":"has-post-thumbnail","6":"product_cat-fedrs-energie","7":"product_cat-frucht-aroma","8":"product_cat-neu","10":"first","11":"outofstock","12":"taxable","13":"shipping-taxable","14":"purchasable","15":"product-type-variable","16":"has-default-attributes"},"yoast_head":"<!-- This site is optimized with the Yoast SEO Premium plugin v26.5 (Yoast SEO v27.3) - https:\/\/yoast.com\/product\/yoast-seo-premium-wordpress\/ -->\n<title>Fedrs Energy Mango - Tropischer Fokus-Beutel<\/title>\n<meta name=\"description\" content=\"Mango-Beutel mit Koffein, L-Theanin &amp; B3. Erhellen Sie Ihren Tag mit ruhiger Wachsamkeit und geistiger Klarheit.\" \/>\n<meta name=\"robots\" content=\"index, follow, max-snippet:-1, max-image-preview:large, max-video-preview:-1\" \/>\n<link rel=\"canonical\" href=\"https:\/\/fedrs.eu\/de\/shop\/fedrs-energie-mango\/\" \/>\n<meta property=\"og:locale\" content=\"de_DE\" \/>\n<meta property=\"og:type\" content=\"article\" \/>\n<meta property=\"og:title\" content=\"Fedrs Energie Mango\" \/>\n<meta property=\"og:description\" content=\"Mango-Beutel mit Koffein, L-Theanin &amp; B3. Erhellen Sie Ihren Tag mit ruhiger Wachsamkeit und geistiger Klarheit.\" \/>\n<meta property=\"og:url\" content=\"https:\/\/fedrs.eu\/de\/shop\/fedrs-energie-mango\/\" \/>\n<meta property=\"og:site_name\" content=\"fedrs.eu\" \/>\n<meta property=\"article:modified_time\" content=\"2025-11-02T10:17:05+00:00\" \/>\n<meta property=\"og:image\" content=\"https:\/\/fedrs.eu\/wp-content\/uploads\/2025\/08\/ENERGY_MANGO_02-min.png\" \/>\n\t<meta property=\"og:image:width\" content=\"1200\" \/>\n\t<meta property=\"og:image:height\" content=\"1200\" \/>\n\t<meta property=\"og:image:type\" content=\"image\/png\" \/>\n<meta name=\"twitter:card\" content=\"summary_large_image\" \/>\n<meta name=\"twitter:label1\" content=\"Verf\u00fcgbarkeit\" \/>\n\t<meta name=\"twitter:data1\" content=\"ausverkauft\" \/>\n<script type=\"application\/ld+json\" class=\"yoast-schema-graph\">{\"@context\":\"https:\\\/\\\/schema.org\",\"@graph\":[{\"@type\":\"WebPage\",\"@id\":\"https:\\\/\\\/fedrs.eu\\\/de\\\/shop\\\/fedrs-energie-mango\\\/\",\"url\":\"https:\\\/\\\/fedrs.eu\\\/de\\\/shop\\\/fedrs-energie-mango\\\/\",\"name\":\"Fedrs Energy Mango - Tropischer Fokus-Beutel\",\"isPartOf\":{\"@id\":\"https:\\\/\\\/fedrs.eu\\\/de\\\/#website\"},\"primaryImageOfPage\":{\"@id\":\"https:\\\/\\\/fedrs.eu\\\/de\\\/shop\\\/fedrs-energie-mango\\\/#primaryimage\"},\"image\":{\"@id\":\"https:\\\/\\\/fedrs.eu\\\/de\\\/shop\\\/fedrs-energie-mango\\\/#primaryimage\"},\"thumbnailUrl\":\"https:\\\/\\\/fedrs.eu\\\/wp-content\\\/uploads\\\/2025\\\/08\\\/ENERGY_MANGO_02-min.png\",\"datePublished\":\"2025-08-24T11:41:03+00:00\",\"dateModified\":\"2025-11-02T10:17:05+00:00\",\"description\":\"Mango-Beutel mit Koffein, L-Theanin & B3. Erhellen Sie Ihren Tag mit ruhiger Wachsamkeit und geistiger Klarheit.\",\"breadcrumb\":{\"@id\":\"https:\\\/\\\/fedrs.eu\\\/de\\\/shop\\\/fedrs-energie-mango\\\/#breadcrumb\"},\"inLanguage\":\"de\",\"potentialAction\":[{\"@type\":\"ReadAction\",\"target\":[\"https:\\\/\\\/fedrs.eu\\\/de\\\/shop\\\/fedrs-energie-mango\\\/\"]}]},{\"@type\":\"ImageObject\",\"inLanguage\":\"de\",\"@id\":\"https:\\\/\\\/fedrs.eu\\\/de\\\/shop\\\/fedrs-energie-mango\\\/#primaryimage\",\"url\":\"https:\\\/\\\/fedrs.eu\\\/wp-content\\\/uploads\\\/2025\\\/08\\\/ENERGY_MANGO_02-min.png\",\"contentUrl\":\"https:\\\/\\\/fedrs.eu\\\/wp-content\\\/uploads\\\/2025\\\/08\\\/ENERGY_MANGO_02-min.png\",\"width\":1200,\"height\":1200},{\"@type\":\"BreadcrumbList\",\"@id\":\"https:\\\/\\\/fedrs.eu\\\/de\\\/shop\\\/fedrs-energie-mango\\\/#breadcrumb\",\"itemListElement\":[{\"@type\":\"ListItem\",\"position\":1,\"name\":\"Startseite\",\"item\":\"https:\\\/\\\/fedrs.eu\\\/de\\\/\"},{\"@type\":\"ListItem\",\"position\":2,\"name\":\"Shop\",\"item\":\"https:\\\/\\\/fedrs.eu\\\/de\\\/shop\\\/\"},{\"@type\":\"ListItem\",\"position\":3,\"name\":\"Fedrs Energie Mango\"}]},{\"@type\":\"WebSite\",\"@id\":\"https:\\\/\\\/fedrs.eu\\\/de\\\/#website\",\"url\":\"https:\\\/\\\/fedrs.eu\\\/de\\\/\",\"name\":\"fedrs.eu\",\"description\":\"\",\"publisher\":{\"@id\":\"https:\\\/\\\/fedrs.eu\\\/de\\\/#organization\"},\"potentialAction\":[{\"@type\":\"SearchAction\",\"target\":{\"@type\":\"EntryPoint\",\"urlTemplate\":\"https:\\\/\\\/fedrs.eu\\\/de\\\/?s={search_term_string}\"},\"query-input\":{\"@type\":\"PropertyValueSpecification\",\"valueRequired\":true,\"valueName\":\"search_term_string\"}}],\"inLanguage\":\"de\"},{\"@type\":\"Organization\",\"@id\":\"https:\\\/\\\/fedrs.eu\\\/de\\\/#organization\",\"name\":\"Fedrs sp.z o.o\",\"url\":\"https:\\\/\\\/fedrs.eu\\\/de\\\/\",\"logo\":{\"@type\":\"ImageObject\",\"inLanguage\":\"de\",\"@id\":\"https:\\\/\\\/fedrs.eu\\\/de\\\/#\\\/schema\\\/logo\\\/image\\\/\",\"url\":\"https:\\\/\\\/fedrs.eu\\\/wp-content\\\/uploads\\\/2024\\\/12\\\/image-52.png\",\"contentUrl\":\"https:\\\/\\\/fedrs.eu\\\/wp-content\\\/uploads\\\/2024\\\/12\\\/image-52.png\",\"width\":97,\"height\":30,\"caption\":\"Fedrs sp.z o.o\"},\"image\":{\"@id\":\"https:\\\/\\\/fedrs.eu\\\/de\\\/#\\\/schema\\\/logo\\\/image\\\/\"},\"publishingPrinciples\":\"https:\\\/\\\/fedrs.eu\\\/terms-and-conditions\\\/\"}]}<\/script>\n<meta property=\"product:brand\" content=\"Fedrs Energie\" \/>\n<meta property=\"og:availability\" content=\"out of stock\" \/>\n<meta property=\"product:availability\" content=\"out of stock\" \/>\n<meta property=\"product:condition\" content=\"new\" \/>\n<!-- \/ Yoast SEO Premium plugin. -->","yoast_head_json":{"title":"Fedrs Energy Mango - Tropischer Fokus-Beutel","description":"Mango-Beutel mit Koffein, L-Theanin & B3. Erhellen Sie Ihren Tag mit ruhiger Wachsamkeit und geistiger Klarheit.","robots":{"index":"index","follow":"follow","max-snippet":"max-snippet:-1","max-image-preview":"max-image-preview:large","max-video-preview":"max-video-preview:-1"},"canonical":"https:\/\/fedrs.eu\/de\/shop\/fedrs-energie-mango\/","og_locale":"de_DE","og_type":"article","og_title":"Fedrs Energie Mango","og_description":"Mango-Beutel mit Koffein, L-Theanin & B3. Erhellen Sie Ihren Tag mit ruhiger Wachsamkeit und geistiger Klarheit.","og_url":"https:\/\/fedrs.eu\/de\/shop\/fedrs-energie-mango\/","og_site_name":"fedrs.eu","article_modified_time":"2025-11-02T10:17:05+00:00","og_image":[{"width":1200,"height":1200,"url":"https:\/\/fedrs.eu\/wp-content\/uploads\/2025\/08\/ENERGY_MANGO_02-min.png","type":"image\/png"}],"twitter_card":"summary_large_image","twitter_misc":{"Verf\u00fcgbarkeit":"ausverkauft"},"schema":{"@context":"https:\/\/schema.org","@graph":[{"@type":"WebPage","@id":"https:\/\/fedrs.eu\/de\/shop\/fedrs-energie-mango\/","url":"https:\/\/fedrs.eu\/de\/shop\/fedrs-energie-mango\/","name":"Fedrs Energy Mango - Tropischer Fokus-Beutel","isPartOf":{"@id":"https:\/\/fedrs.eu\/de\/#website"},"primaryImageOfPage":{"@id":"https:\/\/fedrs.eu\/de\/shop\/fedrs-energie-mango\/#primaryimage"},"image":{"@id":"https:\/\/fedrs.eu\/de\/shop\/fedrs-energie-mango\/#primaryimage"},"thumbnailUrl":"https:\/\/fedrs.eu\/wp-content\/uploads\/2025\/08\/ENERGY_MANGO_02-min.png","datePublished":"2025-08-24T11:41:03+00:00","dateModified":"2025-11-02T10:17:05+00:00","description":"Mango-Beutel mit Koffein, L-Theanin & B3. Erhellen Sie Ihren Tag mit ruhiger Wachsamkeit und geistiger Klarheit.","breadcrumb":{"@id":"https:\/\/fedrs.eu\/de\/shop\/fedrs-energie-mango\/#breadcrumb"},"inLanguage":"de","potentialAction":[{"@type":"ReadAction","target":["https:\/\/fedrs.eu\/de\/shop\/fedrs-energie-mango\/"]}]},{"@type":"ImageObject","inLanguage":"de","@id":"https:\/\/fedrs.eu\/de\/shop\/fedrs-energie-mango\/#primaryimage","url":"https:\/\/fedrs.eu\/wp-content\/uploads\/2025\/08\/ENERGY_MANGO_02-min.png","contentUrl":"https:\/\/fedrs.eu\/wp-content\/uploads\/2025\/08\/ENERGY_MANGO_02-min.png","width":1200,"height":1200},{"@type":"BreadcrumbList","@id":"https:\/\/fedrs.eu\/de\/shop\/fedrs-energie-mango\/#breadcrumb","itemListElement":[{"@type":"ListItem","position":1,"name":"Startseite","item":"https:\/\/fedrs.eu\/de\/"},{"@type":"ListItem","position":2,"name":"Shop","item":"https:\/\/fedrs.eu\/de\/shop\/"},{"@type":"ListItem","position":3,"name":"Fedrs Energie Mango"}]},{"@type":"WebSite","@id":"https:\/\/fedrs.eu\/de\/#website","url":"https:\/\/fedrs.eu\/de\/","name":"fedrs.eu","description":"","publisher":{"@id":"https:\/\/fedrs.eu\/de\/#organization"},"potentialAction":[{"@type":"SearchAction","target":{"@type":"EntryPoint","urlTemplate":"https:\/\/fedrs.eu\/de\/?s={search_term_string}"},"query-input":{"@type":"PropertyValueSpecification","valueRequired":true,"valueName":"search_term_string"}}],"inLanguage":"de"},{"@type":"Organization","@id":"https:\/\/fedrs.eu\/de\/#organization","name":"Fedrs sp.z o.o","url":"https:\/\/fedrs.eu\/de\/","logo":{"@type":"ImageObject","inLanguage":"de","@id":"https:\/\/fedrs.eu\/de\/#\/schema\/logo\/image\/","url":"https:\/\/fedrs.eu\/wp-content\/uploads\/2024\/12\/image-52.png","contentUrl":"https:\/\/fedrs.eu\/wp-content\/uploads\/2024\/12\/image-52.png","width":97,"height":30,"caption":"Fedrs sp.z o.o"},"image":{"@id":"https:\/\/fedrs.eu\/de\/#\/schema\/logo\/image\/"},"publishingPrinciples":"https:\/\/fedrs.eu\/terms-and-conditions\/"}]},"product_brand":"Fedrs Energie","og_availability":"out of stock","product_availability":"out of stock","product_condition":"new"},"_links":{"self":[{"href":"https:\/\/fedrs.eu\/de\/wp-json\/wp\/v2\/product\/35936","targetHints":{"allow":["GET"]}}],"collection":[{"href":"https:\/\/fedrs.eu\/de\/wp-json\/wp\/v2\/product"}],"about":[{"href":"https:\/\/fedrs.eu\/de\/wp-json\/wp\/v2\/types\/product"}],"replies":[{"embeddable":true,"href":"https:\/\/fedrs.eu\/de\/wp-json\/wp\/v2\/comments?post=35936"}],"wp:featuredmedia":[{"embeddable":true,"href":"https:\/\/fedrs.eu\/de\/wp-json\/wp\/v2\/media\/35930"}],"wp:attachment":[{"href":"https:\/\/fedrs.eu\/de\/wp-json\/wp\/v2\/media?parent=35936"}],"wp:term":[{"taxonomy":"product_brand","embeddable":true,"href":"https:\/\/fedrs.eu\/de\/wp-json\/wp\/v2\/product_brand?post=35936"},{"taxonomy":"product_cat","embeddable":true,"href":"https:\/\/fedrs.eu\/de\/wp-json\/wp\/v2\/product_cat?post=35936"},{"taxonomy":"product_tag","embeddable":true,"href":"https:\/\/fedrs.eu\/de\/wp-json\/wp\/v2\/product_tag?post=35936"}],"curies":[{"name":"wp","href":"https:\/\/api.w.org\/{rel}","templated":true}]}}