{"id":35804,"date":"2025-08-24T13:02:59","date_gmt":"2025-08-24T11:02:59","guid":{"rendered":"https:\/\/fedrs.eu\/shop\/fedrs-energy-heidelbeere\/"},"modified":"2025-11-02T11:17:07","modified_gmt":"2025-11-02T10:17:07","slug":"fedrs-energy-heidelbeere","status":"publish","type":"product","link":"https:\/\/fedrs.eu\/de\/shop\/fedrs-energy-heidelbeere\/","title":{"rendered":"Fedrs Energy Heidelbeere"},"content":{"rendered":"<p><span data-sheets-root=\"1\">Natural Fedrs Blueberry kombiniert saftige Waldbeeren mit einer wissenschaftlich untermauerten Mischung aus 65 mg Koffein, L-Theanin und Vitamin B3. Das Ergebnis? Saubere, fokussierte mentale Energie, die nicht in die H\u00f6he schie\u00dft oder abst\u00fcrzt.  <\/span><\/p>\n<p>L-Theanin gleicht das Koffein sanft aus und hilft, Stress und \u00dcberstimulation zu reduzieren, w\u00e4hrend Vitamin B3 einen gesunden Energiestoffwechsel und die Gehirnfunktion unterst\u00fctzt. Es ist nicht nur eine Stimulation, sondern ein intelligenter Zustand des Geistes. <\/p>\n<p>Kein Durcheinander, kein Schlangestehen f\u00fcr \u00fcberteuerten Kaffee, kein Mittagstief. Ganz gleich, ob Sie mitten in der Arbeit stecken, sich auf ein Meeting vorbereiten oder auf Reisen sind - mit diesem Beutel k\u00f6nnen Sie sich sofort, sauber und kosteng\u00fcnstig konzentrieren. <\/p>\n","protected":false},"excerpt":{"rendered":"<p>Natural Fedrs Blueberry kombiniert saftige Waldbeeren mit einer wissenschaftlich untermauerten Mischung aus 65 mg Koffein, L-Theanin und Vitamin B3. Das Ergebnis? Saubere, fokussierte mentale Energie, die<span class=\"excerpt-hellip\"> [\u2026]<\/span><\/p>\n","protected":false},"featured_media":35817,"comment_status":"open","ping_status":"closed","template":"","meta":{"googlesitekit_rrm_CAowmrG7DA:productID":""},"product_brand":[],"product_cat":[752,628,809],"product_tag":[],"class_list":{"0":"post-35804","1":"product","2":"type-product","3":"status-publish","4":"has-post-thumbnail","6":"product_cat-bald","7":"product_cat-beeren","8":"product_cat-fedrs-energie","10":"first","11":"instock","12":"taxable","13":"shipping-taxable","14":"purchasable","15":"product-type-variable","16":"has-default-attributes"},"yoast_head":"<!-- This site is optimized with the Yoast SEO Premium plugin v26.5 (Yoast SEO v27.3) - https:\/\/yoast.com\/product\/yoast-seo-premium-wordpress\/ -->\n<title>Fedrs Energy Blueberry - Fokusbeutel mit Koffein &amp; B3<\/title>\n<meta name=\"description\" content=\"Heidelbeergeschmack mit Koffein, L-Theanin &amp; B3. Unterst\u00fctzt Klarheit, ruhige Konzentration und den t\u00e4glichen Energiestoffwechsel.\" \/>\n<meta name=\"robots\" content=\"index, follow, max-snippet:-1, max-image-preview:large, max-video-preview:-1\" \/>\n<link rel=\"canonical\" href=\"https:\/\/fedrs.eu\/de\/shop\/fedrs-energy-heidelbeere\/\" \/>\n<meta property=\"og:locale\" content=\"de_DE\" \/>\n<meta property=\"og:type\" content=\"article\" \/>\n<meta property=\"og:title\" content=\"Fedrs Energy Heidelbeere\" \/>\n<meta property=\"og:description\" content=\"Heidelbeergeschmack mit Koffein, L-Theanin &amp; B3. Unterst\u00fctzt Klarheit, ruhige Konzentration und den t\u00e4glichen Energiestoffwechsel.\" \/>\n<meta property=\"og:url\" content=\"https:\/\/fedrs.eu\/de\/shop\/fedrs-energy-heidelbeere\/\" \/>\n<meta property=\"og:site_name\" content=\"fedrs.eu\" \/>\n<meta property=\"article:modified_time\" content=\"2025-11-02T10:17:07+00:00\" \/>\n<meta property=\"og:image\" content=\"https:\/\/fedrs.eu\/wp-content\/uploads\/2025\/08\/ENERGY_BLUEBERRYsun-min.png\" \/>\n\t<meta property=\"og:image:width\" content=\"1200\" \/>\n\t<meta property=\"og:image:height\" content=\"1200\" \/>\n\t<meta property=\"og:image:type\" content=\"image\/png\" \/>\n<meta name=\"twitter:card\" content=\"summary_large_image\" \/>\n<meta name=\"twitter:label1\" content=\"Verf\u00fcgbarkeit\" \/>\n\t<meta name=\"twitter:data1\" content=\"Auf Lager\" \/>\n<script type=\"application\/ld+json\" class=\"yoast-schema-graph\">{\"@context\":\"https:\\\/\\\/schema.org\",\"@graph\":[{\"@type\":\"WebPage\",\"@id\":\"https:\\\/\\\/fedrs.eu\\\/de\\\/shop\\\/fedrs-energy-heidelbeere\\\/\",\"url\":\"https:\\\/\\\/fedrs.eu\\\/de\\\/shop\\\/fedrs-energy-heidelbeere\\\/\",\"name\":\"Fedrs Energy Blueberry - Fokusbeutel mit Koffein & B3\",\"isPartOf\":{\"@id\":\"https:\\\/\\\/fedrs.eu\\\/de\\\/#website\"},\"primaryImageOfPage\":{\"@id\":\"https:\\\/\\\/fedrs.eu\\\/de\\\/shop\\\/fedrs-energy-heidelbeere\\\/#primaryimage\"},\"image\":{\"@id\":\"https:\\\/\\\/fedrs.eu\\\/de\\\/shop\\\/fedrs-energy-heidelbeere\\\/#primaryimage\"},\"thumbnailUrl\":\"https:\\\/\\\/fedrs.eu\\\/wp-content\\\/uploads\\\/2025\\\/08\\\/ENERGY_BLUEBERRYsun-min.png\",\"datePublished\":\"2025-08-24T11:02:59+00:00\",\"dateModified\":\"2025-11-02T10:17:07+00:00\",\"description\":\"Heidelbeergeschmack mit Koffein, L-Theanin & B3. Unterst\u00fctzt Klarheit, ruhige Konzentration und den t\u00e4glichen Energiestoffwechsel.\",\"breadcrumb\":{\"@id\":\"https:\\\/\\\/fedrs.eu\\\/de\\\/shop\\\/fedrs-energy-heidelbeere\\\/#breadcrumb\"},\"inLanguage\":\"de\",\"potentialAction\":[{\"@type\":\"ReadAction\",\"target\":[\"https:\\\/\\\/fedrs.eu\\\/de\\\/shop\\\/fedrs-energy-heidelbeere\\\/\"]}]},{\"@type\":\"ImageObject\",\"inLanguage\":\"de\",\"@id\":\"https:\\\/\\\/fedrs.eu\\\/de\\\/shop\\\/fedrs-energy-heidelbeere\\\/#primaryimage\",\"url\":\"https:\\\/\\\/fedrs.eu\\\/wp-content\\\/uploads\\\/2025\\\/08\\\/ENERGY_BLUEBERRYsun-min.png\",\"contentUrl\":\"https:\\\/\\\/fedrs.eu\\\/wp-content\\\/uploads\\\/2025\\\/08\\\/ENERGY_BLUEBERRYsun-min.png\",\"width\":1200,\"height\":1200},{\"@type\":\"BreadcrumbList\",\"@id\":\"https:\\\/\\\/fedrs.eu\\\/de\\\/shop\\\/fedrs-energy-heidelbeere\\\/#breadcrumb\",\"itemListElement\":[{\"@type\":\"ListItem\",\"position\":1,\"name\":\"Startseite\",\"item\":\"https:\\\/\\\/fedrs.eu\\\/de\\\/\"},{\"@type\":\"ListItem\",\"position\":2,\"name\":\"Shop\",\"item\":\"https:\\\/\\\/fedrs.eu\\\/de\\\/shop\\\/\"},{\"@type\":\"ListItem\",\"position\":3,\"name\":\"Fedrs Energy Heidelbeere\"}]},{\"@type\":\"WebSite\",\"@id\":\"https:\\\/\\\/fedrs.eu\\\/de\\\/#website\",\"url\":\"https:\\\/\\\/fedrs.eu\\\/de\\\/\",\"name\":\"fedrs.eu\",\"description\":\"\",\"publisher\":{\"@id\":\"https:\\\/\\\/fedrs.eu\\\/de\\\/#organization\"},\"potentialAction\":[{\"@type\":\"SearchAction\",\"target\":{\"@type\":\"EntryPoint\",\"urlTemplate\":\"https:\\\/\\\/fedrs.eu\\\/de\\\/?s={search_term_string}\"},\"query-input\":{\"@type\":\"PropertyValueSpecification\",\"valueRequired\":true,\"valueName\":\"search_term_string\"}}],\"inLanguage\":\"de\"},{\"@type\":\"Organization\",\"@id\":\"https:\\\/\\\/fedrs.eu\\\/de\\\/#organization\",\"name\":\"Fedrs sp.z o.o\",\"url\":\"https:\\\/\\\/fedrs.eu\\\/de\\\/\",\"logo\":{\"@type\":\"ImageObject\",\"inLanguage\":\"de\",\"@id\":\"https:\\\/\\\/fedrs.eu\\\/de\\\/#\\\/schema\\\/logo\\\/image\\\/\",\"url\":\"https:\\\/\\\/fedrs.eu\\\/wp-content\\\/uploads\\\/2024\\\/12\\\/image-52.png\",\"contentUrl\":\"https:\\\/\\\/fedrs.eu\\\/wp-content\\\/uploads\\\/2024\\\/12\\\/image-52.png\",\"width\":97,\"height\":30,\"caption\":\"Fedrs sp.z o.o\"},\"image\":{\"@id\":\"https:\\\/\\\/fedrs.eu\\\/de\\\/#\\\/schema\\\/logo\\\/image\\\/\"},\"publishingPrinciples\":\"https:\\\/\\\/fedrs.eu\\\/terms-and-conditions\\\/\"}]}<\/script>\n<meta property=\"product:brand\" content=\"Fedrs Energie\" \/>\n<meta property=\"og:availability\" content=\"instock\" \/>\n<meta property=\"product:availability\" content=\"instock\" \/>\n<meta property=\"product:condition\" content=\"new\" \/>\n<!-- \/ Yoast SEO Premium plugin. -->","yoast_head_json":{"title":"Fedrs Energy Blueberry - Fokusbeutel mit Koffein & B3","description":"Heidelbeergeschmack mit Koffein, L-Theanin & B3. Unterst\u00fctzt Klarheit, ruhige Konzentration und den t\u00e4glichen Energiestoffwechsel.","robots":{"index":"index","follow":"follow","max-snippet":"max-snippet:-1","max-image-preview":"max-image-preview:large","max-video-preview":"max-video-preview:-1"},"canonical":"https:\/\/fedrs.eu\/de\/shop\/fedrs-energy-heidelbeere\/","og_locale":"de_DE","og_type":"article","og_title":"Fedrs Energy Heidelbeere","og_description":"Heidelbeergeschmack mit Koffein, L-Theanin & B3. Unterst\u00fctzt Klarheit, ruhige Konzentration und den t\u00e4glichen Energiestoffwechsel.","og_url":"https:\/\/fedrs.eu\/de\/shop\/fedrs-energy-heidelbeere\/","og_site_name":"fedrs.eu","article_modified_time":"2025-11-02T10:17:07+00:00","og_image":[{"width":1200,"height":1200,"url":"https:\/\/fedrs.eu\/wp-content\/uploads\/2025\/08\/ENERGY_BLUEBERRYsun-min.png","type":"image\/png"}],"twitter_card":"summary_large_image","twitter_misc":{"Verf\u00fcgbarkeit":"Auf Lager"},"schema":{"@context":"https:\/\/schema.org","@graph":[{"@type":"WebPage","@id":"https:\/\/fedrs.eu\/de\/shop\/fedrs-energy-heidelbeere\/","url":"https:\/\/fedrs.eu\/de\/shop\/fedrs-energy-heidelbeere\/","name":"Fedrs Energy Blueberry - Fokusbeutel mit Koffein & B3","isPartOf":{"@id":"https:\/\/fedrs.eu\/de\/#website"},"primaryImageOfPage":{"@id":"https:\/\/fedrs.eu\/de\/shop\/fedrs-energy-heidelbeere\/#primaryimage"},"image":{"@id":"https:\/\/fedrs.eu\/de\/shop\/fedrs-energy-heidelbeere\/#primaryimage"},"thumbnailUrl":"https:\/\/fedrs.eu\/wp-content\/uploads\/2025\/08\/ENERGY_BLUEBERRYsun-min.png","datePublished":"2025-08-24T11:02:59+00:00","dateModified":"2025-11-02T10:17:07+00:00","description":"Heidelbeergeschmack mit Koffein, L-Theanin & B3. Unterst\u00fctzt Klarheit, ruhige Konzentration und den t\u00e4glichen Energiestoffwechsel.","breadcrumb":{"@id":"https:\/\/fedrs.eu\/de\/shop\/fedrs-energy-heidelbeere\/#breadcrumb"},"inLanguage":"de","potentialAction":[{"@type":"ReadAction","target":["https:\/\/fedrs.eu\/de\/shop\/fedrs-energy-heidelbeere\/"]}]},{"@type":"ImageObject","inLanguage":"de","@id":"https:\/\/fedrs.eu\/de\/shop\/fedrs-energy-heidelbeere\/#primaryimage","url":"https:\/\/fedrs.eu\/wp-content\/uploads\/2025\/08\/ENERGY_BLUEBERRYsun-min.png","contentUrl":"https:\/\/fedrs.eu\/wp-content\/uploads\/2025\/08\/ENERGY_BLUEBERRYsun-min.png","width":1200,"height":1200},{"@type":"BreadcrumbList","@id":"https:\/\/fedrs.eu\/de\/shop\/fedrs-energy-heidelbeere\/#breadcrumb","itemListElement":[{"@type":"ListItem","position":1,"name":"Startseite","item":"https:\/\/fedrs.eu\/de\/"},{"@type":"ListItem","position":2,"name":"Shop","item":"https:\/\/fedrs.eu\/de\/shop\/"},{"@type":"ListItem","position":3,"name":"Fedrs Energy Heidelbeere"}]},{"@type":"WebSite","@id":"https:\/\/fedrs.eu\/de\/#website","url":"https:\/\/fedrs.eu\/de\/","name":"fedrs.eu","description":"","publisher":{"@id":"https:\/\/fedrs.eu\/de\/#organization"},"potentialAction":[{"@type":"SearchAction","target":{"@type":"EntryPoint","urlTemplate":"https:\/\/fedrs.eu\/de\/?s={search_term_string}"},"query-input":{"@type":"PropertyValueSpecification","valueRequired":true,"valueName":"search_term_string"}}],"inLanguage":"de"},{"@type":"Organization","@id":"https:\/\/fedrs.eu\/de\/#organization","name":"Fedrs sp.z o.o","url":"https:\/\/fedrs.eu\/de\/","logo":{"@type":"ImageObject","inLanguage":"de","@id":"https:\/\/fedrs.eu\/de\/#\/schema\/logo\/image\/","url":"https:\/\/fedrs.eu\/wp-content\/uploads\/2024\/12\/image-52.png","contentUrl":"https:\/\/fedrs.eu\/wp-content\/uploads\/2024\/12\/image-52.png","width":97,"height":30,"caption":"Fedrs sp.z o.o"},"image":{"@id":"https:\/\/fedrs.eu\/de\/#\/schema\/logo\/image\/"},"publishingPrinciples":"https:\/\/fedrs.eu\/terms-and-conditions\/"}]},"product_brand":"Fedrs Energie","og_availability":"instock","product_availability":"instock","product_condition":"new"},"_links":{"self":[{"href":"https:\/\/fedrs.eu\/de\/wp-json\/wp\/v2\/product\/35804","targetHints":{"allow":["GET"]}}],"collection":[{"href":"https:\/\/fedrs.eu\/de\/wp-json\/wp\/v2\/product"}],"about":[{"href":"https:\/\/fedrs.eu\/de\/wp-json\/wp\/v2\/types\/product"}],"replies":[{"embeddable":true,"href":"https:\/\/fedrs.eu\/de\/wp-json\/wp\/v2\/comments?post=35804"}],"wp:featuredmedia":[{"embeddable":true,"href":"https:\/\/fedrs.eu\/de\/wp-json\/wp\/v2\/media\/35817"}],"wp:attachment":[{"href":"https:\/\/fedrs.eu\/de\/wp-json\/wp\/v2\/media?parent=35804"}],"wp:term":[{"taxonomy":"product_brand","embeddable":true,"href":"https:\/\/fedrs.eu\/de\/wp-json\/wp\/v2\/product_brand?post=35804"},{"taxonomy":"product_cat","embeddable":true,"href":"https:\/\/fedrs.eu\/de\/wp-json\/wp\/v2\/product_cat?post=35804"},{"taxonomy":"product_tag","embeddable":true,"href":"https:\/\/fedrs.eu\/de\/wp-json\/wp\/v2\/product_tag?post=35804"}],"curies":[{"name":"wp","href":"https:\/\/api.w.org\/{rel}","templated":true}]}}