{"id":35739,"date":"2025-08-24T12:48:08","date_gmt":"2025-08-24T10:48:08","guid":{"rendered":"https:\/\/fedrs.eu\/shop\/fedrs-energy-pouches-energiegetraenk\/"},"modified":"2025-10-07T00:40:13","modified_gmt":"2025-10-06T22:40:13","slug":"fedrs-energy-pouches-energiegetraenk","status":"publish","type":"product","link":"https:\/\/fedrs.eu\/de\/shop\/fedrs-energy-pouches-energiegetraenk\/","title":{"rendered":"Fedrs Energy Pouches Energiegetr\u00e4nk"},"content":{"rendered":"<p><span data-sheets-root=\"1\">Dieser Beutel wurde f\u00fcr den Einsatz entwickelt und liefert die Essenz der reinen Koffeinleistung ohne Ablenkung. Der Geschmack ist k\u00fchn und modern, w\u00e4hrend die Wirkung sofort eintritt: 65 mg schnell freisetzendes Koffein, das Ihre Reaktionszeit sch\u00e4rft, Ihre Ausdauer verbessert und geistige M\u00fcdigkeit in die Schranken weist. <\/span><\/p>\n<p>Das ist Koffein, neu definiert f\u00fcr Einfachheit. Kein Zucker, kein Getr\u00e4nk, kein Unsinn. Nur Hochleistung in jedem Beutel.  <\/p>\n","protected":false},"excerpt":{"rendered":"<p>Dieser Beutel wurde f\u00fcr den Einsatz entwickelt und liefert die Essenz der reinen Koffeinleistung ohne Ablenkung. Der Geschmack ist k\u00fchn und modern, w\u00e4hrend die Wirkung sofort<span class=\"excerpt-hellip\"> [\u2026]<\/span><\/p>\n","protected":false},"featured_media":35730,"comment_status":"open","ping_status":"closed","template":"","meta":{"googlesitekit_rrm_CAowmrG7DA:productID":""},"product_brand":[],"product_cat":[809,597,595],"product_tag":[],"class_list":{"0":"post-35739","1":"product","2":"type-product","3":"status-publish","4":"has-post-thumbnail","6":"product_cat-fedrs-energie","7":"product_cat-getranke","8":"product_cat-neu","10":"first","11":"instock","12":"taxable","13":"shipping-taxable","14":"purchasable","15":"product-type-variable","16":"has-default-attributes"},"yoast_head":"<!-- This site is optimized with the Yoast SEO Premium plugin v26.5 (Yoast SEO v27.3) - https:\/\/yoast.com\/product\/yoast-seo-premium-wordpress\/ -->\n<title>Fedrs Energy Pouches Energiegetr\u00e4nk - Koffein 65 mg<\/title>\n<meta name=\"description\" content=\"Purer Koffein-Kick mit modernem Geschmack. Der leicht zu tragende Beutel liefert Konzentration und Energie, wenn Sie sie brauchen.\" \/>\n<meta name=\"robots\" content=\"index, follow, max-snippet:-1, max-image-preview:large, max-video-preview:-1\" \/>\n<link rel=\"canonical\" href=\"https:\/\/fedrs.eu\/de\/shop\/fedrs-energy-pouches-energiegetraenk\/\" \/>\n<meta property=\"og:locale\" content=\"de_DE\" \/>\n<meta property=\"og:type\" content=\"article\" \/>\n<meta property=\"og:title\" content=\"Fedrs Energy Pouches Energiegetr\u00e4nk\" \/>\n<meta property=\"og:description\" content=\"Purer Koffein-Kick mit modernem Geschmack. Der leicht zu tragende Beutel liefert Konzentration und Energie, wenn Sie sie brauchen.\" \/>\n<meta property=\"og:url\" content=\"https:\/\/fedrs.eu\/de\/shop\/fedrs-energy-pouches-energiegetraenk\/\" \/>\n<meta property=\"og:site_name\" content=\"fedrs.eu\" \/>\n<meta property=\"article:modified_time\" content=\"2025-10-06T22:40:13+00:00\" \/>\n<meta property=\"og:image\" content=\"https:\/\/fedrs.eu\/wp-content\/uploads\/2025\/08\/ENERGY_ENERGY_DRINK_02.png\" \/>\n\t<meta property=\"og:image:width\" content=\"1200\" \/>\n\t<meta property=\"og:image:height\" content=\"1200\" \/>\n\t<meta property=\"og:image:type\" content=\"image\/png\" \/>\n<meta name=\"twitter:card\" content=\"summary_large_image\" \/>\n<meta name=\"twitter:label1\" content=\"Verf\u00fcgbarkeit\" \/>\n\t<meta name=\"twitter:data1\" content=\"Auf Lager\" \/>\n<script type=\"application\/ld+json\" class=\"yoast-schema-graph\">{\"@context\":\"https:\\\/\\\/schema.org\",\"@graph\":[{\"@type\":\"WebPage\",\"@id\":\"https:\\\/\\\/fedrs.eu\\\/de\\\/shop\\\/fedrs-energy-pouches-energiegetraenk\\\/\",\"url\":\"https:\\\/\\\/fedrs.eu\\\/de\\\/shop\\\/fedrs-energy-pouches-energiegetraenk\\\/\",\"name\":\"Fedrs Energy Pouches Energiegetr\u00e4nk - Koffein 65 mg\",\"isPartOf\":{\"@id\":\"https:\\\/\\\/fedrs.eu\\\/de\\\/#website\"},\"primaryImageOfPage\":{\"@id\":\"https:\\\/\\\/fedrs.eu\\\/de\\\/shop\\\/fedrs-energy-pouches-energiegetraenk\\\/#primaryimage\"},\"image\":{\"@id\":\"https:\\\/\\\/fedrs.eu\\\/de\\\/shop\\\/fedrs-energy-pouches-energiegetraenk\\\/#primaryimage\"},\"thumbnailUrl\":\"https:\\\/\\\/fedrs.eu\\\/wp-content\\\/uploads\\\/2025\\\/08\\\/ENERGY_ENERGY_DRINK_02.png\",\"datePublished\":\"2025-08-24T10:48:08+00:00\",\"dateModified\":\"2025-10-06T22:40:13+00:00\",\"description\":\"Purer Koffein-Kick mit modernem Geschmack. Der leicht zu tragende Beutel liefert Konzentration und Energie, wenn Sie sie brauchen.\",\"breadcrumb\":{\"@id\":\"https:\\\/\\\/fedrs.eu\\\/de\\\/shop\\\/fedrs-energy-pouches-energiegetraenk\\\/#breadcrumb\"},\"inLanguage\":\"de\",\"potentialAction\":[{\"@type\":\"ReadAction\",\"target\":[\"https:\\\/\\\/fedrs.eu\\\/de\\\/shop\\\/fedrs-energy-pouches-energiegetraenk\\\/\"]}]},{\"@type\":\"ImageObject\",\"inLanguage\":\"de\",\"@id\":\"https:\\\/\\\/fedrs.eu\\\/de\\\/shop\\\/fedrs-energy-pouches-energiegetraenk\\\/#primaryimage\",\"url\":\"https:\\\/\\\/fedrs.eu\\\/wp-content\\\/uploads\\\/2025\\\/08\\\/ENERGY_ENERGY_DRINK_02.png\",\"contentUrl\":\"https:\\\/\\\/fedrs.eu\\\/wp-content\\\/uploads\\\/2025\\\/08\\\/ENERGY_ENERGY_DRINK_02.png\",\"width\":1200,\"height\":1200},{\"@type\":\"BreadcrumbList\",\"@id\":\"https:\\\/\\\/fedrs.eu\\\/de\\\/shop\\\/fedrs-energy-pouches-energiegetraenk\\\/#breadcrumb\",\"itemListElement\":[{\"@type\":\"ListItem\",\"position\":1,\"name\":\"Startseite\",\"item\":\"https:\\\/\\\/fedrs.eu\\\/de\\\/\"},{\"@type\":\"ListItem\",\"position\":2,\"name\":\"Shop\",\"item\":\"https:\\\/\\\/fedrs.eu\\\/de\\\/shop\\\/\"},{\"@type\":\"ListItem\",\"position\":3,\"name\":\"Fedrs Energy Pouches Energiegetr\u00e4nk\"}]},{\"@type\":\"WebSite\",\"@id\":\"https:\\\/\\\/fedrs.eu\\\/de\\\/#website\",\"url\":\"https:\\\/\\\/fedrs.eu\\\/de\\\/\",\"name\":\"fedrs.eu\",\"description\":\"\",\"publisher\":{\"@id\":\"https:\\\/\\\/fedrs.eu\\\/de\\\/#organization\"},\"potentialAction\":[{\"@type\":\"SearchAction\",\"target\":{\"@type\":\"EntryPoint\",\"urlTemplate\":\"https:\\\/\\\/fedrs.eu\\\/de\\\/?s={search_term_string}\"},\"query-input\":{\"@type\":\"PropertyValueSpecification\",\"valueRequired\":true,\"valueName\":\"search_term_string\"}}],\"inLanguage\":\"de\"},{\"@type\":\"Organization\",\"@id\":\"https:\\\/\\\/fedrs.eu\\\/de\\\/#organization\",\"name\":\"Fedrs sp.z o.o\",\"url\":\"https:\\\/\\\/fedrs.eu\\\/de\\\/\",\"logo\":{\"@type\":\"ImageObject\",\"inLanguage\":\"de\",\"@id\":\"https:\\\/\\\/fedrs.eu\\\/de\\\/#\\\/schema\\\/logo\\\/image\\\/\",\"url\":\"https:\\\/\\\/fedrs.eu\\\/wp-content\\\/uploads\\\/2024\\\/12\\\/image-52.png\",\"contentUrl\":\"https:\\\/\\\/fedrs.eu\\\/wp-content\\\/uploads\\\/2024\\\/12\\\/image-52.png\",\"width\":97,\"height\":30,\"caption\":\"Fedrs sp.z o.o\"},\"image\":{\"@id\":\"https:\\\/\\\/fedrs.eu\\\/de\\\/#\\\/schema\\\/logo\\\/image\\\/\"},\"publishingPrinciples\":\"https:\\\/\\\/fedrs.eu\\\/terms-and-conditions\\\/\"}]}<\/script>\n<meta property=\"product:brand\" content=\"Fedrs Energie\" \/>\n<meta property=\"og:availability\" content=\"instock\" \/>\n<meta property=\"product:availability\" content=\"instock\" \/>\n<meta property=\"product:condition\" content=\"new\" \/>\n<!-- \/ Yoast SEO Premium plugin. -->","yoast_head_json":{"title":"Fedrs Energy Pouches Energiegetr\u00e4nk - Koffein 65 mg","description":"Purer Koffein-Kick mit modernem Geschmack. Der leicht zu tragende Beutel liefert Konzentration und Energie, wenn Sie sie brauchen.","robots":{"index":"index","follow":"follow","max-snippet":"max-snippet:-1","max-image-preview":"max-image-preview:large","max-video-preview":"max-video-preview:-1"},"canonical":"https:\/\/fedrs.eu\/de\/shop\/fedrs-energy-pouches-energiegetraenk\/","og_locale":"de_DE","og_type":"article","og_title":"Fedrs Energy Pouches Energiegetr\u00e4nk","og_description":"Purer Koffein-Kick mit modernem Geschmack. Der leicht zu tragende Beutel liefert Konzentration und Energie, wenn Sie sie brauchen.","og_url":"https:\/\/fedrs.eu\/de\/shop\/fedrs-energy-pouches-energiegetraenk\/","og_site_name":"fedrs.eu","article_modified_time":"2025-10-06T22:40:13+00:00","og_image":[{"width":1200,"height":1200,"url":"https:\/\/fedrs.eu\/wp-content\/uploads\/2025\/08\/ENERGY_ENERGY_DRINK_02.png","type":"image\/png"}],"twitter_card":"summary_large_image","twitter_misc":{"Verf\u00fcgbarkeit":"Auf Lager"},"schema":{"@context":"https:\/\/schema.org","@graph":[{"@type":"WebPage","@id":"https:\/\/fedrs.eu\/de\/shop\/fedrs-energy-pouches-energiegetraenk\/","url":"https:\/\/fedrs.eu\/de\/shop\/fedrs-energy-pouches-energiegetraenk\/","name":"Fedrs Energy Pouches Energiegetr\u00e4nk - Koffein 65 mg","isPartOf":{"@id":"https:\/\/fedrs.eu\/de\/#website"},"primaryImageOfPage":{"@id":"https:\/\/fedrs.eu\/de\/shop\/fedrs-energy-pouches-energiegetraenk\/#primaryimage"},"image":{"@id":"https:\/\/fedrs.eu\/de\/shop\/fedrs-energy-pouches-energiegetraenk\/#primaryimage"},"thumbnailUrl":"https:\/\/fedrs.eu\/wp-content\/uploads\/2025\/08\/ENERGY_ENERGY_DRINK_02.png","datePublished":"2025-08-24T10:48:08+00:00","dateModified":"2025-10-06T22:40:13+00:00","description":"Purer Koffein-Kick mit modernem Geschmack. Der leicht zu tragende Beutel liefert Konzentration und Energie, wenn Sie sie brauchen.","breadcrumb":{"@id":"https:\/\/fedrs.eu\/de\/shop\/fedrs-energy-pouches-energiegetraenk\/#breadcrumb"},"inLanguage":"de","potentialAction":[{"@type":"ReadAction","target":["https:\/\/fedrs.eu\/de\/shop\/fedrs-energy-pouches-energiegetraenk\/"]}]},{"@type":"ImageObject","inLanguage":"de","@id":"https:\/\/fedrs.eu\/de\/shop\/fedrs-energy-pouches-energiegetraenk\/#primaryimage","url":"https:\/\/fedrs.eu\/wp-content\/uploads\/2025\/08\/ENERGY_ENERGY_DRINK_02.png","contentUrl":"https:\/\/fedrs.eu\/wp-content\/uploads\/2025\/08\/ENERGY_ENERGY_DRINK_02.png","width":1200,"height":1200},{"@type":"BreadcrumbList","@id":"https:\/\/fedrs.eu\/de\/shop\/fedrs-energy-pouches-energiegetraenk\/#breadcrumb","itemListElement":[{"@type":"ListItem","position":1,"name":"Startseite","item":"https:\/\/fedrs.eu\/de\/"},{"@type":"ListItem","position":2,"name":"Shop","item":"https:\/\/fedrs.eu\/de\/shop\/"},{"@type":"ListItem","position":3,"name":"Fedrs Energy Pouches Energiegetr\u00e4nk"}]},{"@type":"WebSite","@id":"https:\/\/fedrs.eu\/de\/#website","url":"https:\/\/fedrs.eu\/de\/","name":"fedrs.eu","description":"","publisher":{"@id":"https:\/\/fedrs.eu\/de\/#organization"},"potentialAction":[{"@type":"SearchAction","target":{"@type":"EntryPoint","urlTemplate":"https:\/\/fedrs.eu\/de\/?s={search_term_string}"},"query-input":{"@type":"PropertyValueSpecification","valueRequired":true,"valueName":"search_term_string"}}],"inLanguage":"de"},{"@type":"Organization","@id":"https:\/\/fedrs.eu\/de\/#organization","name":"Fedrs sp.z o.o","url":"https:\/\/fedrs.eu\/de\/","logo":{"@type":"ImageObject","inLanguage":"de","@id":"https:\/\/fedrs.eu\/de\/#\/schema\/logo\/image\/","url":"https:\/\/fedrs.eu\/wp-content\/uploads\/2024\/12\/image-52.png","contentUrl":"https:\/\/fedrs.eu\/wp-content\/uploads\/2024\/12\/image-52.png","width":97,"height":30,"caption":"Fedrs sp.z o.o"},"image":{"@id":"https:\/\/fedrs.eu\/de\/#\/schema\/logo\/image\/"},"publishingPrinciples":"https:\/\/fedrs.eu\/terms-and-conditions\/"}]},"product_brand":"Fedrs Energie","og_availability":"instock","product_availability":"instock","product_condition":"new"},"_links":{"self":[{"href":"https:\/\/fedrs.eu\/de\/wp-json\/wp\/v2\/product\/35739","targetHints":{"allow":["GET"]}}],"collection":[{"href":"https:\/\/fedrs.eu\/de\/wp-json\/wp\/v2\/product"}],"about":[{"href":"https:\/\/fedrs.eu\/de\/wp-json\/wp\/v2\/types\/product"}],"replies":[{"embeddable":true,"href":"https:\/\/fedrs.eu\/de\/wp-json\/wp\/v2\/comments?post=35739"}],"wp:featuredmedia":[{"embeddable":true,"href":"https:\/\/fedrs.eu\/de\/wp-json\/wp\/v2\/media\/35730"}],"wp:attachment":[{"href":"https:\/\/fedrs.eu\/de\/wp-json\/wp\/v2\/media?parent=35739"}],"wp:term":[{"taxonomy":"product_brand","embeddable":true,"href":"https:\/\/fedrs.eu\/de\/wp-json\/wp\/v2\/product_brand?post=35739"},{"taxonomy":"product_cat","embeddable":true,"href":"https:\/\/fedrs.eu\/de\/wp-json\/wp\/v2\/product_cat?post=35739"},{"taxonomy":"product_tag","embeddable":true,"href":"https:\/\/fedrs.eu\/de\/wp-json\/wp\/v2\/product_tag?post=35739"}],"curies":[{"name":"wp","href":"https:\/\/api.w.org\/{rel}","templated":true}]}}