{"id":19960,"date":"2025-04-24T11:29:06","date_gmt":"2025-04-24T09:29:06","guid":{"rendered":"https:\/\/fedrs.eu\/?post_type=product&#038;p=19960"},"modified":"2025-10-10T20:35:33","modified_gmt":"2025-10-10T18:35:33","slug":"fedrs-ice-cool-x-strong-bubble-gum","status":"publish","type":"product","link":"https:\/\/fedrs.eu\/de\/shop\/fedrs-ice-cool-x-strong-bubble-gum\/","title":{"rendered":"FEDRS Ice Cool X-Strong Kaugummi"},"content":{"rendered":"<p data-start=\"208\" data-end=\"505\"><strong data-start=\"208\" data-end=\"231\">POP. FREEZE. PUNCHEN. <\/strong><br data-start=\"231\" data-end=\"234\" \/>Das ist nicht der Kaugummi Ihrer Kindheit. FEDRS Ice Cool X-Strong Bubble Gum verbindet s\u00fc\u00dfe Nostalgie mit einer eisigen Explosion und einem umwerfenden Nikotinsto\u00df. Er ist knallig, frech und unversch\u00e4mt stark - gemacht f\u00fcr alle, die den Nervenkitzel suchen, die ihren Geschmack laut und ihren Schlag lauter m\u00f6gen.<\/p>\n<ul data-start=\"507\" data-end=\"651\">\n<li data-start=\"507\" data-end=\"537\">\n<p data-start=\"509\" data-end=\"537\">Kaugummi, der zur\u00fcckbei\u00dft<\/p>\n<\/li>\n<li data-start=\"538\" data-end=\"571\">\n<p data-start=\"540\" data-end=\"571\">Arktische Frische, die nachklingt<\/p>\n<\/li>\n<li data-start=\"572\" data-end=\"617\">\n<p data-start=\"574\" data-end=\"617\">X-starkes Nikotin f\u00fcr eine kraftvolle Wirkung<\/p>\n<\/li>\n<li data-start=\"618\" data-end=\"651\">\n<p data-start=\"620\" data-end=\"651\">Nicht f\u00fcr Rookies - nur f\u00fcr Profis<\/p>\n<\/li>\n<\/ul>\n<p data-start=\"653\" data-end=\"700\">Schmecken Sie den Rausch. Sp\u00fcren Sie die K\u00fchle. Besitzen Sie den Moment.<\/p>\n","protected":false},"excerpt":{"rendered":"<div class=\"descrip_p\">\n<div class=\"product-pstyle\"><\/div>\n<p>&nbsp;<\/p>\n<\/div>\n","protected":false},"featured_media":0,"comment_status":"open","ping_status":"closed","template":"","meta":{"googlesitekit_rrm_CAowmrG7DA:productID":""},"product_brand":[],"product_cat":[701,685,629,595,818],"product_tag":[],"class_list":{"0":"post-19960","1":"product","2":"type-product","3":"status-publish","5":"product_cat-50-mg-g-de","6":"product_cat-fedrs-ice-cool-de","7":"product_cat-frucht-aroma","8":"product_cat-neu","9":"product_cat-nikotinbeutel","11":"first","12":"outofstock","13":"taxable","14":"shipping-taxable","15":"product-type-variable","16":"has-default-attributes"},"yoast_head":"<!-- This site is optimized with the Yoast SEO Premium plugin v26.5 (Yoast SEO v27.3) - https:\/\/yoast.com\/product\/yoast-seo-premium-wordpress\/ -->\n<title>FEDRS Ice Cool X-Strong Kaugummi - S\u00fc\u00dfe Geschmacksrichtung<\/title>\n<meta name=\"description\" content=\"Dies ist nicht Ihr durchschnittlicher Beutel. Explosiver Kaugummigeschmack trifft auf eisige Intensit\u00e4t und extremes Nikotin. Nur f\u00fcr Profis. Sp\u00fcren Sie den Rausch.\" \/>\n<meta name=\"robots\" content=\"index, follow, max-snippet:-1, max-image-preview:large, max-video-preview:-1\" \/>\n<link rel=\"canonical\" href=\"https:\/\/fedrs.eu\/de\/shop\/fedrs-ice-cool-x-strong-bubble-gum\/\" \/>\n<meta property=\"og:locale\" content=\"de_DE\" \/>\n<meta property=\"og:type\" content=\"article\" \/>\n<meta property=\"og:title\" content=\"FEDRS Ice Cool X-Strong Kaugummi\" \/>\n<meta property=\"og:description\" content=\"Dies ist nicht Ihr durchschnittlicher Beutel. Explosiver Kaugummigeschmack trifft auf eisige Intensit\u00e4t und extremes Nikotin. Nur f\u00fcr Profis. Sp\u00fcren Sie den Rausch.\" \/>\n<meta property=\"og:url\" content=\"https:\/\/fedrs.eu\/de\/shop\/fedrs-ice-cool-x-strong-bubble-gum\/\" \/>\n<meta property=\"og:site_name\" content=\"fedrs.eu\" \/>\n<meta property=\"article:modified_time\" content=\"2025-10-10T18:35:33+00:00\" \/>\n<meta property=\"og:image\" content=\"https:\/\/fedrs.eu\/wp-content\/uploads\/2025\/04\/XS_CBUBBLE_GUM_02.png\" \/>\n\t<meta property=\"og:image:width\" content=\"1200\" \/>\n\t<meta property=\"og:image:height\" content=\"1200\" \/>\n\t<meta property=\"og:image:type\" content=\"image\/png\" \/>\n<meta name=\"twitter:card\" content=\"summary_large_image\" \/>\n<meta name=\"twitter:label1\" content=\"Verf\u00fcgbarkeit\" \/>\n\t<meta name=\"twitter:data1\" content=\"ausverkauft\" \/>\n<script type=\"application\/ld+json\" class=\"yoast-schema-graph\">{\"@context\":\"https:\\\/\\\/schema.org\",\"@graph\":[{\"@type\":\"WebPage\",\"@id\":\"https:\\\/\\\/fedrs.eu\\\/de\\\/shop\\\/fedrs-ice-cool-x-strong-bubble-gum\\\/\",\"url\":\"https:\\\/\\\/fedrs.eu\\\/de\\\/shop\\\/fedrs-ice-cool-x-strong-bubble-gum\\\/\",\"name\":\"FEDRS Ice Cool X-Strong Kaugummi - S\u00fc\u00dfe Geschmacksrichtung\",\"isPartOf\":{\"@id\":\"https:\\\/\\\/fedrs.eu\\\/de\\\/#website\"},\"datePublished\":\"2025-04-24T09:29:06+00:00\",\"dateModified\":\"2025-10-10T18:35:33+00:00\",\"description\":\"Dies ist nicht Ihr durchschnittlicher Beutel. Explosiver Kaugummigeschmack trifft auf eisige Intensit\u00e4t und extremes Nikotin. Nur f\u00fcr Profis. Sp\u00fcren Sie den Rausch.\",\"breadcrumb\":{\"@id\":\"https:\\\/\\\/fedrs.eu\\\/de\\\/shop\\\/fedrs-ice-cool-x-strong-bubble-gum\\\/#breadcrumb\"},\"inLanguage\":\"de\",\"potentialAction\":[{\"@type\":\"ReadAction\",\"target\":[\"https:\\\/\\\/fedrs.eu\\\/de\\\/shop\\\/fedrs-ice-cool-x-strong-bubble-gum\\\/\"]}]},{\"@type\":\"BreadcrumbList\",\"@id\":\"https:\\\/\\\/fedrs.eu\\\/de\\\/shop\\\/fedrs-ice-cool-x-strong-bubble-gum\\\/#breadcrumb\",\"itemListElement\":[{\"@type\":\"ListItem\",\"position\":1,\"name\":\"Startseite\",\"item\":\"https:\\\/\\\/fedrs.eu\\\/de\\\/\"},{\"@type\":\"ListItem\",\"position\":2,\"name\":\"Shop\",\"item\":\"https:\\\/\\\/fedrs.eu\\\/de\\\/shop\\\/\"},{\"@type\":\"ListItem\",\"position\":3,\"name\":\"FEDRS Ice Cool X-Strong Kaugummi\"}]},{\"@type\":\"WebSite\",\"@id\":\"https:\\\/\\\/fedrs.eu\\\/de\\\/#website\",\"url\":\"https:\\\/\\\/fedrs.eu\\\/de\\\/\",\"name\":\"fedrs.eu\",\"description\":\"\",\"publisher\":{\"@id\":\"https:\\\/\\\/fedrs.eu\\\/de\\\/#organization\"},\"potentialAction\":[{\"@type\":\"SearchAction\",\"target\":{\"@type\":\"EntryPoint\",\"urlTemplate\":\"https:\\\/\\\/fedrs.eu\\\/de\\\/?s={search_term_string}\"},\"query-input\":{\"@type\":\"PropertyValueSpecification\",\"valueRequired\":true,\"valueName\":\"search_term_string\"}}],\"inLanguage\":\"de\"},{\"@type\":\"Organization\",\"@id\":\"https:\\\/\\\/fedrs.eu\\\/de\\\/#organization\",\"name\":\"Fedrs sp.z o.o\",\"url\":\"https:\\\/\\\/fedrs.eu\\\/de\\\/\",\"logo\":{\"@type\":\"ImageObject\",\"inLanguage\":\"de\",\"@id\":\"https:\\\/\\\/fedrs.eu\\\/de\\\/#\\\/schema\\\/logo\\\/image\\\/\",\"url\":\"https:\\\/\\\/fedrs.eu\\\/wp-content\\\/uploads\\\/2024\\\/12\\\/image-52.png\",\"contentUrl\":\"https:\\\/\\\/fedrs.eu\\\/wp-content\\\/uploads\\\/2024\\\/12\\\/image-52.png\",\"width\":97,\"height\":30,\"caption\":\"Fedrs sp.z o.o\"},\"image\":{\"@id\":\"https:\\\/\\\/fedrs.eu\\\/de\\\/#\\\/schema\\\/logo\\\/image\\\/\"},\"publishingPrinciples\":\"https:\\\/\\\/fedrs.eu\\\/terms-and-conditions\\\/\"}]}<\/script>\n<meta property=\"product:brand\" content=\"FEDRS Ice Cool\" \/>\n<meta property=\"og:availability\" content=\"out of stock\" \/>\n<meta property=\"product:availability\" content=\"out of stock\" \/>\n<meta property=\"product:condition\" content=\"new\" \/>\n<!-- \/ Yoast SEO Premium plugin. -->","yoast_head_json":{"title":"FEDRS Ice Cool X-Strong Kaugummi - S\u00fc\u00dfe Geschmacksrichtung","description":"Dies ist nicht Ihr durchschnittlicher Beutel. Explosiver Kaugummigeschmack trifft auf eisige Intensit\u00e4t und extremes Nikotin. Nur f\u00fcr Profis. Sp\u00fcren Sie den Rausch.","robots":{"index":"index","follow":"follow","max-snippet":"max-snippet:-1","max-image-preview":"max-image-preview:large","max-video-preview":"max-video-preview:-1"},"canonical":"https:\/\/fedrs.eu\/de\/shop\/fedrs-ice-cool-x-strong-bubble-gum\/","og_locale":"de_DE","og_type":"article","og_title":"FEDRS Ice Cool X-Strong Kaugummi","og_description":"Dies ist nicht Ihr durchschnittlicher Beutel. Explosiver Kaugummigeschmack trifft auf eisige Intensit\u00e4t und extremes Nikotin. Nur f\u00fcr Profis. Sp\u00fcren Sie den Rausch.","og_url":"https:\/\/fedrs.eu\/de\/shop\/fedrs-ice-cool-x-strong-bubble-gum\/","og_site_name":"fedrs.eu","article_modified_time":"2025-10-10T18:35:33+00:00","og_image":[{"width":1200,"height":1200,"url":"https:\/\/fedrs.eu\/wp-content\/uploads\/2025\/04\/XS_CBUBBLE_GUM_02.png","type":"image\/png"}],"twitter_card":"summary_large_image","twitter_misc":{"Verf\u00fcgbarkeit":"ausverkauft"},"schema":{"@context":"https:\/\/schema.org","@graph":[{"@type":"WebPage","@id":"https:\/\/fedrs.eu\/de\/shop\/fedrs-ice-cool-x-strong-bubble-gum\/","url":"https:\/\/fedrs.eu\/de\/shop\/fedrs-ice-cool-x-strong-bubble-gum\/","name":"FEDRS Ice Cool X-Strong Kaugummi - S\u00fc\u00dfe Geschmacksrichtung","isPartOf":{"@id":"https:\/\/fedrs.eu\/de\/#website"},"datePublished":"2025-04-24T09:29:06+00:00","dateModified":"2025-10-10T18:35:33+00:00","description":"Dies ist nicht Ihr durchschnittlicher Beutel. Explosiver Kaugummigeschmack trifft auf eisige Intensit\u00e4t und extremes Nikotin. Nur f\u00fcr Profis. Sp\u00fcren Sie den Rausch.","breadcrumb":{"@id":"https:\/\/fedrs.eu\/de\/shop\/fedrs-ice-cool-x-strong-bubble-gum\/#breadcrumb"},"inLanguage":"de","potentialAction":[{"@type":"ReadAction","target":["https:\/\/fedrs.eu\/de\/shop\/fedrs-ice-cool-x-strong-bubble-gum\/"]}]},{"@type":"BreadcrumbList","@id":"https:\/\/fedrs.eu\/de\/shop\/fedrs-ice-cool-x-strong-bubble-gum\/#breadcrumb","itemListElement":[{"@type":"ListItem","position":1,"name":"Startseite","item":"https:\/\/fedrs.eu\/de\/"},{"@type":"ListItem","position":2,"name":"Shop","item":"https:\/\/fedrs.eu\/de\/shop\/"},{"@type":"ListItem","position":3,"name":"FEDRS Ice Cool X-Strong Kaugummi"}]},{"@type":"WebSite","@id":"https:\/\/fedrs.eu\/de\/#website","url":"https:\/\/fedrs.eu\/de\/","name":"fedrs.eu","description":"","publisher":{"@id":"https:\/\/fedrs.eu\/de\/#organization"},"potentialAction":[{"@type":"SearchAction","target":{"@type":"EntryPoint","urlTemplate":"https:\/\/fedrs.eu\/de\/?s={search_term_string}"},"query-input":{"@type":"PropertyValueSpecification","valueRequired":true,"valueName":"search_term_string"}}],"inLanguage":"de"},{"@type":"Organization","@id":"https:\/\/fedrs.eu\/de\/#organization","name":"Fedrs sp.z o.o","url":"https:\/\/fedrs.eu\/de\/","logo":{"@type":"ImageObject","inLanguage":"de","@id":"https:\/\/fedrs.eu\/de\/#\/schema\/logo\/image\/","url":"https:\/\/fedrs.eu\/wp-content\/uploads\/2024\/12\/image-52.png","contentUrl":"https:\/\/fedrs.eu\/wp-content\/uploads\/2024\/12\/image-52.png","width":97,"height":30,"caption":"Fedrs sp.z o.o"},"image":{"@id":"https:\/\/fedrs.eu\/de\/#\/schema\/logo\/image\/"},"publishingPrinciples":"https:\/\/fedrs.eu\/terms-and-conditions\/"}]},"product_brand":"FEDRS Ice Cool","og_availability":"out of stock","product_availability":"out of stock","product_condition":"new"},"_links":{"self":[{"href":"https:\/\/fedrs.eu\/de\/wp-json\/wp\/v2\/product\/19960","targetHints":{"allow":["GET"]}}],"collection":[{"href":"https:\/\/fedrs.eu\/de\/wp-json\/wp\/v2\/product"}],"about":[{"href":"https:\/\/fedrs.eu\/de\/wp-json\/wp\/v2\/types\/product"}],"replies":[{"embeddable":true,"href":"https:\/\/fedrs.eu\/de\/wp-json\/wp\/v2\/comments?post=19960"}],"wp:attachment":[{"href":"https:\/\/fedrs.eu\/de\/wp-json\/wp\/v2\/media?parent=19960"}],"wp:term":[{"taxonomy":"product_brand","embeddable":true,"href":"https:\/\/fedrs.eu\/de\/wp-json\/wp\/v2\/product_brand?post=19960"},{"taxonomy":"product_cat","embeddable":true,"href":"https:\/\/fedrs.eu\/de\/wp-json\/wp\/v2\/product_cat?post=19960"},{"taxonomy":"product_tag","embeddable":true,"href":"https:\/\/fedrs.eu\/de\/wp-json\/wp\/v2\/product_tag?post=19960"}],"curies":[{"name":"wp","href":"https:\/\/api.w.org\/{rel}","templated":true}]}}