{"id":19927,"date":"2025-04-24T11:07:31","date_gmt":"2025-04-24T09:07:31","guid":{"rendered":"https:\/\/fedrs.eu\/?post_type=product&#038;p=19927"},"modified":"2025-08-26T16:49:29","modified_gmt":"2025-08-26T14:49:29","slug":"fedrs-ice-cool-strong-bubble-gum","status":"publish","type":"product","link":"https:\/\/fedrs.eu\/de\/shop\/fedrs-ice-cool-strong-bubble-gum\/","title":{"rendered":"FEDRS Ice Cool Strong Bubble Gum"},"content":{"rendered":"<p data-start=\"216\" data-end=\"479\"><strong data-start=\"216\" data-end=\"252\">FEDRS Ice Cool Strong Bubble Gum<\/strong> liefert einen kr\u00e4ftigen Schub s\u00fc\u00dfer Nostalgie mit dem unverwechselbaren Geschmack von Kaugummi und einem starken Nikotinsto\u00df. Die Mischung mit k\u00fchlendem Effekt wurde f\u00fcr erfahrene Raucher entwickelt, die sowohl Geschmack als auch St\u00e4rke in einem Beutel w\u00fcnschen. <\/p>\n<ul data-start=\"481\" data-end=\"600\">\n<li data-start=\"481\" data-end=\"530\">\n<p data-start=\"483\" data-end=\"530\">Geschmack: Klassischer Kaugummi mit eisiger Frische<\/p>\n<\/li>\n<li data-start=\"531\" data-end=\"551\">\n<p data-start=\"533\" data-end=\"551\">Nikotin: Stark<\/p>\n<\/li>\n<li data-start=\"552\" data-end=\"573\">\n<p data-start=\"554\" data-end=\"573\">S\u00fc\u00df und doch intensiv<\/p>\n<\/li>\n<li data-start=\"574\" data-end=\"600\">\n<p data-start=\"576\" data-end=\"600\">Ideal f\u00fcr erfahrene Benutzer<\/p>\n<\/li>\n<\/ul>\n<p data-start=\"602\" data-end=\"681\"><strong data-start=\"602\" data-end=\"681\">Holen Sie sich den Punch der zuckers\u00fc\u00dfen Frische - stark, sanft und unvergesslich.<\/strong><\/p>\n","protected":false},"excerpt":{"rendered":"<div class=\"descrip_p\">\n<div class=\"product-pstyle\"><\/div>\n<p>&nbsp;<\/p>\n<\/div>\n","protected":false},"featured_media":0,"comment_status":"open","ping_status":"closed","template":"","meta":{"googlesitekit_rrm_CAowmrG7DA:productID":""},"product_brand":[],"product_cat":[596,685,629,818],"product_tag":[],"class_list":{"0":"post-19927","1":"product","2":"type-product","3":"status-publish","5":"product_cat-40-mg-g-de","6":"product_cat-fedrs-ice-cool-de","7":"product_cat-frucht-aroma","8":"product_cat-nikotinbeutel","10":"first","11":"instock","12":"taxable","13":"shipping-taxable","14":"product-type-variable","15":"has-default-attributes"},"yoast_head":"<!-- This site is optimized with the Yoast SEO Premium plugin v26.5 (Yoast SEO v27.3) - https:\/\/yoast.com\/product\/yoast-seo-premium-wordpress\/ -->\n<title>FEDRS Ice Cool Strong Bubble Gum - S\u00fc\u00dfe Geschmacksrichtung<\/title>\n<meta name=\"description\" content=\"Klassischer Kaugummigeschmack trifft auf starkes Nikotin f\u00fcr ein k\u00fchnes, eisiges Erlebnis. Perfekt f\u00fcr erfahrene Benutzer. Versuchen Sie es jetzt!\" \/>\n<meta name=\"robots\" content=\"index, follow, max-snippet:-1, max-image-preview:large, max-video-preview:-1\" \/>\n<link rel=\"canonical\" href=\"https:\/\/fedrs.eu\/de\/shop\/fedrs-ice-cool-strong-bubble-gum\/\" \/>\n<meta property=\"og:locale\" content=\"de_DE\" \/>\n<meta property=\"og:type\" content=\"article\" \/>\n<meta property=\"og:title\" content=\"FEDRS Ice Cool Strong Bubble Gum\" \/>\n<meta property=\"og:description\" content=\"Klassischer Kaugummigeschmack trifft auf starkes Nikotin f\u00fcr ein k\u00fchnes, eisiges Erlebnis. Perfekt f\u00fcr erfahrene Benutzer. Versuchen Sie es jetzt!\" \/>\n<meta property=\"og:url\" content=\"https:\/\/fedrs.eu\/de\/shop\/fedrs-ice-cool-strong-bubble-gum\/\" \/>\n<meta property=\"og:site_name\" content=\"fedrs.eu\" \/>\n<meta property=\"article:modified_time\" content=\"2025-08-26T14:49:29+00:00\" \/>\n<meta property=\"og:image\" content=\"https:\/\/fedrs.eu\/wp-content\/uploads\/2025\/04\/S_BUBBLE_GUM_02.png\" \/>\n\t<meta property=\"og:image:width\" content=\"1200\" \/>\n\t<meta property=\"og:image:height\" content=\"1200\" \/>\n\t<meta property=\"og:image:type\" content=\"image\/png\" \/>\n<meta name=\"twitter:card\" content=\"summary_large_image\" \/>\n<meta name=\"twitter:label1\" content=\"Verf\u00fcgbarkeit\" \/>\n\t<meta name=\"twitter:data1\" content=\"Auf Lager\" \/>\n<script type=\"application\/ld+json\" class=\"yoast-schema-graph\">{\"@context\":\"https:\\\/\\\/schema.org\",\"@graph\":[{\"@type\":\"WebPage\",\"@id\":\"https:\\\/\\\/fedrs.eu\\\/de\\\/shop\\\/fedrs-ice-cool-strong-bubble-gum\\\/\",\"url\":\"https:\\\/\\\/fedrs.eu\\\/de\\\/shop\\\/fedrs-ice-cool-strong-bubble-gum\\\/\",\"name\":\"FEDRS Ice Cool Strong Bubble Gum - S\u00fc\u00dfe Geschmacksrichtung\",\"isPartOf\":{\"@id\":\"https:\\\/\\\/fedrs.eu\\\/de\\\/#website\"},\"datePublished\":\"2025-04-24T09:07:31+00:00\",\"dateModified\":\"2025-08-26T14:49:29+00:00\",\"description\":\"Klassischer Kaugummigeschmack trifft auf starkes Nikotin f\u00fcr ein k\u00fchnes, eisiges Erlebnis. Perfekt f\u00fcr erfahrene Benutzer. Versuchen Sie es jetzt!\",\"breadcrumb\":{\"@id\":\"https:\\\/\\\/fedrs.eu\\\/de\\\/shop\\\/fedrs-ice-cool-strong-bubble-gum\\\/#breadcrumb\"},\"inLanguage\":\"de\",\"potentialAction\":[{\"@type\":\"ReadAction\",\"target\":[\"https:\\\/\\\/fedrs.eu\\\/de\\\/shop\\\/fedrs-ice-cool-strong-bubble-gum\\\/\"]}]},{\"@type\":\"BreadcrumbList\",\"@id\":\"https:\\\/\\\/fedrs.eu\\\/de\\\/shop\\\/fedrs-ice-cool-strong-bubble-gum\\\/#breadcrumb\",\"itemListElement\":[{\"@type\":\"ListItem\",\"position\":1,\"name\":\"Startseite\",\"item\":\"https:\\\/\\\/fedrs.eu\\\/de\\\/\"},{\"@type\":\"ListItem\",\"position\":2,\"name\":\"Shop\",\"item\":\"https:\\\/\\\/fedrs.eu\\\/de\\\/shop\\\/\"},{\"@type\":\"ListItem\",\"position\":3,\"name\":\"FEDRS Ice Cool Strong Bubble Gum\"}]},{\"@type\":\"WebSite\",\"@id\":\"https:\\\/\\\/fedrs.eu\\\/de\\\/#website\",\"url\":\"https:\\\/\\\/fedrs.eu\\\/de\\\/\",\"name\":\"fedrs.eu\",\"description\":\"\",\"publisher\":{\"@id\":\"https:\\\/\\\/fedrs.eu\\\/de\\\/#organization\"},\"potentialAction\":[{\"@type\":\"SearchAction\",\"target\":{\"@type\":\"EntryPoint\",\"urlTemplate\":\"https:\\\/\\\/fedrs.eu\\\/de\\\/?s={search_term_string}\"},\"query-input\":{\"@type\":\"PropertyValueSpecification\",\"valueRequired\":true,\"valueName\":\"search_term_string\"}}],\"inLanguage\":\"de\"},{\"@type\":\"Organization\",\"@id\":\"https:\\\/\\\/fedrs.eu\\\/de\\\/#organization\",\"name\":\"Fedrs sp.z o.o\",\"url\":\"https:\\\/\\\/fedrs.eu\\\/de\\\/\",\"logo\":{\"@type\":\"ImageObject\",\"inLanguage\":\"de\",\"@id\":\"https:\\\/\\\/fedrs.eu\\\/de\\\/#\\\/schema\\\/logo\\\/image\\\/\",\"url\":\"https:\\\/\\\/fedrs.eu\\\/wp-content\\\/uploads\\\/2024\\\/12\\\/image-52.png\",\"contentUrl\":\"https:\\\/\\\/fedrs.eu\\\/wp-content\\\/uploads\\\/2024\\\/12\\\/image-52.png\",\"width\":97,\"height\":30,\"caption\":\"Fedrs sp.z o.o\"},\"image\":{\"@id\":\"https:\\\/\\\/fedrs.eu\\\/de\\\/#\\\/schema\\\/logo\\\/image\\\/\"},\"publishingPrinciples\":\"https:\\\/\\\/fedrs.eu\\\/terms-and-conditions\\\/\"}]}<\/script>\n<meta property=\"product:brand\" content=\"FEDRS Ice Cool\" \/>\n<meta property=\"og:availability\" content=\"instock\" \/>\n<meta property=\"product:availability\" content=\"instock\" \/>\n<meta property=\"product:retailer_item_id\" content=\"04006-1-1-1-1-1-1\" \/>\n<meta property=\"product:condition\" content=\"new\" \/>\n<!-- \/ Yoast SEO Premium plugin. -->","yoast_head_json":{"title":"FEDRS Ice Cool Strong Bubble Gum - S\u00fc\u00dfe Geschmacksrichtung","description":"Klassischer Kaugummigeschmack trifft auf starkes Nikotin f\u00fcr ein k\u00fchnes, eisiges Erlebnis. Perfekt f\u00fcr erfahrene Benutzer. Versuchen Sie es jetzt!","robots":{"index":"index","follow":"follow","max-snippet":"max-snippet:-1","max-image-preview":"max-image-preview:large","max-video-preview":"max-video-preview:-1"},"canonical":"https:\/\/fedrs.eu\/de\/shop\/fedrs-ice-cool-strong-bubble-gum\/","og_locale":"de_DE","og_type":"article","og_title":"FEDRS Ice Cool Strong Bubble Gum","og_description":"Klassischer Kaugummigeschmack trifft auf starkes Nikotin f\u00fcr ein k\u00fchnes, eisiges Erlebnis. Perfekt f\u00fcr erfahrene Benutzer. Versuchen Sie es jetzt!","og_url":"https:\/\/fedrs.eu\/de\/shop\/fedrs-ice-cool-strong-bubble-gum\/","og_site_name":"fedrs.eu","article_modified_time":"2025-08-26T14:49:29+00:00","og_image":[{"width":1200,"height":1200,"url":"https:\/\/fedrs.eu\/wp-content\/uploads\/2025\/04\/S_BUBBLE_GUM_02.png","type":"image\/png"}],"twitter_card":"summary_large_image","twitter_misc":{"Verf\u00fcgbarkeit":"Auf Lager"},"schema":{"@context":"https:\/\/schema.org","@graph":[{"@type":"WebPage","@id":"https:\/\/fedrs.eu\/de\/shop\/fedrs-ice-cool-strong-bubble-gum\/","url":"https:\/\/fedrs.eu\/de\/shop\/fedrs-ice-cool-strong-bubble-gum\/","name":"FEDRS Ice Cool Strong Bubble Gum - S\u00fc\u00dfe Geschmacksrichtung","isPartOf":{"@id":"https:\/\/fedrs.eu\/de\/#website"},"datePublished":"2025-04-24T09:07:31+00:00","dateModified":"2025-08-26T14:49:29+00:00","description":"Klassischer Kaugummigeschmack trifft auf starkes Nikotin f\u00fcr ein k\u00fchnes, eisiges Erlebnis. Perfekt f\u00fcr erfahrene Benutzer. Versuchen Sie es jetzt!","breadcrumb":{"@id":"https:\/\/fedrs.eu\/de\/shop\/fedrs-ice-cool-strong-bubble-gum\/#breadcrumb"},"inLanguage":"de","potentialAction":[{"@type":"ReadAction","target":["https:\/\/fedrs.eu\/de\/shop\/fedrs-ice-cool-strong-bubble-gum\/"]}]},{"@type":"BreadcrumbList","@id":"https:\/\/fedrs.eu\/de\/shop\/fedrs-ice-cool-strong-bubble-gum\/#breadcrumb","itemListElement":[{"@type":"ListItem","position":1,"name":"Startseite","item":"https:\/\/fedrs.eu\/de\/"},{"@type":"ListItem","position":2,"name":"Shop","item":"https:\/\/fedrs.eu\/de\/shop\/"},{"@type":"ListItem","position":3,"name":"FEDRS Ice Cool Strong Bubble Gum"}]},{"@type":"WebSite","@id":"https:\/\/fedrs.eu\/de\/#website","url":"https:\/\/fedrs.eu\/de\/","name":"fedrs.eu","description":"","publisher":{"@id":"https:\/\/fedrs.eu\/de\/#organization"},"potentialAction":[{"@type":"SearchAction","target":{"@type":"EntryPoint","urlTemplate":"https:\/\/fedrs.eu\/de\/?s={search_term_string}"},"query-input":{"@type":"PropertyValueSpecification","valueRequired":true,"valueName":"search_term_string"}}],"inLanguage":"de"},{"@type":"Organization","@id":"https:\/\/fedrs.eu\/de\/#organization","name":"Fedrs sp.z o.o","url":"https:\/\/fedrs.eu\/de\/","logo":{"@type":"ImageObject","inLanguage":"de","@id":"https:\/\/fedrs.eu\/de\/#\/schema\/logo\/image\/","url":"https:\/\/fedrs.eu\/wp-content\/uploads\/2024\/12\/image-52.png","contentUrl":"https:\/\/fedrs.eu\/wp-content\/uploads\/2024\/12\/image-52.png","width":97,"height":30,"caption":"Fedrs sp.z o.o"},"image":{"@id":"https:\/\/fedrs.eu\/de\/#\/schema\/logo\/image\/"},"publishingPrinciples":"https:\/\/fedrs.eu\/terms-and-conditions\/"}]},"product_brand":"FEDRS Ice Cool","og_availability":"instock","product_availability":"instock","product_retailer_item_id":"04006-1-1-1-1-1-1","product_condition":"new"},"_links":{"self":[{"href":"https:\/\/fedrs.eu\/de\/wp-json\/wp\/v2\/product\/19927","targetHints":{"allow":["GET"]}}],"collection":[{"href":"https:\/\/fedrs.eu\/de\/wp-json\/wp\/v2\/product"}],"about":[{"href":"https:\/\/fedrs.eu\/de\/wp-json\/wp\/v2\/types\/product"}],"replies":[{"embeddable":true,"href":"https:\/\/fedrs.eu\/de\/wp-json\/wp\/v2\/comments?post=19927"}],"wp:attachment":[{"href":"https:\/\/fedrs.eu\/de\/wp-json\/wp\/v2\/media?parent=19927"}],"wp:term":[{"taxonomy":"product_brand","embeddable":true,"href":"https:\/\/fedrs.eu\/de\/wp-json\/wp\/v2\/product_brand?post=19927"},{"taxonomy":"product_cat","embeddable":true,"href":"https:\/\/fedrs.eu\/de\/wp-json\/wp\/v2\/product_cat?post=19927"},{"taxonomy":"product_tag","embeddable":true,"href":"https:\/\/fedrs.eu\/de\/wp-json\/wp\/v2\/product_tag?post=19927"}],"curies":[{"name":"wp","href":"https:\/\/api.w.org\/{rel}","templated":true}]}}