{"id":19890,"date":"2025-04-24T10:50:13","date_gmt":"2025-04-24T08:50:13","guid":{"rendered":"https:\/\/fedrs.eu\/?post_type=product&#038;p=19890"},"modified":"2025-08-26T16:50:40","modified_gmt":"2025-08-26T14:50:40","slug":"fedrs-ice-cool-strong-lime","status":"publish","type":"product","link":"https:\/\/fedrs.eu\/de\/shop\/fedrs-ice-cool-strong-lime\/","title":{"rendered":"FEDRS Ice Cool Strong Limette"},"content":{"rendered":"<p data-start=\"216\" data-end=\"467\"><strong data-start=\"216\" data-end=\"246\">FEDRS Ice Cool Strong Lime<\/strong> \u00fcberzeugt mit einem intensiven Zitrusgeschmack und einer hohen Nikotinst\u00e4rke. Die scharfe Limettenschale mischt sich mit einem kr\u00e4ftigen, eisigen Gef\u00fchl, perfekt f\u00fcr Konsumenten, die sich nach einem kr\u00e4ftigen Kick und anhaltender Frische sehnen. Ideal f\u00fcr erfahrene Konsumenten.  <\/p>\n<ul data-start=\"469\" data-end=\"603\">\n<li data-start=\"469\" data-end=\"513\">\n<p data-start=\"471\" data-end=\"513\">Geschmack: Intensive Limette mit k\u00fchlender Wirkung<\/p>\n<\/li>\n<li data-start=\"514\" data-end=\"534\">\n<p data-start=\"516\" data-end=\"534\">Nikotin: Stark<\/p>\n<\/li>\n<li data-start=\"535\" data-end=\"572\">\n<p data-start=\"537\" data-end=\"572\">F\u00fcr alle, die einen kr\u00e4ftigen Schlag lieben<\/p>\n<\/li>\n<li data-start=\"573\" data-end=\"603\">\n<p data-start=\"575\" data-end=\"603\">Scharf, frisch und anregend<\/p>\n<\/li>\n<\/ul>\n<p data-start=\"605\" data-end=\"653\"><strong data-start=\"605\" data-end=\"653\">Sp\u00fcren Sie das Einfrieren - kr\u00e4ftige Limette, extra stark.<\/strong><\/p>\n","protected":false},"excerpt":{"rendered":"<div class=\"descrip_p\">\n<div class=\"product-pstyle\"><\/div>\n<p>&nbsp;<\/p>\n<\/div>\n","protected":false},"featured_media":0,"comment_status":"open","ping_status":"closed","template":"","meta":{"googlesitekit_rrm_CAowmrG7DA:productID":""},"product_brand":[],"product_cat":[596,685,818,618],"product_tag":[],"class_list":{"0":"post-19890","1":"product","2":"type-product","3":"status-publish","5":"product_cat-40-mg-g-de","6":"product_cat-fedrs-ice-cool-de","7":"product_cat-nikotinbeutel","8":"product_cat-zitrusfruchte","10":"first","11":"instock","12":"taxable","13":"shipping-taxable","14":"product-type-variable","15":"has-default-attributes"},"yoast_head":"<!-- This site is optimized with the Yoast SEO Premium plugin v26.5 (Yoast SEO v27.3) - https:\/\/yoast.com\/product\/yoast-seo-premium-wordpress\/ -->\n<title>FEDRS Ice Cool Strong Lime - Limette Nikotinbeutel<\/title>\n<meta name=\"description\" content=\"Intensiver Limettengeschmack mit hoher Nikotinst\u00e4rke. Mutig, frisch und leistungsstark - f\u00fcr erfahrene Benutzer. Probieren Sie FEDRS Ice Cool Strong Lime noch heute!\" \/>\n<meta name=\"robots\" content=\"index, follow, max-snippet:-1, max-image-preview:large, max-video-preview:-1\" \/>\n<link rel=\"canonical\" href=\"https:\/\/fedrs.eu\/de\/shop\/fedrs-ice-cool-strong-lime\/\" \/>\n<meta property=\"og:locale\" content=\"de_DE\" \/>\n<meta property=\"og:type\" content=\"article\" \/>\n<meta property=\"og:title\" content=\"FEDRS Ice Cool Strong Limette\" \/>\n<meta property=\"og:description\" content=\"Intensiver Limettengeschmack mit hoher Nikotinst\u00e4rke. Mutig, frisch und leistungsstark - f\u00fcr erfahrene Benutzer. Probieren Sie FEDRS Ice Cool Strong Lime noch heute!\" \/>\n<meta property=\"og:url\" content=\"https:\/\/fedrs.eu\/de\/shop\/fedrs-ice-cool-strong-lime\/\" \/>\n<meta property=\"og:site_name\" content=\"fedrs.eu\" \/>\n<meta property=\"article:modified_time\" content=\"2025-08-26T14:50:40+00:00\" \/>\n<meta property=\"og:image\" content=\"https:\/\/fedrs.eu\/wp-content\/uploads\/2025\/04\/S_LIME_02.png\" \/>\n\t<meta property=\"og:image:width\" content=\"1200\" \/>\n\t<meta property=\"og:image:height\" content=\"1200\" \/>\n\t<meta property=\"og:image:type\" content=\"image\/png\" \/>\n<meta name=\"twitter:card\" content=\"summary_large_image\" \/>\n<meta name=\"twitter:label1\" content=\"Verf\u00fcgbarkeit\" \/>\n\t<meta name=\"twitter:data1\" content=\"Auf Lager\" \/>\n<script type=\"application\/ld+json\" class=\"yoast-schema-graph\">{\"@context\":\"https:\\\/\\\/schema.org\",\"@graph\":[{\"@type\":\"WebPage\",\"@id\":\"https:\\\/\\\/fedrs.eu\\\/de\\\/shop\\\/fedrs-ice-cool-strong-lime\\\/\",\"url\":\"https:\\\/\\\/fedrs.eu\\\/de\\\/shop\\\/fedrs-ice-cool-strong-lime\\\/\",\"name\":\"FEDRS Ice Cool Strong Lime - Limette Nikotinbeutel\",\"isPartOf\":{\"@id\":\"https:\\\/\\\/fedrs.eu\\\/de\\\/#website\"},\"datePublished\":\"2025-04-24T08:50:13+00:00\",\"dateModified\":\"2025-08-26T14:50:40+00:00\",\"description\":\"Intensiver Limettengeschmack mit hoher Nikotinst\u00e4rke. Mutig, frisch und leistungsstark - f\u00fcr erfahrene Benutzer. Probieren Sie FEDRS Ice Cool Strong Lime noch heute!\",\"breadcrumb\":{\"@id\":\"https:\\\/\\\/fedrs.eu\\\/de\\\/shop\\\/fedrs-ice-cool-strong-lime\\\/#breadcrumb\"},\"inLanguage\":\"de\",\"potentialAction\":[{\"@type\":\"ReadAction\",\"target\":[\"https:\\\/\\\/fedrs.eu\\\/de\\\/shop\\\/fedrs-ice-cool-strong-lime\\\/\"]}]},{\"@type\":\"BreadcrumbList\",\"@id\":\"https:\\\/\\\/fedrs.eu\\\/de\\\/shop\\\/fedrs-ice-cool-strong-lime\\\/#breadcrumb\",\"itemListElement\":[{\"@type\":\"ListItem\",\"position\":1,\"name\":\"Startseite\",\"item\":\"https:\\\/\\\/fedrs.eu\\\/de\\\/\"},{\"@type\":\"ListItem\",\"position\":2,\"name\":\"Shop\",\"item\":\"https:\\\/\\\/fedrs.eu\\\/de\\\/shop\\\/\"},{\"@type\":\"ListItem\",\"position\":3,\"name\":\"FEDRS Ice Cool Strong Limette\"}]},{\"@type\":\"WebSite\",\"@id\":\"https:\\\/\\\/fedrs.eu\\\/de\\\/#website\",\"url\":\"https:\\\/\\\/fedrs.eu\\\/de\\\/\",\"name\":\"fedrs.eu\",\"description\":\"\",\"publisher\":{\"@id\":\"https:\\\/\\\/fedrs.eu\\\/de\\\/#organization\"},\"potentialAction\":[{\"@type\":\"SearchAction\",\"target\":{\"@type\":\"EntryPoint\",\"urlTemplate\":\"https:\\\/\\\/fedrs.eu\\\/de\\\/?s={search_term_string}\"},\"query-input\":{\"@type\":\"PropertyValueSpecification\",\"valueRequired\":true,\"valueName\":\"search_term_string\"}}],\"inLanguage\":\"de\"},{\"@type\":\"Organization\",\"@id\":\"https:\\\/\\\/fedrs.eu\\\/de\\\/#organization\",\"name\":\"Fedrs sp.z o.o\",\"url\":\"https:\\\/\\\/fedrs.eu\\\/de\\\/\",\"logo\":{\"@type\":\"ImageObject\",\"inLanguage\":\"de\",\"@id\":\"https:\\\/\\\/fedrs.eu\\\/de\\\/#\\\/schema\\\/logo\\\/image\\\/\",\"url\":\"https:\\\/\\\/fedrs.eu\\\/wp-content\\\/uploads\\\/2024\\\/12\\\/image-52.png\",\"contentUrl\":\"https:\\\/\\\/fedrs.eu\\\/wp-content\\\/uploads\\\/2024\\\/12\\\/image-52.png\",\"width\":97,\"height\":30,\"caption\":\"Fedrs sp.z o.o\"},\"image\":{\"@id\":\"https:\\\/\\\/fedrs.eu\\\/de\\\/#\\\/schema\\\/logo\\\/image\\\/\"},\"publishingPrinciples\":\"https:\\\/\\\/fedrs.eu\\\/terms-and-conditions\\\/\"}]}<\/script>\n<meta property=\"product:brand\" content=\"FEDRS Ice Cool\" \/>\n<meta property=\"og:availability\" content=\"instock\" \/>\n<meta property=\"product:availability\" content=\"instock\" \/>\n<meta property=\"product:retailer_item_id\" content=\"04006-1-1-1-1-1\" \/>\n<meta property=\"product:condition\" content=\"new\" \/>\n<!-- \/ Yoast SEO Premium plugin. -->","yoast_head_json":{"title":"FEDRS Ice Cool Strong Lime - Limette Nikotinbeutel","description":"Intensiver Limettengeschmack mit hoher Nikotinst\u00e4rke. Mutig, frisch und leistungsstark - f\u00fcr erfahrene Benutzer. Probieren Sie FEDRS Ice Cool Strong Lime noch heute!","robots":{"index":"index","follow":"follow","max-snippet":"max-snippet:-1","max-image-preview":"max-image-preview:large","max-video-preview":"max-video-preview:-1"},"canonical":"https:\/\/fedrs.eu\/de\/shop\/fedrs-ice-cool-strong-lime\/","og_locale":"de_DE","og_type":"article","og_title":"FEDRS Ice Cool Strong Limette","og_description":"Intensiver Limettengeschmack mit hoher Nikotinst\u00e4rke. Mutig, frisch und leistungsstark - f\u00fcr erfahrene Benutzer. Probieren Sie FEDRS Ice Cool Strong Lime noch heute!","og_url":"https:\/\/fedrs.eu\/de\/shop\/fedrs-ice-cool-strong-lime\/","og_site_name":"fedrs.eu","article_modified_time":"2025-08-26T14:50:40+00:00","og_image":[{"width":1200,"height":1200,"url":"https:\/\/fedrs.eu\/wp-content\/uploads\/2025\/04\/S_LIME_02.png","type":"image\/png"}],"twitter_card":"summary_large_image","twitter_misc":{"Verf\u00fcgbarkeit":"Auf Lager"},"schema":{"@context":"https:\/\/schema.org","@graph":[{"@type":"WebPage","@id":"https:\/\/fedrs.eu\/de\/shop\/fedrs-ice-cool-strong-lime\/","url":"https:\/\/fedrs.eu\/de\/shop\/fedrs-ice-cool-strong-lime\/","name":"FEDRS Ice Cool Strong Lime - Limette Nikotinbeutel","isPartOf":{"@id":"https:\/\/fedrs.eu\/de\/#website"},"datePublished":"2025-04-24T08:50:13+00:00","dateModified":"2025-08-26T14:50:40+00:00","description":"Intensiver Limettengeschmack mit hoher Nikotinst\u00e4rke. Mutig, frisch und leistungsstark - f\u00fcr erfahrene Benutzer. Probieren Sie FEDRS Ice Cool Strong Lime noch heute!","breadcrumb":{"@id":"https:\/\/fedrs.eu\/de\/shop\/fedrs-ice-cool-strong-lime\/#breadcrumb"},"inLanguage":"de","potentialAction":[{"@type":"ReadAction","target":["https:\/\/fedrs.eu\/de\/shop\/fedrs-ice-cool-strong-lime\/"]}]},{"@type":"BreadcrumbList","@id":"https:\/\/fedrs.eu\/de\/shop\/fedrs-ice-cool-strong-lime\/#breadcrumb","itemListElement":[{"@type":"ListItem","position":1,"name":"Startseite","item":"https:\/\/fedrs.eu\/de\/"},{"@type":"ListItem","position":2,"name":"Shop","item":"https:\/\/fedrs.eu\/de\/shop\/"},{"@type":"ListItem","position":3,"name":"FEDRS Ice Cool Strong Limette"}]},{"@type":"WebSite","@id":"https:\/\/fedrs.eu\/de\/#website","url":"https:\/\/fedrs.eu\/de\/","name":"fedrs.eu","description":"","publisher":{"@id":"https:\/\/fedrs.eu\/de\/#organization"},"potentialAction":[{"@type":"SearchAction","target":{"@type":"EntryPoint","urlTemplate":"https:\/\/fedrs.eu\/de\/?s={search_term_string}"},"query-input":{"@type":"PropertyValueSpecification","valueRequired":true,"valueName":"search_term_string"}}],"inLanguage":"de"},{"@type":"Organization","@id":"https:\/\/fedrs.eu\/de\/#organization","name":"Fedrs sp.z o.o","url":"https:\/\/fedrs.eu\/de\/","logo":{"@type":"ImageObject","inLanguage":"de","@id":"https:\/\/fedrs.eu\/de\/#\/schema\/logo\/image\/","url":"https:\/\/fedrs.eu\/wp-content\/uploads\/2024\/12\/image-52.png","contentUrl":"https:\/\/fedrs.eu\/wp-content\/uploads\/2024\/12\/image-52.png","width":97,"height":30,"caption":"Fedrs sp.z o.o"},"image":{"@id":"https:\/\/fedrs.eu\/de\/#\/schema\/logo\/image\/"},"publishingPrinciples":"https:\/\/fedrs.eu\/terms-and-conditions\/"}]},"product_brand":"FEDRS Ice Cool","og_availability":"instock","product_availability":"instock","product_retailer_item_id":"04006-1-1-1-1-1","product_condition":"new"},"_links":{"self":[{"href":"https:\/\/fedrs.eu\/de\/wp-json\/wp\/v2\/product\/19890","targetHints":{"allow":["GET"]}}],"collection":[{"href":"https:\/\/fedrs.eu\/de\/wp-json\/wp\/v2\/product"}],"about":[{"href":"https:\/\/fedrs.eu\/de\/wp-json\/wp\/v2\/types\/product"}],"replies":[{"embeddable":true,"href":"https:\/\/fedrs.eu\/de\/wp-json\/wp\/v2\/comments?post=19890"}],"wp:attachment":[{"href":"https:\/\/fedrs.eu\/de\/wp-json\/wp\/v2\/media?parent=19890"}],"wp:term":[{"taxonomy":"product_brand","embeddable":true,"href":"https:\/\/fedrs.eu\/de\/wp-json\/wp\/v2\/product_brand?post=19890"},{"taxonomy":"product_cat","embeddable":true,"href":"https:\/\/fedrs.eu\/de\/wp-json\/wp\/v2\/product_cat?post=19890"},{"taxonomy":"product_tag","embeddable":true,"href":"https:\/\/fedrs.eu\/de\/wp-json\/wp\/v2\/product_tag?post=19890"}],"curies":[{"name":"wp","href":"https:\/\/api.w.org\/{rel}","templated":true}]}}