{"id":19858,"date":"2025-04-24T10:21:15","date_gmt":"2025-04-24T08:21:15","guid":{"rendered":"https:\/\/fedrs.eu\/?post_type=product&#038;p=19858"},"modified":"2025-08-26T16:50:36","modified_gmt":"2025-08-26T14:50:36","slug":"fedrs-ice-cool-medium-lime","status":"publish","type":"product","link":"https:\/\/fedrs.eu\/de\/shop\/fedrs-ice-cool-medium-lime\/","title":{"rendered":"FEDRS Ice Cool Medium Limette"},"content":{"rendered":"<p data-start=\"214\" data-end=\"454\"><strong data-start=\"214\" data-end=\"244\">FEDRS Ice Cool Medium Lime<\/strong> liefert einen kr\u00e4ftigen Zitrusgeschmack mit einem erfrischenden, eisigen Kick. Die perfekte Balance aus spritziger Limette und mittlerer Nikotinst\u00e4rke macht sie ideal f\u00fcr Konsumenten, die den ganzen Tag \u00fcber ein geschmackvolles und dennoch sanftes Erlebnis haben m\u00f6chten. <\/p>\n<ul data-start=\"456\" data-end=\"600\">\n<li data-start=\"456\" data-end=\"497\">\n<p data-start=\"458\" data-end=\"497\">Geschmack: Pikante Limette mit k\u00fchlem Abgang<\/p>\n<\/li>\n<li data-start=\"498\" data-end=\"527\">\n<p data-start=\"500\" data-end=\"527\">Nikotin: Mittlere St\u00e4rke<\/p>\n<\/li>\n<li data-start=\"528\" data-end=\"553\">\n<p data-start=\"530\" data-end=\"553\">Perfekt f\u00fcr den t\u00e4glichen Gebrauch<\/p>\n<\/li>\n<li data-start=\"554\" data-end=\"600\">\n<p data-start=\"556\" data-end=\"600\">Frisches, belebendes Gef\u00fchl mit jeder Packung<\/p>\n<\/li>\n<\/ul>\n<p data-start=\"602\" data-end=\"653\"><strong data-start=\"602\" data-end=\"653\">Schmecken Sie den Rausch der Zitrusfr\u00fcchte - knackig, sauber und k\u00fchl.<\/strong><\/p>\n","protected":false},"excerpt":{"rendered":"<div class=\"descrip_p\">\n<div class=\"product-pstyle\"><\/div>\n<p>&nbsp;<\/p>\n<\/div>\n","protected":false},"featured_media":0,"comment_status":"open","ping_status":"closed","template":"","meta":{"googlesitekit_rrm_CAowmrG7DA:productID":""},"product_brand":[],"product_cat":[686,685,629,818],"product_tag":[],"class_list":{"0":"post-19858","1":"product","2":"type-product","3":"status-publish","5":"product_cat-30-mg-g-de","6":"product_cat-fedrs-ice-cool-de","7":"product_cat-frucht-aroma","8":"product_cat-nikotinbeutel","10":"first","11":"outofstock","12":"taxable","13":"shipping-taxable","14":"product-type-variable","15":"has-default-attributes"},"yoast_head":"<!-- This site is optimized with the Yoast SEO Premium plugin v26.5 (Yoast SEO v27.3) - https:\/\/yoast.com\/product\/yoast-seo-premium-wordpress\/ -->\n<title>FEDRS Ice Cool Medium Lime - Nikotin-Beutel<\/title>\n<meta name=\"description\" content=\"Erleben Sie den kr\u00e4ftigen Limettengeschmack und die mittlere Nikotinst\u00e4rke in jedem Beutel. Frisch, knackig und ideal f\u00fcr den t\u00e4glichen Gebrauch. Probieren Sie FEDRS Ice Cool Medium Lime jetzt!\" \/>\n<meta name=\"robots\" content=\"index, follow, max-snippet:-1, max-image-preview:large, max-video-preview:-1\" \/>\n<link rel=\"canonical\" href=\"https:\/\/fedrs.eu\/de\/shop\/fedrs-ice-cool-medium-lime\/\" \/>\n<meta property=\"og:locale\" content=\"de_DE\" \/>\n<meta property=\"og:type\" content=\"article\" \/>\n<meta property=\"og:title\" content=\"FEDRS Ice Cool Medium Limette\" \/>\n<meta property=\"og:description\" content=\"Erleben Sie den kr\u00e4ftigen Limettengeschmack und die mittlere Nikotinst\u00e4rke in jedem Beutel. Frisch, knackig und ideal f\u00fcr den t\u00e4glichen Gebrauch. Probieren Sie FEDRS Ice Cool Medium Lime jetzt!\" \/>\n<meta property=\"og:url\" content=\"https:\/\/fedrs.eu\/de\/shop\/fedrs-ice-cool-medium-lime\/\" \/>\n<meta property=\"og:site_name\" content=\"fedrs.eu\" \/>\n<meta property=\"article:modified_time\" content=\"2025-08-26T14:50:36+00:00\" \/>\n<meta property=\"og:image\" content=\"https:\/\/fedrs.eu\/wp-content\/uploads\/2025\/04\/M_LIME_02.png\" \/>\n\t<meta property=\"og:image:width\" content=\"1200\" \/>\n\t<meta property=\"og:image:height\" content=\"1200\" \/>\n\t<meta property=\"og:image:type\" content=\"image\/png\" \/>\n<meta name=\"twitter:card\" content=\"summary_large_image\" \/>\n<meta name=\"twitter:label1\" content=\"Verf\u00fcgbarkeit\" \/>\n\t<meta name=\"twitter:data1\" content=\"ausverkauft\" \/>\n<script type=\"application\/ld+json\" class=\"yoast-schema-graph\">{\"@context\":\"https:\\\/\\\/schema.org\",\"@graph\":[{\"@type\":\"WebPage\",\"@id\":\"https:\\\/\\\/fedrs.eu\\\/de\\\/shop\\\/fedrs-ice-cool-medium-lime\\\/\",\"url\":\"https:\\\/\\\/fedrs.eu\\\/de\\\/shop\\\/fedrs-ice-cool-medium-lime\\\/\",\"name\":\"FEDRS Ice Cool Medium Lime - Nikotin-Beutel\",\"isPartOf\":{\"@id\":\"https:\\\/\\\/fedrs.eu\\\/de\\\/#website\"},\"datePublished\":\"2025-04-24T08:21:15+00:00\",\"dateModified\":\"2025-08-26T14:50:36+00:00\",\"description\":\"Erleben Sie den kr\u00e4ftigen Limettengeschmack und die mittlere Nikotinst\u00e4rke in jedem Beutel. Frisch, knackig und ideal f\u00fcr den t\u00e4glichen Gebrauch. Probieren Sie FEDRS Ice Cool Medium Lime jetzt!\",\"breadcrumb\":{\"@id\":\"https:\\\/\\\/fedrs.eu\\\/de\\\/shop\\\/fedrs-ice-cool-medium-lime\\\/#breadcrumb\"},\"inLanguage\":\"de\",\"potentialAction\":[{\"@type\":\"ReadAction\",\"target\":[\"https:\\\/\\\/fedrs.eu\\\/de\\\/shop\\\/fedrs-ice-cool-medium-lime\\\/\"]}]},{\"@type\":\"BreadcrumbList\",\"@id\":\"https:\\\/\\\/fedrs.eu\\\/de\\\/shop\\\/fedrs-ice-cool-medium-lime\\\/#breadcrumb\",\"itemListElement\":[{\"@type\":\"ListItem\",\"position\":1,\"name\":\"Startseite\",\"item\":\"https:\\\/\\\/fedrs.eu\\\/de\\\/\"},{\"@type\":\"ListItem\",\"position\":2,\"name\":\"Shop\",\"item\":\"https:\\\/\\\/fedrs.eu\\\/de\\\/shop\\\/\"},{\"@type\":\"ListItem\",\"position\":3,\"name\":\"FEDRS Ice Cool Medium Limette\"}]},{\"@type\":\"WebSite\",\"@id\":\"https:\\\/\\\/fedrs.eu\\\/de\\\/#website\",\"url\":\"https:\\\/\\\/fedrs.eu\\\/de\\\/\",\"name\":\"fedrs.eu\",\"description\":\"\",\"publisher\":{\"@id\":\"https:\\\/\\\/fedrs.eu\\\/de\\\/#organization\"},\"potentialAction\":[{\"@type\":\"SearchAction\",\"target\":{\"@type\":\"EntryPoint\",\"urlTemplate\":\"https:\\\/\\\/fedrs.eu\\\/de\\\/?s={search_term_string}\"},\"query-input\":{\"@type\":\"PropertyValueSpecification\",\"valueRequired\":true,\"valueName\":\"search_term_string\"}}],\"inLanguage\":\"de\"},{\"@type\":\"Organization\",\"@id\":\"https:\\\/\\\/fedrs.eu\\\/de\\\/#organization\",\"name\":\"Fedrs sp.z o.o\",\"url\":\"https:\\\/\\\/fedrs.eu\\\/de\\\/\",\"logo\":{\"@type\":\"ImageObject\",\"inLanguage\":\"de\",\"@id\":\"https:\\\/\\\/fedrs.eu\\\/de\\\/#\\\/schema\\\/logo\\\/image\\\/\",\"url\":\"https:\\\/\\\/fedrs.eu\\\/wp-content\\\/uploads\\\/2024\\\/12\\\/image-52.png\",\"contentUrl\":\"https:\\\/\\\/fedrs.eu\\\/wp-content\\\/uploads\\\/2024\\\/12\\\/image-52.png\",\"width\":97,\"height\":30,\"caption\":\"Fedrs sp.z o.o\"},\"image\":{\"@id\":\"https:\\\/\\\/fedrs.eu\\\/de\\\/#\\\/schema\\\/logo\\\/image\\\/\"},\"publishingPrinciples\":\"https:\\\/\\\/fedrs.eu\\\/terms-and-conditions\\\/\"}]}<\/script>\n<meta property=\"product:brand\" content=\"FEDRS Ice Cool\" \/>\n<meta property=\"og:availability\" content=\"out of stock\" \/>\n<meta property=\"product:availability\" content=\"out of stock\" \/>\n<meta property=\"product:retailer_item_id\" content=\"04006-1-1-1-1\" \/>\n<meta property=\"product:condition\" content=\"new\" \/>\n<!-- \/ Yoast SEO Premium plugin. -->","yoast_head_json":{"title":"FEDRS Ice Cool Medium Lime - Nikotin-Beutel","description":"Erleben Sie den kr\u00e4ftigen Limettengeschmack und die mittlere Nikotinst\u00e4rke in jedem Beutel. Frisch, knackig und ideal f\u00fcr den t\u00e4glichen Gebrauch. Probieren Sie FEDRS Ice Cool Medium Lime jetzt!","robots":{"index":"index","follow":"follow","max-snippet":"max-snippet:-1","max-image-preview":"max-image-preview:large","max-video-preview":"max-video-preview:-1"},"canonical":"https:\/\/fedrs.eu\/de\/shop\/fedrs-ice-cool-medium-lime\/","og_locale":"de_DE","og_type":"article","og_title":"FEDRS Ice Cool Medium Limette","og_description":"Erleben Sie den kr\u00e4ftigen Limettengeschmack und die mittlere Nikotinst\u00e4rke in jedem Beutel. Frisch, knackig und ideal f\u00fcr den t\u00e4glichen Gebrauch. Probieren Sie FEDRS Ice Cool Medium Lime jetzt!","og_url":"https:\/\/fedrs.eu\/de\/shop\/fedrs-ice-cool-medium-lime\/","og_site_name":"fedrs.eu","article_modified_time":"2025-08-26T14:50:36+00:00","og_image":[{"width":1200,"height":1200,"url":"https:\/\/fedrs.eu\/wp-content\/uploads\/2025\/04\/M_LIME_02.png","type":"image\/png"}],"twitter_card":"summary_large_image","twitter_misc":{"Verf\u00fcgbarkeit":"ausverkauft"},"schema":{"@context":"https:\/\/schema.org","@graph":[{"@type":"WebPage","@id":"https:\/\/fedrs.eu\/de\/shop\/fedrs-ice-cool-medium-lime\/","url":"https:\/\/fedrs.eu\/de\/shop\/fedrs-ice-cool-medium-lime\/","name":"FEDRS Ice Cool Medium Lime - Nikotin-Beutel","isPartOf":{"@id":"https:\/\/fedrs.eu\/de\/#website"},"datePublished":"2025-04-24T08:21:15+00:00","dateModified":"2025-08-26T14:50:36+00:00","description":"Erleben Sie den kr\u00e4ftigen Limettengeschmack und die mittlere Nikotinst\u00e4rke in jedem Beutel. Frisch, knackig und ideal f\u00fcr den t\u00e4glichen Gebrauch. Probieren Sie FEDRS Ice Cool Medium Lime jetzt!","breadcrumb":{"@id":"https:\/\/fedrs.eu\/de\/shop\/fedrs-ice-cool-medium-lime\/#breadcrumb"},"inLanguage":"de","potentialAction":[{"@type":"ReadAction","target":["https:\/\/fedrs.eu\/de\/shop\/fedrs-ice-cool-medium-lime\/"]}]},{"@type":"BreadcrumbList","@id":"https:\/\/fedrs.eu\/de\/shop\/fedrs-ice-cool-medium-lime\/#breadcrumb","itemListElement":[{"@type":"ListItem","position":1,"name":"Startseite","item":"https:\/\/fedrs.eu\/de\/"},{"@type":"ListItem","position":2,"name":"Shop","item":"https:\/\/fedrs.eu\/de\/shop\/"},{"@type":"ListItem","position":3,"name":"FEDRS Ice Cool Medium Limette"}]},{"@type":"WebSite","@id":"https:\/\/fedrs.eu\/de\/#website","url":"https:\/\/fedrs.eu\/de\/","name":"fedrs.eu","description":"","publisher":{"@id":"https:\/\/fedrs.eu\/de\/#organization"},"potentialAction":[{"@type":"SearchAction","target":{"@type":"EntryPoint","urlTemplate":"https:\/\/fedrs.eu\/de\/?s={search_term_string}"},"query-input":{"@type":"PropertyValueSpecification","valueRequired":true,"valueName":"search_term_string"}}],"inLanguage":"de"},{"@type":"Organization","@id":"https:\/\/fedrs.eu\/de\/#organization","name":"Fedrs sp.z o.o","url":"https:\/\/fedrs.eu\/de\/","logo":{"@type":"ImageObject","inLanguage":"de","@id":"https:\/\/fedrs.eu\/de\/#\/schema\/logo\/image\/","url":"https:\/\/fedrs.eu\/wp-content\/uploads\/2024\/12\/image-52.png","contentUrl":"https:\/\/fedrs.eu\/wp-content\/uploads\/2024\/12\/image-52.png","width":97,"height":30,"caption":"Fedrs sp.z o.o"},"image":{"@id":"https:\/\/fedrs.eu\/de\/#\/schema\/logo\/image\/"},"publishingPrinciples":"https:\/\/fedrs.eu\/terms-and-conditions\/"}]},"product_brand":"FEDRS Ice Cool","og_availability":"out of stock","product_availability":"out of stock","product_retailer_item_id":"04006-1-1-1-1","product_condition":"new"},"_links":{"self":[{"href":"https:\/\/fedrs.eu\/de\/wp-json\/wp\/v2\/product\/19858","targetHints":{"allow":["GET"]}}],"collection":[{"href":"https:\/\/fedrs.eu\/de\/wp-json\/wp\/v2\/product"}],"about":[{"href":"https:\/\/fedrs.eu\/de\/wp-json\/wp\/v2\/types\/product"}],"replies":[{"embeddable":true,"href":"https:\/\/fedrs.eu\/de\/wp-json\/wp\/v2\/comments?post=19858"}],"wp:attachment":[{"href":"https:\/\/fedrs.eu\/de\/wp-json\/wp\/v2\/media?parent=19858"}],"wp:term":[{"taxonomy":"product_brand","embeddable":true,"href":"https:\/\/fedrs.eu\/de\/wp-json\/wp\/v2\/product_brand?post=19858"},{"taxonomy":"product_cat","embeddable":true,"href":"https:\/\/fedrs.eu\/de\/wp-json\/wp\/v2\/product_cat?post=19858"},{"taxonomy":"product_tag","embeddable":true,"href":"https:\/\/fedrs.eu\/de\/wp-json\/wp\/v2\/product_tag?post=19858"}],"curies":[{"name":"wp","href":"https:\/\/api.w.org\/{rel}","templated":true}]}}