{"id":19782,"date":"2025-04-23T14:44:24","date_gmt":"2025-04-23T12:44:24","guid":{"rendered":"https:\/\/fedrs.eu\/?post_type=product&#038;p=19782"},"modified":"2025-08-26T17:01:03","modified_gmt":"2025-08-26T15:01:03","slug":"fedrs-ice-cool-light-bubble-gum","status":"publish","type":"product","link":"https:\/\/fedrs.eu\/de\/shop\/fedrs-ice-cool-light-bubble-gum\/","title":{"rendered":"FEDRS Ice Cool Light Kaugummi"},"content":{"rendered":"<p data-start=\"142\" data-end=\"403\">FEDRS Ice Cool Light Bubble Gum bietet einen nostalgischen, s\u00fc\u00dfen Kaugummigeschmack, gemischt mit einem erfrischenden Minzgeschmack und einem sanften, leichten Nikotinschub. Sie wurde f\u00fcr diejenigen entwickelt, die verspielte Aromen ohne \u00fcberw\u00e4ltigende Intensit\u00e4t m\u00f6gen und ist ideal f\u00fcr den gelegentlichen und ganzt\u00e4gigen Gebrauch. <\/p>\n<ul data-start=\"405\" data-end=\"521\">\n<li data-start=\"405\" data-end=\"450\">\n<p data-start=\"407\" data-end=\"450\">S\u00fc\u00dfer Kaugummigeschmack mit Minzgeschmack<\/p>\n<\/li>\n<li data-start=\"451\" data-end=\"489\">\n<p data-start=\"453\" data-end=\"489\">Leichte und sanfte Nikotinabgabe<\/p>\n<\/li>\n<li data-start=\"490\" data-end=\"521\">\n<p data-start=\"492\" data-end=\"521\">Perfekt f\u00fcr den t\u00e4glichen Genuss<\/p>\n<\/li>\n<\/ul>\n<p data-start=\"523\" data-end=\"581\">Kaufen Sie jetzt und erleben Sie den frischen, lustigen Geschmack Ihrer Kindheit wieder!<\/p>\n","protected":false},"excerpt":{"rendered":"<div class=\"descrip_p\">\n<div class=\"product-pstyle\"><\/div>\n<p>&nbsp;<\/p>\n<\/div>\n","protected":false},"featured_media":0,"comment_status":"open","ping_status":"closed","template":"","meta":{"googlesitekit_rrm_CAowmrG7DA:productID":""},"product_brand":[],"product_cat":[645,685,629,818],"product_tag":[],"class_list":{"0":"post-19782","1":"product","2":"type-product","3":"status-publish","5":"product_cat-20-mg-g-de","6":"product_cat-fedrs-ice-cool-de","7":"product_cat-frucht-aroma","8":"product_cat-nikotinbeutel","10":"first","11":"instock","12":"taxable","13":"shipping-taxable","14":"product-type-variable","15":"has-default-attributes"},"yoast_head":"<!-- This site is optimized with the Yoast SEO Premium plugin v26.5 (Yoast SEO v27.3) - https:\/\/yoast.com\/product\/yoast-seo-premium-wordpress\/ -->\n<title>FEDRS Ice Cool Light Kaugummi<\/title>\n<meta name=\"description\" content=\"Liefert einen s\u00fc\u00dfen Kaugummigeschmack mit einem k\u00fchlen Minzgeschmack und einem leichten Nikotinsto\u00df. Perfekt f\u00fcr den t\u00e4glichen Gebrauch. Kaufen Sie jetzt und genie\u00dfen Sie die nostalgische Frische!\" \/>\n<meta name=\"robots\" content=\"index, follow, max-snippet:-1, max-image-preview:large, max-video-preview:-1\" \/>\n<link rel=\"canonical\" href=\"https:\/\/fedrs.eu\/de\/shop\/fedrs-ice-cool-light-bubble-gum\/\" \/>\n<meta property=\"og:locale\" content=\"de_DE\" \/>\n<meta property=\"og:type\" content=\"article\" \/>\n<meta property=\"og:title\" content=\"FEDRS Ice Cool Light Kaugummi\" \/>\n<meta property=\"og:description\" content=\"Liefert einen s\u00fc\u00dfen Kaugummigeschmack mit einem k\u00fchlen Minzgeschmack und einem leichten Nikotinsto\u00df. Perfekt f\u00fcr den t\u00e4glichen Gebrauch. Kaufen Sie jetzt und genie\u00dfen Sie die nostalgische Frische!\" \/>\n<meta property=\"og:url\" content=\"https:\/\/fedrs.eu\/de\/shop\/fedrs-ice-cool-light-bubble-gum\/\" \/>\n<meta property=\"og:site_name\" content=\"fedrs.eu\" \/>\n<meta property=\"article:modified_time\" content=\"2025-08-26T15:01:03+00:00\" \/>\n<meta property=\"og:image\" content=\"https:\/\/fedrs.eu\/wp-content\/uploads\/2025\/04\/L_BUBBLE_GUM_02-1.png\" \/>\n\t<meta property=\"og:image:width\" content=\"1200\" \/>\n\t<meta property=\"og:image:height\" content=\"1200\" \/>\n\t<meta property=\"og:image:type\" content=\"image\/png\" \/>\n<meta name=\"twitter:card\" content=\"summary_large_image\" \/>\n<meta name=\"twitter:label1\" content=\"Verf\u00fcgbarkeit\" \/>\n\t<meta name=\"twitter:data1\" content=\"Auf Lager\" \/>\n<script type=\"application\/ld+json\" class=\"yoast-schema-graph\">{\"@context\":\"https:\\\/\\\/schema.org\",\"@graph\":[{\"@type\":\"WebPage\",\"@id\":\"https:\\\/\\\/fedrs.eu\\\/de\\\/shop\\\/fedrs-ice-cool-light-bubble-gum\\\/\",\"url\":\"https:\\\/\\\/fedrs.eu\\\/de\\\/shop\\\/fedrs-ice-cool-light-bubble-gum\\\/\",\"name\":\"FEDRS Ice Cool Light Kaugummi\",\"isPartOf\":{\"@id\":\"https:\\\/\\\/fedrs.eu\\\/de\\\/#website\"},\"datePublished\":\"2025-04-23T12:44:24+00:00\",\"dateModified\":\"2025-08-26T15:01:03+00:00\",\"description\":\"Liefert einen s\u00fc\u00dfen Kaugummigeschmack mit einem k\u00fchlen Minzgeschmack und einem leichten Nikotinsto\u00df. Perfekt f\u00fcr den t\u00e4glichen Gebrauch. Kaufen Sie jetzt und genie\u00dfen Sie die nostalgische Frische!\",\"breadcrumb\":{\"@id\":\"https:\\\/\\\/fedrs.eu\\\/de\\\/shop\\\/fedrs-ice-cool-light-bubble-gum\\\/#breadcrumb\"},\"inLanguage\":\"de\",\"potentialAction\":[{\"@type\":\"ReadAction\",\"target\":[\"https:\\\/\\\/fedrs.eu\\\/de\\\/shop\\\/fedrs-ice-cool-light-bubble-gum\\\/\"]}]},{\"@type\":\"BreadcrumbList\",\"@id\":\"https:\\\/\\\/fedrs.eu\\\/de\\\/shop\\\/fedrs-ice-cool-light-bubble-gum\\\/#breadcrumb\",\"itemListElement\":[{\"@type\":\"ListItem\",\"position\":1,\"name\":\"Startseite\",\"item\":\"https:\\\/\\\/fedrs.eu\\\/de\\\/\"},{\"@type\":\"ListItem\",\"position\":2,\"name\":\"Shop\",\"item\":\"https:\\\/\\\/fedrs.eu\\\/de\\\/shop\\\/\"},{\"@type\":\"ListItem\",\"position\":3,\"name\":\"FEDRS Ice Cool Light Kaugummi\"}]},{\"@type\":\"WebSite\",\"@id\":\"https:\\\/\\\/fedrs.eu\\\/de\\\/#website\",\"url\":\"https:\\\/\\\/fedrs.eu\\\/de\\\/\",\"name\":\"fedrs.eu\",\"description\":\"\",\"publisher\":{\"@id\":\"https:\\\/\\\/fedrs.eu\\\/de\\\/#organization\"},\"potentialAction\":[{\"@type\":\"SearchAction\",\"target\":{\"@type\":\"EntryPoint\",\"urlTemplate\":\"https:\\\/\\\/fedrs.eu\\\/de\\\/?s={search_term_string}\"},\"query-input\":{\"@type\":\"PropertyValueSpecification\",\"valueRequired\":true,\"valueName\":\"search_term_string\"}}],\"inLanguage\":\"de\"},{\"@type\":\"Organization\",\"@id\":\"https:\\\/\\\/fedrs.eu\\\/de\\\/#organization\",\"name\":\"Fedrs sp.z o.o\",\"url\":\"https:\\\/\\\/fedrs.eu\\\/de\\\/\",\"logo\":{\"@type\":\"ImageObject\",\"inLanguage\":\"de\",\"@id\":\"https:\\\/\\\/fedrs.eu\\\/de\\\/#\\\/schema\\\/logo\\\/image\\\/\",\"url\":\"https:\\\/\\\/fedrs.eu\\\/wp-content\\\/uploads\\\/2024\\\/12\\\/image-52.png\",\"contentUrl\":\"https:\\\/\\\/fedrs.eu\\\/wp-content\\\/uploads\\\/2024\\\/12\\\/image-52.png\",\"width\":97,\"height\":30,\"caption\":\"Fedrs sp.z o.o\"},\"image\":{\"@id\":\"https:\\\/\\\/fedrs.eu\\\/de\\\/#\\\/schema\\\/logo\\\/image\\\/\"},\"publishingPrinciples\":\"https:\\\/\\\/fedrs.eu\\\/terms-and-conditions\\\/\"}]}<\/script>\n<meta property=\"product:brand\" content=\"FEDRS Ice Cool\" \/>\n<meta property=\"og:availability\" content=\"instock\" \/>\n<meta property=\"product:availability\" content=\"instock\" \/>\n<meta property=\"product:retailer_item_id\" content=\"04006-1-1\" \/>\n<meta property=\"product:condition\" content=\"new\" \/>\n<!-- \/ Yoast SEO Premium plugin. -->","yoast_head_json":{"title":"FEDRS Ice Cool Light Kaugummi","description":"Liefert einen s\u00fc\u00dfen Kaugummigeschmack mit einem k\u00fchlen Minzgeschmack und einem leichten Nikotinsto\u00df. Perfekt f\u00fcr den t\u00e4glichen Gebrauch. Kaufen Sie jetzt und genie\u00dfen Sie die nostalgische Frische!","robots":{"index":"index","follow":"follow","max-snippet":"max-snippet:-1","max-image-preview":"max-image-preview:large","max-video-preview":"max-video-preview:-1"},"canonical":"https:\/\/fedrs.eu\/de\/shop\/fedrs-ice-cool-light-bubble-gum\/","og_locale":"de_DE","og_type":"article","og_title":"FEDRS Ice Cool Light Kaugummi","og_description":"Liefert einen s\u00fc\u00dfen Kaugummigeschmack mit einem k\u00fchlen Minzgeschmack und einem leichten Nikotinsto\u00df. Perfekt f\u00fcr den t\u00e4glichen Gebrauch. Kaufen Sie jetzt und genie\u00dfen Sie die nostalgische Frische!","og_url":"https:\/\/fedrs.eu\/de\/shop\/fedrs-ice-cool-light-bubble-gum\/","og_site_name":"fedrs.eu","article_modified_time":"2025-08-26T15:01:03+00:00","og_image":[{"width":1200,"height":1200,"url":"https:\/\/fedrs.eu\/wp-content\/uploads\/2025\/04\/L_BUBBLE_GUM_02-1.png","type":"image\/png"}],"twitter_card":"summary_large_image","twitter_misc":{"Verf\u00fcgbarkeit":"Auf Lager"},"schema":{"@context":"https:\/\/schema.org","@graph":[{"@type":"WebPage","@id":"https:\/\/fedrs.eu\/de\/shop\/fedrs-ice-cool-light-bubble-gum\/","url":"https:\/\/fedrs.eu\/de\/shop\/fedrs-ice-cool-light-bubble-gum\/","name":"FEDRS Ice Cool Light Kaugummi","isPartOf":{"@id":"https:\/\/fedrs.eu\/de\/#website"},"datePublished":"2025-04-23T12:44:24+00:00","dateModified":"2025-08-26T15:01:03+00:00","description":"Liefert einen s\u00fc\u00dfen Kaugummigeschmack mit einem k\u00fchlen Minzgeschmack und einem leichten Nikotinsto\u00df. Perfekt f\u00fcr den t\u00e4glichen Gebrauch. Kaufen Sie jetzt und genie\u00dfen Sie die nostalgische Frische!","breadcrumb":{"@id":"https:\/\/fedrs.eu\/de\/shop\/fedrs-ice-cool-light-bubble-gum\/#breadcrumb"},"inLanguage":"de","potentialAction":[{"@type":"ReadAction","target":["https:\/\/fedrs.eu\/de\/shop\/fedrs-ice-cool-light-bubble-gum\/"]}]},{"@type":"BreadcrumbList","@id":"https:\/\/fedrs.eu\/de\/shop\/fedrs-ice-cool-light-bubble-gum\/#breadcrumb","itemListElement":[{"@type":"ListItem","position":1,"name":"Startseite","item":"https:\/\/fedrs.eu\/de\/"},{"@type":"ListItem","position":2,"name":"Shop","item":"https:\/\/fedrs.eu\/de\/shop\/"},{"@type":"ListItem","position":3,"name":"FEDRS Ice Cool Light Kaugummi"}]},{"@type":"WebSite","@id":"https:\/\/fedrs.eu\/de\/#website","url":"https:\/\/fedrs.eu\/de\/","name":"fedrs.eu","description":"","publisher":{"@id":"https:\/\/fedrs.eu\/de\/#organization"},"potentialAction":[{"@type":"SearchAction","target":{"@type":"EntryPoint","urlTemplate":"https:\/\/fedrs.eu\/de\/?s={search_term_string}"},"query-input":{"@type":"PropertyValueSpecification","valueRequired":true,"valueName":"search_term_string"}}],"inLanguage":"de"},{"@type":"Organization","@id":"https:\/\/fedrs.eu\/de\/#organization","name":"Fedrs sp.z o.o","url":"https:\/\/fedrs.eu\/de\/","logo":{"@type":"ImageObject","inLanguage":"de","@id":"https:\/\/fedrs.eu\/de\/#\/schema\/logo\/image\/","url":"https:\/\/fedrs.eu\/wp-content\/uploads\/2024\/12\/image-52.png","contentUrl":"https:\/\/fedrs.eu\/wp-content\/uploads\/2024\/12\/image-52.png","width":97,"height":30,"caption":"Fedrs sp.z o.o"},"image":{"@id":"https:\/\/fedrs.eu\/de\/#\/schema\/logo\/image\/"},"publishingPrinciples":"https:\/\/fedrs.eu\/terms-and-conditions\/"}]},"product_brand":"FEDRS Ice Cool","og_availability":"instock","product_availability":"instock","product_retailer_item_id":"04006-1-1","product_condition":"new"},"_links":{"self":[{"href":"https:\/\/fedrs.eu\/de\/wp-json\/wp\/v2\/product\/19782","targetHints":{"allow":["GET"]}}],"collection":[{"href":"https:\/\/fedrs.eu\/de\/wp-json\/wp\/v2\/product"}],"about":[{"href":"https:\/\/fedrs.eu\/de\/wp-json\/wp\/v2\/types\/product"}],"replies":[{"embeddable":true,"href":"https:\/\/fedrs.eu\/de\/wp-json\/wp\/v2\/comments?post=19782"}],"wp:attachment":[{"href":"https:\/\/fedrs.eu\/de\/wp-json\/wp\/v2\/media?parent=19782"}],"wp:term":[{"taxonomy":"product_brand","embeddable":true,"href":"https:\/\/fedrs.eu\/de\/wp-json\/wp\/v2\/product_brand?post=19782"},{"taxonomy":"product_cat","embeddable":true,"href":"https:\/\/fedrs.eu\/de\/wp-json\/wp\/v2\/product_cat?post=19782"},{"taxonomy":"product_tag","embeddable":true,"href":"https:\/\/fedrs.eu\/de\/wp-json\/wp\/v2\/product_tag?post=19782"}],"curies":[{"name":"wp","href":"https:\/\/api.w.org\/{rel}","templated":true}]}}