{"id":19747,"date":"2025-04-23T13:11:00","date_gmt":"2025-04-23T11:11:00","guid":{"rendered":"https:\/\/fedrs.eu\/?post_type=product&#038;p=19747"},"modified":"2025-10-01T10:17:52","modified_gmt":"2025-10-01T08:17:52","slug":"fedrs-ice-cool-light-lime","status":"publish","type":"product","link":"https:\/\/fedrs.eu\/de\/shop\/fedrs-ice-cool-light-lime\/","title":{"rendered":"FEDRS Ice Cool Light Limette"},"content":{"rendered":"<p data-start=\"209\" data-end=\"488\"><g id=\"gid_0\">FEDRS Ice Cool Light Lime<\/g> bietet ein knackiges und erfrischendes Zitruserlebnis mit einem sanfteren Nikotinhub.<br data-start=\"316\" data-end=\"319\">F\u00fcr diejenigen, die den kr\u00e4ftigen Geschmack von Limetten lieben, aber eine geringere St\u00e4rke bevorzugen, bietet dieser Beutel eine ausgewogene Mischung aus Geschmack und K\u00fchle - ohne \u00fcberw\u00e4ltigende Intensit\u00e4t.<\/p>\n<ul data-start=\"490\" data-end=\"596\">\n<li data-start=\"490\" data-end=\"522\">\n<p data-start=\"492\" data-end=\"522\">Leichter, erfrischender Limettengeschmack<\/p>\n<\/li>\n<li data-start=\"523\" data-end=\"562\">\n<p data-start=\"525\" data-end=\"562\">Sanfte und gleichm\u00e4\u00dfige Nikotinabgabe<\/p>\n<\/li>\n<li data-start=\"563\" data-end=\"596\">\n<p data-start=\"565\" data-end=\"596\">Ideal f\u00fcr den gelegentlichen oder ganzt\u00e4gigen Gebrauch<\/p>\n<\/li>\n<\/ul>\n<p data-start=\"598\" data-end=\"668\">Erleben Sie die k\u00fchle Seite der Zitrusfr\u00fcchte - <strong data-start=\"635\" data-end=\"667\">leicht, frisch und anregend<\/strong><\/p>\n","protected":false},"excerpt":{"rendered":"<div class=\"descrip_p\">\n<div class=\"product-pstyle\"><\/div>\n<p>Tiefes Minzaroma, sanfte St\u00e4rke<\/p>\n<\/div>\n","protected":false},"featured_media":0,"comment_status":"open","ping_status":"closed","template":"","meta":{"googlesitekit_rrm_CAowmrG7DA:productID":""},"product_brand":[],"product_cat":[645,685,818,618],"product_tag":[],"class_list":{"0":"post-19747","1":"product","2":"type-product","3":"status-publish","5":"product_cat-20-mg-g-de","6":"product_cat-fedrs-ice-cool-de","7":"product_cat-nikotinbeutel","8":"product_cat-zitrusfruchte","10":"first","11":"instock","12":"taxable","13":"shipping-taxable","14":"product-type-variable","15":"has-default-attributes"},"yoast_head":"<!-- This site is optimized with the Yoast SEO Premium plugin v26.5 (Yoast SEO v27.3) - https:\/\/yoast.com\/product\/yoast-seo-premium-wordpress\/ -->\n<title>FEDRS Ice Cool Light Lime - Sanfte Zitrusfrische<\/title>\n<meta name=\"description\" content=\"Genie\u00dfen Sie den Geschmack von frischen Limetten. FEDRS Ice Cool Light Lime ist perfekt f\u00fcr Zitrusliebhaber, die ein sanftes und erfrischendes Erlebnis w\u00fcnschen\" \/>\n<meta name=\"robots\" content=\"index, follow, max-snippet:-1, max-image-preview:large, max-video-preview:-1\" \/>\n<link rel=\"canonical\" href=\"https:\/\/fedrs.eu\/de\/shop\/fedrs-ice-cool-light-lime\/\" \/>\n<meta property=\"og:locale\" content=\"de_DE\" \/>\n<meta property=\"og:type\" content=\"article\" \/>\n<meta property=\"og:title\" content=\"FEDRS Ice Cool Light Limette\" \/>\n<meta property=\"og:description\" content=\"Genie\u00dfen Sie den Geschmack von frischen Limetten. FEDRS Ice Cool Light Lime ist perfekt f\u00fcr Zitrusliebhaber, die ein sanftes und erfrischendes Erlebnis w\u00fcnschen\" \/>\n<meta property=\"og:url\" content=\"https:\/\/fedrs.eu\/de\/shop\/fedrs-ice-cool-light-lime\/\" \/>\n<meta property=\"og:site_name\" content=\"fedrs.eu\" \/>\n<meta property=\"article:modified_time\" content=\"2025-10-01T08:17:52+00:00\" \/>\n<meta property=\"og:image\" content=\"https:\/\/fedrs.eu\/wp-content\/uploads\/2025\/04\/L_LIME_02.png\" \/>\n\t<meta property=\"og:image:width\" content=\"1200\" \/>\n\t<meta property=\"og:image:height\" content=\"1200\" \/>\n\t<meta property=\"og:image:type\" content=\"image\/png\" \/>\n<meta name=\"twitter:card\" content=\"summary_large_image\" \/>\n<meta name=\"twitter:label1\" content=\"Verf\u00fcgbarkeit\" \/>\n\t<meta name=\"twitter:data1\" content=\"Auf Lager\" \/>\n<script type=\"application\/ld+json\" class=\"yoast-schema-graph\">{\"@context\":\"https:\\\/\\\/schema.org\",\"@graph\":[{\"@type\":\"WebPage\",\"@id\":\"https:\\\/\\\/fedrs.eu\\\/de\\\/shop\\\/fedrs-ice-cool-light-lime\\\/\",\"url\":\"https:\\\/\\\/fedrs.eu\\\/de\\\/shop\\\/fedrs-ice-cool-light-lime\\\/\",\"name\":\"FEDRS Ice Cool Light Lime - Sanfte Zitrusfrische\",\"isPartOf\":{\"@id\":\"https:\\\/\\\/fedrs.eu\\\/de\\\/#website\"},\"datePublished\":\"2025-04-23T11:11:00+00:00\",\"dateModified\":\"2025-10-01T08:17:52+00:00\",\"description\":\"Genie\u00dfen Sie den Geschmack von frischen Limetten. FEDRS Ice Cool Light Lime ist perfekt f\u00fcr Zitrusliebhaber, die ein sanftes und erfrischendes Erlebnis w\u00fcnschen\",\"breadcrumb\":{\"@id\":\"https:\\\/\\\/fedrs.eu\\\/de\\\/shop\\\/fedrs-ice-cool-light-lime\\\/#breadcrumb\"},\"inLanguage\":\"de\",\"potentialAction\":[{\"@type\":\"ReadAction\",\"target\":[\"https:\\\/\\\/fedrs.eu\\\/de\\\/shop\\\/fedrs-ice-cool-light-lime\\\/\"]}]},{\"@type\":\"BreadcrumbList\",\"@id\":\"https:\\\/\\\/fedrs.eu\\\/de\\\/shop\\\/fedrs-ice-cool-light-lime\\\/#breadcrumb\",\"itemListElement\":[{\"@type\":\"ListItem\",\"position\":1,\"name\":\"Startseite\",\"item\":\"https:\\\/\\\/fedrs.eu\\\/de\\\/\"},{\"@type\":\"ListItem\",\"position\":2,\"name\":\"Shop\",\"item\":\"https:\\\/\\\/fedrs.eu\\\/de\\\/shop\\\/\"},{\"@type\":\"ListItem\",\"position\":3,\"name\":\"FEDRS Ice Cool Light Limette\"}]},{\"@type\":\"WebSite\",\"@id\":\"https:\\\/\\\/fedrs.eu\\\/de\\\/#website\",\"url\":\"https:\\\/\\\/fedrs.eu\\\/de\\\/\",\"name\":\"fedrs.eu\",\"description\":\"\",\"publisher\":{\"@id\":\"https:\\\/\\\/fedrs.eu\\\/de\\\/#organization\"},\"potentialAction\":[{\"@type\":\"SearchAction\",\"target\":{\"@type\":\"EntryPoint\",\"urlTemplate\":\"https:\\\/\\\/fedrs.eu\\\/de\\\/?s={search_term_string}\"},\"query-input\":{\"@type\":\"PropertyValueSpecification\",\"valueRequired\":true,\"valueName\":\"search_term_string\"}}],\"inLanguage\":\"de\"},{\"@type\":\"Organization\",\"@id\":\"https:\\\/\\\/fedrs.eu\\\/de\\\/#organization\",\"name\":\"Fedrs sp.z o.o\",\"url\":\"https:\\\/\\\/fedrs.eu\\\/de\\\/\",\"logo\":{\"@type\":\"ImageObject\",\"inLanguage\":\"de\",\"@id\":\"https:\\\/\\\/fedrs.eu\\\/de\\\/#\\\/schema\\\/logo\\\/image\\\/\",\"url\":\"https:\\\/\\\/fedrs.eu\\\/wp-content\\\/uploads\\\/2024\\\/12\\\/image-52.png\",\"contentUrl\":\"https:\\\/\\\/fedrs.eu\\\/wp-content\\\/uploads\\\/2024\\\/12\\\/image-52.png\",\"width\":97,\"height\":30,\"caption\":\"Fedrs sp.z o.o\"},\"image\":{\"@id\":\"https:\\\/\\\/fedrs.eu\\\/de\\\/#\\\/schema\\\/logo\\\/image\\\/\"},\"publishingPrinciples\":\"https:\\\/\\\/fedrs.eu\\\/terms-and-conditions\\\/\"}]}<\/script>\n<meta property=\"product:brand\" content=\"FEDRS Ice Cool\" \/>\n<meta property=\"og:availability\" content=\"instock\" \/>\n<meta property=\"product:availability\" content=\"instock\" \/>\n<meta property=\"product:retailer_item_id\" content=\"04006-1\" \/>\n<meta property=\"product:condition\" content=\"new\" \/>\n<!-- \/ Yoast SEO Premium plugin. -->","yoast_head_json":{"title":"FEDRS Ice Cool Light Lime - Sanfte Zitrusfrische","description":"Genie\u00dfen Sie den Geschmack von frischen Limetten. FEDRS Ice Cool Light Lime ist perfekt f\u00fcr Zitrusliebhaber, die ein sanftes und erfrischendes Erlebnis w\u00fcnschen","robots":{"index":"index","follow":"follow","max-snippet":"max-snippet:-1","max-image-preview":"max-image-preview:large","max-video-preview":"max-video-preview:-1"},"canonical":"https:\/\/fedrs.eu\/de\/shop\/fedrs-ice-cool-light-lime\/","og_locale":"de_DE","og_type":"article","og_title":"FEDRS Ice Cool Light Limette","og_description":"Genie\u00dfen Sie den Geschmack von frischen Limetten. FEDRS Ice Cool Light Lime ist perfekt f\u00fcr Zitrusliebhaber, die ein sanftes und erfrischendes Erlebnis w\u00fcnschen","og_url":"https:\/\/fedrs.eu\/de\/shop\/fedrs-ice-cool-light-lime\/","og_site_name":"fedrs.eu","article_modified_time":"2025-10-01T08:17:52+00:00","og_image":[{"width":1200,"height":1200,"url":"https:\/\/fedrs.eu\/wp-content\/uploads\/2025\/04\/L_LIME_02.png","type":"image\/png"}],"twitter_card":"summary_large_image","twitter_misc":{"Verf\u00fcgbarkeit":"Auf Lager"},"schema":{"@context":"https:\/\/schema.org","@graph":[{"@type":"WebPage","@id":"https:\/\/fedrs.eu\/de\/shop\/fedrs-ice-cool-light-lime\/","url":"https:\/\/fedrs.eu\/de\/shop\/fedrs-ice-cool-light-lime\/","name":"FEDRS Ice Cool Light Lime - Sanfte Zitrusfrische","isPartOf":{"@id":"https:\/\/fedrs.eu\/de\/#website"},"datePublished":"2025-04-23T11:11:00+00:00","dateModified":"2025-10-01T08:17:52+00:00","description":"Genie\u00dfen Sie den Geschmack von frischen Limetten. FEDRS Ice Cool Light Lime ist perfekt f\u00fcr Zitrusliebhaber, die ein sanftes und erfrischendes Erlebnis w\u00fcnschen","breadcrumb":{"@id":"https:\/\/fedrs.eu\/de\/shop\/fedrs-ice-cool-light-lime\/#breadcrumb"},"inLanguage":"de","potentialAction":[{"@type":"ReadAction","target":["https:\/\/fedrs.eu\/de\/shop\/fedrs-ice-cool-light-lime\/"]}]},{"@type":"BreadcrumbList","@id":"https:\/\/fedrs.eu\/de\/shop\/fedrs-ice-cool-light-lime\/#breadcrumb","itemListElement":[{"@type":"ListItem","position":1,"name":"Startseite","item":"https:\/\/fedrs.eu\/de\/"},{"@type":"ListItem","position":2,"name":"Shop","item":"https:\/\/fedrs.eu\/de\/shop\/"},{"@type":"ListItem","position":3,"name":"FEDRS Ice Cool Light Limette"}]},{"@type":"WebSite","@id":"https:\/\/fedrs.eu\/de\/#website","url":"https:\/\/fedrs.eu\/de\/","name":"fedrs.eu","description":"","publisher":{"@id":"https:\/\/fedrs.eu\/de\/#organization"},"potentialAction":[{"@type":"SearchAction","target":{"@type":"EntryPoint","urlTemplate":"https:\/\/fedrs.eu\/de\/?s={search_term_string}"},"query-input":{"@type":"PropertyValueSpecification","valueRequired":true,"valueName":"search_term_string"}}],"inLanguage":"de"},{"@type":"Organization","@id":"https:\/\/fedrs.eu\/de\/#organization","name":"Fedrs sp.z o.o","url":"https:\/\/fedrs.eu\/de\/","logo":{"@type":"ImageObject","inLanguage":"de","@id":"https:\/\/fedrs.eu\/de\/#\/schema\/logo\/image\/","url":"https:\/\/fedrs.eu\/wp-content\/uploads\/2024\/12\/image-52.png","contentUrl":"https:\/\/fedrs.eu\/wp-content\/uploads\/2024\/12\/image-52.png","width":97,"height":30,"caption":"Fedrs sp.z o.o"},"image":{"@id":"https:\/\/fedrs.eu\/de\/#\/schema\/logo\/image\/"},"publishingPrinciples":"https:\/\/fedrs.eu\/terms-and-conditions\/"}]},"product_brand":"FEDRS Ice Cool","og_availability":"instock","product_availability":"instock","product_retailer_item_id":"04006-1","product_condition":"new"},"_links":{"self":[{"href":"https:\/\/fedrs.eu\/de\/wp-json\/wp\/v2\/product\/19747","targetHints":{"allow":["GET"]}}],"collection":[{"href":"https:\/\/fedrs.eu\/de\/wp-json\/wp\/v2\/product"}],"about":[{"href":"https:\/\/fedrs.eu\/de\/wp-json\/wp\/v2\/types\/product"}],"replies":[{"embeddable":true,"href":"https:\/\/fedrs.eu\/de\/wp-json\/wp\/v2\/comments?post=19747"}],"wp:attachment":[{"href":"https:\/\/fedrs.eu\/de\/wp-json\/wp\/v2\/media?parent=19747"}],"wp:term":[{"taxonomy":"product_brand","embeddable":true,"href":"https:\/\/fedrs.eu\/de\/wp-json\/wp\/v2\/product_brand?post=19747"},{"taxonomy":"product_cat","embeddable":true,"href":"https:\/\/fedrs.eu\/de\/wp-json\/wp\/v2\/product_cat?post=19747"},{"taxonomy":"product_tag","embeddable":true,"href":"https:\/\/fedrs.eu\/de\/wp-json\/wp\/v2\/product_tag?post=19747"}],"curies":[{"name":"wp","href":"https:\/\/api.w.org\/{rel}","templated":true}]}}