{"id":19313,"date":"2025-03-17T15:04:14","date_gmt":"2025-03-17T14:04:14","guid":{"rendered":"https:\/\/fedrs.eu\/shop\/fedrs-ice-cool-mint-hard-limited-edition\/"},"modified":"2025-10-10T17:01:46","modified_gmt":"2025-10-10T15:01:46","slug":"fedrs-ice-cool-mint-hard-limited-edition","status":"publish","type":"product","link":"https:\/\/fedrs.eu\/de\/shop\/fedrs-ice-cool-mint-hard-limited-edition\/","title":{"rendered":"FEDRS Ice Cool Mint Hard Limited Edition"},"content":{"rendered":"<p>FEDRS Ice Cool Mint Hard Limited Edition bietet einen lang anhaltenden Duft von belebender Minze. In diesen Beuteln finden Sie lebendige Noten von Bergkr\u00e4utern, die f\u00fcr einen Energieschub und ein erfrischendes Gef\u00fchl sorgen. Nehmen Sie die Herausforderung an! Diese Geschmacksrichtung kombiniert Menthol und Pfefferminze f\u00fcr ein wirklich belebendes Erlebnis. Atmen Sie den Schub eisiger K\u00fchle ein, gefolgt von einem s\u00fc\u00dfen und sanften Minzgeschmack beim Ausatmen. Dieser robuste Geschmack steht f\u00fcr sich allein und ist mit seiner Frische, den minzigen Untert\u00f6nen und dem unverwechselbaren Mentholkick perfekt f\u00fcr Ihren Alltag.     <\/p>\n","protected":false},"excerpt":{"rendered":"<p>FEDRS Ice Cool Mint Hard Limited Edition bietet einen lang anhaltenden Duft von belebender Minze. In diesen Beuteln finden Sie lebendige Noten von Bergkr\u00e4utern, die f\u00fcr<span class=\"excerpt-hellip\"> [\u2026]<\/span><\/p>\n","protected":false},"featured_media":19301,"comment_status":"open","ping_status":"closed","template":"","meta":{"googlesitekit_rrm_CAowmrG7DA:productID":""},"product_brand":[],"product_cat":[657,658,667,627,595,818],"product_tag":[],"class_list":{"0":"post-19313","1":"product","2":"type-product","3":"status-publish","4":"has-post-thumbnail","6":"product_cat-65-mg-g-de","7":"product_cat-fedrs-ice-cool-hard-de","8":"product_cat-hit-de","9":"product_cat-minze-menthol","10":"product_cat-neu","11":"product_cat-nikotinbeutel","13":"first","14":"instock","15":"taxable","16":"shipping-taxable","17":"product-type-variable","18":"has-default-attributes"},"yoast_head":"<!-- This site is optimized with the Yoast SEO Premium plugin v26.5 (Yoast SEO v27.2) - https:\/\/yoast.com\/product\/yoast-seo-premium-wordpress\/ -->\n<title>FEDRS Mint Hard Limitierte Auflage - 65mg<\/title>\n<meta name=\"description\" content=\"FEDRS Mint Hard Limited Edition - 65mg. Ultrastarker Nikotinkick mit eisigem Minzgeschmack. Versand wird beim Bezahlen berechnet\" \/>\n<meta name=\"robots\" content=\"index, follow, max-snippet:-1, max-image-preview:large, max-video-preview:-1\" \/>\n<link rel=\"canonical\" href=\"https:\/\/fedrs.eu\/de\/shop\/fedrs-ice-cool-mint-hard-limited-edition\/\" \/>\n<meta property=\"og:locale\" content=\"de_DE\" \/>\n<meta property=\"og:type\" content=\"article\" \/>\n<meta property=\"og:title\" content=\"FEDRS Ice Cool Mint Hard Limited Edition\" \/>\n<meta property=\"og:description\" content=\"FEDRS Mint Hard Limited Edition - 65mg. Ultrastarker Nikotinkick mit eisigem Minzgeschmack. Versand wird beim Bezahlen berechnet\" \/>\n<meta property=\"og:url\" content=\"https:\/\/fedrs.eu\/de\/shop\/fedrs-ice-cool-mint-hard-limited-edition\/\" \/>\n<meta property=\"og:site_name\" content=\"fedrs.eu\" \/>\n<meta property=\"article:modified_time\" content=\"2025-10-10T15:01:46+00:00\" \/>\n<meta property=\"og:image\" content=\"https:\/\/fedrs.eu\/wp-content\/uploads\/2025\/03\/limited_edition.png\" \/>\n\t<meta property=\"og:image:width\" content=\"1000\" \/>\n\t<meta property=\"og:image:height\" content=\"1000\" \/>\n\t<meta property=\"og:image:type\" content=\"image\/png\" \/>\n<meta name=\"twitter:card\" content=\"summary_large_image\" \/>\n<meta name=\"twitter:label1\" content=\"Verf\u00fcgbarkeit\" \/>\n\t<meta name=\"twitter:data1\" content=\"Auf Lager\" \/>\n<script type=\"application\/ld+json\" class=\"yoast-schema-graph\">{\"@context\":\"https:\/\/schema.org\",\"@graph\":[{\"@type\":\"WebPage\",\"@id\":\"https:\/\/fedrs.eu\/de\/shop\/fedrs-ice-cool-mint-hard-limited-edition\/\",\"url\":\"https:\/\/fedrs.eu\/de\/shop\/fedrs-ice-cool-mint-hard-limited-edition\/\",\"name\":\"FEDRS Mint Hard Limitierte Auflage - 65mg\",\"isPartOf\":{\"@id\":\"https:\/\/fedrs.eu\/de\/#website\"},\"primaryImageOfPage\":{\"@id\":\"https:\/\/fedrs.eu\/de\/shop\/fedrs-ice-cool-mint-hard-limited-edition\/#primaryimage\"},\"image\":{\"@id\":\"https:\/\/fedrs.eu\/de\/shop\/fedrs-ice-cool-mint-hard-limited-edition\/#primaryimage\"},\"thumbnailUrl\":\"https:\/\/fedrs.eu\/wp-content\/uploads\/2025\/03\/limited_edition.png\",\"datePublished\":\"2025-03-17T14:04:14+00:00\",\"dateModified\":\"2025-10-10T15:01:46+00:00\",\"description\":\"FEDRS Mint Hard Limited Edition - 65mg. Ultrastarker Nikotinkick mit eisigem Minzgeschmack. Versand wird beim Bezahlen berechnet\",\"breadcrumb\":{\"@id\":\"https:\/\/fedrs.eu\/de\/shop\/fedrs-ice-cool-mint-hard-limited-edition\/#breadcrumb\"},\"inLanguage\":\"de\",\"potentialAction\":[{\"@type\":\"ReadAction\",\"target\":[\"https:\/\/fedrs.eu\/de\/shop\/fedrs-ice-cool-mint-hard-limited-edition\/\"]}]},{\"@type\":\"ImageObject\",\"inLanguage\":\"de\",\"@id\":\"https:\/\/fedrs.eu\/de\/shop\/fedrs-ice-cool-mint-hard-limited-edition\/#primaryimage\",\"url\":\"https:\/\/fedrs.eu\/wp-content\/uploads\/2025\/03\/limited_edition.png\",\"contentUrl\":\"https:\/\/fedrs.eu\/wp-content\/uploads\/2025\/03\/limited_edition.png\",\"width\":1000,\"height\":1000},{\"@type\":\"BreadcrumbList\",\"@id\":\"https:\/\/fedrs.eu\/de\/shop\/fedrs-ice-cool-mint-hard-limited-edition\/#breadcrumb\",\"itemListElement\":[{\"@type\":\"ListItem\",\"position\":1,\"name\":\"Startseite\",\"item\":\"https:\/\/fedrs.eu\/de\/\"},{\"@type\":\"ListItem\",\"position\":2,\"name\":\"Shop\",\"item\":\"https:\/\/fedrs.eu\/de\/shop\/\"},{\"@type\":\"ListItem\",\"position\":3,\"name\":\"FEDRS Ice Cool Mint Hard Limited Edition\"}]},{\"@type\":\"WebSite\",\"@id\":\"https:\/\/fedrs.eu\/de\/#website\",\"url\":\"https:\/\/fedrs.eu\/de\/\",\"name\":\"fedrs.eu\",\"description\":\"\",\"publisher\":{\"@id\":\"https:\/\/fedrs.eu\/de\/#organization\"},\"potentialAction\":[{\"@type\":\"SearchAction\",\"target\":{\"@type\":\"EntryPoint\",\"urlTemplate\":\"https:\/\/fedrs.eu\/de\/?s={search_term_string}\"},\"query-input\":{\"@type\":\"PropertyValueSpecification\",\"valueRequired\":true,\"valueName\":\"search_term_string\"}}],\"inLanguage\":\"de\"},{\"@type\":\"Organization\",\"@id\":\"https:\/\/fedrs.eu\/de\/#organization\",\"name\":\"Fedrs sp.z o.o\",\"url\":\"https:\/\/fedrs.eu\/de\/\",\"logo\":{\"@type\":\"ImageObject\",\"inLanguage\":\"de\",\"@id\":\"https:\/\/fedrs.eu\/de\/#\/schema\/logo\/image\/\",\"url\":\"https:\/\/fedrs.eu\/wp-content\/uploads\/2024\/12\/image-52.png\",\"contentUrl\":\"https:\/\/fedrs.eu\/wp-content\/uploads\/2024\/12\/image-52.png\",\"width\":97,\"height\":30,\"caption\":\"Fedrs sp.z o.o\"},\"image\":{\"@id\":\"https:\/\/fedrs.eu\/de\/#\/schema\/logo\/image\/\"},\"publishingPrinciples\":\"https:\/\/fedrs.eu\/terms-and-conditions\/\"}]}<\/script>\n<meta property=\"product:brand\" content=\"FEDRS Ice Cool Hard\" \/>\n<meta property=\"og:availability\" content=\"instock\" \/>\n<meta property=\"product:availability\" content=\"instock\" \/>\n<meta property=\"product:condition\" content=\"new\" \/>\n<!-- \/ Yoast SEO Premium plugin. -->","yoast_head_json":{"title":"FEDRS Mint Hard Limitierte Auflage - 65mg","description":"FEDRS Mint Hard Limited Edition - 65mg. Ultrastarker Nikotinkick mit eisigem Minzgeschmack. Versand wird beim Bezahlen berechnet","robots":{"index":"index","follow":"follow","max-snippet":"max-snippet:-1","max-image-preview":"max-image-preview:large","max-video-preview":"max-video-preview:-1"},"canonical":"https:\/\/fedrs.eu\/de\/shop\/fedrs-ice-cool-mint-hard-limited-edition\/","og_locale":"de_DE","og_type":"article","og_title":"FEDRS Ice Cool Mint Hard Limited Edition","og_description":"FEDRS Mint Hard Limited Edition - 65mg. Ultrastarker Nikotinkick mit eisigem Minzgeschmack. Versand wird beim Bezahlen berechnet","og_url":"https:\/\/fedrs.eu\/de\/shop\/fedrs-ice-cool-mint-hard-limited-edition\/","og_site_name":"fedrs.eu","article_modified_time":"2025-10-10T15:01:46+00:00","og_image":[{"width":1000,"height":1000,"url":"https:\/\/fedrs.eu\/wp-content\/uploads\/2025\/03\/limited_edition.png","type":"image\/png"}],"twitter_card":"summary_large_image","twitter_misc":{"Verf\u00fcgbarkeit":"Auf Lager"},"schema":{"@context":"https:\/\/schema.org","@graph":[{"@type":"WebPage","@id":"https:\/\/fedrs.eu\/de\/shop\/fedrs-ice-cool-mint-hard-limited-edition\/","url":"https:\/\/fedrs.eu\/de\/shop\/fedrs-ice-cool-mint-hard-limited-edition\/","name":"FEDRS Mint Hard Limitierte Auflage - 65mg","isPartOf":{"@id":"https:\/\/fedrs.eu\/de\/#website"},"primaryImageOfPage":{"@id":"https:\/\/fedrs.eu\/de\/shop\/fedrs-ice-cool-mint-hard-limited-edition\/#primaryimage"},"image":{"@id":"https:\/\/fedrs.eu\/de\/shop\/fedrs-ice-cool-mint-hard-limited-edition\/#primaryimage"},"thumbnailUrl":"https:\/\/fedrs.eu\/wp-content\/uploads\/2025\/03\/limited_edition.png","datePublished":"2025-03-17T14:04:14+00:00","dateModified":"2025-10-10T15:01:46+00:00","description":"FEDRS Mint Hard Limited Edition - 65mg. Ultrastarker Nikotinkick mit eisigem Minzgeschmack. Versand wird beim Bezahlen berechnet","breadcrumb":{"@id":"https:\/\/fedrs.eu\/de\/shop\/fedrs-ice-cool-mint-hard-limited-edition\/#breadcrumb"},"inLanguage":"de","potentialAction":[{"@type":"ReadAction","target":["https:\/\/fedrs.eu\/de\/shop\/fedrs-ice-cool-mint-hard-limited-edition\/"]}]},{"@type":"ImageObject","inLanguage":"de","@id":"https:\/\/fedrs.eu\/de\/shop\/fedrs-ice-cool-mint-hard-limited-edition\/#primaryimage","url":"https:\/\/fedrs.eu\/wp-content\/uploads\/2025\/03\/limited_edition.png","contentUrl":"https:\/\/fedrs.eu\/wp-content\/uploads\/2025\/03\/limited_edition.png","width":1000,"height":1000},{"@type":"BreadcrumbList","@id":"https:\/\/fedrs.eu\/de\/shop\/fedrs-ice-cool-mint-hard-limited-edition\/#breadcrumb","itemListElement":[{"@type":"ListItem","position":1,"name":"Startseite","item":"https:\/\/fedrs.eu\/de\/"},{"@type":"ListItem","position":2,"name":"Shop","item":"https:\/\/fedrs.eu\/de\/shop\/"},{"@type":"ListItem","position":3,"name":"FEDRS Ice Cool Mint Hard Limited Edition"}]},{"@type":"WebSite","@id":"https:\/\/fedrs.eu\/de\/#website","url":"https:\/\/fedrs.eu\/de\/","name":"fedrs.eu","description":"","publisher":{"@id":"https:\/\/fedrs.eu\/de\/#organization"},"potentialAction":[{"@type":"SearchAction","target":{"@type":"EntryPoint","urlTemplate":"https:\/\/fedrs.eu\/de\/?s={search_term_string}"},"query-input":{"@type":"PropertyValueSpecification","valueRequired":true,"valueName":"search_term_string"}}],"inLanguage":"de"},{"@type":"Organization","@id":"https:\/\/fedrs.eu\/de\/#organization","name":"Fedrs sp.z o.o","url":"https:\/\/fedrs.eu\/de\/","logo":{"@type":"ImageObject","inLanguage":"de","@id":"https:\/\/fedrs.eu\/de\/#\/schema\/logo\/image\/","url":"https:\/\/fedrs.eu\/wp-content\/uploads\/2024\/12\/image-52.png","contentUrl":"https:\/\/fedrs.eu\/wp-content\/uploads\/2024\/12\/image-52.png","width":97,"height":30,"caption":"Fedrs sp.z o.o"},"image":{"@id":"https:\/\/fedrs.eu\/de\/#\/schema\/logo\/image\/"},"publishingPrinciples":"https:\/\/fedrs.eu\/terms-and-conditions\/"}]},"product_brand":"FEDRS Ice Cool Hard","og_availability":"instock","product_availability":"instock","product_condition":"new"},"_links":{"self":[{"href":"https:\/\/fedrs.eu\/de\/wp-json\/wp\/v2\/product\/19313","targetHints":{"allow":["GET"]}}],"collection":[{"href":"https:\/\/fedrs.eu\/de\/wp-json\/wp\/v2\/product"}],"about":[{"href":"https:\/\/fedrs.eu\/de\/wp-json\/wp\/v2\/types\/product"}],"replies":[{"embeddable":true,"href":"https:\/\/fedrs.eu\/de\/wp-json\/wp\/v2\/comments?post=19313"}],"wp:featuredmedia":[{"embeddable":true,"href":"https:\/\/fedrs.eu\/de\/wp-json\/wp\/v2\/media\/19301"}],"wp:attachment":[{"href":"https:\/\/fedrs.eu\/de\/wp-json\/wp\/v2\/media?parent=19313"}],"wp:term":[{"taxonomy":"product_brand","embeddable":true,"href":"https:\/\/fedrs.eu\/de\/wp-json\/wp\/v2\/product_brand?post=19313"},{"taxonomy":"product_cat","embeddable":true,"href":"https:\/\/fedrs.eu\/de\/wp-json\/wp\/v2\/product_cat?post=19313"},{"taxonomy":"product_tag","embeddable":true,"href":"https:\/\/fedrs.eu\/de\/wp-json\/wp\/v2\/product_tag?post=19313"}],"curies":[{"name":"wp","href":"https:\/\/api.w.org\/{rel}","templated":true}]}}