{"id":18398,"date":"2024-11-17T22:21:30","date_gmt":"2024-11-17T22:21:30","guid":{"rendered":"https:\/\/fedrs.eu\/shop\/fedrs-ice-cool-x-strong-mango\/"},"modified":"2025-09-13T17:29:45","modified_gmt":"2025-09-13T15:29:45","slug":"fedrs-ice-cool-x-strong-mango","status":"publish","type":"product","link":"https:\/\/fedrs.eu\/de\/shop\/fedrs-ice-cool-x-strong-mango\/","title":{"rendered":"FEDRS Ice Cool X-Strong Mango"},"content":{"rendered":"<p>Entdecken Sie den exotischen Geschmack mit unseren Mango Nikotinbeuteln, 50 mg\/g. Genie\u00dfen Sie das saftige und s\u00fc\u00dfe Aroma der Mango, das die Sinne erweckt und ein Gef\u00fchl von sommerlicher Entspannung vermittelt. Die Kombination aus reifer Fruchtigkeit und erfrischender Wirkung macht unsere Beutel zur idealen Wahl f\u00fcr Liebhaber exotischer Geschmacksrichtungen. Entscheiden Sie sich f\u00fcr Mango und sp\u00fcren Sie den Unterschied schon beim ersten Inhalieren!   <\/p>\n","protected":false},"excerpt":{"rendered":"<div class=\"descrip_p\">\n<div class=\"product-pstyle\"><\/div>\n<p>Mango Nikotin-Beutel, 50 mg\/g - Saftiger tropischer Geschmack, Sommergl\u00fcck<\/p>\n<\/div>\n","protected":false},"featured_media":4074,"comment_status":"open","ping_status":"closed","template":"","meta":{"googlesitekit_rrm_CAowmrG7DA:productID":""},"product_brand":[],"product_cat":[701,685,629,818],"product_tag":[],"class_list":{"0":"post-18398","1":"product","2":"type-product","3":"status-publish","4":"has-post-thumbnail","6":"product_cat-50-mg-g-de","7":"product_cat-fedrs-ice-cool-de","8":"product_cat-frucht-aroma","9":"product_cat-nikotinbeutel","11":"first","12":"outofstock","13":"taxable","14":"shipping-taxable","15":"product-type-variable","16":"has-default-attributes"},"yoast_head":"<!-- This site is optimized with the Yoast SEO Premium plugin v26.5 (Yoast SEO v27.3) - https:\/\/yoast.com\/product\/yoast-seo-premium-wordpress\/ -->\n<title>Nikotin-Beutel FEDRS Ice Cool X-Strong Mango | 50 mg\/g<\/title>\n<meta name=\"description\" content=\"Mango Nikotin-Beutel, 50 mg\/g - Saftiger Tropengeschmack, Sommergl\u00fcck - EXTRA STARK. Hochwertiges neues Produkt von FEDRS, das Aufmerksamkeit verdient!\" \/>\n<meta name=\"robots\" content=\"index, follow, max-snippet:-1, max-image-preview:large, max-video-preview:-1\" \/>\n<link rel=\"canonical\" href=\"https:\/\/fedrs.eu\/de\/shop\/fedrs-ice-cool-x-strong-mango\/\" \/>\n<meta property=\"og:locale\" content=\"de_DE\" \/>\n<meta property=\"og:type\" content=\"article\" \/>\n<meta property=\"og:title\" content=\"FEDRS Ice Cool X-Strong Mango\" \/>\n<meta property=\"og:description\" content=\"Mango Nikotin-Beutel, 50 mg\/g - Saftiger Tropengeschmack, Sommergl\u00fcck - EXTRA STARK. Hochwertiges neues Produkt von FEDRS, das Aufmerksamkeit verdient!\" \/>\n<meta property=\"og:url\" content=\"https:\/\/fedrs.eu\/de\/shop\/fedrs-ice-cool-x-strong-mango\/\" \/>\n<meta property=\"og:site_name\" content=\"fedrs.eu\" \/>\n<meta property=\"article:modified_time\" content=\"2025-09-13T15:29:45+00:00\" \/>\n<meta property=\"og:image\" content=\"https:\/\/fedrs.eu\/wp-content\/uploads\/2024\/11\/icecoolmangoxs-min.png\" \/>\n\t<meta property=\"og:image:width\" content=\"960\" \/>\n\t<meta property=\"og:image:height\" content=\"960\" \/>\n\t<meta property=\"og:image:type\" content=\"image\/png\" \/>\n<meta name=\"twitter:card\" content=\"summary_large_image\" \/>\n<meta name=\"twitter:label1\" content=\"Verf\u00fcgbarkeit\" \/>\n\t<meta name=\"twitter:data1\" content=\"ausverkauft\" \/>\n<script type=\"application\/ld+json\" class=\"yoast-schema-graph\">{\"@context\":\"https:\\\/\\\/schema.org\",\"@graph\":[{\"@type\":\"WebPage\",\"@id\":\"https:\\\/\\\/fedrs.eu\\\/de\\\/shop\\\/fedrs-ice-cool-x-strong-mango\\\/\",\"url\":\"https:\\\/\\\/fedrs.eu\\\/de\\\/shop\\\/fedrs-ice-cool-x-strong-mango\\\/\",\"name\":\"Nikotin-Beutel FEDRS Ice Cool X-Strong Mango | 50 mg\\\/g\",\"isPartOf\":{\"@id\":\"https:\\\/\\\/fedrs.eu\\\/de\\\/#website\"},\"primaryImageOfPage\":{\"@id\":\"https:\\\/\\\/fedrs.eu\\\/de\\\/shop\\\/fedrs-ice-cool-x-strong-mango\\\/#primaryimage\"},\"image\":{\"@id\":\"https:\\\/\\\/fedrs.eu\\\/de\\\/shop\\\/fedrs-ice-cool-x-strong-mango\\\/#primaryimage\"},\"thumbnailUrl\":\"https:\\\/\\\/fedrs.eu\\\/wp-content\\\/uploads\\\/2024\\\/11\\\/icecoolmangoxs-min.png\",\"datePublished\":\"2024-11-17T22:21:30+00:00\",\"dateModified\":\"2025-09-13T15:29:45+00:00\",\"description\":\"Mango Nikotin-Beutel, 50 mg\\\/g - Saftiger Tropengeschmack, Sommergl\u00fcck - EXTRA STARK. Hochwertiges neues Produkt von FEDRS, das Aufmerksamkeit verdient!\",\"breadcrumb\":{\"@id\":\"https:\\\/\\\/fedrs.eu\\\/de\\\/shop\\\/fedrs-ice-cool-x-strong-mango\\\/#breadcrumb\"},\"inLanguage\":\"de\",\"potentialAction\":[{\"@type\":\"ReadAction\",\"target\":[\"https:\\\/\\\/fedrs.eu\\\/de\\\/shop\\\/fedrs-ice-cool-x-strong-mango\\\/\"]}]},{\"@type\":\"ImageObject\",\"inLanguage\":\"de\",\"@id\":\"https:\\\/\\\/fedrs.eu\\\/de\\\/shop\\\/fedrs-ice-cool-x-strong-mango\\\/#primaryimage\",\"url\":\"https:\\\/\\\/fedrs.eu\\\/wp-content\\\/uploads\\\/2024\\\/11\\\/icecoolmangoxs-min.png\",\"contentUrl\":\"https:\\\/\\\/fedrs.eu\\\/wp-content\\\/uploads\\\/2024\\\/11\\\/icecoolmangoxs-min.png\",\"width\":960,\"height\":960},{\"@type\":\"BreadcrumbList\",\"@id\":\"https:\\\/\\\/fedrs.eu\\\/de\\\/shop\\\/fedrs-ice-cool-x-strong-mango\\\/#breadcrumb\",\"itemListElement\":[{\"@type\":\"ListItem\",\"position\":1,\"name\":\"Startseite\",\"item\":\"https:\\\/\\\/fedrs.eu\\\/de\\\/\"},{\"@type\":\"ListItem\",\"position\":2,\"name\":\"Shop\",\"item\":\"https:\\\/\\\/fedrs.eu\\\/de\\\/shop\\\/\"},{\"@type\":\"ListItem\",\"position\":3,\"name\":\"FEDRS Ice Cool X-Strong Mango\"}]},{\"@type\":\"WebSite\",\"@id\":\"https:\\\/\\\/fedrs.eu\\\/de\\\/#website\",\"url\":\"https:\\\/\\\/fedrs.eu\\\/de\\\/\",\"name\":\"fedrs.eu\",\"description\":\"\",\"publisher\":{\"@id\":\"https:\\\/\\\/fedrs.eu\\\/de\\\/#organization\"},\"potentialAction\":[{\"@type\":\"SearchAction\",\"target\":{\"@type\":\"EntryPoint\",\"urlTemplate\":\"https:\\\/\\\/fedrs.eu\\\/de\\\/?s={search_term_string}\"},\"query-input\":{\"@type\":\"PropertyValueSpecification\",\"valueRequired\":true,\"valueName\":\"search_term_string\"}}],\"inLanguage\":\"de\"},{\"@type\":\"Organization\",\"@id\":\"https:\\\/\\\/fedrs.eu\\\/de\\\/#organization\",\"name\":\"Fedrs sp.z o.o\",\"url\":\"https:\\\/\\\/fedrs.eu\\\/de\\\/\",\"logo\":{\"@type\":\"ImageObject\",\"inLanguage\":\"de\",\"@id\":\"https:\\\/\\\/fedrs.eu\\\/de\\\/#\\\/schema\\\/logo\\\/image\\\/\",\"url\":\"https:\\\/\\\/fedrs.eu\\\/wp-content\\\/uploads\\\/2024\\\/12\\\/image-52.png\",\"contentUrl\":\"https:\\\/\\\/fedrs.eu\\\/wp-content\\\/uploads\\\/2024\\\/12\\\/image-52.png\",\"width\":97,\"height\":30,\"caption\":\"Fedrs sp.z o.o\"},\"image\":{\"@id\":\"https:\\\/\\\/fedrs.eu\\\/de\\\/#\\\/schema\\\/logo\\\/image\\\/\"},\"publishingPrinciples\":\"https:\\\/\\\/fedrs.eu\\\/terms-and-conditions\\\/\"}]}<\/script>\n<meta property=\"product:brand\" content=\"FEDRS Ice Cool\" \/>\n<meta property=\"og:availability\" content=\"out of stock\" \/>\n<meta property=\"product:availability\" content=\"out of stock\" \/>\n<meta property=\"product:condition\" content=\"new\" \/>\n<!-- \/ Yoast SEO Premium plugin. -->","yoast_head_json":{"title":"Nikotin-Beutel FEDRS Ice Cool X-Strong Mango | 50 mg\/g","description":"Mango Nikotin-Beutel, 50 mg\/g - Saftiger Tropengeschmack, Sommergl\u00fcck - EXTRA STARK. Hochwertiges neues Produkt von FEDRS, das Aufmerksamkeit verdient!","robots":{"index":"index","follow":"follow","max-snippet":"max-snippet:-1","max-image-preview":"max-image-preview:large","max-video-preview":"max-video-preview:-1"},"canonical":"https:\/\/fedrs.eu\/de\/shop\/fedrs-ice-cool-x-strong-mango\/","og_locale":"de_DE","og_type":"article","og_title":"FEDRS Ice Cool X-Strong Mango","og_description":"Mango Nikotin-Beutel, 50 mg\/g - Saftiger Tropengeschmack, Sommergl\u00fcck - EXTRA STARK. Hochwertiges neues Produkt von FEDRS, das Aufmerksamkeit verdient!","og_url":"https:\/\/fedrs.eu\/de\/shop\/fedrs-ice-cool-x-strong-mango\/","og_site_name":"fedrs.eu","article_modified_time":"2025-09-13T15:29:45+00:00","og_image":[{"width":960,"height":960,"url":"https:\/\/fedrs.eu\/wp-content\/uploads\/2024\/11\/icecoolmangoxs-min.png","type":"image\/png"}],"twitter_card":"summary_large_image","twitter_misc":{"Verf\u00fcgbarkeit":"ausverkauft"},"schema":{"@context":"https:\/\/schema.org","@graph":[{"@type":"WebPage","@id":"https:\/\/fedrs.eu\/de\/shop\/fedrs-ice-cool-x-strong-mango\/","url":"https:\/\/fedrs.eu\/de\/shop\/fedrs-ice-cool-x-strong-mango\/","name":"Nikotin-Beutel FEDRS Ice Cool X-Strong Mango | 50 mg\/g","isPartOf":{"@id":"https:\/\/fedrs.eu\/de\/#website"},"primaryImageOfPage":{"@id":"https:\/\/fedrs.eu\/de\/shop\/fedrs-ice-cool-x-strong-mango\/#primaryimage"},"image":{"@id":"https:\/\/fedrs.eu\/de\/shop\/fedrs-ice-cool-x-strong-mango\/#primaryimage"},"thumbnailUrl":"https:\/\/fedrs.eu\/wp-content\/uploads\/2024\/11\/icecoolmangoxs-min.png","datePublished":"2024-11-17T22:21:30+00:00","dateModified":"2025-09-13T15:29:45+00:00","description":"Mango Nikotin-Beutel, 50 mg\/g - Saftiger Tropengeschmack, Sommergl\u00fcck - EXTRA STARK. Hochwertiges neues Produkt von FEDRS, das Aufmerksamkeit verdient!","breadcrumb":{"@id":"https:\/\/fedrs.eu\/de\/shop\/fedrs-ice-cool-x-strong-mango\/#breadcrumb"},"inLanguage":"de","potentialAction":[{"@type":"ReadAction","target":["https:\/\/fedrs.eu\/de\/shop\/fedrs-ice-cool-x-strong-mango\/"]}]},{"@type":"ImageObject","inLanguage":"de","@id":"https:\/\/fedrs.eu\/de\/shop\/fedrs-ice-cool-x-strong-mango\/#primaryimage","url":"https:\/\/fedrs.eu\/wp-content\/uploads\/2024\/11\/icecoolmangoxs-min.png","contentUrl":"https:\/\/fedrs.eu\/wp-content\/uploads\/2024\/11\/icecoolmangoxs-min.png","width":960,"height":960},{"@type":"BreadcrumbList","@id":"https:\/\/fedrs.eu\/de\/shop\/fedrs-ice-cool-x-strong-mango\/#breadcrumb","itemListElement":[{"@type":"ListItem","position":1,"name":"Startseite","item":"https:\/\/fedrs.eu\/de\/"},{"@type":"ListItem","position":2,"name":"Shop","item":"https:\/\/fedrs.eu\/de\/shop\/"},{"@type":"ListItem","position":3,"name":"FEDRS Ice Cool X-Strong Mango"}]},{"@type":"WebSite","@id":"https:\/\/fedrs.eu\/de\/#website","url":"https:\/\/fedrs.eu\/de\/","name":"fedrs.eu","description":"","publisher":{"@id":"https:\/\/fedrs.eu\/de\/#organization"},"potentialAction":[{"@type":"SearchAction","target":{"@type":"EntryPoint","urlTemplate":"https:\/\/fedrs.eu\/de\/?s={search_term_string}"},"query-input":{"@type":"PropertyValueSpecification","valueRequired":true,"valueName":"search_term_string"}}],"inLanguage":"de"},{"@type":"Organization","@id":"https:\/\/fedrs.eu\/de\/#organization","name":"Fedrs sp.z o.o","url":"https:\/\/fedrs.eu\/de\/","logo":{"@type":"ImageObject","inLanguage":"de","@id":"https:\/\/fedrs.eu\/de\/#\/schema\/logo\/image\/","url":"https:\/\/fedrs.eu\/wp-content\/uploads\/2024\/12\/image-52.png","contentUrl":"https:\/\/fedrs.eu\/wp-content\/uploads\/2024\/12\/image-52.png","width":97,"height":30,"caption":"Fedrs sp.z o.o"},"image":{"@id":"https:\/\/fedrs.eu\/de\/#\/schema\/logo\/image\/"},"publishingPrinciples":"https:\/\/fedrs.eu\/terms-and-conditions\/"}]},"product_brand":"FEDRS Ice Cool","og_availability":"out of stock","product_availability":"out of stock","product_condition":"new"},"_links":{"self":[{"href":"https:\/\/fedrs.eu\/de\/wp-json\/wp\/v2\/product\/18398","targetHints":{"allow":["GET"]}}],"collection":[{"href":"https:\/\/fedrs.eu\/de\/wp-json\/wp\/v2\/product"}],"about":[{"href":"https:\/\/fedrs.eu\/de\/wp-json\/wp\/v2\/types\/product"}],"replies":[{"embeddable":true,"href":"https:\/\/fedrs.eu\/de\/wp-json\/wp\/v2\/comments?post=18398"}],"wp:featuredmedia":[{"embeddable":true,"href":"https:\/\/fedrs.eu\/de\/wp-json\/wp\/v2\/media\/4074"}],"wp:attachment":[{"href":"https:\/\/fedrs.eu\/de\/wp-json\/wp\/v2\/media?parent=18398"}],"wp:term":[{"taxonomy":"product_brand","embeddable":true,"href":"https:\/\/fedrs.eu\/de\/wp-json\/wp\/v2\/product_brand?post=18398"},{"taxonomy":"product_cat","embeddable":true,"href":"https:\/\/fedrs.eu\/de\/wp-json\/wp\/v2\/product_cat?post=18398"},{"taxonomy":"product_tag","embeddable":true,"href":"https:\/\/fedrs.eu\/de\/wp-json\/wp\/v2\/product_tag?post=18398"}],"curies":[{"name":"wp","href":"https:\/\/api.w.org\/{rel}","templated":true}]}}