{"id":18391,"date":"2024-11-17T22:21:59","date_gmt":"2024-11-17T22:21:59","guid":{"rendered":"https:\/\/fedrs.eu\/shop\/fedrs-ice-cool-x-strong-frosty-grape\/"},"modified":"2025-09-05T11:52:39","modified_gmt":"2025-09-05T09:52:39","slug":"fedrs-ice-cool-x-strong-frosty-grape","status":"publish","type":"product","link":"https:\/\/fedrs.eu\/de\/shop\/fedrs-ice-cool-x-strong-frosty-grape\/","title":{"rendered":"FEDRS Ice Cool X-Strong Frosty Grape"},"content":{"rendered":"<p>Tauchen Sie ein in die K\u00fchle mit unseren Frosty Grape Nikotinbeuteln, 50 mg\/g. Genie\u00dfen Sie den k\u00fchlen und aromatischen Geschmack von Weintrauben, der selbst bei hei\u00dfem Wetter erfrischt. Die Mischung aus eisiger Wirkung und intensivem Fruchtgeschmack macht diese Beutel zur perfekten Wahl f\u00fcr alle, die Erfrischung und Zufriedenheit suchen. Entdecken Sie Frosty Grape und sp\u00fcren Sie jedes Mal die K\u00fchle!   <\/p>\n","protected":false},"excerpt":{"rendered":"<div class=\"descrip_p\">\n<div class=\"product-pstyle\"><\/div>\n<p>Frosty Grape Nikotinbeutel, 50 mg\/g - K\u00fchler Traubengeschmack, erfrischende Abk\u00fchlung<\/p>\n<\/div>\n","protected":false},"featured_media":4094,"comment_status":"open","ping_status":"closed","template":"","meta":{"googlesitekit_rrm_CAowmrG7DA:productID":""},"product_brand":[],"product_cat":[701,628,685,818],"product_tag":[],"class_list":{"0":"post-18391","1":"product","2":"type-product","3":"status-publish","4":"has-post-thumbnail","6":"product_cat-50-mg-g-de","7":"product_cat-beeren","8":"product_cat-fedrs-ice-cool-de","9":"product_cat-nikotinbeutel","11":"first","12":"instock","13":"taxable","14":"shipping-taxable","15":"product-type-variable","16":"has-default-attributes"},"yoast_head":"<!-- This site is optimized with the Yoast SEO Premium plugin v26.5 (Yoast SEO v27.3) - https:\/\/yoast.com\/product\/yoast-seo-premium-wordpress\/ -->\n<title>Nikotin-Beutel FEDRS Ice Cool X-Strong Frosty Grape 50 mg\/g<\/title>\n<meta name=\"description\" content=\"Frosty Grape Nicotine Pouches, 50 mg\/g - K\u00fchler Traubengeschmack, erfrischende Abk\u00fchlung - EXTRA STARK. Hochwertiges neues Produkt von FEDRS, das Aufmerksamkeit verdient!\" \/>\n<meta name=\"robots\" content=\"index, follow, max-snippet:-1, max-image-preview:large, max-video-preview:-1\" \/>\n<link rel=\"canonical\" href=\"https:\/\/fedrs.eu\/de\/shop\/fedrs-ice-cool-x-strong-frosty-grape\/\" \/>\n<meta property=\"og:locale\" content=\"de_DE\" \/>\n<meta property=\"og:type\" content=\"article\" \/>\n<meta property=\"og:title\" content=\"FEDRS Ice Cool X-Strong Frosty Grape\" \/>\n<meta property=\"og:description\" content=\"Frosty Grape Nicotine Pouches, 50 mg\/g - K\u00fchler Traubengeschmack, erfrischende Abk\u00fchlung - EXTRA STARK. Hochwertiges neues Produkt von FEDRS, das Aufmerksamkeit verdient!\" \/>\n<meta property=\"og:url\" content=\"https:\/\/fedrs.eu\/de\/shop\/fedrs-ice-cool-x-strong-frosty-grape\/\" \/>\n<meta property=\"og:site_name\" content=\"fedrs.eu\" \/>\n<meta property=\"article:modified_time\" content=\"2025-09-05T09:52:39+00:00\" \/>\n<meta property=\"og:image\" content=\"https:\/\/fedrs.eu\/wp-content\/uploads\/2024\/11\/icecoolfrostygrapexs-min.png\" \/>\n\t<meta property=\"og:image:width\" content=\"960\" \/>\n\t<meta property=\"og:image:height\" content=\"960\" \/>\n\t<meta property=\"og:image:type\" content=\"image\/png\" \/>\n<meta name=\"twitter:card\" content=\"summary_large_image\" \/>\n<meta name=\"twitter:label1\" content=\"Verf\u00fcgbarkeit\" \/>\n\t<meta name=\"twitter:data1\" content=\"Auf Lager\" \/>\n<script type=\"application\/ld+json\" class=\"yoast-schema-graph\">{\"@context\":\"https:\\\/\\\/schema.org\",\"@graph\":[{\"@type\":\"WebPage\",\"@id\":\"https:\\\/\\\/fedrs.eu\\\/de\\\/shop\\\/fedrs-ice-cool-x-strong-frosty-grape\\\/\",\"url\":\"https:\\\/\\\/fedrs.eu\\\/de\\\/shop\\\/fedrs-ice-cool-x-strong-frosty-grape\\\/\",\"name\":\"Nikotin-Beutel FEDRS Ice Cool X-Strong Frosty Grape 50 mg\\\/g\",\"isPartOf\":{\"@id\":\"https:\\\/\\\/fedrs.eu\\\/de\\\/#website\"},\"primaryImageOfPage\":{\"@id\":\"https:\\\/\\\/fedrs.eu\\\/de\\\/shop\\\/fedrs-ice-cool-x-strong-frosty-grape\\\/#primaryimage\"},\"image\":{\"@id\":\"https:\\\/\\\/fedrs.eu\\\/de\\\/shop\\\/fedrs-ice-cool-x-strong-frosty-grape\\\/#primaryimage\"},\"thumbnailUrl\":\"https:\\\/\\\/fedrs.eu\\\/wp-content\\\/uploads\\\/2024\\\/11\\\/icecoolfrostygrapexs-min.png\",\"datePublished\":\"2024-11-17T22:21:59+00:00\",\"dateModified\":\"2025-09-05T09:52:39+00:00\",\"description\":\"Frosty Grape Nicotine Pouches, 50 mg\\\/g - K\u00fchler Traubengeschmack, erfrischende Abk\u00fchlung - EXTRA STARK. Hochwertiges neues Produkt von FEDRS, das Aufmerksamkeit verdient!\",\"breadcrumb\":{\"@id\":\"https:\\\/\\\/fedrs.eu\\\/de\\\/shop\\\/fedrs-ice-cool-x-strong-frosty-grape\\\/#breadcrumb\"},\"inLanguage\":\"de\",\"potentialAction\":[{\"@type\":\"ReadAction\",\"target\":[\"https:\\\/\\\/fedrs.eu\\\/de\\\/shop\\\/fedrs-ice-cool-x-strong-frosty-grape\\\/\"]}]},{\"@type\":\"ImageObject\",\"inLanguage\":\"de\",\"@id\":\"https:\\\/\\\/fedrs.eu\\\/de\\\/shop\\\/fedrs-ice-cool-x-strong-frosty-grape\\\/#primaryimage\",\"url\":\"https:\\\/\\\/fedrs.eu\\\/wp-content\\\/uploads\\\/2024\\\/11\\\/icecoolfrostygrapexs-min.png\",\"contentUrl\":\"https:\\\/\\\/fedrs.eu\\\/wp-content\\\/uploads\\\/2024\\\/11\\\/icecoolfrostygrapexs-min.png\",\"width\":960,\"height\":960},{\"@type\":\"BreadcrumbList\",\"@id\":\"https:\\\/\\\/fedrs.eu\\\/de\\\/shop\\\/fedrs-ice-cool-x-strong-frosty-grape\\\/#breadcrumb\",\"itemListElement\":[{\"@type\":\"ListItem\",\"position\":1,\"name\":\"Startseite\",\"item\":\"https:\\\/\\\/fedrs.eu\\\/de\\\/\"},{\"@type\":\"ListItem\",\"position\":2,\"name\":\"Shop\",\"item\":\"https:\\\/\\\/fedrs.eu\\\/de\\\/shop\\\/\"},{\"@type\":\"ListItem\",\"position\":3,\"name\":\"FEDRS Ice Cool X-Strong Frosty Grape\"}]},{\"@type\":\"WebSite\",\"@id\":\"https:\\\/\\\/fedrs.eu\\\/de\\\/#website\",\"url\":\"https:\\\/\\\/fedrs.eu\\\/de\\\/\",\"name\":\"fedrs.eu\",\"description\":\"\",\"publisher\":{\"@id\":\"https:\\\/\\\/fedrs.eu\\\/de\\\/#organization\"},\"potentialAction\":[{\"@type\":\"SearchAction\",\"target\":{\"@type\":\"EntryPoint\",\"urlTemplate\":\"https:\\\/\\\/fedrs.eu\\\/de\\\/?s={search_term_string}\"},\"query-input\":{\"@type\":\"PropertyValueSpecification\",\"valueRequired\":true,\"valueName\":\"search_term_string\"}}],\"inLanguage\":\"de\"},{\"@type\":\"Organization\",\"@id\":\"https:\\\/\\\/fedrs.eu\\\/de\\\/#organization\",\"name\":\"Fedrs sp.z o.o\",\"url\":\"https:\\\/\\\/fedrs.eu\\\/de\\\/\",\"logo\":{\"@type\":\"ImageObject\",\"inLanguage\":\"de\",\"@id\":\"https:\\\/\\\/fedrs.eu\\\/de\\\/#\\\/schema\\\/logo\\\/image\\\/\",\"url\":\"https:\\\/\\\/fedrs.eu\\\/wp-content\\\/uploads\\\/2024\\\/12\\\/image-52.png\",\"contentUrl\":\"https:\\\/\\\/fedrs.eu\\\/wp-content\\\/uploads\\\/2024\\\/12\\\/image-52.png\",\"width\":97,\"height\":30,\"caption\":\"Fedrs sp.z o.o\"},\"image\":{\"@id\":\"https:\\\/\\\/fedrs.eu\\\/de\\\/#\\\/schema\\\/logo\\\/image\\\/\"},\"publishingPrinciples\":\"https:\\\/\\\/fedrs.eu\\\/terms-and-conditions\\\/\"}]}<\/script>\n<meta property=\"product:brand\" content=\"FEDRS Ice Cool\" \/>\n<meta property=\"og:availability\" content=\"instock\" \/>\n<meta property=\"product:availability\" content=\"instock\" \/>\n<meta property=\"product:condition\" content=\"new\" \/>\n<!-- \/ Yoast SEO Premium plugin. -->","yoast_head_json":{"title":"Nikotin-Beutel FEDRS Ice Cool X-Strong Frosty Grape 50 mg\/g","description":"Frosty Grape Nicotine Pouches, 50 mg\/g - K\u00fchler Traubengeschmack, erfrischende Abk\u00fchlung - EXTRA STARK. Hochwertiges neues Produkt von FEDRS, das Aufmerksamkeit verdient!","robots":{"index":"index","follow":"follow","max-snippet":"max-snippet:-1","max-image-preview":"max-image-preview:large","max-video-preview":"max-video-preview:-1"},"canonical":"https:\/\/fedrs.eu\/de\/shop\/fedrs-ice-cool-x-strong-frosty-grape\/","og_locale":"de_DE","og_type":"article","og_title":"FEDRS Ice Cool X-Strong Frosty Grape","og_description":"Frosty Grape Nicotine Pouches, 50 mg\/g - K\u00fchler Traubengeschmack, erfrischende Abk\u00fchlung - EXTRA STARK. Hochwertiges neues Produkt von FEDRS, das Aufmerksamkeit verdient!","og_url":"https:\/\/fedrs.eu\/de\/shop\/fedrs-ice-cool-x-strong-frosty-grape\/","og_site_name":"fedrs.eu","article_modified_time":"2025-09-05T09:52:39+00:00","og_image":[{"width":960,"height":960,"url":"https:\/\/fedrs.eu\/wp-content\/uploads\/2024\/11\/icecoolfrostygrapexs-min.png","type":"image\/png"}],"twitter_card":"summary_large_image","twitter_misc":{"Verf\u00fcgbarkeit":"Auf Lager"},"schema":{"@context":"https:\/\/schema.org","@graph":[{"@type":"WebPage","@id":"https:\/\/fedrs.eu\/de\/shop\/fedrs-ice-cool-x-strong-frosty-grape\/","url":"https:\/\/fedrs.eu\/de\/shop\/fedrs-ice-cool-x-strong-frosty-grape\/","name":"Nikotin-Beutel FEDRS Ice Cool X-Strong Frosty Grape 50 mg\/g","isPartOf":{"@id":"https:\/\/fedrs.eu\/de\/#website"},"primaryImageOfPage":{"@id":"https:\/\/fedrs.eu\/de\/shop\/fedrs-ice-cool-x-strong-frosty-grape\/#primaryimage"},"image":{"@id":"https:\/\/fedrs.eu\/de\/shop\/fedrs-ice-cool-x-strong-frosty-grape\/#primaryimage"},"thumbnailUrl":"https:\/\/fedrs.eu\/wp-content\/uploads\/2024\/11\/icecoolfrostygrapexs-min.png","datePublished":"2024-11-17T22:21:59+00:00","dateModified":"2025-09-05T09:52:39+00:00","description":"Frosty Grape Nicotine Pouches, 50 mg\/g - K\u00fchler Traubengeschmack, erfrischende Abk\u00fchlung - EXTRA STARK. Hochwertiges neues Produkt von FEDRS, das Aufmerksamkeit verdient!","breadcrumb":{"@id":"https:\/\/fedrs.eu\/de\/shop\/fedrs-ice-cool-x-strong-frosty-grape\/#breadcrumb"},"inLanguage":"de","potentialAction":[{"@type":"ReadAction","target":["https:\/\/fedrs.eu\/de\/shop\/fedrs-ice-cool-x-strong-frosty-grape\/"]}]},{"@type":"ImageObject","inLanguage":"de","@id":"https:\/\/fedrs.eu\/de\/shop\/fedrs-ice-cool-x-strong-frosty-grape\/#primaryimage","url":"https:\/\/fedrs.eu\/wp-content\/uploads\/2024\/11\/icecoolfrostygrapexs-min.png","contentUrl":"https:\/\/fedrs.eu\/wp-content\/uploads\/2024\/11\/icecoolfrostygrapexs-min.png","width":960,"height":960},{"@type":"BreadcrumbList","@id":"https:\/\/fedrs.eu\/de\/shop\/fedrs-ice-cool-x-strong-frosty-grape\/#breadcrumb","itemListElement":[{"@type":"ListItem","position":1,"name":"Startseite","item":"https:\/\/fedrs.eu\/de\/"},{"@type":"ListItem","position":2,"name":"Shop","item":"https:\/\/fedrs.eu\/de\/shop\/"},{"@type":"ListItem","position":3,"name":"FEDRS Ice Cool X-Strong Frosty Grape"}]},{"@type":"WebSite","@id":"https:\/\/fedrs.eu\/de\/#website","url":"https:\/\/fedrs.eu\/de\/","name":"fedrs.eu","description":"","publisher":{"@id":"https:\/\/fedrs.eu\/de\/#organization"},"potentialAction":[{"@type":"SearchAction","target":{"@type":"EntryPoint","urlTemplate":"https:\/\/fedrs.eu\/de\/?s={search_term_string}"},"query-input":{"@type":"PropertyValueSpecification","valueRequired":true,"valueName":"search_term_string"}}],"inLanguage":"de"},{"@type":"Organization","@id":"https:\/\/fedrs.eu\/de\/#organization","name":"Fedrs sp.z o.o","url":"https:\/\/fedrs.eu\/de\/","logo":{"@type":"ImageObject","inLanguage":"de","@id":"https:\/\/fedrs.eu\/de\/#\/schema\/logo\/image\/","url":"https:\/\/fedrs.eu\/wp-content\/uploads\/2024\/12\/image-52.png","contentUrl":"https:\/\/fedrs.eu\/wp-content\/uploads\/2024\/12\/image-52.png","width":97,"height":30,"caption":"Fedrs sp.z o.o"},"image":{"@id":"https:\/\/fedrs.eu\/de\/#\/schema\/logo\/image\/"},"publishingPrinciples":"https:\/\/fedrs.eu\/terms-and-conditions\/"}]},"product_brand":"FEDRS Ice Cool","og_availability":"instock","product_availability":"instock","product_condition":"new"},"_links":{"self":[{"href":"https:\/\/fedrs.eu\/de\/wp-json\/wp\/v2\/product\/18391","targetHints":{"allow":["GET"]}}],"collection":[{"href":"https:\/\/fedrs.eu\/de\/wp-json\/wp\/v2\/product"}],"about":[{"href":"https:\/\/fedrs.eu\/de\/wp-json\/wp\/v2\/types\/product"}],"replies":[{"embeddable":true,"href":"https:\/\/fedrs.eu\/de\/wp-json\/wp\/v2\/comments?post=18391"}],"wp:featuredmedia":[{"embeddable":true,"href":"https:\/\/fedrs.eu\/de\/wp-json\/wp\/v2\/media\/4094"}],"wp:attachment":[{"href":"https:\/\/fedrs.eu\/de\/wp-json\/wp\/v2\/media?parent=18391"}],"wp:term":[{"taxonomy":"product_brand","embeddable":true,"href":"https:\/\/fedrs.eu\/de\/wp-json\/wp\/v2\/product_brand?post=18391"},{"taxonomy":"product_cat","embeddable":true,"href":"https:\/\/fedrs.eu\/de\/wp-json\/wp\/v2\/product_cat?post=18391"},{"taxonomy":"product_tag","embeddable":true,"href":"https:\/\/fedrs.eu\/de\/wp-json\/wp\/v2\/product_tag?post=18391"}],"curies":[{"name":"wp","href":"https:\/\/api.w.org\/{rel}","templated":true}]}}