{"id":17885,"date":"2024-12-12T15:45:15","date_gmt":"2024-12-12T15:45:15","guid":{"rendered":"https:\/\/fedrs.eu\/shop\/fedrs-ice-cool-hard-freeze-minze\/"},"modified":"2025-08-30T15:41:05","modified_gmt":"2025-08-30T13:41:05","slug":"fedrs-ice-cool-hard-freeze-mint","status":"publish","type":"product","link":"https:\/\/fedrs.eu\/de\/shop\/fedrs-ice-cool-hard-freeze-mint\/","title":{"rendered":"FEDRS Ice Cool Hard Freeze Mint"},"content":{"rendered":"<p>Erleben Sie mit Freeze Mint Hard einen intensiven, eisigen Minzsto\u00df. Diese tabakfreien d\u00fcnnen Beutel bieten eine scharfe, frostige Abk\u00fchlung, perfekt f\u00fcr alle, die sich nach extremer Frische und lang anhaltendem Geschmack sehnen. <\/p>\n","protected":false},"excerpt":{"rendered":"<p>Erleben Sie mit Freeze Mint Hard einen intensiven, eisigen Minzsto\u00df. Diese tabakfreien d\u00fcnnen Beutel bieten eine scharfe, frostige Abk\u00fchlung, perfekt f\u00fcr alle, die sich nach extremer<span class=\"excerpt-hellip\"> [\u2026]<\/span><\/p>\n","protected":false},"featured_media":5160,"comment_status":"open","ping_status":"closed","template":"","meta":{"googlesitekit_rrm_CAowmrG7DA:productID":""},"product_brand":[],"product_cat":[657,658,627,818],"product_tag":[],"class_list":{"0":"post-17885","1":"product","2":"type-product","3":"status-publish","4":"has-post-thumbnail","6":"product_cat-65-mg-g-de","7":"product_cat-fedrs-ice-cool-hard-de","8":"product_cat-minze-menthol","9":"product_cat-nikotinbeutel","11":"first","12":"instock","13":"taxable","14":"shipping-taxable","15":"product-type-variable","16":"has-default-attributes"},"yoast_head":"<!-- This site is optimized with the Yoast SEO Premium plugin v26.5 (Yoast SEO v27.2) - https:\/\/yoast.com\/product\/yoast-seo-premium-wordpress\/ -->\n<title>FEDRS Ice Cool Hard Freeze Mint - 65 mg Nikotin-Beutel<\/title>\n<meta name=\"description\" content=\"Sp\u00fcren Sie die K\u00e4lte mit den Ice Cool Hard Freeze Mint Nikotinbeuteln, die 65 mg\/g Nikotin liefern. Perfekt f\u00fcr Konsumenten, die sich nach einem extrem minzigen Erlebnis sehnen\" \/>\n<meta name=\"robots\" content=\"index, follow, max-snippet:-1, max-image-preview:large, max-video-preview:-1\" \/>\n<link rel=\"canonical\" href=\"https:\/\/fedrs.eu\/de\/shop\/fedrs-ice-cool-hard-freeze-mint\/\" \/>\n<meta property=\"og:locale\" content=\"de_DE\" \/>\n<meta property=\"og:type\" content=\"article\" \/>\n<meta property=\"og:title\" content=\"FEDRS Ice Cool Hard Freeze Mint\" \/>\n<meta property=\"og:description\" content=\"Sp\u00fcren Sie die K\u00e4lte mit den Ice Cool Hard Freeze Mint Nikotinbeuteln, die 65 mg\/g Nikotin liefern. Perfekt f\u00fcr Konsumenten, die sich nach einem extrem minzigen Erlebnis sehnen\" \/>\n<meta property=\"og:url\" content=\"https:\/\/fedrs.eu\/de\/shop\/fedrs-ice-cool-hard-freeze-mint\/\" \/>\n<meta property=\"og:site_name\" content=\"fedrs.eu\" \/>\n<meta property=\"article:modified_time\" content=\"2025-08-30T13:41:05+00:00\" \/>\n<meta property=\"og:image\" content=\"https:\/\/fedrs.eu\/wp-content\/uploads\/2024\/12\/small_FreezeMintHard0005.png\" \/>\n\t<meta property=\"og:image:width\" content=\"1000\" \/>\n\t<meta property=\"og:image:height\" content=\"1000\" \/>\n\t<meta property=\"og:image:type\" content=\"image\/png\" \/>\n<meta name=\"twitter:card\" content=\"summary_large_image\" \/>\n<meta name=\"twitter:label1\" content=\"Verf\u00fcgbarkeit\" \/>\n\t<meta name=\"twitter:data1\" content=\"Auf Lager\" \/>\n<script type=\"application\/ld+json\" class=\"yoast-schema-graph\">{\"@context\":\"https:\/\/schema.org\",\"@graph\":[{\"@type\":\"WebPage\",\"@id\":\"https:\/\/fedrs.eu\/de\/shop\/fedrs-ice-cool-hard-freeze-mint\/\",\"url\":\"https:\/\/fedrs.eu\/de\/shop\/fedrs-ice-cool-hard-freeze-mint\/\",\"name\":\"FEDRS Ice Cool Hard Freeze Mint - 65 mg Nikotin-Beutel\",\"isPartOf\":{\"@id\":\"https:\/\/fedrs.eu\/de\/#website\"},\"primaryImageOfPage\":{\"@id\":\"https:\/\/fedrs.eu\/de\/shop\/fedrs-ice-cool-hard-freeze-mint\/#primaryimage\"},\"image\":{\"@id\":\"https:\/\/fedrs.eu\/de\/shop\/fedrs-ice-cool-hard-freeze-mint\/#primaryimage\"},\"thumbnailUrl\":\"https:\/\/fedrs.eu\/wp-content\/uploads\/2024\/12\/small_FreezeMintHard0005.png\",\"datePublished\":\"2024-12-12T15:45:15+00:00\",\"dateModified\":\"2025-08-30T13:41:05+00:00\",\"description\":\"Sp\u00fcren Sie die K\u00e4lte mit den Ice Cool Hard Freeze Mint Nikotinbeuteln, die 65 mg\/g Nikotin liefern. Perfekt f\u00fcr Konsumenten, die sich nach einem extrem minzigen Erlebnis sehnen\",\"breadcrumb\":{\"@id\":\"https:\/\/fedrs.eu\/de\/shop\/fedrs-ice-cool-hard-freeze-mint\/#breadcrumb\"},\"inLanguage\":\"de\",\"potentialAction\":[{\"@type\":\"ReadAction\",\"target\":[\"https:\/\/fedrs.eu\/de\/shop\/fedrs-ice-cool-hard-freeze-mint\/\"]}]},{\"@type\":\"ImageObject\",\"inLanguage\":\"de\",\"@id\":\"https:\/\/fedrs.eu\/de\/shop\/fedrs-ice-cool-hard-freeze-mint\/#primaryimage\",\"url\":\"https:\/\/fedrs.eu\/wp-content\/uploads\/2024\/12\/small_FreezeMintHard0005.png\",\"contentUrl\":\"https:\/\/fedrs.eu\/wp-content\/uploads\/2024\/12\/small_FreezeMintHard0005.png\",\"width\":1000,\"height\":1000,\"caption\":\"freeze mint hard fedrs\"},{\"@type\":\"BreadcrumbList\",\"@id\":\"https:\/\/fedrs.eu\/de\/shop\/fedrs-ice-cool-hard-freeze-mint\/#breadcrumb\",\"itemListElement\":[{\"@type\":\"ListItem\",\"position\":1,\"name\":\"Startseite\",\"item\":\"https:\/\/fedrs.eu\/de\/\"},{\"@type\":\"ListItem\",\"position\":2,\"name\":\"Shop\",\"item\":\"https:\/\/fedrs.eu\/de\/shop\/\"},{\"@type\":\"ListItem\",\"position\":3,\"name\":\"FEDRS Ice Cool Hard Freeze Mint\"}]},{\"@type\":\"WebSite\",\"@id\":\"https:\/\/fedrs.eu\/de\/#website\",\"url\":\"https:\/\/fedrs.eu\/de\/\",\"name\":\"fedrs.eu\",\"description\":\"\",\"publisher\":{\"@id\":\"https:\/\/fedrs.eu\/de\/#organization\"},\"potentialAction\":[{\"@type\":\"SearchAction\",\"target\":{\"@type\":\"EntryPoint\",\"urlTemplate\":\"https:\/\/fedrs.eu\/de\/?s={search_term_string}\"},\"query-input\":{\"@type\":\"PropertyValueSpecification\",\"valueRequired\":true,\"valueName\":\"search_term_string\"}}],\"inLanguage\":\"de\"},{\"@type\":\"Organization\",\"@id\":\"https:\/\/fedrs.eu\/de\/#organization\",\"name\":\"Fedrs sp.z o.o\",\"url\":\"https:\/\/fedrs.eu\/de\/\",\"logo\":{\"@type\":\"ImageObject\",\"inLanguage\":\"de\",\"@id\":\"https:\/\/fedrs.eu\/de\/#\/schema\/logo\/image\/\",\"url\":\"https:\/\/fedrs.eu\/wp-content\/uploads\/2024\/12\/image-52.png\",\"contentUrl\":\"https:\/\/fedrs.eu\/wp-content\/uploads\/2024\/12\/image-52.png\",\"width\":97,\"height\":30,\"caption\":\"Fedrs sp.z o.o\"},\"image\":{\"@id\":\"https:\/\/fedrs.eu\/de\/#\/schema\/logo\/image\/\"},\"publishingPrinciples\":\"https:\/\/fedrs.eu\/terms-and-conditions\/\"}]}<\/script>\n<meta property=\"product:brand\" content=\"FEDRS Ice Cool Hard\" \/>\n<meta property=\"og:availability\" content=\"instock\" \/>\n<meta property=\"product:availability\" content=\"instock\" \/>\n<meta property=\"product:condition\" content=\"new\" \/>\n<!-- \/ Yoast SEO Premium plugin. -->","yoast_head_json":{"title":"FEDRS Ice Cool Hard Freeze Mint - 65 mg Nikotin-Beutel","description":"Sp\u00fcren Sie die K\u00e4lte mit den Ice Cool Hard Freeze Mint Nikotinbeuteln, die 65 mg\/g Nikotin liefern. Perfekt f\u00fcr Konsumenten, die sich nach einem extrem minzigen Erlebnis sehnen","robots":{"index":"index","follow":"follow","max-snippet":"max-snippet:-1","max-image-preview":"max-image-preview:large","max-video-preview":"max-video-preview:-1"},"canonical":"https:\/\/fedrs.eu\/de\/shop\/fedrs-ice-cool-hard-freeze-mint\/","og_locale":"de_DE","og_type":"article","og_title":"FEDRS Ice Cool Hard Freeze Mint","og_description":"Sp\u00fcren Sie die K\u00e4lte mit den Ice Cool Hard Freeze Mint Nikotinbeuteln, die 65 mg\/g Nikotin liefern. Perfekt f\u00fcr Konsumenten, die sich nach einem extrem minzigen Erlebnis sehnen","og_url":"https:\/\/fedrs.eu\/de\/shop\/fedrs-ice-cool-hard-freeze-mint\/","og_site_name":"fedrs.eu","article_modified_time":"2025-08-30T13:41:05+00:00","og_image":[{"width":1000,"height":1000,"url":"https:\/\/fedrs.eu\/wp-content\/uploads\/2024\/12\/small_FreezeMintHard0005.png","type":"image\/png"}],"twitter_card":"summary_large_image","twitter_misc":{"Verf\u00fcgbarkeit":"Auf Lager"},"schema":{"@context":"https:\/\/schema.org","@graph":[{"@type":"WebPage","@id":"https:\/\/fedrs.eu\/de\/shop\/fedrs-ice-cool-hard-freeze-mint\/","url":"https:\/\/fedrs.eu\/de\/shop\/fedrs-ice-cool-hard-freeze-mint\/","name":"FEDRS Ice Cool Hard Freeze Mint - 65 mg Nikotin-Beutel","isPartOf":{"@id":"https:\/\/fedrs.eu\/de\/#website"},"primaryImageOfPage":{"@id":"https:\/\/fedrs.eu\/de\/shop\/fedrs-ice-cool-hard-freeze-mint\/#primaryimage"},"image":{"@id":"https:\/\/fedrs.eu\/de\/shop\/fedrs-ice-cool-hard-freeze-mint\/#primaryimage"},"thumbnailUrl":"https:\/\/fedrs.eu\/wp-content\/uploads\/2024\/12\/small_FreezeMintHard0005.png","datePublished":"2024-12-12T15:45:15+00:00","dateModified":"2025-08-30T13:41:05+00:00","description":"Sp\u00fcren Sie die K\u00e4lte mit den Ice Cool Hard Freeze Mint Nikotinbeuteln, die 65 mg\/g Nikotin liefern. Perfekt f\u00fcr Konsumenten, die sich nach einem extrem minzigen Erlebnis sehnen","breadcrumb":{"@id":"https:\/\/fedrs.eu\/de\/shop\/fedrs-ice-cool-hard-freeze-mint\/#breadcrumb"},"inLanguage":"de","potentialAction":[{"@type":"ReadAction","target":["https:\/\/fedrs.eu\/de\/shop\/fedrs-ice-cool-hard-freeze-mint\/"]}]},{"@type":"ImageObject","inLanguage":"de","@id":"https:\/\/fedrs.eu\/de\/shop\/fedrs-ice-cool-hard-freeze-mint\/#primaryimage","url":"https:\/\/fedrs.eu\/wp-content\/uploads\/2024\/12\/small_FreezeMintHard0005.png","contentUrl":"https:\/\/fedrs.eu\/wp-content\/uploads\/2024\/12\/small_FreezeMintHard0005.png","width":1000,"height":1000,"caption":"freeze mint hard fedrs"},{"@type":"BreadcrumbList","@id":"https:\/\/fedrs.eu\/de\/shop\/fedrs-ice-cool-hard-freeze-mint\/#breadcrumb","itemListElement":[{"@type":"ListItem","position":1,"name":"Startseite","item":"https:\/\/fedrs.eu\/de\/"},{"@type":"ListItem","position":2,"name":"Shop","item":"https:\/\/fedrs.eu\/de\/shop\/"},{"@type":"ListItem","position":3,"name":"FEDRS Ice Cool Hard Freeze Mint"}]},{"@type":"WebSite","@id":"https:\/\/fedrs.eu\/de\/#website","url":"https:\/\/fedrs.eu\/de\/","name":"fedrs.eu","description":"","publisher":{"@id":"https:\/\/fedrs.eu\/de\/#organization"},"potentialAction":[{"@type":"SearchAction","target":{"@type":"EntryPoint","urlTemplate":"https:\/\/fedrs.eu\/de\/?s={search_term_string}"},"query-input":{"@type":"PropertyValueSpecification","valueRequired":true,"valueName":"search_term_string"}}],"inLanguage":"de"},{"@type":"Organization","@id":"https:\/\/fedrs.eu\/de\/#organization","name":"Fedrs sp.z o.o","url":"https:\/\/fedrs.eu\/de\/","logo":{"@type":"ImageObject","inLanguage":"de","@id":"https:\/\/fedrs.eu\/de\/#\/schema\/logo\/image\/","url":"https:\/\/fedrs.eu\/wp-content\/uploads\/2024\/12\/image-52.png","contentUrl":"https:\/\/fedrs.eu\/wp-content\/uploads\/2024\/12\/image-52.png","width":97,"height":30,"caption":"Fedrs sp.z o.o"},"image":{"@id":"https:\/\/fedrs.eu\/de\/#\/schema\/logo\/image\/"},"publishingPrinciples":"https:\/\/fedrs.eu\/terms-and-conditions\/"}]},"product_brand":"FEDRS Ice Cool Hard","og_availability":"instock","product_availability":"instock","product_condition":"new"},"_links":{"self":[{"href":"https:\/\/fedrs.eu\/de\/wp-json\/wp\/v2\/product\/17885","targetHints":{"allow":["GET"]}}],"collection":[{"href":"https:\/\/fedrs.eu\/de\/wp-json\/wp\/v2\/product"}],"about":[{"href":"https:\/\/fedrs.eu\/de\/wp-json\/wp\/v2\/types\/product"}],"replies":[{"embeddable":true,"href":"https:\/\/fedrs.eu\/de\/wp-json\/wp\/v2\/comments?post=17885"}],"wp:featuredmedia":[{"embeddable":true,"href":"https:\/\/fedrs.eu\/de\/wp-json\/wp\/v2\/media\/5160"}],"wp:attachment":[{"href":"https:\/\/fedrs.eu\/de\/wp-json\/wp\/v2\/media?parent=17885"}],"wp:term":[{"taxonomy":"product_brand","embeddable":true,"href":"https:\/\/fedrs.eu\/de\/wp-json\/wp\/v2\/product_brand?post=17885"},{"taxonomy":"product_cat","embeddable":true,"href":"https:\/\/fedrs.eu\/de\/wp-json\/wp\/v2\/product_cat?post=17885"},{"taxonomy":"product_tag","embeddable":true,"href":"https:\/\/fedrs.eu\/de\/wp-json\/wp\/v2\/product_tag?post=17885"}],"curies":[{"name":"wp","href":"https:\/\/api.w.org\/{rel}","templated":true}]}}