{"id":17860,"date":"2024-11-26T14:49:07","date_gmt":"2024-11-26T13:49:07","guid":{"rendered":"https:\/\/fedrs.eu\/shop\/fedrs-ice-cool-harte-himbeere\/"},"modified":"2025-08-31T11:16:18","modified_gmt":"2025-08-31T09:16:18","slug":"fedrs-ice-cool-hard-raspberry","status":"publish","type":"product","link":"https:\/\/fedrs.eu\/de\/shop\/fedrs-ice-cool-hard-raspberry\/","title":{"rendered":"FEDRS Ice Cool Hard Raspberry"},"content":{"rendered":"<p>Wer liebt nicht die Natur und ihre Gaben? Der Geschmack von reifen und saftigen Himbeeren wird niemanden gleichg\u00fcltig lassen. Nat\u00fcrliche und hochwertige Zutaten sorgen daf\u00fcr, dass Sie das Aroma reifer Beeren im Garten in vollen Z\u00fcgen genie\u00dfen k\u00f6nnen, so dass Sie ohne Nebenwirkungen in jeden Prozess eintauchen k\u00f6nnen. FEDRS Ice Cool Hard Raspberry ist ein echtes Geschmackserlebnis, das Ihre Routine auf die n\u00e4chste Stufe des Genusses heben wird! Dieses Geschmacksprofil sollten Sie sich nicht entgehen lassen, denn es kombiniert reife, saftige Himbeeren mit einer s\u00fc\u00dfen, kandierten Note und einem absolut reinen und nat\u00fcrlichen Beerenaroma.<\/p>\n","protected":false},"excerpt":{"rendered":"<p>Wer liebt nicht die Natur und ihre Gaben? Der Geschmack von reifen und saftigen Himbeeren wird niemanden gleichg\u00fcltig lassen. Nat\u00fcrliche und hochwertige Zutaten sorgen daf\u00fcr, dass<span class=\"excerpt-hellip\"> [\u2026]<\/span><\/p>\n","protected":false},"featured_media":3234,"comment_status":"open","ping_status":"closed","template":"","meta":{"googlesitekit_rrm_CAowmrG7DA:productID":""},"product_brand":[],"product_cat":[657,628,658,818],"product_tag":[],"class_list":{"0":"post-17860","1":"product","2":"type-product","3":"status-publish","4":"has-post-thumbnail","6":"product_cat-65-mg-g-de","7":"product_cat-beeren","8":"product_cat-fedrs-ice-cool-hard-de","9":"product_cat-nikotinbeutel","11":"first","12":"instock","13":"taxable","14":"shipping-taxable","15":"product-type-variable","16":"has-default-attributes"},"yoast_head":"<!-- This site is optimized with the Yoast SEO Premium plugin v26.5 (Yoast SEO v27.3) - https:\/\/yoast.com\/product\/yoast-seo-premium-wordpress\/ -->\n<title>FEDRS Ice Cool Hard Raspberry Nikotinbeutel - 65 mg\/g<\/title>\n<meta name=\"description\" content=\"Ice Cool Hard Raspberry Nikotinbeutel mit dem nat\u00fcrlich s\u00fc\u00dfen Geschmack. 65 mg\/g Nikotin. Erleben Sie ein reichhaltiges Beerenaroma mit einem leuchtend fruchtigen Nachgeschmack!\" \/>\n<meta name=\"robots\" content=\"index, follow, max-snippet:-1, max-image-preview:large, max-video-preview:-1\" \/>\n<link rel=\"canonical\" href=\"https:\/\/fedrs.eu\/de\/shop\/fedrs-ice-cool-hard-raspberry\/\" \/>\n<meta property=\"og:locale\" content=\"de_DE\" \/>\n<meta property=\"og:type\" content=\"article\" \/>\n<meta property=\"og:title\" content=\"FEDRS Ice Cool Hard Raspberry\" \/>\n<meta property=\"og:description\" content=\"Ice Cool Hard Raspberry Nikotinbeutel mit dem nat\u00fcrlich s\u00fc\u00dfen Geschmack. 65 mg\/g Nikotin. Erleben Sie ein reichhaltiges Beerenaroma mit einem leuchtend fruchtigen Nachgeschmack!\" \/>\n<meta property=\"og:url\" content=\"https:\/\/fedrs.eu\/de\/shop\/fedrs-ice-cool-hard-raspberry\/\" \/>\n<meta property=\"og:site_name\" content=\"fedrs.eu\" \/>\n<meta property=\"article:modified_time\" content=\"2025-08-31T09:16:18+00:00\" \/>\n<meta property=\"og:image\" content=\"https:\/\/fedrs.eu\/wp-content\/uploads\/2024\/11\/RaspBerryHard0005-min.png\" \/>\n\t<meta property=\"og:image:width\" content=\"960\" \/>\n\t<meta property=\"og:image:height\" content=\"960\" \/>\n\t<meta property=\"og:image:type\" content=\"image\/png\" \/>\n<meta name=\"twitter:card\" content=\"summary_large_image\" \/>\n<meta name=\"twitter:label1\" content=\"Verf\u00fcgbarkeit\" \/>\n\t<meta name=\"twitter:data1\" content=\"Auf Lager\" \/>\n<script type=\"application\/ld+json\" class=\"yoast-schema-graph\">{\"@context\":\"https:\\\/\\\/schema.org\",\"@graph\":[{\"@type\":\"WebPage\",\"@id\":\"https:\\\/\\\/fedrs.eu\\\/de\\\/shop\\\/fedrs-ice-cool-hard-raspberry\\\/\",\"url\":\"https:\\\/\\\/fedrs.eu\\\/de\\\/shop\\\/fedrs-ice-cool-hard-raspberry\\\/\",\"name\":\"FEDRS Ice Cool Hard Raspberry Nikotinbeutel - 65 mg\\\/g\",\"isPartOf\":{\"@id\":\"https:\\\/\\\/fedrs.eu\\\/de\\\/#website\"},\"primaryImageOfPage\":{\"@id\":\"https:\\\/\\\/fedrs.eu\\\/de\\\/shop\\\/fedrs-ice-cool-hard-raspberry\\\/#primaryimage\"},\"image\":{\"@id\":\"https:\\\/\\\/fedrs.eu\\\/de\\\/shop\\\/fedrs-ice-cool-hard-raspberry\\\/#primaryimage\"},\"thumbnailUrl\":\"https:\\\/\\\/fedrs.eu\\\/wp-content\\\/uploads\\\/2024\\\/11\\\/RaspBerryHard0005-min.png\",\"datePublished\":\"2024-11-26T13:49:07+00:00\",\"dateModified\":\"2025-08-31T09:16:18+00:00\",\"description\":\"Ice Cool Hard Raspberry Nikotinbeutel mit dem nat\u00fcrlich s\u00fc\u00dfen Geschmack. 65 mg\\\/g Nikotin. Erleben Sie ein reichhaltiges Beerenaroma mit einem leuchtend fruchtigen Nachgeschmack!\",\"breadcrumb\":{\"@id\":\"https:\\\/\\\/fedrs.eu\\\/de\\\/shop\\\/fedrs-ice-cool-hard-raspberry\\\/#breadcrumb\"},\"inLanguage\":\"de\",\"potentialAction\":[{\"@type\":\"ReadAction\",\"target\":[\"https:\\\/\\\/fedrs.eu\\\/de\\\/shop\\\/fedrs-ice-cool-hard-raspberry\\\/\"]}]},{\"@type\":\"ImageObject\",\"inLanguage\":\"de\",\"@id\":\"https:\\\/\\\/fedrs.eu\\\/de\\\/shop\\\/fedrs-ice-cool-hard-raspberry\\\/#primaryimage\",\"url\":\"https:\\\/\\\/fedrs.eu\\\/wp-content\\\/uploads\\\/2024\\\/11\\\/RaspBerryHard0005-min.png\",\"contentUrl\":\"https:\\\/\\\/fedrs.eu\\\/wp-content\\\/uploads\\\/2024\\\/11\\\/RaspBerryHard0005-min.png\",\"width\":960,\"height\":960},{\"@type\":\"BreadcrumbList\",\"@id\":\"https:\\\/\\\/fedrs.eu\\\/de\\\/shop\\\/fedrs-ice-cool-hard-raspberry\\\/#breadcrumb\",\"itemListElement\":[{\"@type\":\"ListItem\",\"position\":1,\"name\":\"Startseite\",\"item\":\"https:\\\/\\\/fedrs.eu\\\/de\\\/\"},{\"@type\":\"ListItem\",\"position\":2,\"name\":\"Shop\",\"item\":\"https:\\\/\\\/fedrs.eu\\\/de\\\/shop\\\/\"},{\"@type\":\"ListItem\",\"position\":3,\"name\":\"FEDRS Ice Cool Hard Raspberry\"}]},{\"@type\":\"WebSite\",\"@id\":\"https:\\\/\\\/fedrs.eu\\\/de\\\/#website\",\"url\":\"https:\\\/\\\/fedrs.eu\\\/de\\\/\",\"name\":\"fedrs.eu\",\"description\":\"\",\"publisher\":{\"@id\":\"https:\\\/\\\/fedrs.eu\\\/de\\\/#organization\"},\"potentialAction\":[{\"@type\":\"SearchAction\",\"target\":{\"@type\":\"EntryPoint\",\"urlTemplate\":\"https:\\\/\\\/fedrs.eu\\\/de\\\/?s={search_term_string}\"},\"query-input\":{\"@type\":\"PropertyValueSpecification\",\"valueRequired\":true,\"valueName\":\"search_term_string\"}}],\"inLanguage\":\"de\"},{\"@type\":\"Organization\",\"@id\":\"https:\\\/\\\/fedrs.eu\\\/de\\\/#organization\",\"name\":\"Fedrs sp.z o.o\",\"url\":\"https:\\\/\\\/fedrs.eu\\\/de\\\/\",\"logo\":{\"@type\":\"ImageObject\",\"inLanguage\":\"de\",\"@id\":\"https:\\\/\\\/fedrs.eu\\\/de\\\/#\\\/schema\\\/logo\\\/image\\\/\",\"url\":\"https:\\\/\\\/fedrs.eu\\\/wp-content\\\/uploads\\\/2024\\\/12\\\/image-52.png\",\"contentUrl\":\"https:\\\/\\\/fedrs.eu\\\/wp-content\\\/uploads\\\/2024\\\/12\\\/image-52.png\",\"width\":97,\"height\":30,\"caption\":\"Fedrs sp.z o.o\"},\"image\":{\"@id\":\"https:\\\/\\\/fedrs.eu\\\/de\\\/#\\\/schema\\\/logo\\\/image\\\/\"},\"publishingPrinciples\":\"https:\\\/\\\/fedrs.eu\\\/terms-and-conditions\\\/\"}]}<\/script>\n<meta property=\"product:brand\" content=\"FEDRS Ice Cool Hard\" \/>\n<meta property=\"og:availability\" content=\"instock\" \/>\n<meta property=\"product:availability\" content=\"instock\" \/>\n<meta property=\"product:retailer_item_id\" content=\"01005\" \/>\n<meta property=\"product:condition\" content=\"new\" \/>\n<!-- \/ Yoast SEO Premium plugin. -->","yoast_head_json":{"title":"FEDRS Ice Cool Hard Raspberry Nikotinbeutel - 65 mg\/g","description":"Ice Cool Hard Raspberry Nikotinbeutel mit dem nat\u00fcrlich s\u00fc\u00dfen Geschmack. 65 mg\/g Nikotin. Erleben Sie ein reichhaltiges Beerenaroma mit einem leuchtend fruchtigen Nachgeschmack!","robots":{"index":"index","follow":"follow","max-snippet":"max-snippet:-1","max-image-preview":"max-image-preview:large","max-video-preview":"max-video-preview:-1"},"canonical":"https:\/\/fedrs.eu\/de\/shop\/fedrs-ice-cool-hard-raspberry\/","og_locale":"de_DE","og_type":"article","og_title":"FEDRS Ice Cool Hard Raspberry","og_description":"Ice Cool Hard Raspberry Nikotinbeutel mit dem nat\u00fcrlich s\u00fc\u00dfen Geschmack. 65 mg\/g Nikotin. Erleben Sie ein reichhaltiges Beerenaroma mit einem leuchtend fruchtigen Nachgeschmack!","og_url":"https:\/\/fedrs.eu\/de\/shop\/fedrs-ice-cool-hard-raspberry\/","og_site_name":"fedrs.eu","article_modified_time":"2025-08-31T09:16:18+00:00","og_image":[{"width":960,"height":960,"url":"https:\/\/fedrs.eu\/wp-content\/uploads\/2024\/11\/RaspBerryHard0005-min.png","type":"image\/png"}],"twitter_card":"summary_large_image","twitter_misc":{"Verf\u00fcgbarkeit":"Auf Lager"},"schema":{"@context":"https:\/\/schema.org","@graph":[{"@type":"WebPage","@id":"https:\/\/fedrs.eu\/de\/shop\/fedrs-ice-cool-hard-raspberry\/","url":"https:\/\/fedrs.eu\/de\/shop\/fedrs-ice-cool-hard-raspberry\/","name":"FEDRS Ice Cool Hard Raspberry Nikotinbeutel - 65 mg\/g","isPartOf":{"@id":"https:\/\/fedrs.eu\/de\/#website"},"primaryImageOfPage":{"@id":"https:\/\/fedrs.eu\/de\/shop\/fedrs-ice-cool-hard-raspberry\/#primaryimage"},"image":{"@id":"https:\/\/fedrs.eu\/de\/shop\/fedrs-ice-cool-hard-raspberry\/#primaryimage"},"thumbnailUrl":"https:\/\/fedrs.eu\/wp-content\/uploads\/2024\/11\/RaspBerryHard0005-min.png","datePublished":"2024-11-26T13:49:07+00:00","dateModified":"2025-08-31T09:16:18+00:00","description":"Ice Cool Hard Raspberry Nikotinbeutel mit dem nat\u00fcrlich s\u00fc\u00dfen Geschmack. 65 mg\/g Nikotin. Erleben Sie ein reichhaltiges Beerenaroma mit einem leuchtend fruchtigen Nachgeschmack!","breadcrumb":{"@id":"https:\/\/fedrs.eu\/de\/shop\/fedrs-ice-cool-hard-raspberry\/#breadcrumb"},"inLanguage":"de","potentialAction":[{"@type":"ReadAction","target":["https:\/\/fedrs.eu\/de\/shop\/fedrs-ice-cool-hard-raspberry\/"]}]},{"@type":"ImageObject","inLanguage":"de","@id":"https:\/\/fedrs.eu\/de\/shop\/fedrs-ice-cool-hard-raspberry\/#primaryimage","url":"https:\/\/fedrs.eu\/wp-content\/uploads\/2024\/11\/RaspBerryHard0005-min.png","contentUrl":"https:\/\/fedrs.eu\/wp-content\/uploads\/2024\/11\/RaspBerryHard0005-min.png","width":960,"height":960},{"@type":"BreadcrumbList","@id":"https:\/\/fedrs.eu\/de\/shop\/fedrs-ice-cool-hard-raspberry\/#breadcrumb","itemListElement":[{"@type":"ListItem","position":1,"name":"Startseite","item":"https:\/\/fedrs.eu\/de\/"},{"@type":"ListItem","position":2,"name":"Shop","item":"https:\/\/fedrs.eu\/de\/shop\/"},{"@type":"ListItem","position":3,"name":"FEDRS Ice Cool Hard Raspberry"}]},{"@type":"WebSite","@id":"https:\/\/fedrs.eu\/de\/#website","url":"https:\/\/fedrs.eu\/de\/","name":"fedrs.eu","description":"","publisher":{"@id":"https:\/\/fedrs.eu\/de\/#organization"},"potentialAction":[{"@type":"SearchAction","target":{"@type":"EntryPoint","urlTemplate":"https:\/\/fedrs.eu\/de\/?s={search_term_string}"},"query-input":{"@type":"PropertyValueSpecification","valueRequired":true,"valueName":"search_term_string"}}],"inLanguage":"de"},{"@type":"Organization","@id":"https:\/\/fedrs.eu\/de\/#organization","name":"Fedrs sp.z o.o","url":"https:\/\/fedrs.eu\/de\/","logo":{"@type":"ImageObject","inLanguage":"de","@id":"https:\/\/fedrs.eu\/de\/#\/schema\/logo\/image\/","url":"https:\/\/fedrs.eu\/wp-content\/uploads\/2024\/12\/image-52.png","contentUrl":"https:\/\/fedrs.eu\/wp-content\/uploads\/2024\/12\/image-52.png","width":97,"height":30,"caption":"Fedrs sp.z o.o"},"image":{"@id":"https:\/\/fedrs.eu\/de\/#\/schema\/logo\/image\/"},"publishingPrinciples":"https:\/\/fedrs.eu\/terms-and-conditions\/"}]},"product_brand":"FEDRS Ice Cool Hard","og_availability":"instock","product_availability":"instock","product_retailer_item_id":"01005","product_condition":"new"},"_links":{"self":[{"href":"https:\/\/fedrs.eu\/de\/wp-json\/wp\/v2\/product\/17860","targetHints":{"allow":["GET"]}}],"collection":[{"href":"https:\/\/fedrs.eu\/de\/wp-json\/wp\/v2\/product"}],"about":[{"href":"https:\/\/fedrs.eu\/de\/wp-json\/wp\/v2\/types\/product"}],"replies":[{"embeddable":true,"href":"https:\/\/fedrs.eu\/de\/wp-json\/wp\/v2\/comments?post=17860"}],"wp:featuredmedia":[{"embeddable":true,"href":"https:\/\/fedrs.eu\/de\/wp-json\/wp\/v2\/media\/3234"}],"wp:attachment":[{"href":"https:\/\/fedrs.eu\/de\/wp-json\/wp\/v2\/media?parent=17860"}],"wp:term":[{"taxonomy":"product_brand","embeddable":true,"href":"https:\/\/fedrs.eu\/de\/wp-json\/wp\/v2\/product_brand?post=17860"},{"taxonomy":"product_cat","embeddable":true,"href":"https:\/\/fedrs.eu\/de\/wp-json\/wp\/v2\/product_cat?post=17860"},{"taxonomy":"product_tag","embeddable":true,"href":"https:\/\/fedrs.eu\/de\/wp-json\/wp\/v2\/product_tag?post=17860"}],"curies":[{"name":"wp","href":"https:\/\/api.w.org\/{rel}","templated":true}]}}