{"id":17854,"date":"2024-11-26T16:26:27","date_gmt":"2024-11-26T16:26:27","guid":{"rendered":"https:\/\/fedrs.eu\/shop\/fedrs-ice-cool-hard-mango\/"},"modified":"2025-09-29T00:57:22","modified_gmt":"2025-09-28T22:57:22","slug":"fedrs-ice-cool-hard-mango","status":"publish","type":"product","link":"https:\/\/fedrs.eu\/de\/shop\/fedrs-ice-cool-hard-mango\/","title":{"rendered":"FEDRS Ice Cool Hard Mango"},"content":{"rendered":"<p>Begr\u00fc\u00dfen Sie den Urlaub im Tropenwald! Diese Geschmacksrichtung wurde speziell f\u00fcr S\u00fc\u00dfwarenliebhaber entwickelt, die exotische Fruchtgeschm\u00e4cker bevorzugen. Honig und saftige Mango werden Sie zu neuen Ideen inspirieren - es ist ein Genuss, den Sie immer wieder wiederholen wollen, weil Sie nie genug von diesem Genuss haben werden.<strong> FEDRS Ice Cool Hard Mango <\/strong> hat einen tropischen Mangogeschmack mit einem Hauch von Eis, der ihn extrem erfrischend macht. Weiche, saftige Mangonoten mit einem k\u00fchlen Unterton, der im Ausatmen seinen H\u00f6hepunkt erreicht und f\u00fcr ein erfrischendes Finish sorgt. Vergessen Sie nicht, sie mit Ihren Freunden zu teilen: Ihre Kumpels werden diese sanften und saftigen T\u00f6ne dieses exotischen Leckerbissens lieben.    <\/p>\n","protected":false},"excerpt":{"rendered":"<p>Begr\u00fc\u00dfen Sie den Urlaub im Tropenwald! Diese Geschmacksrichtung wurde speziell f\u00fcr S\u00fc\u00dfwarenliebhaber entwickelt, die exotische Fruchtgeschm\u00e4cker bevorzugen. Honig und saftige Mango werden Sie zu neuen Ideen<span class=\"excerpt-hellip\"> [\u2026]<\/span><\/p>\n","protected":false},"featured_media":3494,"comment_status":"open","ping_status":"closed","template":"","meta":{"googlesitekit_rrm_CAowmrG7DA:productID":""},"product_brand":[],"product_cat":[657,658,629,818],"product_tag":[],"class_list":{"0":"post-17854","1":"product","2":"type-product","3":"status-publish","4":"has-post-thumbnail","6":"product_cat-65-mg-g-de","7":"product_cat-fedrs-ice-cool-hard-de","8":"product_cat-frucht-aroma","9":"product_cat-nikotinbeutel","11":"first","12":"outofstock","13":"taxable","14":"shipping-taxable","15":"product-type-variable","16":"has-default-attributes"},"yoast_head":"<!-- This site is optimized with the Yoast SEO Premium plugin v26.5 (Yoast SEO v27.3) - https:\/\/yoast.com\/product\/yoast-seo-premium-wordpress\/ -->\n<title>FEDRS Ice Cool Hard Mango Nikotinbeutel kaufen<\/title>\n<meta name=\"description\" content=\"FEDRS Ice Cool Hard Mango Nikotin-Beutel mit 65 mg\/g Nikotingehalt. Perfekt f\u00fcr Konsumenten, die einen kr\u00e4ftigen, tropischen Mangogeschmack mit einem k\u00fchlen Abgang suchen!\" \/>\n<meta name=\"robots\" content=\"index, follow, max-snippet:-1, max-image-preview:large, max-video-preview:-1\" \/>\n<link rel=\"canonical\" href=\"https:\/\/fedrs.eu\/de\/shop\/fedrs-ice-cool-hard-mango\/\" \/>\n<meta property=\"og:locale\" content=\"de_DE\" \/>\n<meta property=\"og:type\" content=\"article\" \/>\n<meta property=\"og:title\" content=\"FEDRS Ice Cool Hard Mango\" \/>\n<meta property=\"og:description\" content=\"FEDRS Ice Cool Hard Mango Nikotin-Beutel mit 65 mg\/g Nikotingehalt. Perfekt f\u00fcr Konsumenten, die einen kr\u00e4ftigen, tropischen Mangogeschmack mit einem k\u00fchlen Abgang suchen!\" \/>\n<meta property=\"og:url\" content=\"https:\/\/fedrs.eu\/de\/shop\/fedrs-ice-cool-hard-mango\/\" \/>\n<meta property=\"og:site_name\" content=\"fedrs.eu\" \/>\n<meta property=\"article:modified_time\" content=\"2025-09-28T22:57:22+00:00\" \/>\n<meta property=\"og:image\" content=\"https:\/\/fedrs.eu\/wp-content\/uploads\/2024\/11\/MangoHard0005-min.png\" \/>\n\t<meta property=\"og:image:width\" content=\"960\" \/>\n\t<meta property=\"og:image:height\" content=\"960\" \/>\n\t<meta property=\"og:image:type\" content=\"image\/png\" \/>\n<meta name=\"twitter:card\" content=\"summary_large_image\" \/>\n<meta name=\"twitter:label1\" content=\"Verf\u00fcgbarkeit\" \/>\n\t<meta name=\"twitter:data1\" content=\"ausverkauft\" \/>\n<script type=\"application\/ld+json\" class=\"yoast-schema-graph\">{\"@context\":\"https:\\\/\\\/schema.org\",\"@graph\":[{\"@type\":\"WebPage\",\"@id\":\"https:\\\/\\\/fedrs.eu\\\/de\\\/shop\\\/fedrs-ice-cool-hard-mango\\\/\",\"url\":\"https:\\\/\\\/fedrs.eu\\\/de\\\/shop\\\/fedrs-ice-cool-hard-mango\\\/\",\"name\":\"FEDRS Ice Cool Hard Mango Nikotinbeutel kaufen\",\"isPartOf\":{\"@id\":\"https:\\\/\\\/fedrs.eu\\\/de\\\/#website\"},\"primaryImageOfPage\":{\"@id\":\"https:\\\/\\\/fedrs.eu\\\/de\\\/shop\\\/fedrs-ice-cool-hard-mango\\\/#primaryimage\"},\"image\":{\"@id\":\"https:\\\/\\\/fedrs.eu\\\/de\\\/shop\\\/fedrs-ice-cool-hard-mango\\\/#primaryimage\"},\"thumbnailUrl\":\"https:\\\/\\\/fedrs.eu\\\/wp-content\\\/uploads\\\/2024\\\/11\\\/MangoHard0005-min.png\",\"datePublished\":\"2024-11-26T16:26:27+00:00\",\"dateModified\":\"2025-09-28T22:57:22+00:00\",\"description\":\"FEDRS Ice Cool Hard Mango Nikotin-Beutel mit 65 mg\\\/g Nikotingehalt. Perfekt f\u00fcr Konsumenten, die einen kr\u00e4ftigen, tropischen Mangogeschmack mit einem k\u00fchlen Abgang suchen!\",\"breadcrumb\":{\"@id\":\"https:\\\/\\\/fedrs.eu\\\/de\\\/shop\\\/fedrs-ice-cool-hard-mango\\\/#breadcrumb\"},\"inLanguage\":\"de\",\"potentialAction\":[{\"@type\":\"ReadAction\",\"target\":[\"https:\\\/\\\/fedrs.eu\\\/de\\\/shop\\\/fedrs-ice-cool-hard-mango\\\/\"]}]},{\"@type\":\"ImageObject\",\"inLanguage\":\"de\",\"@id\":\"https:\\\/\\\/fedrs.eu\\\/de\\\/shop\\\/fedrs-ice-cool-hard-mango\\\/#primaryimage\",\"url\":\"https:\\\/\\\/fedrs.eu\\\/wp-content\\\/uploads\\\/2024\\\/11\\\/MangoHard0005-min.png\",\"contentUrl\":\"https:\\\/\\\/fedrs.eu\\\/wp-content\\\/uploads\\\/2024\\\/11\\\/MangoHard0005-min.png\",\"width\":960,\"height\":960},{\"@type\":\"BreadcrumbList\",\"@id\":\"https:\\\/\\\/fedrs.eu\\\/de\\\/shop\\\/fedrs-ice-cool-hard-mango\\\/#breadcrumb\",\"itemListElement\":[{\"@type\":\"ListItem\",\"position\":1,\"name\":\"Startseite\",\"item\":\"https:\\\/\\\/fedrs.eu\\\/de\\\/\"},{\"@type\":\"ListItem\",\"position\":2,\"name\":\"Shop\",\"item\":\"https:\\\/\\\/fedrs.eu\\\/de\\\/shop\\\/\"},{\"@type\":\"ListItem\",\"position\":3,\"name\":\"FEDRS Ice Cool Hard Mango\"}]},{\"@type\":\"WebSite\",\"@id\":\"https:\\\/\\\/fedrs.eu\\\/de\\\/#website\",\"url\":\"https:\\\/\\\/fedrs.eu\\\/de\\\/\",\"name\":\"fedrs.eu\",\"description\":\"\",\"publisher\":{\"@id\":\"https:\\\/\\\/fedrs.eu\\\/de\\\/#organization\"},\"potentialAction\":[{\"@type\":\"SearchAction\",\"target\":{\"@type\":\"EntryPoint\",\"urlTemplate\":\"https:\\\/\\\/fedrs.eu\\\/de\\\/?s={search_term_string}\"},\"query-input\":{\"@type\":\"PropertyValueSpecification\",\"valueRequired\":true,\"valueName\":\"search_term_string\"}}],\"inLanguage\":\"de\"},{\"@type\":\"Organization\",\"@id\":\"https:\\\/\\\/fedrs.eu\\\/de\\\/#organization\",\"name\":\"Fedrs sp.z o.o\",\"url\":\"https:\\\/\\\/fedrs.eu\\\/de\\\/\",\"logo\":{\"@type\":\"ImageObject\",\"inLanguage\":\"de\",\"@id\":\"https:\\\/\\\/fedrs.eu\\\/de\\\/#\\\/schema\\\/logo\\\/image\\\/\",\"url\":\"https:\\\/\\\/fedrs.eu\\\/wp-content\\\/uploads\\\/2024\\\/12\\\/image-52.png\",\"contentUrl\":\"https:\\\/\\\/fedrs.eu\\\/wp-content\\\/uploads\\\/2024\\\/12\\\/image-52.png\",\"width\":97,\"height\":30,\"caption\":\"Fedrs sp.z o.o\"},\"image\":{\"@id\":\"https:\\\/\\\/fedrs.eu\\\/de\\\/#\\\/schema\\\/logo\\\/image\\\/\"},\"publishingPrinciples\":\"https:\\\/\\\/fedrs.eu\\\/terms-and-conditions\\\/\"}]}<\/script>\n<meta property=\"product:brand\" content=\"FEDRS Ice Cool Hard\" \/>\n<meta property=\"og:availability\" content=\"out of stock\" \/>\n<meta property=\"product:availability\" content=\"out of stock\" \/>\n<meta property=\"product:retailer_item_id\" content=\"01009\" \/>\n<meta property=\"product:condition\" content=\"new\" \/>\n<!-- \/ Yoast SEO Premium plugin. -->","yoast_head_json":{"title":"FEDRS Ice Cool Hard Mango Nikotinbeutel kaufen","description":"FEDRS Ice Cool Hard Mango Nikotin-Beutel mit 65 mg\/g Nikotingehalt. Perfekt f\u00fcr Konsumenten, die einen kr\u00e4ftigen, tropischen Mangogeschmack mit einem k\u00fchlen Abgang suchen!","robots":{"index":"index","follow":"follow","max-snippet":"max-snippet:-1","max-image-preview":"max-image-preview:large","max-video-preview":"max-video-preview:-1"},"canonical":"https:\/\/fedrs.eu\/de\/shop\/fedrs-ice-cool-hard-mango\/","og_locale":"de_DE","og_type":"article","og_title":"FEDRS Ice Cool Hard Mango","og_description":"FEDRS Ice Cool Hard Mango Nikotin-Beutel mit 65 mg\/g Nikotingehalt. Perfekt f\u00fcr Konsumenten, die einen kr\u00e4ftigen, tropischen Mangogeschmack mit einem k\u00fchlen Abgang suchen!","og_url":"https:\/\/fedrs.eu\/de\/shop\/fedrs-ice-cool-hard-mango\/","og_site_name":"fedrs.eu","article_modified_time":"2025-09-28T22:57:22+00:00","og_image":[{"width":960,"height":960,"url":"https:\/\/fedrs.eu\/wp-content\/uploads\/2024\/11\/MangoHard0005-min.png","type":"image\/png"}],"twitter_card":"summary_large_image","twitter_misc":{"Verf\u00fcgbarkeit":"ausverkauft"},"schema":{"@context":"https:\/\/schema.org","@graph":[{"@type":"WebPage","@id":"https:\/\/fedrs.eu\/de\/shop\/fedrs-ice-cool-hard-mango\/","url":"https:\/\/fedrs.eu\/de\/shop\/fedrs-ice-cool-hard-mango\/","name":"FEDRS Ice Cool Hard Mango Nikotinbeutel kaufen","isPartOf":{"@id":"https:\/\/fedrs.eu\/de\/#website"},"primaryImageOfPage":{"@id":"https:\/\/fedrs.eu\/de\/shop\/fedrs-ice-cool-hard-mango\/#primaryimage"},"image":{"@id":"https:\/\/fedrs.eu\/de\/shop\/fedrs-ice-cool-hard-mango\/#primaryimage"},"thumbnailUrl":"https:\/\/fedrs.eu\/wp-content\/uploads\/2024\/11\/MangoHard0005-min.png","datePublished":"2024-11-26T16:26:27+00:00","dateModified":"2025-09-28T22:57:22+00:00","description":"FEDRS Ice Cool Hard Mango Nikotin-Beutel mit 65 mg\/g Nikotingehalt. Perfekt f\u00fcr Konsumenten, die einen kr\u00e4ftigen, tropischen Mangogeschmack mit einem k\u00fchlen Abgang suchen!","breadcrumb":{"@id":"https:\/\/fedrs.eu\/de\/shop\/fedrs-ice-cool-hard-mango\/#breadcrumb"},"inLanguage":"de","potentialAction":[{"@type":"ReadAction","target":["https:\/\/fedrs.eu\/de\/shop\/fedrs-ice-cool-hard-mango\/"]}]},{"@type":"ImageObject","inLanguage":"de","@id":"https:\/\/fedrs.eu\/de\/shop\/fedrs-ice-cool-hard-mango\/#primaryimage","url":"https:\/\/fedrs.eu\/wp-content\/uploads\/2024\/11\/MangoHard0005-min.png","contentUrl":"https:\/\/fedrs.eu\/wp-content\/uploads\/2024\/11\/MangoHard0005-min.png","width":960,"height":960},{"@type":"BreadcrumbList","@id":"https:\/\/fedrs.eu\/de\/shop\/fedrs-ice-cool-hard-mango\/#breadcrumb","itemListElement":[{"@type":"ListItem","position":1,"name":"Startseite","item":"https:\/\/fedrs.eu\/de\/"},{"@type":"ListItem","position":2,"name":"Shop","item":"https:\/\/fedrs.eu\/de\/shop\/"},{"@type":"ListItem","position":3,"name":"FEDRS Ice Cool Hard Mango"}]},{"@type":"WebSite","@id":"https:\/\/fedrs.eu\/de\/#website","url":"https:\/\/fedrs.eu\/de\/","name":"fedrs.eu","description":"","publisher":{"@id":"https:\/\/fedrs.eu\/de\/#organization"},"potentialAction":[{"@type":"SearchAction","target":{"@type":"EntryPoint","urlTemplate":"https:\/\/fedrs.eu\/de\/?s={search_term_string}"},"query-input":{"@type":"PropertyValueSpecification","valueRequired":true,"valueName":"search_term_string"}}],"inLanguage":"de"},{"@type":"Organization","@id":"https:\/\/fedrs.eu\/de\/#organization","name":"Fedrs sp.z o.o","url":"https:\/\/fedrs.eu\/de\/","logo":{"@type":"ImageObject","inLanguage":"de","@id":"https:\/\/fedrs.eu\/de\/#\/schema\/logo\/image\/","url":"https:\/\/fedrs.eu\/wp-content\/uploads\/2024\/12\/image-52.png","contentUrl":"https:\/\/fedrs.eu\/wp-content\/uploads\/2024\/12\/image-52.png","width":97,"height":30,"caption":"Fedrs sp.z o.o"},"image":{"@id":"https:\/\/fedrs.eu\/de\/#\/schema\/logo\/image\/"},"publishingPrinciples":"https:\/\/fedrs.eu\/terms-and-conditions\/"}]},"product_brand":"FEDRS Ice Cool Hard","og_availability":"out of stock","product_availability":"out of stock","product_retailer_item_id":"01009","product_condition":"new"},"_links":{"self":[{"href":"https:\/\/fedrs.eu\/de\/wp-json\/wp\/v2\/product\/17854","targetHints":{"allow":["GET"]}}],"collection":[{"href":"https:\/\/fedrs.eu\/de\/wp-json\/wp\/v2\/product"}],"about":[{"href":"https:\/\/fedrs.eu\/de\/wp-json\/wp\/v2\/types\/product"}],"replies":[{"embeddable":true,"href":"https:\/\/fedrs.eu\/de\/wp-json\/wp\/v2\/comments?post=17854"}],"wp:featuredmedia":[{"embeddable":true,"href":"https:\/\/fedrs.eu\/de\/wp-json\/wp\/v2\/media\/3494"}],"wp:attachment":[{"href":"https:\/\/fedrs.eu\/de\/wp-json\/wp\/v2\/media?parent=17854"}],"wp:term":[{"taxonomy":"product_brand","embeddable":true,"href":"https:\/\/fedrs.eu\/de\/wp-json\/wp\/v2\/product_brand?post=17854"},{"taxonomy":"product_cat","embeddable":true,"href":"https:\/\/fedrs.eu\/de\/wp-json\/wp\/v2\/product_cat?post=17854"},{"taxonomy":"product_tag","embeddable":true,"href":"https:\/\/fedrs.eu\/de\/wp-json\/wp\/v2\/product_tag?post=17854"}],"curies":[{"name":"wp","href":"https:\/\/api.w.org\/{rel}","templated":true}]}}