{"id":17837,"date":"2024-11-26T13:38:45","date_gmt":"2024-11-26T13:38:45","guid":{"rendered":"https:\/\/fedrs.eu\/shop\/fedrs-ice-cool-hard-mint\/"},"modified":"2025-10-10T17:01:47","modified_gmt":"2025-10-10T15:01:47","slug":"fedrs-ice-cool-hard-mint","status":"publish","type":"product","link":"https:\/\/fedrs.eu\/de\/shop\/fedrs-ice-cool-hard-mint\/","title":{"rendered":"FEDRS Ice Cool Hard Mint"},"content":{"rendered":"<p>FEDRS Ice Cool Hard Mint - frostige Minzfrische, die Ihnen einen kr\u00e4ftigen Schlag Freude bereitet.<br \/>\nDie hohe Konzentration an Wirkstoffen in Mint Hard wird f\u00fcr erfahrene FEDRS Produktliebhaber eine echte Entdeckung sein. FEDRS Ice Cool Hard Mint ist ein klassischer Mentholgeschmack mit sowohl s\u00fc\u00dfen als auch k\u00fchlen Schichten. Gek\u00fchlte Minze und Eis verbinden sich zu einem sauberen und frischen Ein- und Ausatmen. Die Verschmelzung von k\u00fchlem Menthol und eisgek\u00fchlter Minze ergibt einen frischen Geschmack mit s\u00fc\u00dfen, knackigen Noten, von dem Sie nicht genug bekommen k\u00f6nnen. Dieser Geschmack ist perfekt f\u00fcr den t\u00e4glichen Gebrauch - er k\u00f6nnte sogar Ihren Lieblingskaugummi ersetzen!    <\/p>\n","protected":false},"excerpt":{"rendered":"<p>FEDRS Ice Cool Hard Mint - frostige Minzfrische, die Ihnen einen kr\u00e4ftigen Schlag Freude bereitet. Die hohe Konzentration an Wirkstoffen in Mint Hard wird f\u00fcr erfahrene<span class=\"excerpt-hellip\"> [\u2026]<\/span><\/p>\n","protected":false},"featured_media":5281,"comment_status":"open","ping_status":"closed","template":"","meta":{"googlesitekit_rrm_CAowmrG7DA:productID":""},"product_brand":[],"product_cat":[657,658,627,818],"product_tag":[],"class_list":{"0":"post-17837","1":"product","2":"type-product","3":"status-publish","4":"has-post-thumbnail","6":"product_cat-65-mg-g-de","7":"product_cat-fedrs-ice-cool-hard-de","8":"product_cat-minze-menthol","9":"product_cat-nikotinbeutel","11":"first","12":"instock","13":"taxable","14":"shipping-taxable","15":"product-type-variable","16":"has-default-attributes"},"yoast_head":"<!-- This site is optimized with the Yoast SEO Premium plugin v26.5 (Yoast SEO v27.2) - https:\/\/yoast.com\/product\/yoast-seo-premium-wordpress\/ -->\n<title>FEDRS Ice Cool Hard Mint Nikotin-Beutel<\/title>\n<meta name=\"description\" content=\"Starke FEDRS Ice Cool Hard Mint Nikotin-Beutel mit einer St\u00e4rke von 65 mg\/g. Schnelle bundesweite Lieferung - genie\u00dfen Sie die frostige Minzfrische schon morgen!\" \/>\n<meta name=\"robots\" content=\"index, follow, max-snippet:-1, max-image-preview:large, max-video-preview:-1\" \/>\n<link rel=\"canonical\" href=\"https:\/\/fedrs.eu\/de\/shop\/fedrs-ice-cool-hard-mint\/\" \/>\n<meta property=\"og:locale\" content=\"de_DE\" \/>\n<meta property=\"og:type\" content=\"article\" \/>\n<meta property=\"og:title\" content=\"FEDRS Ice Cool Hard Mint\" \/>\n<meta property=\"og:description\" content=\"Starke FEDRS Ice Cool Hard Mint Nikotin-Beutel mit einer St\u00e4rke von 65 mg\/g. Schnelle bundesweite Lieferung - genie\u00dfen Sie die frostige Minzfrische schon morgen!\" \/>\n<meta property=\"og:url\" content=\"https:\/\/fedrs.eu\/de\/shop\/fedrs-ice-cool-hard-mint\/\" \/>\n<meta property=\"og:site_name\" content=\"fedrs.eu\" \/>\n<meta property=\"article:modified_time\" content=\"2025-10-10T15:01:47+00:00\" \/>\n<meta property=\"og:image\" content=\"https:\/\/fedrs.eu\/wp-content\/uploads\/2024\/11\/MintHard-1200x1200.png\" \/>\n\t<meta property=\"og:image:width\" content=\"1200\" \/>\n\t<meta property=\"og:image:height\" content=\"1200\" \/>\n\t<meta property=\"og:image:type\" content=\"image\/png\" \/>\n<meta name=\"twitter:card\" content=\"summary_large_image\" \/>\n<meta name=\"twitter:label1\" content=\"Verf\u00fcgbarkeit\" \/>\n\t<meta name=\"twitter:data1\" content=\"Auf Lager\" \/>\n<script type=\"application\/ld+json\" class=\"yoast-schema-graph\">{\"@context\":\"https:\/\/schema.org\",\"@graph\":[{\"@type\":\"WebPage\",\"@id\":\"https:\/\/fedrs.eu\/de\/shop\/fedrs-ice-cool-hard-mint\/\",\"url\":\"https:\/\/fedrs.eu\/de\/shop\/fedrs-ice-cool-hard-mint\/\",\"name\":\"FEDRS Ice Cool Hard Mint Nikotin-Beutel\",\"isPartOf\":{\"@id\":\"https:\/\/fedrs.eu\/de\/#website\"},\"primaryImageOfPage\":{\"@id\":\"https:\/\/fedrs.eu\/de\/shop\/fedrs-ice-cool-hard-mint\/#primaryimage\"},\"image\":{\"@id\":\"https:\/\/fedrs.eu\/de\/shop\/fedrs-ice-cool-hard-mint\/#primaryimage\"},\"thumbnailUrl\":\"https:\/\/fedrs.eu\/wp-content\/uploads\/2024\/11\/MintHard.png\",\"datePublished\":\"2024-11-26T13:38:45+00:00\",\"dateModified\":\"2025-10-10T15:01:47+00:00\",\"description\":\"Starke FEDRS Ice Cool Hard Mint Nikotin-Beutel mit einer St\u00e4rke von 65 mg\/g. Schnelle bundesweite Lieferung - genie\u00dfen Sie die frostige Minzfrische schon morgen!\",\"breadcrumb\":{\"@id\":\"https:\/\/fedrs.eu\/de\/shop\/fedrs-ice-cool-hard-mint\/#breadcrumb\"},\"inLanguage\":\"de\",\"potentialAction\":[{\"@type\":\"ReadAction\",\"target\":[\"https:\/\/fedrs.eu\/de\/shop\/fedrs-ice-cool-hard-mint\/\"]}]},{\"@type\":\"ImageObject\",\"inLanguage\":\"de\",\"@id\":\"https:\/\/fedrs.eu\/de\/shop\/fedrs-ice-cool-hard-mint\/#primaryimage\",\"url\":\"https:\/\/fedrs.eu\/wp-content\/uploads\/2024\/11\/MintHard.png\",\"contentUrl\":\"https:\/\/fedrs.eu\/wp-content\/uploads\/2024\/11\/MintHard.png\",\"width\":2500,\"height\":2500,\"caption\":\"DoubleMintHard0005\"},{\"@type\":\"BreadcrumbList\",\"@id\":\"https:\/\/fedrs.eu\/de\/shop\/fedrs-ice-cool-hard-mint\/#breadcrumb\",\"itemListElement\":[{\"@type\":\"ListItem\",\"position\":1,\"name\":\"Startseite\",\"item\":\"https:\/\/fedrs.eu\/de\/\"},{\"@type\":\"ListItem\",\"position\":2,\"name\":\"Shop\",\"item\":\"https:\/\/fedrs.eu\/de\/shop\/\"},{\"@type\":\"ListItem\",\"position\":3,\"name\":\"FEDRS Ice Cool Hard Mint\"}]},{\"@type\":\"WebSite\",\"@id\":\"https:\/\/fedrs.eu\/de\/#website\",\"url\":\"https:\/\/fedrs.eu\/de\/\",\"name\":\"fedrs.eu\",\"description\":\"\",\"publisher\":{\"@id\":\"https:\/\/fedrs.eu\/de\/#organization\"},\"potentialAction\":[{\"@type\":\"SearchAction\",\"target\":{\"@type\":\"EntryPoint\",\"urlTemplate\":\"https:\/\/fedrs.eu\/de\/?s={search_term_string}\"},\"query-input\":{\"@type\":\"PropertyValueSpecification\",\"valueRequired\":true,\"valueName\":\"search_term_string\"}}],\"inLanguage\":\"de\"},{\"@type\":\"Organization\",\"@id\":\"https:\/\/fedrs.eu\/de\/#organization\",\"name\":\"Fedrs sp.z o.o\",\"url\":\"https:\/\/fedrs.eu\/de\/\",\"logo\":{\"@type\":\"ImageObject\",\"inLanguage\":\"de\",\"@id\":\"https:\/\/fedrs.eu\/de\/#\/schema\/logo\/image\/\",\"url\":\"https:\/\/fedrs.eu\/wp-content\/uploads\/2024\/12\/image-52.png\",\"contentUrl\":\"https:\/\/fedrs.eu\/wp-content\/uploads\/2024\/12\/image-52.png\",\"width\":97,\"height\":30,\"caption\":\"Fedrs sp.z o.o\"},\"image\":{\"@id\":\"https:\/\/fedrs.eu\/de\/#\/schema\/logo\/image\/\"},\"publishingPrinciples\":\"https:\/\/fedrs.eu\/terms-and-conditions\/\"}]}<\/script>\n<meta property=\"product:brand\" content=\"FEDRS Ice Cool Hard\" \/>\n<meta property=\"og:availability\" content=\"instock\" \/>\n<meta property=\"product:availability\" content=\"instock\" \/>\n<meta property=\"product:retailer_item_id\" content=\"01001\" \/>\n<meta property=\"product:condition\" content=\"new\" \/>\n<!-- \/ Yoast SEO Premium plugin. -->","yoast_head_json":{"title":"FEDRS Ice Cool Hard Mint Nikotin-Beutel","description":"Starke FEDRS Ice Cool Hard Mint Nikotin-Beutel mit einer St\u00e4rke von 65 mg\/g. Schnelle bundesweite Lieferung - genie\u00dfen Sie die frostige Minzfrische schon morgen!","robots":{"index":"index","follow":"follow","max-snippet":"max-snippet:-1","max-image-preview":"max-image-preview:large","max-video-preview":"max-video-preview:-1"},"canonical":"https:\/\/fedrs.eu\/de\/shop\/fedrs-ice-cool-hard-mint\/","og_locale":"de_DE","og_type":"article","og_title":"FEDRS Ice Cool Hard Mint","og_description":"Starke FEDRS Ice Cool Hard Mint Nikotin-Beutel mit einer St\u00e4rke von 65 mg\/g. Schnelle bundesweite Lieferung - genie\u00dfen Sie die frostige Minzfrische schon morgen!","og_url":"https:\/\/fedrs.eu\/de\/shop\/fedrs-ice-cool-hard-mint\/","og_site_name":"fedrs.eu","article_modified_time":"2025-10-10T15:01:47+00:00","og_image":[{"width":1200,"height":1200,"url":"https:\/\/fedrs.eu\/wp-content\/uploads\/2024\/11\/MintHard-1200x1200.png","type":"image\/png"}],"twitter_card":"summary_large_image","twitter_misc":{"Verf\u00fcgbarkeit":"Auf Lager"},"schema":{"@context":"https:\/\/schema.org","@graph":[{"@type":"WebPage","@id":"https:\/\/fedrs.eu\/de\/shop\/fedrs-ice-cool-hard-mint\/","url":"https:\/\/fedrs.eu\/de\/shop\/fedrs-ice-cool-hard-mint\/","name":"FEDRS Ice Cool Hard Mint Nikotin-Beutel","isPartOf":{"@id":"https:\/\/fedrs.eu\/de\/#website"},"primaryImageOfPage":{"@id":"https:\/\/fedrs.eu\/de\/shop\/fedrs-ice-cool-hard-mint\/#primaryimage"},"image":{"@id":"https:\/\/fedrs.eu\/de\/shop\/fedrs-ice-cool-hard-mint\/#primaryimage"},"thumbnailUrl":"https:\/\/fedrs.eu\/wp-content\/uploads\/2024\/11\/MintHard.png","datePublished":"2024-11-26T13:38:45+00:00","dateModified":"2025-10-10T15:01:47+00:00","description":"Starke FEDRS Ice Cool Hard Mint Nikotin-Beutel mit einer St\u00e4rke von 65 mg\/g. Schnelle bundesweite Lieferung - genie\u00dfen Sie die frostige Minzfrische schon morgen!","breadcrumb":{"@id":"https:\/\/fedrs.eu\/de\/shop\/fedrs-ice-cool-hard-mint\/#breadcrumb"},"inLanguage":"de","potentialAction":[{"@type":"ReadAction","target":["https:\/\/fedrs.eu\/de\/shop\/fedrs-ice-cool-hard-mint\/"]}]},{"@type":"ImageObject","inLanguage":"de","@id":"https:\/\/fedrs.eu\/de\/shop\/fedrs-ice-cool-hard-mint\/#primaryimage","url":"https:\/\/fedrs.eu\/wp-content\/uploads\/2024\/11\/MintHard.png","contentUrl":"https:\/\/fedrs.eu\/wp-content\/uploads\/2024\/11\/MintHard.png","width":2500,"height":2500,"caption":"DoubleMintHard0005"},{"@type":"BreadcrumbList","@id":"https:\/\/fedrs.eu\/de\/shop\/fedrs-ice-cool-hard-mint\/#breadcrumb","itemListElement":[{"@type":"ListItem","position":1,"name":"Startseite","item":"https:\/\/fedrs.eu\/de\/"},{"@type":"ListItem","position":2,"name":"Shop","item":"https:\/\/fedrs.eu\/de\/shop\/"},{"@type":"ListItem","position":3,"name":"FEDRS Ice Cool Hard Mint"}]},{"@type":"WebSite","@id":"https:\/\/fedrs.eu\/de\/#website","url":"https:\/\/fedrs.eu\/de\/","name":"fedrs.eu","description":"","publisher":{"@id":"https:\/\/fedrs.eu\/de\/#organization"},"potentialAction":[{"@type":"SearchAction","target":{"@type":"EntryPoint","urlTemplate":"https:\/\/fedrs.eu\/de\/?s={search_term_string}"},"query-input":{"@type":"PropertyValueSpecification","valueRequired":true,"valueName":"search_term_string"}}],"inLanguage":"de"},{"@type":"Organization","@id":"https:\/\/fedrs.eu\/de\/#organization","name":"Fedrs sp.z o.o","url":"https:\/\/fedrs.eu\/de\/","logo":{"@type":"ImageObject","inLanguage":"de","@id":"https:\/\/fedrs.eu\/de\/#\/schema\/logo\/image\/","url":"https:\/\/fedrs.eu\/wp-content\/uploads\/2024\/12\/image-52.png","contentUrl":"https:\/\/fedrs.eu\/wp-content\/uploads\/2024\/12\/image-52.png","width":97,"height":30,"caption":"Fedrs sp.z o.o"},"image":{"@id":"https:\/\/fedrs.eu\/de\/#\/schema\/logo\/image\/"},"publishingPrinciples":"https:\/\/fedrs.eu\/terms-and-conditions\/"}]},"product_brand":"FEDRS Ice Cool Hard","og_availability":"instock","product_availability":"instock","product_retailer_item_id":"01001","product_condition":"new"},"_links":{"self":[{"href":"https:\/\/fedrs.eu\/de\/wp-json\/wp\/v2\/product\/17837","targetHints":{"allow":["GET"]}}],"collection":[{"href":"https:\/\/fedrs.eu\/de\/wp-json\/wp\/v2\/product"}],"about":[{"href":"https:\/\/fedrs.eu\/de\/wp-json\/wp\/v2\/types\/product"}],"replies":[{"embeddable":true,"href":"https:\/\/fedrs.eu\/de\/wp-json\/wp\/v2\/comments?post=17837"}],"wp:featuredmedia":[{"embeddable":true,"href":"https:\/\/fedrs.eu\/de\/wp-json\/wp\/v2\/media\/5281"}],"wp:attachment":[{"href":"https:\/\/fedrs.eu\/de\/wp-json\/wp\/v2\/media?parent=17837"}],"wp:term":[{"taxonomy":"product_brand","embeddable":true,"href":"https:\/\/fedrs.eu\/de\/wp-json\/wp\/v2\/product_brand?post=17837"},{"taxonomy":"product_cat","embeddable":true,"href":"https:\/\/fedrs.eu\/de\/wp-json\/wp\/v2\/product_cat?post=17837"},{"taxonomy":"product_tag","embeddable":true,"href":"https:\/\/fedrs.eu\/de\/wp-json\/wp\/v2\/product_tag?post=17837"}],"curies":[{"name":"wp","href":"https:\/\/api.w.org\/{rel}","templated":true}]}}