{"id":46002,"date":"2025-09-18T07:05:59","date_gmt":"2025-09-18T05:05:59","guid":{"rendered":"https:\/\/fedrs.eu\/shop\/zkusebni-baleni-intertabac-hard\/"},"modified":"2025-09-18T07:05:59","modified_gmt":"2025-09-18T05:05:59","slug":"zkusebni-baleni-intertabac-hard","status":"publish","type":"product","link":"https:\/\/fedrs.eu\/cs\/shop\/zkusebni-baleni-intertabac-hard\/","title":{"rendered":"Zku\u0161ebn\u00ed balen\u00ed InterTabac Hard"},"content":{"rendered":"<p>FEDRS Ice Cool Hard - na\u0161e legend\u00e1rn\u00ed a nej\u017e\u00e1dan\u011bj\u0161\u00ed \u0159ada!<br \/>\nSe silou 65 mg\/g nikotinu je ji\u017e dlouho obl\u00edben\u00e1 u z\u00e1kazn\u00edk\u016f. P\u0159\u00edchut\u011b jako Mint, Evilberry, Ultra Mint a limitovan\u00e1 edice Hard Mint pat\u0159\u00ed trvale mezi na\u0161e nejprod\u00e1van\u011bj\u0161\u00ed. <\/p>\n<p>Pouze na veletrhu InterTabac 2025 (18.-20. z\u00e1\u0159\u00ed) si m\u016f\u017eete tuto sadu vyzkou\u0161et za exkluzivn\u00ed v\u00fdstavn\u00ed cenu. Mno\u017estv\u00ed je p\u0159\u00edsn\u011b omezeno - nenechte si uj\u00edt p\u0159\u00edle\u017eitost z\u00edskat to nejlep\u0161\u00ed z \u0159ady Hard! <\/p>\n","protected":false},"excerpt":{"rendered":"<p>FEDRS Ice Cool Hard - na\u0161e legend\u00e1rn\u00ed a nej\u017e\u00e1dan\u011bj\u0161\u00ed \u0159ada! Se silou 65 mg\/g nikotinu je ji\u017e dlouho obl\u00edben\u00e1 u z\u00e1kazn\u00edk\u016f. P\u0159\u00edchut\u011b jako Mint, Evilberry, Ultra<span class=\"excerpt-hellip\"> [\u2026]<\/span><\/p>\n","protected":false},"featured_media":45990,"comment_status":"closed","ping_status":"closed","template":"","meta":{"googlesitekit_rrm_CAowmrG7DA:productID":""},"product_brand":[],"product_cat":[836],"product_tag":[],"class_list":{"0":"post-46002","1":"product","2":"type-product","3":"status-publish","4":"has-post-thumbnail","6":"product_cat-intertabac-cs","8":"first","9":"outofstock","10":"sold-individually","11":"taxable","12":"shipping-taxable","13":"product-type-variable","14":"has-default-attributes"},"yoast_head":"<!-- This site is optimized with the Yoast SEO Premium plugin v26.5 (Yoast SEO v27.3) - https:\/\/yoast.com\/product\/yoast-seo-premium-wordpress\/ -->\n<title>Zku\u0161ebn\u00ed balen\u00ed InterTabac Hard<\/title>\n<meta name=\"robots\" content=\"index, follow, max-snippet:-1, max-image-preview:large, max-video-preview:-1\" \/>\n<link rel=\"canonical\" href=\"https:\/\/fedrs.eu\/cs\/shop\/zkusebni-baleni-intertabac-hard\/\" \/>\n<meta property=\"og:locale\" content=\"cs_CZ\" \/>\n<meta property=\"og:type\" content=\"article\" \/>\n<meta property=\"og:title\" content=\"Zku\u0161ebn\u00ed balen\u00ed InterTabac Hard\" \/>\n<meta property=\"og:description\" content=\"FEDRS Ice Cool Hard - na\u0161e legend\u00e1rn\u00ed a nej\u017e\u00e1dan\u011bj\u0161\u00ed \u0159ada! Se silou 65 mg\/g nikotinu je ji\u017e dlouho obl\u00edben\u00e1 u z\u00e1kazn\u00edk\u016f. P\u0159\u00edchut\u011b jako Mint, Evilberry, Ultra [\u2026]\" \/>\n<meta property=\"og:url\" content=\"https:\/\/fedrs.eu\/cs\/shop\/zkusebni-baleni-intertabac-hard\/\" \/>\n<meta property=\"og:site_name\" content=\"fedrs.eu\" \/>\n<meta property=\"og:image\" content=\"https:\/\/fedrs.eu\/wp-content\/uploads\/2025\/09\/BUNDLE_hard4-min.png\" \/>\n\t<meta property=\"og:image:width\" content=\"960\" \/>\n\t<meta property=\"og:image:height\" content=\"960\" \/>\n\t<meta property=\"og:image:type\" content=\"image\/png\" \/>\n<meta name=\"twitter:card\" content=\"summary_large_image\" \/>\n<meta name=\"twitter:label1\" content=\"Dostupnost\" \/>\n\t<meta name=\"twitter:data1\" content=\"Vyprod\u00e1no\" \/>\n<script type=\"application\/ld+json\" class=\"yoast-schema-graph\">{\"@context\":\"https:\\\/\\\/schema.org\",\"@graph\":[{\"@type\":\"WebPage\",\"@id\":\"https:\\\/\\\/fedrs.eu\\\/cs\\\/shop\\\/zkusebni-baleni-intertabac-hard\\\/\",\"url\":\"https:\\\/\\\/fedrs.eu\\\/cs\\\/shop\\\/zkusebni-baleni-intertabac-hard\\\/\",\"name\":\"Zku\u0161ebn\u00ed balen\u00ed InterTabac Hard\",\"isPartOf\":{\"@id\":\"https:\\\/\\\/fedrs.eu\\\/cs\\\/#website\"},\"primaryImageOfPage\":{\"@id\":\"https:\\\/\\\/fedrs.eu\\\/cs\\\/shop\\\/zkusebni-baleni-intertabac-hard\\\/#primaryimage\"},\"image\":{\"@id\":\"https:\\\/\\\/fedrs.eu\\\/cs\\\/shop\\\/zkusebni-baleni-intertabac-hard\\\/#primaryimage\"},\"thumbnailUrl\":\"https:\\\/\\\/fedrs.eu\\\/wp-content\\\/uploads\\\/2025\\\/09\\\/BUNDLE_hard4-min.png\",\"datePublished\":\"2025-09-18T05:05:59+00:00\",\"breadcrumb\":{\"@id\":\"https:\\\/\\\/fedrs.eu\\\/cs\\\/shop\\\/zkusebni-baleni-intertabac-hard\\\/#breadcrumb\"},\"inLanguage\":\"cs\",\"potentialAction\":[{\"@type\":\"ReadAction\",\"target\":[\"https:\\\/\\\/fedrs.eu\\\/cs\\\/shop\\\/zkusebni-baleni-intertabac-hard\\\/\"]}]},{\"@type\":\"ImageObject\",\"inLanguage\":\"cs\",\"@id\":\"https:\\\/\\\/fedrs.eu\\\/cs\\\/shop\\\/zkusebni-baleni-intertabac-hard\\\/#primaryimage\",\"url\":\"https:\\\/\\\/fedrs.eu\\\/wp-content\\\/uploads\\\/2025\\\/09\\\/BUNDLE_hard4-min.png\",\"contentUrl\":\"https:\\\/\\\/fedrs.eu\\\/wp-content\\\/uploads\\\/2025\\\/09\\\/BUNDLE_hard4-min.png\",\"width\":960,\"height\":960},{\"@type\":\"BreadcrumbList\",\"@id\":\"https:\\\/\\\/fedrs.eu\\\/cs\\\/shop\\\/zkusebni-baleni-intertabac-hard\\\/#breadcrumb\",\"itemListElement\":[{\"@type\":\"ListItem\",\"position\":1,\"name\":\"Home\",\"item\":\"https:\\\/\\\/fedrs.eu\\\/cs\\\/\"},{\"@type\":\"ListItem\",\"position\":2,\"name\":\"Obchod\",\"item\":\"https:\\\/\\\/fedrs.eu\\\/cs\\\/shop\\\/\"},{\"@type\":\"ListItem\",\"position\":3,\"name\":\"Zku\u0161ebn\u00ed balen\u00ed InterTabac Hard\"}]},{\"@type\":\"WebSite\",\"@id\":\"https:\\\/\\\/fedrs.eu\\\/cs\\\/#website\",\"url\":\"https:\\\/\\\/fedrs.eu\\\/cs\\\/\",\"name\":\"fedrs.eu\",\"description\":\"\",\"publisher\":{\"@id\":\"https:\\\/\\\/fedrs.eu\\\/cs\\\/#organization\"},\"potentialAction\":[{\"@type\":\"SearchAction\",\"target\":{\"@type\":\"EntryPoint\",\"urlTemplate\":\"https:\\\/\\\/fedrs.eu\\\/cs\\\/?s={search_term_string}\"},\"query-input\":{\"@type\":\"PropertyValueSpecification\",\"valueRequired\":true,\"valueName\":\"search_term_string\"}}],\"inLanguage\":\"cs\"},{\"@type\":\"Organization\",\"@id\":\"https:\\\/\\\/fedrs.eu\\\/cs\\\/#organization\",\"name\":\"Fedrs sp.z o.o\",\"url\":\"https:\\\/\\\/fedrs.eu\\\/cs\\\/\",\"logo\":{\"@type\":\"ImageObject\",\"inLanguage\":\"cs\",\"@id\":\"https:\\\/\\\/fedrs.eu\\\/cs\\\/#\\\/schema\\\/logo\\\/image\\\/\",\"url\":\"https:\\\/\\\/fedrs.eu\\\/wp-content\\\/uploads\\\/2024\\\/12\\\/image-52.png\",\"contentUrl\":\"https:\\\/\\\/fedrs.eu\\\/wp-content\\\/uploads\\\/2024\\\/12\\\/image-52.png\",\"width\":97,\"height\":30,\"caption\":\"Fedrs sp.z o.o\"},\"image\":{\"@id\":\"https:\\\/\\\/fedrs.eu\\\/cs\\\/#\\\/schema\\\/logo\\\/image\\\/\"},\"publishingPrinciples\":\"https:\\\/\\\/fedrs.eu\\\/terms-and-conditions\\\/\"}]}<\/script>\n<meta property=\"product:brand\" content=\"FEDRS Ice Cool Hard\" \/>\n<meta property=\"og:availability\" content=\"out of stock\" \/>\n<meta property=\"product:availability\" content=\"out of stock\" \/>\n<meta property=\"product:condition\" content=\"new\" \/>\n<!-- \/ Yoast SEO Premium plugin. -->","yoast_head_json":{"title":"Zku\u0161ebn\u00ed balen\u00ed InterTabac Hard","robots":{"index":"index","follow":"follow","max-snippet":"max-snippet:-1","max-image-preview":"max-image-preview:large","max-video-preview":"max-video-preview:-1"},"canonical":"https:\/\/fedrs.eu\/cs\/shop\/zkusebni-baleni-intertabac-hard\/","og_locale":"cs_CZ","og_type":"article","og_title":"Zku\u0161ebn\u00ed balen\u00ed InterTabac Hard","og_description":"FEDRS Ice Cool Hard - na\u0161e legend\u00e1rn\u00ed a nej\u017e\u00e1dan\u011bj\u0161\u00ed \u0159ada! Se silou 65 mg\/g nikotinu je ji\u017e dlouho obl\u00edben\u00e1 u z\u00e1kazn\u00edk\u016f. P\u0159\u00edchut\u011b jako Mint, Evilberry, Ultra [\u2026]","og_url":"https:\/\/fedrs.eu\/cs\/shop\/zkusebni-baleni-intertabac-hard\/","og_site_name":"fedrs.eu","og_image":[{"width":960,"height":960,"url":"https:\/\/fedrs.eu\/wp-content\/uploads\/2025\/09\/BUNDLE_hard4-min.png","type":"image\/png"}],"twitter_card":"summary_large_image","twitter_misc":{"Dostupnost":"Vyprod\u00e1no"},"schema":{"@context":"https:\/\/schema.org","@graph":[{"@type":"WebPage","@id":"https:\/\/fedrs.eu\/cs\/shop\/zkusebni-baleni-intertabac-hard\/","url":"https:\/\/fedrs.eu\/cs\/shop\/zkusebni-baleni-intertabac-hard\/","name":"Zku\u0161ebn\u00ed balen\u00ed InterTabac Hard","isPartOf":{"@id":"https:\/\/fedrs.eu\/cs\/#website"},"primaryImageOfPage":{"@id":"https:\/\/fedrs.eu\/cs\/shop\/zkusebni-baleni-intertabac-hard\/#primaryimage"},"image":{"@id":"https:\/\/fedrs.eu\/cs\/shop\/zkusebni-baleni-intertabac-hard\/#primaryimage"},"thumbnailUrl":"https:\/\/fedrs.eu\/wp-content\/uploads\/2025\/09\/BUNDLE_hard4-min.png","datePublished":"2025-09-18T05:05:59+00:00","breadcrumb":{"@id":"https:\/\/fedrs.eu\/cs\/shop\/zkusebni-baleni-intertabac-hard\/#breadcrumb"},"inLanguage":"cs","potentialAction":[{"@type":"ReadAction","target":["https:\/\/fedrs.eu\/cs\/shop\/zkusebni-baleni-intertabac-hard\/"]}]},{"@type":"ImageObject","inLanguage":"cs","@id":"https:\/\/fedrs.eu\/cs\/shop\/zkusebni-baleni-intertabac-hard\/#primaryimage","url":"https:\/\/fedrs.eu\/wp-content\/uploads\/2025\/09\/BUNDLE_hard4-min.png","contentUrl":"https:\/\/fedrs.eu\/wp-content\/uploads\/2025\/09\/BUNDLE_hard4-min.png","width":960,"height":960},{"@type":"BreadcrumbList","@id":"https:\/\/fedrs.eu\/cs\/shop\/zkusebni-baleni-intertabac-hard\/#breadcrumb","itemListElement":[{"@type":"ListItem","position":1,"name":"Home","item":"https:\/\/fedrs.eu\/cs\/"},{"@type":"ListItem","position":2,"name":"Obchod","item":"https:\/\/fedrs.eu\/cs\/shop\/"},{"@type":"ListItem","position":3,"name":"Zku\u0161ebn\u00ed balen\u00ed InterTabac Hard"}]},{"@type":"WebSite","@id":"https:\/\/fedrs.eu\/cs\/#website","url":"https:\/\/fedrs.eu\/cs\/","name":"fedrs.eu","description":"","publisher":{"@id":"https:\/\/fedrs.eu\/cs\/#organization"},"potentialAction":[{"@type":"SearchAction","target":{"@type":"EntryPoint","urlTemplate":"https:\/\/fedrs.eu\/cs\/?s={search_term_string}"},"query-input":{"@type":"PropertyValueSpecification","valueRequired":true,"valueName":"search_term_string"}}],"inLanguage":"cs"},{"@type":"Organization","@id":"https:\/\/fedrs.eu\/cs\/#organization","name":"Fedrs sp.z o.o","url":"https:\/\/fedrs.eu\/cs\/","logo":{"@type":"ImageObject","inLanguage":"cs","@id":"https:\/\/fedrs.eu\/cs\/#\/schema\/logo\/image\/","url":"https:\/\/fedrs.eu\/wp-content\/uploads\/2024\/12\/image-52.png","contentUrl":"https:\/\/fedrs.eu\/wp-content\/uploads\/2024\/12\/image-52.png","width":97,"height":30,"caption":"Fedrs sp.z o.o"},"image":{"@id":"https:\/\/fedrs.eu\/cs\/#\/schema\/logo\/image\/"},"publishingPrinciples":"https:\/\/fedrs.eu\/terms-and-conditions\/"}]},"product_brand":"FEDRS Ice Cool Hard","og_availability":"out of stock","product_availability":"out of stock","product_condition":"new"},"_links":{"self":[{"href":"https:\/\/fedrs.eu\/cs\/wp-json\/wp\/v2\/product\/46002","targetHints":{"allow":["GET"]}}],"collection":[{"href":"https:\/\/fedrs.eu\/cs\/wp-json\/wp\/v2\/product"}],"about":[{"href":"https:\/\/fedrs.eu\/cs\/wp-json\/wp\/v2\/types\/product"}],"replies":[{"embeddable":true,"href":"https:\/\/fedrs.eu\/cs\/wp-json\/wp\/v2\/comments?post=46002"}],"wp:featuredmedia":[{"embeddable":true,"href":"https:\/\/fedrs.eu\/cs\/wp-json\/wp\/v2\/media\/45990"}],"wp:attachment":[{"href":"https:\/\/fedrs.eu\/cs\/wp-json\/wp\/v2\/media?parent=46002"}],"wp:term":[{"taxonomy":"product_brand","embeddable":true,"href":"https:\/\/fedrs.eu\/cs\/wp-json\/wp\/v2\/product_brand?post=46002"},{"taxonomy":"product_cat","embeddable":true,"href":"https:\/\/fedrs.eu\/cs\/wp-json\/wp\/v2\/product_cat?post=46002"},{"taxonomy":"product_tag","embeddable":true,"href":"https:\/\/fedrs.eu\/cs\/wp-json\/wp\/v2\/product_tag?post=46002"}],"curies":[{"name":"wp","href":"https:\/\/api.w.org\/{rel}","templated":true}]}}