{"id":35907,"date":"2025-08-24T13:37:05","date_gmt":"2025-08-24T11:37:05","guid":{"rendered":"https:\/\/fedrs.eu\/shop\/energeticky-napoj-fedrs-energy\/"},"modified":"2025-10-06T09:36:26","modified_gmt":"2025-10-06T07:36:26","slug":"energeticky-napoj-fedrs-energy","status":"publish","type":"product","link":"https:\/\/fedrs.eu\/cs\/shop\/energeticky-napoj-fedrs-energy\/","title":{"rendered":"Energetick\u00fd n\u00e1poj Fedrs Energy"},"content":{"rendered":"<p><span data-sheets-root=\"1\">Nejedn\u00e1 se o energetick\u00fd n\u00e1poj, ale o funk\u010dn\u00ed ment\u00e1ln\u00ed n\u00e1stroj. Tento s\u00e1\u010dek s jemnou chut\u00ed a vysoce v\u00fdkonn\u00fdm slo\u017een\u00edm v sob\u011b spojuje kofein pro v\u00fdkon, L-theanin pro kontrolu klidu a B3 pro optimalizovanou produkci energie a zdrav\u00ed mozku. <\/span><\/p>\n<p>Ide\u00e1ln\u00ed pro tv\u016frce, analytiky, program\u00e1tory a osoby s rozhodovac\u00ed pravomoc\u00ed.<\/p>\n<p>Ho\u010fte si ji do ta\u0161ky nebo do z\u00e1suvky pracovn\u00edho stolu. Pou\u017eijte ji p\u0159ed d\u016fle\u017eit\u00fdm telefon\u00e1tem, b\u011bhem hlubok\u00e9 pr\u00e1ce nebo p\u0159i p\u0159ep\u00edn\u00e1n\u00ed \u00fakol\u016f.<br \/>\nA zat\u00edmco ostatn\u00ed \u010dekaj\u00ed ve front\u011b na kofein, vy u\u017e jste si aktivovali ten sv\u016fj. <\/p>\n","protected":false},"excerpt":{"rendered":"<p>Nejedn\u00e1 se o energetick\u00fd n\u00e1poj, ale o funk\u010dn\u00ed ment\u00e1ln\u00ed n\u00e1stroj. Tento s\u00e1\u010dek s jemnou chut\u00ed a vysoce v\u00fdkonn\u00fdm slo\u017een\u00edm v sob\u011b spojuje kofein pro v\u00fdkon, L-theanin<span class=\"excerpt-hellip\"> [\u2026]<\/span><\/p>\n","protected":false},"featured_media":35903,"comment_status":"open","ping_status":"closed","template":"","meta":{"googlesitekit_rrm_CAowmrG7DA:productID":""},"product_brand":[],"product_cat":[806,616,605],"product_tag":[],"class_list":{"0":"post-35907","1":"product","2":"type-product","3":"status-publish","4":"has-post-thumbnail","6":"product_cat-energeticke-sacky","7":"product_cat-napoje-cs","8":"product_cat-novinka","10":"first","11":"instock","12":"taxable","13":"shipping-taxable","14":"product-type-variable","15":"has-default-attributes"},"yoast_head":"<!-- This site is optimized with the Yoast SEO Premium plugin v26.5 (Yoast SEO v27.3) - https:\/\/yoast.com\/product\/yoast-seo-premium-wordpress\/ -->\n<title>Fedrs Energy Clarity - Clean Focus Pouch<\/title>\n<meta name=\"description\" content=\"Lehk\u00e1 p\u0159\u00edchu\u0165 + kofein, theanin a B3. Zvy\u0161te ment\u00e1ln\u00ed v\u00fdkonnost kdykoli - bez cukru, bez nervozity.\" \/>\n<meta name=\"robots\" content=\"index, follow, max-snippet:-1, max-image-preview:large, max-video-preview:-1\" \/>\n<link rel=\"canonical\" href=\"https:\/\/fedrs.eu\/cs\/shop\/energeticky-napoj-fedrs-energy\/\" \/>\n<meta property=\"og:locale\" content=\"cs_CZ\" \/>\n<meta property=\"og:type\" content=\"article\" \/>\n<meta property=\"og:title\" content=\"Energetick\u00fd n\u00e1poj Fedrs Energy\" \/>\n<meta property=\"og:description\" content=\"Lehk\u00e1 p\u0159\u00edchu\u0165 + kofein, theanin a B3. Zvy\u0161te ment\u00e1ln\u00ed v\u00fdkonnost kdykoli - bez cukru, bez nervozity.\" \/>\n<meta property=\"og:url\" content=\"https:\/\/fedrs.eu\/cs\/shop\/energeticky-napoj-fedrs-energy\/\" \/>\n<meta property=\"og:site_name\" content=\"fedrs.eu\" \/>\n<meta property=\"article:modified_time\" content=\"2025-10-06T07:36:26+00:00\" \/>\n<meta property=\"og:image\" content=\"https:\/\/fedrs.eu\/wp-content\/uploads\/2025\/08\/ENERGY_ENERGY_DRINK_02-min.png\" \/>\n\t<meta property=\"og:image:width\" content=\"1200\" \/>\n\t<meta property=\"og:image:height\" content=\"1200\" \/>\n\t<meta property=\"og:image:type\" content=\"image\/png\" \/>\n<meta name=\"twitter:card\" content=\"summary_large_image\" \/>\n<meta name=\"twitter:label1\" content=\"Dostupnost\" \/>\n\t<meta name=\"twitter:data1\" content=\"Skladem\" \/>\n<script type=\"application\/ld+json\" class=\"yoast-schema-graph\">{\"@context\":\"https:\\\/\\\/schema.org\",\"@graph\":[{\"@type\":\"WebPage\",\"@id\":\"https:\\\/\\\/fedrs.eu\\\/cs\\\/shop\\\/energeticky-napoj-fedrs-energy\\\/\",\"url\":\"https:\\\/\\\/fedrs.eu\\\/cs\\\/shop\\\/energeticky-napoj-fedrs-energy\\\/\",\"name\":\"Fedrs Energy Clarity - Clean Focus Pouch\",\"isPartOf\":{\"@id\":\"https:\\\/\\\/fedrs.eu\\\/cs\\\/#website\"},\"primaryImageOfPage\":{\"@id\":\"https:\\\/\\\/fedrs.eu\\\/cs\\\/shop\\\/energeticky-napoj-fedrs-energy\\\/#primaryimage\"},\"image\":{\"@id\":\"https:\\\/\\\/fedrs.eu\\\/cs\\\/shop\\\/energeticky-napoj-fedrs-energy\\\/#primaryimage\"},\"thumbnailUrl\":\"https:\\\/\\\/fedrs.eu\\\/wp-content\\\/uploads\\\/2025\\\/08\\\/ENERGY_ENERGY_DRINK_02-min.png\",\"datePublished\":\"2025-08-24T11:37:05+00:00\",\"dateModified\":\"2025-10-06T07:36:26+00:00\",\"description\":\"Lehk\u00e1 p\u0159\u00edchu\u0165 + kofein, theanin a B3. Zvy\u0161te ment\u00e1ln\u00ed v\u00fdkonnost kdykoli - bez cukru, bez nervozity.\",\"breadcrumb\":{\"@id\":\"https:\\\/\\\/fedrs.eu\\\/cs\\\/shop\\\/energeticky-napoj-fedrs-energy\\\/#breadcrumb\"},\"inLanguage\":\"cs\",\"potentialAction\":[{\"@type\":\"ReadAction\",\"target\":[\"https:\\\/\\\/fedrs.eu\\\/cs\\\/shop\\\/energeticky-napoj-fedrs-energy\\\/\"]}]},{\"@type\":\"ImageObject\",\"inLanguage\":\"cs\",\"@id\":\"https:\\\/\\\/fedrs.eu\\\/cs\\\/shop\\\/energeticky-napoj-fedrs-energy\\\/#primaryimage\",\"url\":\"https:\\\/\\\/fedrs.eu\\\/wp-content\\\/uploads\\\/2025\\\/08\\\/ENERGY_ENERGY_DRINK_02-min.png\",\"contentUrl\":\"https:\\\/\\\/fedrs.eu\\\/wp-content\\\/uploads\\\/2025\\\/08\\\/ENERGY_ENERGY_DRINK_02-min.png\",\"width\":1200,\"height\":1200},{\"@type\":\"BreadcrumbList\",\"@id\":\"https:\\\/\\\/fedrs.eu\\\/cs\\\/shop\\\/energeticky-napoj-fedrs-energy\\\/#breadcrumb\",\"itemListElement\":[{\"@type\":\"ListItem\",\"position\":1,\"name\":\"Home\",\"item\":\"https:\\\/\\\/fedrs.eu\\\/cs\\\/\"},{\"@type\":\"ListItem\",\"position\":2,\"name\":\"Obchod\",\"item\":\"https:\\\/\\\/fedrs.eu\\\/cs\\\/shop\\\/\"},{\"@type\":\"ListItem\",\"position\":3,\"name\":\"Energetick\u00fd n\u00e1poj Fedrs Energy\"}]},{\"@type\":\"WebSite\",\"@id\":\"https:\\\/\\\/fedrs.eu\\\/cs\\\/#website\",\"url\":\"https:\\\/\\\/fedrs.eu\\\/cs\\\/\",\"name\":\"fedrs.eu\",\"description\":\"\",\"publisher\":{\"@id\":\"https:\\\/\\\/fedrs.eu\\\/cs\\\/#organization\"},\"potentialAction\":[{\"@type\":\"SearchAction\",\"target\":{\"@type\":\"EntryPoint\",\"urlTemplate\":\"https:\\\/\\\/fedrs.eu\\\/cs\\\/?s={search_term_string}\"},\"query-input\":{\"@type\":\"PropertyValueSpecification\",\"valueRequired\":true,\"valueName\":\"search_term_string\"}}],\"inLanguage\":\"cs\"},{\"@type\":\"Organization\",\"@id\":\"https:\\\/\\\/fedrs.eu\\\/cs\\\/#organization\",\"name\":\"Fedrs sp.z o.o\",\"url\":\"https:\\\/\\\/fedrs.eu\\\/cs\\\/\",\"logo\":{\"@type\":\"ImageObject\",\"inLanguage\":\"cs\",\"@id\":\"https:\\\/\\\/fedrs.eu\\\/cs\\\/#\\\/schema\\\/logo\\\/image\\\/\",\"url\":\"https:\\\/\\\/fedrs.eu\\\/wp-content\\\/uploads\\\/2024\\\/12\\\/image-52.png\",\"contentUrl\":\"https:\\\/\\\/fedrs.eu\\\/wp-content\\\/uploads\\\/2024\\\/12\\\/image-52.png\",\"width\":97,\"height\":30,\"caption\":\"Fedrs sp.z o.o\"},\"image\":{\"@id\":\"https:\\\/\\\/fedrs.eu\\\/cs\\\/#\\\/schema\\\/logo\\\/image\\\/\"},\"publishingPrinciples\":\"https:\\\/\\\/fedrs.eu\\\/terms-and-conditions\\\/\"}]}<\/script>\n<meta property=\"product:brand\" content=\"Fedrs Energy\" \/>\n<meta property=\"og:availability\" content=\"instock\" \/>\n<meta property=\"product:availability\" content=\"instock\" \/>\n<meta property=\"product:condition\" content=\"new\" \/>\n<!-- \/ Yoast SEO Premium plugin. -->","yoast_head_json":{"title":"Fedrs Energy Clarity - Clean Focus Pouch","description":"Lehk\u00e1 p\u0159\u00edchu\u0165 + kofein, theanin a B3. Zvy\u0161te ment\u00e1ln\u00ed v\u00fdkonnost kdykoli - bez cukru, bez nervozity.","robots":{"index":"index","follow":"follow","max-snippet":"max-snippet:-1","max-image-preview":"max-image-preview:large","max-video-preview":"max-video-preview:-1"},"canonical":"https:\/\/fedrs.eu\/cs\/shop\/energeticky-napoj-fedrs-energy\/","og_locale":"cs_CZ","og_type":"article","og_title":"Energetick\u00fd n\u00e1poj Fedrs Energy","og_description":"Lehk\u00e1 p\u0159\u00edchu\u0165 + kofein, theanin a B3. Zvy\u0161te ment\u00e1ln\u00ed v\u00fdkonnost kdykoli - bez cukru, bez nervozity.","og_url":"https:\/\/fedrs.eu\/cs\/shop\/energeticky-napoj-fedrs-energy\/","og_site_name":"fedrs.eu","article_modified_time":"2025-10-06T07:36:26+00:00","og_image":[{"width":1200,"height":1200,"url":"https:\/\/fedrs.eu\/wp-content\/uploads\/2025\/08\/ENERGY_ENERGY_DRINK_02-min.png","type":"image\/png"}],"twitter_card":"summary_large_image","twitter_misc":{"Dostupnost":"Skladem"},"schema":{"@context":"https:\/\/schema.org","@graph":[{"@type":"WebPage","@id":"https:\/\/fedrs.eu\/cs\/shop\/energeticky-napoj-fedrs-energy\/","url":"https:\/\/fedrs.eu\/cs\/shop\/energeticky-napoj-fedrs-energy\/","name":"Fedrs Energy Clarity - Clean Focus Pouch","isPartOf":{"@id":"https:\/\/fedrs.eu\/cs\/#website"},"primaryImageOfPage":{"@id":"https:\/\/fedrs.eu\/cs\/shop\/energeticky-napoj-fedrs-energy\/#primaryimage"},"image":{"@id":"https:\/\/fedrs.eu\/cs\/shop\/energeticky-napoj-fedrs-energy\/#primaryimage"},"thumbnailUrl":"https:\/\/fedrs.eu\/wp-content\/uploads\/2025\/08\/ENERGY_ENERGY_DRINK_02-min.png","datePublished":"2025-08-24T11:37:05+00:00","dateModified":"2025-10-06T07:36:26+00:00","description":"Lehk\u00e1 p\u0159\u00edchu\u0165 + kofein, theanin a B3. Zvy\u0161te ment\u00e1ln\u00ed v\u00fdkonnost kdykoli - bez cukru, bez nervozity.","breadcrumb":{"@id":"https:\/\/fedrs.eu\/cs\/shop\/energeticky-napoj-fedrs-energy\/#breadcrumb"},"inLanguage":"cs","potentialAction":[{"@type":"ReadAction","target":["https:\/\/fedrs.eu\/cs\/shop\/energeticky-napoj-fedrs-energy\/"]}]},{"@type":"ImageObject","inLanguage":"cs","@id":"https:\/\/fedrs.eu\/cs\/shop\/energeticky-napoj-fedrs-energy\/#primaryimage","url":"https:\/\/fedrs.eu\/wp-content\/uploads\/2025\/08\/ENERGY_ENERGY_DRINK_02-min.png","contentUrl":"https:\/\/fedrs.eu\/wp-content\/uploads\/2025\/08\/ENERGY_ENERGY_DRINK_02-min.png","width":1200,"height":1200},{"@type":"BreadcrumbList","@id":"https:\/\/fedrs.eu\/cs\/shop\/energeticky-napoj-fedrs-energy\/#breadcrumb","itemListElement":[{"@type":"ListItem","position":1,"name":"Home","item":"https:\/\/fedrs.eu\/cs\/"},{"@type":"ListItem","position":2,"name":"Obchod","item":"https:\/\/fedrs.eu\/cs\/shop\/"},{"@type":"ListItem","position":3,"name":"Energetick\u00fd n\u00e1poj Fedrs Energy"}]},{"@type":"WebSite","@id":"https:\/\/fedrs.eu\/cs\/#website","url":"https:\/\/fedrs.eu\/cs\/","name":"fedrs.eu","description":"","publisher":{"@id":"https:\/\/fedrs.eu\/cs\/#organization"},"potentialAction":[{"@type":"SearchAction","target":{"@type":"EntryPoint","urlTemplate":"https:\/\/fedrs.eu\/cs\/?s={search_term_string}"},"query-input":{"@type":"PropertyValueSpecification","valueRequired":true,"valueName":"search_term_string"}}],"inLanguage":"cs"},{"@type":"Organization","@id":"https:\/\/fedrs.eu\/cs\/#organization","name":"Fedrs sp.z o.o","url":"https:\/\/fedrs.eu\/cs\/","logo":{"@type":"ImageObject","inLanguage":"cs","@id":"https:\/\/fedrs.eu\/cs\/#\/schema\/logo\/image\/","url":"https:\/\/fedrs.eu\/wp-content\/uploads\/2024\/12\/image-52.png","contentUrl":"https:\/\/fedrs.eu\/wp-content\/uploads\/2024\/12\/image-52.png","width":97,"height":30,"caption":"Fedrs sp.z o.o"},"image":{"@id":"https:\/\/fedrs.eu\/cs\/#\/schema\/logo\/image\/"},"publishingPrinciples":"https:\/\/fedrs.eu\/terms-and-conditions\/"}]},"product_brand":"Fedrs Energy","og_availability":"instock","product_availability":"instock","product_condition":"new"},"_links":{"self":[{"href":"https:\/\/fedrs.eu\/cs\/wp-json\/wp\/v2\/product\/35907","targetHints":{"allow":["GET"]}}],"collection":[{"href":"https:\/\/fedrs.eu\/cs\/wp-json\/wp\/v2\/product"}],"about":[{"href":"https:\/\/fedrs.eu\/cs\/wp-json\/wp\/v2\/types\/product"}],"replies":[{"embeddable":true,"href":"https:\/\/fedrs.eu\/cs\/wp-json\/wp\/v2\/comments?post=35907"}],"wp:featuredmedia":[{"embeddable":true,"href":"https:\/\/fedrs.eu\/cs\/wp-json\/wp\/v2\/media\/35903"}],"wp:attachment":[{"href":"https:\/\/fedrs.eu\/cs\/wp-json\/wp\/v2\/media?parent=35907"}],"wp:term":[{"taxonomy":"product_brand","embeddable":true,"href":"https:\/\/fedrs.eu\/cs\/wp-json\/wp\/v2\/product_brand?post=35907"},{"taxonomy":"product_cat","embeddable":true,"href":"https:\/\/fedrs.eu\/cs\/wp-json\/wp\/v2\/product_cat?post=35907"},{"taxonomy":"product_tag","embeddable":true,"href":"https:\/\/fedrs.eu\/cs\/wp-json\/wp\/v2\/product_tag?post=35907"}],"curies":[{"name":"wp","href":"https:\/\/api.w.org\/{rel}","templated":true}]}}