{"id":35832,"date":"2025-08-24T13:24:36","date_gmt":"2025-08-24T11:24:36","guid":{"rendered":"https:\/\/fedrs.eu\/shop\/fedrs-energy-citrus\/"},"modified":"2025-08-29T09:12:19","modified_gmt":"2025-08-29T07:12:19","slug":"fedrs-energy-citrus","status":"publish","type":"product","link":"https:\/\/fedrs.eu\/cs\/shop\/fedrs-energy-citrus\/","title":{"rendered":"Fedrs Energy Citrus"},"content":{"rendered":"<p><span data-sheets-root=\"1\">Fedrs Citrus nab\u00edz\u00ed v\u00edc ne\u017e jen ostrou, osv\u011b\u017euj\u00edc\u00ed chu\u0165. P\u0159in\u00e1\u0161\u00ed funk\u010dn\u00ed trojici kofeinu, L-theaninu a B3, kter\u00e1 v\u00e1m pom\u016f\u017ee rychleji myslet, z\u016fstat klidn\u011bj\u0161\u00ed a pod\u00e1vat lep\u0161\u00ed v\u00fdkony - zejm\u00e9na tehdy, kdy\u017e na tom nejv\u00edce z\u00e1le\u017e\u00ed. <\/span><\/p>\n<p>Pikantn\u00ed citrusov\u00e1 chu\u0165 v\u00e1s p\u0159irozen\u011b probud\u00ed, zat\u00edmco kofein zvy\u0161uje bd\u011blost, L-theanin zklid\u0148uje mysl a B3 pom\u00e1h\u00e1 p\u0159em\u011bnit j\u00eddlo v trvalou energii.<br \/>\nTo v\u0161e v such\u00e9m s\u00e1\u010dku, p\u0159ipraven\u00e9 b\u011bhem n\u011bkolika sekund, bez kalori\u00ed a n\u00e1klad\u016f na k\u00e1vu.<\/p>\n<p>M\u016f\u017eete ji pou\u017e\u00edvat na cest\u00e1ch, u stolu nebo na cest\u00e1ch. Na rozd\u00edl od k\u00e1vy nebo n\u00e1poj\u016f nehroz\u00ed riziko rozlit\u00ed, neobsahuje cukr ani kofeinov\u00fd kolaps. <\/p>\n","protected":false},"excerpt":{"rendered":"<p>Fedrs Citrus nab\u00edz\u00ed v\u00edc ne\u017e jen ostrou, osv\u011b\u017euj\u00edc\u00ed chu\u0165. P\u0159in\u00e1\u0161\u00ed funk\u010dn\u00ed trojici kofeinu, L-theaninu a B3, kter\u00e1 v\u00e1m pom\u016f\u017ee rychleji myslet, z\u016fstat klidn\u011bj\u0161\u00ed a pod\u00e1vat lep\u0161\u00ed<span class=\"excerpt-hellip\"> [\u2026]<\/span><\/p>\n","protected":false},"featured_media":35828,"comment_status":"open","ping_status":"closed","template":"","meta":{"googlesitekit_rrm_CAowmrG7DA:productID":""},"product_brand":[],"product_cat":[750,631,806],"product_tag":[],"class_list":{"0":"post-35832","1":"product","2":"type-product","3":"status-publish","4":"has-post-thumbnail","6":"product_cat-brzy","7":"product_cat-citrus-cs","8":"product_cat-energeticke-sacky","10":"first","11":"instock","12":"taxable","13":"shipping-taxable","14":"product-type-variable","15":"has-default-attributes"},"yoast_head":"<!-- This site is optimized with the Yoast SEO Premium plugin v26.5 (Yoast SEO v27.3) - https:\/\/yoast.com\/product\/yoast-seo-premium-wordpress\/ -->\n<title>Fedrs Energy Citrus - Balanced Focus Pouch<\/title>\n<meta name=\"description\" content=\"S\u00e1\u010dek s citrusovou p\u0159\u00edchut\u00ed, kofeinem, L-theaninem a B3. Pro energii, rovnov\u00e1hu n\u00e1lady a podporu mozku, bez cukru.\" \/>\n<meta name=\"robots\" content=\"index, follow, max-snippet:-1, max-image-preview:large, max-video-preview:-1\" \/>\n<link rel=\"canonical\" href=\"https:\/\/fedrs.eu\/cs\/shop\/fedrs-energy-citrus\/\" \/>\n<meta property=\"og:locale\" content=\"cs_CZ\" \/>\n<meta property=\"og:type\" content=\"article\" \/>\n<meta property=\"og:title\" content=\"Fedrs Energy Citrus\" \/>\n<meta property=\"og:description\" content=\"S\u00e1\u010dek s citrusovou p\u0159\u00edchut\u00ed, kofeinem, L-theaninem a B3. Pro energii, rovnov\u00e1hu n\u00e1lady a podporu mozku, bez cukru.\" \/>\n<meta property=\"og:url\" content=\"https:\/\/fedrs.eu\/cs\/shop\/fedrs-energy-citrus\/\" \/>\n<meta property=\"og:site_name\" content=\"fedrs.eu\" \/>\n<meta property=\"article:modified_time\" content=\"2025-08-29T07:12:19+00:00\" \/>\n<meta property=\"og:image\" content=\"https:\/\/fedrs.eu\/wp-content\/uploads\/2025\/08\/ENERGY_CITRUS_02-min.png\" \/>\n\t<meta property=\"og:image:width\" content=\"1200\" \/>\n\t<meta property=\"og:image:height\" content=\"1200\" \/>\n\t<meta property=\"og:image:type\" content=\"image\/png\" \/>\n<meta name=\"twitter:card\" content=\"summary_large_image\" \/>\n<meta name=\"twitter:label1\" content=\"Dostupnost\" \/>\n\t<meta name=\"twitter:data1\" content=\"Skladem\" \/>\n<script type=\"application\/ld+json\" class=\"yoast-schema-graph\">{\"@context\":\"https:\\\/\\\/schema.org\",\"@graph\":[{\"@type\":\"WebPage\",\"@id\":\"https:\\\/\\\/fedrs.eu\\\/cs\\\/shop\\\/fedrs-energy-citrus\\\/\",\"url\":\"https:\\\/\\\/fedrs.eu\\\/cs\\\/shop\\\/fedrs-energy-citrus\\\/\",\"name\":\"Fedrs Energy Citrus - Balanced Focus Pouch\",\"isPartOf\":{\"@id\":\"https:\\\/\\\/fedrs.eu\\\/cs\\\/#website\"},\"primaryImageOfPage\":{\"@id\":\"https:\\\/\\\/fedrs.eu\\\/cs\\\/shop\\\/fedrs-energy-citrus\\\/#primaryimage\"},\"image\":{\"@id\":\"https:\\\/\\\/fedrs.eu\\\/cs\\\/shop\\\/fedrs-energy-citrus\\\/#primaryimage\"},\"thumbnailUrl\":\"https:\\\/\\\/fedrs.eu\\\/wp-content\\\/uploads\\\/2025\\\/08\\\/ENERGY_CITRUS_02-min.png\",\"datePublished\":\"2025-08-24T11:24:36+00:00\",\"dateModified\":\"2025-08-29T07:12:19+00:00\",\"description\":\"S\u00e1\u010dek s citrusovou p\u0159\u00edchut\u00ed, kofeinem, L-theaninem a B3. Pro energii, rovnov\u00e1hu n\u00e1lady a podporu mozku, bez cukru.\",\"breadcrumb\":{\"@id\":\"https:\\\/\\\/fedrs.eu\\\/cs\\\/shop\\\/fedrs-energy-citrus\\\/#breadcrumb\"},\"inLanguage\":\"cs\",\"potentialAction\":[{\"@type\":\"ReadAction\",\"target\":[\"https:\\\/\\\/fedrs.eu\\\/cs\\\/shop\\\/fedrs-energy-citrus\\\/\"]}]},{\"@type\":\"ImageObject\",\"inLanguage\":\"cs\",\"@id\":\"https:\\\/\\\/fedrs.eu\\\/cs\\\/shop\\\/fedrs-energy-citrus\\\/#primaryimage\",\"url\":\"https:\\\/\\\/fedrs.eu\\\/wp-content\\\/uploads\\\/2025\\\/08\\\/ENERGY_CITRUS_02-min.png\",\"contentUrl\":\"https:\\\/\\\/fedrs.eu\\\/wp-content\\\/uploads\\\/2025\\\/08\\\/ENERGY_CITRUS_02-min.png\",\"width\":1200,\"height\":1200},{\"@type\":\"BreadcrumbList\",\"@id\":\"https:\\\/\\\/fedrs.eu\\\/cs\\\/shop\\\/fedrs-energy-citrus\\\/#breadcrumb\",\"itemListElement\":[{\"@type\":\"ListItem\",\"position\":1,\"name\":\"Home\",\"item\":\"https:\\\/\\\/fedrs.eu\\\/cs\\\/\"},{\"@type\":\"ListItem\",\"position\":2,\"name\":\"Obchod\",\"item\":\"https:\\\/\\\/fedrs.eu\\\/cs\\\/shop\\\/\"},{\"@type\":\"ListItem\",\"position\":3,\"name\":\"Fedrs Energy Citrus\"}]},{\"@type\":\"WebSite\",\"@id\":\"https:\\\/\\\/fedrs.eu\\\/cs\\\/#website\",\"url\":\"https:\\\/\\\/fedrs.eu\\\/cs\\\/\",\"name\":\"fedrs.eu\",\"description\":\"\",\"publisher\":{\"@id\":\"https:\\\/\\\/fedrs.eu\\\/cs\\\/#organization\"},\"potentialAction\":[{\"@type\":\"SearchAction\",\"target\":{\"@type\":\"EntryPoint\",\"urlTemplate\":\"https:\\\/\\\/fedrs.eu\\\/cs\\\/?s={search_term_string}\"},\"query-input\":{\"@type\":\"PropertyValueSpecification\",\"valueRequired\":true,\"valueName\":\"search_term_string\"}}],\"inLanguage\":\"cs\"},{\"@type\":\"Organization\",\"@id\":\"https:\\\/\\\/fedrs.eu\\\/cs\\\/#organization\",\"name\":\"Fedrs sp.z o.o\",\"url\":\"https:\\\/\\\/fedrs.eu\\\/cs\\\/\",\"logo\":{\"@type\":\"ImageObject\",\"inLanguage\":\"cs\",\"@id\":\"https:\\\/\\\/fedrs.eu\\\/cs\\\/#\\\/schema\\\/logo\\\/image\\\/\",\"url\":\"https:\\\/\\\/fedrs.eu\\\/wp-content\\\/uploads\\\/2024\\\/12\\\/image-52.png\",\"contentUrl\":\"https:\\\/\\\/fedrs.eu\\\/wp-content\\\/uploads\\\/2024\\\/12\\\/image-52.png\",\"width\":97,\"height\":30,\"caption\":\"Fedrs sp.z o.o\"},\"image\":{\"@id\":\"https:\\\/\\\/fedrs.eu\\\/cs\\\/#\\\/schema\\\/logo\\\/image\\\/\"},\"publishingPrinciples\":\"https:\\\/\\\/fedrs.eu\\\/terms-and-conditions\\\/\"}]}<\/script>\n<meta property=\"product:brand\" content=\"Fedrs Energy\" \/>\n<meta property=\"og:availability\" content=\"instock\" \/>\n<meta property=\"product:availability\" content=\"instock\" \/>\n<meta property=\"product:condition\" content=\"new\" \/>\n<!-- \/ Yoast SEO Premium plugin. -->","yoast_head_json":{"title":"Fedrs Energy Citrus - Balanced Focus Pouch","description":"S\u00e1\u010dek s citrusovou p\u0159\u00edchut\u00ed, kofeinem, L-theaninem a B3. Pro energii, rovnov\u00e1hu n\u00e1lady a podporu mozku, bez cukru.","robots":{"index":"index","follow":"follow","max-snippet":"max-snippet:-1","max-image-preview":"max-image-preview:large","max-video-preview":"max-video-preview:-1"},"canonical":"https:\/\/fedrs.eu\/cs\/shop\/fedrs-energy-citrus\/","og_locale":"cs_CZ","og_type":"article","og_title":"Fedrs Energy Citrus","og_description":"S\u00e1\u010dek s citrusovou p\u0159\u00edchut\u00ed, kofeinem, L-theaninem a B3. Pro energii, rovnov\u00e1hu n\u00e1lady a podporu mozku, bez cukru.","og_url":"https:\/\/fedrs.eu\/cs\/shop\/fedrs-energy-citrus\/","og_site_name":"fedrs.eu","article_modified_time":"2025-08-29T07:12:19+00:00","og_image":[{"width":1200,"height":1200,"url":"https:\/\/fedrs.eu\/wp-content\/uploads\/2025\/08\/ENERGY_CITRUS_02-min.png","type":"image\/png"}],"twitter_card":"summary_large_image","twitter_misc":{"Dostupnost":"Skladem"},"schema":{"@context":"https:\/\/schema.org","@graph":[{"@type":"WebPage","@id":"https:\/\/fedrs.eu\/cs\/shop\/fedrs-energy-citrus\/","url":"https:\/\/fedrs.eu\/cs\/shop\/fedrs-energy-citrus\/","name":"Fedrs Energy Citrus - Balanced Focus Pouch","isPartOf":{"@id":"https:\/\/fedrs.eu\/cs\/#website"},"primaryImageOfPage":{"@id":"https:\/\/fedrs.eu\/cs\/shop\/fedrs-energy-citrus\/#primaryimage"},"image":{"@id":"https:\/\/fedrs.eu\/cs\/shop\/fedrs-energy-citrus\/#primaryimage"},"thumbnailUrl":"https:\/\/fedrs.eu\/wp-content\/uploads\/2025\/08\/ENERGY_CITRUS_02-min.png","datePublished":"2025-08-24T11:24:36+00:00","dateModified":"2025-08-29T07:12:19+00:00","description":"S\u00e1\u010dek s citrusovou p\u0159\u00edchut\u00ed, kofeinem, L-theaninem a B3. Pro energii, rovnov\u00e1hu n\u00e1lady a podporu mozku, bez cukru.","breadcrumb":{"@id":"https:\/\/fedrs.eu\/cs\/shop\/fedrs-energy-citrus\/#breadcrumb"},"inLanguage":"cs","potentialAction":[{"@type":"ReadAction","target":["https:\/\/fedrs.eu\/cs\/shop\/fedrs-energy-citrus\/"]}]},{"@type":"ImageObject","inLanguage":"cs","@id":"https:\/\/fedrs.eu\/cs\/shop\/fedrs-energy-citrus\/#primaryimage","url":"https:\/\/fedrs.eu\/wp-content\/uploads\/2025\/08\/ENERGY_CITRUS_02-min.png","contentUrl":"https:\/\/fedrs.eu\/wp-content\/uploads\/2025\/08\/ENERGY_CITRUS_02-min.png","width":1200,"height":1200},{"@type":"BreadcrumbList","@id":"https:\/\/fedrs.eu\/cs\/shop\/fedrs-energy-citrus\/#breadcrumb","itemListElement":[{"@type":"ListItem","position":1,"name":"Home","item":"https:\/\/fedrs.eu\/cs\/"},{"@type":"ListItem","position":2,"name":"Obchod","item":"https:\/\/fedrs.eu\/cs\/shop\/"},{"@type":"ListItem","position":3,"name":"Fedrs Energy Citrus"}]},{"@type":"WebSite","@id":"https:\/\/fedrs.eu\/cs\/#website","url":"https:\/\/fedrs.eu\/cs\/","name":"fedrs.eu","description":"","publisher":{"@id":"https:\/\/fedrs.eu\/cs\/#organization"},"potentialAction":[{"@type":"SearchAction","target":{"@type":"EntryPoint","urlTemplate":"https:\/\/fedrs.eu\/cs\/?s={search_term_string}"},"query-input":{"@type":"PropertyValueSpecification","valueRequired":true,"valueName":"search_term_string"}}],"inLanguage":"cs"},{"@type":"Organization","@id":"https:\/\/fedrs.eu\/cs\/#organization","name":"Fedrs sp.z o.o","url":"https:\/\/fedrs.eu\/cs\/","logo":{"@type":"ImageObject","inLanguage":"cs","@id":"https:\/\/fedrs.eu\/cs\/#\/schema\/logo\/image\/","url":"https:\/\/fedrs.eu\/wp-content\/uploads\/2024\/12\/image-52.png","contentUrl":"https:\/\/fedrs.eu\/wp-content\/uploads\/2024\/12\/image-52.png","width":97,"height":30,"caption":"Fedrs sp.z o.o"},"image":{"@id":"https:\/\/fedrs.eu\/cs\/#\/schema\/logo\/image\/"},"publishingPrinciples":"https:\/\/fedrs.eu\/terms-and-conditions\/"}]},"product_brand":"Fedrs Energy","og_availability":"instock","product_availability":"instock","product_condition":"new"},"_links":{"self":[{"href":"https:\/\/fedrs.eu\/cs\/wp-json\/wp\/v2\/product\/35832","targetHints":{"allow":["GET"]}}],"collection":[{"href":"https:\/\/fedrs.eu\/cs\/wp-json\/wp\/v2\/product"}],"about":[{"href":"https:\/\/fedrs.eu\/cs\/wp-json\/wp\/v2\/types\/product"}],"replies":[{"embeddable":true,"href":"https:\/\/fedrs.eu\/cs\/wp-json\/wp\/v2\/comments?post=35832"}],"wp:featuredmedia":[{"embeddable":true,"href":"https:\/\/fedrs.eu\/cs\/wp-json\/wp\/v2\/media\/35828"}],"wp:attachment":[{"href":"https:\/\/fedrs.eu\/cs\/wp-json\/wp\/v2\/media?parent=35832"}],"wp:term":[{"taxonomy":"product_brand","embeddable":true,"href":"https:\/\/fedrs.eu\/cs\/wp-json\/wp\/v2\/product_brand?post=35832"},{"taxonomy":"product_cat","embeddable":true,"href":"https:\/\/fedrs.eu\/cs\/wp-json\/wp\/v2\/product_cat?post=35832"},{"taxonomy":"product_tag","embeddable":true,"href":"https:\/\/fedrs.eu\/cs\/wp-json\/wp\/v2\/product_tag?post=35832"}],"curies":[{"name":"wp","href":"https:\/\/api.w.org\/{rel}","templated":true}]}}