{"id":35782,"date":"2025-08-24T12:57:41","date_gmt":"2025-08-24T10:57:41","guid":{"rendered":"https:\/\/fedrs.eu\/shop\/fedrs-energy-pouches-mint\/"},"modified":"2025-10-07T00:31:20","modified_gmt":"2025-10-06T22:31:20","slug":"fedrs-energy-pouches-mint","status":"publish","type":"product","link":"https:\/\/fedrs.eu\/cs\/shop\/fedrs-energy-pouches-mint\/","title":{"rendered":"Fedrs Energy Pouches Mint"},"content":{"rendered":"<p><span data-sheets-root=\"1\">Toto pouzdro je jako hlubok\u00fd n\u00e1dech a probuzen\u00ed v jednom. Zat\u00edmco chu\u0165 chlad\u00ed va\u0161e chu\u0165ov\u00e9 bu\u0148ky, 65 mg kofeinu za\u010dne odstra\u0148ovat du\u0161evn\u00ed mlhu a dod\u00e1vat energii va\u0161emu soust\u0159ed\u011bn\u00ed. <\/span><\/p>\n<p>Je ide\u00e1ln\u00ed pro dlouh\u00e9 sch\u016fzky, vyho\u0159en\u00ed na cest\u00e1ch nebo chv\u00edle, kdy prost\u011b pot\u0159ebujete tvrd\u00fd reset. P\u0159enosn\u00fd, diskr\u00e9tn\u00ed a v\u017edy \u00fa\u010dinn\u00fd. <\/p>\n","protected":false},"excerpt":{"rendered":"<p>Toto pouzdro je jako hlubok\u00fd n\u00e1dech a probuzen\u00ed v jednom. Zat\u00edmco chu\u0165 chlad\u00ed va\u0161e chu\u0165ov\u00e9 bu\u0148ky, 65 mg kofeinu za\u010dne odstra\u0148ovat du\u0161evn\u00ed mlhu a dod\u00e1vat energii<span class=\"excerpt-hellip\"> [\u2026]<\/span><\/p>\n","protected":false},"featured_media":35778,"comment_status":"open","ping_status":"closed","template":"","meta":{"googlesitekit_rrm_CAowmrG7DA:productID":""},"product_brand":[],"product_cat":[806,610,605],"product_tag":[],"class_list":{"0":"post-35782","1":"product","2":"type-product","3":"status-publish","4":"has-post-thumbnail","6":"product_cat-energeticke-sacky","7":"product_cat-mata-a-mentol","8":"product_cat-novinka","10":"first","11":"instock","12":"taxable","13":"shipping-taxable","14":"product-type-variable","15":"has-default-attributes"},"yoast_head":"<!-- This site is optimized with the Yoast SEO Premium plugin v26.5 (Yoast SEO v27.3) - https:\/\/yoast.com\/product\/yoast-seo-premium-wordpress\/ -->\n<title>Fedrs Energy Pouches Mint - Kofeinov\u00e9 pouzdro 65 mg<\/title>\n<meta name=\"description\" content=\"Ledov\u00e1 m\u00e1ta + siln\u00fd kofeinov\u00fd hit. \u010cist\u00e9 du\u0161evn\u00ed osv\u011b\u017een\u00ed - ide\u00e1ln\u00ed na cesty, pro soust\u0159ed\u011bn\u00ed a rychl\u00fd reset.\" \/>\n<meta name=\"robots\" content=\"index, follow, max-snippet:-1, max-image-preview:large, max-video-preview:-1\" \/>\n<link rel=\"canonical\" href=\"https:\/\/fedrs.eu\/cs\/shop\/fedrs-energy-pouches-mint\/\" \/>\n<meta property=\"og:locale\" content=\"cs_CZ\" \/>\n<meta property=\"og:type\" content=\"article\" \/>\n<meta property=\"og:title\" content=\"Fedrs Energy Pouches Mint\" \/>\n<meta property=\"og:description\" content=\"Ledov\u00e1 m\u00e1ta + siln\u00fd kofeinov\u00fd hit. \u010cist\u00e9 du\u0161evn\u00ed osv\u011b\u017een\u00ed - ide\u00e1ln\u00ed na cesty, pro soust\u0159ed\u011bn\u00ed a rychl\u00fd reset.\" \/>\n<meta property=\"og:url\" content=\"https:\/\/fedrs.eu\/cs\/shop\/fedrs-energy-pouches-mint\/\" \/>\n<meta property=\"og:site_name\" content=\"fedrs.eu\" \/>\n<meta property=\"article:modified_time\" content=\"2025-10-06T22:31:20+00:00\" \/>\n<meta property=\"og:image\" content=\"https:\/\/fedrs.eu\/wp-content\/uploads\/2025\/08\/ENERGY_MINT_02.png\" \/>\n\t<meta property=\"og:image:width\" content=\"1200\" \/>\n\t<meta property=\"og:image:height\" content=\"1200\" \/>\n\t<meta property=\"og:image:type\" content=\"image\/png\" \/>\n<meta name=\"twitter:card\" content=\"summary_large_image\" \/>\n<meta name=\"twitter:label1\" content=\"Dostupnost\" \/>\n\t<meta name=\"twitter:data1\" content=\"Skladem\" \/>\n<script type=\"application\/ld+json\" class=\"yoast-schema-graph\">{\"@context\":\"https:\\\/\\\/schema.org\",\"@graph\":[{\"@type\":\"WebPage\",\"@id\":\"https:\\\/\\\/fedrs.eu\\\/cs\\\/shop\\\/fedrs-energy-pouches-mint\\\/\",\"url\":\"https:\\\/\\\/fedrs.eu\\\/cs\\\/shop\\\/fedrs-energy-pouches-mint\\\/\",\"name\":\"Fedrs Energy Pouches Mint - Kofeinov\u00e9 pouzdro 65 mg\",\"isPartOf\":{\"@id\":\"https:\\\/\\\/fedrs.eu\\\/cs\\\/#website\"},\"primaryImageOfPage\":{\"@id\":\"https:\\\/\\\/fedrs.eu\\\/cs\\\/shop\\\/fedrs-energy-pouches-mint\\\/#primaryimage\"},\"image\":{\"@id\":\"https:\\\/\\\/fedrs.eu\\\/cs\\\/shop\\\/fedrs-energy-pouches-mint\\\/#primaryimage\"},\"thumbnailUrl\":\"https:\\\/\\\/fedrs.eu\\\/wp-content\\\/uploads\\\/2025\\\/08\\\/ENERGY_MINT_02.png\",\"datePublished\":\"2025-08-24T10:57:41+00:00\",\"dateModified\":\"2025-10-06T22:31:20+00:00\",\"description\":\"Ledov\u00e1 m\u00e1ta + siln\u00fd kofeinov\u00fd hit. \u010cist\u00e9 du\u0161evn\u00ed osv\u011b\u017een\u00ed - ide\u00e1ln\u00ed na cesty, pro soust\u0159ed\u011bn\u00ed a rychl\u00fd reset.\",\"breadcrumb\":{\"@id\":\"https:\\\/\\\/fedrs.eu\\\/cs\\\/shop\\\/fedrs-energy-pouches-mint\\\/#breadcrumb\"},\"inLanguage\":\"cs\",\"potentialAction\":[{\"@type\":\"ReadAction\",\"target\":[\"https:\\\/\\\/fedrs.eu\\\/cs\\\/shop\\\/fedrs-energy-pouches-mint\\\/\"]}]},{\"@type\":\"ImageObject\",\"inLanguage\":\"cs\",\"@id\":\"https:\\\/\\\/fedrs.eu\\\/cs\\\/shop\\\/fedrs-energy-pouches-mint\\\/#primaryimage\",\"url\":\"https:\\\/\\\/fedrs.eu\\\/wp-content\\\/uploads\\\/2025\\\/08\\\/ENERGY_MINT_02.png\",\"contentUrl\":\"https:\\\/\\\/fedrs.eu\\\/wp-content\\\/uploads\\\/2025\\\/08\\\/ENERGY_MINT_02.png\",\"width\":1200,\"height\":1200},{\"@type\":\"BreadcrumbList\",\"@id\":\"https:\\\/\\\/fedrs.eu\\\/cs\\\/shop\\\/fedrs-energy-pouches-mint\\\/#breadcrumb\",\"itemListElement\":[{\"@type\":\"ListItem\",\"position\":1,\"name\":\"Home\",\"item\":\"https:\\\/\\\/fedrs.eu\\\/cs\\\/\"},{\"@type\":\"ListItem\",\"position\":2,\"name\":\"Obchod\",\"item\":\"https:\\\/\\\/fedrs.eu\\\/cs\\\/shop\\\/\"},{\"@type\":\"ListItem\",\"position\":3,\"name\":\"Fedrs Energy Pouches Mint\"}]},{\"@type\":\"WebSite\",\"@id\":\"https:\\\/\\\/fedrs.eu\\\/cs\\\/#website\",\"url\":\"https:\\\/\\\/fedrs.eu\\\/cs\\\/\",\"name\":\"fedrs.eu\",\"description\":\"\",\"publisher\":{\"@id\":\"https:\\\/\\\/fedrs.eu\\\/cs\\\/#organization\"},\"potentialAction\":[{\"@type\":\"SearchAction\",\"target\":{\"@type\":\"EntryPoint\",\"urlTemplate\":\"https:\\\/\\\/fedrs.eu\\\/cs\\\/?s={search_term_string}\"},\"query-input\":{\"@type\":\"PropertyValueSpecification\",\"valueRequired\":true,\"valueName\":\"search_term_string\"}}],\"inLanguage\":\"cs\"},{\"@type\":\"Organization\",\"@id\":\"https:\\\/\\\/fedrs.eu\\\/cs\\\/#organization\",\"name\":\"Fedrs sp.z o.o\",\"url\":\"https:\\\/\\\/fedrs.eu\\\/cs\\\/\",\"logo\":{\"@type\":\"ImageObject\",\"inLanguage\":\"cs\",\"@id\":\"https:\\\/\\\/fedrs.eu\\\/cs\\\/#\\\/schema\\\/logo\\\/image\\\/\",\"url\":\"https:\\\/\\\/fedrs.eu\\\/wp-content\\\/uploads\\\/2024\\\/12\\\/image-52.png\",\"contentUrl\":\"https:\\\/\\\/fedrs.eu\\\/wp-content\\\/uploads\\\/2024\\\/12\\\/image-52.png\",\"width\":97,\"height\":30,\"caption\":\"Fedrs sp.z o.o\"},\"image\":{\"@id\":\"https:\\\/\\\/fedrs.eu\\\/cs\\\/#\\\/schema\\\/logo\\\/image\\\/\"},\"publishingPrinciples\":\"https:\\\/\\\/fedrs.eu\\\/terms-and-conditions\\\/\"}]}<\/script>\n<meta property=\"product:brand\" content=\"Fedrs Energy\" \/>\n<meta property=\"og:availability\" content=\"instock\" \/>\n<meta property=\"product:availability\" content=\"instock\" \/>\n<meta property=\"product:condition\" content=\"new\" \/>\n<!-- \/ Yoast SEO Premium plugin. -->","yoast_head_json":{"title":"Fedrs Energy Pouches Mint - Kofeinov\u00e9 pouzdro 65 mg","description":"Ledov\u00e1 m\u00e1ta + siln\u00fd kofeinov\u00fd hit. \u010cist\u00e9 du\u0161evn\u00ed osv\u011b\u017een\u00ed - ide\u00e1ln\u00ed na cesty, pro soust\u0159ed\u011bn\u00ed a rychl\u00fd reset.","robots":{"index":"index","follow":"follow","max-snippet":"max-snippet:-1","max-image-preview":"max-image-preview:large","max-video-preview":"max-video-preview:-1"},"canonical":"https:\/\/fedrs.eu\/cs\/shop\/fedrs-energy-pouches-mint\/","og_locale":"cs_CZ","og_type":"article","og_title":"Fedrs Energy Pouches Mint","og_description":"Ledov\u00e1 m\u00e1ta + siln\u00fd kofeinov\u00fd hit. \u010cist\u00e9 du\u0161evn\u00ed osv\u011b\u017een\u00ed - ide\u00e1ln\u00ed na cesty, pro soust\u0159ed\u011bn\u00ed a rychl\u00fd reset.","og_url":"https:\/\/fedrs.eu\/cs\/shop\/fedrs-energy-pouches-mint\/","og_site_name":"fedrs.eu","article_modified_time":"2025-10-06T22:31:20+00:00","og_image":[{"width":1200,"height":1200,"url":"https:\/\/fedrs.eu\/wp-content\/uploads\/2025\/08\/ENERGY_MINT_02.png","type":"image\/png"}],"twitter_card":"summary_large_image","twitter_misc":{"Dostupnost":"Skladem"},"schema":{"@context":"https:\/\/schema.org","@graph":[{"@type":"WebPage","@id":"https:\/\/fedrs.eu\/cs\/shop\/fedrs-energy-pouches-mint\/","url":"https:\/\/fedrs.eu\/cs\/shop\/fedrs-energy-pouches-mint\/","name":"Fedrs Energy Pouches Mint - Kofeinov\u00e9 pouzdro 65 mg","isPartOf":{"@id":"https:\/\/fedrs.eu\/cs\/#website"},"primaryImageOfPage":{"@id":"https:\/\/fedrs.eu\/cs\/shop\/fedrs-energy-pouches-mint\/#primaryimage"},"image":{"@id":"https:\/\/fedrs.eu\/cs\/shop\/fedrs-energy-pouches-mint\/#primaryimage"},"thumbnailUrl":"https:\/\/fedrs.eu\/wp-content\/uploads\/2025\/08\/ENERGY_MINT_02.png","datePublished":"2025-08-24T10:57:41+00:00","dateModified":"2025-10-06T22:31:20+00:00","description":"Ledov\u00e1 m\u00e1ta + siln\u00fd kofeinov\u00fd hit. \u010cist\u00e9 du\u0161evn\u00ed osv\u011b\u017een\u00ed - ide\u00e1ln\u00ed na cesty, pro soust\u0159ed\u011bn\u00ed a rychl\u00fd reset.","breadcrumb":{"@id":"https:\/\/fedrs.eu\/cs\/shop\/fedrs-energy-pouches-mint\/#breadcrumb"},"inLanguage":"cs","potentialAction":[{"@type":"ReadAction","target":["https:\/\/fedrs.eu\/cs\/shop\/fedrs-energy-pouches-mint\/"]}]},{"@type":"ImageObject","inLanguage":"cs","@id":"https:\/\/fedrs.eu\/cs\/shop\/fedrs-energy-pouches-mint\/#primaryimage","url":"https:\/\/fedrs.eu\/wp-content\/uploads\/2025\/08\/ENERGY_MINT_02.png","contentUrl":"https:\/\/fedrs.eu\/wp-content\/uploads\/2025\/08\/ENERGY_MINT_02.png","width":1200,"height":1200},{"@type":"BreadcrumbList","@id":"https:\/\/fedrs.eu\/cs\/shop\/fedrs-energy-pouches-mint\/#breadcrumb","itemListElement":[{"@type":"ListItem","position":1,"name":"Home","item":"https:\/\/fedrs.eu\/cs\/"},{"@type":"ListItem","position":2,"name":"Obchod","item":"https:\/\/fedrs.eu\/cs\/shop\/"},{"@type":"ListItem","position":3,"name":"Fedrs Energy Pouches Mint"}]},{"@type":"WebSite","@id":"https:\/\/fedrs.eu\/cs\/#website","url":"https:\/\/fedrs.eu\/cs\/","name":"fedrs.eu","description":"","publisher":{"@id":"https:\/\/fedrs.eu\/cs\/#organization"},"potentialAction":[{"@type":"SearchAction","target":{"@type":"EntryPoint","urlTemplate":"https:\/\/fedrs.eu\/cs\/?s={search_term_string}"},"query-input":{"@type":"PropertyValueSpecification","valueRequired":true,"valueName":"search_term_string"}}],"inLanguage":"cs"},{"@type":"Organization","@id":"https:\/\/fedrs.eu\/cs\/#organization","name":"Fedrs sp.z o.o","url":"https:\/\/fedrs.eu\/cs\/","logo":{"@type":"ImageObject","inLanguage":"cs","@id":"https:\/\/fedrs.eu\/cs\/#\/schema\/logo\/image\/","url":"https:\/\/fedrs.eu\/wp-content\/uploads\/2024\/12\/image-52.png","contentUrl":"https:\/\/fedrs.eu\/wp-content\/uploads\/2024\/12\/image-52.png","width":97,"height":30,"caption":"Fedrs sp.z o.o"},"image":{"@id":"https:\/\/fedrs.eu\/cs\/#\/schema\/logo\/image\/"},"publishingPrinciples":"https:\/\/fedrs.eu\/terms-and-conditions\/"}]},"product_brand":"Fedrs Energy","og_availability":"instock","product_availability":"instock","product_condition":"new"},"_links":{"self":[{"href":"https:\/\/fedrs.eu\/cs\/wp-json\/wp\/v2\/product\/35782","targetHints":{"allow":["GET"]}}],"collection":[{"href":"https:\/\/fedrs.eu\/cs\/wp-json\/wp\/v2\/product"}],"about":[{"href":"https:\/\/fedrs.eu\/cs\/wp-json\/wp\/v2\/types\/product"}],"replies":[{"embeddable":true,"href":"https:\/\/fedrs.eu\/cs\/wp-json\/wp\/v2\/comments?post=35782"}],"wp:featuredmedia":[{"embeddable":true,"href":"https:\/\/fedrs.eu\/cs\/wp-json\/wp\/v2\/media\/35778"}],"wp:attachment":[{"href":"https:\/\/fedrs.eu\/cs\/wp-json\/wp\/v2\/media?parent=35782"}],"wp:term":[{"taxonomy":"product_brand","embeddable":true,"href":"https:\/\/fedrs.eu\/cs\/wp-json\/wp\/v2\/product_brand?post=35782"},{"taxonomy":"product_cat","embeddable":true,"href":"https:\/\/fedrs.eu\/cs\/wp-json\/wp\/v2\/product_cat?post=35782"},{"taxonomy":"product_tag","embeddable":true,"href":"https:\/\/fedrs.eu\/cs\/wp-json\/wp\/v2\/product_tag?post=35782"}],"curies":[{"name":"wp","href":"https:\/\/api.w.org\/{rel}","templated":true}]}}