{"id":35757,"date":"2025-08-24T12:53:47","date_gmt":"2025-08-24T10:53:47","guid":{"rendered":"https:\/\/fedrs.eu\/shop\/energeticke-kapsicky-fedrs-mango\/"},"modified":"2025-10-07T00:35:13","modified_gmt":"2025-10-06T22:35:13","slug":"energeticke-kapsicky-fedrs-mango","status":"publish","type":"product","link":"https:\/\/fedrs.eu\/cs\/shop\/energeticke-kapsicky-fedrs-mango\/","title":{"rendered":"Energetick\u00e9 kapsi\u010dky Fedrs Mango"},"content":{"rendered":"<p><span data-sheets-root=\"1\">Fedrs Mango p\u0159in\u00e1\u0161\u00ed \u0161\u0165avnatou, tropickou vlnu chuti, kter\u00e1 je jako slune\u010dn\u00ed svit v s\u00e1\u010dku. Bohat\u00e1 sladkost a lehk\u00e1 pikantnost manga se dokonale snoub\u00ed s rychle p\u016fsob\u00edc\u00edm j\u00e1drem s obsahem 65 mg kofeinu. Probud\u00ed va\u0161e smysly a podpo\u0159\u00ed va\u0161i pozornost od prvn\u00edch minut.  <\/span><\/p>\n<p>Tento s\u00e1\u010dek, kter\u00fd je skv\u011bl\u00fd pro milovn\u00edky chuti i kofeinu, kombinuje exotickou chu\u0165 a c\u00edlenou energii s \u010dist\u00fdm pod\u00e1n\u00edm. \u017d\u00e1dn\u00fd nepo\u0159\u00e1dek, \u017e\u00e1dn\u00fd cukr, jen mango + motivace. <\/p>\n","protected":false},"excerpt":{"rendered":"<p>Fedrs Mango p\u0159in\u00e1\u0161\u00ed \u0161\u0165avnatou, tropickou vlnu chuti, kter\u00e1 je jako slune\u010dn\u00ed svit v s\u00e1\u010dku. Bohat\u00e1 sladkost a lehk\u00e1 pikantnost manga se dokonale snoub\u00ed s rychle p\u016fsob\u00edc\u00edm<span class=\"excerpt-hellip\"> [\u2026]<\/span><\/p>\n","protected":false},"featured_media":35753,"comment_status":"open","ping_status":"closed","template":"","meta":{"googlesitekit_rrm_CAowmrG7DA:productID":""},"product_brand":[],"product_cat":[806,605,559],"product_tag":[],"class_list":{"0":"post-35757","1":"product","2":"type-product","3":"status-publish","4":"has-post-thumbnail","6":"product_cat-energeticke-sacky","7":"product_cat-novinka","8":"product_cat-ovoce-cs","10":"first","11":"instock","12":"taxable","13":"shipping-taxable","14":"product-type-variable","15":"has-default-attributes"},"yoast_head":"<!-- This site is optimized with the Yoast SEO Premium plugin v26.5 (Yoast SEO v27.3) - https:\/\/yoast.com\/product\/yoast-seo-premium-wordpress\/ -->\n<title>Fedrs Energy Pouches Mango - Tropical Caffeine Pouch 65 mg<\/title>\n<meta name=\"description\" content=\"Exotick\u00e1 p\u0159\u00edchu\u0165 manga a 65 mg kofeinu. Z\u016fsta\u0148te pln\u00ed energie bez cukru, n\u00e1poj\u016f a stresu.\" \/>\n<meta name=\"robots\" content=\"index, follow, max-snippet:-1, max-image-preview:large, max-video-preview:-1\" \/>\n<link rel=\"canonical\" href=\"https:\/\/fedrs.eu\/cs\/shop\/energeticke-kapsicky-fedrs-mango\/\" \/>\n<meta property=\"og:locale\" content=\"cs_CZ\" \/>\n<meta property=\"og:type\" content=\"article\" \/>\n<meta property=\"og:title\" content=\"Energetick\u00e9 kapsi\u010dky Fedrs Mango\" \/>\n<meta property=\"og:description\" content=\"Exotick\u00e1 p\u0159\u00edchu\u0165 manga a 65 mg kofeinu. Z\u016fsta\u0148te pln\u00ed energie bez cukru, n\u00e1poj\u016f a stresu.\" \/>\n<meta property=\"og:url\" content=\"https:\/\/fedrs.eu\/cs\/shop\/energeticke-kapsicky-fedrs-mango\/\" \/>\n<meta property=\"og:site_name\" content=\"fedrs.eu\" \/>\n<meta property=\"article:modified_time\" content=\"2025-10-06T22:35:13+00:00\" \/>\n<meta property=\"og:image\" content=\"https:\/\/fedrs.eu\/wp-content\/uploads\/2025\/08\/ENERGY_MANGO_02.png\" \/>\n\t<meta property=\"og:image:width\" content=\"1200\" \/>\n\t<meta property=\"og:image:height\" content=\"1200\" \/>\n\t<meta property=\"og:image:type\" content=\"image\/png\" \/>\n<meta name=\"twitter:card\" content=\"summary_large_image\" \/>\n<meta name=\"twitter:label1\" content=\"Dostupnost\" \/>\n\t<meta name=\"twitter:data1\" content=\"Skladem\" \/>\n<script type=\"application\/ld+json\" class=\"yoast-schema-graph\">{\"@context\":\"https:\\\/\\\/schema.org\",\"@graph\":[{\"@type\":\"WebPage\",\"@id\":\"https:\\\/\\\/fedrs.eu\\\/cs\\\/shop\\\/energeticke-kapsicky-fedrs-mango\\\/\",\"url\":\"https:\\\/\\\/fedrs.eu\\\/cs\\\/shop\\\/energeticke-kapsicky-fedrs-mango\\\/\",\"name\":\"Fedrs Energy Pouches Mango - Tropical Caffeine Pouch 65 mg\",\"isPartOf\":{\"@id\":\"https:\\\/\\\/fedrs.eu\\\/cs\\\/#website\"},\"primaryImageOfPage\":{\"@id\":\"https:\\\/\\\/fedrs.eu\\\/cs\\\/shop\\\/energeticke-kapsicky-fedrs-mango\\\/#primaryimage\"},\"image\":{\"@id\":\"https:\\\/\\\/fedrs.eu\\\/cs\\\/shop\\\/energeticke-kapsicky-fedrs-mango\\\/#primaryimage\"},\"thumbnailUrl\":\"https:\\\/\\\/fedrs.eu\\\/wp-content\\\/uploads\\\/2025\\\/08\\\/ENERGY_MANGO_02.png\",\"datePublished\":\"2025-08-24T10:53:47+00:00\",\"dateModified\":\"2025-10-06T22:35:13+00:00\",\"description\":\"Exotick\u00e1 p\u0159\u00edchu\u0165 manga a 65 mg kofeinu. Z\u016fsta\u0148te pln\u00ed energie bez cukru, n\u00e1poj\u016f a stresu.\",\"breadcrumb\":{\"@id\":\"https:\\\/\\\/fedrs.eu\\\/cs\\\/shop\\\/energeticke-kapsicky-fedrs-mango\\\/#breadcrumb\"},\"inLanguage\":\"cs\",\"potentialAction\":[{\"@type\":\"ReadAction\",\"target\":[\"https:\\\/\\\/fedrs.eu\\\/cs\\\/shop\\\/energeticke-kapsicky-fedrs-mango\\\/\"]}]},{\"@type\":\"ImageObject\",\"inLanguage\":\"cs\",\"@id\":\"https:\\\/\\\/fedrs.eu\\\/cs\\\/shop\\\/energeticke-kapsicky-fedrs-mango\\\/#primaryimage\",\"url\":\"https:\\\/\\\/fedrs.eu\\\/wp-content\\\/uploads\\\/2025\\\/08\\\/ENERGY_MANGO_02.png\",\"contentUrl\":\"https:\\\/\\\/fedrs.eu\\\/wp-content\\\/uploads\\\/2025\\\/08\\\/ENERGY_MANGO_02.png\",\"width\":1200,\"height\":1200},{\"@type\":\"BreadcrumbList\",\"@id\":\"https:\\\/\\\/fedrs.eu\\\/cs\\\/shop\\\/energeticke-kapsicky-fedrs-mango\\\/#breadcrumb\",\"itemListElement\":[{\"@type\":\"ListItem\",\"position\":1,\"name\":\"Home\",\"item\":\"https:\\\/\\\/fedrs.eu\\\/cs\\\/\"},{\"@type\":\"ListItem\",\"position\":2,\"name\":\"Obchod\",\"item\":\"https:\\\/\\\/fedrs.eu\\\/cs\\\/shop\\\/\"},{\"@type\":\"ListItem\",\"position\":3,\"name\":\"Energetick\u00e9 kapsi\u010dky Fedrs Mango\"}]},{\"@type\":\"WebSite\",\"@id\":\"https:\\\/\\\/fedrs.eu\\\/cs\\\/#website\",\"url\":\"https:\\\/\\\/fedrs.eu\\\/cs\\\/\",\"name\":\"fedrs.eu\",\"description\":\"\",\"publisher\":{\"@id\":\"https:\\\/\\\/fedrs.eu\\\/cs\\\/#organization\"},\"potentialAction\":[{\"@type\":\"SearchAction\",\"target\":{\"@type\":\"EntryPoint\",\"urlTemplate\":\"https:\\\/\\\/fedrs.eu\\\/cs\\\/?s={search_term_string}\"},\"query-input\":{\"@type\":\"PropertyValueSpecification\",\"valueRequired\":true,\"valueName\":\"search_term_string\"}}],\"inLanguage\":\"cs\"},{\"@type\":\"Organization\",\"@id\":\"https:\\\/\\\/fedrs.eu\\\/cs\\\/#organization\",\"name\":\"Fedrs sp.z o.o\",\"url\":\"https:\\\/\\\/fedrs.eu\\\/cs\\\/\",\"logo\":{\"@type\":\"ImageObject\",\"inLanguage\":\"cs\",\"@id\":\"https:\\\/\\\/fedrs.eu\\\/cs\\\/#\\\/schema\\\/logo\\\/image\\\/\",\"url\":\"https:\\\/\\\/fedrs.eu\\\/wp-content\\\/uploads\\\/2024\\\/12\\\/image-52.png\",\"contentUrl\":\"https:\\\/\\\/fedrs.eu\\\/wp-content\\\/uploads\\\/2024\\\/12\\\/image-52.png\",\"width\":97,\"height\":30,\"caption\":\"Fedrs sp.z o.o\"},\"image\":{\"@id\":\"https:\\\/\\\/fedrs.eu\\\/cs\\\/#\\\/schema\\\/logo\\\/image\\\/\"},\"publishingPrinciples\":\"https:\\\/\\\/fedrs.eu\\\/terms-and-conditions\\\/\"}]}<\/script>\n<meta property=\"product:brand\" content=\"Fedrs Energy\" \/>\n<meta property=\"og:availability\" content=\"instock\" \/>\n<meta property=\"product:availability\" content=\"instock\" \/>\n<meta property=\"product:condition\" content=\"new\" \/>\n<!-- \/ Yoast SEO Premium plugin. -->","yoast_head_json":{"title":"Fedrs Energy Pouches Mango - Tropical Caffeine Pouch 65 mg","description":"Exotick\u00e1 p\u0159\u00edchu\u0165 manga a 65 mg kofeinu. Z\u016fsta\u0148te pln\u00ed energie bez cukru, n\u00e1poj\u016f a stresu.","robots":{"index":"index","follow":"follow","max-snippet":"max-snippet:-1","max-image-preview":"max-image-preview:large","max-video-preview":"max-video-preview:-1"},"canonical":"https:\/\/fedrs.eu\/cs\/shop\/energeticke-kapsicky-fedrs-mango\/","og_locale":"cs_CZ","og_type":"article","og_title":"Energetick\u00e9 kapsi\u010dky Fedrs Mango","og_description":"Exotick\u00e1 p\u0159\u00edchu\u0165 manga a 65 mg kofeinu. Z\u016fsta\u0148te pln\u00ed energie bez cukru, n\u00e1poj\u016f a stresu.","og_url":"https:\/\/fedrs.eu\/cs\/shop\/energeticke-kapsicky-fedrs-mango\/","og_site_name":"fedrs.eu","article_modified_time":"2025-10-06T22:35:13+00:00","og_image":[{"width":1200,"height":1200,"url":"https:\/\/fedrs.eu\/wp-content\/uploads\/2025\/08\/ENERGY_MANGO_02.png","type":"image\/png"}],"twitter_card":"summary_large_image","twitter_misc":{"Dostupnost":"Skladem"},"schema":{"@context":"https:\/\/schema.org","@graph":[{"@type":"WebPage","@id":"https:\/\/fedrs.eu\/cs\/shop\/energeticke-kapsicky-fedrs-mango\/","url":"https:\/\/fedrs.eu\/cs\/shop\/energeticke-kapsicky-fedrs-mango\/","name":"Fedrs Energy Pouches Mango - Tropical Caffeine Pouch 65 mg","isPartOf":{"@id":"https:\/\/fedrs.eu\/cs\/#website"},"primaryImageOfPage":{"@id":"https:\/\/fedrs.eu\/cs\/shop\/energeticke-kapsicky-fedrs-mango\/#primaryimage"},"image":{"@id":"https:\/\/fedrs.eu\/cs\/shop\/energeticke-kapsicky-fedrs-mango\/#primaryimage"},"thumbnailUrl":"https:\/\/fedrs.eu\/wp-content\/uploads\/2025\/08\/ENERGY_MANGO_02.png","datePublished":"2025-08-24T10:53:47+00:00","dateModified":"2025-10-06T22:35:13+00:00","description":"Exotick\u00e1 p\u0159\u00edchu\u0165 manga a 65 mg kofeinu. Z\u016fsta\u0148te pln\u00ed energie bez cukru, n\u00e1poj\u016f a stresu.","breadcrumb":{"@id":"https:\/\/fedrs.eu\/cs\/shop\/energeticke-kapsicky-fedrs-mango\/#breadcrumb"},"inLanguage":"cs","potentialAction":[{"@type":"ReadAction","target":["https:\/\/fedrs.eu\/cs\/shop\/energeticke-kapsicky-fedrs-mango\/"]}]},{"@type":"ImageObject","inLanguage":"cs","@id":"https:\/\/fedrs.eu\/cs\/shop\/energeticke-kapsicky-fedrs-mango\/#primaryimage","url":"https:\/\/fedrs.eu\/wp-content\/uploads\/2025\/08\/ENERGY_MANGO_02.png","contentUrl":"https:\/\/fedrs.eu\/wp-content\/uploads\/2025\/08\/ENERGY_MANGO_02.png","width":1200,"height":1200},{"@type":"BreadcrumbList","@id":"https:\/\/fedrs.eu\/cs\/shop\/energeticke-kapsicky-fedrs-mango\/#breadcrumb","itemListElement":[{"@type":"ListItem","position":1,"name":"Home","item":"https:\/\/fedrs.eu\/cs\/"},{"@type":"ListItem","position":2,"name":"Obchod","item":"https:\/\/fedrs.eu\/cs\/shop\/"},{"@type":"ListItem","position":3,"name":"Energetick\u00e9 kapsi\u010dky Fedrs Mango"}]},{"@type":"WebSite","@id":"https:\/\/fedrs.eu\/cs\/#website","url":"https:\/\/fedrs.eu\/cs\/","name":"fedrs.eu","description":"","publisher":{"@id":"https:\/\/fedrs.eu\/cs\/#organization"},"potentialAction":[{"@type":"SearchAction","target":{"@type":"EntryPoint","urlTemplate":"https:\/\/fedrs.eu\/cs\/?s={search_term_string}"},"query-input":{"@type":"PropertyValueSpecification","valueRequired":true,"valueName":"search_term_string"}}],"inLanguage":"cs"},{"@type":"Organization","@id":"https:\/\/fedrs.eu\/cs\/#organization","name":"Fedrs sp.z o.o","url":"https:\/\/fedrs.eu\/cs\/","logo":{"@type":"ImageObject","inLanguage":"cs","@id":"https:\/\/fedrs.eu\/cs\/#\/schema\/logo\/image\/","url":"https:\/\/fedrs.eu\/wp-content\/uploads\/2024\/12\/image-52.png","contentUrl":"https:\/\/fedrs.eu\/wp-content\/uploads\/2024\/12\/image-52.png","width":97,"height":30,"caption":"Fedrs sp.z o.o"},"image":{"@id":"https:\/\/fedrs.eu\/cs\/#\/schema\/logo\/image\/"},"publishingPrinciples":"https:\/\/fedrs.eu\/terms-and-conditions\/"}]},"product_brand":"Fedrs Energy","og_availability":"instock","product_availability":"instock","product_condition":"new"},"_links":{"self":[{"href":"https:\/\/fedrs.eu\/cs\/wp-json\/wp\/v2\/product\/35757","targetHints":{"allow":["GET"]}}],"collection":[{"href":"https:\/\/fedrs.eu\/cs\/wp-json\/wp\/v2\/product"}],"about":[{"href":"https:\/\/fedrs.eu\/cs\/wp-json\/wp\/v2\/types\/product"}],"replies":[{"embeddable":true,"href":"https:\/\/fedrs.eu\/cs\/wp-json\/wp\/v2\/comments?post=35757"}],"wp:featuredmedia":[{"embeddable":true,"href":"https:\/\/fedrs.eu\/cs\/wp-json\/wp\/v2\/media\/35753"}],"wp:attachment":[{"href":"https:\/\/fedrs.eu\/cs\/wp-json\/wp\/v2\/media?parent=35757"}],"wp:term":[{"taxonomy":"product_brand","embeddable":true,"href":"https:\/\/fedrs.eu\/cs\/wp-json\/wp\/v2\/product_brand?post=35757"},{"taxonomy":"product_cat","embeddable":true,"href":"https:\/\/fedrs.eu\/cs\/wp-json\/wp\/v2\/product_cat?post=35757"},{"taxonomy":"product_tag","embeddable":true,"href":"https:\/\/fedrs.eu\/cs\/wp-json\/wp\/v2\/product_tag?post=35757"}],"curies":[{"name":"wp","href":"https:\/\/api.w.org\/{rel}","templated":true}]}}