{"id":35707,"date":"2025-08-24T12:40:20","date_gmt":"2025-08-24T10:40:20","guid":{"rendered":"https:\/\/fedrs.eu\/shop\/fedrs-energy-pouches-cola\/"},"modified":"2025-08-29T09:17:41","modified_gmt":"2025-08-29T07:17:41","slug":"fedrs-energy-pouches-cola","status":"publish","type":"product","link":"https:\/\/fedrs.eu\/cs\/shop\/fedrs-energy-pouches-cola\/","title":{"rendered":"Fedrs Energy Pouches Cola"},"content":{"rendered":"<p><span data-sheets-root=\"1\">Klasick\u00e1 a okam\u017eit\u011b rozpoznateln\u00e1 chu\u0165 koly se ve Fedrs Cola snoub\u00ed s funk\u010dn\u00ed d\u00e1vkou energie. Jedn\u00e1 se o zn\u00e1m\u00fd chu\u0165ov\u00fd profil - jemn\u00fd karamel, ko\u0159en\u011bn\u00e9 t\u00f3ny, lehk\u00fd n\u00e1dech - zabalen\u00fd do such\u00e9ho form\u00e1tu s 65 mg kofeinu pro spolehlivou stimulaci. Nen\u00ed to jen nostalgick\u00fd hit; je to n\u00e1stroj, jak z\u016fstat rychle v obraze.  <\/span><\/p>\n<p>Pro chv\u00edle, kdy pot\u0159ebujete znovu zapojit mysl a dodat t\u011blu energii, p\u0159in\u00e1\u0161\u00ed tento s\u00e1\u010dek modern\u00ed n\u00e1dech nad\u010dasov\u00e9 chuti. \u017d\u00e1dn\u00fd cukr, jen sv\u011b\u017e\u00ed cola a \u010dist\u00fd kofein. <\/p>\n","protected":false},"excerpt":{"rendered":"<p>Klasick\u00e1 a okam\u017eit\u011b rozpoznateln\u00e1 chu\u0165 koly se ve Fedrs Cola snoub\u00ed s funk\u010dn\u00ed d\u00e1vkou energie. Jedn\u00e1 se o zn\u00e1m\u00fd chu\u0165ov\u00fd profil - jemn\u00fd karamel, ko\u0159en\u011bn\u00e9 t\u00f3ny,<span class=\"excerpt-hellip\"> [\u2026]<\/span><\/p>\n","protected":false},"featured_media":35703,"comment_status":"open","ping_status":"closed","template":"","meta":{"googlesitekit_rrm_CAowmrG7DA:productID":""},"product_brand":[],"product_cat":[750,806,616],"product_tag":[],"class_list":{"0":"post-35707","1":"product","2":"type-product","3":"status-publish","4":"has-post-thumbnail","6":"product_cat-brzy","7":"product_cat-energeticke-sacky","8":"product_cat-napoje-cs","10":"first","11":"instock","12":"taxable","13":"shipping-taxable","14":"product-type-variable","15":"has-default-attributes"},"yoast_head":"<!-- This site is optimized with the Yoast SEO Premium plugin v26.5 (Yoast SEO v27.3) - https:\/\/yoast.com\/product\/yoast-seo-premium-wordpress\/ -->\n<title>Fedrs Energy Pouches Cola - Kofeinov\u00e1 kapsi\u010dka 65 mg<\/title>\n<meta name=\"description\" content=\"Klasick\u00e1 cola se setk\u00e1v\u00e1 s kofeinovou silou. Dodejte si energii kdykoli s t\u00edmto kompaktn\u00edm s\u00e1\u010dkem bez cukru.\" \/>\n<meta name=\"robots\" content=\"index, follow, max-snippet:-1, max-image-preview:large, max-video-preview:-1\" \/>\n<link rel=\"canonical\" href=\"https:\/\/fedrs.eu\/cs\/shop\/fedrs-energy-pouches-cola\/\" \/>\n<meta property=\"og:locale\" content=\"cs_CZ\" \/>\n<meta property=\"og:type\" content=\"article\" \/>\n<meta property=\"og:title\" content=\"Fedrs Energy Pouches Cola\" \/>\n<meta property=\"og:description\" content=\"Klasick\u00e1 cola se setk\u00e1v\u00e1 s kofeinovou silou. Dodejte si energii kdykoli s t\u00edmto kompaktn\u00edm s\u00e1\u010dkem bez cukru.\" \/>\n<meta property=\"og:url\" content=\"https:\/\/fedrs.eu\/cs\/shop\/fedrs-energy-pouches-cola\/\" \/>\n<meta property=\"og:site_name\" content=\"fedrs.eu\" \/>\n<meta property=\"article:modified_time\" content=\"2025-08-29T07:17:41+00:00\" \/>\n<meta property=\"og:image\" content=\"https:\/\/fedrs.eu\/wp-content\/uploads\/2025\/08\/ENERGY_COLA_02.png\" \/>\n\t<meta property=\"og:image:width\" content=\"1200\" \/>\n\t<meta property=\"og:image:height\" content=\"1200\" \/>\n\t<meta property=\"og:image:type\" content=\"image\/png\" \/>\n<meta name=\"twitter:card\" content=\"summary_large_image\" \/>\n<meta name=\"twitter:label1\" content=\"Dostupnost\" \/>\n\t<meta name=\"twitter:data1\" content=\"Skladem\" \/>\n<script type=\"application\/ld+json\" class=\"yoast-schema-graph\">{\"@context\":\"https:\\\/\\\/schema.org\",\"@graph\":[{\"@type\":\"WebPage\",\"@id\":\"https:\\\/\\\/fedrs.eu\\\/cs\\\/shop\\\/fedrs-energy-pouches-cola\\\/\",\"url\":\"https:\\\/\\\/fedrs.eu\\\/cs\\\/shop\\\/fedrs-energy-pouches-cola\\\/\",\"name\":\"Fedrs Energy Pouches Cola - Kofeinov\u00e1 kapsi\u010dka 65 mg\",\"isPartOf\":{\"@id\":\"https:\\\/\\\/fedrs.eu\\\/cs\\\/#website\"},\"primaryImageOfPage\":{\"@id\":\"https:\\\/\\\/fedrs.eu\\\/cs\\\/shop\\\/fedrs-energy-pouches-cola\\\/#primaryimage\"},\"image\":{\"@id\":\"https:\\\/\\\/fedrs.eu\\\/cs\\\/shop\\\/fedrs-energy-pouches-cola\\\/#primaryimage\"},\"thumbnailUrl\":\"https:\\\/\\\/fedrs.eu\\\/wp-content\\\/uploads\\\/2025\\\/08\\\/ENERGY_COLA_02.png\",\"datePublished\":\"2025-08-24T10:40:20+00:00\",\"dateModified\":\"2025-08-29T07:17:41+00:00\",\"description\":\"Klasick\u00e1 cola se setk\u00e1v\u00e1 s kofeinovou silou. Dodejte si energii kdykoli s t\u00edmto kompaktn\u00edm s\u00e1\u010dkem bez cukru.\",\"breadcrumb\":{\"@id\":\"https:\\\/\\\/fedrs.eu\\\/cs\\\/shop\\\/fedrs-energy-pouches-cola\\\/#breadcrumb\"},\"inLanguage\":\"cs\",\"potentialAction\":[{\"@type\":\"ReadAction\",\"target\":[\"https:\\\/\\\/fedrs.eu\\\/cs\\\/shop\\\/fedrs-energy-pouches-cola\\\/\"]}]},{\"@type\":\"ImageObject\",\"inLanguage\":\"cs\",\"@id\":\"https:\\\/\\\/fedrs.eu\\\/cs\\\/shop\\\/fedrs-energy-pouches-cola\\\/#primaryimage\",\"url\":\"https:\\\/\\\/fedrs.eu\\\/wp-content\\\/uploads\\\/2025\\\/08\\\/ENERGY_COLA_02.png\",\"contentUrl\":\"https:\\\/\\\/fedrs.eu\\\/wp-content\\\/uploads\\\/2025\\\/08\\\/ENERGY_COLA_02.png\",\"width\":1200,\"height\":1200},{\"@type\":\"BreadcrumbList\",\"@id\":\"https:\\\/\\\/fedrs.eu\\\/cs\\\/shop\\\/fedrs-energy-pouches-cola\\\/#breadcrumb\",\"itemListElement\":[{\"@type\":\"ListItem\",\"position\":1,\"name\":\"Home\",\"item\":\"https:\\\/\\\/fedrs.eu\\\/cs\\\/\"},{\"@type\":\"ListItem\",\"position\":2,\"name\":\"Obchod\",\"item\":\"https:\\\/\\\/fedrs.eu\\\/cs\\\/shop\\\/\"},{\"@type\":\"ListItem\",\"position\":3,\"name\":\"Fedrs Energy Pouches Cola\"}]},{\"@type\":\"WebSite\",\"@id\":\"https:\\\/\\\/fedrs.eu\\\/cs\\\/#website\",\"url\":\"https:\\\/\\\/fedrs.eu\\\/cs\\\/\",\"name\":\"fedrs.eu\",\"description\":\"\",\"publisher\":{\"@id\":\"https:\\\/\\\/fedrs.eu\\\/cs\\\/#organization\"},\"potentialAction\":[{\"@type\":\"SearchAction\",\"target\":{\"@type\":\"EntryPoint\",\"urlTemplate\":\"https:\\\/\\\/fedrs.eu\\\/cs\\\/?s={search_term_string}\"},\"query-input\":{\"@type\":\"PropertyValueSpecification\",\"valueRequired\":true,\"valueName\":\"search_term_string\"}}],\"inLanguage\":\"cs\"},{\"@type\":\"Organization\",\"@id\":\"https:\\\/\\\/fedrs.eu\\\/cs\\\/#organization\",\"name\":\"Fedrs sp.z o.o\",\"url\":\"https:\\\/\\\/fedrs.eu\\\/cs\\\/\",\"logo\":{\"@type\":\"ImageObject\",\"inLanguage\":\"cs\",\"@id\":\"https:\\\/\\\/fedrs.eu\\\/cs\\\/#\\\/schema\\\/logo\\\/image\\\/\",\"url\":\"https:\\\/\\\/fedrs.eu\\\/wp-content\\\/uploads\\\/2024\\\/12\\\/image-52.png\",\"contentUrl\":\"https:\\\/\\\/fedrs.eu\\\/wp-content\\\/uploads\\\/2024\\\/12\\\/image-52.png\",\"width\":97,\"height\":30,\"caption\":\"Fedrs sp.z o.o\"},\"image\":{\"@id\":\"https:\\\/\\\/fedrs.eu\\\/cs\\\/#\\\/schema\\\/logo\\\/image\\\/\"},\"publishingPrinciples\":\"https:\\\/\\\/fedrs.eu\\\/terms-and-conditions\\\/\"}]}<\/script>\n<meta property=\"product:brand\" content=\"Fedrs Energy\" \/>\n<meta property=\"og:availability\" content=\"instock\" \/>\n<meta property=\"product:availability\" content=\"instock\" \/>\n<meta property=\"product:condition\" content=\"new\" \/>\n<!-- \/ Yoast SEO Premium plugin. -->","yoast_head_json":{"title":"Fedrs Energy Pouches Cola - Kofeinov\u00e1 kapsi\u010dka 65 mg","description":"Klasick\u00e1 cola se setk\u00e1v\u00e1 s kofeinovou silou. Dodejte si energii kdykoli s t\u00edmto kompaktn\u00edm s\u00e1\u010dkem bez cukru.","robots":{"index":"index","follow":"follow","max-snippet":"max-snippet:-1","max-image-preview":"max-image-preview:large","max-video-preview":"max-video-preview:-1"},"canonical":"https:\/\/fedrs.eu\/cs\/shop\/fedrs-energy-pouches-cola\/","og_locale":"cs_CZ","og_type":"article","og_title":"Fedrs Energy Pouches Cola","og_description":"Klasick\u00e1 cola se setk\u00e1v\u00e1 s kofeinovou silou. Dodejte si energii kdykoli s t\u00edmto kompaktn\u00edm s\u00e1\u010dkem bez cukru.","og_url":"https:\/\/fedrs.eu\/cs\/shop\/fedrs-energy-pouches-cola\/","og_site_name":"fedrs.eu","article_modified_time":"2025-08-29T07:17:41+00:00","og_image":[{"width":1200,"height":1200,"url":"https:\/\/fedrs.eu\/wp-content\/uploads\/2025\/08\/ENERGY_COLA_02.png","type":"image\/png"}],"twitter_card":"summary_large_image","twitter_misc":{"Dostupnost":"Skladem"},"schema":{"@context":"https:\/\/schema.org","@graph":[{"@type":"WebPage","@id":"https:\/\/fedrs.eu\/cs\/shop\/fedrs-energy-pouches-cola\/","url":"https:\/\/fedrs.eu\/cs\/shop\/fedrs-energy-pouches-cola\/","name":"Fedrs Energy Pouches Cola - Kofeinov\u00e1 kapsi\u010dka 65 mg","isPartOf":{"@id":"https:\/\/fedrs.eu\/cs\/#website"},"primaryImageOfPage":{"@id":"https:\/\/fedrs.eu\/cs\/shop\/fedrs-energy-pouches-cola\/#primaryimage"},"image":{"@id":"https:\/\/fedrs.eu\/cs\/shop\/fedrs-energy-pouches-cola\/#primaryimage"},"thumbnailUrl":"https:\/\/fedrs.eu\/wp-content\/uploads\/2025\/08\/ENERGY_COLA_02.png","datePublished":"2025-08-24T10:40:20+00:00","dateModified":"2025-08-29T07:17:41+00:00","description":"Klasick\u00e1 cola se setk\u00e1v\u00e1 s kofeinovou silou. Dodejte si energii kdykoli s t\u00edmto kompaktn\u00edm s\u00e1\u010dkem bez cukru.","breadcrumb":{"@id":"https:\/\/fedrs.eu\/cs\/shop\/fedrs-energy-pouches-cola\/#breadcrumb"},"inLanguage":"cs","potentialAction":[{"@type":"ReadAction","target":["https:\/\/fedrs.eu\/cs\/shop\/fedrs-energy-pouches-cola\/"]}]},{"@type":"ImageObject","inLanguage":"cs","@id":"https:\/\/fedrs.eu\/cs\/shop\/fedrs-energy-pouches-cola\/#primaryimage","url":"https:\/\/fedrs.eu\/wp-content\/uploads\/2025\/08\/ENERGY_COLA_02.png","contentUrl":"https:\/\/fedrs.eu\/wp-content\/uploads\/2025\/08\/ENERGY_COLA_02.png","width":1200,"height":1200},{"@type":"BreadcrumbList","@id":"https:\/\/fedrs.eu\/cs\/shop\/fedrs-energy-pouches-cola\/#breadcrumb","itemListElement":[{"@type":"ListItem","position":1,"name":"Home","item":"https:\/\/fedrs.eu\/cs\/"},{"@type":"ListItem","position":2,"name":"Obchod","item":"https:\/\/fedrs.eu\/cs\/shop\/"},{"@type":"ListItem","position":3,"name":"Fedrs Energy Pouches Cola"}]},{"@type":"WebSite","@id":"https:\/\/fedrs.eu\/cs\/#website","url":"https:\/\/fedrs.eu\/cs\/","name":"fedrs.eu","description":"","publisher":{"@id":"https:\/\/fedrs.eu\/cs\/#organization"},"potentialAction":[{"@type":"SearchAction","target":{"@type":"EntryPoint","urlTemplate":"https:\/\/fedrs.eu\/cs\/?s={search_term_string}"},"query-input":{"@type":"PropertyValueSpecification","valueRequired":true,"valueName":"search_term_string"}}],"inLanguage":"cs"},{"@type":"Organization","@id":"https:\/\/fedrs.eu\/cs\/#organization","name":"Fedrs sp.z o.o","url":"https:\/\/fedrs.eu\/cs\/","logo":{"@type":"ImageObject","inLanguage":"cs","@id":"https:\/\/fedrs.eu\/cs\/#\/schema\/logo\/image\/","url":"https:\/\/fedrs.eu\/wp-content\/uploads\/2024\/12\/image-52.png","contentUrl":"https:\/\/fedrs.eu\/wp-content\/uploads\/2024\/12\/image-52.png","width":97,"height":30,"caption":"Fedrs sp.z o.o"},"image":{"@id":"https:\/\/fedrs.eu\/cs\/#\/schema\/logo\/image\/"},"publishingPrinciples":"https:\/\/fedrs.eu\/terms-and-conditions\/"}]},"product_brand":"Fedrs Energy","og_availability":"instock","product_availability":"instock","product_condition":"new"},"_links":{"self":[{"href":"https:\/\/fedrs.eu\/cs\/wp-json\/wp\/v2\/product\/35707","targetHints":{"allow":["GET"]}}],"collection":[{"href":"https:\/\/fedrs.eu\/cs\/wp-json\/wp\/v2\/product"}],"about":[{"href":"https:\/\/fedrs.eu\/cs\/wp-json\/wp\/v2\/types\/product"}],"replies":[{"embeddable":true,"href":"https:\/\/fedrs.eu\/cs\/wp-json\/wp\/v2\/comments?post=35707"}],"wp:featuredmedia":[{"embeddable":true,"href":"https:\/\/fedrs.eu\/cs\/wp-json\/wp\/v2\/media\/35703"}],"wp:attachment":[{"href":"https:\/\/fedrs.eu\/cs\/wp-json\/wp\/v2\/media?parent=35707"}],"wp:term":[{"taxonomy":"product_brand","embeddable":true,"href":"https:\/\/fedrs.eu\/cs\/wp-json\/wp\/v2\/product_brand?post=35707"},{"taxonomy":"product_cat","embeddable":true,"href":"https:\/\/fedrs.eu\/cs\/wp-json\/wp\/v2\/product_cat?post=35707"},{"taxonomy":"product_tag","embeddable":true,"href":"https:\/\/fedrs.eu\/cs\/wp-json\/wp\/v2\/product_tag?post=35707"}],"curies":[{"name":"wp","href":"https:\/\/api.w.org\/{rel}","templated":true}]}}