{"id":35682,"date":"2025-08-24T12:33:38","date_gmt":"2025-08-24T10:33:38","guid":{"rendered":"https:\/\/fedrs.eu\/shop\/fedrs-energy-pouches-kava\/"},"modified":"2025-10-07T00:43:44","modified_gmt":"2025-10-06T22:43:44","slug":"fedrs-energy-pouches-kava","status":"publish","type":"product","link":"https:\/\/fedrs.eu\/cs\/shop\/fedrs-energy-pouches-kava\/","title":{"rendered":"Fedrs Energy Pouches K\u00e1va"},"content":{"rendered":"<p><span data-sheets-root=\"1\">Pro ty, kte\u0159\u00ed tou\u017e\u00ed po ritu\u00e1lu k\u00e1vy, ale ne po \u0161\u00e1lku, nab\u00edz\u00ed Fedrs Coffee hlubokou pra\u017eenou chu\u0165 v mal\u00e9m form\u00e1tu bez nepo\u0159\u00e1dku. Jedn\u00e1 se o skute\u010dnou chu\u0165 k\u00e1vy - zemitou, lehce naho\u0159klou, s t\u00f3ny tmav\u00e9ho pra\u017een\u00ed - nikoliv oslazenou nebo z\u0159ed\u011bnou. Uvnit\u0159 se nach\u00e1z\u00ed 65 mg rychle se uvol\u0148uj\u00edc\u00edho kofeinu, kter\u00fd nastartuje v\u00e1\u0161 organismus stejn\u011b jako v\u00e1\u0161 obl\u00edben\u00fd n\u00e1poj.  <\/span><\/p>\n<p>Toto pouzdro je ur\u010deno pro dny s rychl\u00fdm tempem a nep\u0159edv\u00eddateln\u00fdm rozvrhem a p\u0159in\u00e1\u0161\u00ed pohodl\u00ed rann\u00ed k\u00e1vy se silou modern\u00ed v\u011bdy o energii. Perfektn\u00ed do pr\u00e1ce, na cesty nebo v jak\u00e9mkoli okam\u017eiku, kdy na v\u00fdkonu z\u00e1le\u017e\u00ed v\u00edce ne\u017e na ritu\u00e1lu va\u0159en\u00ed. <\/p>\n","protected":false},"excerpt":{"rendered":"<p>Pro ty, kte\u0159\u00ed tou\u017e\u00ed po ritu\u00e1lu k\u00e1vy, ale ne po \u0161\u00e1lku, nab\u00edz\u00ed Fedrs Coffee hlubokou pra\u017eenou chu\u0165 v mal\u00e9m form\u00e1tu bez nepo\u0159\u00e1dku. Jedn\u00e1 se o skute\u010dnou<span class=\"excerpt-hellip\"> [\u2026]<\/span><\/p>\n","protected":false},"featured_media":35676,"comment_status":"open","ping_status":"closed","template":"","meta":{"googlesitekit_rrm_CAowmrG7DA:productID":""},"product_brand":[],"product_cat":[806,616,605],"product_tag":[],"class_list":{"0":"post-35682","1":"product","2":"type-product","3":"status-publish","4":"has-post-thumbnail","6":"product_cat-energeticke-sacky","7":"product_cat-napoje-cs","8":"product_cat-novinka","10":"first","11":"instock","12":"taxable","13":"shipping-taxable","14":"product-type-variable","15":"has-default-attributes"},"yoast_head":"<!-- This site is optimized with the Yoast SEO Premium plugin v26.5 (Yoast SEO v27.3) - https:\/\/yoast.com\/product\/yoast-seo-premium-wordpress\/ -->\n<title>Fedrs Energy Pouches Coffee - kofeinov\u00fd s\u00e1\u010dek s p\u0159\u00edchut\u00ed k\u00e1vy<\/title>\n<meta name=\"description\" content=\"Skute\u010dn\u00e1 chu\u0165 k\u00e1vy s 65 mg kofeinu. Rychl\u00e9 soust\u0159ed\u011bn\u00ed bez \u0161\u00e1lku. P\u0159enosn\u00e9, \u00fa\u010dinn\u00e9 a \u00fasporn\u00e9.\" \/>\n<meta name=\"robots\" content=\"index, follow, max-snippet:-1, max-image-preview:large, max-video-preview:-1\" \/>\n<link rel=\"canonical\" href=\"https:\/\/fedrs.eu\/cs\/shop\/fedrs-energy-pouches-kava\/\" \/>\n<meta property=\"og:locale\" content=\"cs_CZ\" \/>\n<meta property=\"og:type\" content=\"article\" \/>\n<meta property=\"og:title\" content=\"Fedrs Energy Pouches K\u00e1va\" \/>\n<meta property=\"og:description\" content=\"Skute\u010dn\u00e1 chu\u0165 k\u00e1vy s 65 mg kofeinu. Rychl\u00e9 soust\u0159ed\u011bn\u00ed bez \u0161\u00e1lku. P\u0159enosn\u00e9, \u00fa\u010dinn\u00e9 a \u00fasporn\u00e9.\" \/>\n<meta property=\"og:url\" content=\"https:\/\/fedrs.eu\/cs\/shop\/fedrs-energy-pouches-kava\/\" \/>\n<meta property=\"og:site_name\" content=\"fedrs.eu\" \/>\n<meta property=\"article:modified_time\" content=\"2025-10-06T22:43:44+00:00\" \/>\n<meta property=\"og:image\" content=\"https:\/\/fedrs.eu\/wp-content\/uploads\/2025\/08\/ENERGY_COFFEE_02.png\" \/>\n\t<meta property=\"og:image:width\" content=\"1200\" \/>\n\t<meta property=\"og:image:height\" content=\"1200\" \/>\n\t<meta property=\"og:image:type\" content=\"image\/png\" \/>\n<meta name=\"twitter:card\" content=\"summary_large_image\" \/>\n<meta name=\"twitter:label1\" content=\"Dostupnost\" \/>\n\t<meta name=\"twitter:data1\" content=\"Skladem\" \/>\n<script type=\"application\/ld+json\" class=\"yoast-schema-graph\">{\"@context\":\"https:\\\/\\\/schema.org\",\"@graph\":[{\"@type\":\"WebPage\",\"@id\":\"https:\\\/\\\/fedrs.eu\\\/cs\\\/shop\\\/fedrs-energy-pouches-kava\\\/\",\"url\":\"https:\\\/\\\/fedrs.eu\\\/cs\\\/shop\\\/fedrs-energy-pouches-kava\\\/\",\"name\":\"Fedrs Energy Pouches Coffee - kofeinov\u00fd s\u00e1\u010dek s p\u0159\u00edchut\u00ed k\u00e1vy\",\"isPartOf\":{\"@id\":\"https:\\\/\\\/fedrs.eu\\\/cs\\\/#website\"},\"primaryImageOfPage\":{\"@id\":\"https:\\\/\\\/fedrs.eu\\\/cs\\\/shop\\\/fedrs-energy-pouches-kava\\\/#primaryimage\"},\"image\":{\"@id\":\"https:\\\/\\\/fedrs.eu\\\/cs\\\/shop\\\/fedrs-energy-pouches-kava\\\/#primaryimage\"},\"thumbnailUrl\":\"https:\\\/\\\/fedrs.eu\\\/wp-content\\\/uploads\\\/2025\\\/08\\\/ENERGY_COFFEE_02.png\",\"datePublished\":\"2025-08-24T10:33:38+00:00\",\"dateModified\":\"2025-10-06T22:43:44+00:00\",\"description\":\"Skute\u010dn\u00e1 chu\u0165 k\u00e1vy s 65 mg kofeinu. Rychl\u00e9 soust\u0159ed\u011bn\u00ed bez \u0161\u00e1lku. P\u0159enosn\u00e9, \u00fa\u010dinn\u00e9 a \u00fasporn\u00e9.\",\"breadcrumb\":{\"@id\":\"https:\\\/\\\/fedrs.eu\\\/cs\\\/shop\\\/fedrs-energy-pouches-kava\\\/#breadcrumb\"},\"inLanguage\":\"cs\",\"potentialAction\":[{\"@type\":\"ReadAction\",\"target\":[\"https:\\\/\\\/fedrs.eu\\\/cs\\\/shop\\\/fedrs-energy-pouches-kava\\\/\"]}]},{\"@type\":\"ImageObject\",\"inLanguage\":\"cs\",\"@id\":\"https:\\\/\\\/fedrs.eu\\\/cs\\\/shop\\\/fedrs-energy-pouches-kava\\\/#primaryimage\",\"url\":\"https:\\\/\\\/fedrs.eu\\\/wp-content\\\/uploads\\\/2025\\\/08\\\/ENERGY_COFFEE_02.png\",\"contentUrl\":\"https:\\\/\\\/fedrs.eu\\\/wp-content\\\/uploads\\\/2025\\\/08\\\/ENERGY_COFFEE_02.png\",\"width\":1200,\"height\":1200},{\"@type\":\"BreadcrumbList\",\"@id\":\"https:\\\/\\\/fedrs.eu\\\/cs\\\/shop\\\/fedrs-energy-pouches-kava\\\/#breadcrumb\",\"itemListElement\":[{\"@type\":\"ListItem\",\"position\":1,\"name\":\"Home\",\"item\":\"https:\\\/\\\/fedrs.eu\\\/cs\\\/\"},{\"@type\":\"ListItem\",\"position\":2,\"name\":\"Obchod\",\"item\":\"https:\\\/\\\/fedrs.eu\\\/cs\\\/shop\\\/\"},{\"@type\":\"ListItem\",\"position\":3,\"name\":\"Fedrs Energy Pouches K\u00e1va\"}]},{\"@type\":\"WebSite\",\"@id\":\"https:\\\/\\\/fedrs.eu\\\/cs\\\/#website\",\"url\":\"https:\\\/\\\/fedrs.eu\\\/cs\\\/\",\"name\":\"fedrs.eu\",\"description\":\"\",\"publisher\":{\"@id\":\"https:\\\/\\\/fedrs.eu\\\/cs\\\/#organization\"},\"potentialAction\":[{\"@type\":\"SearchAction\",\"target\":{\"@type\":\"EntryPoint\",\"urlTemplate\":\"https:\\\/\\\/fedrs.eu\\\/cs\\\/?s={search_term_string}\"},\"query-input\":{\"@type\":\"PropertyValueSpecification\",\"valueRequired\":true,\"valueName\":\"search_term_string\"}}],\"inLanguage\":\"cs\"},{\"@type\":\"Organization\",\"@id\":\"https:\\\/\\\/fedrs.eu\\\/cs\\\/#organization\",\"name\":\"Fedrs sp.z o.o\",\"url\":\"https:\\\/\\\/fedrs.eu\\\/cs\\\/\",\"logo\":{\"@type\":\"ImageObject\",\"inLanguage\":\"cs\",\"@id\":\"https:\\\/\\\/fedrs.eu\\\/cs\\\/#\\\/schema\\\/logo\\\/image\\\/\",\"url\":\"https:\\\/\\\/fedrs.eu\\\/wp-content\\\/uploads\\\/2024\\\/12\\\/image-52.png\",\"contentUrl\":\"https:\\\/\\\/fedrs.eu\\\/wp-content\\\/uploads\\\/2024\\\/12\\\/image-52.png\",\"width\":97,\"height\":30,\"caption\":\"Fedrs sp.z o.o\"},\"image\":{\"@id\":\"https:\\\/\\\/fedrs.eu\\\/cs\\\/#\\\/schema\\\/logo\\\/image\\\/\"},\"publishingPrinciples\":\"https:\\\/\\\/fedrs.eu\\\/terms-and-conditions\\\/\"}]}<\/script>\n<meta property=\"product:brand\" content=\"Fedrs Energy\" \/>\n<meta property=\"og:availability\" content=\"instock\" \/>\n<meta property=\"product:availability\" content=\"instock\" \/>\n<meta property=\"product:condition\" content=\"new\" \/>\n<!-- \/ Yoast SEO Premium plugin. -->","yoast_head_json":{"title":"Fedrs Energy Pouches Coffee - kofeinov\u00fd s\u00e1\u010dek s p\u0159\u00edchut\u00ed k\u00e1vy","description":"Skute\u010dn\u00e1 chu\u0165 k\u00e1vy s 65 mg kofeinu. Rychl\u00e9 soust\u0159ed\u011bn\u00ed bez \u0161\u00e1lku. P\u0159enosn\u00e9, \u00fa\u010dinn\u00e9 a \u00fasporn\u00e9.","robots":{"index":"index","follow":"follow","max-snippet":"max-snippet:-1","max-image-preview":"max-image-preview:large","max-video-preview":"max-video-preview:-1"},"canonical":"https:\/\/fedrs.eu\/cs\/shop\/fedrs-energy-pouches-kava\/","og_locale":"cs_CZ","og_type":"article","og_title":"Fedrs Energy Pouches K\u00e1va","og_description":"Skute\u010dn\u00e1 chu\u0165 k\u00e1vy s 65 mg kofeinu. Rychl\u00e9 soust\u0159ed\u011bn\u00ed bez \u0161\u00e1lku. P\u0159enosn\u00e9, \u00fa\u010dinn\u00e9 a \u00fasporn\u00e9.","og_url":"https:\/\/fedrs.eu\/cs\/shop\/fedrs-energy-pouches-kava\/","og_site_name":"fedrs.eu","article_modified_time":"2025-10-06T22:43:44+00:00","og_image":[{"width":1200,"height":1200,"url":"https:\/\/fedrs.eu\/wp-content\/uploads\/2025\/08\/ENERGY_COFFEE_02.png","type":"image\/png"}],"twitter_card":"summary_large_image","twitter_misc":{"Dostupnost":"Skladem"},"schema":{"@context":"https:\/\/schema.org","@graph":[{"@type":"WebPage","@id":"https:\/\/fedrs.eu\/cs\/shop\/fedrs-energy-pouches-kava\/","url":"https:\/\/fedrs.eu\/cs\/shop\/fedrs-energy-pouches-kava\/","name":"Fedrs Energy Pouches Coffee - kofeinov\u00fd s\u00e1\u010dek s p\u0159\u00edchut\u00ed k\u00e1vy","isPartOf":{"@id":"https:\/\/fedrs.eu\/cs\/#website"},"primaryImageOfPage":{"@id":"https:\/\/fedrs.eu\/cs\/shop\/fedrs-energy-pouches-kava\/#primaryimage"},"image":{"@id":"https:\/\/fedrs.eu\/cs\/shop\/fedrs-energy-pouches-kava\/#primaryimage"},"thumbnailUrl":"https:\/\/fedrs.eu\/wp-content\/uploads\/2025\/08\/ENERGY_COFFEE_02.png","datePublished":"2025-08-24T10:33:38+00:00","dateModified":"2025-10-06T22:43:44+00:00","description":"Skute\u010dn\u00e1 chu\u0165 k\u00e1vy s 65 mg kofeinu. Rychl\u00e9 soust\u0159ed\u011bn\u00ed bez \u0161\u00e1lku. P\u0159enosn\u00e9, \u00fa\u010dinn\u00e9 a \u00fasporn\u00e9.","breadcrumb":{"@id":"https:\/\/fedrs.eu\/cs\/shop\/fedrs-energy-pouches-kava\/#breadcrumb"},"inLanguage":"cs","potentialAction":[{"@type":"ReadAction","target":["https:\/\/fedrs.eu\/cs\/shop\/fedrs-energy-pouches-kava\/"]}]},{"@type":"ImageObject","inLanguage":"cs","@id":"https:\/\/fedrs.eu\/cs\/shop\/fedrs-energy-pouches-kava\/#primaryimage","url":"https:\/\/fedrs.eu\/wp-content\/uploads\/2025\/08\/ENERGY_COFFEE_02.png","contentUrl":"https:\/\/fedrs.eu\/wp-content\/uploads\/2025\/08\/ENERGY_COFFEE_02.png","width":1200,"height":1200},{"@type":"BreadcrumbList","@id":"https:\/\/fedrs.eu\/cs\/shop\/fedrs-energy-pouches-kava\/#breadcrumb","itemListElement":[{"@type":"ListItem","position":1,"name":"Home","item":"https:\/\/fedrs.eu\/cs\/"},{"@type":"ListItem","position":2,"name":"Obchod","item":"https:\/\/fedrs.eu\/cs\/shop\/"},{"@type":"ListItem","position":3,"name":"Fedrs Energy Pouches K\u00e1va"}]},{"@type":"WebSite","@id":"https:\/\/fedrs.eu\/cs\/#website","url":"https:\/\/fedrs.eu\/cs\/","name":"fedrs.eu","description":"","publisher":{"@id":"https:\/\/fedrs.eu\/cs\/#organization"},"potentialAction":[{"@type":"SearchAction","target":{"@type":"EntryPoint","urlTemplate":"https:\/\/fedrs.eu\/cs\/?s={search_term_string}"},"query-input":{"@type":"PropertyValueSpecification","valueRequired":true,"valueName":"search_term_string"}}],"inLanguage":"cs"},{"@type":"Organization","@id":"https:\/\/fedrs.eu\/cs\/#organization","name":"Fedrs sp.z o.o","url":"https:\/\/fedrs.eu\/cs\/","logo":{"@type":"ImageObject","inLanguage":"cs","@id":"https:\/\/fedrs.eu\/cs\/#\/schema\/logo\/image\/","url":"https:\/\/fedrs.eu\/wp-content\/uploads\/2024\/12\/image-52.png","contentUrl":"https:\/\/fedrs.eu\/wp-content\/uploads\/2024\/12\/image-52.png","width":97,"height":30,"caption":"Fedrs sp.z o.o"},"image":{"@id":"https:\/\/fedrs.eu\/cs\/#\/schema\/logo\/image\/"},"publishingPrinciples":"https:\/\/fedrs.eu\/terms-and-conditions\/"}]},"product_brand":"Fedrs Energy","og_availability":"instock","product_availability":"instock","product_condition":"new"},"_links":{"self":[{"href":"https:\/\/fedrs.eu\/cs\/wp-json\/wp\/v2\/product\/35682","targetHints":{"allow":["GET"]}}],"collection":[{"href":"https:\/\/fedrs.eu\/cs\/wp-json\/wp\/v2\/product"}],"about":[{"href":"https:\/\/fedrs.eu\/cs\/wp-json\/wp\/v2\/types\/product"}],"replies":[{"embeddable":true,"href":"https:\/\/fedrs.eu\/cs\/wp-json\/wp\/v2\/comments?post=35682"}],"wp:featuredmedia":[{"embeddable":true,"href":"https:\/\/fedrs.eu\/cs\/wp-json\/wp\/v2\/media\/35676"}],"wp:attachment":[{"href":"https:\/\/fedrs.eu\/cs\/wp-json\/wp\/v2\/media?parent=35682"}],"wp:term":[{"taxonomy":"product_brand","embeddable":true,"href":"https:\/\/fedrs.eu\/cs\/wp-json\/wp\/v2\/product_brand?post=35682"},{"taxonomy":"product_cat","embeddable":true,"href":"https:\/\/fedrs.eu\/cs\/wp-json\/wp\/v2\/product_cat?post=35682"},{"taxonomy":"product_tag","embeddable":true,"href":"https:\/\/fedrs.eu\/cs\/wp-json\/wp\/v2\/product_tag?post=35682"}],"curies":[{"name":"wp","href":"https:\/\/api.w.org\/{rel}","templated":true}]}}