{"id":35657,"date":"2025-08-24T12:28:21","date_gmt":"2025-08-24T10:28:21","guid":{"rendered":"https:\/\/fedrs.eu\/shop\/fedrs-energy-pouches-citrus\/"},"modified":"2025-10-07T00:45:26","modified_gmt":"2025-10-06T22:45:26","slug":"fedrs-energy-pouches-citrus","status":"publish","type":"product","link":"https:\/\/fedrs.eu\/cs\/shop\/fedrs-energy-pouches-citrus\/","title":{"rendered":"Fedrs Energy Pouches Citrus"},"content":{"rendered":"<p><span data-sheets-root=\"1\">Fedrs Citrus je pikantn\u00ed a odv\u00e1\u017en\u00fd, p\u0159in\u00e1\u0161\u00ed punc p\u0159\u00edrodn\u00ed citrusov\u00e9 chuti: z\u00e1\u0159ivou citronovou k\u016fru, n\u00e1znak limetky a sv\u011b\u017e\u00ed z\u00e1v\u011br. Je to p\u0159\u00edchu\u0165 navr\u017een\u00e1 tak, aby probudila va\u0161e chu\u0165ov\u00e9 poh\u00e1rky je\u0161t\u011b p\u0159edt\u00edm, ne\u017e se dostav\u00ed kofein. Ale kdy\u017e se tak stane, 65 mg kofeinu v jednom s\u00e1\u010dku se pust\u00ed p\u0159\u00edmo do pr\u00e1ce: zv\u00fd\u0161\u00ed hladinu energie, zbyst\u0159\u00ed va\u0161i pozornost a zv\u00fd\u0161\u00ed v\u00e1\u0161 v\u00fdkon.  <\/span><\/p>\n<p>Na rozd\u00edl od sladk\u00fdch n\u00e1poj\u016f nebo objemn\u00fdch dopl\u0148k\u016f stravy se tento s\u00e1\u010dek bez probl\u00e9m\u016f za\u0159ad\u00ed do va\u0161eho dne. Je diskr\u00e9tn\u00ed, p\u0159enosn\u00fd a odvede svou pr\u00e1ci: dod\u00e1 energii, kter\u00e1 neopad\u00e1v\u00e1, a chu\u0165, ke kter\u00e9 se budete vracet. <\/p>\n","protected":false},"excerpt":{"rendered":"<p>Fedrs Citrus je pikantn\u00ed a odv\u00e1\u017en\u00fd, p\u0159in\u00e1\u0161\u00ed punc p\u0159\u00edrodn\u00ed citrusov\u00e9 chuti: z\u00e1\u0159ivou citronovou k\u016fru, n\u00e1znak limetky a sv\u011b\u017e\u00ed z\u00e1v\u011br. Je to p\u0159\u00edchu\u0165 navr\u017een\u00e1 tak, aby probudila<span class=\"excerpt-hellip\"> [\u2026]<\/span><\/p>\n","protected":false},"featured_media":35653,"comment_status":"open","ping_status":"closed","template":"","meta":{"googlesitekit_rrm_CAowmrG7DA:productID":""},"product_brand":[],"product_cat":[631,806,605],"product_tag":[],"class_list":{"0":"post-35657","1":"product","2":"type-product","3":"status-publish","4":"has-post-thumbnail","6":"product_cat-citrus-cs","7":"product_cat-energeticke-sacky","8":"product_cat-novinka","10":"first","11":"outofstock","12":"taxable","13":"shipping-taxable","14":"product-type-variable","15":"has-default-attributes"},"yoast_head":"<!-- This site is optimized with the Yoast SEO Premium plugin v26.5 (Yoast SEO v27.3) - https:\/\/yoast.com\/product\/yoast-seo-premium-wordpress\/ -->\n<title>Fedrs Energy Pouches Citrus - Kofeinov\u00fd s\u00e1\u010dek 65 mg<\/title>\n<meta name=\"description\" content=\"K\u0159upav\u00e1 citrusov\u00e1 p\u0159\u00edchu\u0165 + 65 mg kofeinu. V\u00fdrazn\u00e9 vylep\u0161en\u00ed energie - pohodln\u00e9, bez nepo\u0159\u00e1dku a v\u017edy s v\u00e1mi.\" \/>\n<meta name=\"robots\" content=\"index, follow, max-snippet:-1, max-image-preview:large, max-video-preview:-1\" \/>\n<link rel=\"canonical\" href=\"https:\/\/fedrs.eu\/cs\/shop\/fedrs-energy-pouches-citrus\/\" \/>\n<meta property=\"og:locale\" content=\"cs_CZ\" \/>\n<meta property=\"og:type\" content=\"article\" \/>\n<meta property=\"og:title\" content=\"Fedrs Energy Pouches Citrus\" \/>\n<meta property=\"og:description\" content=\"K\u0159upav\u00e1 citrusov\u00e1 p\u0159\u00edchu\u0165 + 65 mg kofeinu. V\u00fdrazn\u00e9 vylep\u0161en\u00ed energie - pohodln\u00e9, bez nepo\u0159\u00e1dku a v\u017edy s v\u00e1mi.\" \/>\n<meta property=\"og:url\" content=\"https:\/\/fedrs.eu\/cs\/shop\/fedrs-energy-pouches-citrus\/\" \/>\n<meta property=\"og:site_name\" content=\"fedrs.eu\" \/>\n<meta property=\"article:modified_time\" content=\"2025-10-06T22:45:26+00:00\" \/>\n<meta property=\"og:image\" content=\"https:\/\/fedrs.eu\/wp-content\/uploads\/2025\/08\/ENERGY_CITRUS_02.png\" \/>\n\t<meta property=\"og:image:width\" content=\"1200\" \/>\n\t<meta property=\"og:image:height\" content=\"1200\" \/>\n\t<meta property=\"og:image:type\" content=\"image\/png\" \/>\n<meta name=\"twitter:card\" content=\"summary_large_image\" \/>\n<meta name=\"twitter:label1\" content=\"Dostupnost\" \/>\n\t<meta name=\"twitter:data1\" content=\"Vyprod\u00e1no\" \/>\n<script type=\"application\/ld+json\" class=\"yoast-schema-graph\">{\"@context\":\"https:\\\/\\\/schema.org\",\"@graph\":[{\"@type\":\"WebPage\",\"@id\":\"https:\\\/\\\/fedrs.eu\\\/cs\\\/shop\\\/fedrs-energy-pouches-citrus\\\/\",\"url\":\"https:\\\/\\\/fedrs.eu\\\/cs\\\/shop\\\/fedrs-energy-pouches-citrus\\\/\",\"name\":\"Fedrs Energy Pouches Citrus - Kofeinov\u00fd s\u00e1\u010dek 65 mg\",\"isPartOf\":{\"@id\":\"https:\\\/\\\/fedrs.eu\\\/cs\\\/#website\"},\"primaryImageOfPage\":{\"@id\":\"https:\\\/\\\/fedrs.eu\\\/cs\\\/shop\\\/fedrs-energy-pouches-citrus\\\/#primaryimage\"},\"image\":{\"@id\":\"https:\\\/\\\/fedrs.eu\\\/cs\\\/shop\\\/fedrs-energy-pouches-citrus\\\/#primaryimage\"},\"thumbnailUrl\":\"https:\\\/\\\/fedrs.eu\\\/wp-content\\\/uploads\\\/2025\\\/08\\\/ENERGY_CITRUS_02.png\",\"datePublished\":\"2025-08-24T10:28:21+00:00\",\"dateModified\":\"2025-10-06T22:45:26+00:00\",\"description\":\"K\u0159upav\u00e1 citrusov\u00e1 p\u0159\u00edchu\u0165 + 65 mg kofeinu. V\u00fdrazn\u00e9 vylep\u0161en\u00ed energie - pohodln\u00e9, bez nepo\u0159\u00e1dku a v\u017edy s v\u00e1mi.\",\"breadcrumb\":{\"@id\":\"https:\\\/\\\/fedrs.eu\\\/cs\\\/shop\\\/fedrs-energy-pouches-citrus\\\/#breadcrumb\"},\"inLanguage\":\"cs\",\"potentialAction\":[{\"@type\":\"ReadAction\",\"target\":[\"https:\\\/\\\/fedrs.eu\\\/cs\\\/shop\\\/fedrs-energy-pouches-citrus\\\/\"]}]},{\"@type\":\"ImageObject\",\"inLanguage\":\"cs\",\"@id\":\"https:\\\/\\\/fedrs.eu\\\/cs\\\/shop\\\/fedrs-energy-pouches-citrus\\\/#primaryimage\",\"url\":\"https:\\\/\\\/fedrs.eu\\\/wp-content\\\/uploads\\\/2025\\\/08\\\/ENERGY_CITRUS_02.png\",\"contentUrl\":\"https:\\\/\\\/fedrs.eu\\\/wp-content\\\/uploads\\\/2025\\\/08\\\/ENERGY_CITRUS_02.png\",\"width\":1200,\"height\":1200},{\"@type\":\"BreadcrumbList\",\"@id\":\"https:\\\/\\\/fedrs.eu\\\/cs\\\/shop\\\/fedrs-energy-pouches-citrus\\\/#breadcrumb\",\"itemListElement\":[{\"@type\":\"ListItem\",\"position\":1,\"name\":\"Home\",\"item\":\"https:\\\/\\\/fedrs.eu\\\/cs\\\/\"},{\"@type\":\"ListItem\",\"position\":2,\"name\":\"Obchod\",\"item\":\"https:\\\/\\\/fedrs.eu\\\/cs\\\/shop\\\/\"},{\"@type\":\"ListItem\",\"position\":3,\"name\":\"Fedrs Energy Pouches Citrus\"}]},{\"@type\":\"WebSite\",\"@id\":\"https:\\\/\\\/fedrs.eu\\\/cs\\\/#website\",\"url\":\"https:\\\/\\\/fedrs.eu\\\/cs\\\/\",\"name\":\"fedrs.eu\",\"description\":\"\",\"publisher\":{\"@id\":\"https:\\\/\\\/fedrs.eu\\\/cs\\\/#organization\"},\"potentialAction\":[{\"@type\":\"SearchAction\",\"target\":{\"@type\":\"EntryPoint\",\"urlTemplate\":\"https:\\\/\\\/fedrs.eu\\\/cs\\\/?s={search_term_string}\"},\"query-input\":{\"@type\":\"PropertyValueSpecification\",\"valueRequired\":true,\"valueName\":\"search_term_string\"}}],\"inLanguage\":\"cs\"},{\"@type\":\"Organization\",\"@id\":\"https:\\\/\\\/fedrs.eu\\\/cs\\\/#organization\",\"name\":\"Fedrs sp.z o.o\",\"url\":\"https:\\\/\\\/fedrs.eu\\\/cs\\\/\",\"logo\":{\"@type\":\"ImageObject\",\"inLanguage\":\"cs\",\"@id\":\"https:\\\/\\\/fedrs.eu\\\/cs\\\/#\\\/schema\\\/logo\\\/image\\\/\",\"url\":\"https:\\\/\\\/fedrs.eu\\\/wp-content\\\/uploads\\\/2024\\\/12\\\/image-52.png\",\"contentUrl\":\"https:\\\/\\\/fedrs.eu\\\/wp-content\\\/uploads\\\/2024\\\/12\\\/image-52.png\",\"width\":97,\"height\":30,\"caption\":\"Fedrs sp.z o.o\"},\"image\":{\"@id\":\"https:\\\/\\\/fedrs.eu\\\/cs\\\/#\\\/schema\\\/logo\\\/image\\\/\"},\"publishingPrinciples\":\"https:\\\/\\\/fedrs.eu\\\/terms-and-conditions\\\/\"}]}<\/script>\n<meta property=\"product:brand\" content=\"Fedrs Energy\" \/>\n<meta property=\"og:availability\" content=\"out of stock\" \/>\n<meta property=\"product:availability\" content=\"out of stock\" \/>\n<meta property=\"product:condition\" content=\"new\" \/>\n<!-- \/ Yoast SEO Premium plugin. -->","yoast_head_json":{"title":"Fedrs Energy Pouches Citrus - Kofeinov\u00fd s\u00e1\u010dek 65 mg","description":"K\u0159upav\u00e1 citrusov\u00e1 p\u0159\u00edchu\u0165 + 65 mg kofeinu. V\u00fdrazn\u00e9 vylep\u0161en\u00ed energie - pohodln\u00e9, bez nepo\u0159\u00e1dku a v\u017edy s v\u00e1mi.","robots":{"index":"index","follow":"follow","max-snippet":"max-snippet:-1","max-image-preview":"max-image-preview:large","max-video-preview":"max-video-preview:-1"},"canonical":"https:\/\/fedrs.eu\/cs\/shop\/fedrs-energy-pouches-citrus\/","og_locale":"cs_CZ","og_type":"article","og_title":"Fedrs Energy Pouches Citrus","og_description":"K\u0159upav\u00e1 citrusov\u00e1 p\u0159\u00edchu\u0165 + 65 mg kofeinu. V\u00fdrazn\u00e9 vylep\u0161en\u00ed energie - pohodln\u00e9, bez nepo\u0159\u00e1dku a v\u017edy s v\u00e1mi.","og_url":"https:\/\/fedrs.eu\/cs\/shop\/fedrs-energy-pouches-citrus\/","og_site_name":"fedrs.eu","article_modified_time":"2025-10-06T22:45:26+00:00","og_image":[{"width":1200,"height":1200,"url":"https:\/\/fedrs.eu\/wp-content\/uploads\/2025\/08\/ENERGY_CITRUS_02.png","type":"image\/png"}],"twitter_card":"summary_large_image","twitter_misc":{"Dostupnost":"Vyprod\u00e1no"},"schema":{"@context":"https:\/\/schema.org","@graph":[{"@type":"WebPage","@id":"https:\/\/fedrs.eu\/cs\/shop\/fedrs-energy-pouches-citrus\/","url":"https:\/\/fedrs.eu\/cs\/shop\/fedrs-energy-pouches-citrus\/","name":"Fedrs Energy Pouches Citrus - Kofeinov\u00fd s\u00e1\u010dek 65 mg","isPartOf":{"@id":"https:\/\/fedrs.eu\/cs\/#website"},"primaryImageOfPage":{"@id":"https:\/\/fedrs.eu\/cs\/shop\/fedrs-energy-pouches-citrus\/#primaryimage"},"image":{"@id":"https:\/\/fedrs.eu\/cs\/shop\/fedrs-energy-pouches-citrus\/#primaryimage"},"thumbnailUrl":"https:\/\/fedrs.eu\/wp-content\/uploads\/2025\/08\/ENERGY_CITRUS_02.png","datePublished":"2025-08-24T10:28:21+00:00","dateModified":"2025-10-06T22:45:26+00:00","description":"K\u0159upav\u00e1 citrusov\u00e1 p\u0159\u00edchu\u0165 + 65 mg kofeinu. V\u00fdrazn\u00e9 vylep\u0161en\u00ed energie - pohodln\u00e9, bez nepo\u0159\u00e1dku a v\u017edy s v\u00e1mi.","breadcrumb":{"@id":"https:\/\/fedrs.eu\/cs\/shop\/fedrs-energy-pouches-citrus\/#breadcrumb"},"inLanguage":"cs","potentialAction":[{"@type":"ReadAction","target":["https:\/\/fedrs.eu\/cs\/shop\/fedrs-energy-pouches-citrus\/"]}]},{"@type":"ImageObject","inLanguage":"cs","@id":"https:\/\/fedrs.eu\/cs\/shop\/fedrs-energy-pouches-citrus\/#primaryimage","url":"https:\/\/fedrs.eu\/wp-content\/uploads\/2025\/08\/ENERGY_CITRUS_02.png","contentUrl":"https:\/\/fedrs.eu\/wp-content\/uploads\/2025\/08\/ENERGY_CITRUS_02.png","width":1200,"height":1200},{"@type":"BreadcrumbList","@id":"https:\/\/fedrs.eu\/cs\/shop\/fedrs-energy-pouches-citrus\/#breadcrumb","itemListElement":[{"@type":"ListItem","position":1,"name":"Home","item":"https:\/\/fedrs.eu\/cs\/"},{"@type":"ListItem","position":2,"name":"Obchod","item":"https:\/\/fedrs.eu\/cs\/shop\/"},{"@type":"ListItem","position":3,"name":"Fedrs Energy Pouches Citrus"}]},{"@type":"WebSite","@id":"https:\/\/fedrs.eu\/cs\/#website","url":"https:\/\/fedrs.eu\/cs\/","name":"fedrs.eu","description":"","publisher":{"@id":"https:\/\/fedrs.eu\/cs\/#organization"},"potentialAction":[{"@type":"SearchAction","target":{"@type":"EntryPoint","urlTemplate":"https:\/\/fedrs.eu\/cs\/?s={search_term_string}"},"query-input":{"@type":"PropertyValueSpecification","valueRequired":true,"valueName":"search_term_string"}}],"inLanguage":"cs"},{"@type":"Organization","@id":"https:\/\/fedrs.eu\/cs\/#organization","name":"Fedrs sp.z o.o","url":"https:\/\/fedrs.eu\/cs\/","logo":{"@type":"ImageObject","inLanguage":"cs","@id":"https:\/\/fedrs.eu\/cs\/#\/schema\/logo\/image\/","url":"https:\/\/fedrs.eu\/wp-content\/uploads\/2024\/12\/image-52.png","contentUrl":"https:\/\/fedrs.eu\/wp-content\/uploads\/2024\/12\/image-52.png","width":97,"height":30,"caption":"Fedrs sp.z o.o"},"image":{"@id":"https:\/\/fedrs.eu\/cs\/#\/schema\/logo\/image\/"},"publishingPrinciples":"https:\/\/fedrs.eu\/terms-and-conditions\/"}]},"product_brand":"Fedrs Energy","og_availability":"out of stock","product_availability":"out of stock","product_condition":"new"},"_links":{"self":[{"href":"https:\/\/fedrs.eu\/cs\/wp-json\/wp\/v2\/product\/35657","targetHints":{"allow":["GET"]}}],"collection":[{"href":"https:\/\/fedrs.eu\/cs\/wp-json\/wp\/v2\/product"}],"about":[{"href":"https:\/\/fedrs.eu\/cs\/wp-json\/wp\/v2\/types\/product"}],"replies":[{"embeddable":true,"href":"https:\/\/fedrs.eu\/cs\/wp-json\/wp\/v2\/comments?post=35657"}],"wp:featuredmedia":[{"embeddable":true,"href":"https:\/\/fedrs.eu\/cs\/wp-json\/wp\/v2\/media\/35653"}],"wp:attachment":[{"href":"https:\/\/fedrs.eu\/cs\/wp-json\/wp\/v2\/media?parent=35657"}],"wp:term":[{"taxonomy":"product_brand","embeddable":true,"href":"https:\/\/fedrs.eu\/cs\/wp-json\/wp\/v2\/product_brand?post=35657"},{"taxonomy":"product_cat","embeddable":true,"href":"https:\/\/fedrs.eu\/cs\/wp-json\/wp\/v2\/product_cat?post=35657"},{"taxonomy":"product_tag","embeddable":true,"href":"https:\/\/fedrs.eu\/cs\/wp-json\/wp\/v2\/product_tag?post=35657"}],"curies":[{"name":"wp","href":"https:\/\/api.w.org\/{rel}","templated":true}]}}