{"id":35615,"date":"2025-08-22T17:37:24","date_gmt":"2025-08-22T15:37:24","guid":{"rendered":"https:\/\/fedrs.eu\/shop\/energeticke-kapsicky-fedrs-blueberry\/"},"modified":"2025-10-07T00:47:05","modified_gmt":"2025-10-06T22:47:05","slug":"energeticke-kapsicky-fedrs-blueberry","status":"publish","type":"product","link":"https:\/\/fedrs.eu\/cs\/shop\/energeticke-kapsicky-fedrs-blueberry\/","title":{"rendered":"Energetick\u00e9 kapsi\u010dky Fedrs Blueberry"},"content":{"rendered":"<p><span data-sheets-root=\"1\">S ka\u017ed\u00fdm s\u00e1\u010dkem Fedrs Blueberry za\u017eijete intenzivn\u00ed p\u0159\u00edval \u0161\u0165avnat\u00fdch lesn\u00edch bor\u016fvek. Chu\u0165 se od prvn\u00edho okam\u017eiku otev\u00edr\u00e1 bohat\u00fdm, sladk\u00fdm bobulov\u00fdm profilem, kter\u00fd p\u016fsob\u00ed osv\u011b\u017euj\u00edc\u00edm a z\u00e1rove\u0148 odv\u00e1\u017en\u00fdm dojmem. Ka\u017ed\u00fd s\u00e1\u010dek je poh\u00e1n\u011bn 65 mg \u010dist\u00e9ho kofeinu, kter\u00fd je navr\u017een tak, aby poskytl rychle p\u016fsob\u00edc\u00ed p\u0159\u00edval energie, kdykoli pot\u0159ebujete zapnout.<br \/>\nA\u0165 u\u017e za\u010d\u00edn\u00e1te den, nebo bojujete s odpoledn\u00ed kriz\u00ed, tento s\u00e1\u010dek p\u0159in\u00e1\u0161\u00ed p\u0159irozen\u011b sladkou chu\u0165 a prudk\u00fd kofeinov\u00fd z\u00e1sah v jednom kompaktn\u00edm form\u00e1tu. \u017d\u00e1dn\u00fd cukr, \u017e\u00e1dn\u00fd nepo\u0159\u00e1dek, \u017e\u00e1dn\u00e9 kompromisy. Jen \u010dist\u00e1, soust\u0159ed\u011bn\u00e1 energie a nezam\u011bniteln\u00e1 chu\u0165 bor\u016fvek, v\u017edy p\u0159ipraven\u00e1 ve va\u0161\u00ed kapse.    <\/span><\/p>\n","protected":false},"excerpt":{"rendered":"<p>S ka\u017ed\u00fdm s\u00e1\u010dkem Fedrs Blueberry za\u017eijete intenzivn\u00ed p\u0159\u00edval \u0161\u0165avnat\u00fdch lesn\u00edch bor\u016fvek. Chu\u0165 se od prvn\u00edho okam\u017eiku otev\u00edr\u00e1 bohat\u00fdm, sladk\u00fdm bobulov\u00fdm profilem, kter\u00fd p\u016fsob\u00ed osv\u011b\u017euj\u00edc\u00edm a z\u00e1rove\u0148<span class=\"excerpt-hellip\"> [\u2026]<\/span><\/p>\n","protected":false},"featured_media":35629,"comment_status":"open","ping_status":"closed","template":"","meta":{"googlesitekit_rrm_CAowmrG7DA:productID":""},"product_brand":[],"product_cat":[542,806,605],"product_tag":[],"class_list":{"0":"post-35615","1":"product","2":"type-product","3":"status-publish","4":"has-post-thumbnail","6":"product_cat-bobule-cs","7":"product_cat-energeticke-sacky","8":"product_cat-novinka","10":"first","11":"instock","12":"taxable","13":"shipping-taxable","14":"product-type-variable","15":"has-default-attributes"},"yoast_head":"<!-- This site is optimized with the Yoast SEO Premium plugin v26.5 (Yoast SEO v27.3) - https:\/\/yoast.com\/product\/yoast-seo-premium-wordpress\/ -->\n<title>Fedrs Energy Pouches Blueberry - Kofeinov\u00e9 pouzdro 65 mg<\/title>\n<meta name=\"description\" content=\"\u0160\u0165avnat\u00fd bor\u016fvkov\u00fd s\u00e1\u010dek s kofeinem pro prudkou energii na po\u017e\u00e1d\u00e1n\u00ed. \u010cist\u00e1, rychl\u00e1 a bezcukern\u00e1 d\u00e1vka energie do kapsy.\" \/>\n<meta name=\"robots\" content=\"index, follow, max-snippet:-1, max-image-preview:large, max-video-preview:-1\" \/>\n<link rel=\"canonical\" href=\"https:\/\/fedrs.eu\/cs\/shop\/energeticke-kapsicky-fedrs-blueberry\/\" \/>\n<meta property=\"og:locale\" content=\"cs_CZ\" \/>\n<meta property=\"og:type\" content=\"article\" \/>\n<meta property=\"og:title\" content=\"Energetick\u00e9 kapsi\u010dky Fedrs Blueberry\" \/>\n<meta property=\"og:description\" content=\"\u0160\u0165avnat\u00fd bor\u016fvkov\u00fd s\u00e1\u010dek s kofeinem pro prudkou energii na po\u017e\u00e1d\u00e1n\u00ed. \u010cist\u00e1, rychl\u00e1 a bezcukern\u00e1 d\u00e1vka energie do kapsy.\" \/>\n<meta property=\"og:url\" content=\"https:\/\/fedrs.eu\/cs\/shop\/energeticke-kapsicky-fedrs-blueberry\/\" \/>\n<meta property=\"og:site_name\" content=\"fedrs.eu\" \/>\n<meta property=\"article:modified_time\" content=\"2025-10-06T22:47:05+00:00\" \/>\n<meta property=\"og:image\" content=\"https:\/\/fedrs.eu\/wp-content\/uploads\/2025\/08\/ENERGY_BLUEBERRY_02.png\" \/>\n\t<meta property=\"og:image:width\" content=\"1200\" \/>\n\t<meta property=\"og:image:height\" content=\"1200\" \/>\n\t<meta property=\"og:image:type\" content=\"image\/png\" \/>\n<meta name=\"twitter:card\" content=\"summary_large_image\" \/>\n<meta name=\"twitter:label1\" content=\"Dostupnost\" \/>\n\t<meta name=\"twitter:data1\" content=\"Skladem\" \/>\n<script type=\"application\/ld+json\" class=\"yoast-schema-graph\">{\"@context\":\"https:\\\/\\\/schema.org\",\"@graph\":[{\"@type\":\"WebPage\",\"@id\":\"https:\\\/\\\/fedrs.eu\\\/cs\\\/shop\\\/energeticke-kapsicky-fedrs-blueberry\\\/\",\"url\":\"https:\\\/\\\/fedrs.eu\\\/cs\\\/shop\\\/energeticke-kapsicky-fedrs-blueberry\\\/\",\"name\":\"Fedrs Energy Pouches Blueberry - Kofeinov\u00e9 pouzdro 65 mg\",\"isPartOf\":{\"@id\":\"https:\\\/\\\/fedrs.eu\\\/cs\\\/#website\"},\"primaryImageOfPage\":{\"@id\":\"https:\\\/\\\/fedrs.eu\\\/cs\\\/shop\\\/energeticke-kapsicky-fedrs-blueberry\\\/#primaryimage\"},\"image\":{\"@id\":\"https:\\\/\\\/fedrs.eu\\\/cs\\\/shop\\\/energeticke-kapsicky-fedrs-blueberry\\\/#primaryimage\"},\"thumbnailUrl\":\"https:\\\/\\\/fedrs.eu\\\/wp-content\\\/uploads\\\/2025\\\/08\\\/ENERGY_BLUEBERRY_02.png\",\"datePublished\":\"2025-08-22T15:37:24+00:00\",\"dateModified\":\"2025-10-06T22:47:05+00:00\",\"description\":\"\u0160\u0165avnat\u00fd bor\u016fvkov\u00fd s\u00e1\u010dek s kofeinem pro prudkou energii na po\u017e\u00e1d\u00e1n\u00ed. \u010cist\u00e1, rychl\u00e1 a bezcukern\u00e1 d\u00e1vka energie do kapsy.\",\"breadcrumb\":{\"@id\":\"https:\\\/\\\/fedrs.eu\\\/cs\\\/shop\\\/energeticke-kapsicky-fedrs-blueberry\\\/#breadcrumb\"},\"inLanguage\":\"cs\",\"potentialAction\":[{\"@type\":\"ReadAction\",\"target\":[\"https:\\\/\\\/fedrs.eu\\\/cs\\\/shop\\\/energeticke-kapsicky-fedrs-blueberry\\\/\"]}]},{\"@type\":\"ImageObject\",\"inLanguage\":\"cs\",\"@id\":\"https:\\\/\\\/fedrs.eu\\\/cs\\\/shop\\\/energeticke-kapsicky-fedrs-blueberry\\\/#primaryimage\",\"url\":\"https:\\\/\\\/fedrs.eu\\\/wp-content\\\/uploads\\\/2025\\\/08\\\/ENERGY_BLUEBERRY_02.png\",\"contentUrl\":\"https:\\\/\\\/fedrs.eu\\\/wp-content\\\/uploads\\\/2025\\\/08\\\/ENERGY_BLUEBERRY_02.png\",\"width\":1200,\"height\":1200},{\"@type\":\"BreadcrumbList\",\"@id\":\"https:\\\/\\\/fedrs.eu\\\/cs\\\/shop\\\/energeticke-kapsicky-fedrs-blueberry\\\/#breadcrumb\",\"itemListElement\":[{\"@type\":\"ListItem\",\"position\":1,\"name\":\"Home\",\"item\":\"https:\\\/\\\/fedrs.eu\\\/cs\\\/\"},{\"@type\":\"ListItem\",\"position\":2,\"name\":\"Obchod\",\"item\":\"https:\\\/\\\/fedrs.eu\\\/cs\\\/shop\\\/\"},{\"@type\":\"ListItem\",\"position\":3,\"name\":\"Energetick\u00e9 kapsi\u010dky Fedrs Blueberry\"}]},{\"@type\":\"WebSite\",\"@id\":\"https:\\\/\\\/fedrs.eu\\\/cs\\\/#website\",\"url\":\"https:\\\/\\\/fedrs.eu\\\/cs\\\/\",\"name\":\"fedrs.eu\",\"description\":\"\",\"publisher\":{\"@id\":\"https:\\\/\\\/fedrs.eu\\\/cs\\\/#organization\"},\"potentialAction\":[{\"@type\":\"SearchAction\",\"target\":{\"@type\":\"EntryPoint\",\"urlTemplate\":\"https:\\\/\\\/fedrs.eu\\\/cs\\\/?s={search_term_string}\"},\"query-input\":{\"@type\":\"PropertyValueSpecification\",\"valueRequired\":true,\"valueName\":\"search_term_string\"}}],\"inLanguage\":\"cs\"},{\"@type\":\"Organization\",\"@id\":\"https:\\\/\\\/fedrs.eu\\\/cs\\\/#organization\",\"name\":\"Fedrs sp.z o.o\",\"url\":\"https:\\\/\\\/fedrs.eu\\\/cs\\\/\",\"logo\":{\"@type\":\"ImageObject\",\"inLanguage\":\"cs\",\"@id\":\"https:\\\/\\\/fedrs.eu\\\/cs\\\/#\\\/schema\\\/logo\\\/image\\\/\",\"url\":\"https:\\\/\\\/fedrs.eu\\\/wp-content\\\/uploads\\\/2024\\\/12\\\/image-52.png\",\"contentUrl\":\"https:\\\/\\\/fedrs.eu\\\/wp-content\\\/uploads\\\/2024\\\/12\\\/image-52.png\",\"width\":97,\"height\":30,\"caption\":\"Fedrs sp.z o.o\"},\"image\":{\"@id\":\"https:\\\/\\\/fedrs.eu\\\/cs\\\/#\\\/schema\\\/logo\\\/image\\\/\"},\"publishingPrinciples\":\"https:\\\/\\\/fedrs.eu\\\/terms-and-conditions\\\/\"}]}<\/script>\n<meta property=\"product:brand\" content=\"Fedrs Energy\" \/>\n<meta property=\"og:availability\" content=\"instock\" \/>\n<meta property=\"product:availability\" content=\"instock\" \/>\n<meta property=\"product:condition\" content=\"new\" \/>\n<!-- \/ Yoast SEO Premium plugin. -->","yoast_head_json":{"title":"Fedrs Energy Pouches Blueberry - Kofeinov\u00e9 pouzdro 65 mg","description":"\u0160\u0165avnat\u00fd bor\u016fvkov\u00fd s\u00e1\u010dek s kofeinem pro prudkou energii na po\u017e\u00e1d\u00e1n\u00ed. \u010cist\u00e1, rychl\u00e1 a bezcukern\u00e1 d\u00e1vka energie do kapsy.","robots":{"index":"index","follow":"follow","max-snippet":"max-snippet:-1","max-image-preview":"max-image-preview:large","max-video-preview":"max-video-preview:-1"},"canonical":"https:\/\/fedrs.eu\/cs\/shop\/energeticke-kapsicky-fedrs-blueberry\/","og_locale":"cs_CZ","og_type":"article","og_title":"Energetick\u00e9 kapsi\u010dky Fedrs Blueberry","og_description":"\u0160\u0165avnat\u00fd bor\u016fvkov\u00fd s\u00e1\u010dek s kofeinem pro prudkou energii na po\u017e\u00e1d\u00e1n\u00ed. \u010cist\u00e1, rychl\u00e1 a bezcukern\u00e1 d\u00e1vka energie do kapsy.","og_url":"https:\/\/fedrs.eu\/cs\/shop\/energeticke-kapsicky-fedrs-blueberry\/","og_site_name":"fedrs.eu","article_modified_time":"2025-10-06T22:47:05+00:00","og_image":[{"width":1200,"height":1200,"url":"https:\/\/fedrs.eu\/wp-content\/uploads\/2025\/08\/ENERGY_BLUEBERRY_02.png","type":"image\/png"}],"twitter_card":"summary_large_image","twitter_misc":{"Dostupnost":"Skladem"},"schema":{"@context":"https:\/\/schema.org","@graph":[{"@type":"WebPage","@id":"https:\/\/fedrs.eu\/cs\/shop\/energeticke-kapsicky-fedrs-blueberry\/","url":"https:\/\/fedrs.eu\/cs\/shop\/energeticke-kapsicky-fedrs-blueberry\/","name":"Fedrs Energy Pouches Blueberry - Kofeinov\u00e9 pouzdro 65 mg","isPartOf":{"@id":"https:\/\/fedrs.eu\/cs\/#website"},"primaryImageOfPage":{"@id":"https:\/\/fedrs.eu\/cs\/shop\/energeticke-kapsicky-fedrs-blueberry\/#primaryimage"},"image":{"@id":"https:\/\/fedrs.eu\/cs\/shop\/energeticke-kapsicky-fedrs-blueberry\/#primaryimage"},"thumbnailUrl":"https:\/\/fedrs.eu\/wp-content\/uploads\/2025\/08\/ENERGY_BLUEBERRY_02.png","datePublished":"2025-08-22T15:37:24+00:00","dateModified":"2025-10-06T22:47:05+00:00","description":"\u0160\u0165avnat\u00fd bor\u016fvkov\u00fd s\u00e1\u010dek s kofeinem pro prudkou energii na po\u017e\u00e1d\u00e1n\u00ed. \u010cist\u00e1, rychl\u00e1 a bezcukern\u00e1 d\u00e1vka energie do kapsy.","breadcrumb":{"@id":"https:\/\/fedrs.eu\/cs\/shop\/energeticke-kapsicky-fedrs-blueberry\/#breadcrumb"},"inLanguage":"cs","potentialAction":[{"@type":"ReadAction","target":["https:\/\/fedrs.eu\/cs\/shop\/energeticke-kapsicky-fedrs-blueberry\/"]}]},{"@type":"ImageObject","inLanguage":"cs","@id":"https:\/\/fedrs.eu\/cs\/shop\/energeticke-kapsicky-fedrs-blueberry\/#primaryimage","url":"https:\/\/fedrs.eu\/wp-content\/uploads\/2025\/08\/ENERGY_BLUEBERRY_02.png","contentUrl":"https:\/\/fedrs.eu\/wp-content\/uploads\/2025\/08\/ENERGY_BLUEBERRY_02.png","width":1200,"height":1200},{"@type":"BreadcrumbList","@id":"https:\/\/fedrs.eu\/cs\/shop\/energeticke-kapsicky-fedrs-blueberry\/#breadcrumb","itemListElement":[{"@type":"ListItem","position":1,"name":"Home","item":"https:\/\/fedrs.eu\/cs\/"},{"@type":"ListItem","position":2,"name":"Obchod","item":"https:\/\/fedrs.eu\/cs\/shop\/"},{"@type":"ListItem","position":3,"name":"Energetick\u00e9 kapsi\u010dky Fedrs Blueberry"}]},{"@type":"WebSite","@id":"https:\/\/fedrs.eu\/cs\/#website","url":"https:\/\/fedrs.eu\/cs\/","name":"fedrs.eu","description":"","publisher":{"@id":"https:\/\/fedrs.eu\/cs\/#organization"},"potentialAction":[{"@type":"SearchAction","target":{"@type":"EntryPoint","urlTemplate":"https:\/\/fedrs.eu\/cs\/?s={search_term_string}"},"query-input":{"@type":"PropertyValueSpecification","valueRequired":true,"valueName":"search_term_string"}}],"inLanguage":"cs"},{"@type":"Organization","@id":"https:\/\/fedrs.eu\/cs\/#organization","name":"Fedrs sp.z o.o","url":"https:\/\/fedrs.eu\/cs\/","logo":{"@type":"ImageObject","inLanguage":"cs","@id":"https:\/\/fedrs.eu\/cs\/#\/schema\/logo\/image\/","url":"https:\/\/fedrs.eu\/wp-content\/uploads\/2024\/12\/image-52.png","contentUrl":"https:\/\/fedrs.eu\/wp-content\/uploads\/2024\/12\/image-52.png","width":97,"height":30,"caption":"Fedrs sp.z o.o"},"image":{"@id":"https:\/\/fedrs.eu\/cs\/#\/schema\/logo\/image\/"},"publishingPrinciples":"https:\/\/fedrs.eu\/terms-and-conditions\/"}]},"product_brand":"Fedrs Energy","og_availability":"instock","product_availability":"instock","product_condition":"new"},"_links":{"self":[{"href":"https:\/\/fedrs.eu\/cs\/wp-json\/wp\/v2\/product\/35615","targetHints":{"allow":["GET"]}}],"collection":[{"href":"https:\/\/fedrs.eu\/cs\/wp-json\/wp\/v2\/product"}],"about":[{"href":"https:\/\/fedrs.eu\/cs\/wp-json\/wp\/v2\/types\/product"}],"replies":[{"embeddable":true,"href":"https:\/\/fedrs.eu\/cs\/wp-json\/wp\/v2\/comments?post=35615"}],"wp:featuredmedia":[{"embeddable":true,"href":"https:\/\/fedrs.eu\/cs\/wp-json\/wp\/v2\/media\/35629"}],"wp:attachment":[{"href":"https:\/\/fedrs.eu\/cs\/wp-json\/wp\/v2\/media?parent=35615"}],"wp:term":[{"taxonomy":"product_brand","embeddable":true,"href":"https:\/\/fedrs.eu\/cs\/wp-json\/wp\/v2\/product_brand?post=35615"},{"taxonomy":"product_cat","embeddable":true,"href":"https:\/\/fedrs.eu\/cs\/wp-json\/wp\/v2\/product_cat?post=35615"},{"taxonomy":"product_tag","embeddable":true,"href":"https:\/\/fedrs.eu\/cs\/wp-json\/wp\/v2\/product_tag?post=35615"}],"curies":[{"name":"wp","href":"https:\/\/api.w.org\/{rel}","templated":true}]}}