{"id":19991,"date":"2025-04-24T12:15:57","date_gmt":"2025-04-24T10:15:57","guid":{"rendered":"https:\/\/fedrs.eu\/?post_type=product&#038;p=19991"},"modified":"2025-08-20T04:33:38","modified_gmt":"2025-08-20T02:33:38","slug":"fedrs-ice-cool-x-strong-lime","status":"publish","type":"product","link":"https:\/\/fedrs.eu\/cs\/shop\/fedrs-ice-cool-x-strong-lime\/","title":{"rendered":"FEDRS Ice Cool X-Strong Lime"},"content":{"rendered":"<p data-start=\"244\" data-end=\"522\"><strong data-start=\"244\" data-end=\"271\">SLICE. BLAST. DOMINUJTE. <\/strong><br data-start=\"271\" data-end=\"274\" \/>FEDRS Ice Cool X-Strong Lime nen\u00ed jen pouh\u00fd s\u00e1\u010dek - je to hotov\u00e1 citrusov\u00e1 bou\u0159e. Divok\u00fd \u00fader ostr\u00e9 limetkov\u00e9 chuti se snoub\u00ed s ledov\u00fdm nikotinov\u00fdm pun\u010dem, vytvo\u0159en\u00fdm pro neboj\u00e1cn\u00e9 u\u017eivatele, kte\u0159\u00ed tou\u017e\u00ed po intenzivn\u00edm osv\u011b\u017een\u00ed a extr\u00e9mn\u00ed s\u00edle. Kysel\u00fd, elektrizuj\u00edc\u00ed a ne\u00faprosn\u00fd.<\/p>\n<ul data-start=\"524\" data-end=\"650\">\n<li data-start=\"524\" data-end=\"565\">\n<p data-start=\"526\" data-end=\"565\">Pronikav\u00e1 limetkov\u00e1 p\u0159\u00edchu\u0165 s arktick\u00fdm chladem<\/p>\n<\/li>\n<li data-start=\"566\" data-end=\"594\">\n<p data-start=\"568\" data-end=\"594\">Siln\u00fd dopad nikotinu X<\/p>\n<\/li>\n<li data-start=\"595\" data-end=\"621\">\n<p data-start=\"597\" data-end=\"621\">Okam\u017eit\u00fd probouzec\u00ed efekt<\/p>\n<\/li>\n<li data-start=\"622\" data-end=\"650\">\n<p data-start=\"624\" data-end=\"650\">Nen\u00ed pro slab\u00e9 povahy<\/p>\n<\/li>\n<\/ul>\n<p data-start=\"652\" data-end=\"699\">P\u0159\u00edkaz k prochladnut\u00ed. Poci\u0165te ten \u0161mrnc. Z\u00edskejte v\u00fdhodu.<\/p>\n","protected":false},"excerpt":{"rendered":"<div class=\"descrip_p\">\n<div class=\"product-pstyle\"><\/div>\n<p>&nbsp;<\/p>\n<\/div>\n","protected":false},"featured_media":0,"comment_status":"open","ping_status":"closed","template":"","meta":{"googlesitekit_rrm_CAowmrG7DA:productID":""},"product_brand":[],"product_cat":[699,631,540,817,605],"product_tag":[],"class_list":{"0":"post-19991","1":"product","2":"type-product","3":"status-publish","5":"product_cat-50-mg-g-cs","6":"product_cat-citrus-cs","7":"product_cat-fedrs-ice-cool-cs","8":"product_cat-nikotinove-sacky","9":"product_cat-novinka","11":"first","12":"outofstock","13":"taxable","14":"shipping-taxable","15":"product-type-variable","16":"has-default-attributes"},"yoast_head":"<!-- This site is optimized with the Yoast SEO Premium plugin v26.5 (Yoast SEO v27.3) - https:\/\/yoast.com\/product\/yoast-seo-premium-wordpress\/ -->\n<title>FEDRS Ice Cool X-Strong Lime - Nikotinov\u00e9 s\u00e1\u010dky s citrusy<\/title>\n<meta name=\"description\" content=\"Ostr\u00e1 limetkov\u00e1 p\u0159\u00edchu\u0165 spojen\u00e1 s ledovou silou a extra siln\u00fdm nikotinem. Odv\u00e1\u017en\u00fd s\u00e1\u010dek pro neboj\u00e1cn\u00e9 u\u017eivatele. Poci\u0165te citrusovou bou\u0159i!\" \/>\n<meta name=\"robots\" content=\"index, follow, max-snippet:-1, max-image-preview:large, max-video-preview:-1\" \/>\n<link rel=\"canonical\" href=\"https:\/\/fedrs.eu\/cs\/shop\/fedrs-ice-cool-x-strong-lime\/\" \/>\n<meta property=\"og:locale\" content=\"cs_CZ\" \/>\n<meta property=\"og:type\" content=\"article\" \/>\n<meta property=\"og:title\" content=\"FEDRS Ice Cool X-Strong Lime\" \/>\n<meta property=\"og:description\" content=\"Ostr\u00e1 limetkov\u00e1 p\u0159\u00edchu\u0165 spojen\u00e1 s ledovou silou a extra siln\u00fdm nikotinem. Odv\u00e1\u017en\u00fd s\u00e1\u010dek pro neboj\u00e1cn\u00e9 u\u017eivatele. Poci\u0165te citrusovou bou\u0159i!\" \/>\n<meta property=\"og:url\" content=\"https:\/\/fedrs.eu\/cs\/shop\/fedrs-ice-cool-x-strong-lime\/\" \/>\n<meta property=\"og:site_name\" content=\"fedrs.eu\" \/>\n<meta property=\"article:modified_time\" content=\"2025-08-20T02:33:38+00:00\" \/>\n<meta property=\"og:image\" content=\"https:\/\/fedrs.eu\/wp-content\/uploads\/2025\/04\/XS_LIME_02.png\" \/>\n\t<meta property=\"og:image:width\" content=\"1200\" \/>\n\t<meta property=\"og:image:height\" content=\"1200\" \/>\n\t<meta property=\"og:image:type\" content=\"image\/png\" \/>\n<meta name=\"twitter:card\" content=\"summary_large_image\" \/>\n<meta name=\"twitter:label1\" content=\"Dostupnost\" \/>\n\t<meta name=\"twitter:data1\" content=\"Vyprod\u00e1no\" \/>\n<script type=\"application\/ld+json\" class=\"yoast-schema-graph\">{\"@context\":\"https:\\\/\\\/schema.org\",\"@graph\":[{\"@type\":\"WebPage\",\"@id\":\"https:\\\/\\\/fedrs.eu\\\/cs\\\/shop\\\/fedrs-ice-cool-x-strong-lime\\\/\",\"url\":\"https:\\\/\\\/fedrs.eu\\\/cs\\\/shop\\\/fedrs-ice-cool-x-strong-lime\\\/\",\"name\":\"FEDRS Ice Cool X-Strong Lime - Nikotinov\u00e9 s\u00e1\u010dky s citrusy\",\"isPartOf\":{\"@id\":\"https:\\\/\\\/fedrs.eu\\\/cs\\\/#website\"},\"datePublished\":\"2025-04-24T10:15:57+00:00\",\"dateModified\":\"2025-08-20T02:33:38+00:00\",\"description\":\"Ostr\u00e1 limetkov\u00e1 p\u0159\u00edchu\u0165 spojen\u00e1 s ledovou silou a extra siln\u00fdm nikotinem. Odv\u00e1\u017en\u00fd s\u00e1\u010dek pro neboj\u00e1cn\u00e9 u\u017eivatele. Poci\u0165te citrusovou bou\u0159i!\",\"breadcrumb\":{\"@id\":\"https:\\\/\\\/fedrs.eu\\\/cs\\\/shop\\\/fedrs-ice-cool-x-strong-lime\\\/#breadcrumb\"},\"inLanguage\":\"cs\",\"potentialAction\":[{\"@type\":\"ReadAction\",\"target\":[\"https:\\\/\\\/fedrs.eu\\\/cs\\\/shop\\\/fedrs-ice-cool-x-strong-lime\\\/\"]}]},{\"@type\":\"BreadcrumbList\",\"@id\":\"https:\\\/\\\/fedrs.eu\\\/cs\\\/shop\\\/fedrs-ice-cool-x-strong-lime\\\/#breadcrumb\",\"itemListElement\":[{\"@type\":\"ListItem\",\"position\":1,\"name\":\"Home\",\"item\":\"https:\\\/\\\/fedrs.eu\\\/cs\\\/\"},{\"@type\":\"ListItem\",\"position\":2,\"name\":\"Obchod\",\"item\":\"https:\\\/\\\/fedrs.eu\\\/cs\\\/shop\\\/\"},{\"@type\":\"ListItem\",\"position\":3,\"name\":\"FEDRS Ice Cool X-Strong Lime\"}]},{\"@type\":\"WebSite\",\"@id\":\"https:\\\/\\\/fedrs.eu\\\/cs\\\/#website\",\"url\":\"https:\\\/\\\/fedrs.eu\\\/cs\\\/\",\"name\":\"fedrs.eu\",\"description\":\"\",\"publisher\":{\"@id\":\"https:\\\/\\\/fedrs.eu\\\/cs\\\/#organization\"},\"potentialAction\":[{\"@type\":\"SearchAction\",\"target\":{\"@type\":\"EntryPoint\",\"urlTemplate\":\"https:\\\/\\\/fedrs.eu\\\/cs\\\/?s={search_term_string}\"},\"query-input\":{\"@type\":\"PropertyValueSpecification\",\"valueRequired\":true,\"valueName\":\"search_term_string\"}}],\"inLanguage\":\"cs\"},{\"@type\":\"Organization\",\"@id\":\"https:\\\/\\\/fedrs.eu\\\/cs\\\/#organization\",\"name\":\"Fedrs sp.z o.o\",\"url\":\"https:\\\/\\\/fedrs.eu\\\/cs\\\/\",\"logo\":{\"@type\":\"ImageObject\",\"inLanguage\":\"cs\",\"@id\":\"https:\\\/\\\/fedrs.eu\\\/cs\\\/#\\\/schema\\\/logo\\\/image\\\/\",\"url\":\"https:\\\/\\\/fedrs.eu\\\/wp-content\\\/uploads\\\/2024\\\/12\\\/image-52.png\",\"contentUrl\":\"https:\\\/\\\/fedrs.eu\\\/wp-content\\\/uploads\\\/2024\\\/12\\\/image-52.png\",\"width\":97,\"height\":30,\"caption\":\"Fedrs sp.z o.o\"},\"image\":{\"@id\":\"https:\\\/\\\/fedrs.eu\\\/cs\\\/#\\\/schema\\\/logo\\\/image\\\/\"},\"publishingPrinciples\":\"https:\\\/\\\/fedrs.eu\\\/terms-and-conditions\\\/\"}]}<\/script>\n<meta property=\"product:brand\" content=\"FEDRS Ice Cool\" \/>\n<meta property=\"og:availability\" content=\"out of stock\" \/>\n<meta property=\"product:availability\" content=\"out of stock\" \/>\n<meta property=\"product:retailer_item_id\" content=\"04006-1-1-1-1-1-2\" \/>\n<meta property=\"product:condition\" content=\"new\" \/>\n<!-- \/ Yoast SEO Premium plugin. -->","yoast_head_json":{"title":"FEDRS Ice Cool X-Strong Lime - Nikotinov\u00e9 s\u00e1\u010dky s citrusy","description":"Ostr\u00e1 limetkov\u00e1 p\u0159\u00edchu\u0165 spojen\u00e1 s ledovou silou a extra siln\u00fdm nikotinem. Odv\u00e1\u017en\u00fd s\u00e1\u010dek pro neboj\u00e1cn\u00e9 u\u017eivatele. Poci\u0165te citrusovou bou\u0159i!","robots":{"index":"index","follow":"follow","max-snippet":"max-snippet:-1","max-image-preview":"max-image-preview:large","max-video-preview":"max-video-preview:-1"},"canonical":"https:\/\/fedrs.eu\/cs\/shop\/fedrs-ice-cool-x-strong-lime\/","og_locale":"cs_CZ","og_type":"article","og_title":"FEDRS Ice Cool X-Strong Lime","og_description":"Ostr\u00e1 limetkov\u00e1 p\u0159\u00edchu\u0165 spojen\u00e1 s ledovou silou a extra siln\u00fdm nikotinem. Odv\u00e1\u017en\u00fd s\u00e1\u010dek pro neboj\u00e1cn\u00e9 u\u017eivatele. Poci\u0165te citrusovou bou\u0159i!","og_url":"https:\/\/fedrs.eu\/cs\/shop\/fedrs-ice-cool-x-strong-lime\/","og_site_name":"fedrs.eu","article_modified_time":"2025-08-20T02:33:38+00:00","og_image":[{"width":1200,"height":1200,"url":"https:\/\/fedrs.eu\/wp-content\/uploads\/2025\/04\/XS_LIME_02.png","type":"image\/png"}],"twitter_card":"summary_large_image","twitter_misc":{"Dostupnost":"Vyprod\u00e1no"},"schema":{"@context":"https:\/\/schema.org","@graph":[{"@type":"WebPage","@id":"https:\/\/fedrs.eu\/cs\/shop\/fedrs-ice-cool-x-strong-lime\/","url":"https:\/\/fedrs.eu\/cs\/shop\/fedrs-ice-cool-x-strong-lime\/","name":"FEDRS Ice Cool X-Strong Lime - Nikotinov\u00e9 s\u00e1\u010dky s citrusy","isPartOf":{"@id":"https:\/\/fedrs.eu\/cs\/#website"},"datePublished":"2025-04-24T10:15:57+00:00","dateModified":"2025-08-20T02:33:38+00:00","description":"Ostr\u00e1 limetkov\u00e1 p\u0159\u00edchu\u0165 spojen\u00e1 s ledovou silou a extra siln\u00fdm nikotinem. Odv\u00e1\u017en\u00fd s\u00e1\u010dek pro neboj\u00e1cn\u00e9 u\u017eivatele. Poci\u0165te citrusovou bou\u0159i!","breadcrumb":{"@id":"https:\/\/fedrs.eu\/cs\/shop\/fedrs-ice-cool-x-strong-lime\/#breadcrumb"},"inLanguage":"cs","potentialAction":[{"@type":"ReadAction","target":["https:\/\/fedrs.eu\/cs\/shop\/fedrs-ice-cool-x-strong-lime\/"]}]},{"@type":"BreadcrumbList","@id":"https:\/\/fedrs.eu\/cs\/shop\/fedrs-ice-cool-x-strong-lime\/#breadcrumb","itemListElement":[{"@type":"ListItem","position":1,"name":"Home","item":"https:\/\/fedrs.eu\/cs\/"},{"@type":"ListItem","position":2,"name":"Obchod","item":"https:\/\/fedrs.eu\/cs\/shop\/"},{"@type":"ListItem","position":3,"name":"FEDRS Ice Cool X-Strong Lime"}]},{"@type":"WebSite","@id":"https:\/\/fedrs.eu\/cs\/#website","url":"https:\/\/fedrs.eu\/cs\/","name":"fedrs.eu","description":"","publisher":{"@id":"https:\/\/fedrs.eu\/cs\/#organization"},"potentialAction":[{"@type":"SearchAction","target":{"@type":"EntryPoint","urlTemplate":"https:\/\/fedrs.eu\/cs\/?s={search_term_string}"},"query-input":{"@type":"PropertyValueSpecification","valueRequired":true,"valueName":"search_term_string"}}],"inLanguage":"cs"},{"@type":"Organization","@id":"https:\/\/fedrs.eu\/cs\/#organization","name":"Fedrs sp.z o.o","url":"https:\/\/fedrs.eu\/cs\/","logo":{"@type":"ImageObject","inLanguage":"cs","@id":"https:\/\/fedrs.eu\/cs\/#\/schema\/logo\/image\/","url":"https:\/\/fedrs.eu\/wp-content\/uploads\/2024\/12\/image-52.png","contentUrl":"https:\/\/fedrs.eu\/wp-content\/uploads\/2024\/12\/image-52.png","width":97,"height":30,"caption":"Fedrs sp.z o.o"},"image":{"@id":"https:\/\/fedrs.eu\/cs\/#\/schema\/logo\/image\/"},"publishingPrinciples":"https:\/\/fedrs.eu\/terms-and-conditions\/"}]},"product_brand":"FEDRS Ice Cool","og_availability":"out of stock","product_availability":"out of stock","product_retailer_item_id":"04006-1-1-1-1-1-2","product_condition":"new"},"_links":{"self":[{"href":"https:\/\/fedrs.eu\/cs\/wp-json\/wp\/v2\/product\/19991","targetHints":{"allow":["GET"]}}],"collection":[{"href":"https:\/\/fedrs.eu\/cs\/wp-json\/wp\/v2\/product"}],"about":[{"href":"https:\/\/fedrs.eu\/cs\/wp-json\/wp\/v2\/types\/product"}],"replies":[{"embeddable":true,"href":"https:\/\/fedrs.eu\/cs\/wp-json\/wp\/v2\/comments?post=19991"}],"wp:attachment":[{"href":"https:\/\/fedrs.eu\/cs\/wp-json\/wp\/v2\/media?parent=19991"}],"wp:term":[{"taxonomy":"product_brand","embeddable":true,"href":"https:\/\/fedrs.eu\/cs\/wp-json\/wp\/v2\/product_brand?post=19991"},{"taxonomy":"product_cat","embeddable":true,"href":"https:\/\/fedrs.eu\/cs\/wp-json\/wp\/v2\/product_cat?post=19991"},{"taxonomy":"product_tag","embeddable":true,"href":"https:\/\/fedrs.eu\/cs\/wp-json\/wp\/v2\/product_tag?post=19991"}],"curies":[{"name":"wp","href":"https:\/\/api.w.org\/{rel}","templated":true}]}}