{"id":19887,"date":"2025-04-24T10:50:13","date_gmt":"2025-04-24T08:50:13","guid":{"rendered":"https:\/\/fedrs.eu\/?post_type=product&#038;p=19887"},"modified":"2025-08-26T16:49:31","modified_gmt":"2025-08-26T14:49:31","slug":"fedrs-ice-cool-strong-lime","status":"publish","type":"product","link":"https:\/\/fedrs.eu\/cs\/shop\/fedrs-ice-cool-strong-lime\/","title":{"rendered":"FEDRS Ice Cool Strong Lime"},"content":{"rendered":"<p data-start=\"216\" data-end=\"467\"><strong data-start=\"216\" data-end=\"246\">FEDRS Ice Cool Strong Lime<\/strong> m\u00e1 intenzivn\u00ed citrusovou p\u0159\u00edchu\u0165 a vysokou nikotinovou s\u00edlu. Ostr\u00e1 k\u016fra limetky se snoub\u00ed se siln\u00fdm ledov\u00fdm pocitem, kter\u00fd je ide\u00e1ln\u00ed pro u\u017eivatele, kte\u0159\u00ed tou\u017e\u00ed po v\u00fdrazn\u00e9m nakopnut\u00ed a dlouhotrvaj\u00edc\u00ed sv\u011b\u017eesti. Ide\u00e1ln\u00ed pro zku\u0161en\u00e9 u\u017eivatele.  <\/p>\n<ul data-start=\"469\" data-end=\"603\">\n<li data-start=\"469\" data-end=\"513\">\n<p data-start=\"471\" data-end=\"513\">P\u0159\u00edchu\u0165: Intenzivn\u00ed limetka s chladiv\u00fdm \u00fa\u010dinkem<\/p>\n<\/li>\n<li data-start=\"514\" data-end=\"534\">\n<p data-start=\"516\" data-end=\"534\">Nikotin: Siln\u00fd<\/p>\n<\/li>\n<li data-start=\"535\" data-end=\"572\">\n<p data-start=\"537\" data-end=\"572\">Pro milovn\u00edky siln\u00fdch hit\u016f<\/p>\n<\/li>\n<li data-start=\"573\" data-end=\"603\">\n<p data-start=\"575\" data-end=\"603\">Ostr\u00fd, sv\u011b\u017e\u00ed a energizuj\u00edc\u00ed<\/p>\n<\/li>\n<\/ul>\n<p data-start=\"605\" data-end=\"653\"><strong data-start=\"605\" data-end=\"653\">Pocit mrazu - tu\u010dn\u00e1 limetka, extra s\u00edla.<\/strong><\/p>\n","protected":false},"excerpt":{"rendered":"<div class=\"descrip_p\">\n<div class=\"product-pstyle\"><\/div>\n<p>&nbsp;<\/p>\n<\/div>\n","protected":false},"featured_media":0,"comment_status":"open","ping_status":"closed","template":"","meta":{"googlesitekit_rrm_CAowmrG7DA:productID":""},"product_brand":[],"product_cat":[608,631,540,817],"product_tag":[],"class_list":{"0":"post-19887","1":"product","2":"type-product","3":"status-publish","5":"product_cat-40-mg-g-cs","6":"product_cat-citrus-cs","7":"product_cat-fedrs-ice-cool-cs","8":"product_cat-nikotinove-sacky","10":"first","11":"instock","12":"taxable","13":"shipping-taxable","14":"product-type-variable","15":"has-default-attributes"},"yoast_head":"<!-- This site is optimized with the Yoast SEO Premium plugin v26.5 (Yoast SEO v27.3) - https:\/\/yoast.com\/product\/yoast-seo-premium-wordpress\/ -->\n<title>FEDRS Ice Cool Strong Lime - Limetkov\u00e9 nikotinov\u00e9 s\u00e1\u010dky<\/title>\n<meta name=\"description\" content=\"Intenzivn\u00ed limetkov\u00e1 p\u0159\u00edchu\u0165 s vysokou nikotinovou silou. Odv\u00e1\u017en\u00fd, sv\u011b\u017e\u00ed a v\u00fdkonn\u00fd - pro zku\u0161en\u00e9 u\u017eivatele. Vyzkou\u0161ejte FEDRS Ice Cool Strong Lime je\u0161t\u011b dnes!\" \/>\n<meta name=\"robots\" content=\"index, follow, max-snippet:-1, max-image-preview:large, max-video-preview:-1\" \/>\n<link rel=\"canonical\" href=\"https:\/\/fedrs.eu\/cs\/shop\/fedrs-ice-cool-strong-lime\/\" \/>\n<meta property=\"og:locale\" content=\"cs_CZ\" \/>\n<meta property=\"og:type\" content=\"article\" \/>\n<meta property=\"og:title\" content=\"FEDRS Ice Cool Strong Lime\" \/>\n<meta property=\"og:description\" content=\"Intenzivn\u00ed limetkov\u00e1 p\u0159\u00edchu\u0165 s vysokou nikotinovou silou. Odv\u00e1\u017en\u00fd, sv\u011b\u017e\u00ed a v\u00fdkonn\u00fd - pro zku\u0161en\u00e9 u\u017eivatele. Vyzkou\u0161ejte FEDRS Ice Cool Strong Lime je\u0161t\u011b dnes!\" \/>\n<meta property=\"og:url\" content=\"https:\/\/fedrs.eu\/cs\/shop\/fedrs-ice-cool-strong-lime\/\" \/>\n<meta property=\"og:site_name\" content=\"fedrs.eu\" \/>\n<meta property=\"article:modified_time\" content=\"2025-08-26T14:49:31+00:00\" \/>\n<meta property=\"og:image\" content=\"https:\/\/fedrs.eu\/wp-content\/uploads\/2025\/04\/S_LIME_02.png\" \/>\n\t<meta property=\"og:image:width\" content=\"1200\" \/>\n\t<meta property=\"og:image:height\" content=\"1200\" \/>\n\t<meta property=\"og:image:type\" content=\"image\/png\" \/>\n<meta name=\"twitter:card\" content=\"summary_large_image\" \/>\n<meta name=\"twitter:label1\" content=\"Dostupnost\" \/>\n\t<meta name=\"twitter:data1\" content=\"Skladem\" \/>\n<script type=\"application\/ld+json\" class=\"yoast-schema-graph\">{\"@context\":\"https:\\\/\\\/schema.org\",\"@graph\":[{\"@type\":\"WebPage\",\"@id\":\"https:\\\/\\\/fedrs.eu\\\/cs\\\/shop\\\/fedrs-ice-cool-strong-lime\\\/\",\"url\":\"https:\\\/\\\/fedrs.eu\\\/cs\\\/shop\\\/fedrs-ice-cool-strong-lime\\\/\",\"name\":\"FEDRS Ice Cool Strong Lime - Limetkov\u00e9 nikotinov\u00e9 s\u00e1\u010dky\",\"isPartOf\":{\"@id\":\"https:\\\/\\\/fedrs.eu\\\/cs\\\/#website\"},\"datePublished\":\"2025-04-24T08:50:13+00:00\",\"dateModified\":\"2025-08-26T14:49:31+00:00\",\"description\":\"Intenzivn\u00ed limetkov\u00e1 p\u0159\u00edchu\u0165 s vysokou nikotinovou silou. Odv\u00e1\u017en\u00fd, sv\u011b\u017e\u00ed a v\u00fdkonn\u00fd - pro zku\u0161en\u00e9 u\u017eivatele. Vyzkou\u0161ejte FEDRS Ice Cool Strong Lime je\u0161t\u011b dnes!\",\"breadcrumb\":{\"@id\":\"https:\\\/\\\/fedrs.eu\\\/cs\\\/shop\\\/fedrs-ice-cool-strong-lime\\\/#breadcrumb\"},\"inLanguage\":\"cs\",\"potentialAction\":[{\"@type\":\"ReadAction\",\"target\":[\"https:\\\/\\\/fedrs.eu\\\/cs\\\/shop\\\/fedrs-ice-cool-strong-lime\\\/\"]}]},{\"@type\":\"BreadcrumbList\",\"@id\":\"https:\\\/\\\/fedrs.eu\\\/cs\\\/shop\\\/fedrs-ice-cool-strong-lime\\\/#breadcrumb\",\"itemListElement\":[{\"@type\":\"ListItem\",\"position\":1,\"name\":\"Home\",\"item\":\"https:\\\/\\\/fedrs.eu\\\/cs\\\/\"},{\"@type\":\"ListItem\",\"position\":2,\"name\":\"Obchod\",\"item\":\"https:\\\/\\\/fedrs.eu\\\/cs\\\/shop\\\/\"},{\"@type\":\"ListItem\",\"position\":3,\"name\":\"FEDRS Ice Cool Strong Lime\"}]},{\"@type\":\"WebSite\",\"@id\":\"https:\\\/\\\/fedrs.eu\\\/cs\\\/#website\",\"url\":\"https:\\\/\\\/fedrs.eu\\\/cs\\\/\",\"name\":\"fedrs.eu\",\"description\":\"\",\"publisher\":{\"@id\":\"https:\\\/\\\/fedrs.eu\\\/cs\\\/#organization\"},\"potentialAction\":[{\"@type\":\"SearchAction\",\"target\":{\"@type\":\"EntryPoint\",\"urlTemplate\":\"https:\\\/\\\/fedrs.eu\\\/cs\\\/?s={search_term_string}\"},\"query-input\":{\"@type\":\"PropertyValueSpecification\",\"valueRequired\":true,\"valueName\":\"search_term_string\"}}],\"inLanguage\":\"cs\"},{\"@type\":\"Organization\",\"@id\":\"https:\\\/\\\/fedrs.eu\\\/cs\\\/#organization\",\"name\":\"Fedrs sp.z o.o\",\"url\":\"https:\\\/\\\/fedrs.eu\\\/cs\\\/\",\"logo\":{\"@type\":\"ImageObject\",\"inLanguage\":\"cs\",\"@id\":\"https:\\\/\\\/fedrs.eu\\\/cs\\\/#\\\/schema\\\/logo\\\/image\\\/\",\"url\":\"https:\\\/\\\/fedrs.eu\\\/wp-content\\\/uploads\\\/2024\\\/12\\\/image-52.png\",\"contentUrl\":\"https:\\\/\\\/fedrs.eu\\\/wp-content\\\/uploads\\\/2024\\\/12\\\/image-52.png\",\"width\":97,\"height\":30,\"caption\":\"Fedrs sp.z o.o\"},\"image\":{\"@id\":\"https:\\\/\\\/fedrs.eu\\\/cs\\\/#\\\/schema\\\/logo\\\/image\\\/\"},\"publishingPrinciples\":\"https:\\\/\\\/fedrs.eu\\\/terms-and-conditions\\\/\"}]}<\/script>\n<meta property=\"product:brand\" content=\"FEDRS Ice Cool\" \/>\n<meta property=\"og:availability\" content=\"instock\" \/>\n<meta property=\"product:availability\" content=\"instock\" \/>\n<meta property=\"product:retailer_item_id\" content=\"04006-1-1-1-1-1\" \/>\n<meta property=\"product:condition\" content=\"new\" \/>\n<!-- \/ Yoast SEO Premium plugin. -->","yoast_head_json":{"title":"FEDRS Ice Cool Strong Lime - Limetkov\u00e9 nikotinov\u00e9 s\u00e1\u010dky","description":"Intenzivn\u00ed limetkov\u00e1 p\u0159\u00edchu\u0165 s vysokou nikotinovou silou. Odv\u00e1\u017en\u00fd, sv\u011b\u017e\u00ed a v\u00fdkonn\u00fd - pro zku\u0161en\u00e9 u\u017eivatele. Vyzkou\u0161ejte FEDRS Ice Cool Strong Lime je\u0161t\u011b dnes!","robots":{"index":"index","follow":"follow","max-snippet":"max-snippet:-1","max-image-preview":"max-image-preview:large","max-video-preview":"max-video-preview:-1"},"canonical":"https:\/\/fedrs.eu\/cs\/shop\/fedrs-ice-cool-strong-lime\/","og_locale":"cs_CZ","og_type":"article","og_title":"FEDRS Ice Cool Strong Lime","og_description":"Intenzivn\u00ed limetkov\u00e1 p\u0159\u00edchu\u0165 s vysokou nikotinovou silou. Odv\u00e1\u017en\u00fd, sv\u011b\u017e\u00ed a v\u00fdkonn\u00fd - pro zku\u0161en\u00e9 u\u017eivatele. Vyzkou\u0161ejte FEDRS Ice Cool Strong Lime je\u0161t\u011b dnes!","og_url":"https:\/\/fedrs.eu\/cs\/shop\/fedrs-ice-cool-strong-lime\/","og_site_name":"fedrs.eu","article_modified_time":"2025-08-26T14:49:31+00:00","og_image":[{"width":1200,"height":1200,"url":"https:\/\/fedrs.eu\/wp-content\/uploads\/2025\/04\/S_LIME_02.png","type":"image\/png"}],"twitter_card":"summary_large_image","twitter_misc":{"Dostupnost":"Skladem"},"schema":{"@context":"https:\/\/schema.org","@graph":[{"@type":"WebPage","@id":"https:\/\/fedrs.eu\/cs\/shop\/fedrs-ice-cool-strong-lime\/","url":"https:\/\/fedrs.eu\/cs\/shop\/fedrs-ice-cool-strong-lime\/","name":"FEDRS Ice Cool Strong Lime - Limetkov\u00e9 nikotinov\u00e9 s\u00e1\u010dky","isPartOf":{"@id":"https:\/\/fedrs.eu\/cs\/#website"},"datePublished":"2025-04-24T08:50:13+00:00","dateModified":"2025-08-26T14:49:31+00:00","description":"Intenzivn\u00ed limetkov\u00e1 p\u0159\u00edchu\u0165 s vysokou nikotinovou silou. Odv\u00e1\u017en\u00fd, sv\u011b\u017e\u00ed a v\u00fdkonn\u00fd - pro zku\u0161en\u00e9 u\u017eivatele. Vyzkou\u0161ejte FEDRS Ice Cool Strong Lime je\u0161t\u011b dnes!","breadcrumb":{"@id":"https:\/\/fedrs.eu\/cs\/shop\/fedrs-ice-cool-strong-lime\/#breadcrumb"},"inLanguage":"cs","potentialAction":[{"@type":"ReadAction","target":["https:\/\/fedrs.eu\/cs\/shop\/fedrs-ice-cool-strong-lime\/"]}]},{"@type":"BreadcrumbList","@id":"https:\/\/fedrs.eu\/cs\/shop\/fedrs-ice-cool-strong-lime\/#breadcrumb","itemListElement":[{"@type":"ListItem","position":1,"name":"Home","item":"https:\/\/fedrs.eu\/cs\/"},{"@type":"ListItem","position":2,"name":"Obchod","item":"https:\/\/fedrs.eu\/cs\/shop\/"},{"@type":"ListItem","position":3,"name":"FEDRS Ice Cool Strong Lime"}]},{"@type":"WebSite","@id":"https:\/\/fedrs.eu\/cs\/#website","url":"https:\/\/fedrs.eu\/cs\/","name":"fedrs.eu","description":"","publisher":{"@id":"https:\/\/fedrs.eu\/cs\/#organization"},"potentialAction":[{"@type":"SearchAction","target":{"@type":"EntryPoint","urlTemplate":"https:\/\/fedrs.eu\/cs\/?s={search_term_string}"},"query-input":{"@type":"PropertyValueSpecification","valueRequired":true,"valueName":"search_term_string"}}],"inLanguage":"cs"},{"@type":"Organization","@id":"https:\/\/fedrs.eu\/cs\/#organization","name":"Fedrs sp.z o.o","url":"https:\/\/fedrs.eu\/cs\/","logo":{"@type":"ImageObject","inLanguage":"cs","@id":"https:\/\/fedrs.eu\/cs\/#\/schema\/logo\/image\/","url":"https:\/\/fedrs.eu\/wp-content\/uploads\/2024\/12\/image-52.png","contentUrl":"https:\/\/fedrs.eu\/wp-content\/uploads\/2024\/12\/image-52.png","width":97,"height":30,"caption":"Fedrs sp.z o.o"},"image":{"@id":"https:\/\/fedrs.eu\/cs\/#\/schema\/logo\/image\/"},"publishingPrinciples":"https:\/\/fedrs.eu\/terms-and-conditions\/"}]},"product_brand":"FEDRS Ice Cool","og_availability":"instock","product_availability":"instock","product_retailer_item_id":"04006-1-1-1-1-1","product_condition":"new"},"_links":{"self":[{"href":"https:\/\/fedrs.eu\/cs\/wp-json\/wp\/v2\/product\/19887","targetHints":{"allow":["GET"]}}],"collection":[{"href":"https:\/\/fedrs.eu\/cs\/wp-json\/wp\/v2\/product"}],"about":[{"href":"https:\/\/fedrs.eu\/cs\/wp-json\/wp\/v2\/types\/product"}],"replies":[{"embeddable":true,"href":"https:\/\/fedrs.eu\/cs\/wp-json\/wp\/v2\/comments?post=19887"}],"wp:attachment":[{"href":"https:\/\/fedrs.eu\/cs\/wp-json\/wp\/v2\/media?parent=19887"}],"wp:term":[{"taxonomy":"product_brand","embeddable":true,"href":"https:\/\/fedrs.eu\/cs\/wp-json\/wp\/v2\/product_brand?post=19887"},{"taxonomy":"product_cat","embeddable":true,"href":"https:\/\/fedrs.eu\/cs\/wp-json\/wp\/v2\/product_cat?post=19887"},{"taxonomy":"product_tag","embeddable":true,"href":"https:\/\/fedrs.eu\/cs\/wp-json\/wp\/v2\/product_tag?post=19887"}],"curies":[{"name":"wp","href":"https:\/\/api.w.org\/{rel}","templated":true}]}}