{"id":19855,"date":"2025-04-24T10:21:15","date_gmt":"2025-04-24T08:21:15","guid":{"rendered":"https:\/\/fedrs.eu\/?post_type=product&#038;p=19855"},"modified":"2025-08-26T16:51:40","modified_gmt":"2025-08-26T14:51:40","slug":"fedrs-ice-cool-medium-lime","status":"publish","type":"product","link":"https:\/\/fedrs.eu\/cs\/shop\/fedrs-ice-cool-medium-lime\/","title":{"rendered":"FEDRS Ice Cool Medium Lime"},"content":{"rendered":"<p data-start=\"214\" data-end=\"454\"><strong data-start=\"214\" data-end=\"244\">FEDRS Ice Cool Medium Lime<\/strong> p\u0159in\u00e1\u0161\u00ed v\u00fdraznou citrusovou p\u0159\u00edchu\u0165 s osv\u011b\u017euj\u00edc\u00edm ledov\u00fdm n\u00e1dechem. Dokonal\u00e1 rovnov\u00e1ha pikantn\u00ed limetky a st\u0159edn\u00ed s\u00edly nikotinu je ide\u00e1ln\u00ed pro u\u017eivatele, kte\u0159\u00ed cht\u011bj\u00ed chu\u0165ov\u011b v\u00fdrazn\u00fd, ale p\u0159itom hladk\u00fd z\u00e1\u017eitek po cel\u00fd den. <\/p>\n<ul data-start=\"456\" data-end=\"600\">\n<li data-start=\"456\" data-end=\"497\">\n<p data-start=\"458\" data-end=\"497\">Chu\u0165: Chu\u0165: pikantn\u00ed limetka s chladiv\u00fdm z\u00e1v\u011brem<\/p>\n<\/li>\n<li data-start=\"498\" data-end=\"527\">\n<p data-start=\"500\" data-end=\"527\">Nikotin: St\u0159edn\u00ed s\u00edla<\/p>\n<\/li>\n<li data-start=\"528\" data-end=\"553\">\n<p data-start=\"530\" data-end=\"553\">Ide\u00e1ln\u00ed pro ka\u017edodenn\u00ed pou\u017eit\u00ed<\/p>\n<\/li>\n<li data-start=\"554\" data-end=\"600\">\n<p data-start=\"556\" data-end=\"600\">Sv\u011b\u017e\u00ed, energizuj\u00edc\u00ed pocit s ka\u017ed\u00fdm s\u00e1\u010dkem<\/p>\n<\/li>\n<\/ul>\n<p data-start=\"602\" data-end=\"653\"><strong data-start=\"602\" data-end=\"653\">Ochutnejte p\u0159\u00edval citrus\u016f - sv\u011b\u017e\u00ed, \u010dist\u00fd a chladiv\u00fd.<\/strong><\/p>\n","protected":false},"excerpt":{"rendered":"<div class=\"descrip_p\">\n<div class=\"product-pstyle\"><\/div>\n<p>&nbsp;<\/p>\n<\/div>\n","protected":false},"featured_media":0,"comment_status":"open","ping_status":"closed","template":"","meta":{"googlesitekit_rrm_CAowmrG7DA:productID":""},"product_brand":[],"product_cat":[688,540,817,559],"product_tag":[],"class_list":{"0":"post-19855","1":"product","2":"type-product","3":"status-publish","5":"product_cat-30-mg-g-cs","6":"product_cat-fedrs-ice-cool-cs","7":"product_cat-nikotinove-sacky","8":"product_cat-ovoce-cs","10":"first","11":"outofstock","12":"taxable","13":"shipping-taxable","14":"product-type-variable","15":"has-default-attributes"},"yoast_head":"<!-- This site is optimized with the Yoast SEO Premium plugin v26.5 (Yoast SEO v27.3) - https:\/\/yoast.com\/product\/yoast-seo-premium-wordpress\/ -->\n<title>FEDRS Ice Cool Medium Lime - Nikotinov\u00e9 s\u00e1\u010dky<\/title>\n<meta name=\"description\" content=\"V ka\u017ed\u00e9m s\u00e1\u010dku za\u017eijete v\u00fdraznou limetkovou p\u0159\u00edchu\u0165 a st\u0159edn\u00ed s\u00edlu nikotinu. Sv\u011b\u017e\u00ed, sv\u011b\u017e\u00ed a ide\u00e1ln\u00ed pro ka\u017edodenn\u00ed pou\u017eit\u00ed. Vyzkou\u0161ejte FEDRS Ice Cool Medium Lime nyn\u00ed!\" \/>\n<meta name=\"robots\" content=\"index, follow, max-snippet:-1, max-image-preview:large, max-video-preview:-1\" \/>\n<link rel=\"canonical\" href=\"https:\/\/fedrs.eu\/cs\/shop\/fedrs-ice-cool-medium-lime\/\" \/>\n<meta property=\"og:locale\" content=\"cs_CZ\" \/>\n<meta property=\"og:type\" content=\"article\" \/>\n<meta property=\"og:title\" content=\"FEDRS Ice Cool Medium Lime\" \/>\n<meta property=\"og:description\" content=\"V ka\u017ed\u00e9m s\u00e1\u010dku za\u017eijete v\u00fdraznou limetkovou p\u0159\u00edchu\u0165 a st\u0159edn\u00ed s\u00edlu nikotinu. Sv\u011b\u017e\u00ed, sv\u011b\u017e\u00ed a ide\u00e1ln\u00ed pro ka\u017edodenn\u00ed pou\u017eit\u00ed. Vyzkou\u0161ejte FEDRS Ice Cool Medium Lime nyn\u00ed!\" \/>\n<meta property=\"og:url\" content=\"https:\/\/fedrs.eu\/cs\/shop\/fedrs-ice-cool-medium-lime\/\" \/>\n<meta property=\"og:site_name\" content=\"fedrs.eu\" \/>\n<meta property=\"article:modified_time\" content=\"2025-08-26T14:51:40+00:00\" \/>\n<meta property=\"og:image\" content=\"https:\/\/fedrs.eu\/wp-content\/uploads\/2025\/04\/M_LIME_02.png\" \/>\n\t<meta property=\"og:image:width\" content=\"1200\" \/>\n\t<meta property=\"og:image:height\" content=\"1200\" \/>\n\t<meta property=\"og:image:type\" content=\"image\/png\" \/>\n<meta name=\"twitter:card\" content=\"summary_large_image\" \/>\n<meta name=\"twitter:label1\" content=\"Dostupnost\" \/>\n\t<meta name=\"twitter:data1\" content=\"Vyprod\u00e1no\" \/>\n<script type=\"application\/ld+json\" class=\"yoast-schema-graph\">{\"@context\":\"https:\\\/\\\/schema.org\",\"@graph\":[{\"@type\":\"WebPage\",\"@id\":\"https:\\\/\\\/fedrs.eu\\\/cs\\\/shop\\\/fedrs-ice-cool-medium-lime\\\/\",\"url\":\"https:\\\/\\\/fedrs.eu\\\/cs\\\/shop\\\/fedrs-ice-cool-medium-lime\\\/\",\"name\":\"FEDRS Ice Cool Medium Lime - Nikotinov\u00e9 s\u00e1\u010dky\",\"isPartOf\":{\"@id\":\"https:\\\/\\\/fedrs.eu\\\/cs\\\/#website\"},\"datePublished\":\"2025-04-24T08:21:15+00:00\",\"dateModified\":\"2025-08-26T14:51:40+00:00\",\"description\":\"V ka\u017ed\u00e9m s\u00e1\u010dku za\u017eijete v\u00fdraznou limetkovou p\u0159\u00edchu\u0165 a st\u0159edn\u00ed s\u00edlu nikotinu. Sv\u011b\u017e\u00ed, sv\u011b\u017e\u00ed a ide\u00e1ln\u00ed pro ka\u017edodenn\u00ed pou\u017eit\u00ed. Vyzkou\u0161ejte FEDRS Ice Cool Medium Lime nyn\u00ed!\",\"breadcrumb\":{\"@id\":\"https:\\\/\\\/fedrs.eu\\\/cs\\\/shop\\\/fedrs-ice-cool-medium-lime\\\/#breadcrumb\"},\"inLanguage\":\"cs\",\"potentialAction\":[{\"@type\":\"ReadAction\",\"target\":[\"https:\\\/\\\/fedrs.eu\\\/cs\\\/shop\\\/fedrs-ice-cool-medium-lime\\\/\"]}]},{\"@type\":\"BreadcrumbList\",\"@id\":\"https:\\\/\\\/fedrs.eu\\\/cs\\\/shop\\\/fedrs-ice-cool-medium-lime\\\/#breadcrumb\",\"itemListElement\":[{\"@type\":\"ListItem\",\"position\":1,\"name\":\"Home\",\"item\":\"https:\\\/\\\/fedrs.eu\\\/cs\\\/\"},{\"@type\":\"ListItem\",\"position\":2,\"name\":\"Obchod\",\"item\":\"https:\\\/\\\/fedrs.eu\\\/cs\\\/shop\\\/\"},{\"@type\":\"ListItem\",\"position\":3,\"name\":\"FEDRS Ice Cool Medium Lime\"}]},{\"@type\":\"WebSite\",\"@id\":\"https:\\\/\\\/fedrs.eu\\\/cs\\\/#website\",\"url\":\"https:\\\/\\\/fedrs.eu\\\/cs\\\/\",\"name\":\"fedrs.eu\",\"description\":\"\",\"publisher\":{\"@id\":\"https:\\\/\\\/fedrs.eu\\\/cs\\\/#organization\"},\"potentialAction\":[{\"@type\":\"SearchAction\",\"target\":{\"@type\":\"EntryPoint\",\"urlTemplate\":\"https:\\\/\\\/fedrs.eu\\\/cs\\\/?s={search_term_string}\"},\"query-input\":{\"@type\":\"PropertyValueSpecification\",\"valueRequired\":true,\"valueName\":\"search_term_string\"}}],\"inLanguage\":\"cs\"},{\"@type\":\"Organization\",\"@id\":\"https:\\\/\\\/fedrs.eu\\\/cs\\\/#organization\",\"name\":\"Fedrs sp.z o.o\",\"url\":\"https:\\\/\\\/fedrs.eu\\\/cs\\\/\",\"logo\":{\"@type\":\"ImageObject\",\"inLanguage\":\"cs\",\"@id\":\"https:\\\/\\\/fedrs.eu\\\/cs\\\/#\\\/schema\\\/logo\\\/image\\\/\",\"url\":\"https:\\\/\\\/fedrs.eu\\\/wp-content\\\/uploads\\\/2024\\\/12\\\/image-52.png\",\"contentUrl\":\"https:\\\/\\\/fedrs.eu\\\/wp-content\\\/uploads\\\/2024\\\/12\\\/image-52.png\",\"width\":97,\"height\":30,\"caption\":\"Fedrs sp.z o.o\"},\"image\":{\"@id\":\"https:\\\/\\\/fedrs.eu\\\/cs\\\/#\\\/schema\\\/logo\\\/image\\\/\"},\"publishingPrinciples\":\"https:\\\/\\\/fedrs.eu\\\/terms-and-conditions\\\/\"}]}<\/script>\n<meta property=\"product:brand\" content=\"FEDRS Ice Cool\" \/>\n<meta property=\"og:availability\" content=\"out of stock\" \/>\n<meta property=\"product:availability\" content=\"out of stock\" \/>\n<meta property=\"product:retailer_item_id\" content=\"04006-1-1-1-1\" \/>\n<meta property=\"product:condition\" content=\"new\" \/>\n<!-- \/ Yoast SEO Premium plugin. -->","yoast_head_json":{"title":"FEDRS Ice Cool Medium Lime - Nikotinov\u00e9 s\u00e1\u010dky","description":"V ka\u017ed\u00e9m s\u00e1\u010dku za\u017eijete v\u00fdraznou limetkovou p\u0159\u00edchu\u0165 a st\u0159edn\u00ed s\u00edlu nikotinu. Sv\u011b\u017e\u00ed, sv\u011b\u017e\u00ed a ide\u00e1ln\u00ed pro ka\u017edodenn\u00ed pou\u017eit\u00ed. Vyzkou\u0161ejte FEDRS Ice Cool Medium Lime nyn\u00ed!","robots":{"index":"index","follow":"follow","max-snippet":"max-snippet:-1","max-image-preview":"max-image-preview:large","max-video-preview":"max-video-preview:-1"},"canonical":"https:\/\/fedrs.eu\/cs\/shop\/fedrs-ice-cool-medium-lime\/","og_locale":"cs_CZ","og_type":"article","og_title":"FEDRS Ice Cool Medium Lime","og_description":"V ka\u017ed\u00e9m s\u00e1\u010dku za\u017eijete v\u00fdraznou limetkovou p\u0159\u00edchu\u0165 a st\u0159edn\u00ed s\u00edlu nikotinu. Sv\u011b\u017e\u00ed, sv\u011b\u017e\u00ed a ide\u00e1ln\u00ed pro ka\u017edodenn\u00ed pou\u017eit\u00ed. Vyzkou\u0161ejte FEDRS Ice Cool Medium Lime nyn\u00ed!","og_url":"https:\/\/fedrs.eu\/cs\/shop\/fedrs-ice-cool-medium-lime\/","og_site_name":"fedrs.eu","article_modified_time":"2025-08-26T14:51:40+00:00","og_image":[{"width":1200,"height":1200,"url":"https:\/\/fedrs.eu\/wp-content\/uploads\/2025\/04\/M_LIME_02.png","type":"image\/png"}],"twitter_card":"summary_large_image","twitter_misc":{"Dostupnost":"Vyprod\u00e1no"},"schema":{"@context":"https:\/\/schema.org","@graph":[{"@type":"WebPage","@id":"https:\/\/fedrs.eu\/cs\/shop\/fedrs-ice-cool-medium-lime\/","url":"https:\/\/fedrs.eu\/cs\/shop\/fedrs-ice-cool-medium-lime\/","name":"FEDRS Ice Cool Medium Lime - Nikotinov\u00e9 s\u00e1\u010dky","isPartOf":{"@id":"https:\/\/fedrs.eu\/cs\/#website"},"datePublished":"2025-04-24T08:21:15+00:00","dateModified":"2025-08-26T14:51:40+00:00","description":"V ka\u017ed\u00e9m s\u00e1\u010dku za\u017eijete v\u00fdraznou limetkovou p\u0159\u00edchu\u0165 a st\u0159edn\u00ed s\u00edlu nikotinu. Sv\u011b\u017e\u00ed, sv\u011b\u017e\u00ed a ide\u00e1ln\u00ed pro ka\u017edodenn\u00ed pou\u017eit\u00ed. Vyzkou\u0161ejte FEDRS Ice Cool Medium Lime nyn\u00ed!","breadcrumb":{"@id":"https:\/\/fedrs.eu\/cs\/shop\/fedrs-ice-cool-medium-lime\/#breadcrumb"},"inLanguage":"cs","potentialAction":[{"@type":"ReadAction","target":["https:\/\/fedrs.eu\/cs\/shop\/fedrs-ice-cool-medium-lime\/"]}]},{"@type":"BreadcrumbList","@id":"https:\/\/fedrs.eu\/cs\/shop\/fedrs-ice-cool-medium-lime\/#breadcrumb","itemListElement":[{"@type":"ListItem","position":1,"name":"Home","item":"https:\/\/fedrs.eu\/cs\/"},{"@type":"ListItem","position":2,"name":"Obchod","item":"https:\/\/fedrs.eu\/cs\/shop\/"},{"@type":"ListItem","position":3,"name":"FEDRS Ice Cool Medium Lime"}]},{"@type":"WebSite","@id":"https:\/\/fedrs.eu\/cs\/#website","url":"https:\/\/fedrs.eu\/cs\/","name":"fedrs.eu","description":"","publisher":{"@id":"https:\/\/fedrs.eu\/cs\/#organization"},"potentialAction":[{"@type":"SearchAction","target":{"@type":"EntryPoint","urlTemplate":"https:\/\/fedrs.eu\/cs\/?s={search_term_string}"},"query-input":{"@type":"PropertyValueSpecification","valueRequired":true,"valueName":"search_term_string"}}],"inLanguage":"cs"},{"@type":"Organization","@id":"https:\/\/fedrs.eu\/cs\/#organization","name":"Fedrs sp.z o.o","url":"https:\/\/fedrs.eu\/cs\/","logo":{"@type":"ImageObject","inLanguage":"cs","@id":"https:\/\/fedrs.eu\/cs\/#\/schema\/logo\/image\/","url":"https:\/\/fedrs.eu\/wp-content\/uploads\/2024\/12\/image-52.png","contentUrl":"https:\/\/fedrs.eu\/wp-content\/uploads\/2024\/12\/image-52.png","width":97,"height":30,"caption":"Fedrs sp.z o.o"},"image":{"@id":"https:\/\/fedrs.eu\/cs\/#\/schema\/logo\/image\/"},"publishingPrinciples":"https:\/\/fedrs.eu\/terms-and-conditions\/"}]},"product_brand":"FEDRS Ice Cool","og_availability":"out of stock","product_availability":"out of stock","product_retailer_item_id":"04006-1-1-1-1","product_condition":"new"},"_links":{"self":[{"href":"https:\/\/fedrs.eu\/cs\/wp-json\/wp\/v2\/product\/19855","targetHints":{"allow":["GET"]}}],"collection":[{"href":"https:\/\/fedrs.eu\/cs\/wp-json\/wp\/v2\/product"}],"about":[{"href":"https:\/\/fedrs.eu\/cs\/wp-json\/wp\/v2\/types\/product"}],"replies":[{"embeddable":true,"href":"https:\/\/fedrs.eu\/cs\/wp-json\/wp\/v2\/comments?post=19855"}],"wp:attachment":[{"href":"https:\/\/fedrs.eu\/cs\/wp-json\/wp\/v2\/media?parent=19855"}],"wp:term":[{"taxonomy":"product_brand","embeddable":true,"href":"https:\/\/fedrs.eu\/cs\/wp-json\/wp\/v2\/product_brand?post=19855"},{"taxonomy":"product_cat","embeddable":true,"href":"https:\/\/fedrs.eu\/cs\/wp-json\/wp\/v2\/product_cat?post=19855"},{"taxonomy":"product_tag","embeddable":true,"href":"https:\/\/fedrs.eu\/cs\/wp-json\/wp\/v2\/product_tag?post=19855"}],"curies":[{"name":"wp","href":"https:\/\/api.w.org\/{rel}","templated":true}]}}