{"id":19779,"date":"2025-04-23T14:44:24","date_gmt":"2025-04-23T12:44:24","guid":{"rendered":"https:\/\/fedrs.eu\/?post_type=product&#038;p=19779"},"modified":"2025-08-26T16:51:41","modified_gmt":"2025-08-26T14:51:41","slug":"fedrs-ice-cool-light-bubble-gum","status":"publish","type":"product","link":"https:\/\/fedrs.eu\/cs\/shop\/fedrs-ice-cool-light-bubble-gum\/","title":{"rendered":"FEDRS Ice Cool Light Bubble Gum"},"content":{"rendered":"<p data-start=\"142\" data-end=\"403\">FEDRS Ice Cool Light Bubble Gum nab\u00edz\u00ed nostalgickou sladkou p\u0159\u00edchu\u0165 \u017ev\u00fdka\u010dky sm\u00ed\u0161enou s osv\u011b\u017euj\u00edc\u00edm m\u00e1tov\u00fdm chladem a hladk\u00fdm, lehk\u00fdm nikotinov\u00fdm hitem. Je vytvo\u0159ena pro ty, kte\u0159\u00ed maj\u00ed r\u00e1di hrav\u00e9 p\u0159\u00edchut\u011b bez p\u0159ehnan\u00e9 intenzity, a je ide\u00e1ln\u00ed pro p\u0159\u00edle\u017eitostn\u00e9 a celodenn\u00ed pou\u017e\u00edv\u00e1n\u00ed. <\/p>\n<ul data-start=\"405\" data-end=\"521\">\n<li data-start=\"405\" data-end=\"450\">\n<p data-start=\"407\" data-end=\"450\">Sladk\u00e1 chu\u0165 \u017ev\u00fdka\u010dky s m\u00e1tov\u00fdm n\u00e1dechem<\/p>\n<\/li>\n<li data-start=\"451\" data-end=\"489\">\n<p data-start=\"453\" data-end=\"489\">Lehk\u00e9 a plynul\u00e9 pod\u00e1v\u00e1n\u00ed nikotinu<\/p>\n<\/li>\n<li data-start=\"490\" data-end=\"521\">\n<p data-start=\"492\" data-end=\"521\">Ide\u00e1ln\u00ed pro ka\u017edodenn\u00ed pot\u011b\u0161en\u00ed<\/p>\n<\/li>\n<\/ul>\n<p data-start=\"523\" data-end=\"581\">Kupte si je nyn\u00ed a pro\u017eijte znovu sv\u011b\u017e\u00ed a z\u00e1bavnou chu\u0165 sv\u00e9ho d\u011btstv\u00ed!<\/p>\n","protected":false},"excerpt":{"rendered":"<div class=\"descrip_p\">\n<div class=\"product-pstyle\"><\/div>\n<p>&nbsp;<\/p>\n<\/div>\n","protected":false},"featured_media":0,"comment_status":"open","ping_status":"closed","template":"","meta":{"googlesitekit_rrm_CAowmrG7DA:productID":""},"product_brand":[],"product_cat":[639,540,817,559],"product_tag":[],"class_list":{"0":"post-19779","1":"product","2":"type-product","3":"status-publish","5":"product_cat-20-mg-g-cs","6":"product_cat-fedrs-ice-cool-cs","7":"product_cat-nikotinove-sacky","8":"product_cat-ovoce-cs","10":"first","11":"instock","12":"taxable","13":"shipping-taxable","14":"product-type-variable","15":"has-default-attributes"},"yoast_head":"<!-- This site is optimized with the Yoast SEO Premium plugin v26.5 (Yoast SEO v27.3) - https:\/\/yoast.com\/product\/yoast-seo-premium-wordpress\/ -->\n<title>FEDRS Ice Cool Light Bubble Gum<\/title>\n<meta name=\"description\" content=\"P\u0159in\u00e1\u0161\u00ed sladkou \u017ev\u00fdka\u010dkovou p\u0159\u00edchu\u0165 s chladiv\u00fdm m\u00e1tov\u00fdm n\u00e1dechem a lehk\u00fdm nikotinov\u00fdm n\u00e1dechem. Ide\u00e1ln\u00ed pro ka\u017edodenn\u00ed pou\u017eit\u00ed. Kupte si ji nyn\u00ed a vychutnejte si nostalgickou sv\u011b\u017eest!\" \/>\n<meta name=\"robots\" content=\"index, follow, max-snippet:-1, max-image-preview:large, max-video-preview:-1\" \/>\n<link rel=\"canonical\" href=\"https:\/\/fedrs.eu\/cs\/shop\/fedrs-ice-cool-light-bubble-gum\/\" \/>\n<meta property=\"og:locale\" content=\"cs_CZ\" \/>\n<meta property=\"og:type\" content=\"article\" \/>\n<meta property=\"og:title\" content=\"FEDRS Ice Cool Light Bubble Gum\" \/>\n<meta property=\"og:description\" content=\"P\u0159in\u00e1\u0161\u00ed sladkou \u017ev\u00fdka\u010dkovou p\u0159\u00edchu\u0165 s chladiv\u00fdm m\u00e1tov\u00fdm n\u00e1dechem a lehk\u00fdm nikotinov\u00fdm n\u00e1dechem. Ide\u00e1ln\u00ed pro ka\u017edodenn\u00ed pou\u017eit\u00ed. Kupte si ji nyn\u00ed a vychutnejte si nostalgickou sv\u011b\u017eest!\" \/>\n<meta property=\"og:url\" content=\"https:\/\/fedrs.eu\/cs\/shop\/fedrs-ice-cool-light-bubble-gum\/\" \/>\n<meta property=\"og:site_name\" content=\"fedrs.eu\" \/>\n<meta property=\"article:modified_time\" content=\"2025-08-26T14:51:41+00:00\" \/>\n<meta property=\"og:image\" content=\"https:\/\/fedrs.eu\/wp-content\/uploads\/2025\/04\/L_BUBBLE_GUM_02-1.png\" \/>\n\t<meta property=\"og:image:width\" content=\"1200\" \/>\n\t<meta property=\"og:image:height\" content=\"1200\" \/>\n\t<meta property=\"og:image:type\" content=\"image\/png\" \/>\n<meta name=\"twitter:card\" content=\"summary_large_image\" \/>\n<meta name=\"twitter:label1\" content=\"Dostupnost\" \/>\n\t<meta name=\"twitter:data1\" content=\"Skladem\" \/>\n<script type=\"application\/ld+json\" class=\"yoast-schema-graph\">{\"@context\":\"https:\\\/\\\/schema.org\",\"@graph\":[{\"@type\":\"WebPage\",\"@id\":\"https:\\\/\\\/fedrs.eu\\\/cs\\\/shop\\\/fedrs-ice-cool-light-bubble-gum\\\/\",\"url\":\"https:\\\/\\\/fedrs.eu\\\/cs\\\/shop\\\/fedrs-ice-cool-light-bubble-gum\\\/\",\"name\":\"FEDRS Ice Cool Light Bubble Gum\",\"isPartOf\":{\"@id\":\"https:\\\/\\\/fedrs.eu\\\/cs\\\/#website\"},\"datePublished\":\"2025-04-23T12:44:24+00:00\",\"dateModified\":\"2025-08-26T14:51:41+00:00\",\"description\":\"P\u0159in\u00e1\u0161\u00ed sladkou \u017ev\u00fdka\u010dkovou p\u0159\u00edchu\u0165 s chladiv\u00fdm m\u00e1tov\u00fdm n\u00e1dechem a lehk\u00fdm nikotinov\u00fdm n\u00e1dechem. Ide\u00e1ln\u00ed pro ka\u017edodenn\u00ed pou\u017eit\u00ed. Kupte si ji nyn\u00ed a vychutnejte si nostalgickou sv\u011b\u017eest!\",\"breadcrumb\":{\"@id\":\"https:\\\/\\\/fedrs.eu\\\/cs\\\/shop\\\/fedrs-ice-cool-light-bubble-gum\\\/#breadcrumb\"},\"inLanguage\":\"cs\",\"potentialAction\":[{\"@type\":\"ReadAction\",\"target\":[\"https:\\\/\\\/fedrs.eu\\\/cs\\\/shop\\\/fedrs-ice-cool-light-bubble-gum\\\/\"]}]},{\"@type\":\"BreadcrumbList\",\"@id\":\"https:\\\/\\\/fedrs.eu\\\/cs\\\/shop\\\/fedrs-ice-cool-light-bubble-gum\\\/#breadcrumb\",\"itemListElement\":[{\"@type\":\"ListItem\",\"position\":1,\"name\":\"Home\",\"item\":\"https:\\\/\\\/fedrs.eu\\\/cs\\\/\"},{\"@type\":\"ListItem\",\"position\":2,\"name\":\"Obchod\",\"item\":\"https:\\\/\\\/fedrs.eu\\\/cs\\\/shop\\\/\"},{\"@type\":\"ListItem\",\"position\":3,\"name\":\"FEDRS Ice Cool Light Bubble Gum\"}]},{\"@type\":\"WebSite\",\"@id\":\"https:\\\/\\\/fedrs.eu\\\/cs\\\/#website\",\"url\":\"https:\\\/\\\/fedrs.eu\\\/cs\\\/\",\"name\":\"fedrs.eu\",\"description\":\"\",\"publisher\":{\"@id\":\"https:\\\/\\\/fedrs.eu\\\/cs\\\/#organization\"},\"potentialAction\":[{\"@type\":\"SearchAction\",\"target\":{\"@type\":\"EntryPoint\",\"urlTemplate\":\"https:\\\/\\\/fedrs.eu\\\/cs\\\/?s={search_term_string}\"},\"query-input\":{\"@type\":\"PropertyValueSpecification\",\"valueRequired\":true,\"valueName\":\"search_term_string\"}}],\"inLanguage\":\"cs\"},{\"@type\":\"Organization\",\"@id\":\"https:\\\/\\\/fedrs.eu\\\/cs\\\/#organization\",\"name\":\"Fedrs sp.z o.o\",\"url\":\"https:\\\/\\\/fedrs.eu\\\/cs\\\/\",\"logo\":{\"@type\":\"ImageObject\",\"inLanguage\":\"cs\",\"@id\":\"https:\\\/\\\/fedrs.eu\\\/cs\\\/#\\\/schema\\\/logo\\\/image\\\/\",\"url\":\"https:\\\/\\\/fedrs.eu\\\/wp-content\\\/uploads\\\/2024\\\/12\\\/image-52.png\",\"contentUrl\":\"https:\\\/\\\/fedrs.eu\\\/wp-content\\\/uploads\\\/2024\\\/12\\\/image-52.png\",\"width\":97,\"height\":30,\"caption\":\"Fedrs sp.z o.o\"},\"image\":{\"@id\":\"https:\\\/\\\/fedrs.eu\\\/cs\\\/#\\\/schema\\\/logo\\\/image\\\/\"},\"publishingPrinciples\":\"https:\\\/\\\/fedrs.eu\\\/terms-and-conditions\\\/\"}]}<\/script>\n<meta property=\"product:brand\" content=\"FEDRS Ice Cool\" \/>\n<meta property=\"og:availability\" content=\"instock\" \/>\n<meta property=\"product:availability\" content=\"instock\" \/>\n<meta property=\"product:retailer_item_id\" content=\"04006-1-1\" \/>\n<meta property=\"product:condition\" content=\"new\" \/>\n<!-- \/ Yoast SEO Premium plugin. -->","yoast_head_json":{"title":"FEDRS Ice Cool Light Bubble Gum","description":"P\u0159in\u00e1\u0161\u00ed sladkou \u017ev\u00fdka\u010dkovou p\u0159\u00edchu\u0165 s chladiv\u00fdm m\u00e1tov\u00fdm n\u00e1dechem a lehk\u00fdm nikotinov\u00fdm n\u00e1dechem. Ide\u00e1ln\u00ed pro ka\u017edodenn\u00ed pou\u017eit\u00ed. Kupte si ji nyn\u00ed a vychutnejte si nostalgickou sv\u011b\u017eest!","robots":{"index":"index","follow":"follow","max-snippet":"max-snippet:-1","max-image-preview":"max-image-preview:large","max-video-preview":"max-video-preview:-1"},"canonical":"https:\/\/fedrs.eu\/cs\/shop\/fedrs-ice-cool-light-bubble-gum\/","og_locale":"cs_CZ","og_type":"article","og_title":"FEDRS Ice Cool Light Bubble Gum","og_description":"P\u0159in\u00e1\u0161\u00ed sladkou \u017ev\u00fdka\u010dkovou p\u0159\u00edchu\u0165 s chladiv\u00fdm m\u00e1tov\u00fdm n\u00e1dechem a lehk\u00fdm nikotinov\u00fdm n\u00e1dechem. Ide\u00e1ln\u00ed pro ka\u017edodenn\u00ed pou\u017eit\u00ed. Kupte si ji nyn\u00ed a vychutnejte si nostalgickou sv\u011b\u017eest!","og_url":"https:\/\/fedrs.eu\/cs\/shop\/fedrs-ice-cool-light-bubble-gum\/","og_site_name":"fedrs.eu","article_modified_time":"2025-08-26T14:51:41+00:00","og_image":[{"width":1200,"height":1200,"url":"https:\/\/fedrs.eu\/wp-content\/uploads\/2025\/04\/L_BUBBLE_GUM_02-1.png","type":"image\/png"}],"twitter_card":"summary_large_image","twitter_misc":{"Dostupnost":"Skladem"},"schema":{"@context":"https:\/\/schema.org","@graph":[{"@type":"WebPage","@id":"https:\/\/fedrs.eu\/cs\/shop\/fedrs-ice-cool-light-bubble-gum\/","url":"https:\/\/fedrs.eu\/cs\/shop\/fedrs-ice-cool-light-bubble-gum\/","name":"FEDRS Ice Cool Light Bubble Gum","isPartOf":{"@id":"https:\/\/fedrs.eu\/cs\/#website"},"datePublished":"2025-04-23T12:44:24+00:00","dateModified":"2025-08-26T14:51:41+00:00","description":"P\u0159in\u00e1\u0161\u00ed sladkou \u017ev\u00fdka\u010dkovou p\u0159\u00edchu\u0165 s chladiv\u00fdm m\u00e1tov\u00fdm n\u00e1dechem a lehk\u00fdm nikotinov\u00fdm n\u00e1dechem. Ide\u00e1ln\u00ed pro ka\u017edodenn\u00ed pou\u017eit\u00ed. Kupte si ji nyn\u00ed a vychutnejte si nostalgickou sv\u011b\u017eest!","breadcrumb":{"@id":"https:\/\/fedrs.eu\/cs\/shop\/fedrs-ice-cool-light-bubble-gum\/#breadcrumb"},"inLanguage":"cs","potentialAction":[{"@type":"ReadAction","target":["https:\/\/fedrs.eu\/cs\/shop\/fedrs-ice-cool-light-bubble-gum\/"]}]},{"@type":"BreadcrumbList","@id":"https:\/\/fedrs.eu\/cs\/shop\/fedrs-ice-cool-light-bubble-gum\/#breadcrumb","itemListElement":[{"@type":"ListItem","position":1,"name":"Home","item":"https:\/\/fedrs.eu\/cs\/"},{"@type":"ListItem","position":2,"name":"Obchod","item":"https:\/\/fedrs.eu\/cs\/shop\/"},{"@type":"ListItem","position":3,"name":"FEDRS Ice Cool Light Bubble Gum"}]},{"@type":"WebSite","@id":"https:\/\/fedrs.eu\/cs\/#website","url":"https:\/\/fedrs.eu\/cs\/","name":"fedrs.eu","description":"","publisher":{"@id":"https:\/\/fedrs.eu\/cs\/#organization"},"potentialAction":[{"@type":"SearchAction","target":{"@type":"EntryPoint","urlTemplate":"https:\/\/fedrs.eu\/cs\/?s={search_term_string}"},"query-input":{"@type":"PropertyValueSpecification","valueRequired":true,"valueName":"search_term_string"}}],"inLanguage":"cs"},{"@type":"Organization","@id":"https:\/\/fedrs.eu\/cs\/#organization","name":"Fedrs sp.z o.o","url":"https:\/\/fedrs.eu\/cs\/","logo":{"@type":"ImageObject","inLanguage":"cs","@id":"https:\/\/fedrs.eu\/cs\/#\/schema\/logo\/image\/","url":"https:\/\/fedrs.eu\/wp-content\/uploads\/2024\/12\/image-52.png","contentUrl":"https:\/\/fedrs.eu\/wp-content\/uploads\/2024\/12\/image-52.png","width":97,"height":30,"caption":"Fedrs sp.z o.o"},"image":{"@id":"https:\/\/fedrs.eu\/cs\/#\/schema\/logo\/image\/"},"publishingPrinciples":"https:\/\/fedrs.eu\/terms-and-conditions\/"}]},"product_brand":"FEDRS Ice Cool","og_availability":"instock","product_availability":"instock","product_retailer_item_id":"04006-1-1","product_condition":"new"},"_links":{"self":[{"href":"https:\/\/fedrs.eu\/cs\/wp-json\/wp\/v2\/product\/19779","targetHints":{"allow":["GET"]}}],"collection":[{"href":"https:\/\/fedrs.eu\/cs\/wp-json\/wp\/v2\/product"}],"about":[{"href":"https:\/\/fedrs.eu\/cs\/wp-json\/wp\/v2\/types\/product"}],"replies":[{"embeddable":true,"href":"https:\/\/fedrs.eu\/cs\/wp-json\/wp\/v2\/comments?post=19779"}],"wp:attachment":[{"href":"https:\/\/fedrs.eu\/cs\/wp-json\/wp\/v2\/media?parent=19779"}],"wp:term":[{"taxonomy":"product_brand","embeddable":true,"href":"https:\/\/fedrs.eu\/cs\/wp-json\/wp\/v2\/product_brand?post=19779"},{"taxonomy":"product_cat","embeddable":true,"href":"https:\/\/fedrs.eu\/cs\/wp-json\/wp\/v2\/product_cat?post=19779"},{"taxonomy":"product_tag","embeddable":true,"href":"https:\/\/fedrs.eu\/cs\/wp-json\/wp\/v2\/product_tag?post=19779"}],"curies":[{"name":"wp","href":"https:\/\/api.w.org\/{rel}","templated":true}]}}