{"id":19744,"date":"2025-04-23T13:11:00","date_gmt":"2025-04-23T11:11:00","guid":{"rendered":"https:\/\/fedrs.eu\/?post_type=product&#038;p=19744"},"modified":"2025-10-01T10:17:54","modified_gmt":"2025-10-01T08:17:54","slug":"fedrs-ice-cool-light-lime","status":"publish","type":"product","link":"https:\/\/fedrs.eu\/cs\/shop\/fedrs-ice-cool-light-lime\/","title":{"rendered":"FEDRS Ice Cool Light Lime"},"content":{"rendered":"<p data-start=\"209\" data-end=\"488\"><g id=\"gid_0\">FEDRS Ice Cool Light Lime<\/g> p\u0159in\u00e1\u0161\u00ed sv\u011b\u017e\u00ed a osv\u011b\u017euj\u00edc\u00ed citrusov\u00fd z\u00e1\u017eitek s jemn\u011bj\u0161\u00edm nikotinov\u00fdm n\u00e1dechem.<br data-start=\"316\" data-end=\"319\">Tento s\u00e1\u010dek byl vytvo\u0159en pro ty, kte\u0159\u00ed miluj\u00ed v\u00fdraznou chu\u0165 limetky, ale d\u00e1vaj\u00ed p\u0159ednost leh\u010d\u00ed s\u00edle, a nab\u00edz\u00ed vyv\u00e1\u017eenou sm\u011bs chuti a chladu - bez p\u0159ehnan\u00e9 intenzity.<\/p>\n<ul data-start=\"490\" data-end=\"596\">\n<li data-start=\"490\" data-end=\"522\">\n<p data-start=\"492\" data-end=\"522\">Lehk\u00e1, osv\u011b\u017euj\u00edc\u00ed chu\u0165 limetky<\/p>\n<\/li>\n<li data-start=\"523\" data-end=\"562\">\n<p data-start=\"525\" data-end=\"562\">Plynul\u00e9 a stabiln\u00ed pod\u00e1v\u00e1n\u00ed nikotinu<\/p>\n<\/li>\n<li data-start=\"563\" data-end=\"596\">\n<p data-start=\"565\" data-end=\"596\">Ide\u00e1ln\u00ed pro b\u011b\u017en\u00e9 nebo celodenn\u00ed pou\u017eit\u00ed<\/p>\n<\/li>\n<\/ul>\n<p data-start=\"598\" data-end=\"668\">Poznejte chladivou str\u00e1nku citrus\u016f - <strong data-start=\"635\" data-end=\"667\">lehkou, sv\u011b\u017e\u00ed a energizuj\u00edc\u00ed<\/strong>.<\/p>\n","protected":false},"excerpt":{"rendered":"<div class=\"descrip_p\">\n<div class=\"product-pstyle\"><\/div>\n<p>Hlubok\u00e1 m\u00e1tov\u00e1 p\u0159\u00edchu\u0165, jemn\u00e1 s\u00edla<\/p>\n<\/div>\n","protected":false},"featured_media":0,"comment_status":"open","ping_status":"closed","template":"","meta":{"googlesitekit_rrm_CAowmrG7DA:productID":""},"product_brand":[],"product_cat":[639,631,540,817],"product_tag":[],"class_list":{"0":"post-19744","1":"product","2":"type-product","3":"status-publish","5":"product_cat-20-mg-g-cs","6":"product_cat-citrus-cs","7":"product_cat-fedrs-ice-cool-cs","8":"product_cat-nikotinove-sacky","10":"first","11":"instock","12":"taxable","13":"shipping-taxable","14":"product-type-variable","15":"has-default-attributes"},"yoast_head":"<!-- This site is optimized with the Yoast SEO Premium plugin v26.5 (Yoast SEO v27.3) - https:\/\/yoast.com\/product\/yoast-seo-premium-wordpress\/ -->\n<title>FEDRS Ice Cool Light Lime - hladk\u00e1 citrusov\u00e1 sv\u011b\u017eest<\/title>\n<meta name=\"description\" content=\"Vychutnejte si chu\u0165 \u010derstv\u00e9 limetky. FEDRS Ice Cool Light Lime je ide\u00e1ln\u00ed pro milovn\u00edky citrus\u016f, kte\u0159\u00ed cht\u011bj\u00ed jemn\u00fd a osv\u011b\u017euj\u00edc\u00ed z\u00e1\u017eitek.\" \/>\n<meta name=\"robots\" content=\"index, follow, max-snippet:-1, max-image-preview:large, max-video-preview:-1\" \/>\n<link rel=\"canonical\" href=\"https:\/\/fedrs.eu\/cs\/shop\/fedrs-ice-cool-light-lime\/\" \/>\n<meta property=\"og:locale\" content=\"cs_CZ\" \/>\n<meta property=\"og:type\" content=\"article\" \/>\n<meta property=\"og:title\" content=\"FEDRS Ice Cool Light Lime\" \/>\n<meta property=\"og:description\" content=\"Vychutnejte si chu\u0165 \u010derstv\u00e9 limetky. FEDRS Ice Cool Light Lime je ide\u00e1ln\u00ed pro milovn\u00edky citrus\u016f, kte\u0159\u00ed cht\u011bj\u00ed jemn\u00fd a osv\u011b\u017euj\u00edc\u00ed z\u00e1\u017eitek.\" \/>\n<meta property=\"og:url\" content=\"https:\/\/fedrs.eu\/cs\/shop\/fedrs-ice-cool-light-lime\/\" \/>\n<meta property=\"og:site_name\" content=\"fedrs.eu\" \/>\n<meta property=\"article:modified_time\" content=\"2025-10-01T08:17:54+00:00\" \/>\n<meta property=\"og:image\" content=\"https:\/\/fedrs.eu\/wp-content\/uploads\/2025\/04\/L_LIME_02.png\" \/>\n\t<meta property=\"og:image:width\" content=\"1200\" \/>\n\t<meta property=\"og:image:height\" content=\"1200\" \/>\n\t<meta property=\"og:image:type\" content=\"image\/png\" \/>\n<meta name=\"twitter:card\" content=\"summary_large_image\" \/>\n<meta name=\"twitter:label1\" content=\"Dostupnost\" \/>\n\t<meta name=\"twitter:data1\" content=\"Skladem\" \/>\n<script type=\"application\/ld+json\" class=\"yoast-schema-graph\">{\"@context\":\"https:\\\/\\\/schema.org\",\"@graph\":[{\"@type\":\"WebPage\",\"@id\":\"https:\\\/\\\/fedrs.eu\\\/cs\\\/shop\\\/fedrs-ice-cool-light-lime\\\/\",\"url\":\"https:\\\/\\\/fedrs.eu\\\/cs\\\/shop\\\/fedrs-ice-cool-light-lime\\\/\",\"name\":\"FEDRS Ice Cool Light Lime - hladk\u00e1 citrusov\u00e1 sv\u011b\u017eest\",\"isPartOf\":{\"@id\":\"https:\\\/\\\/fedrs.eu\\\/cs\\\/#website\"},\"datePublished\":\"2025-04-23T11:11:00+00:00\",\"dateModified\":\"2025-10-01T08:17:54+00:00\",\"description\":\"Vychutnejte si chu\u0165 \u010derstv\u00e9 limetky. FEDRS Ice Cool Light Lime je ide\u00e1ln\u00ed pro milovn\u00edky citrus\u016f, kte\u0159\u00ed cht\u011bj\u00ed jemn\u00fd a osv\u011b\u017euj\u00edc\u00ed z\u00e1\u017eitek.\",\"breadcrumb\":{\"@id\":\"https:\\\/\\\/fedrs.eu\\\/cs\\\/shop\\\/fedrs-ice-cool-light-lime\\\/#breadcrumb\"},\"inLanguage\":\"cs\",\"potentialAction\":[{\"@type\":\"ReadAction\",\"target\":[\"https:\\\/\\\/fedrs.eu\\\/cs\\\/shop\\\/fedrs-ice-cool-light-lime\\\/\"]}]},{\"@type\":\"BreadcrumbList\",\"@id\":\"https:\\\/\\\/fedrs.eu\\\/cs\\\/shop\\\/fedrs-ice-cool-light-lime\\\/#breadcrumb\",\"itemListElement\":[{\"@type\":\"ListItem\",\"position\":1,\"name\":\"Home\",\"item\":\"https:\\\/\\\/fedrs.eu\\\/cs\\\/\"},{\"@type\":\"ListItem\",\"position\":2,\"name\":\"Obchod\",\"item\":\"https:\\\/\\\/fedrs.eu\\\/cs\\\/shop\\\/\"},{\"@type\":\"ListItem\",\"position\":3,\"name\":\"FEDRS Ice Cool Light Lime\"}]},{\"@type\":\"WebSite\",\"@id\":\"https:\\\/\\\/fedrs.eu\\\/cs\\\/#website\",\"url\":\"https:\\\/\\\/fedrs.eu\\\/cs\\\/\",\"name\":\"fedrs.eu\",\"description\":\"\",\"publisher\":{\"@id\":\"https:\\\/\\\/fedrs.eu\\\/cs\\\/#organization\"},\"potentialAction\":[{\"@type\":\"SearchAction\",\"target\":{\"@type\":\"EntryPoint\",\"urlTemplate\":\"https:\\\/\\\/fedrs.eu\\\/cs\\\/?s={search_term_string}\"},\"query-input\":{\"@type\":\"PropertyValueSpecification\",\"valueRequired\":true,\"valueName\":\"search_term_string\"}}],\"inLanguage\":\"cs\"},{\"@type\":\"Organization\",\"@id\":\"https:\\\/\\\/fedrs.eu\\\/cs\\\/#organization\",\"name\":\"Fedrs sp.z o.o\",\"url\":\"https:\\\/\\\/fedrs.eu\\\/cs\\\/\",\"logo\":{\"@type\":\"ImageObject\",\"inLanguage\":\"cs\",\"@id\":\"https:\\\/\\\/fedrs.eu\\\/cs\\\/#\\\/schema\\\/logo\\\/image\\\/\",\"url\":\"https:\\\/\\\/fedrs.eu\\\/wp-content\\\/uploads\\\/2024\\\/12\\\/image-52.png\",\"contentUrl\":\"https:\\\/\\\/fedrs.eu\\\/wp-content\\\/uploads\\\/2024\\\/12\\\/image-52.png\",\"width\":97,\"height\":30,\"caption\":\"Fedrs sp.z o.o\"},\"image\":{\"@id\":\"https:\\\/\\\/fedrs.eu\\\/cs\\\/#\\\/schema\\\/logo\\\/image\\\/\"},\"publishingPrinciples\":\"https:\\\/\\\/fedrs.eu\\\/terms-and-conditions\\\/\"}]}<\/script>\n<meta property=\"product:brand\" content=\"FEDRS Ice Cool\" \/>\n<meta property=\"og:availability\" content=\"instock\" \/>\n<meta property=\"product:availability\" content=\"instock\" \/>\n<meta property=\"product:retailer_item_id\" content=\"04006-1\" \/>\n<meta property=\"product:condition\" content=\"new\" \/>\n<!-- \/ Yoast SEO Premium plugin. -->","yoast_head_json":{"title":"FEDRS Ice Cool Light Lime - hladk\u00e1 citrusov\u00e1 sv\u011b\u017eest","description":"Vychutnejte si chu\u0165 \u010derstv\u00e9 limetky. FEDRS Ice Cool Light Lime je ide\u00e1ln\u00ed pro milovn\u00edky citrus\u016f, kte\u0159\u00ed cht\u011bj\u00ed jemn\u00fd a osv\u011b\u017euj\u00edc\u00ed z\u00e1\u017eitek.","robots":{"index":"index","follow":"follow","max-snippet":"max-snippet:-1","max-image-preview":"max-image-preview:large","max-video-preview":"max-video-preview:-1"},"canonical":"https:\/\/fedrs.eu\/cs\/shop\/fedrs-ice-cool-light-lime\/","og_locale":"cs_CZ","og_type":"article","og_title":"FEDRS Ice Cool Light Lime","og_description":"Vychutnejte si chu\u0165 \u010derstv\u00e9 limetky. FEDRS Ice Cool Light Lime je ide\u00e1ln\u00ed pro milovn\u00edky citrus\u016f, kte\u0159\u00ed cht\u011bj\u00ed jemn\u00fd a osv\u011b\u017euj\u00edc\u00ed z\u00e1\u017eitek.","og_url":"https:\/\/fedrs.eu\/cs\/shop\/fedrs-ice-cool-light-lime\/","og_site_name":"fedrs.eu","article_modified_time":"2025-10-01T08:17:54+00:00","og_image":[{"width":1200,"height":1200,"url":"https:\/\/fedrs.eu\/wp-content\/uploads\/2025\/04\/L_LIME_02.png","type":"image\/png"}],"twitter_card":"summary_large_image","twitter_misc":{"Dostupnost":"Skladem"},"schema":{"@context":"https:\/\/schema.org","@graph":[{"@type":"WebPage","@id":"https:\/\/fedrs.eu\/cs\/shop\/fedrs-ice-cool-light-lime\/","url":"https:\/\/fedrs.eu\/cs\/shop\/fedrs-ice-cool-light-lime\/","name":"FEDRS Ice Cool Light Lime - hladk\u00e1 citrusov\u00e1 sv\u011b\u017eest","isPartOf":{"@id":"https:\/\/fedrs.eu\/cs\/#website"},"datePublished":"2025-04-23T11:11:00+00:00","dateModified":"2025-10-01T08:17:54+00:00","description":"Vychutnejte si chu\u0165 \u010derstv\u00e9 limetky. FEDRS Ice Cool Light Lime je ide\u00e1ln\u00ed pro milovn\u00edky citrus\u016f, kte\u0159\u00ed cht\u011bj\u00ed jemn\u00fd a osv\u011b\u017euj\u00edc\u00ed z\u00e1\u017eitek.","breadcrumb":{"@id":"https:\/\/fedrs.eu\/cs\/shop\/fedrs-ice-cool-light-lime\/#breadcrumb"},"inLanguage":"cs","potentialAction":[{"@type":"ReadAction","target":["https:\/\/fedrs.eu\/cs\/shop\/fedrs-ice-cool-light-lime\/"]}]},{"@type":"BreadcrumbList","@id":"https:\/\/fedrs.eu\/cs\/shop\/fedrs-ice-cool-light-lime\/#breadcrumb","itemListElement":[{"@type":"ListItem","position":1,"name":"Home","item":"https:\/\/fedrs.eu\/cs\/"},{"@type":"ListItem","position":2,"name":"Obchod","item":"https:\/\/fedrs.eu\/cs\/shop\/"},{"@type":"ListItem","position":3,"name":"FEDRS Ice Cool Light Lime"}]},{"@type":"WebSite","@id":"https:\/\/fedrs.eu\/cs\/#website","url":"https:\/\/fedrs.eu\/cs\/","name":"fedrs.eu","description":"","publisher":{"@id":"https:\/\/fedrs.eu\/cs\/#organization"},"potentialAction":[{"@type":"SearchAction","target":{"@type":"EntryPoint","urlTemplate":"https:\/\/fedrs.eu\/cs\/?s={search_term_string}"},"query-input":{"@type":"PropertyValueSpecification","valueRequired":true,"valueName":"search_term_string"}}],"inLanguage":"cs"},{"@type":"Organization","@id":"https:\/\/fedrs.eu\/cs\/#organization","name":"Fedrs sp.z o.o","url":"https:\/\/fedrs.eu\/cs\/","logo":{"@type":"ImageObject","inLanguage":"cs","@id":"https:\/\/fedrs.eu\/cs\/#\/schema\/logo\/image\/","url":"https:\/\/fedrs.eu\/wp-content\/uploads\/2024\/12\/image-52.png","contentUrl":"https:\/\/fedrs.eu\/wp-content\/uploads\/2024\/12\/image-52.png","width":97,"height":30,"caption":"Fedrs sp.z o.o"},"image":{"@id":"https:\/\/fedrs.eu\/cs\/#\/schema\/logo\/image\/"},"publishingPrinciples":"https:\/\/fedrs.eu\/terms-and-conditions\/"}]},"product_brand":"FEDRS Ice Cool","og_availability":"instock","product_availability":"instock","product_retailer_item_id":"04006-1","product_condition":"new"},"_links":{"self":[{"href":"https:\/\/fedrs.eu\/cs\/wp-json\/wp\/v2\/product\/19744","targetHints":{"allow":["GET"]}}],"collection":[{"href":"https:\/\/fedrs.eu\/cs\/wp-json\/wp\/v2\/product"}],"about":[{"href":"https:\/\/fedrs.eu\/cs\/wp-json\/wp\/v2\/types\/product"}],"replies":[{"embeddable":true,"href":"https:\/\/fedrs.eu\/cs\/wp-json\/wp\/v2\/comments?post=19744"}],"wp:attachment":[{"href":"https:\/\/fedrs.eu\/cs\/wp-json\/wp\/v2\/media?parent=19744"}],"wp:term":[{"taxonomy":"product_brand","embeddable":true,"href":"https:\/\/fedrs.eu\/cs\/wp-json\/wp\/v2\/product_brand?post=19744"},{"taxonomy":"product_cat","embeddable":true,"href":"https:\/\/fedrs.eu\/cs\/wp-json\/wp\/v2\/product_cat?post=19744"},{"taxonomy":"product_tag","embeddable":true,"href":"https:\/\/fedrs.eu\/cs\/wp-json\/wp\/v2\/product_tag?post=19744"}],"curies":[{"name":"wp","href":"https:\/\/api.w.org\/{rel}","templated":true}]}}