{"id":19708,"date":"2025-04-23T12:37:57","date_gmt":"2025-04-23T10:37:57","guid":{"rendered":"https:\/\/fedrs.eu\/?post_type=product&#038;p=19708"},"modified":"2025-08-26T16:49:53","modified_gmt":"2025-08-26T14:49:53","slug":"fedrs-ice-cool-hard-bubble-gum-copy","status":"publish","type":"product","link":"https:\/\/fedrs.eu\/cs\/shop\/fedrs-ice-cool-hard-bubble-gum-copy\/","title":{"rendered":"FEDRS Ice Cool Hard Lime"},"content":{"rendered":"<p data-start=\"120\" data-end=\"355\"><strong data-start=\"120\" data-end=\"148\">FEDRS Ice Cool Hard Lime<\/strong> p\u0159in\u00e1\u0161\u00ed sv\u011b\u017e\u00ed citrusov\u00fd z\u00e1van s mimo\u0159\u00e1dn\u011b siln\u00fdm nikotinov\u00fdm \u00fa\u010dinkem <strong data-start=\"216\" data-end=\"227\">65 mg\/g<\/strong>.<br data-start=\"228\" data-end=\"231\">Pikantn\u00ed limetkov\u00e1 p\u0159\u00edchu\u0165 se dokonale snoub\u00ed s ledovou sv\u011b\u017eest\u00ed a vytv\u00e1\u0159\u00ed intenzivn\u00ed a osv\u011b\u017euj\u00edc\u00ed pocit ji\u017e od prvn\u00edho s\u00e1\u010dku.<\/p>\n<p data-start=\"357\" data-end=\"397\">Ide\u00e1ln\u00ed pro zku\u0161en\u00e9 u\u017eivatele, kte\u0159\u00ed tou\u017e\u00ed po:<\/p>\n<ul data-start=\"398\" data-end=\"488\">\n<li data-start=\"398\" data-end=\"425\">\n<p data-start=\"400\" data-end=\"425\">v\u00fdrazn\u00e1 citrusov\u00e1 chu\u0165,<\/p>\n<\/li>\n<li data-start=\"426\" data-end=\"451\">\n<p data-start=\"428\" data-end=\"451\">maxim\u00e1ln\u00ed s\u00edla,<\/p>\n<\/li>\n<li data-start=\"452\" data-end=\"488\">\n<p data-start=\"454\" data-end=\"488\">a dlouhotrvaj\u00edc\u00ed ochlazen\u00ed.<\/p>\n<\/li>\n<\/ul>\n","protected":false},"excerpt":{"rendered":"<p>FEDRS Ice Cool Hard Lime p\u0159in\u00e1\u0161\u00ed sv\u011b\u017e\u00ed citrusov\u00fd z\u00e1van s mimo\u0159\u00e1dn\u011b siln\u00fdm nikotinov\u00fdm \u00fa\u010dinkem 65 mg\/g.Pikantn\u00ed limetkov\u00e1 p\u0159\u00edchu\u0165 se dokonale snoub\u00ed s ledovou sv\u011b\u017eest\u00ed a vytv\u00e1\u0159\u00ed<span class=\"excerpt-hellip\"> [\u2026]<\/span><\/p>\n","protected":false},"featured_media":0,"comment_status":"open","ping_status":"closed","template":"","meta":{"googlesitekit_rrm_CAowmrG7DA:productID":""},"product_brand":[],"product_cat":[543,631,568,817,605],"product_tag":[],"class_list":{"0":"post-19708","1":"product","2":"type-product","3":"status-publish","5":"product_cat-65-mg-g-cs","6":"product_cat-citrus-cs","7":"product_cat-fedrs-ice-cool-hard-cs","8":"product_cat-nikotinove-sacky","9":"product_cat-novinka","11":"first","12":"instock","13":"taxable","14":"shipping-taxable","15":"product-type-variable","16":"has-default-attributes"},"yoast_head":"<!-- This site is optimized with the Yoast SEO Premium plugin v26.5 (Yoast SEO v27.3) - https:\/\/yoast.com\/product\/yoast-seo-premium-wordpress\/ -->\n<title>FEDRS Ice Cool Hard Lime - citrusov\u00fd n\u00e1boj a 65 mg nikotinu<\/title>\n<meta name=\"description\" content=\"Vyzkou\u0161ejte v\u00fdraznou citrusovou chu\u0165 FEDRS Ice Cool Hard Lime! Vychutnejte si mimo\u0159\u00e1dn\u011b siln\u00fd nikotinov\u00fd n\u00e1boj, kter\u00fd osv\u011b\u017e\u00ed od prvn\u00edho s\u00e1\u010dku.\" \/>\n<meta name=\"robots\" content=\"index, follow, max-snippet:-1, max-image-preview:large, max-video-preview:-1\" \/>\n<link rel=\"canonical\" href=\"https:\/\/fedrs.eu\/cs\/shop\/fedrs-ice-cool-hard-bubble-gum-copy\/\" \/>\n<meta property=\"og:locale\" content=\"cs_CZ\" \/>\n<meta property=\"og:type\" content=\"article\" \/>\n<meta property=\"og:title\" content=\"FEDRS Ice Cool Hard Lime\" \/>\n<meta property=\"og:description\" content=\"Vyzkou\u0161ejte v\u00fdraznou citrusovou chu\u0165 FEDRS Ice Cool Hard Lime! Vychutnejte si mimo\u0159\u00e1dn\u011b siln\u00fd nikotinov\u00fd n\u00e1boj, kter\u00fd osv\u011b\u017e\u00ed od prvn\u00edho s\u00e1\u010dku.\" \/>\n<meta property=\"og:url\" content=\"https:\/\/fedrs.eu\/cs\/shop\/fedrs-ice-cool-hard-bubble-gum-copy\/\" \/>\n<meta property=\"og:site_name\" content=\"fedrs.eu\" \/>\n<meta property=\"article:modified_time\" content=\"2025-08-26T14:49:53+00:00\" \/>\n<meta property=\"og:image\" content=\"https:\/\/fedrs.eu\/wp-content\/uploads\/2025\/04\/lime_hard_005-1.png\" \/>\n\t<meta property=\"og:image:width\" content=\"900\" \/>\n\t<meta property=\"og:image:height\" content=\"900\" \/>\n\t<meta property=\"og:image:type\" content=\"image\/png\" \/>\n<meta name=\"twitter:card\" content=\"summary_large_image\" \/>\n<meta name=\"twitter:label1\" content=\"Dostupnost\" \/>\n\t<meta name=\"twitter:data1\" content=\"Skladem\" \/>\n<script type=\"application\/ld+json\" class=\"yoast-schema-graph\">{\"@context\":\"https:\\\/\\\/schema.org\",\"@graph\":[{\"@type\":\"WebPage\",\"@id\":\"https:\\\/\\\/fedrs.eu\\\/cs\\\/shop\\\/fedrs-ice-cool-hard-bubble-gum-copy\\\/\",\"url\":\"https:\\\/\\\/fedrs.eu\\\/cs\\\/shop\\\/fedrs-ice-cool-hard-bubble-gum-copy\\\/\",\"name\":\"FEDRS Ice Cool Hard Lime - citrusov\u00fd n\u00e1boj a 65 mg nikotinu\",\"isPartOf\":{\"@id\":\"https:\\\/\\\/fedrs.eu\\\/cs\\\/#website\"},\"datePublished\":\"2025-04-23T10:37:57+00:00\",\"dateModified\":\"2025-08-26T14:49:53+00:00\",\"description\":\"Vyzkou\u0161ejte v\u00fdraznou citrusovou chu\u0165 FEDRS Ice Cool Hard Lime! Vychutnejte si mimo\u0159\u00e1dn\u011b siln\u00fd nikotinov\u00fd n\u00e1boj, kter\u00fd osv\u011b\u017e\u00ed od prvn\u00edho s\u00e1\u010dku.\",\"breadcrumb\":{\"@id\":\"https:\\\/\\\/fedrs.eu\\\/cs\\\/shop\\\/fedrs-ice-cool-hard-bubble-gum-copy\\\/#breadcrumb\"},\"inLanguage\":\"cs\",\"potentialAction\":[{\"@type\":\"ReadAction\",\"target\":[\"https:\\\/\\\/fedrs.eu\\\/cs\\\/shop\\\/fedrs-ice-cool-hard-bubble-gum-copy\\\/\"]}]},{\"@type\":\"BreadcrumbList\",\"@id\":\"https:\\\/\\\/fedrs.eu\\\/cs\\\/shop\\\/fedrs-ice-cool-hard-bubble-gum-copy\\\/#breadcrumb\",\"itemListElement\":[{\"@type\":\"ListItem\",\"position\":1,\"name\":\"Home\",\"item\":\"https:\\\/\\\/fedrs.eu\\\/cs\\\/\"},{\"@type\":\"ListItem\",\"position\":2,\"name\":\"Obchod\",\"item\":\"https:\\\/\\\/fedrs.eu\\\/cs\\\/shop\\\/\"},{\"@type\":\"ListItem\",\"position\":3,\"name\":\"FEDRS Ice Cool Hard Lime\"}]},{\"@type\":\"WebSite\",\"@id\":\"https:\\\/\\\/fedrs.eu\\\/cs\\\/#website\",\"url\":\"https:\\\/\\\/fedrs.eu\\\/cs\\\/\",\"name\":\"fedrs.eu\",\"description\":\"\",\"publisher\":{\"@id\":\"https:\\\/\\\/fedrs.eu\\\/cs\\\/#organization\"},\"potentialAction\":[{\"@type\":\"SearchAction\",\"target\":{\"@type\":\"EntryPoint\",\"urlTemplate\":\"https:\\\/\\\/fedrs.eu\\\/cs\\\/?s={search_term_string}\"},\"query-input\":{\"@type\":\"PropertyValueSpecification\",\"valueRequired\":true,\"valueName\":\"search_term_string\"}}],\"inLanguage\":\"cs\"},{\"@type\":\"Organization\",\"@id\":\"https:\\\/\\\/fedrs.eu\\\/cs\\\/#organization\",\"name\":\"Fedrs sp.z o.o\",\"url\":\"https:\\\/\\\/fedrs.eu\\\/cs\\\/\",\"logo\":{\"@type\":\"ImageObject\",\"inLanguage\":\"cs\",\"@id\":\"https:\\\/\\\/fedrs.eu\\\/cs\\\/#\\\/schema\\\/logo\\\/image\\\/\",\"url\":\"https:\\\/\\\/fedrs.eu\\\/wp-content\\\/uploads\\\/2024\\\/12\\\/image-52.png\",\"contentUrl\":\"https:\\\/\\\/fedrs.eu\\\/wp-content\\\/uploads\\\/2024\\\/12\\\/image-52.png\",\"width\":97,\"height\":30,\"caption\":\"Fedrs sp.z o.o\"},\"image\":{\"@id\":\"https:\\\/\\\/fedrs.eu\\\/cs\\\/#\\\/schema\\\/logo\\\/image\\\/\"},\"publishingPrinciples\":\"https:\\\/\\\/fedrs.eu\\\/terms-and-conditions\\\/\"}]}<\/script>\n<meta property=\"product:brand\" content=\"FEDRS Ice Cool Hard\" \/>\n<meta property=\"og:availability\" content=\"instock\" \/>\n<meta property=\"product:availability\" content=\"instock\" \/>\n<meta property=\"product:condition\" content=\"new\" \/>\n<!-- \/ Yoast SEO Premium plugin. -->","yoast_head_json":{"title":"FEDRS Ice Cool Hard Lime - citrusov\u00fd n\u00e1boj a 65 mg nikotinu","description":"Vyzkou\u0161ejte v\u00fdraznou citrusovou chu\u0165 FEDRS Ice Cool Hard Lime! Vychutnejte si mimo\u0159\u00e1dn\u011b siln\u00fd nikotinov\u00fd n\u00e1boj, kter\u00fd osv\u011b\u017e\u00ed od prvn\u00edho s\u00e1\u010dku.","robots":{"index":"index","follow":"follow","max-snippet":"max-snippet:-1","max-image-preview":"max-image-preview:large","max-video-preview":"max-video-preview:-1"},"canonical":"https:\/\/fedrs.eu\/cs\/shop\/fedrs-ice-cool-hard-bubble-gum-copy\/","og_locale":"cs_CZ","og_type":"article","og_title":"FEDRS Ice Cool Hard Lime","og_description":"Vyzkou\u0161ejte v\u00fdraznou citrusovou chu\u0165 FEDRS Ice Cool Hard Lime! Vychutnejte si mimo\u0159\u00e1dn\u011b siln\u00fd nikotinov\u00fd n\u00e1boj, kter\u00fd osv\u011b\u017e\u00ed od prvn\u00edho s\u00e1\u010dku.","og_url":"https:\/\/fedrs.eu\/cs\/shop\/fedrs-ice-cool-hard-bubble-gum-copy\/","og_site_name":"fedrs.eu","article_modified_time":"2025-08-26T14:49:53+00:00","og_image":[{"width":900,"height":900,"url":"https:\/\/fedrs.eu\/wp-content\/uploads\/2025\/04\/lime_hard_005-1.png","type":"image\/png"}],"twitter_card":"summary_large_image","twitter_misc":{"Dostupnost":"Skladem"},"schema":{"@context":"https:\/\/schema.org","@graph":[{"@type":"WebPage","@id":"https:\/\/fedrs.eu\/cs\/shop\/fedrs-ice-cool-hard-bubble-gum-copy\/","url":"https:\/\/fedrs.eu\/cs\/shop\/fedrs-ice-cool-hard-bubble-gum-copy\/","name":"FEDRS Ice Cool Hard Lime - citrusov\u00fd n\u00e1boj a 65 mg nikotinu","isPartOf":{"@id":"https:\/\/fedrs.eu\/cs\/#website"},"datePublished":"2025-04-23T10:37:57+00:00","dateModified":"2025-08-26T14:49:53+00:00","description":"Vyzkou\u0161ejte v\u00fdraznou citrusovou chu\u0165 FEDRS Ice Cool Hard Lime! Vychutnejte si mimo\u0159\u00e1dn\u011b siln\u00fd nikotinov\u00fd n\u00e1boj, kter\u00fd osv\u011b\u017e\u00ed od prvn\u00edho s\u00e1\u010dku.","breadcrumb":{"@id":"https:\/\/fedrs.eu\/cs\/shop\/fedrs-ice-cool-hard-bubble-gum-copy\/#breadcrumb"},"inLanguage":"cs","potentialAction":[{"@type":"ReadAction","target":["https:\/\/fedrs.eu\/cs\/shop\/fedrs-ice-cool-hard-bubble-gum-copy\/"]}]},{"@type":"BreadcrumbList","@id":"https:\/\/fedrs.eu\/cs\/shop\/fedrs-ice-cool-hard-bubble-gum-copy\/#breadcrumb","itemListElement":[{"@type":"ListItem","position":1,"name":"Home","item":"https:\/\/fedrs.eu\/cs\/"},{"@type":"ListItem","position":2,"name":"Obchod","item":"https:\/\/fedrs.eu\/cs\/shop\/"},{"@type":"ListItem","position":3,"name":"FEDRS Ice Cool Hard Lime"}]},{"@type":"WebSite","@id":"https:\/\/fedrs.eu\/cs\/#website","url":"https:\/\/fedrs.eu\/cs\/","name":"fedrs.eu","description":"","publisher":{"@id":"https:\/\/fedrs.eu\/cs\/#organization"},"potentialAction":[{"@type":"SearchAction","target":{"@type":"EntryPoint","urlTemplate":"https:\/\/fedrs.eu\/cs\/?s={search_term_string}"},"query-input":{"@type":"PropertyValueSpecification","valueRequired":true,"valueName":"search_term_string"}}],"inLanguage":"cs"},{"@type":"Organization","@id":"https:\/\/fedrs.eu\/cs\/#organization","name":"Fedrs sp.z o.o","url":"https:\/\/fedrs.eu\/cs\/","logo":{"@type":"ImageObject","inLanguage":"cs","@id":"https:\/\/fedrs.eu\/cs\/#\/schema\/logo\/image\/","url":"https:\/\/fedrs.eu\/wp-content\/uploads\/2024\/12\/image-52.png","contentUrl":"https:\/\/fedrs.eu\/wp-content\/uploads\/2024\/12\/image-52.png","width":97,"height":30,"caption":"Fedrs sp.z o.o"},"image":{"@id":"https:\/\/fedrs.eu\/cs\/#\/schema\/logo\/image\/"},"publishingPrinciples":"https:\/\/fedrs.eu\/terms-and-conditions\/"}]},"product_brand":"FEDRS Ice Cool Hard","og_availability":"instock","product_availability":"instock","product_condition":"new"},"_links":{"self":[{"href":"https:\/\/fedrs.eu\/cs\/wp-json\/wp\/v2\/product\/19708","targetHints":{"allow":["GET"]}}],"collection":[{"href":"https:\/\/fedrs.eu\/cs\/wp-json\/wp\/v2\/product"}],"about":[{"href":"https:\/\/fedrs.eu\/cs\/wp-json\/wp\/v2\/types\/product"}],"replies":[{"embeddable":true,"href":"https:\/\/fedrs.eu\/cs\/wp-json\/wp\/v2\/comments?post=19708"}],"wp:attachment":[{"href":"https:\/\/fedrs.eu\/cs\/wp-json\/wp\/v2\/media?parent=19708"}],"wp:term":[{"taxonomy":"product_brand","embeddable":true,"href":"https:\/\/fedrs.eu\/cs\/wp-json\/wp\/v2\/product_brand?post=19708"},{"taxonomy":"product_cat","embeddable":true,"href":"https:\/\/fedrs.eu\/cs\/wp-json\/wp\/v2\/product_cat?post=19708"},{"taxonomy":"product_tag","embeddable":true,"href":"https:\/\/fedrs.eu\/cs\/wp-json\/wp\/v2\/product_tag?post=19708"}],"curies":[{"name":"wp","href":"https:\/\/api.w.org\/{rel}","templated":true}]}}