{"id":19677,"date":"2025-04-23T09:49:01","date_gmt":"2025-04-23T07:49:01","guid":{"rendered":"https:\/\/fedrs.eu\/?post_type=product&#038;p=19677"},"modified":"2025-08-26T16:49:58","modified_gmt":"2025-08-26T14:49:58","slug":"fedrs-ice-cool-hard-raspberry-copy","status":"publish","type":"product","link":"https:\/\/fedrs.eu\/cs\/shop\/fedrs-ice-cool-hard-raspberry-copy\/","title":{"rendered":"FEDRS Ice Cool Hard Bubble Gum"},"content":{"rendered":"<p data-start=\"168\" data-end=\"219\"><strong data-start=\"171\" data-end=\"219\">Odv\u00e1\u017en\u00e1 chu\u0165. Intenzivn\u00ed kopanec. Maxim\u00e1ln\u00ed ochlazen\u00ed.  <\/strong><\/p>\n<p data-start=\"221\" data-end=\"475\">Pono\u0159te se do nostalgick\u00e9 chuti sladk\u00e9 \u017ev\u00fdka\u010dky, kterou poh\u00e1n\u00ed ultra siln\u00fd nikotinov\u00fd z\u00e1sah!<br data-start=\"312\" data-end=\"315\"> FEDRS<strong data-start=\"315\" data-end=\"349\">Ice Cool Hard Bubble Gum<\/strong> je v\u00fdbu\u0161n\u00e1 kombinace \u017eiv\u00e9 \u017ev\u00fdka\u010dkov\u00e9 chuti a ledov\u00e9 sv\u011b\u017eesti, kter\u00e1 v\u00e1s chytne od prvn\u00ed vte\u0159iny - a u\u017e nepust\u00ed.<\/p>\n<p data-start=\"705\" data-end=\"832\">Ide\u00e1ln\u00ed pro ty, kte\u0159\u00ed tou\u017e\u00ed po maxim\u00e1ln\u00ed s\u00edle a bohat\u00e9 chuti.<\/p>\n","protected":false},"excerpt":{"rendered":"<p>Odv\u00e1\u017en\u00e1 chu\u0165. Intenzivn\u00ed kopanec. Maxim\u00e1ln\u00ed ochlazen\u00ed. Pono\u0159te se do nostalgick\u00e9 chuti sladk\u00e9 \u017ev\u00fdka\u010dky, kterou poh\u00e1n\u00ed ultra siln\u00fd nikotinov\u00fd z\u00e1sah! FEDRSIce Cool Hard Bubble Gum je v\u00fdbu\u0161n\u00e1<span class=\"excerpt-hellip\"> [\u2026]<\/span><\/p>\n","protected":false},"featured_media":0,"comment_status":"open","ping_status":"closed","template":"","meta":{"googlesitekit_rrm_CAowmrG7DA:productID":""},"product_brand":[],"product_cat":[543,568,817,605,559],"product_tag":[],"class_list":{"0":"post-19677","1":"product","2":"type-product","3":"status-publish","5":"product_cat-65-mg-g-cs","6":"product_cat-fedrs-ice-cool-hard-cs","7":"product_cat-nikotinove-sacky","8":"product_cat-novinka","9":"product_cat-ovoce-cs","11":"first","12":"instock","13":"taxable","14":"shipping-taxable","15":"product-type-variable","16":"has-default-attributes"},"yoast_head":"<!-- This site is optimized with the Yoast SEO Premium plugin v26.5 (Yoast SEO v27.3) - https:\/\/yoast.com\/product\/yoast-seo-premium-wordpress\/ -->\n<title>FEDRS Ice Cool Hard Bubble Gum<\/title>\n<meta name=\"description\" content=\"Vyzkou\u0161ejte chu\u0165 \u017ev\u00fdka\u010dek FEDRS Ice Cool Hard Bubble Gum s intenzivn\u00edm n\u00e1dechem a ledovou sv\u011b\u017eest\u00ed. Dop\u0159ejte si tuto nostalgickou pochoutku je\u0161t\u011b dnes!\" \/>\n<meta name=\"robots\" content=\"index, follow, max-snippet:-1, max-image-preview:large, max-video-preview:-1\" \/>\n<link rel=\"canonical\" href=\"https:\/\/fedrs.eu\/cs\/shop\/fedrs-ice-cool-hard-raspberry-copy\/\" \/>\n<meta property=\"og:locale\" content=\"cs_CZ\" \/>\n<meta property=\"og:type\" content=\"article\" \/>\n<meta property=\"og:title\" content=\"FEDRS Ice Cool Hard Bubble Gum\" \/>\n<meta property=\"og:description\" content=\"Vyzkou\u0161ejte chu\u0165 \u017ev\u00fdka\u010dek FEDRS Ice Cool Hard Bubble Gum s intenzivn\u00edm n\u00e1dechem a ledovou sv\u011b\u017eest\u00ed. Dop\u0159ejte si tuto nostalgickou pochoutku je\u0161t\u011b dnes!\" \/>\n<meta property=\"og:url\" content=\"https:\/\/fedrs.eu\/cs\/shop\/fedrs-ice-cool-hard-raspberry-copy\/\" \/>\n<meta property=\"og:site_name\" content=\"fedrs.eu\" \/>\n<meta property=\"article:modified_time\" content=\"2025-08-26T14:49:58+00:00\" \/>\n<meta property=\"og:image\" content=\"https:\/\/fedrs.eu\/wp-content\/uploads\/2025\/04\/Bubble_gum_hard005.png\" \/>\n\t<meta property=\"og:image:width\" content=\"1000\" \/>\n\t<meta property=\"og:image:height\" content=\"1000\" \/>\n\t<meta property=\"og:image:type\" content=\"image\/png\" \/>\n<meta name=\"twitter:card\" content=\"summary_large_image\" \/>\n<meta name=\"twitter:label1\" content=\"Dostupnost\" \/>\n\t<meta name=\"twitter:data1\" content=\"Skladem\" \/>\n<script type=\"application\/ld+json\" class=\"yoast-schema-graph\">{\"@context\":\"https:\\\/\\\/schema.org\",\"@graph\":[{\"@type\":\"WebPage\",\"@id\":\"https:\\\/\\\/fedrs.eu\\\/cs\\\/shop\\\/fedrs-ice-cool-hard-raspberry-copy\\\/\",\"url\":\"https:\\\/\\\/fedrs.eu\\\/cs\\\/shop\\\/fedrs-ice-cool-hard-raspberry-copy\\\/\",\"name\":\"FEDRS Ice Cool Hard Bubble Gum\",\"isPartOf\":{\"@id\":\"https:\\\/\\\/fedrs.eu\\\/cs\\\/#website\"},\"datePublished\":\"2025-04-23T07:49:01+00:00\",\"dateModified\":\"2025-08-26T14:49:58+00:00\",\"description\":\"Vyzkou\u0161ejte chu\u0165 \u017ev\u00fdka\u010dek FEDRS Ice Cool Hard Bubble Gum s intenzivn\u00edm n\u00e1dechem a ledovou sv\u011b\u017eest\u00ed. Dop\u0159ejte si tuto nostalgickou pochoutku je\u0161t\u011b dnes!\",\"breadcrumb\":{\"@id\":\"https:\\\/\\\/fedrs.eu\\\/cs\\\/shop\\\/fedrs-ice-cool-hard-raspberry-copy\\\/#breadcrumb\"},\"inLanguage\":\"cs\",\"potentialAction\":[{\"@type\":\"ReadAction\",\"target\":[\"https:\\\/\\\/fedrs.eu\\\/cs\\\/shop\\\/fedrs-ice-cool-hard-raspberry-copy\\\/\"]}]},{\"@type\":\"BreadcrumbList\",\"@id\":\"https:\\\/\\\/fedrs.eu\\\/cs\\\/shop\\\/fedrs-ice-cool-hard-raspberry-copy\\\/#breadcrumb\",\"itemListElement\":[{\"@type\":\"ListItem\",\"position\":1,\"name\":\"Home\",\"item\":\"https:\\\/\\\/fedrs.eu\\\/cs\\\/\"},{\"@type\":\"ListItem\",\"position\":2,\"name\":\"Obchod\",\"item\":\"https:\\\/\\\/fedrs.eu\\\/cs\\\/shop\\\/\"},{\"@type\":\"ListItem\",\"position\":3,\"name\":\"FEDRS Ice Cool Hard Bubble Gum\"}]},{\"@type\":\"WebSite\",\"@id\":\"https:\\\/\\\/fedrs.eu\\\/cs\\\/#website\",\"url\":\"https:\\\/\\\/fedrs.eu\\\/cs\\\/\",\"name\":\"fedrs.eu\",\"description\":\"\",\"publisher\":{\"@id\":\"https:\\\/\\\/fedrs.eu\\\/cs\\\/#organization\"},\"potentialAction\":[{\"@type\":\"SearchAction\",\"target\":{\"@type\":\"EntryPoint\",\"urlTemplate\":\"https:\\\/\\\/fedrs.eu\\\/cs\\\/?s={search_term_string}\"},\"query-input\":{\"@type\":\"PropertyValueSpecification\",\"valueRequired\":true,\"valueName\":\"search_term_string\"}}],\"inLanguage\":\"cs\"},{\"@type\":\"Organization\",\"@id\":\"https:\\\/\\\/fedrs.eu\\\/cs\\\/#organization\",\"name\":\"Fedrs sp.z o.o\",\"url\":\"https:\\\/\\\/fedrs.eu\\\/cs\\\/\",\"logo\":{\"@type\":\"ImageObject\",\"inLanguage\":\"cs\",\"@id\":\"https:\\\/\\\/fedrs.eu\\\/cs\\\/#\\\/schema\\\/logo\\\/image\\\/\",\"url\":\"https:\\\/\\\/fedrs.eu\\\/wp-content\\\/uploads\\\/2024\\\/12\\\/image-52.png\",\"contentUrl\":\"https:\\\/\\\/fedrs.eu\\\/wp-content\\\/uploads\\\/2024\\\/12\\\/image-52.png\",\"width\":97,\"height\":30,\"caption\":\"Fedrs sp.z o.o\"},\"image\":{\"@id\":\"https:\\\/\\\/fedrs.eu\\\/cs\\\/#\\\/schema\\\/logo\\\/image\\\/\"},\"publishingPrinciples\":\"https:\\\/\\\/fedrs.eu\\\/terms-and-conditions\\\/\"}]}<\/script>\n<meta property=\"product:brand\" content=\"FEDRS Ice Cool Hard\" \/>\n<meta property=\"og:availability\" content=\"instock\" \/>\n<meta property=\"product:availability\" content=\"instock\" \/>\n<meta property=\"product:condition\" content=\"new\" \/>\n<!-- \/ Yoast SEO Premium plugin. -->","yoast_head_json":{"title":"FEDRS Ice Cool Hard Bubble Gum","description":"Vyzkou\u0161ejte chu\u0165 \u017ev\u00fdka\u010dek FEDRS Ice Cool Hard Bubble Gum s intenzivn\u00edm n\u00e1dechem a ledovou sv\u011b\u017eest\u00ed. Dop\u0159ejte si tuto nostalgickou pochoutku je\u0161t\u011b dnes!","robots":{"index":"index","follow":"follow","max-snippet":"max-snippet:-1","max-image-preview":"max-image-preview:large","max-video-preview":"max-video-preview:-1"},"canonical":"https:\/\/fedrs.eu\/cs\/shop\/fedrs-ice-cool-hard-raspberry-copy\/","og_locale":"cs_CZ","og_type":"article","og_title":"FEDRS Ice Cool Hard Bubble Gum","og_description":"Vyzkou\u0161ejte chu\u0165 \u017ev\u00fdka\u010dek FEDRS Ice Cool Hard Bubble Gum s intenzivn\u00edm n\u00e1dechem a ledovou sv\u011b\u017eest\u00ed. Dop\u0159ejte si tuto nostalgickou pochoutku je\u0161t\u011b dnes!","og_url":"https:\/\/fedrs.eu\/cs\/shop\/fedrs-ice-cool-hard-raspberry-copy\/","og_site_name":"fedrs.eu","article_modified_time":"2025-08-26T14:49:58+00:00","og_image":[{"width":1000,"height":1000,"url":"https:\/\/fedrs.eu\/wp-content\/uploads\/2025\/04\/Bubble_gum_hard005.png","type":"image\/png"}],"twitter_card":"summary_large_image","twitter_misc":{"Dostupnost":"Skladem"},"schema":{"@context":"https:\/\/schema.org","@graph":[{"@type":"WebPage","@id":"https:\/\/fedrs.eu\/cs\/shop\/fedrs-ice-cool-hard-raspberry-copy\/","url":"https:\/\/fedrs.eu\/cs\/shop\/fedrs-ice-cool-hard-raspberry-copy\/","name":"FEDRS Ice Cool Hard Bubble Gum","isPartOf":{"@id":"https:\/\/fedrs.eu\/cs\/#website"},"datePublished":"2025-04-23T07:49:01+00:00","dateModified":"2025-08-26T14:49:58+00:00","description":"Vyzkou\u0161ejte chu\u0165 \u017ev\u00fdka\u010dek FEDRS Ice Cool Hard Bubble Gum s intenzivn\u00edm n\u00e1dechem a ledovou sv\u011b\u017eest\u00ed. Dop\u0159ejte si tuto nostalgickou pochoutku je\u0161t\u011b dnes!","breadcrumb":{"@id":"https:\/\/fedrs.eu\/cs\/shop\/fedrs-ice-cool-hard-raspberry-copy\/#breadcrumb"},"inLanguage":"cs","potentialAction":[{"@type":"ReadAction","target":["https:\/\/fedrs.eu\/cs\/shop\/fedrs-ice-cool-hard-raspberry-copy\/"]}]},{"@type":"BreadcrumbList","@id":"https:\/\/fedrs.eu\/cs\/shop\/fedrs-ice-cool-hard-raspberry-copy\/#breadcrumb","itemListElement":[{"@type":"ListItem","position":1,"name":"Home","item":"https:\/\/fedrs.eu\/cs\/"},{"@type":"ListItem","position":2,"name":"Obchod","item":"https:\/\/fedrs.eu\/cs\/shop\/"},{"@type":"ListItem","position":3,"name":"FEDRS Ice Cool Hard Bubble Gum"}]},{"@type":"WebSite","@id":"https:\/\/fedrs.eu\/cs\/#website","url":"https:\/\/fedrs.eu\/cs\/","name":"fedrs.eu","description":"","publisher":{"@id":"https:\/\/fedrs.eu\/cs\/#organization"},"potentialAction":[{"@type":"SearchAction","target":{"@type":"EntryPoint","urlTemplate":"https:\/\/fedrs.eu\/cs\/?s={search_term_string}"},"query-input":{"@type":"PropertyValueSpecification","valueRequired":true,"valueName":"search_term_string"}}],"inLanguage":"cs"},{"@type":"Organization","@id":"https:\/\/fedrs.eu\/cs\/#organization","name":"Fedrs sp.z o.o","url":"https:\/\/fedrs.eu\/cs\/","logo":{"@type":"ImageObject","inLanguage":"cs","@id":"https:\/\/fedrs.eu\/cs\/#\/schema\/logo\/image\/","url":"https:\/\/fedrs.eu\/wp-content\/uploads\/2024\/12\/image-52.png","contentUrl":"https:\/\/fedrs.eu\/wp-content\/uploads\/2024\/12\/image-52.png","width":97,"height":30,"caption":"Fedrs sp.z o.o"},"image":{"@id":"https:\/\/fedrs.eu\/cs\/#\/schema\/logo\/image\/"},"publishingPrinciples":"https:\/\/fedrs.eu\/terms-and-conditions\/"}]},"product_brand":"FEDRS Ice Cool Hard","og_availability":"instock","product_availability":"instock","product_condition":"new"},"_links":{"self":[{"href":"https:\/\/fedrs.eu\/cs\/wp-json\/wp\/v2\/product\/19677","targetHints":{"allow":["GET"]}}],"collection":[{"href":"https:\/\/fedrs.eu\/cs\/wp-json\/wp\/v2\/product"}],"about":[{"href":"https:\/\/fedrs.eu\/cs\/wp-json\/wp\/v2\/types\/product"}],"replies":[{"embeddable":true,"href":"https:\/\/fedrs.eu\/cs\/wp-json\/wp\/v2\/comments?post=19677"}],"wp:attachment":[{"href":"https:\/\/fedrs.eu\/cs\/wp-json\/wp\/v2\/media?parent=19677"}],"wp:term":[{"taxonomy":"product_brand","embeddable":true,"href":"https:\/\/fedrs.eu\/cs\/wp-json\/wp\/v2\/product_brand?post=19677"},{"taxonomy":"product_cat","embeddable":true,"href":"https:\/\/fedrs.eu\/cs\/wp-json\/wp\/v2\/product_cat?post=19677"},{"taxonomy":"product_tag","embeddable":true,"href":"https:\/\/fedrs.eu\/cs\/wp-json\/wp\/v2\/product_tag?post=19677"}],"curies":[{"name":"wp","href":"https:\/\/api.w.org\/{rel}","templated":true}]}}